{"id":1329,"date":"2023-10-10T18:46:56","date_gmt":"2023-10-10T16:46:56","guid":{"rendered":"https:\/\/www.fleximat.es\/?page_id=1329"},"modified":"2023-11-23T10:53:28","modified_gmt":"2023-11-23T09:53:28","slug":"politica-de-privacidad","status":"publish","type":"page","link":"https:\/\/www.fleximat.es\/gl\/politica-de-privacidad\/","title":{"rendered":"Pol\u00edtica de Privacidade"},"content":{"rendered":"<p>A confidencialidade e a seguridade son valores primarios de FLEXIMAT SL e, en consecuencia, asumimos o compromiso de garantir a privacidade do Usuario en todo momento e de non recoller informaci\u00f3n innecesaria. A continuaci\u00f3n, proporcion\u00e1mosche toda a informaci\u00f3n necesaria sobre a nosa Pol\u00edtica de privacidade en relaci\u00f3n cos datos persoais que recompilamos, explicando:<\/p>\n\n\n\n<ul class=\"wp-block-list\">\n<li>Quen \u00e9 o responsable do tratamento dos seus datos.<\/li>\n\n\n\n<li>Para que fins recollemos os datos que solicitamos.<\/li>\n\n\n\n<li>Cal \u00e9 a lexitimidade do seu tratamento.<\/li>\n\n\n\n<li>Canto tempo os conservamos?<\/li>\n\n\n\n<li>A que destinatarios se lles comunican os seus datos.<\/li>\n\n\n\n<li>Cales son os teus dereitos?<\/li>\n<\/ul>\n\n\n\n<p><strong>1. Responsable<\/strong><strong>:<\/strong><\/p>\n\n\n\n<p>FLEXIMAT SL (B61575379)<\/p>\n\n\n\n<ul class=\"wp-block-list\">\n<li>C\/ Marcel.li Massana, 20, 08206. Sabadell (Barcelona, ESPA\u00d1A)<\/li>\n\n\n\n<li>correo electr\u00f3nico:&nbsp;<a href=\"mailto:comercial@fleximat.es\">comercial@fleximat.es<\/a><\/li>\n<\/ul>\n\n\n\n<p><strong>2. Finalidades, lexitimidade e conservaci\u00f3n do tratamento dos datos remitidos<\/strong><strong>:<\/strong><\/p>\n\n\n\n<ul class=\"wp-block-list\">\n<li>FORMULARIO DE CONTACTO.<br>Finalidade: Proporcionarlle un medio para que poida contactar connosco e responder \u00e1s s\u00faas solicitudes de informaci\u00f3n, as\u00ed como enviarlle comunicaci\u00f3ns sobre os nosos produtos, servizos e actividades, incluso por medios electr\u00f3nicos (correo electr\u00f3nico, SMS, WhatsApp), se verifica a caixa.aceptaci\u00f3n.<br>Lexitimaci\u00f3n: consentimento do usuario ao solicitarnos informaci\u00f3n a trav\u00e9s do noso formulario de contacto e marcando a caixa de aceptaci\u00f3n do env\u00edo de informaci\u00f3n.<br>Conservaci\u00f3n: Unha vez enviada a s\u00faa solicitude a trav\u00e9s do noso formulario ou contestada por correo electr\u00f3nico, se non xerou un novo tratamento, e se aceptou recibir env\u00edos comerciais, ata que solicite a s\u00faa cancelaci\u00f3n.<\/li>\n<\/ul>\n\n\n\n<ul class=\"wp-block-list\">\n<li>ENVIO DE CORREO ELECTR\u00d3NICO.<br>Finalidade: Responder \u00e1s s\u00faas solicitudes de informaci\u00f3n, responder \u00e1s s\u00faas solicitudes e responder \u00e1s s\u00faas d\u00fabidas ou d\u00fabidas.<br>Lexitimaci\u00f3n: consentimento do usuario ao solicitarnos informaci\u00f3n a trav\u00e9s do enderezo de correo electr\u00f3nico.<br>Conservaci\u00f3n: Unha vez atendida a s\u00faa solicitude por correo electr\u00f3nico, se non xerou un novo tratamento.<\/li>\n<\/ul>\n\n\n\n<ul class=\"wp-block-list\">\n<li>ENVIO DO CURRICULUM VITAE POR CORREO ELECTR\u00d3NICO<br>Finalidade: Ter o teu curr\u00edculo para participar nos nosos procesos de selecci\u00f3n de persoal.<br>Lexitimaci\u00f3n: consentimento do usuario ao enviarnos a s\u00faa informaci\u00f3n persoal e curr\u00edculo para os nosos procesos de selecci\u00f3n de persoal.<br>Conservaci\u00f3n: Durante o desenvolvemento dos procesos abertos de selecci\u00f3n de persoal e durante 1 ano para procesos futuros.<\/li>\n<\/ul>\n\n\n\n<p><strong>3. Destinatarios dos seus datos<\/strong><\/p>\n\n\n\n<p>Os teus datos son confidenciais e non ser\u00e1n cedidos a terceiros, salvo que exista unha obriga legal.<\/p>\n\n\n\n<p><strong>4. Dereitos en relaci\u00f3n cos seus datos persoais<\/strong><\/p>\n\n\n\n<p>Calquera persoa poder\u00e1 retirar o seu consentimento en calquera momento, cando este fose concedido para o tratamento dos seus datos. En ning\u00fan caso a retirada deste consentimento condiciona a execuci\u00f3n do contrato de subscrici\u00f3n ou as relaci\u00f3ns xeradas con anterioridade.<\/p>\n\n\n\n<p>As\u00ed mesmo, pode exercer os seguintes dereitos:<\/p>\n\n\n\n<ul class=\"wp-block-list\">\n<li>Solicitar o acceso aos seus datos persoais ou a s\u00faa rectificaci\u00f3n cando sexan inexactos.<\/li>\n\n\n\n<li>Solicitar a s\u00faa supresi\u00f3n cando, entre outros motivos, os datos xa non sexan necesarios para os fins para os que foron recollidos.<\/li>\n\n\n\n<li>Solicita a limitaci\u00f3n do teu tratamento en determinadas circunstancias.<\/li>\n\n\n\n<li>Solicitar oposici\u00f3n ao tratamento dos seus datos por motivos relacionados coa s\u00faa situaci\u00f3n particular.<\/li>\n\n\n\n<li>Solicitar a portabilidade dos datos nos casos previstos regulamentariamente.<\/li>\n\n\n\n<li>Outros dereitos reco\u00f1ecidos na normativa aplicable.<\/li>\n<\/ul>\n\n\n\n<p>Onde e como solicitar os seus Dereitos: Mediante un escrito dirixido ao responsable no seu enderezo postal ou electr\u00f3nico (indicado no apartado A), indicando a referencia \u201cDatos Persoais\u201d, especificando o dereito que quere exercer e respecto de que datos persoais. .<\/p>\n\n\n\n<p>En caso de desacordo coa empresa sobre o tratamento dos seus datos, pode presentar unha reclamaci\u00f3n ante a Autoridade de Protecci\u00f3n de Datos (<a href=\"http:\/\/www.agpd.es\/\">www.agpd.es<\/a>).<\/p>\n\n\n\n<p><strong>5. Cookies<\/strong><\/p>\n\n\n\n<p>Este sitio web s\u00f3 utiliza cookies t\u00e9cnicas, de personalizaci\u00f3n e an\u00e1lise, propias e de terceiros (Google Analytics), que en ning\u00fan caso tratan datos persoais nin captan h\u00e1bitos de navegaci\u00f3n con fins publicitarios.<\/p>\n\n\n\n<p>Polo tanto, ao acceder ao noso sitio web, en cumprimento do artigo 22 da Lei de Servizos da Sociedade da Informaci\u00f3n, ao tratar as cookies de an\u00e1lise, solicitamos o seu consentimento para o seu uso e facilitamos informaci\u00f3n sobre as mesmas, que en todo caso, ser\u00e1n instaladas despois de un per\u00edodo de tempo razoable para que o usuario te\u00f1a tempo para decidir se presta ou non o seu consentimento.<\/p>\n\n\n\n<p><strong>6. Seguridade dos seus datos persoais<\/strong><\/p>\n\n\n\n<p>Co fin de salvagardar a seguridade dos seus datos persoais, inform\u00e1moslle de que adoptamos todas as medidas t\u00e9cnicas e organizativas necesarias para garantir a seguridade dos datos persoais facilitados fronte \u00e1 alteraci\u00f3n, perda e tratamento ou acceso non autorizados.<\/p>\n\n\n\n<p><strong>7. Actualizaci\u00f3n dos teus datos<\/strong><\/p>\n\n\n\n<p>\u00c9 importante que para que poidamos manter os seus datos persoais actualizados, sempre nos informe de que se produciu algunha modificaci\u00f3n nos mesmos, en caso contrario, non nos responsabilizamos da s\u00faa veracidade.<\/p>\n\n\n\n<p>Non somos responsables da pol\u00edtica de privacidade dos datos persoais que pode proporcionar a terceiros a trav\u00e9s das ligaz\u00f3ns dispo\u00f1ibles no noso sitio web.<\/p>\n\n\n\n<p>Esta Pol\u00edtica de Privacidade poder\u00e1 ser modificada para adaptala \u00e1s modificaci\u00f3ns que se produzan na nosa web, as\u00ed como \u00e1s modificaci\u00f3ns lexislativas ou xurisprudenciais sobre datos persoais que poidan aparecer, polo que obriga a s\u00faa lectura cada vez que nos facilite os seus datos a trav\u00e9s desta web. .<\/p>","protected":false},"excerpt":{"rendered":"<p>La confidencialidad y la seguridad son valores primordiales de FLEXIMAT SL y, en consecuencia, asumimos el compromiso de garantizar la privacidad del Usuario en todo momento y de no recabar informaci\u00f3n innecesaria. A continuaci\u00f3n, le proporcionamos toda la informaci\u00f3n necesaria sobre nuestra Pol\u00edtica de Privacidad en relaci\u00f3n con los datos personales que recabamos, explic\u00e1ndole: 1&#8230;.<\/p>","protected":false},"author":1,"featured_media":0,"parent":0,"menu_order":16,"comment_status":"closed","ping_status":"closed","template":"","meta":{"_kad_blocks_custom_css":"","_kad_blocks_head_custom_js":"","_kad_blocks_body_custom_js":"","_kad_blocks_footer_custom_js":"","_kadence_starter_templates_imported_post":false,"_kad_post_transparent":"","_kad_post_title":"","_kad_post_layout":"","_kad_post_sidebar_id":"","_kad_post_content_style":"","_kad_post_vertical_padding":"","_kad_post_feature":"","_kad_post_feature_position":"","_kad_post_header":false,"_kad_post_footer":false,"footnotes":""},"class_list":["post-1329","page","type-page","status-publish","hentry"],"yoast_head":"<!-- This site is optimized with the Yoast SEO plugin v21.7 - https:\/\/yoast.com\/wordpress\/plugins\/seo\/ -->\n<title>Pol\u00edtica de privacidad - Fleximat<\/title>\n<meta name=\"robots\" content=\"index, follow, max-snippet:-1, max-image-preview:large, max-video-preview:-1\" \/>\n<link rel=\"canonical\" href=\"https:\/\/www.fleximat.es\/gl\/politica-de-privacidad\/\" \/>\n<meta property=\"og:locale\" content=\"gl_ES\" \/>\n<meta property=\"og:type\" content=\"article\" \/>\n<meta property=\"og:title\" content=\"Pol\u00edtica de privacidad - Fleximat\" \/>\n<meta property=\"og:description\" content=\"La confidencialidad y la seguridad son valores primordiales de FLEXIMAT SL y, en consecuencia, asumimos el compromiso de garantizar la privacidad del Usuario en todo momento y de no recabar informaci\u00f3n innecesaria. A continuaci\u00f3n, le proporcionamos toda la informaci\u00f3n necesaria sobre nuestra Pol\u00edtica de Privacidad en relaci\u00f3n con los datos personales que recabamos, explic\u00e1ndole: 1....\" \/>\n<meta property=\"og:url\" content=\"https:\/\/www.fleximat.es\/gl\/politica-de-privacidad\/\" \/>\n<meta property=\"og:site_name\" content=\"Fleximat\" \/>\n<meta property=\"article:modified_time\" content=\"2023-11-23T09:53:28+00:00\" \/>\n<meta name=\"twitter:card\" content=\"summary_large_image\" \/>\n<meta name=\"twitter:label1\" content=\"Tempo de lectura\" \/>\n\t<meta name=\"twitter:data1\" content=\"5 minutos\" \/>\n<script type=\"application\/ld+json\" class=\"yoast-schema-graph\">{\"@context\":\"https:\/\/schema.org\",\"@graph\":[{\"@type\":\"WebPage\",\"@id\":\"https:\/\/www.fleximat.es\/politica-de-privacidad\/\",\"url\":\"https:\/\/www.fleximat.es\/politica-de-privacidad\/\",\"name\":\"Pol\u00edtica de privacidad - Fleximat\",\"isPartOf\":{\"@id\":\"https:\/\/www.fleximat.es\/bn\/#website\"},\"datePublished\":\"2023-10-10T16:46:56+00:00\",\"dateModified\":\"2023-11-23T09:53:28+00:00\",\"breadcrumb\":{\"@id\":\"https:\/\/www.fleximat.es\/politica-de-privacidad\/#breadcrumb\"},\"inLanguage\":\"gl-ES\",\"potentialAction\":[{\"@type\":\"ReadAction\",\"target\":[\"https:\/\/www.fleximat.es\/politica-de-privacidad\/\"]}]},{\"@type\":\"BreadcrumbList\",\"@id\":\"https:\/\/www.fleximat.es\/politica-de-privacidad\/#breadcrumb\",\"itemListElement\":[{\"@type\":\"ListItem\",\"position\":1,\"name\":\"Portada\",\"item\":\"https:\/\/www.fleximat.es\/\"},{\"@type\":\"ListItem\",\"position\":2,\"name\":\"Pol\u00edtica de privacidad\"}]},{\"@type\":\"WebSite\",\"@id\":\"https:\/\/www.fleximat.es\/bn\/#website\",\"url\":\"https:\/\/www.fleximat.es\/bn\/\",\"name\":\"Fleximat\",\"description\":\"Tu soluci\u00f3n en prensaestopas y tubos flexibles\",\"publisher\":{\"@id\":\"https:\/\/www.fleximat.es\/bn\/#organization\"},\"potentialAction\":[{\"@type\":\"SearchAction\",\"target\":{\"@type\":\"EntryPoint\",\"urlTemplate\":\"https:\/\/www.fleximat.es\/bn\/?s={search_term_string}\"},\"query-input\":\"required name=search_term_string\"}],\"inLanguage\":\"gl-ES\"},{\"@type\":\"Organization\",\"@id\":\"https:\/\/www.fleximat.es\/bn\/#organization\",\"name\":\"Fleximat\",\"url\":\"https:\/\/www.fleximat.es\/bn\/\",\"logo\":{\"@type\":\"ImageObject\",\"inLanguage\":\"gl-ES\",\"@id\":\"https:\/\/www.fleximat.es\/bn\/#\/schema\/logo\/image\/\",\"url\":\"https:\/\/www.fleximat.es\/wp-content\/uploads\/2023\/11\/fleximat-logo-1.png\",\"contentUrl\":\"https:\/\/www.fleximat.es\/wp-content\/uploads\/2023\/11\/fleximat-logo-1.png\",\"width\":1169,\"height\":289,\"caption\":\"Fleximat\"},\"image\":{\"@id\":\"https:\/\/www.fleximat.es\/bn\/#\/schema\/logo\/image\/\"}}]}<\/script>\n<!-- \/ Yoast SEO plugin. -->","yoast_head_json":{"title":"Pol\u00edtica de privacidad - Fleximat","robots":{"index":"index","follow":"follow","max-snippet":"max-snippet:-1","max-image-preview":"max-image-preview:large","max-video-preview":"max-video-preview:-1"},"canonical":"https:\/\/www.fleximat.es\/gl\/politica-de-privacidad\/","og_locale":"gl_ES","og_type":"article","og_title":"Pol\u00edtica de privacidad - Fleximat","og_description":"La confidencialidad y la seguridad son valores primordiales de FLEXIMAT SL y, en consecuencia, asumimos el compromiso de garantizar la privacidad del Usuario en todo momento y de no recabar informaci\u00f3n innecesaria. A continuaci\u00f3n, le proporcionamos toda la informaci\u00f3n necesaria sobre nuestra Pol\u00edtica de Privacidad en relaci\u00f3n con los datos personales que recabamos, explic\u00e1ndole: 1....","og_url":"https:\/\/www.fleximat.es\/gl\/politica-de-privacidad\/","og_site_name":"Fleximat","article_modified_time":"2023-11-23T09:53:28+00:00","twitter_card":"summary_large_image","twitter_misc":{"Tempo de lectura":"5 minutos"},"schema":{"@context":"https:\/\/schema.org","@graph":[{"@type":"WebPage","@id":"https:\/\/www.fleximat.es\/politica-de-privacidad\/","url":"https:\/\/www.fleximat.es\/politica-de-privacidad\/","name":"Pol\u00edtica de privacidad - Fleximat","isPartOf":{"@id":"https:\/\/www.fleximat.es\/bn\/#website"},"datePublished":"2023-10-10T16:46:56+00:00","dateModified":"2023-11-23T09:53:28+00:00","breadcrumb":{"@id":"https:\/\/www.fleximat.es\/politica-de-privacidad\/#breadcrumb"},"inLanguage":"gl-ES","potentialAction":[{"@type":"ReadAction","target":["https:\/\/www.fleximat.es\/politica-de-privacidad\/"]}]},{"@type":"BreadcrumbList","@id":"https:\/\/www.fleximat.es\/politica-de-privacidad\/#breadcrumb","itemListElement":[{"@type":"ListItem","position":1,"name":"Portada","item":"https:\/\/www.fleximat.es\/"},{"@type":"ListItem","position":2,"name":"Pol\u00edtica de privacidad"}]},{"@type":"WebSite","@id":"https:\/\/www.fleximat.es\/bn\/#website","url":"https:\/\/www.fleximat.es\/bn\/","name":"Fleximat","description":"Tu soluci\u00f3n en prensaestopas y tubos flexibles","publisher":{"@id":"https:\/\/www.fleximat.es\/bn\/#organization"},"potentialAction":[{"@type":"SearchAction","target":{"@type":"EntryPoint","urlTemplate":"https:\/\/www.fleximat.es\/bn\/?s={search_term_string}"},"query-input":"required name=search_term_string"}],"inLanguage":"gl-ES"},{"@type":"Organization","@id":"https:\/\/www.fleximat.es\/bn\/#organization","name":"Fleximat","url":"https:\/\/www.fleximat.es\/bn\/","logo":{"@type":"ImageObject","inLanguage":"gl-ES","@id":"https:\/\/www.fleximat.es\/bn\/#\/schema\/logo\/image\/","url":"https:\/\/www.fleximat.es\/wp-content\/uploads\/2023\/11\/fleximat-logo-1.png","contentUrl":"https:\/\/www.fleximat.es\/wp-content\/uploads\/2023\/11\/fleximat-logo-1.png","width":1169,"height":289,"caption":"Fleximat"},"image":{"@id":"https:\/\/www.fleximat.es\/bn\/#\/schema\/logo\/image\/"}}]}},"taxonomy_info":[],"featured_image_src_large":false,"author_info":{"display_name":"eloi","author_link":"https:\/\/www.fleximat.es\/gl\/author\/eloi\/"},"comment_info":0,"_links":{"self":[{"href":"https:\/\/www.fleximat.es\/gl\/wp-json\/wp\/v2\/pages\/1329"}],"collection":[{"href":"https:\/\/www.fleximat.es\/gl\/wp-json\/wp\/v2\/pages"}],"about":[{"href":"https:\/\/www.fleximat.es\/gl\/wp-json\/wp\/v2\/types\/page"}],"author":[{"embeddable":true,"href":"https:\/\/www.fleximat.es\/gl\/wp-json\/wp\/v2\/users\/1"}],"replies":[{"embeddable":true,"href":"https:\/\/www.fleximat.es\/gl\/wp-json\/wp\/v2\/comments?post=1329"}],"version-history":[{"count":0,"href":"https:\/\/www.fleximat.es\/gl\/wp-json\/wp\/v2\/pages\/1329\/revisions"}],"wp:attachment":[{"href":"https:\/\/www.fleximat.es\/gl\/wp-json\/wp\/v2\/media?parent=1329"}],"curies":[{"name":"wp","href":"https:\/\/api.w.org\/{rel}","templated":true}]}}