{"id":1331,"date":"2023-10-10T18:47:12","date_gmt":"2023-10-10T16:47:12","guid":{"rendered":"https:\/\/www.fleximat.es\/?page_id=1331"},"modified":"2024-01-24T10:27:40","modified_gmt":"2024-01-24T09:27:40","slug":"declaracion-de-accesibilidad","status":"publish","type":"page","link":"https:\/\/www.fleximat.es\/gl\/declaracion-de-accesibilidad\/","title":{"rendered":"Declaraci\u00f3n de accesibilidade"},"content":{"rendered":"<p>Fleximat comprometeuse a facer accesible a s\u00faa p\u00e1xina web, de acordo co Real decreto 1112\/2018, do 7 de setembro, de accesibilidade de sitios web e aplicaci\u00f3ns para dispositivos m\u00f3biles do sector p\u00fablico.<\/p>\n\n\n\n<p>Esta declaraci\u00f3n de accesibilidade apl\u00edcase a este sitio web.<\/p>\n\n\n\n<h2 class=\"wp-block-heading\">Estado de conformidade<\/h2>\n\n\n\n<p>Esta web desenv\u00f3lvese de acordo co RD 1112\/2018<\/p>\n\n\n\n<h2 class=\"wp-block-heading\">Preparaci\u00f3n para a pr\u00f3xima declaraci\u00f3n de accesibilidade<\/h2>\n\n\n\n<p>Esta declaraci\u00f3n foi elaborada o 20 de maio de 2023.<\/p>\n\n\n\n<p>O m\u00e9todo utilizado para elaborar a declaraci\u00f3n foi a autoavaliaci\u00f3n.<\/p>\n\n\n\n<h2 class=\"wp-block-heading\">Observaci\u00f3ns e informaci\u00f3n de contacto<\/h2>\n\n\n\n<p>Podes realizar comunicaci\u00f3ns sobre requisitos de accesibilidade (artigo 10.2.a do RD 1112\/2018) como:<\/p>\n\n\n\n<ul class=\"wp-block-list\">\n<li>Informar de calquera posible incumprimento deste sitio web<\/li>\n\n\n\n<li>Transmitir outras dificultades de acceso ao contido<\/li>\n\n\n\n<li>Formular calquera outra consulta ou suxesti\u00f3n de mellora sobre a accesibilidade do sitio web a trav\u00e9s do\u00a0<a href=\"https:\/\/www.fleximat.es\/gl\/contacto\/\">Formulario de contacto<\/a>\u00a0desde esta web ou a trav\u00e9s do n\u00famero de tel\u00e9fono 635 72 78 47<\/li>\n<\/ul>\n\n\n\n<p>Podes presentar:<\/p>\n\n\n\n<ul class=\"wp-block-list\">\n<li>Reclamaci\u00f3n relativa ao cumprimento dos requisitos do RD 1112\/2018<\/li>\n\n\n\n<li>Solicitude de informaci\u00f3n accesible relacionada con:\n<ul class=\"wp-block-list\">\n<li>Contidos que quedan exclu\u00eddos do \u00e1mbito de aplicaci\u00f3n do RD 1112\/2018 segundo o establecido no artigo 3, apartado 4.<\/li>\n\n\n\n<li>Contido que est\u00e1 exento do cumprimento dos requisitos de accesibilidade para impo\u00f1er unha carga desproporcionada<\/li>\n\n\n\n<li>Na Solicitude de informaci\u00f3n accesible deber\u00e1n especificarse con claridade os feitos, motivos e a solicitude, permitindo comprobar que se trata dunha solicitude razoable e lex\u00edtima.<\/li>\n<\/ul>\n<\/li>\n<\/ul>\n\n\n\n<p>As queixas e reclamaci\u00f3ns sobre informaci\u00f3n accesible realizaranse a trav\u00e9s da sede electr\u00f3nica (<a href=\"https:\/\/sede.red.gob.es\/procedimientos\/quejas-y-sugerencias\" target=\"_blank\" rel=\"noreferrer noopener\">https:\/\/sede.red.gob.es\/procedimientos\/quejas-y-sugerencias<\/a>), e ser\u00e1n recibidos e tratados pola \u00e1rea de Sistemas de Informaci\u00f3n de Red.es.<\/p>\n\n\n\n<h2 class=\"wp-block-heading\">Contido opcional<\/h2>\n\n\n\n<ul class=\"wp-block-list\">\n<li>Se queres cambiar o tama\u00f1o da fonte do texto nos principais navegadores gr\u00e1ficos, utiliza os seguintes men\u00fas:<\/li>\n\n\n\n<li>Safari: Ver &gt; Ampl\u00eda o texto<\/li>\n\n\n\n<li>Chrome: controla a p\u00e1xina actual &gt; Tama\u00f1o do texto<\/li>\n<\/ul>\n\n\n\n<p>Para cambiar o tama\u00f1o de todo na p\u00e1xina:<\/p>\n\n\n\n<ul class=\"wp-block-list\">\n<li>Ctrl++ para aumentalo<\/li>\n\n\n\n<li>Ctrl + \u2013 para diminu\u00edlo<\/li>\n\n\n\n<li>Ctrl + 0 restaura o tama\u00f1o do texto orixinal<\/li>\n\n\n\n<li>Se o que queres \u00e9 anular a folla de estilo ou modificar a cor do texto, podes consultar a p\u00e1xina Como cambiar o tama\u00f1o ou as cores do texto do WAI, que se pode ler traducida ao castel\u00e1n en Como cambiar o tama\u00f1o ou as cores do texto?<\/li>\n<\/ul>","protected":false},"excerpt":{"rendered":"<p>Fleximat&nbsp;se ha comprometido a hacer accesible su sitio web, de conformidad con el Real Decreto 1112\/2018, de 7 de septiembre, sobre accesibilidad de los sitios web y aplicaciones para dispositivos m\u00f3viles del sector p\u00fablico. Esta declaraci\u00f3n de accesibilidad se aplica a esta web. Situaci\u00f3n de cumplimiento Este sitio web est\u00e1 desarrollado de acuerdo con el&#8230;<\/p>","protected":false},"author":1,"featured_media":0,"parent":0,"menu_order":19,"comment_status":"closed","ping_status":"closed","template":"","meta":{"_kad_blocks_custom_css":"","_kad_blocks_head_custom_js":"","_kad_blocks_body_custom_js":"","_kad_blocks_footer_custom_js":"","_kadence_starter_templates_imported_post":false,"_kad_post_transparent":"","_kad_post_title":"","_kad_post_layout":"","_kad_post_sidebar_id":"","_kad_post_content_style":"","_kad_post_vertical_padding":"","_kad_post_feature":"","_kad_post_feature_position":"","_kad_post_header":false,"_kad_post_footer":false,"footnotes":""},"class_list":["post-1331","page","type-page","status-publish","hentry"],"yoast_head":"<!-- This site is optimized with the Yoast SEO plugin v21.7 - https:\/\/yoast.com\/wordpress\/plugins\/seo\/ -->\n<title>Declaraci\u00f3n de accesibilidad - Fleximat<\/title>\n<meta name=\"robots\" content=\"index, follow, max-snippet:-1, max-image-preview:large, max-video-preview:-1\" \/>\n<link rel=\"canonical\" href=\"https:\/\/www.fleximat.es\/gl\/declaracion-de-accesibilidad\/\" \/>\n<meta property=\"og:locale\" content=\"gl_ES\" \/>\n<meta property=\"og:type\" content=\"article\" \/>\n<meta property=\"og:title\" content=\"Declaraci\u00f3n de accesibilidad - Fleximat\" \/>\n<meta property=\"og:description\" content=\"Fleximat&nbsp;se ha comprometido a hacer accesible su sitio web, de conformidad con el Real Decreto 1112\/2018, de 7 de septiembre, sobre accesibilidad de los sitios web y aplicaciones para dispositivos m\u00f3viles del sector p\u00fablico. Esta declaraci\u00f3n de accesibilidad se aplica a esta web. Situaci\u00f3n de cumplimiento Este sitio web est\u00e1 desarrollado de acuerdo con el...\" \/>\n<meta property=\"og:url\" content=\"https:\/\/www.fleximat.es\/gl\/declaracion-de-accesibilidad\/\" \/>\n<meta property=\"og:site_name\" content=\"Fleximat\" \/>\n<meta property=\"article:modified_time\" content=\"2024-01-24T09:27:40+00:00\" \/>\n<meta name=\"twitter:card\" content=\"summary_large_image\" \/>\n<meta name=\"twitter:label1\" content=\"Tempo de lectura\" \/>\n\t<meta name=\"twitter:data1\" content=\"2 minutos\" \/>\n<script type=\"application\/ld+json\" class=\"yoast-schema-graph\">{\"@context\":\"https:\/\/schema.org\",\"@graph\":[{\"@type\":\"WebPage\",\"@id\":\"https:\/\/www.fleximat.es\/declaracion-de-accesibilidad\/\",\"url\":\"https:\/\/www.fleximat.es\/declaracion-de-accesibilidad\/\",\"name\":\"Declaraci\u00f3n de accesibilidad - Fleximat\",\"isPartOf\":{\"@id\":\"https:\/\/www.fleximat.es\/bn\/#website\"},\"datePublished\":\"2023-10-10T16:47:12+00:00\",\"dateModified\":\"2024-01-24T09:27:40+00:00\",\"breadcrumb\":{\"@id\":\"https:\/\/www.fleximat.es\/declaracion-de-accesibilidad\/#breadcrumb\"},\"inLanguage\":\"gl-ES\",\"potentialAction\":[{\"@type\":\"ReadAction\",\"target\":[\"https:\/\/www.fleximat.es\/declaracion-de-accesibilidad\/\"]}]},{\"@type\":\"BreadcrumbList\",\"@id\":\"https:\/\/www.fleximat.es\/declaracion-de-accesibilidad\/#breadcrumb\",\"itemListElement\":[{\"@type\":\"ListItem\",\"position\":1,\"name\":\"Portada\",\"item\":\"https:\/\/www.fleximat.es\/\"},{\"@type\":\"ListItem\",\"position\":2,\"name\":\"Declaraci\u00f3n de accesibilidad\"}]},{\"@type\":\"WebSite\",\"@id\":\"https:\/\/www.fleximat.es\/bn\/#website\",\"url\":\"https:\/\/www.fleximat.es\/bn\/\",\"name\":\"Fleximat\",\"description\":\"Tu soluci\u00f3n en prensaestopas y tubos flexibles\",\"publisher\":{\"@id\":\"https:\/\/www.fleximat.es\/bn\/#organization\"},\"potentialAction\":[{\"@type\":\"SearchAction\",\"target\":{\"@type\":\"EntryPoint\",\"urlTemplate\":\"https:\/\/www.fleximat.es\/bn\/?s={search_term_string}\"},\"query-input\":\"required name=search_term_string\"}],\"inLanguage\":\"gl-ES\"},{\"@type\":\"Organization\",\"@id\":\"https:\/\/www.fleximat.es\/bn\/#organization\",\"name\":\"Fleximat\",\"url\":\"https:\/\/www.fleximat.es\/bn\/\",\"logo\":{\"@type\":\"ImageObject\",\"inLanguage\":\"gl-ES\",\"@id\":\"https:\/\/www.fleximat.es\/bn\/#\/schema\/logo\/image\/\",\"url\":\"https:\/\/www.fleximat.es\/wp-content\/uploads\/2023\/11\/fleximat-logo-1.png\",\"contentUrl\":\"https:\/\/www.fleximat.es\/wp-content\/uploads\/2023\/11\/fleximat-logo-1.png\",\"width\":1169,\"height\":289,\"caption\":\"Fleximat\"},\"image\":{\"@id\":\"https:\/\/www.fleximat.es\/bn\/#\/schema\/logo\/image\/\"}}]}<\/script>\n<!-- \/ Yoast SEO plugin. -->","yoast_head_json":{"title":"Declaraci\u00f3n de accesibilidad - Fleximat","robots":{"index":"index","follow":"follow","max-snippet":"max-snippet:-1","max-image-preview":"max-image-preview:large","max-video-preview":"max-video-preview:-1"},"canonical":"https:\/\/www.fleximat.es\/gl\/declaracion-de-accesibilidad\/","og_locale":"gl_ES","og_type":"article","og_title":"Declaraci\u00f3n de accesibilidad - Fleximat","og_description":"Fleximat&nbsp;se ha comprometido a hacer accesible su sitio web, de conformidad con el Real Decreto 1112\/2018, de 7 de septiembre, sobre accesibilidad de los sitios web y aplicaciones para dispositivos m\u00f3viles del sector p\u00fablico. Esta declaraci\u00f3n de accesibilidad se aplica a esta web. Situaci\u00f3n de cumplimiento Este sitio web est\u00e1 desarrollado de acuerdo con el...","og_url":"https:\/\/www.fleximat.es\/gl\/declaracion-de-accesibilidad\/","og_site_name":"Fleximat","article_modified_time":"2024-01-24T09:27:40+00:00","twitter_card":"summary_large_image","twitter_misc":{"Tempo de lectura":"2 minutos"},"schema":{"@context":"https:\/\/schema.org","@graph":[{"@type":"WebPage","@id":"https:\/\/www.fleximat.es\/declaracion-de-accesibilidad\/","url":"https:\/\/www.fleximat.es\/declaracion-de-accesibilidad\/","name":"Declaraci\u00f3n de accesibilidad - Fleximat","isPartOf":{"@id":"https:\/\/www.fleximat.es\/bn\/#website"},"datePublished":"2023-10-10T16:47:12+00:00","dateModified":"2024-01-24T09:27:40+00:00","breadcrumb":{"@id":"https:\/\/www.fleximat.es\/declaracion-de-accesibilidad\/#breadcrumb"},"inLanguage":"gl-ES","potentialAction":[{"@type":"ReadAction","target":["https:\/\/www.fleximat.es\/declaracion-de-accesibilidad\/"]}]},{"@type":"BreadcrumbList","@id":"https:\/\/www.fleximat.es\/declaracion-de-accesibilidad\/#breadcrumb","itemListElement":[{"@type":"ListItem","position":1,"name":"Portada","item":"https:\/\/www.fleximat.es\/"},{"@type":"ListItem","position":2,"name":"Declaraci\u00f3n de accesibilidad"}]},{"@type":"WebSite","@id":"https:\/\/www.fleximat.es\/bn\/#website","url":"https:\/\/www.fleximat.es\/bn\/","name":"Fleximat","description":"Tu soluci\u00f3n en prensaestopas y tubos flexibles","publisher":{"@id":"https:\/\/www.fleximat.es\/bn\/#organization"},"potentialAction":[{"@type":"SearchAction","target":{"@type":"EntryPoint","urlTemplate":"https:\/\/www.fleximat.es\/bn\/?s={search_term_string}"},"query-input":"required name=search_term_string"}],"inLanguage":"gl-ES"},{"@type":"Organization","@id":"https:\/\/www.fleximat.es\/bn\/#organization","name":"Fleximat","url":"https:\/\/www.fleximat.es\/bn\/","logo":{"@type":"ImageObject","inLanguage":"gl-ES","@id":"https:\/\/www.fleximat.es\/bn\/#\/schema\/logo\/image\/","url":"https:\/\/www.fleximat.es\/wp-content\/uploads\/2023\/11\/fleximat-logo-1.png","contentUrl":"https:\/\/www.fleximat.es\/wp-content\/uploads\/2023\/11\/fleximat-logo-1.png","width":1169,"height":289,"caption":"Fleximat"},"image":{"@id":"https:\/\/www.fleximat.es\/bn\/#\/schema\/logo\/image\/"}}]}},"taxonomy_info":[],"featured_image_src_large":false,"author_info":{"display_name":"eloi","author_link":"https:\/\/www.fleximat.es\/gl\/author\/eloi\/"},"comment_info":0,"_links":{"self":[{"href":"https:\/\/www.fleximat.es\/gl\/wp-json\/wp\/v2\/pages\/1331"}],"collection":[{"href":"https:\/\/www.fleximat.es\/gl\/wp-json\/wp\/v2\/pages"}],"about":[{"href":"https:\/\/www.fleximat.es\/gl\/wp-json\/wp\/v2\/types\/page"}],"author":[{"embeddable":true,"href":"https:\/\/www.fleximat.es\/gl\/wp-json\/wp\/v2\/users\/1"}],"replies":[{"embeddable":true,"href":"https:\/\/www.fleximat.es\/gl\/wp-json\/wp\/v2\/comments?post=1331"}],"version-history":[{"count":1,"href":"https:\/\/www.fleximat.es\/gl\/wp-json\/wp\/v2\/pages\/1331\/revisions"}],"predecessor-version":[{"id":3622,"href":"https:\/\/www.fleximat.es\/gl\/wp-json\/wp\/v2\/pages\/1331\/revisions\/3622"}],"wp:attachment":[{"href":"https:\/\/www.fleximat.es\/gl\/wp-json\/wp\/v2\/media?parent=1331"}],"curies":[{"name":"wp","href":"https:\/\/api.w.org\/{rel}","templated":true}]}}