{"id":1521,"date":"2023-10-18T17:52:27","date_gmt":"2023-10-18T15:52:27","guid":{"rendered":"https:\/\/www.fleximat.es\/?post_type=product&#038;p=1521"},"modified":"2023-12-01T10:56:09","modified_gmt":"2023-12-01T09:56:09","slug":"prensaestopas-pg-obturado-poliamida-ip-68-gris-oscuro","status":"publish","type":"product","link":"https:\/\/www.fleximat.es\/gl\/produto\/prensaestopas-pg-obturado-poliamida-ip-68-gris-oscuro\/","title":{"rendered":"Prensaestopas PG de poliamida selada IP-68 gris escuro"},"content":{"rendered":"<h4>Propiedades<\/h4>\n<p>Antivibraci\u00f3n<br \/>\nAnti-tracci\u00f3n Alta resistencia UV<br \/>\nF\u00e1cil montaxe Certificado VDE (40030037)<br \/>\nLibre de hal\u00f3xenos<\/p>\n<h3>Descrici\u00f3n do produto<\/h3>\n<p>Unha gl\u00e1ndula selada ou gl\u00e1ndula de articulaci\u00f3n cega \u00e9 unha variante de gl\u00e1ndula na que se engade unha pel\u00edcula de goma na parte superior da gl\u00e1ndula. Proporciona unha estanqueidade total en todo momento, protexendo o elemento da entrada de po ou l\u00edquidos na tapa no tempo previo \u00e1 montaxe.<\/p>\n<p>Os prensaestopas selados te\u00f1en a xunta de selado xa montada, ofrecendo unha maior seguridade para o seu equipo con menos traballo.<\/p>\n<p>A xunta montada nas caixas de prensaestopas est\u00e1 composta por unha mestura de termopl\u00e1sticos vulcanizados, e ofrece unha gran resistencia aos l\u00edquidos e \u00e1 corrosi\u00f3n.<\/p>\n<table class=\"table table-bordered table-striped\">\n<thead>\n<tr>\n<td><strong>F\u00edos<\/strong><\/td>\n<td><strong>C\u00f3digo<\/strong><\/td>\n<td><strong>Hmm<\/strong><\/td>\n<td><strong>GL mm<\/strong><\/td>\n<td><strong>mm<\/strong><\/td>\n<td><strong>mm<\/strong><\/td>\n<\/tr>\n<\/thead>\n<tbody>\n<tr>\n<td>PG7<\/td>\n<td>KRG 01<\/td>\n<td>24<\/td>\n<td>8<\/td>\n<td>15<\/td>\n<td>3-6,5<\/td>\n<\/tr>\n<tr>\n<td>PG9<\/td>\n<td>KRG 02<\/td>\n<td>28<\/td>\n<td>8<\/td>\n<td>19<\/td>\n<td>4-8<\/td>\n<\/tr>\n<tr>\n<td>PG11<\/td>\n<td>KRG 03<\/td>\n<td>29<\/td>\n<td>8<\/td>\n<td>22<\/td>\n<td>5-10<\/td>\n<\/tr>\n<tr>\n<td>GP 13.5<\/td>\n<td>KRG 04<\/td>\n<td>29<\/td>\n<td>9<\/td>\n<td>24<\/td>\n<td>6-12<\/td>\n<\/tr>\n<tr>\n<td>PG 16<\/td>\n<td>KRG 05<\/td>\n<td>33<\/td>\n<td>9<\/td>\n<td>27<\/td>\n<td>10-14<\/td>\n<\/tr>\n<tr>\n<td>PG 21<\/td>\n<td>KRG 06<\/td>\n<td>38<\/td>\n<td>11<\/td>\n<td>33<\/td>\n<td>13-18<\/td>\n<\/tr>\n<tr>\n<td>PG 29<\/td>\n<td>KRG 07<\/td>\n<td>41<\/td>\n<td>11<\/td>\n<td>42<\/td>\n<td>18-25<\/td>\n<\/tr>\n<tr>\n<td>PG 36<\/td>\n<td>KRG 08<\/td>\n<td>51<\/td>\n<td>13<\/td>\n<td>53<\/td>\n<td>22-32<\/td>\n<\/tr>\n<tr>\n<td>PG 42<\/td>\n<td>KRG 09<\/td>\n<td>53<\/td>\n<td>13<\/td>\n<td>60<\/td>\n<td>30-38<\/td>\n<\/tr>\n<tr>\n<td>PG 48<\/td>\n<td>KRG 10<\/td>\n<td>55<\/td>\n<td>14<\/td>\n<td>65<\/td>\n<td>34-44<\/td>\n<\/tr>\n<\/tbody>\n<\/table>","protected":false},"excerpt":{"rendered":"<h3>Material<\/h3>\n<table>\n<tbody>\n<tr>\n<td><strong>Cap\u00f3<\/strong><\/td>\n<td>Poliamida PA6 V2<\/td>\n<\/tr>\n<tr>\n<td><strong>Junta de estanqueidade<\/strong><\/td>\n<td>POS<\/td>\n<\/tr>\n<tr>\n<td><strong>Corpo<\/strong><\/td>\n<td>Poliamida PA6 V2<\/td>\n<\/tr>\n<tr>\n<td><strong>junta t\u00f3rica<\/strong><\/td>\n<td>NBR<\/td>\n<\/tr>\n<tr>\n<td><strong>Tipo de rosca<\/strong><\/td>\n<td>PG (DIN 40430)<\/td>\n<\/tr>\n<tr>\n<td><strong>Estanqueidade<\/strong><\/td>\n<td>IP68<\/td>\n<\/tr>\n<tr>\n<td><strong>Temperatura de traballo continuo<\/strong><\/td>\n<td>-20 \u00baC +100 \u00baC<\/td>\n<\/tr>\n<\/tbody>\n<\/table>","protected":false},"featured_media":3047,"template":"","meta":{"_kad_blocks_custom_css":"","_kad_blocks_head_custom_js":"","_kad_blocks_body_custom_js":"","_kad_blocks_footer_custom_js":"","_kadence_starter_templates_imported_post":false,"_kad_post_transparent":"default","_kad_post_title":"","_kad_post_layout":"default","_kad_post_sidebar_id":"","_kad_post_content_style":"default","_kad_post_vertical_padding":"default","_kad_post_feature":"","_kad_post_feature_position":"","_kad_post_header":false,"_kad_post_footer":false},"product_cat":[29,35],"product_tag":[],"class_list":{"0":"post-1521","1":"product","2":"type-product","3":"status-publish","4":"has-post-thumbnail","6":"product_cat-prensaestopas-y-accesorios-plasticos-de-poliamida","7":"product_cat-prensaestopas-obturado-poliamida-ip-68","9":"first","10":"instock","11":"shipping-taxable","12":"product-type-simple","13":"entry","14":"content-bg","15":"loop-entry"},"yoast_head":"<!-- This site is optimized with the Yoast SEO plugin v21.7 - https:\/\/yoast.com\/wordpress\/plugins\/seo\/ -->\n<title>Prensaestopas PG Obturado Poliamida IP-68 Gris Oscuro - Fleximat<\/title>\n<meta name=\"robots\" content=\"index, follow, max-snippet:-1, max-image-preview:large, max-video-preview:-1\" \/>\n<link rel=\"canonical\" href=\"https:\/\/www.fleximat.es\/gl\/product\/prensaestopas-pg-obturado-poliamida-ip-68-gris-oscuro\/\" \/>\n<meta property=\"og:locale\" content=\"gl_ES\" \/>\n<meta property=\"og:type\" content=\"article\" \/>\n<meta property=\"og:title\" content=\"Prensaestopas PG Obturado Poliamida IP-68 Gris Oscuro - Fleximat\" \/>\n<meta property=\"og:description\" content=\"Material    Sombrerete Poliamida PA6 V2   Junta de sellado TPV   Cuerpo Poliamida PA6 V2   Junta t\u00f3rica NBR   Tipo de Rosca PG (DIN 40430)   Estanqueidad IP68   Temperatura de trabajo continua -20 \u00baC +100 \u00baC\" \/>\n<meta property=\"og:url\" content=\"https:\/\/www.fleximat.es\/gl\/product\/prensaestopas-pg-obturado-poliamida-ip-68-gris-oscuro\/\" \/>\n<meta property=\"og:site_name\" content=\"Fleximat\" \/>\n<meta property=\"article:modified_time\" content=\"2023-12-01T09:56:09+00:00\" \/>\n<meta property=\"og:image\" content=\"https:\/\/www.fleximat.es\/wp-content\/uploads\/2023\/10\/th_crop_1571833004flexitec-obturado-gris.png\" \/>\n\t<meta property=\"og:image:width\" content=\"600\" \/>\n\t<meta property=\"og:image:height\" content=\"600\" \/>\n\t<meta property=\"og:image:type\" content=\"image\/png\" \/>\n<meta name=\"twitter:card\" content=\"summary_large_image\" \/>\n<meta name=\"twitter:label1\" content=\"Tempo de lectura\" \/>\n\t<meta name=\"twitter:data1\" content=\"1 minuto\" \/>\n<script type=\"application\/ld+json\" class=\"yoast-schema-graph\">{\"@context\":\"https:\/\/schema.org\",\"@graph\":[{\"@type\":\"WebPage\",\"@id\":\"https:\/\/www.fleximat.es\/zh\/product\/prensaestopas-pg-obturado-poliamida-ip-68-gris-oscuro\/\",\"url\":\"https:\/\/www.fleximat.es\/zh\/product\/prensaestopas-pg-obturado-poliamida-ip-68-gris-oscuro\/\",\"name\":\"Prensaestopas PG Obturado Poliamida IP-68 Gris Oscuro - Fleximat\",\"isPartOf\":{\"@id\":\"https:\/\/www.fleximat.es\/bn\/#website\"},\"datePublished\":\"2023-10-18T15:52:27+00:00\",\"dateModified\":\"2023-12-01T09:56:09+00:00\",\"breadcrumb\":{\"@id\":\"https:\/\/www.fleximat.es\/zh\/product\/prensaestopas-pg-obturado-poliamida-ip-68-gris-oscuro\/#breadcrumb\"},\"inLanguage\":\"gl-ES\",\"potentialAction\":[{\"@type\":\"ReadAction\",\"target\":[\"https:\/\/www.fleximat.es\/zh\/product\/prensaestopas-pg-obturado-poliamida-ip-68-gris-oscuro\/\"]}]},{\"@type\":\"BreadcrumbList\",\"@id\":\"https:\/\/www.fleximat.es\/zh\/product\/prensaestopas-pg-obturado-poliamida-ip-68-gris-oscuro\/#breadcrumb\",\"itemListElement\":[{\"@type\":\"ListItem\",\"position\":1,\"name\":\"Portada\",\"item\":\"https:\/\/www.fleximat.es\/\"},{\"@type\":\"ListItem\",\"position\":2,\"name\":\"Productos\",\"item\":\"https:\/\/www.fleximat.es\/en\/productos\/\"},{\"@type\":\"ListItem\",\"position\":3,\"name\":\"Prensaestopas PG Obturado Poliamida IP-68 Gris Oscuro\"}]},{\"@type\":\"WebSite\",\"@id\":\"https:\/\/www.fleximat.es\/bn\/#website\",\"url\":\"https:\/\/www.fleximat.es\/bn\/\",\"name\":\"Fleximat\",\"description\":\"Tu soluci\u00f3n en prensaestopas y tubos flexibles\",\"publisher\":{\"@id\":\"https:\/\/www.fleximat.es\/bn\/#organization\"},\"potentialAction\":[{\"@type\":\"SearchAction\",\"target\":{\"@type\":\"EntryPoint\",\"urlTemplate\":\"https:\/\/www.fleximat.es\/bn\/?s={search_term_string}\"},\"query-input\":\"required name=search_term_string\"}],\"inLanguage\":\"gl-ES\"},{\"@type\":\"Organization\",\"@id\":\"https:\/\/www.fleximat.es\/bn\/#organization\",\"name\":\"Fleximat\",\"url\":\"https:\/\/www.fleximat.es\/bn\/\",\"logo\":{\"@type\":\"ImageObject\",\"inLanguage\":\"gl-ES\",\"@id\":\"https:\/\/www.fleximat.es\/bn\/#\/schema\/logo\/image\/\",\"url\":\"https:\/\/www.fleximat.es\/wp-content\/uploads\/2023\/11\/fleximat-logo-1.png\",\"contentUrl\":\"https:\/\/www.fleximat.es\/wp-content\/uploads\/2023\/11\/fleximat-logo-1.png\",\"width\":1169,\"height\":289,\"caption\":\"Fleximat\"},\"image\":{\"@id\":\"https:\/\/www.fleximat.es\/bn\/#\/schema\/logo\/image\/\"}}]}<\/script>\n<!-- \/ Yoast SEO plugin. -->","yoast_head_json":{"title":"Prensaestopas PG Obturado Poliamida IP-68 Gris Oscuro - Fleximat","robots":{"index":"index","follow":"follow","max-snippet":"max-snippet:-1","max-image-preview":"max-image-preview:large","max-video-preview":"max-video-preview:-1"},"canonical":"https:\/\/www.fleximat.es\/gl\/product\/prensaestopas-pg-obturado-poliamida-ip-68-gris-oscuro\/","og_locale":"gl_ES","og_type":"article","og_title":"Prensaestopas PG Obturado Poliamida IP-68 Gris Oscuro - Fleximat","og_description":"Material    Sombrerete Poliamida PA6 V2   Junta de sellado TPV   Cuerpo Poliamida PA6 V2   Junta t\u00f3rica NBR   Tipo de Rosca PG (DIN 40430)   Estanqueidad IP68   Temperatura de trabajo continua -20 \u00baC +100 \u00baC","og_url":"https:\/\/www.fleximat.es\/gl\/product\/prensaestopas-pg-obturado-poliamida-ip-68-gris-oscuro\/","og_site_name":"Fleximat","article_modified_time":"2023-12-01T09:56:09+00:00","og_image":[{"width":600,"height":600,"url":"https:\/\/www.fleximat.es\/wp-content\/uploads\/2023\/10\/th_crop_1571833004flexitec-obturado-gris.png","type":"image\/png"}],"twitter_card":"summary_large_image","twitter_misc":{"Tempo de lectura":"1 minuto"},"schema":{"@context":"https:\/\/schema.org","@graph":[{"@type":"WebPage","@id":"https:\/\/www.fleximat.es\/zh\/product\/prensaestopas-pg-obturado-poliamida-ip-68-gris-oscuro\/","url":"https:\/\/www.fleximat.es\/zh\/product\/prensaestopas-pg-obturado-poliamida-ip-68-gris-oscuro\/","name":"Prensaestopas PG Obturado Poliamida IP-68 Gris Oscuro - Fleximat","isPartOf":{"@id":"https:\/\/www.fleximat.es\/bn\/#website"},"datePublished":"2023-10-18T15:52:27+00:00","dateModified":"2023-12-01T09:56:09+00:00","breadcrumb":{"@id":"https:\/\/www.fleximat.es\/zh\/product\/prensaestopas-pg-obturado-poliamida-ip-68-gris-oscuro\/#breadcrumb"},"inLanguage":"gl-ES","potentialAction":[{"@type":"ReadAction","target":["https:\/\/www.fleximat.es\/zh\/product\/prensaestopas-pg-obturado-poliamida-ip-68-gris-oscuro\/"]}]},{"@type":"BreadcrumbList","@id":"https:\/\/www.fleximat.es\/zh\/product\/prensaestopas-pg-obturado-poliamida-ip-68-gris-oscuro\/#breadcrumb","itemListElement":[{"@type":"ListItem","position":1,"name":"Portada","item":"https:\/\/www.fleximat.es\/"},{"@type":"ListItem","position":2,"name":"Productos","item":"https:\/\/www.fleximat.es\/en\/productos\/"},{"@type":"ListItem","position":3,"name":"Prensaestopas PG Obturado Poliamida IP-68 Gris Oscuro"}]},{"@type":"WebSite","@id":"https:\/\/www.fleximat.es\/bn\/#website","url":"https:\/\/www.fleximat.es\/bn\/","name":"Fleximat","description":"Tu soluci\u00f3n en prensaestopas y tubos flexibles","publisher":{"@id":"https:\/\/www.fleximat.es\/bn\/#organization"},"potentialAction":[{"@type":"SearchAction","target":{"@type":"EntryPoint","urlTemplate":"https:\/\/www.fleximat.es\/bn\/?s={search_term_string}"},"query-input":"required name=search_term_string"}],"inLanguage":"gl-ES"},{"@type":"Organization","@id":"https:\/\/www.fleximat.es\/bn\/#organization","name":"Fleximat","url":"https:\/\/www.fleximat.es\/bn\/","logo":{"@type":"ImageObject","inLanguage":"gl-ES","@id":"https:\/\/www.fleximat.es\/bn\/#\/schema\/logo\/image\/","url":"https:\/\/www.fleximat.es\/wp-content\/uploads\/2023\/11\/fleximat-logo-1.png","contentUrl":"https:\/\/www.fleximat.es\/wp-content\/uploads\/2023\/11\/fleximat-logo-1.png","width":1169,"height":289,"caption":"Fleximat"},"image":{"@id":"https:\/\/www.fleximat.es\/bn\/#\/schema\/logo\/image\/"}}]}},"taxonomy_info":{"product_cat":[{"value":29,"label":"Prensaestopas y accesorios pl\u00e1sticos de Poliamida"},{"value":35,"label":"Prensaestopas Obturado poliamida IP-68"}]},"featured_image_src_large":["https:\/\/www.fleximat.es\/wp-content\/uploads\/2023\/10\/th_crop_1571833004flexitec-obturado-gris.png",600,600,false],"author_info":[],"comment_info":"","_links":{"self":[{"href":"https:\/\/www.fleximat.es\/gl\/wp-json\/wp\/v2\/product\/1521"}],"collection":[{"href":"https:\/\/www.fleximat.es\/gl\/wp-json\/wp\/v2\/product"}],"about":[{"href":"https:\/\/www.fleximat.es\/gl\/wp-json\/wp\/v2\/types\/product"}],"wp:featuredmedia":[{"embeddable":true,"href":"https:\/\/www.fleximat.es\/gl\/wp-json\/wp\/v2\/media\/3047"}],"wp:attachment":[{"href":"https:\/\/www.fleximat.es\/gl\/wp-json\/wp\/v2\/media?parent=1521"}],"wp:term":[{"taxonomy":"product_cat","embeddable":true,"href":"https:\/\/www.fleximat.es\/gl\/wp-json\/wp\/v2\/product_cat?post=1521"},{"taxonomy":"product_tag","embeddable":true,"href":"https:\/\/www.fleximat.es\/gl\/wp-json\/wp\/v2\/product_tag?post=1521"}],"curies":[{"name":"wp","href":"https:\/\/api.w.org\/{rel}","templated":true}]}}