{"id":1765,"date":"2023-10-18T17:54:28","date_gmt":"2023-10-18T15:54:28","guid":{"rendered":"https:\/\/www.fleximat.es\/?post_type=product&#038;p=1765"},"modified":"2023-11-27T10:16:51","modified_gmt":"2023-11-27T09:16:51","slug":"racor-codo-90-metrica-pa6","status":"publish","type":"product","link":"https:\/\/www.fleximat.es\/gl\/produto\/racor-codo-90-metrica-pa6\/","title":{"rendered":"Codo m\u00e9trico de 90\u00b0 PA6"},"content":{"rendered":"<h4>Propiedades<\/h4>\n<p>Alta resistencia ao impacto e \u00e1 temperatura.<br \/>\nF\u00e1cil de montar. Amplia gama de cables<br \/>\nLibre de hal\u00f3xenos<\/p>\n<h3>Descrici\u00f3n do produto<\/h3>\n<p><span style=\"font-weight: 400;\">Un prensaestopas grande ou Maxiprensapas \u00e9 un prensaestopas grande para aplicaci\u00f3ns espec\u00edficas. Son especiais e est\u00e1n feitos de metal, xa sexa lat\u00f3n niquelado ou aceiro inoxidable.<\/span><\/p>\n<p><span style=\"font-weight: 400;\">O prensaestopas Maxi adoita utilizarse na s\u00faa versi\u00f3n met\u00e1lica en proxectos nos que se require unha gran protecci\u00f3n mec\u00e1nica e qu\u00edmica, como en aeroxeradores.\u00a0<\/span><\/p>\n<p><span style=\"font-weight: 400;\">Os prensaestopas maxi-cable caracter\u00edzanse por ter un maior rango de tensamento de cables. O tama\u00f1o do cable para estas pezas \u00e9 de ata 60-70 mm (versi\u00f3n M90 ou 3&quot;).<\/span><\/p>\n<table class=\"table table-bordered table-striped\">\n<thead>\n<tr>\n<td>F\u00edo<\/td>\n<td>C\u00f3digo<\/td>\n<td>Hmm<\/td>\n<td>GL mm<\/td>\n<td>Bmm<\/td>\n<td>Cmm<\/td>\n<td>mm<\/td>\n<\/tr>\n<\/thead>\n<tbody>\n<tr>\n<td>M 63 X 1,5<\/td>\n<td>OMBG 17<\/td>\n<td>48<\/td>\n<td>15<\/td>\n<td>70<\/td>\n<td>75<\/td>\n<td>45-55<\/td>\n<\/tr>\n<tr>\n<td>M 75 X 1,5<\/td>\n<td>OMBG 18s<\/td>\n<td>48<\/td>\n<td>20<\/td>\n<td>85<\/td>\n<td>75<\/td>\n<td>45-55<\/td>\n<\/tr>\n<tr>\n<td>M 75 X 1,5<\/td>\n<td>OMBG 18<\/td>\n<td>58<\/td>\n<td>20<\/td>\n<td>90<\/td>\n<td>90<\/td>\n<td>50-63<\/td>\n<\/tr>\n<tr>\n<td>M 80 X 2.0<\/td>\n<td>OMBG 1880<\/td>\n<td>58<\/td>\n<td>20<\/td>\n<td>90<\/td>\n<td>90<\/td>\n<td>50-63<\/td>\n<\/tr>\n<tr>\n<td>M 90 X 2.0<\/td>\n<td>OMBG 19<\/td>\n<td>61<\/td>\n<td>20<\/td>\n<td>100<\/td>\n<td>100<\/td>\n<td>60-70<\/td>\n<\/tr>\n<tr>\n<td>2 \u00bd\u00bb<\/td>\n<td>ONBG 18<\/td>\n<td>48<\/td>\n<td>20<\/td>\n<td>85<\/td>\n<td>75<\/td>\n<td>45-55<\/td>\n<\/tr>\n<tr>\n<td>2 \u00bd\u00bb<\/td>\n<td>ONB 18<\/td>\n<td>58<\/td>\n<td>20<\/td>\n<td>90<\/td>\n<td>90<\/td>\n<td>50-63<\/td>\n<\/tr>\n<tr>\n<td>3&#8243;<\/td>\n<td>ONB 19<\/td>\n<td>61<\/td>\n<td>20<\/td>\n<td>100<\/td>\n<td>100<\/td>\n<td>60-70<\/td>\n<\/tr>\n<\/tbody>\n<\/table>","protected":false},"excerpt":{"rendered":"<h3>Caracter\u00edsticas<\/h3>\n<table>\n<tbody>\n<tr>\n<td><strong>Cap\u00f3<\/strong><\/td>\n<td>Lat\u00f3n niquelado<\/td>\n<\/tr>\n<tr>\n<td><strong>Junta de estanqueidade<\/strong><\/td>\n<td>EPDM<\/td>\n<\/tr>\n<tr>\n<td><strong>junta t\u00f3rica<\/strong><\/td>\n<td>NBR<\/td>\n<\/tr>\n<tr>\n<td><strong>Tipo de rosca<\/strong><\/td>\n<td>M\u00e9trico (EN 60423)<\/td>\n<\/tr>\n<tr>\n<td><strong>Estanqueidade<\/strong><\/td>\n<td>IP68<\/td>\n<\/tr>\n<tr>\n<td><strong>Temperatura de traballo continuo<\/strong><\/td>\n<td>-40 \u00baC +140 \u00baC +150 \u00baC (temporal)<\/td>\n<\/tr>\n<\/tbody>\n<\/table>","protected":false},"featured_media":2978,"template":"","meta":{"_kad_blocks_custom_css":"","_kad_blocks_head_custom_js":"","_kad_blocks_body_custom_js":"","_kad_blocks_footer_custom_js":"","_kadence_starter_templates_imported_post":false,"_kad_post_transparent":"default","_kad_post_title":"","_kad_post_layout":"default","_kad_post_sidebar_id":"","_kad_post_content_style":"default","_kad_post_vertical_padding":"default","_kad_post_feature":"","_kad_post_feature_position":"","_kad_post_header":false,"_kad_post_footer":false},"product_cat":[68,82],"product_tag":[],"class_list":{"0":"post-1765","1":"product","2":"type-product","3":"status-publish","4":"has-post-thumbnail","6":"product_cat-tubos-flexibles-racores-y-accesorios","7":"product_cat-racores-y-accesorios","9":"first","10":"instock","11":"shipping-taxable","12":"product-type-simple","13":"entry","14":"content-bg","15":"loop-entry"},"yoast_head":"<!-- This site is optimized with the Yoast SEO plugin v21.7 - https:\/\/yoast.com\/wordpress\/plugins\/seo\/ -->\n<title>Racor Codo 90\u00b0 M\u00e9trica PA6 - Fleximat<\/title>\n<meta name=\"robots\" content=\"index, follow, max-snippet:-1, max-image-preview:large, max-video-preview:-1\" \/>\n<link rel=\"canonical\" href=\"https:\/\/www.fleximat.es\/gl\/produto\/racor-codo-90-metrica-pa6\/\" \/>\n<meta property=\"og:locale\" content=\"gl_ES\" \/>\n<meta property=\"og:type\" content=\"article\" \/>\n<meta property=\"og:title\" content=\"Racor Codo 90\u00b0 M\u00e9trica PA6 - Fleximat\" \/>\n<meta property=\"og:description\" content=\"Caracter\u00edsticas    Sombrerete Lat\u00f3n Niquelado   Junta de sellado EPDM   Junta t\u00f3rica NBR   Tipo de Rosca M\u00e9trica (EN 60423)   Estanqueidad IP68   Temperatura de trabajo continua -40 \u00baC +140 \u00baC +150 \u00baC (temporal)\" \/>\n<meta property=\"og:url\" content=\"https:\/\/www.fleximat.es\/gl\/produto\/racor-codo-90-metrica-pa6\/\" \/>\n<meta property=\"og:site_name\" content=\"Fleximat\" \/>\n<meta property=\"article:modified_time\" content=\"2023-11-27T09:16:51+00:00\" \/>\n<meta property=\"og:image\" content=\"https:\/\/www.fleximat.es\/wp-content\/uploads\/2023\/10\/racor-codo-gris.png\" \/>\n\t<meta property=\"og:image:width\" content=\"683\" \/>\n\t<meta property=\"og:image:height\" content=\"683\" \/>\n\t<meta property=\"og:image:type\" content=\"image\/png\" \/>\n<meta name=\"twitter:card\" content=\"summary_large_image\" \/>\n<meta name=\"twitter:label1\" content=\"Tempo de lectura\" \/>\n\t<meta name=\"twitter:data1\" content=\"1 minuto\" \/>\n<script type=\"application\/ld+json\" class=\"yoast-schema-graph\">{\"@context\":\"https:\/\/schema.org\",\"@graph\":[{\"@type\":\"WebPage\",\"@id\":\"https:\/\/www.fleximat.es\/producto\/racor-codo-90-metrica-pa6\/\",\"url\":\"https:\/\/www.fleximat.es\/producto\/racor-codo-90-metrica-pa6\/\",\"name\":\"Racor Codo 90\u00b0 M\u00e9trica PA6 - Fleximat\",\"isPartOf\":{\"@id\":\"https:\/\/www.fleximat.es\/bn\/#website\"},\"datePublished\":\"2023-10-18T15:54:28+00:00\",\"dateModified\":\"2023-11-27T09:16:51+00:00\",\"breadcrumb\":{\"@id\":\"https:\/\/www.fleximat.es\/producto\/racor-codo-90-metrica-pa6\/#breadcrumb\"},\"inLanguage\":\"gl-ES\",\"potentialAction\":[{\"@type\":\"ReadAction\",\"target\":[\"https:\/\/www.fleximat.es\/producto\/racor-codo-90-metrica-pa6\/\"]}]},{\"@type\":\"BreadcrumbList\",\"@id\":\"https:\/\/www.fleximat.es\/producto\/racor-codo-90-metrica-pa6\/#breadcrumb\",\"itemListElement\":[{\"@type\":\"ListItem\",\"position\":1,\"name\":\"Portada\",\"item\":\"https:\/\/www.fleximat.es\/\"},{\"@type\":\"ListItem\",\"position\":2,\"name\":\"Productos\",\"item\":\"https:\/\/www.fleximat.es\/en\/productos\/\"},{\"@type\":\"ListItem\",\"position\":3,\"name\":\"Racor Codo 90\u00b0 M\u00e9trica PA6\"}]},{\"@type\":\"WebSite\",\"@id\":\"https:\/\/www.fleximat.es\/bn\/#website\",\"url\":\"https:\/\/www.fleximat.es\/bn\/\",\"name\":\"Fleximat\",\"description\":\"Tu soluci\u00f3n en prensaestopas y tubos flexibles\",\"publisher\":{\"@id\":\"https:\/\/www.fleximat.es\/bn\/#organization\"},\"potentialAction\":[{\"@type\":\"SearchAction\",\"target\":{\"@type\":\"EntryPoint\",\"urlTemplate\":\"https:\/\/www.fleximat.es\/bn\/?s={search_term_string}\"},\"query-input\":\"required name=search_term_string\"}],\"inLanguage\":\"gl-ES\"},{\"@type\":\"Organization\",\"@id\":\"https:\/\/www.fleximat.es\/bn\/#organization\",\"name\":\"Fleximat\",\"url\":\"https:\/\/www.fleximat.es\/bn\/\",\"logo\":{\"@type\":\"ImageObject\",\"inLanguage\":\"gl-ES\",\"@id\":\"https:\/\/www.fleximat.es\/bn\/#\/schema\/logo\/image\/\",\"url\":\"https:\/\/www.fleximat.es\/wp-content\/uploads\/2023\/11\/fleximat-logo-1.png\",\"contentUrl\":\"https:\/\/www.fleximat.es\/wp-content\/uploads\/2023\/11\/fleximat-logo-1.png\",\"width\":1169,\"height\":289,\"caption\":\"Fleximat\"},\"image\":{\"@id\":\"https:\/\/www.fleximat.es\/bn\/#\/schema\/logo\/image\/\"}}]}<\/script>\n<!-- \/ Yoast SEO plugin. -->","yoast_head_json":{"title":"Racor Codo 90\u00b0 M\u00e9trica PA6 - Fleximat","robots":{"index":"index","follow":"follow","max-snippet":"max-snippet:-1","max-image-preview":"max-image-preview:large","max-video-preview":"max-video-preview:-1"},"canonical":"https:\/\/www.fleximat.es\/gl\/produto\/racor-codo-90-metrica-pa6\/","og_locale":"gl_ES","og_type":"article","og_title":"Racor Codo 90\u00b0 M\u00e9trica PA6 - Fleximat","og_description":"Caracter\u00edsticas    Sombrerete Lat\u00f3n Niquelado   Junta de sellado EPDM   Junta t\u00f3rica NBR   Tipo de Rosca M\u00e9trica (EN 60423)   Estanqueidad IP68   Temperatura de trabajo continua -40 \u00baC +140 \u00baC +150 \u00baC (temporal)","og_url":"https:\/\/www.fleximat.es\/gl\/produto\/racor-codo-90-metrica-pa6\/","og_site_name":"Fleximat","article_modified_time":"2023-11-27T09:16:51+00:00","og_image":[{"width":683,"height":683,"url":"https:\/\/www.fleximat.es\/wp-content\/uploads\/2023\/10\/racor-codo-gris.png","type":"image\/png"}],"twitter_card":"summary_large_image","twitter_misc":{"Tempo de lectura":"1 minuto"},"schema":{"@context":"https:\/\/schema.org","@graph":[{"@type":"WebPage","@id":"https:\/\/www.fleximat.es\/producto\/racor-codo-90-metrica-pa6\/","url":"https:\/\/www.fleximat.es\/producto\/racor-codo-90-metrica-pa6\/","name":"Racor Codo 90\u00b0 M\u00e9trica PA6 - Fleximat","isPartOf":{"@id":"https:\/\/www.fleximat.es\/bn\/#website"},"datePublished":"2023-10-18T15:54:28+00:00","dateModified":"2023-11-27T09:16:51+00:00","breadcrumb":{"@id":"https:\/\/www.fleximat.es\/producto\/racor-codo-90-metrica-pa6\/#breadcrumb"},"inLanguage":"gl-ES","potentialAction":[{"@type":"ReadAction","target":["https:\/\/www.fleximat.es\/producto\/racor-codo-90-metrica-pa6\/"]}]},{"@type":"BreadcrumbList","@id":"https:\/\/www.fleximat.es\/producto\/racor-codo-90-metrica-pa6\/#breadcrumb","itemListElement":[{"@type":"ListItem","position":1,"name":"Portada","item":"https:\/\/www.fleximat.es\/"},{"@type":"ListItem","position":2,"name":"Productos","item":"https:\/\/www.fleximat.es\/en\/productos\/"},{"@type":"ListItem","position":3,"name":"Racor Codo 90\u00b0 M\u00e9trica PA6"}]},{"@type":"WebSite","@id":"https:\/\/www.fleximat.es\/bn\/#website","url":"https:\/\/www.fleximat.es\/bn\/","name":"Fleximat","description":"Tu soluci\u00f3n en prensaestopas y tubos flexibles","publisher":{"@id":"https:\/\/www.fleximat.es\/bn\/#organization"},"potentialAction":[{"@type":"SearchAction","target":{"@type":"EntryPoint","urlTemplate":"https:\/\/www.fleximat.es\/bn\/?s={search_term_string}"},"query-input":"required name=search_term_string"}],"inLanguage":"gl-ES"},{"@type":"Organization","@id":"https:\/\/www.fleximat.es\/bn\/#organization","name":"Fleximat","url":"https:\/\/www.fleximat.es\/bn\/","logo":{"@type":"ImageObject","inLanguage":"gl-ES","@id":"https:\/\/www.fleximat.es\/bn\/#\/schema\/logo\/image\/","url":"https:\/\/www.fleximat.es\/wp-content\/uploads\/2023\/11\/fleximat-logo-1.png","contentUrl":"https:\/\/www.fleximat.es\/wp-content\/uploads\/2023\/11\/fleximat-logo-1.png","width":1169,"height":289,"caption":"Fleximat"},"image":{"@id":"https:\/\/www.fleximat.es\/bn\/#\/schema\/logo\/image\/"}}]}},"taxonomy_info":{"product_cat":[{"value":68,"label":"Tubos flexibles, racores y accesorios"},{"value":82,"label":"Racores y accesorios"}]},"featured_image_src_large":["https:\/\/www.fleximat.es\/wp-content\/uploads\/2023\/10\/racor-codo-gris.png",683,683,false],"author_info":[],"comment_info":"","_links":{"self":[{"href":"https:\/\/www.fleximat.es\/gl\/wp-json\/wp\/v2\/product\/1765"}],"collection":[{"href":"https:\/\/www.fleximat.es\/gl\/wp-json\/wp\/v2\/product"}],"about":[{"href":"https:\/\/www.fleximat.es\/gl\/wp-json\/wp\/v2\/types\/product"}],"wp:featuredmedia":[{"embeddable":true,"href":"https:\/\/www.fleximat.es\/gl\/wp-json\/wp\/v2\/media\/2978"}],"wp:attachment":[{"href":"https:\/\/www.fleximat.es\/gl\/wp-json\/wp\/v2\/media?parent=1765"}],"wp:term":[{"taxonomy":"product_cat","embeddable":true,"href":"https:\/\/www.fleximat.es\/gl\/wp-json\/wp\/v2\/product_cat?post=1765"},{"taxonomy":"product_tag","embeddable":true,"href":"https:\/\/www.fleximat.es\/gl\/wp-json\/wp\/v2\/product_tag?post=1765"}],"curies":[{"name":"wp","href":"https:\/\/api.w.org\/{rel}","templated":true}]}}