{"id":1575,"date":"2023-10-18T17:52:53","date_gmt":"2023-10-18T15:52:53","guid":{"rendered":"https:\/\/www.fleximat.es\/?post_type=product&#038;p=1575"},"modified":"2023-10-25T17:14:41","modified_gmt":"2023-10-25T15:14:41","slug":"prensaestopas-metrica-antitorsion-rosca-larga-metalico-ip-68","status":"publish","type":"product","link":"https:\/\/www.fleximat.es\/it\/prodotto\/prensaestopas-metrica-antitorsion-rosca-larga-metalico-ip-68\/","title":{"rendered":"Pressacavo metrico antitorsione filetto lungo metallico IP-68"},"content":{"rendered":"<h4>Propriet\u00e0<\/h4>\n<p>Con parte superiore a spirale per resistenza alla flessione<br \/>\nPer cavi flessibili altamente mobili<br \/>\nFacile da montare<br \/>\nSenza alogeno<\/p>\n<h3>Descrizione del prodotto<\/h3>\n<p><span style=\"font-weight: 400;\">Un pressacavo metallico antitorsione \u00e8 un tipo speciale di pressacavo per applicazioni in cui il cavo collegato al pressacavo \u00e8 in continuo movimento.<\/span><\/p>\n<p><span style=\"font-weight: 400;\">Il pressacavo metallico antitorsione, grazie al suo design a calotta, protegge la sezione iniziale del cavo e garantisce sicurezza contro i movimenti e gli attriti che possono derivare dal funzionamento dell&#039;apparecchiatura.\u00a0<\/span><\/p>\n<p>I premistoppa <span style=\"font-weight: 400;\">Gli antitwist metallici hanno un&#039;ottima resistenza meccanica.<\/span><\/p>\n<p><span style=\"font-weight: 400;\">I pressacavi antideformazione esistono in un gran numero di dimensioni e tipologie di filetto, nonch\u00e9 configurazioni per applicazioni specifiche per settore. Sono realizzati in Poliammide 6, un materiale che offre mobilit\u00e0 e protezione allo stesso tempo.<\/span><\/p>\n<p><span style=\"font-weight: 400;\">I pressacavi vengono utilizzati in qualsiasi tipo di installazione, macchinario o attrezzatura che richiede un&#039;alimentazione elettrica continua ed \u00e8 responsabile di garantirne la connessione.<\/span><\/p>\n<div class=\"table-responsive\">\n<table class=\"table table-bordered table-striped\">\n<thead>\n<tr>\n<td>Filo<\/td>\n<td>Codice<\/td>\n<td>Hmm<\/td>\n<td>GL mm<\/td>\n<td>dmm<\/td>\n<td>b mm<\/td>\n<td>cm<\/td>\n<td>mm<\/td>\n<\/tr>\n<\/thead>\n<tbody>\n<tr>\n<td>M12\u00d71,5<\/td>\n<td>STCGL01<\/td>\n<td>55<\/td>\n<td>12<\/td>\n<td>6,8<\/td>\n<td>14<\/td>\n<td>14<\/td>\n<td>3 &#8211; 6,5<\/td>\n<\/tr>\n<tr>\n<td>M16\u00d71,5<\/td>\n<td>STCGL02<\/td>\n<td>66<\/td>\n<td>12<\/td>\n<td>8,2<\/td>\n<td>18<\/td>\n<td>17<\/td>\n<td>4 &#8211; 8<\/td>\n<\/tr>\n<tr>\n<td>M20\u00d71,5<\/td>\n<td>STCGL03<\/td>\n<td>88<\/td>\n<td>12<\/td>\n<td>12,3<\/td>\n<td>22<\/td>\n<td>22<\/td>\n<td>6 &#8211; 12<\/td>\n<\/tr>\n<tr>\n<td>M25\u00d71,5<\/td>\n<td>STCGL04<\/td>\n<td>98<\/td>\n<td>12<\/td>\n<td>14,3<\/td>\n<td>27<\/td>\n<td>24<\/td>\n<td>10 &#8211; 14<\/td>\n<\/tr>\n<tr>\n<td>M32\u00d71,5<\/td>\n<td>STCGL05<\/td>\n<td>111<\/td>\n<td>14<\/td>\n<td>18,4<\/td>\n<td>34<\/td>\n<td>30<\/td>\n<td>13 &#8211; 18<\/td>\n<\/tr>\n<\/tbody>\n<\/table>\n<\/div>","protected":false},"excerpt":{"rendered":"<h3>Materiale<\/h3>\n<table>\n<tbody>\n<tr>\n<td><strong>Cofano<\/strong><\/td>\n<td>Ottone placcato al nickel<\/td>\n<\/tr>\n<tr>\n<td><strong>Guarnizione di tenuta<\/strong><\/td>\n<td>POS<\/td>\n<\/tr>\n<tr>\n<td><strong>O-ring<\/strong><\/td>\n<td>NBR<\/td>\n<\/tr>\n<tr>\n<td><strong>Tipo di filettatura<\/strong><\/td>\n<td>Metrico (EN 60423)<\/td>\n<\/tr>\n<tr>\n<td><strong>Tenuta<\/strong><\/td>\n<td>IP68<\/td>\n<\/tr>\n<tr>\n<td><strong>Temperatura di lavoro continua<\/strong><\/td>\n<td>-40\u00baC +100\u00baC<\/td>\n<\/tr>\n<\/tbody>\n<\/table>","protected":false},"featured_media":1594,"template":"","meta":{"_kad_blocks_custom_css":"","_kad_blocks_head_custom_js":"","_kad_blocks_body_custom_js":"","_kad_blocks_footer_custom_js":"","_kadence_starter_templates_imported_post":false,"_kad_post_transparent":"default","_kad_post_title":"","_kad_post_layout":"default","_kad_post_sidebar_id":"","_kad_post_content_style":"default","_kad_post_vertical_padding":"default","_kad_post_feature":"","_kad_post_feature_position":"","_kad_post_header":false,"_kad_post_footer":false},"product_cat":[31,56],"product_tag":[],"class_list":{"0":"post-1575","1":"product","2":"type-product","3":"status-publish","4":"has-post-thumbnail","6":"product_cat-prensaestopas-y-accesorios-metalicos","7":"product_cat-prensaestopas-metalico-ip-68-antitorsion","9":"first","10":"instock","11":"shipping-taxable","12":"product-type-simple","13":"entry","14":"content-bg","15":"loop-entry"},"yoast_head":"<!-- This site is optimized with the Yoast SEO plugin v21.7 - https:\/\/yoast.com\/wordpress\/plugins\/seo\/ -->\n<title>Prensaestopas M\u00e9trica Antitorsi\u00f3n Rosca Larga Met\u00e1lico IP-68 - Fleximat<\/title>\n<meta name=\"robots\" content=\"index, follow, max-snippet:-1, max-image-preview:large, max-video-preview:-1\" \/>\n<link rel=\"canonical\" href=\"https:\/\/www.fleximat.es\/it\/prodotto\/prensaestopas-metrica-antitorsion-rosca-larga-metalico-ip-68\/\" \/>\n<meta property=\"og:locale\" content=\"it_IT\" \/>\n<meta property=\"og:type\" content=\"article\" \/>\n<meta property=\"og:title\" content=\"Prensaestopas M\u00e9trica Antitorsi\u00f3n Rosca Larga Met\u00e1lico IP-68 - Fleximat\" \/>\n<meta property=\"og:description\" content=\"Material    Sombrerete Lat\u00f3n Niquelado   Junta de sellado TPV   Junta t\u00f3rica NBR   Tipo de Rosca M\u00e9trica (EN 60423)   Estanqueidad IP68   Temperatura de trabajo continua -40 \u00baC +100 \u00baC\" \/>\n<meta property=\"og:url\" content=\"https:\/\/www.fleximat.es\/it\/prodotto\/prensaestopas-metrica-antitorsion-rosca-larga-metalico-ip-68\/\" \/>\n<meta property=\"og:site_name\" content=\"Fleximat\" \/>\n<meta property=\"article:modified_time\" content=\"2023-10-25T15:14:41+00:00\" \/>\n<meta property=\"og:image\" content=\"https:\/\/www.fleximat.es\/wp-content\/uploads\/2023\/10\/th_crop_1571844996prensaestopa-metalico-antitorsion-1.jpg\" \/>\n\t<meta property=\"og:image:width\" content=\"600\" \/>\n\t<meta property=\"og:image:height\" content=\"600\" \/>\n\t<meta property=\"og:image:type\" content=\"image\/jpeg\" \/>\n<meta name=\"twitter:card\" content=\"summary_large_image\" \/>\n<meta name=\"twitter:label1\" content=\"Tempo di lettura stimato\" \/>\n\t<meta name=\"twitter:data1\" content=\"1 minuto\" \/>\n<script type=\"application\/ld+json\" class=\"yoast-schema-graph\">{\"@context\":\"https:\/\/schema.org\",\"@graph\":[{\"@type\":\"WebPage\",\"@id\":\"https:\/\/www.fleximat.es\/producto\/prensaestopas-metrica-antitorsion-rosca-larga-metalico-ip-68\/\",\"url\":\"https:\/\/www.fleximat.es\/producto\/prensaestopas-metrica-antitorsion-rosca-larga-metalico-ip-68\/\",\"name\":\"Prensaestopas M\u00e9trica Antitorsi\u00f3n Rosca Larga Met\u00e1lico IP-68 - Fleximat\",\"isPartOf\":{\"@id\":\"https:\/\/www.fleximat.es\/bn\/#website\"},\"datePublished\":\"2023-10-18T15:52:53+00:00\",\"dateModified\":\"2023-10-25T15:14:41+00:00\",\"breadcrumb\":{\"@id\":\"https:\/\/www.fleximat.es\/producto\/prensaestopas-metrica-antitorsion-rosca-larga-metalico-ip-68\/#breadcrumb\"},\"inLanguage\":\"it-IT\",\"potentialAction\":[{\"@type\":\"ReadAction\",\"target\":[\"https:\/\/www.fleximat.es\/producto\/prensaestopas-metrica-antitorsion-rosca-larga-metalico-ip-68\/\"]}]},{\"@type\":\"BreadcrumbList\",\"@id\":\"https:\/\/www.fleximat.es\/producto\/prensaestopas-metrica-antitorsion-rosca-larga-metalico-ip-68\/#breadcrumb\",\"itemListElement\":[{\"@type\":\"ListItem\",\"position\":1,\"name\":\"Portada\",\"item\":\"https:\/\/www.fleximat.es\/\"},{\"@type\":\"ListItem\",\"position\":2,\"name\":\"Productos\",\"item\":\"https:\/\/www.fleximat.es\/en\/productos\/\"},{\"@type\":\"ListItem\",\"position\":3,\"name\":\"Prensaestopas M\u00e9trica Antitorsi\u00f3n Rosca Larga Met\u00e1lico IP-68\"}]},{\"@type\":\"WebSite\",\"@id\":\"https:\/\/www.fleximat.es\/bn\/#website\",\"url\":\"https:\/\/www.fleximat.es\/bn\/\",\"name\":\"Fleximat\",\"description\":\"Tu soluci\u00f3n en prensaestopas y tubos flexibles\",\"publisher\":{\"@id\":\"https:\/\/www.fleximat.es\/bn\/#organization\"},\"potentialAction\":[{\"@type\":\"SearchAction\",\"target\":{\"@type\":\"EntryPoint\",\"urlTemplate\":\"https:\/\/www.fleximat.es\/bn\/?s={search_term_string}\"},\"query-input\":\"required name=search_term_string\"}],\"inLanguage\":\"it-IT\"},{\"@type\":\"Organization\",\"@id\":\"https:\/\/www.fleximat.es\/bn\/#organization\",\"name\":\"Fleximat\",\"url\":\"https:\/\/www.fleximat.es\/bn\/\",\"logo\":{\"@type\":\"ImageObject\",\"inLanguage\":\"it-IT\",\"@id\":\"https:\/\/www.fleximat.es\/bn\/#\/schema\/logo\/image\/\",\"url\":\"https:\/\/www.fleximat.es\/wp-content\/uploads\/2023\/11\/fleximat-logo-1.png\",\"contentUrl\":\"https:\/\/www.fleximat.es\/wp-content\/uploads\/2023\/11\/fleximat-logo-1.png\",\"width\":1169,\"height\":289,\"caption\":\"Fleximat\"},\"image\":{\"@id\":\"https:\/\/www.fleximat.es\/bn\/#\/schema\/logo\/image\/\"}}]}<\/script>\n<!-- \/ Yoast SEO plugin. -->","yoast_head_json":{"title":"Prensaestopas M\u00e9trica Antitorsi\u00f3n Rosca Larga Met\u00e1lico IP-68 - Fleximat","robots":{"index":"index","follow":"follow","max-snippet":"max-snippet:-1","max-image-preview":"max-image-preview:large","max-video-preview":"max-video-preview:-1"},"canonical":"https:\/\/www.fleximat.es\/it\/prodotto\/prensaestopas-metrica-antitorsion-rosca-larga-metalico-ip-68\/","og_locale":"it_IT","og_type":"article","og_title":"Prensaestopas M\u00e9trica Antitorsi\u00f3n Rosca Larga Met\u00e1lico IP-68 - Fleximat","og_description":"Material    Sombrerete Lat\u00f3n Niquelado   Junta de sellado TPV   Junta t\u00f3rica NBR   Tipo de Rosca M\u00e9trica (EN 60423)   Estanqueidad IP68   Temperatura de trabajo continua -40 \u00baC +100 \u00baC","og_url":"https:\/\/www.fleximat.es\/it\/prodotto\/prensaestopas-metrica-antitorsion-rosca-larga-metalico-ip-68\/","og_site_name":"Fleximat","article_modified_time":"2023-10-25T15:14:41+00:00","og_image":[{"width":600,"height":600,"url":"https:\/\/www.fleximat.es\/wp-content\/uploads\/2023\/10\/th_crop_1571844996prensaestopa-metalico-antitorsion-1.jpg","type":"image\/jpeg"}],"twitter_card":"summary_large_image","twitter_misc":{"Tempo di lettura stimato":"1 minuto"},"schema":{"@context":"https:\/\/schema.org","@graph":[{"@type":"WebPage","@id":"https:\/\/www.fleximat.es\/producto\/prensaestopas-metrica-antitorsion-rosca-larga-metalico-ip-68\/","url":"https:\/\/www.fleximat.es\/producto\/prensaestopas-metrica-antitorsion-rosca-larga-metalico-ip-68\/","name":"Prensaestopas M\u00e9trica Antitorsi\u00f3n Rosca Larga Met\u00e1lico IP-68 - Fleximat","isPartOf":{"@id":"https:\/\/www.fleximat.es\/bn\/#website"},"datePublished":"2023-10-18T15:52:53+00:00","dateModified":"2023-10-25T15:14:41+00:00","breadcrumb":{"@id":"https:\/\/www.fleximat.es\/producto\/prensaestopas-metrica-antitorsion-rosca-larga-metalico-ip-68\/#breadcrumb"},"inLanguage":"it-IT","potentialAction":[{"@type":"ReadAction","target":["https:\/\/www.fleximat.es\/producto\/prensaestopas-metrica-antitorsion-rosca-larga-metalico-ip-68\/"]}]},{"@type":"BreadcrumbList","@id":"https:\/\/www.fleximat.es\/producto\/prensaestopas-metrica-antitorsion-rosca-larga-metalico-ip-68\/#breadcrumb","itemListElement":[{"@type":"ListItem","position":1,"name":"Portada","item":"https:\/\/www.fleximat.es\/"},{"@type":"ListItem","position":2,"name":"Productos","item":"https:\/\/www.fleximat.es\/en\/productos\/"},{"@type":"ListItem","position":3,"name":"Prensaestopas M\u00e9trica Antitorsi\u00f3n Rosca Larga Met\u00e1lico IP-68"}]},{"@type":"WebSite","@id":"https:\/\/www.fleximat.es\/bn\/#website","url":"https:\/\/www.fleximat.es\/bn\/","name":"Fleximat","description":"Tu soluci\u00f3n en prensaestopas y tubos flexibles","publisher":{"@id":"https:\/\/www.fleximat.es\/bn\/#organization"},"potentialAction":[{"@type":"SearchAction","target":{"@type":"EntryPoint","urlTemplate":"https:\/\/www.fleximat.es\/bn\/?s={search_term_string}"},"query-input":"required name=search_term_string"}],"inLanguage":"it-IT"},{"@type":"Organization","@id":"https:\/\/www.fleximat.es\/bn\/#organization","name":"Fleximat","url":"https:\/\/www.fleximat.es\/bn\/","logo":{"@type":"ImageObject","inLanguage":"it-IT","@id":"https:\/\/www.fleximat.es\/bn\/#\/schema\/logo\/image\/","url":"https:\/\/www.fleximat.es\/wp-content\/uploads\/2023\/11\/fleximat-logo-1.png","contentUrl":"https:\/\/www.fleximat.es\/wp-content\/uploads\/2023\/11\/fleximat-logo-1.png","width":1169,"height":289,"caption":"Fleximat"},"image":{"@id":"https:\/\/www.fleximat.es\/bn\/#\/schema\/logo\/image\/"}}]}},"taxonomy_info":{"product_cat":[{"value":31,"label":"Prensaestopas y accesorios met\u00e1licos"},{"value":56,"label":"Prensaestopas Met\u00e1lico IP-68 Antitorsi\u00f3n"}]},"featured_image_src_large":["https:\/\/www.fleximat.es\/wp-content\/uploads\/2023\/10\/th_crop_1571844996prensaestopa-metalico-antitorsion-1.jpg",600,600,false],"author_info":[],"comment_info":"","_links":{"self":[{"href":"https:\/\/www.fleximat.es\/it\/wp-json\/wp\/v2\/product\/1575"}],"collection":[{"href":"https:\/\/www.fleximat.es\/it\/wp-json\/wp\/v2\/product"}],"about":[{"href":"https:\/\/www.fleximat.es\/it\/wp-json\/wp\/v2\/types\/product"}],"wp:featuredmedia":[{"embeddable":true,"href":"https:\/\/www.fleximat.es\/it\/wp-json\/wp\/v2\/media\/1594"}],"wp:attachment":[{"href":"https:\/\/www.fleximat.es\/it\/wp-json\/wp\/v2\/media?parent=1575"}],"wp:term":[{"taxonomy":"product_cat","embeddable":true,"href":"https:\/\/www.fleximat.es\/it\/wp-json\/wp\/v2\/product_cat?post=1575"},{"taxonomy":"product_tag","embeddable":true,"href":"https:\/\/www.fleximat.es\/it\/wp-json\/wp\/v2\/product_tag?post=1575"}],"curies":[{"name":"wp","href":"https:\/\/api.w.org\/{rel}","templated":true}]}}