{"id":1704,"date":"2023-10-18T17:54:04","date_gmt":"2023-10-18T15:54:04","guid":{"rendered":"https:\/\/www.fleximat.es\/?post_type=product&#038;p=1704"},"modified":"2023-10-25T09:19:00","modified_gmt":"2023-10-25T07:19:00","slug":"racor-hembra-liquid-tight-con-pasacables-npt-metalico-ip-67","status":"publish","type":"product","link":"https:\/\/www.fleximat.es\/it\/prodotto\/racor-hembra-liquid-tight-con-pasacables-npt-metalico-ip-67\/","title":{"rendered":"Raccordo femmina a TENUTA DI LIQUIDO con pressacavo metallico NPT IP-67"},"content":{"rendered":"<h4>Propriet\u00e0<\/h4>\n<p>Montaggio semplice<br \/>\nPrivo di alogeni<br \/>\nDisponibile con filettatura lunga<\/p>\n<h3>Descrizione del prodotto<\/h3>\n<p><span style=\"font-weight: 400;\">Un pressacavo amplificatore\/riduttore \u00e8 un pressacavo speciale che si adatta alle esigenze di filettatura dell&#039;installazione. L&#039;amplificatore\/riduttore pu\u00f2 avere una filettatura o un corpo specifico (pi\u00f9 grande o pi\u00f9 piccolo dello standard).<\/span><\/p>\n<p>I pressacavi metallici offrono una grande variet\u00e0 di propriet\u00e0, siano esse meccaniche, chimiche o prestazionali. I pressacavi sono rapidi da montare e facili da installare. Hanno un ampio intervallo di temperature di lavoro.<\/p>\n<p>Meccanicamente resistono e assorbono qualsiasi tipo di trazione, vibrazione e urto.<\/p>\n<p>Il pressacavo metallico \u00e8 presente in qualsiasi tipo di installazione, macchinario o attrezzatura che richiede un&#039;alimentazione elettrica continua ed \u00e8 responsabile di garantirne il collegamento.<\/p>\n<table class=\"table table-bordered table-striped\">\n<thead>\n<tr>\n<td>Metrica<\/td>\n<td>Codice<\/td>\n<td>Hmm<\/td>\n<td>GL mm<\/td>\n<td>Bmm<\/td>\n<td>cmq<\/td>\n<td>mm<\/td>\n<\/tr>\n<\/thead>\n<tbody>\n<tr>\n<td>PAG 7<\/td>\n<td>OPBGL01<\/td>\n<td>22<\/td>\n<td>25<\/td>\n<td>14<\/td>\n<td>14<\/td>\n<td>3 &#8211; 6,5<\/td>\n<\/tr>\n<tr>\n<td>PAG 9<\/td>\n<td>OPBGL02<\/td>\n<td>23<\/td>\n<td>25<\/td>\n<td>17<\/td>\n<td>17<\/td>\n<td>4 &#8211; 8<\/td>\n<\/tr>\n<tr>\n<td>PG 11<\/td>\n<td>OPBGL03<\/td>\n<td>24,5<\/td>\n<td>25<\/td>\n<td>20<\/td>\n<td>20<\/td>\n<td>5 &#8211; 10<\/td>\n<\/tr>\n<tr>\n<td>GP 13.5<\/td>\n<td>OPBGL04<\/td>\n<td>26,5<\/td>\n<td>25<\/td>\n<td>22<\/td>\n<td>22<\/td>\n<td>6 &#8211; 12<\/td>\n<\/tr>\n<tr>\n<td>PG 16<\/td>\n<td>OPBGL05<\/td>\n<td>28<\/td>\n<td>25<\/td>\n<td>24<\/td>\n<td>24<\/td>\n<td>10 &#8211; 14<\/td>\n<\/tr>\n<tr>\n<td>PG 21<\/td>\n<td>OPBGL06<\/td>\n<td>31,5<\/td>\n<td>25<\/td>\n<td>30<\/td>\n<td>30<\/td>\n<td>13 &#8211; 18<\/td>\n<\/tr>\n<tr>\n<td>PG29<\/td>\n<td>OPBGL07<\/td>\n<td>38<\/td>\n<td>25<\/td>\n<td>40<\/td>\n<td>40<\/td>\n<td>18 &#8211; 25<\/td>\n<\/tr>\n<\/tbody>\n<\/table>","protected":false},"excerpt":{"rendered":"<h3>Caratteristiche<\/h3>\n<table>\n<tbody>\n<tr>\n<td><strong>Guarnizione di tenuta<\/strong><\/td>\n<td>POS<\/td>\n<\/tr>\n<tr>\n<td><strong>Corpo<\/strong><\/td>\n<td>Platone nichelato<\/td>\n<\/tr>\n<tr>\n<td><strong>O-ring<\/strong><\/td>\n<td>NBR<\/td>\n<\/tr>\n<tr>\n<td><strong>Tipo di filettatura<\/strong><\/td>\n<td>PG (DIN 40430)<\/td>\n<\/tr>\n<tr>\n<td><strong>Tenuta<\/strong><\/td>\n<td>IP68 \u2013 5 bar<\/td>\n<\/tr>\n<tr>\n<td><strong>Temperatura di lavoro continua<\/strong><\/td>\n<td>-40 \u00baC +100 \u00baC +150 \u00baC (temporaneo)<\/td>\n<\/tr>\n<\/tbody>\n<\/table>","protected":false},"featured_media":1693,"template":"","meta":{"_kad_blocks_custom_css":"","_kad_blocks_head_custom_js":"","_kad_blocks_body_custom_js":"","_kad_blocks_footer_custom_js":"","_kadence_starter_templates_imported_post":false,"_kad_post_transparent":"default","_kad_post_title":"","_kad_post_layout":"default","_kad_post_sidebar_id":"","_kad_post_content_style":"default","_kad_post_vertical_padding":"default","_kad_post_feature":"","_kad_post_feature_position":"","_kad_post_header":false,"_kad_post_footer":false},"product_cat":[68,71],"product_tag":[],"class_list":{"0":"post-1704","1":"product","2":"type-product","3":"status-publish","4":"has-post-thumbnail","6":"product_cat-tubos-flexibles-racores-y-accesorios","7":"product_cat-racores-y-accesorios-metalicos","9":"first","10":"instock","11":"shipping-taxable","12":"product-type-simple","13":"entry","14":"content-bg","15":"loop-entry"},"yoast_head":"<!-- This site is optimized with the Yoast SEO plugin v21.7 - https:\/\/yoast.com\/wordpress\/plugins\/seo\/ -->\n<title>Racor Hembra LIQUID TIGHT con Pasacables NPT Met\u00e1lico IP-67 - Fleximat<\/title>\n<meta name=\"robots\" content=\"index, follow, max-snippet:-1, max-image-preview:large, max-video-preview:-1\" \/>\n<link rel=\"canonical\" href=\"https:\/\/www.fleximat.es\/it\/product\/racor-hembra-liquid-tight-con-pasacables-npt-metalico-ip-67\/\" \/>\n<meta property=\"og:locale\" content=\"it_IT\" \/>\n<meta property=\"og:type\" content=\"article\" \/>\n<meta property=\"og:title\" content=\"Racor Hembra LIQUID TIGHT con Pasacables NPT Met\u00e1lico IP-67 - Fleximat\" \/>\n<meta property=\"og:description\" content=\"Caracter\u00edsticas    Junta de sellado TPV   Cuerpo Plat\u00f3n Niquelado   Junta t\u00f3rica NBR   Tipo de Rosca PG (DIN 40430)   Estanqueidad IP68 - 5 bar   Temperatura de trabajo continua -40 \u00baC +100 \u00baC +150 \u00baC (temporal)\" \/>\n<meta property=\"og:url\" content=\"https:\/\/www.fleximat.es\/it\/product\/racor-hembra-liquid-tight-con-pasacables-npt-metalico-ip-67\/\" \/>\n<meta property=\"og:site_name\" content=\"Fleximat\" \/>\n<meta property=\"article:modified_time\" content=\"2023-10-25T07:19:00+00:00\" \/>\n<meta property=\"og:image\" content=\"https:\/\/www.fleximat.es\/wp-content\/uploads\/2023\/10\/racor-con-prensa-metalico.jpg\" \/>\n\t<meta property=\"og:image:width\" content=\"686\" \/>\n\t<meta property=\"og:image:height\" content=\"760\" \/>\n\t<meta property=\"og:image:type\" content=\"image\/jpeg\" \/>\n<meta name=\"twitter:card\" content=\"summary_large_image\" \/>\n<meta name=\"twitter:label1\" content=\"Tempo di lettura stimato\" \/>\n\t<meta name=\"twitter:data1\" content=\"1 minuto\" \/>\n<script type=\"application\/ld+json\" class=\"yoast-schema-graph\">{\"@context\":\"https:\/\/schema.org\",\"@graph\":[{\"@type\":\"WebPage\",\"@id\":\"https:\/\/www.fleximat.es\/bn\/product\/racor-hembra-liquid-tight-con-pasacables-npt-metalico-ip-67\/\",\"url\":\"https:\/\/www.fleximat.es\/bn\/product\/racor-hembra-liquid-tight-con-pasacables-npt-metalico-ip-67\/\",\"name\":\"Racor Hembra LIQUID TIGHT con Pasacables NPT Met\u00e1lico IP-67 - Fleximat\",\"isPartOf\":{\"@id\":\"https:\/\/www.fleximat.es\/bn\/#website\"},\"datePublished\":\"2023-10-18T15:54:04+00:00\",\"dateModified\":\"2023-10-25T07:19:00+00:00\",\"breadcrumb\":{\"@id\":\"https:\/\/www.fleximat.es\/bn\/product\/racor-hembra-liquid-tight-con-pasacables-npt-metalico-ip-67\/#breadcrumb\"},\"inLanguage\":\"it-IT\",\"potentialAction\":[{\"@type\":\"ReadAction\",\"target\":[\"https:\/\/www.fleximat.es\/bn\/product\/racor-hembra-liquid-tight-con-pasacables-npt-metalico-ip-67\/\"]}]},{\"@type\":\"BreadcrumbList\",\"@id\":\"https:\/\/www.fleximat.es\/bn\/product\/racor-hembra-liquid-tight-con-pasacables-npt-metalico-ip-67\/#breadcrumb\",\"itemListElement\":[{\"@type\":\"ListItem\",\"position\":1,\"name\":\"Portada\",\"item\":\"https:\/\/www.fleximat.es\/\"},{\"@type\":\"ListItem\",\"position\":2,\"name\":\"Productos\",\"item\":\"https:\/\/www.fleximat.es\/en\/productos\/\"},{\"@type\":\"ListItem\",\"position\":3,\"name\":\"Racor Hembra LIQUID TIGHT con Pasacables NPT Met\u00e1lico IP-67\"}]},{\"@type\":\"WebSite\",\"@id\":\"https:\/\/www.fleximat.es\/bn\/#website\",\"url\":\"https:\/\/www.fleximat.es\/bn\/\",\"name\":\"Fleximat\",\"description\":\"Tu soluci\u00f3n en prensaestopas y tubos flexibles\",\"publisher\":{\"@id\":\"https:\/\/www.fleximat.es\/bn\/#organization\"},\"potentialAction\":[{\"@type\":\"SearchAction\",\"target\":{\"@type\":\"EntryPoint\",\"urlTemplate\":\"https:\/\/www.fleximat.es\/bn\/?s={search_term_string}\"},\"query-input\":\"required name=search_term_string\"}],\"inLanguage\":\"it-IT\"},{\"@type\":\"Organization\",\"@id\":\"https:\/\/www.fleximat.es\/bn\/#organization\",\"name\":\"Fleximat\",\"url\":\"https:\/\/www.fleximat.es\/bn\/\",\"logo\":{\"@type\":\"ImageObject\",\"inLanguage\":\"it-IT\",\"@id\":\"https:\/\/www.fleximat.es\/bn\/#\/schema\/logo\/image\/\",\"url\":\"https:\/\/www.fleximat.es\/wp-content\/uploads\/2023\/11\/fleximat-logo-1.png\",\"contentUrl\":\"https:\/\/www.fleximat.es\/wp-content\/uploads\/2023\/11\/fleximat-logo-1.png\",\"width\":1169,\"height\":289,\"caption\":\"Fleximat\"},\"image\":{\"@id\":\"https:\/\/www.fleximat.es\/bn\/#\/schema\/logo\/image\/\"}}]}<\/script>\n<!-- \/ Yoast SEO plugin. -->","yoast_head_json":{"title":"Racor Hembra LIQUID TIGHT con Pasacables NPT Met\u00e1lico IP-67 - Fleximat","robots":{"index":"index","follow":"follow","max-snippet":"max-snippet:-1","max-image-preview":"max-image-preview:large","max-video-preview":"max-video-preview:-1"},"canonical":"https:\/\/www.fleximat.es\/it\/product\/racor-hembra-liquid-tight-con-pasacables-npt-metalico-ip-67\/","og_locale":"it_IT","og_type":"article","og_title":"Racor Hembra LIQUID TIGHT con Pasacables NPT Met\u00e1lico IP-67 - Fleximat","og_description":"Caracter\u00edsticas    Junta de sellado TPV   Cuerpo Plat\u00f3n Niquelado   Junta t\u00f3rica NBR   Tipo de Rosca PG (DIN 40430)   Estanqueidad IP68 - 5 bar   Temperatura de trabajo continua -40 \u00baC +100 \u00baC +150 \u00baC (temporal)","og_url":"https:\/\/www.fleximat.es\/it\/product\/racor-hembra-liquid-tight-con-pasacables-npt-metalico-ip-67\/","og_site_name":"Fleximat","article_modified_time":"2023-10-25T07:19:00+00:00","og_image":[{"width":686,"height":760,"url":"https:\/\/www.fleximat.es\/wp-content\/uploads\/2023\/10\/racor-con-prensa-metalico.jpg","type":"image\/jpeg"}],"twitter_card":"summary_large_image","twitter_misc":{"Tempo di lettura stimato":"1 minuto"},"schema":{"@context":"https:\/\/schema.org","@graph":[{"@type":"WebPage","@id":"https:\/\/www.fleximat.es\/bn\/product\/racor-hembra-liquid-tight-con-pasacables-npt-metalico-ip-67\/","url":"https:\/\/www.fleximat.es\/bn\/product\/racor-hembra-liquid-tight-con-pasacables-npt-metalico-ip-67\/","name":"Racor Hembra LIQUID TIGHT con Pasacables NPT Met\u00e1lico IP-67 - Fleximat","isPartOf":{"@id":"https:\/\/www.fleximat.es\/bn\/#website"},"datePublished":"2023-10-18T15:54:04+00:00","dateModified":"2023-10-25T07:19:00+00:00","breadcrumb":{"@id":"https:\/\/www.fleximat.es\/bn\/product\/racor-hembra-liquid-tight-con-pasacables-npt-metalico-ip-67\/#breadcrumb"},"inLanguage":"it-IT","potentialAction":[{"@type":"ReadAction","target":["https:\/\/www.fleximat.es\/bn\/product\/racor-hembra-liquid-tight-con-pasacables-npt-metalico-ip-67\/"]}]},{"@type":"BreadcrumbList","@id":"https:\/\/www.fleximat.es\/bn\/product\/racor-hembra-liquid-tight-con-pasacables-npt-metalico-ip-67\/#breadcrumb","itemListElement":[{"@type":"ListItem","position":1,"name":"Portada","item":"https:\/\/www.fleximat.es\/"},{"@type":"ListItem","position":2,"name":"Productos","item":"https:\/\/www.fleximat.es\/en\/productos\/"},{"@type":"ListItem","position":3,"name":"Racor Hembra LIQUID TIGHT con Pasacables NPT Met\u00e1lico IP-67"}]},{"@type":"WebSite","@id":"https:\/\/www.fleximat.es\/bn\/#website","url":"https:\/\/www.fleximat.es\/bn\/","name":"Fleximat","description":"Tu soluci\u00f3n en prensaestopas y tubos flexibles","publisher":{"@id":"https:\/\/www.fleximat.es\/bn\/#organization"},"potentialAction":[{"@type":"SearchAction","target":{"@type":"EntryPoint","urlTemplate":"https:\/\/www.fleximat.es\/bn\/?s={search_term_string}"},"query-input":"required name=search_term_string"}],"inLanguage":"it-IT"},{"@type":"Organization","@id":"https:\/\/www.fleximat.es\/bn\/#organization","name":"Fleximat","url":"https:\/\/www.fleximat.es\/bn\/","logo":{"@type":"ImageObject","inLanguage":"it-IT","@id":"https:\/\/www.fleximat.es\/bn\/#\/schema\/logo\/image\/","url":"https:\/\/www.fleximat.es\/wp-content\/uploads\/2023\/11\/fleximat-logo-1.png","contentUrl":"https:\/\/www.fleximat.es\/wp-content\/uploads\/2023\/11\/fleximat-logo-1.png","width":1169,"height":289,"caption":"Fleximat"},"image":{"@id":"https:\/\/www.fleximat.es\/bn\/#\/schema\/logo\/image\/"}}]}},"taxonomy_info":{"product_cat":[{"value":68,"label":"Tubos flexibles, racores y accesorios"},{"value":71,"label":"Racores y accesorios met\u00e1licos"}]},"featured_image_src_large":["https:\/\/www.fleximat.es\/wp-content\/uploads\/2023\/10\/racor-con-prensa-metalico.jpg",686,760,false],"author_info":[],"comment_info":"","_links":{"self":[{"href":"https:\/\/www.fleximat.es\/it\/wp-json\/wp\/v2\/product\/1704"}],"collection":[{"href":"https:\/\/www.fleximat.es\/it\/wp-json\/wp\/v2\/product"}],"about":[{"href":"https:\/\/www.fleximat.es\/it\/wp-json\/wp\/v2\/types\/product"}],"wp:featuredmedia":[{"embeddable":true,"href":"https:\/\/www.fleximat.es\/it\/wp-json\/wp\/v2\/media\/1693"}],"wp:attachment":[{"href":"https:\/\/www.fleximat.es\/it\/wp-json\/wp\/v2\/media?parent=1704"}],"wp:term":[{"taxonomy":"product_cat","embeddable":true,"href":"https:\/\/www.fleximat.es\/it\/wp-json\/wp\/v2\/product_cat?post=1704"},{"taxonomy":"product_tag","embeddable":true,"href":"https:\/\/www.fleximat.es\/it\/wp-json\/wp\/v2\/product_tag?post=1704"}],"curies":[{"name":"wp","href":"https:\/\/api.w.org\/{rel}","templated":true}]}}