{"id":1328,"date":"2023-10-10T18:46:51","date_gmt":"2023-10-10T16:46:51","guid":{"rendered":"https:\/\/www.fleximat.es\/?page_id=1328"},"modified":"2023-11-23T10:51:40","modified_gmt":"2023-11-23T09:51:40","slug":"aviso-legal","status":"publish","type":"page","link":"https:\/\/www.fleximat.es\/ja\/aviso-legal\/","title":{"rendered":"\u6cd5\u7684\u8b66\u544a"},"content":{"rendered":"<p><strong>\u7a0e\u91d1\u30c7\u30fc\u30bf<\/strong><\/p>\n\n\n\n<ul class=\"wp-block-list\">\n<li>\u30aa\u30fc\u30ca\u30fc: FLEXIMAT SL<\/li>\n\n\n\n<li>NIF: B61575379<\/li>\n\n\n\n<li>\u4f4f\u6240: C\/ Marcel.li Massana, 20, 08206. Sabadell (\u30b9\u30da\u30a4\u30f3\u3001\u30d0\u30eb\u30bb\u30ed\u30ca)<\/li>\n\n\n\n<li>\u96fb\u8a71: +34 93 724 71 70<\/li>\n<\/ul>\n\n\n\n<p><strong>\u500b\u4eba\u30c7\u30fc\u30bf\u306e\u4fdd\u8b77<\/strong><\/p>\n\n\n\n<p>\u30a6\u30a7\u30d6\u30b5\u30a4\u30c8\u3092\u901a\u3058\u3066\u53ce\u96c6\u3055\u308c\u305f\u500b\u4eba\u30c7\u30fc\u30bf\u306f\u3001\u8981\u6c42\u3055\u308c\u305f\u30b5\u30fc\u30d3\u30b9\u306e\u63d0\u4f9b\u304a\u3088\u3073\u8acb\u6c42\u306e\u76ee\u7684\u306b\u306e\u307f\u4f7f\u7528\u3055\u308c\u307e\u3059\u3002\u304a\u5ba2\u69d8\u306e\u30c7\u30fc\u30bf\u306f\u3001\u8acb\u6c42\u76ee\u7684\u3067 FLEXIMAT SL \u304c\u6240\u6709\u3059\u308b\u30d5\u30a1\u30a4\u30eb\u306b\u4fdd\u5b58\u3055\u308c\u3001\u6cd5\u7684\u306b\u5fc5\u8981\u306a\u671f\u9593\u30a2\u30fc\u30ab\u30a4\u30d6\u3055\u308c\u307e\u3059\u3002\u304a\u5ba2\u69d8\u306f\u3001FLEXIMAT SL (C\/ Marcel.li Massana, 20, 08206. Sabadell (Barcelona, SPAIN)) \u5b9b\u306b\u66f8\u9762\u306b\u3066\u3001\u30a2\u30af\u30bb\u30b9\u3001\u4fee\u6b63\u3001\u30ad\u30e3\u30f3\u30bb\u30eb\u304a\u3088\u3073\u7570\u8b70\u7533\u3057\u7acb\u3066\u306e\u6a29\u5229\u3092\u884c\u4f7f\u3059\u308b\u3053\u3068\u304c\u3067\u304d\u307e\u3059\u3002<\/p>\n\n\n\n<p><strong>\u77e5\u7684\u8ca1\u7523\u3068\u30b3\u30f3\u30c6\u30f3\u30c4\u306b\u5bfe\u3059\u308b\u8cac\u4efb<\/strong><\/p>\n\n\n\n<p>\u6240\u6709\u8005\u306e\u660e\u793a\u7684\u306a\u8a31\u53ef\u304c\u306a\u3044\u9650\u308a\u3001Web \u30b5\u30a4\u30c8\u306e\u3059\u3079\u3066\u306e\u30b3\u30f3\u30c6\u30f3\u30c4\u3001\u7279\u306b\u30c6\u30ad\u30b9\u30c8\u3001\u30c7\u30b6\u30a4\u30f3\u3001\u30bd\u30fc\u30b9 \u30b3\u30fc\u30c9\u3092\u4f7f\u7528\u3059\u308b\u3053\u3068\u306f\u7981\u6b62\u3055\u308c\u3066\u3044\u307e\u3059\u3002\u4e0d\u6b63\u4f7f\u7528\u306f\u6b63\u5f53\u306a\u6240\u6709\u8005\u306b\u3088\u3063\u3066\u6b63\u5f0f\u306b\u8a34\u8ffd\u3055\u308c\u307e\u3059\u3002<\/p>\n\n\n\n<p>LSSICE \u306e\u7b2c 17 \u6761\u306b\u5b9a\u3081\u3089\u308c\u3066\u3044\u308b\u3068\u304a\u308a\u3001Web \u30b5\u30a4\u30c8\u306e\u6240\u6709\u8005\u306f\u3001Web \u30b5\u30a4\u30c8\u4e0a\u306e\u30ea\u30f3\u30af\u5148\u306e\u30b3\u30f3\u30c6\u30f3\u30c4\u306b\u3064\u3044\u3066\u8cac\u4efb\u3092\u8ca0\u3044\u307e\u305b\u3093\u3002<\/p>","protected":false},"excerpt":{"rendered":"<p>Datos fiscales Protecci\u00f3n de datos personales Los datos de car\u00e1cter personal que se recogen a trav\u00e9s de la p\u00e1gina web, son \u00fanicamente utilizados a efectos de prestar los servicios solicitados as\u00ed como proceder a la facturaci\u00f3n de los mismos. Sus datos ser\u00e1n ubicados en ficheros titularidad de FLEXIMAT SL a efectos de facturaci\u00f3n y ser\u00e1n archivados por el periodo de tiempo legalmente necesario. Usted podr\u00e1 ejercer los derechos de acceso, rectificaci\u00f3n, cancelaci\u00f3n y oposici\u00f3n por escrito a FLEXIMAT SL en C\/ Marcel.li Massana, 20, 08206. Sabadell (Barcelona,SPAIN). Propiedad intelectual y responsabilidad sobre los contenidos Queda prohibido cualquier uso de todos los contenidos de la p\u00e1gina web, concretamente sobre los textos,&#8230;<\/p>","protected":false},"author":1,"featured_media":0,"parent":0,"menu_order":20,"comment_status":"closed","ping_status":"closed","template":"","meta":{"_kad_blocks_custom_css":"","_kad_blocks_head_custom_js":"","_kad_blocks_body_custom_js":"","_kad_blocks_footer_custom_js":"","_kadence_starter_templates_imported_post":false,"_kad_post_transparent":"","_kad_post_title":"","_kad_post_layout":"","_kad_post_sidebar_id":"","_kad_post_content_style":"","_kad_post_vertical_padding":"","_kad_post_feature":"","_kad_post_feature_position":"","_kad_post_header":false,"_kad_post_footer":false,"footnotes":""},"class_list":["post-1328","page","type-page","status-publish","hentry"],"yoast_head":"<!-- This site is optimized with the Yoast SEO plugin v21.7 - https:\/\/yoast.com\/wordpress\/plugins\/seo\/ -->\n<title>Aviso legal - Fleximat<\/title>\n<meta name=\"robots\" content=\"index, follow, max-snippet:-1, max-image-preview:large, max-video-preview:-1\" \/>\n<link rel=\"canonical\" href=\"https:\/\/www.fleximat.es\/ja\/aviso-legal\/\" \/>\n<meta property=\"og:locale\" content=\"ja_JP\" \/>\n<meta property=\"og:type\" content=\"article\" \/>\n<meta property=\"og:title\" content=\"Aviso legal - Fleximat\" \/>\n<meta property=\"og:description\" content=\"Datos fiscales Protecci\u00f3n de datos personales Los datos de car\u00e1cter personal que se recogen a trav\u00e9s de la p\u00e1gina web, son \u00fanicamente utilizados a efectos de prestar los servicios solicitados as\u00ed como proceder a la facturaci\u00f3n de los mismos. Sus datos ser\u00e1n ubicados en ficheros titularidad de FLEXIMAT SL a efectos de facturaci\u00f3n y ser\u00e1n archivados por el periodo de tiempo legalmente necesario. Usted podr\u00e1 ejercer los derechos de acceso, rectificaci\u00f3n, cancelaci\u00f3n y oposici\u00f3n por escrito a FLEXIMAT SL en C\/ Marcel.li Massana, 20, 08206. Sabadell (Barcelona,SPAIN). Propiedad intelectual y responsabilidad sobre los contenidos Queda prohibido cualquier uso de todos los contenidos de la p\u00e1gina web, concretamente sobre los textos,...\" \/>\n<meta property=\"og:url\" content=\"https:\/\/www.fleximat.es\/ja\/aviso-legal\/\" \/>\n<meta property=\"og:site_name\" content=\"Fleximat\" \/>\n<meta property=\"article:modified_time\" content=\"2023-11-23T09:51:40+00:00\" \/>\n<meta name=\"twitter:card\" content=\"summary_large_image\" \/>\n<meta name=\"twitter:label1\" content=\"\u63a8\u5b9a\u8aad\u307f\u53d6\u308a\u6642\u9593\" \/>\n\t<meta name=\"twitter:data1\" content=\"1\u5206\" \/>\n<script type=\"application\/ld+json\" class=\"yoast-schema-graph\">{\"@context\":\"https:\/\/schema.org\",\"@graph\":[{\"@type\":\"WebPage\",\"@id\":\"https:\/\/www.fleximat.es\/aviso-legal\/\",\"url\":\"https:\/\/www.fleximat.es\/aviso-legal\/\",\"name\":\"Aviso legal - Fleximat\",\"isPartOf\":{\"@id\":\"https:\/\/www.fleximat.es\/bn\/#website\"},\"datePublished\":\"2023-10-10T16:46:51+00:00\",\"dateModified\":\"2023-11-23T09:51:40+00:00\",\"breadcrumb\":{\"@id\":\"https:\/\/www.fleximat.es\/aviso-legal\/#breadcrumb\"},\"inLanguage\":\"ja\",\"potentialAction\":[{\"@type\":\"ReadAction\",\"target\":[\"https:\/\/www.fleximat.es\/aviso-legal\/\"]}]},{\"@type\":\"BreadcrumbList\",\"@id\":\"https:\/\/www.fleximat.es\/aviso-legal\/#breadcrumb\",\"itemListElement\":[{\"@type\":\"ListItem\",\"position\":1,\"name\":\"Portada\",\"item\":\"https:\/\/www.fleximat.es\/\"},{\"@type\":\"ListItem\",\"position\":2,\"name\":\"Aviso legal\"}]},{\"@type\":\"WebSite\",\"@id\":\"https:\/\/www.fleximat.es\/bn\/#website\",\"url\":\"https:\/\/www.fleximat.es\/bn\/\",\"name\":\"Fleximat\",\"description\":\"Tu soluci\u00f3n en prensaestopas y tubos flexibles\",\"publisher\":{\"@id\":\"https:\/\/www.fleximat.es\/bn\/#organization\"},\"potentialAction\":[{\"@type\":\"SearchAction\",\"target\":{\"@type\":\"EntryPoint\",\"urlTemplate\":\"https:\/\/www.fleximat.es\/bn\/?s={search_term_string}\"},\"query-input\":\"required name=search_term_string\"}],\"inLanguage\":\"ja\"},{\"@type\":\"Organization\",\"@id\":\"https:\/\/www.fleximat.es\/bn\/#organization\",\"name\":\"Fleximat\",\"url\":\"https:\/\/www.fleximat.es\/bn\/\",\"logo\":{\"@type\":\"ImageObject\",\"inLanguage\":\"ja\",\"@id\":\"https:\/\/www.fleximat.es\/bn\/#\/schema\/logo\/image\/\",\"url\":\"https:\/\/www.fleximat.es\/wp-content\/uploads\/2023\/11\/fleximat-logo-1.png\",\"contentUrl\":\"https:\/\/www.fleximat.es\/wp-content\/uploads\/2023\/11\/fleximat-logo-1.png\",\"width\":1169,\"height\":289,\"caption\":\"Fleximat\"},\"image\":{\"@id\":\"https:\/\/www.fleximat.es\/bn\/#\/schema\/logo\/image\/\"}}]}<\/script>\n<!-- \/ Yoast SEO plugin. -->","yoast_head_json":{"title":"Aviso legal - Fleximat","robots":{"index":"index","follow":"follow","max-snippet":"max-snippet:-1","max-image-preview":"max-image-preview:large","max-video-preview":"max-video-preview:-1"},"canonical":"https:\/\/www.fleximat.es\/ja\/aviso-legal\/","og_locale":"ja_JP","og_type":"article","og_title":"Aviso legal - Fleximat","og_description":"Datos fiscales Protecci\u00f3n de datos personales Los datos de car\u00e1cter personal que se recogen a trav\u00e9s de la p\u00e1gina web, son \u00fanicamente utilizados a efectos de prestar los servicios solicitados as\u00ed como proceder a la facturaci\u00f3n de los mismos. Sus datos ser\u00e1n ubicados en ficheros titularidad de FLEXIMAT SL a efectos de facturaci\u00f3n y ser\u00e1n archivados por el periodo de tiempo legalmente necesario. Usted podr\u00e1 ejercer los derechos de acceso, rectificaci\u00f3n, cancelaci\u00f3n y oposici\u00f3n por escrito a FLEXIMAT SL en C\/ Marcel.li Massana, 20, 08206. Sabadell (Barcelona,SPAIN). Propiedad intelectual y responsabilidad sobre los contenidos Queda prohibido cualquier uso de todos los contenidos de la p\u00e1gina web, concretamente sobre los textos,...","og_url":"https:\/\/www.fleximat.es\/ja\/aviso-legal\/","og_site_name":"Fleximat","article_modified_time":"2023-11-23T09:51:40+00:00","twitter_card":"summary_large_image","twitter_misc":{"\u63a8\u5b9a\u8aad\u307f\u53d6\u308a\u6642\u9593":"1\u5206"},"schema":{"@context":"https:\/\/schema.org","@graph":[{"@type":"WebPage","@id":"https:\/\/www.fleximat.es\/aviso-legal\/","url":"https:\/\/www.fleximat.es\/aviso-legal\/","name":"Aviso legal - Fleximat","isPartOf":{"@id":"https:\/\/www.fleximat.es\/bn\/#website"},"datePublished":"2023-10-10T16:46:51+00:00","dateModified":"2023-11-23T09:51:40+00:00","breadcrumb":{"@id":"https:\/\/www.fleximat.es\/aviso-legal\/#breadcrumb"},"inLanguage":"ja","potentialAction":[{"@type":"ReadAction","target":["https:\/\/www.fleximat.es\/aviso-legal\/"]}]},{"@type":"BreadcrumbList","@id":"https:\/\/www.fleximat.es\/aviso-legal\/#breadcrumb","itemListElement":[{"@type":"ListItem","position":1,"name":"Portada","item":"https:\/\/www.fleximat.es\/"},{"@type":"ListItem","position":2,"name":"Aviso legal"}]},{"@type":"WebSite","@id":"https:\/\/www.fleximat.es\/bn\/#website","url":"https:\/\/www.fleximat.es\/bn\/","name":"Fleximat","description":"Tu soluci\u00f3n en prensaestopas y tubos flexibles","publisher":{"@id":"https:\/\/www.fleximat.es\/bn\/#organization"},"potentialAction":[{"@type":"SearchAction","target":{"@type":"EntryPoint","urlTemplate":"https:\/\/www.fleximat.es\/bn\/?s={search_term_string}"},"query-input":"required name=search_term_string"}],"inLanguage":"ja"},{"@type":"Organization","@id":"https:\/\/www.fleximat.es\/bn\/#organization","name":"Fleximat","url":"https:\/\/www.fleximat.es\/bn\/","logo":{"@type":"ImageObject","inLanguage":"ja","@id":"https:\/\/www.fleximat.es\/bn\/#\/schema\/logo\/image\/","url":"https:\/\/www.fleximat.es\/wp-content\/uploads\/2023\/11\/fleximat-logo-1.png","contentUrl":"https:\/\/www.fleximat.es\/wp-content\/uploads\/2023\/11\/fleximat-logo-1.png","width":1169,"height":289,"caption":"Fleximat"},"image":{"@id":"https:\/\/www.fleximat.es\/bn\/#\/schema\/logo\/image\/"}}]}},"taxonomy_info":[],"featured_image_src_large":false,"author_info":{"display_name":"eloi","author_link":"https:\/\/www.fleximat.es\/ja\/author\/eloi\/"},"comment_info":0,"_links":{"self":[{"href":"https:\/\/www.fleximat.es\/ja\/wp-json\/wp\/v2\/pages\/1328"}],"collection":[{"href":"https:\/\/www.fleximat.es\/ja\/wp-json\/wp\/v2\/pages"}],"about":[{"href":"https:\/\/www.fleximat.es\/ja\/wp-json\/wp\/v2\/types\/page"}],"author":[{"embeddable":true,"href":"https:\/\/www.fleximat.es\/ja\/wp-json\/wp\/v2\/users\/1"}],"replies":[{"embeddable":true,"href":"https:\/\/www.fleximat.es\/ja\/wp-json\/wp\/v2\/comments?post=1328"}],"version-history":[{"count":0,"href":"https:\/\/www.fleximat.es\/ja\/wp-json\/wp\/v2\/pages\/1328\/revisions"}],"wp:attachment":[{"href":"https:\/\/www.fleximat.es\/ja\/wp-json\/wp\/v2\/media?parent=1328"}],"curies":[{"name":"wp","href":"https:\/\/api.w.org\/{rel}","templated":true}]}}