{"id":1330,"date":"2023-10-10T18:47:04","date_gmt":"2023-10-10T16:47:04","guid":{"rendered":"https:\/\/www.fleximat.es\/?page_id=1330"},"modified":"2023-11-23T10:52:13","modified_gmt":"2023-11-23T09:52:13","slug":"politica-de-cookies","status":"publish","type":"page","link":"https:\/\/www.fleximat.es\/ja\/politica-de-cookies\/","title":{"rendered":"\u30af\u30c3\u30ad\u30fc\u30dd\u30ea\u30b7\u30fc"},"content":{"rendered":"<h2 class=\"wp-block-heading\">\u30af\u30c3\u30ad\u30fc\u3068\u306f\u4f55\u3067\u3059\u304b?<\/h2>\n\n\n\n<p>Cookie \u306f\u3001\u7279\u5b9a\u306e Web \u30da\u30fc\u30b8\u306b\u30a2\u30af\u30bb\u30b9\u3057\u305f\u3068\u304d\u306b\u30b3\u30f3\u30d4\u30e5\u30fc\u30bf\u306b\u30c0\u30a6\u30f3\u30ed\u30fc\u30c9\u3055\u308c\u308b\u30d5\u30a1\u30a4\u30eb\u3067\u3059\u3002 Cookie \u3092\u4f7f\u7528\u3059\u308b\u3068\u3001Web \u30b5\u30a4\u30c8\u306a\u3069\u3067\u30e6\u30fc\u30b6\u30fc\u3084\u305d\u306e\u6a5f\u5668\u306e\u95b2\u89a7\u7fd2\u6163\u306b\u95a2\u3059\u308b\u60c5\u5831\u3092\u4fdd\u5b58\u304a\u3088\u3073\u53d6\u5f97\u3067\u304d\u308b\u3088\u3046\u306b\u306a\u308a\u307e\u3059\u3002\u30af\u30c3\u30ad\u30fc\u306b\u542b\u307e\u308c\u308b\u60c5\u5831\u3084\u6a5f\u5668\u306e\u4f7f\u7528\u65b9\u6cd5\u306b\u5fdc\u3058\u3066\u3001\u30e6\u30fc\u30b6\u30fc\u3092\u8a8d\u8b58\u3059\u308b\u305f\u3081\u306b\u4f7f\u7528\u3067\u304d\u307e\u3059\u3002\u30e6\u30fc\u30b6\u30fc\u306e\u30d6\u30e9\u30a6\u30b6\u306f\u3001\u73fe\u5728\u306e\u30bb\u30c3\u30b7\u30e7\u30f3\u4e2d\u306b\u306e\u307f Cookie \u3092\u30cf\u30fc\u30c9 \u30c9\u30e9\u30a4\u30d6\u306b\u4fdd\u5b58\u3059\u308b\u305f\u3081\u3001\u5fc5\u8981\u306a\u30e1\u30e2\u30ea\u9818\u57df\u306f\u6700\u5c0f\u9650\u306b\u6291\u3048\u3089\u308c\u3001\u30b3\u30f3\u30d4\u30e5\u30fc\u30bf\u306b\u60aa\u5f71\u97ff\u3092\u4e0e\u3048\u308b\u3053\u3068\u306f\u3042\u308a\u307e\u305b\u3093\u3002 Cookie \u306b\u306f\u7279\u5b9a\u306e\u500b\u4eba\u60c5\u5831\u306f\u542b\u307e\u308c\u3066\u304a\u3089\u305a\u3001\u305d\u306e\u307b\u3068\u3093\u3069\u306f\u30d6\u30e9\u30a6\u30b6 \u30bb\u30c3\u30b7\u30e7\u30f3\u306e\u7d42\u4e86\u6642\u306b\u30cf\u30fc\u30c9 \u30c9\u30e9\u30a4\u30d6\u304b\u3089\u524a\u9664\u3055\u308c\u307e\u3059 (\u3044\u308f\u3086\u308b\u30bb\u30c3\u30b7\u30e7\u30f3 Cookie)\u3002<\/p>\n\n\n\n<p>\u307b\u3068\u3093\u3069\u306e\u30d6\u30e9\u30a6\u30b6\u306f Cookie \u3092\u6a19\u6e96\u3068\u3057\u3066\u53d7\u3051\u5165\u308c\u3001\u305d\u308c\u3068\u306f\u95a2\u4fc2\u306a\u304f\u3001\u30bb\u30ad\u30e5\u30ea\u30c6\u30a3\u8a2d\u5b9a\u3067\u4e00\u6642\u7684\u306a Cookie \u3084\u8a18\u61b6\u3055\u308c\u305f Cookie \u3092\u8a31\u53ef\u307e\u305f\u306f\u7981\u6b62\u3057\u307e\u3059\u3002<\/p>\n\n\n\n<p>\u30d6\u30e9\u30a6\u30b6\u3067 Cookie \u3092\u6709\u52b9\u306b\u3059\u308b\u3053\u3068\u306b\u3088\u308a\u3001\u304a\u5ba2\u69d8\u306e\u660e\u793a\u7684\u306a\u540c\u610f\u304c\u306a\u3044\u9650\u308a\u3001\u3053\u306e\u30da\u30fc\u30b8\u3067\u306f\u3001\u767b\u9332\u307e\u305f\u306f\u8cfc\u5165\u6642\u306b\u63d0\u4f9b\u3055\u308c\u305f\u304a\u5ba2\u69d8\u306e\u500b\u4eba\u30c7\u30fc\u30bf\u306b\u4fdd\u5b58\u3055\u308c\u3066\u3044\u308b\u30c7\u30fc\u30bf\u304c Cookie \u5185\u3067\u30ea\u30f3\u30af\u3055\u308c\u308b\u3053\u3068\u306f\u3042\u308a\u307e\u305b\u3093\u3002<\/p>\n\n\n\n<p><strong>\u3053\u306e Web \u30b5\u30a4\u30c8\u3067\u306f\u3069\u306e\u3088\u3046\u306a\u7a2e\u985e\u306e Cookie \u304c\u4f7f\u7528\u3055\u308c\u307e\u3059\u304b?<\/strong><\/p>\n\n\n\n<ul class=\"wp-block-list\">\n<li>\u30c6\u30af\u30cb\u30ab\u30eb Cookie: \u30e6\u30fc\u30b6\u30fc\u304c Web \u30da\u30fc\u30b8\u3001\u30d7\u30e9\u30c3\u30c8\u30d5\u30a9\u30fc\u30e0\u3001\u307e\u305f\u306f\u30a2\u30d7\u30ea\u30b1\u30fc\u30b7\u30e7\u30f3\u5185\u3092\u79fb\u52d5\u3057\u3001\u305d\u3053\u306b\u5b58\u5728\u3059\u308b\u3055\u307e\u3056\u307e\u306a\u30aa\u30d7\u30b7\u30e7\u30f3\u3084\u30b5\u30fc\u30d3\u30b9 (\u305f\u3068\u3048\u3070\u3001\u30c8\u30e9\u30d5\u30a3\u30c3\u30af\u3084\u30c7\u30fc\u30bf\u901a\u4fe1\u306e\u5236\u5fa1\u3001\u30bb\u30c3\u30b7\u30e7\u30f3\u306e\u8b58\u5225\u3001\u30a2\u30af\u30bb\u30b9\u5236\u9650\u4ed8\u304d\u30a2\u30af\u30bb\u30b9\u306a\u3069) \u3092\u4f7f\u7528\u3067\u304d\u308b\u3088\u3046\u306b\u3059\u308b\u30af\u30c3\u30ad\u30fc\u3067\u3059\u3002\u90e8\u54c1\u3001\u6ce8\u6587\u3092\u69cb\u6210\u3059\u308b\u8981\u7d20\u306e\u8a18\u61b6\u3001\u6ce8\u6587\u306e\u8cfc\u5165\u30d7\u30ed\u30bb\u30b9\u306e\u5b9f\u884c\u3001\u30a4\u30d9\u30f3\u30c8\u3078\u306e\u767b\u9332\u307e\u305f\u306f\u53c2\u52a0\u306e\u30ea\u30af\u30a8\u30b9\u30c8\u3001\u30ca\u30d3\u30b2\u30fc\u30b7\u30e7\u30f3\u4e2d\u306e\u30bb\u30ad\u30e5\u30ea\u30c6\u30a3\u8981\u7d20\u306e\u4f7f\u7528\u3001\u30d3\u30c7\u30aa\u3084\u97f3\u58f0\u306e\u914d\u5e03\u306e\u305f\u3081\u306e\u30b3\u30f3\u30c6\u30f3\u30c4\u306e\u4fdd\u5b58\u3001\u307e\u305f\u306f\u30bd\u30fc\u30b7\u30e3\u30eb\u3092\u901a\u3058\u3066\u30b3\u30f3\u30c6\u30f3\u30c4\u3092\u5171\u6709\u3059\u308b\u30cd\u30c3\u30c8\u30ef\u30fc\u30af\u3002<\/li>\n\n\n\n<li>\u30d1\u30fc\u30bd\u30ca\u30e9\u30a4\u30bc\u30fc\u30b7\u30e7\u30f3 Cookie: \u30e6\u30fc\u30b6\u30fc\u304c\u3001\u8a00\u8a9e\u3001\u30e6\u30fc\u30b6\u30fc\u304c\u30b5\u30fc\u30d3\u30b9\u306b\u30a2\u30af\u30bb\u30b9\u3059\u308b\u3068\u304d\u306b\u4f7f\u7528\u3059\u308b\u30d6\u30e9\u30a6\u30b6\u306e\u7a2e\u985e\u3001\u30ed\u30b1\u30fc\u30eb\u306a\u3069\u3001\u30e6\u30fc\u30b6\u30fc\u306e\u7aef\u672b\u4e0a\u306e\u4e00\u9023\u306e\u57fa\u6e96\u306b\u57fa\u3065\u3044\u3066\u3001\u4e8b\u524d\u306b\u5b9a\u7fa9\u3055\u308c\u305f\u4e00\u822c\u7684\u306a\u7279\u6027\u3067\u30b5\u30fc\u30d3\u30b9\u306b\u30a2\u30af\u30bb\u30b9\u3067\u304d\u308b\u3088\u3046\u306b\u3059\u308b\u30af\u30c3\u30ad\u30fc\u3067\u3059\u3002\u3069\u3053\u304b\u3089\u30b5\u30fc\u30d3\u30b9\u306b\u30a2\u30af\u30bb\u30b9\u3059\u308b\u304b\u306a\u3069<\/li>\n\n\n\n<li>\u5206\u6790\u30af\u30c3\u30ad\u30fc: \u3053\u308c\u3089\u306f\u3001\u5f53\u793e\u307e\u305f\u306f\u7b2c\u4e09\u8005\u306b\u3088\u3063\u3066\u9069\u5207\u306b\u51e6\u7406\u3055\u308c\u308b\u3053\u3068\u306b\u3088\u308a\u3001\u5f53\u793e\u304c\u30e6\u30fc\u30b6\u30fc\u6570\u3092\u5b9a\u91cf\u5316\u3057\u3001\u30e6\u30fc\u30b6\u30fc\u304c\u63d0\u4f9b\u3059\u308b\u30b5\u30fc\u30d3\u30b9\u306e\u4f7f\u7528\u72b6\u6cc1\u306e\u6e2c\u5b9a\u3068\u7d71\u8a08\u5206\u6790\u3092\u5b9f\u884c\u3067\u304d\u308b\u3088\u3046\u306b\u3059\u308b\u30af\u30c3\u30ad\u30fc\u3067\u3059\u3002\u3053\u308c\u3092\u884c\u3046\u305f\u3081\u306b\u3001\u5f53\u793e\u304c\u63d0\u4f9b\u3059\u308b\u88fd\u54c1\u307e\u305f\u306f\u30b5\u30fc\u30d3\u30b9\u306e\u63d0\u4f9b\u3092\u6539\u5584\u3059\u308b\u305f\u3081\u306b\u3001\u5f53\u793e\u306e Web \u30b5\u30a4\u30c8\u4e0a\u306e\u30e6\u30fc\u30b6\u30fc\u306e\u30ca\u30d3\u30b2\u30fc\u30b7\u30e7\u30f3\u304c\u5206\u6790\u3055\u308c\u307e\u3059\u3002<\/li>\n\n\n\n<li>\u5e83\u544a Cookie: \u3053\u308c\u3089\u306f\u3001\u5f53\u793e\u304c\u51e6\u7406\u3059\u308b\u304b\u7b2c\u4e09\u8005\u304c\u51e6\u7406\u3059\u308b\u304b\u306b\u95a2\u4fc2\u306a\u304f\u3001Web \u30b5\u30a4\u30c8\u4e0a\u306e\u5e83\u544a\u30b9\u30da\u30fc\u30b9\u306e\u63d0\u4f9b\u3092\u53ef\u80fd\u306a\u9650\u308a\u6700\u3082\u52b9\u7387\u7684\u306a\u65b9\u6cd5\u3067\u7ba1\u7406\u3057\u3001\u5e83\u544a\u306e\u30b3\u30f3\u30c6\u30f3\u30c4\u3092\u8981\u6c42\u3055\u308c\u305f\u30b5\u30fc\u30d3\u30b9\u306e\u30b3\u30f3\u30c6\u30f3\u30c4\u306b\u9069\u5fdc\u3055\u305b\u308b\u3053\u3068\u3092\u53ef\u80fd\u306b\u3059\u308b\u30af\u30c3\u30ad\u30fc\u3067\u3059\u3002\u5f53\u793e\u30a6\u30a7\u30d6\u30b5\u30a4\u30c8\u304b\u3089\u306e\u4f7f\u7528\u3002\u3053\u308c\u3092\u884c\u3046\u305f\u3081\u306b\u3001\u5f53\u793e\u306f\u304a\u5ba2\u69d8\u306e\u30a4\u30f3\u30bf\u30fc\u30cd\u30c3\u30c8\u95b2\u89a7\u7fd2\u6163\u3092\u5206\u6790\u3057\u3001\u304a\u5ba2\u69d8\u306e\u95b2\u89a7\u30d7\u30ed\u30d5\u30a1\u30a4\u30eb\u306b\u95a2\u9023\u3059\u308b\u5e83\u544a\u3092\u8868\u793a\u3059\u308b\u3053\u3068\u304c\u3067\u304d\u307e\u3059\u3002<\/li>\n\n\n\n<li>\u884c\u52d5\u5e83\u544a Cookie: \u5fc5\u8981\u306b\u5fdc\u3058\u3066\u3001\u7de8\u96c6\u8005\u304c\u8981\u6c42\u3055\u308c\u305f\u30b5\u30fc\u30d3\u30b9\u304c\u63d0\u4f9b\u3055\u308c\u308b Web \u30da\u30fc\u30b8\u3001\u30a2\u30d7\u30ea\u30b1\u30fc\u30b7\u30e7\u30f3\u3001\u307e\u305f\u306f\u30d7\u30e9\u30c3\u30c8\u30d5\u30a9\u30fc\u30e0\u306b\u542b\u3081\u305f\u5e83\u544a\u30b9\u30da\u30fc\u30b9\u3092\u3001\u53ef\u80fd\u306a\u9650\u308a\u6700\u3082\u52b9\u7387\u7684\u306a\u65b9\u6cd5\u3067\u7ba1\u7406\u3067\u304d\u308b\u3088\u3046\u306b\u3059\u308b\u30af\u30c3\u30ad\u30fc\u3067\u3059\u3002\u3053\u308c\u3089\u306e Cookie \u306f\u3001\u30e6\u30fc\u30b6\u30fc\u306e\u95b2\u89a7\u7fd2\u6163\u3092\u7d99\u7d9a\u7684\u306b\u89b3\u5bdf\u3059\u308b\u3053\u3068\u3067\u5f97\u3089\u308c\u305f\u30e6\u30fc\u30b6\u30fc\u306e\u884c\u52d5\u306b\u95a2\u3059\u308b\u60c5\u5831\u3092\u4fdd\u5b58\u3057\u3001\u305d\u308c\u306b\u57fa\u3065\u3044\u3066\u5e83\u544a\u3092\u8868\u793a\u3059\u308b\u7279\u5b9a\u306e\u30d7\u30ed\u30d5\u30a1\u30a4\u30eb\u3092\u958b\u767a\u3067\u304d\u308b\u3088\u3046\u306b\u3057\u307e\u3059\u3002<\/li>\n<\/ul>\n\n\n\n<h2 class=\"wp-block-heading\">\u30b5\u30fc\u30c9\u30d1\u30fc\u30c6\u30a3\u30af\u30c3\u30ad\u30fc<\/h2>\n\n\n\n<p>\u3053\u306e Web \u30b5\u30a4\u30c8\u306f\u3001\u7d71\u8a08\u76ee\u7684\u3001\u30e6\u30fc\u30b6\u30fc\u306b\u3088\u308b\u30b5\u30a4\u30c8\u306e\u4f7f\u7528\u3001\u304a\u3088\u3073 Web \u30b5\u30a4\u30c8\u3084\u305d\u306e\u4ed6\u306e\u30a4\u30f3\u30bf\u30fc\u30cd\u30c3\u30c8 \u30b5\u30fc\u30d3\u30b9\u306e\u6d3b\u52d5\u306b\u95a2\u9023\u3059\u308b\u305d\u306e\u4ed6\u306e\u30b5\u30fc\u30d3\u30b9\u306e\u63d0\u4f9b\u306e\u305f\u3081\u306b\u60c5\u5831\u3092\u53ce\u96c6\u3059\u308b\u30b5\u30fc\u30c9\u30d1\u30fc\u30c6\u30a3\u306e\u30b5\u30fc\u30d3\u30b9\u3092\u4f7f\u7528\u3059\u308b\u5834\u5408\u304c\u3042\u308a\u307e\u3059\u3002<\/p>\n\n\n\n<p>\u7279\u306b\u3001\u3053\u306e Web \u30b5\u30a4\u30c8\u3067\u306f\u6b21\u306e\u3082\u306e\u304c\u4f7f\u7528\u3055\u308c\u307e\u3059\u3002<\/p>\n\n\n\n<ul class=\"wp-block-list\">\n<li>\u30af\u30c3\u30ad\u30fc&nbsp;<a href=\"http:\/\/www.google.com\/intl\/es\/analytics\/privacyoverview.html\" target=\"_blank\" rel=\"noreferrer noopener\">\u30b0\u30fc\u30b0\u30eb\u30a2\u30ca\u30ea\u30c6\u30a3\u30af\u30b9<\/a>- \u8a2a\u554f\u8005\u304c\u3053\u306e\u30a6\u30a7\u30d6\u30b5\u30a4\u30c8\u3092\u3069\u306e\u3088\u3046\u306b\u5229\u7528\u3059\u308b\u304b\u3092\u5206\u6790\u304a\u3088\u3073\u6e2c\u5b9a\u3059\u308b\u76ee\u7684\u3067\u4f7f\u7528\u3055\u308c\u307e\u3059\u3002\u3053\u306e\u60c5\u5831\u306f\u3001\u3053\u306e\u30b5\u30a4\u30c8\u3092\u6539\u5584\u3059\u308b\u305f\u3081\u306e\u30ec\u30dd\u30fc\u30c8\u3092\u4f5c\u6210\u3059\u308b\u305f\u3081\u306b\u4f7f\u7528\u3055\u308c\u307e\u3059\u3002\u306f<em>\u30af\u30c3\u30ad\u30fc<\/em>\u30b5\u30a4\u30c8\u3078\u306e\u8a2a\u554f\u8005\u6570\u3001\u8a2a\u554f\u8005\u304c\u3069\u306e\u3088\u3046\u306b\u3057\u3066\u30b5\u30a4\u30c8\u306b\u30a2\u30af\u30bb\u30b9\u3057\u305f\u306e\u304b\u3001\u5f53\u793e\u306e Web \u30b5\u30a4\u30c8\u3092\u95b2\u89a7\u4e2d\u306b\u8a2a\u554f\u3057\u305f\u30da\u30fc\u30b8\u306a\u3069\u306e\u60c5\u5831\u3092\u533f\u540d\u3067\u53ce\u96c6\u3057\u307e\u3059\u3002<\/li>\n\n\n\n<li>\u30af\u30c3\u30ad\u30fc&nbsp;<a href=\"https:\/\/support.google.com\/youtube\/answer\/2407785?hl=es-419\" target=\"_blank\" rel=\"noreferrer noopener\">\u30e6\u30fc\u30c1\u30e5\u30fc\u30d6<\/a>: \u4ed6\u306e Web \u30b5\u30a4\u30c8\u306b\u57cb\u3081\u8fbc\u307e\u308c\u305f\u30d3\u30c7\u30aa\u306e\u518d\u751f\u56de\u6570\u3092\u30ab\u30a6\u30f3\u30c8\u3059\u308b\u305f\u3081\u306b\u4f7f\u7528\u3055\u308c\u307e\u3059\u3002<\/li>\n\n\n\n<li>\u30af\u30c3\u30ad\u30fc&nbsp;<a href=\"http:\/\/www.addthis.com\/privacy\" target=\"_blank\" rel=\"noreferrer noopener\">\u3053\u308c\u3092\u8ffd\u52a0<\/a>: \u306f\u3001Web \u30b5\u30a4\u30c8\u3068\u305d\u306e\u30e6\u30fc\u30b6\u30fc\u304c\u30a2\u30a4\u30b3\u30f3\u3084\u30bd\u30fc\u30b7\u30e3\u30eb \u30d6\u30c3\u30af\u30de\u30fc\u30af\u306e\u5b9b\u5148\u3092\u5171\u6709\u3059\u308b\u3053\u3068\u3067\u3001\u30b3\u30f3\u30c6\u30f3\u30c4\u3092\u4ed6\u306e\u30e6\u30fc\u30b6\u30fc\u3068\u7c21\u5358\u306b\u5171\u6709\u3067\u304d\u308b\u3088\u3046\u306b\u3059\u308b\u30c6\u30af\u30ce\u30ed\u30b8\u30fc\u4f01\u696d\u3067\u3059\u3002 AddThis Cookie \u306f\u3001\u30b3\u30f3\u30c6\u30f3\u30c4\u3092\u5171\u6709\u3067\u304d\u308b\u3088\u3046\u306b\u3059\u308b\u305f\u3081\u306b\u4f7f\u7528\u3055\u308c\u307e\u3059\u3002 AddThis \u306f\u3001Web \u30b5\u30a4\u30c8\u306e\u30b3\u30f3\u30c6\u30f3\u30c4\u304c\u3069\u306e\u3088\u3046\u306b\u5171\u6709\u3055\u308c\u308b\u304b\u306b\u95a2\u3059\u308b\u60c5\u5831\u3092\u53ce\u96c6\u3059\u308b\u305f\u3081\u306b\u3082\u4f7f\u7528\u3055\u308c\u307e\u3059\u3002 Cookie \u306f\u3001\u6307\u5b9a\u3055\u308c\u305f\u671f\u9593\u5185\u306b\u30bf\u30b9\u30af\u3092\u7e70\u308a\u8fd4\u3055\u306a\u3044\u3088\u3046\u306b\u3001\u30e6\u30fc\u30b6\u30fc\u3092\u4e00\u610f\u306b\u8b58\u5225\u3059\u308b\u306e\u306b\u5f79\u7acb\u3061\u307e\u3059 (\u500b\u4eba\u3067\u306f\u306a\u304f\u3001\u30a2\u30c9\u30ec\u30b9\u306b\u95a2\u3057\u3066)\u3002<\/li>\n\n\n\n<li>\u305d\u306e\u4ed6\u306e\u30d1\u30fc\u30bd\u30ca\u30e9\u30a4\u30ba Cookie: \u3053\u308c\u3089\u306e Cookie \u3092\u4f7f\u7528\u3059\u308b\u3068\u3001\u30e6\u30fc\u30b6\u30fc\u306f Web \u30b5\u30a4\u30c8\u306e\u4e00\u822c\u30aa\u30d7\u30b7\u30e7\u30f3\u306e\u4e00\u90e8\u306e\u7279\u6027\u3092\u6307\u5b9a\u307e\u305f\u306f\u30d1\u30fc\u30bd\u30ca\u30e9\u30a4\u30ba\u3067\u304d\u307e\u3059\u3002\u305f\u3068\u3048\u3070\u3001\u8a00\u8a9e\u3001\u5730\u57df\u8a2d\u5b9a\u3001\u30d6\u30e9\u30a6\u30b6\u306e\u7a2e\u985e\u3092\u5b9a\u7fa9\u3057\u307e\u3059\u3002<a href=\"http:\/\/www.addthis.com\/privacy\" target=\"_blank\" rel=\"noreferrer noopener\">\u3053\u308c\u3092\u8ffd\u52a0<\/a><br><a href=\"https:\/\/es-es.facebook.com\/help\/cookies\" target=\"_blank\" rel=\"noreferrer noopener\">\u30d5\u30a7\u30a4\u30b9\u30d6\u30c3\u30af<\/a><br><a href=\"https:\/\/twitter.com\/privacy\" target=\"_blank\" rel=\"noreferrer noopener\">\u30c4\u30a4\u30c3\u30bf\u30fc<\/a><br><a href=\"http:\/\/www.google.es\/intl\/es\/policies\/technologies\/types\/\" target=\"_blank\" rel=\"noreferrer noopener\">\u30b0\u30fc\u30b0\u30eb<\/a><br><a href=\"https:\/\/support.google.com\/youtube\/answer\/2407785?hl=es-419\" target=\"_blank\" rel=\"noreferrer noopener\">\u30e6\u30fc\u30c1\u30e5\u30fc\u30d6<\/a>\u30e6\u30fc\u30b6\u30fc\u306f\u3001\u672c\u30b5\u30a4\u30c8\u3092\u4f7f\u7528\u3059\u308b\u3053\u3068\u306b\u3088\u308a\u3001\u4e0a\u8a18\u306e\u65b9\u6cd5\u304a\u3088\u3073\u76ee\u7684\u3067\u53ce\u96c6\u3055\u308c\u305f\u60c5\u5831\u306e\u51e6\u7406\u3092\u660e\u793a\u7684\u306b\u627f\u8afe\u3057\u307e\u3059\u3002\u307e\u305f\u3001\u304a\u5ba2\u69d8\u306f\u3001\u30d6\u30e9\u30a6\u30b6\u3067\u3053\u306e\u76ee\u7684\u306b\u9069\u3057\u305f\u8a2d\u5b9a\u3092\u9078\u629e\u3059\u308b\u3053\u3068\u3067 Cookie \u306e\u4f7f\u7528\u3092\u62d2\u5426\u3059\u308b\u3053\u3068\u306b\u3088\u308a\u3001\u305d\u306e\u3088\u3046\u306a\u30c7\u30fc\u30bf\u307e\u305f\u306f\u60c5\u5831\u306e\u51e6\u7406\u3092\u62d2\u5426\u3067\u304d\u308b\u53ef\u80fd\u6027\u304c\u3042\u308b\u3053\u3068\u3092\u8a8d\u8b58\u3057\u3066\u3044\u308b\u3053\u3068\u306b\u3082\u540c\u610f\u3057\u307e\u3059\u3002\u30d6\u30e9\u30a6\u30b6\u3067 Cookie \u3092\u30d6\u30ed\u30c3\u30af\u3059\u308b\u3053\u306e\u30aa\u30d7\u30b7\u30e7\u30f3\u3067\u306f\u3001Web \u30b5\u30a4\u30c8\u306e\u3059\u3079\u3066\u306e\u6a5f\u80fd\u3092\u5b8c\u5168\u306b\u306f\u4f7f\u7528\u3067\u304d\u306a\u3044\u5834\u5408\u304c\u3042\u308a\u307e\u3059\u3002<\/li>\n<\/ul>\n\n\n\n<p>\u30b3\u30f3\u30d4\u30e5\u30fc\u30bf\u306b\u30a4\u30f3\u30b9\u30c8\u30fc\u30eb\u3055\u308c\u3066\u3044\u308b\u30d6\u30e9\u30a6\u30b6\u306e\u30aa\u30d7\u30b7\u30e7\u30f3\u3092\u69cb\u6210\u3059\u308b\u3053\u3068\u3067\u3001\u30b3\u30f3\u30d4\u30e5\u30fc\u30bf\u306b\u30a4\u30f3\u30b9\u30c8\u30fc\u30eb\u3055\u308c\u3066\u3044\u308b Cookie \u3092\u8a31\u53ef\u3001\u30d6\u30ed\u30c3\u30af\u3001\u307e\u305f\u306f\u524a\u9664\u3067\u304d\u307e\u3059\u3002<\/p>\n\n\n\n<ul class=\"wp-block-list\">\n<li><a href=\"http:\/\/support.google.com\/chrome\/bin\/answer.py?hl=es&amp;answer=95647\" target=\"_blank\" rel=\"noreferrer noopener\">\u30af\u30ed\u30e0<\/a><\/li>\n\n\n\n<li><a href=\"http:\/\/windows.microsoft.com\/es-es\/windows7\/how-to-manage-cookies-in-internet-explorer-9\" target=\"_blank\" rel=\"noreferrer noopener\">\u5192\u967a\u8005<\/a><\/li>\n\n\n\n<li><a href=\"http:\/\/support.mozilla.org\/es\/kb\/habilitar-y-deshabilitar-cookies-que-los-sitios-we\" target=\"_blank\" rel=\"noreferrer noopener\">Firefox<\/a><\/li>\n\n\n\n<li><a href=\"http:\/\/support.apple.com\/kb\/ph5042\" target=\"_blank\" rel=\"noreferrer noopener\">\u30b5\u30d5\u30a1\u30ea<\/a><\/li>\n<\/ul>\n\n\n\n<p>\u3053\u306e Cookie \u30dd\u30ea\u30b7\u30fc\u306b\u3064\u3044\u3066\u3054\u8cea\u554f\u304c\u3042\u308b\u5834\u5408\u306f\u3001\u4ee5\u4e0b\u307e\u3067\u304a\u554f\u3044\u5408\u308f\u305b\u304f\u3060\u3055\u3044\u3002&nbsp;<a href=\"mailto:comercial@fleximat.es\">comercial@fleximat.es<\/a><\/p>","protected":false},"excerpt":{"rendered":"<p>\u00bfQu\u00e9 son las cookies? Cookie es un fichero que se descarga en su ordenador al acceder a determinadas p\u00e1ginas web. Las cookies permiten a una p\u00e1gina web, entre otras cosas, almacenar y recuperar informaci\u00f3n sobre los h\u00e1bitos de navegaci\u00f3n de un usuario o de su equipo y, dependiendo de la informaci\u00f3n que contengan y de la forma en que utilice su equipo, pueden utilizarse para reconocer al usuario. El navegador del usuario memoriza cookies en el disco duro solamente durante la sesi\u00f3n actual ocupando un espacio de memoria m\u00ednimo y no perjudicando al ordenador. Las cookies no contienen ninguna clase de informaci\u00f3n personal espec\u00edfica, y la mayor\u00eda de las mismas&#8230;<\/p>","protected":false},"author":1,"featured_media":0,"parent":0,"menu_order":17,"comment_status":"closed","ping_status":"closed","template":"","meta":{"_kad_blocks_custom_css":"","_kad_blocks_head_custom_js":"","_kad_blocks_body_custom_js":"","_kad_blocks_footer_custom_js":"","_kadence_starter_templates_imported_post":false,"_kad_post_transparent":"","_kad_post_title":"","_kad_post_layout":"","_kad_post_sidebar_id":"","_kad_post_content_style":"","_kad_post_vertical_padding":"","_kad_post_feature":"","_kad_post_feature_position":"","_kad_post_header":false,"_kad_post_footer":false,"footnotes":""},"class_list":["post-1330","page","type-page","status-publish","hentry"],"yoast_head":"<!-- This site is optimized with the Yoast SEO plugin v21.7 - https:\/\/yoast.com\/wordpress\/plugins\/seo\/ -->\n<title>Pol\u00edtica de Cookies - Fleximat<\/title>\n<meta name=\"robots\" content=\"index, follow, max-snippet:-1, max-image-preview:large, max-video-preview:-1\" \/>\n<link rel=\"canonical\" href=\"https:\/\/www.fleximat.es\/ja\/politica-de-cookies\/\" \/>\n<meta property=\"og:locale\" content=\"ja_JP\" \/>\n<meta property=\"og:type\" content=\"article\" \/>\n<meta property=\"og:title\" content=\"Pol\u00edtica de Cookies - Fleximat\" \/>\n<meta property=\"og:description\" content=\"\u00bfQu\u00e9 son las cookies? Cookie es un fichero que se descarga en su ordenador al acceder a determinadas p\u00e1ginas web. Las cookies permiten a una p\u00e1gina web, entre otras cosas, almacenar y recuperar informaci\u00f3n sobre los h\u00e1bitos de navegaci\u00f3n de un usuario o de su equipo y, dependiendo de la informaci\u00f3n que contengan y de la forma en que utilice su equipo, pueden utilizarse para reconocer al usuario. El navegador del usuario memoriza cookies en el disco duro solamente durante la sesi\u00f3n actual ocupando un espacio de memoria m\u00ednimo y no perjudicando al ordenador. Las cookies no contienen ninguna clase de informaci\u00f3n personal espec\u00edfica, y la mayor\u00eda de las mismas...\" \/>\n<meta property=\"og:url\" content=\"https:\/\/www.fleximat.es\/ja\/politica-de-cookies\/\" \/>\n<meta property=\"og:site_name\" content=\"Fleximat\" \/>\n<meta property=\"article:modified_time\" content=\"2023-11-23T09:52:13+00:00\" \/>\n<meta name=\"twitter:card\" content=\"summary_large_image\" \/>\n<meta name=\"twitter:label1\" content=\"\u63a8\u5b9a\u8aad\u307f\u53d6\u308a\u6642\u9593\" \/>\n\t<meta name=\"twitter:data1\" content=\"5\u5206\" \/>\n<script type=\"application\/ld+json\" class=\"yoast-schema-graph\">{\"@context\":\"https:\/\/schema.org\",\"@graph\":[{\"@type\":\"WebPage\",\"@id\":\"https:\/\/www.fleximat.es\/politica-de-cookies\/\",\"url\":\"https:\/\/www.fleximat.es\/politica-de-cookies\/\",\"name\":\"Pol\u00edtica de Cookies - Fleximat\",\"isPartOf\":{\"@id\":\"https:\/\/www.fleximat.es\/bn\/#website\"},\"datePublished\":\"2023-10-10T16:47:04+00:00\",\"dateModified\":\"2023-11-23T09:52:13+00:00\",\"breadcrumb\":{\"@id\":\"https:\/\/www.fleximat.es\/politica-de-cookies\/#breadcrumb\"},\"inLanguage\":\"ja\",\"potentialAction\":[{\"@type\":\"ReadAction\",\"target\":[\"https:\/\/www.fleximat.es\/politica-de-cookies\/\"]}]},{\"@type\":\"BreadcrumbList\",\"@id\":\"https:\/\/www.fleximat.es\/politica-de-cookies\/#breadcrumb\",\"itemListElement\":[{\"@type\":\"ListItem\",\"position\":1,\"name\":\"Portada\",\"item\":\"https:\/\/www.fleximat.es\/\"},{\"@type\":\"ListItem\",\"position\":2,\"name\":\"Pol\u00edtica de Cookies\"}]},{\"@type\":\"WebSite\",\"@id\":\"https:\/\/www.fleximat.es\/bn\/#website\",\"url\":\"https:\/\/www.fleximat.es\/bn\/\",\"name\":\"Fleximat\",\"description\":\"Tu soluci\u00f3n en prensaestopas y tubos flexibles\",\"publisher\":{\"@id\":\"https:\/\/www.fleximat.es\/bn\/#organization\"},\"potentialAction\":[{\"@type\":\"SearchAction\",\"target\":{\"@type\":\"EntryPoint\",\"urlTemplate\":\"https:\/\/www.fleximat.es\/bn\/?s={search_term_string}\"},\"query-input\":\"required name=search_term_string\"}],\"inLanguage\":\"ja\"},{\"@type\":\"Organization\",\"@id\":\"https:\/\/www.fleximat.es\/bn\/#organization\",\"name\":\"Fleximat\",\"url\":\"https:\/\/www.fleximat.es\/bn\/\",\"logo\":{\"@type\":\"ImageObject\",\"inLanguage\":\"ja\",\"@id\":\"https:\/\/www.fleximat.es\/bn\/#\/schema\/logo\/image\/\",\"url\":\"https:\/\/www.fleximat.es\/wp-content\/uploads\/2023\/11\/fleximat-logo-1.png\",\"contentUrl\":\"https:\/\/www.fleximat.es\/wp-content\/uploads\/2023\/11\/fleximat-logo-1.png\",\"width\":1169,\"height\":289,\"caption\":\"Fleximat\"},\"image\":{\"@id\":\"https:\/\/www.fleximat.es\/bn\/#\/schema\/logo\/image\/\"}}]}<\/script>\n<!-- \/ Yoast SEO plugin. -->","yoast_head_json":{"title":"Pol\u00edtica de Cookies - Fleximat","robots":{"index":"index","follow":"follow","max-snippet":"max-snippet:-1","max-image-preview":"max-image-preview:large","max-video-preview":"max-video-preview:-1"},"canonical":"https:\/\/www.fleximat.es\/ja\/politica-de-cookies\/","og_locale":"ja_JP","og_type":"article","og_title":"Pol\u00edtica de Cookies - Fleximat","og_description":"\u00bfQu\u00e9 son las cookies? Cookie es un fichero que se descarga en su ordenador al acceder a determinadas p\u00e1ginas web. Las cookies permiten a una p\u00e1gina web, entre otras cosas, almacenar y recuperar informaci\u00f3n sobre los h\u00e1bitos de navegaci\u00f3n de un usuario o de su equipo y, dependiendo de la informaci\u00f3n que contengan y de la forma en que utilice su equipo, pueden utilizarse para reconocer al usuario. El navegador del usuario memoriza cookies en el disco duro solamente durante la sesi\u00f3n actual ocupando un espacio de memoria m\u00ednimo y no perjudicando al ordenador. Las cookies no contienen ninguna clase de informaci\u00f3n personal espec\u00edfica, y la mayor\u00eda de las mismas...","og_url":"https:\/\/www.fleximat.es\/ja\/politica-de-cookies\/","og_site_name":"Fleximat","article_modified_time":"2023-11-23T09:52:13+00:00","twitter_card":"summary_large_image","twitter_misc":{"\u63a8\u5b9a\u8aad\u307f\u53d6\u308a\u6642\u9593":"5\u5206"},"schema":{"@context":"https:\/\/schema.org","@graph":[{"@type":"WebPage","@id":"https:\/\/www.fleximat.es\/politica-de-cookies\/","url":"https:\/\/www.fleximat.es\/politica-de-cookies\/","name":"Pol\u00edtica de Cookies - Fleximat","isPartOf":{"@id":"https:\/\/www.fleximat.es\/bn\/#website"},"datePublished":"2023-10-10T16:47:04+00:00","dateModified":"2023-11-23T09:52:13+00:00","breadcrumb":{"@id":"https:\/\/www.fleximat.es\/politica-de-cookies\/#breadcrumb"},"inLanguage":"ja","potentialAction":[{"@type":"ReadAction","target":["https:\/\/www.fleximat.es\/politica-de-cookies\/"]}]},{"@type":"BreadcrumbList","@id":"https:\/\/www.fleximat.es\/politica-de-cookies\/#breadcrumb","itemListElement":[{"@type":"ListItem","position":1,"name":"Portada","item":"https:\/\/www.fleximat.es\/"},{"@type":"ListItem","position":2,"name":"Pol\u00edtica de Cookies"}]},{"@type":"WebSite","@id":"https:\/\/www.fleximat.es\/bn\/#website","url":"https:\/\/www.fleximat.es\/bn\/","name":"Fleximat","description":"Tu soluci\u00f3n en prensaestopas y tubos flexibles","publisher":{"@id":"https:\/\/www.fleximat.es\/bn\/#organization"},"potentialAction":[{"@type":"SearchAction","target":{"@type":"EntryPoint","urlTemplate":"https:\/\/www.fleximat.es\/bn\/?s={search_term_string}"},"query-input":"required name=search_term_string"}],"inLanguage":"ja"},{"@type":"Organization","@id":"https:\/\/www.fleximat.es\/bn\/#organization","name":"Fleximat","url":"https:\/\/www.fleximat.es\/bn\/","logo":{"@type":"ImageObject","inLanguage":"ja","@id":"https:\/\/www.fleximat.es\/bn\/#\/schema\/logo\/image\/","url":"https:\/\/www.fleximat.es\/wp-content\/uploads\/2023\/11\/fleximat-logo-1.png","contentUrl":"https:\/\/www.fleximat.es\/wp-content\/uploads\/2023\/11\/fleximat-logo-1.png","width":1169,"height":289,"caption":"Fleximat"},"image":{"@id":"https:\/\/www.fleximat.es\/bn\/#\/schema\/logo\/image\/"}}]}},"taxonomy_info":[],"featured_image_src_large":false,"author_info":{"display_name":"eloi","author_link":"https:\/\/www.fleximat.es\/ja\/author\/eloi\/"},"comment_info":0,"_links":{"self":[{"href":"https:\/\/www.fleximat.es\/ja\/wp-json\/wp\/v2\/pages\/1330"}],"collection":[{"href":"https:\/\/www.fleximat.es\/ja\/wp-json\/wp\/v2\/pages"}],"about":[{"href":"https:\/\/www.fleximat.es\/ja\/wp-json\/wp\/v2\/types\/page"}],"author":[{"embeddable":true,"href":"https:\/\/www.fleximat.es\/ja\/wp-json\/wp\/v2\/users\/1"}],"replies":[{"embeddable":true,"href":"https:\/\/www.fleximat.es\/ja\/wp-json\/wp\/v2\/comments?post=1330"}],"version-history":[{"count":0,"href":"https:\/\/www.fleximat.es\/ja\/wp-json\/wp\/v2\/pages\/1330\/revisions"}],"wp:attachment":[{"href":"https:\/\/www.fleximat.es\/ja\/wp-json\/wp\/v2\/media?parent=1330"}],"curies":[{"name":"wp","href":"https:\/\/api.w.org\/{rel}","templated":true}]}}