{"id":1331,"date":"2023-10-10T18:47:12","date_gmt":"2023-10-10T16:47:12","guid":{"rendered":"https:\/\/www.fleximat.es\/?page_id=1331"},"modified":"2024-01-24T10:27:40","modified_gmt":"2024-01-24T09:27:40","slug":"declaracion-de-accesibilidad","status":"publish","type":"page","link":"https:\/\/www.fleximat.es\/ja\/declaracion-de-accesibilidad\/","title":{"rendered":"\u30a2\u30af\u30bb\u30b7\u30d3\u30ea\u30c6\u30a3\u306b\u95a2\u3059\u308b\u58f0\u660e"},"content":{"rendered":"<p>Fleximat \u306f\u3001\u516c\u5171\u90e8\u9580\u306b\u304a\u3051\u308b\u30e2\u30d0\u30a4\u30eb \u30c7\u30d0\u30a4\u30b9\u306e Web \u30b5\u30a4\u30c8\u304a\u3088\u3073\u30a2\u30d7\u30ea\u30b1\u30fc\u30b7\u30e7\u30f3\u306e\u30a2\u30af\u30bb\u30b7\u30d3\u30ea\u30c6\u30a3\u306b\u95a2\u3059\u308b 9 \u6708 7 \u65e5\u4ed8\u3051\u306e\u52c5\u4ee4 1112\/2018 \u306b\u5f93\u3063\u3066\u3001\u81ea\u793e\u306e Web \u30b5\u30a4\u30c8\u3092\u30a2\u30af\u30bb\u30b7\u30d6\u30eb\u306b\u3059\u308b\u3053\u3068\u306b\u53d6\u308a\u7d44\u3093\u3067\u3044\u307e\u3059\u3002<\/p>\n\n\n\n<p>\u3053\u306e\u30a2\u30af\u30bb\u30b7\u30d3\u30ea\u30c6\u30a3\u306b\u95a2\u3059\u308b\u58f0\u660e\u306f\u3001\u3053\u306e Web \u30b5\u30a4\u30c8\u306b\u9069\u7528\u3055\u308c\u307e\u3059\u3002<\/p>\n\n\n\n<h2 class=\"wp-block-heading\">\u9075\u5b88\u72b6\u6cc1<\/h2>\n\n\n\n<p>\u3053\u306e\u30a6\u30a7\u30d6\u30b5\u30a4\u30c8\u306fRD 1112\/2018\u306b\u5f93\u3063\u3066\u958b\u767a\u3055\u308c\u3066\u3044\u307e\u3059<\/p>\n\n\n\n<h2 class=\"wp-block-heading\">\u6b21\u306e\u30a2\u30af\u30bb\u30b7\u30d3\u30ea\u30c6\u30a3\u306b\u95a2\u3059\u308b\u58f0\u660e\u306e\u6e96\u5099<\/h2>\n\n\n\n<p>\u3053\u306e\u58f0\u660e\u306f2023\u5e745\u670820\u65e5\u306b\u4f5c\u6210\u3055\u308c\u307e\u3057\u305f\u3002<\/p>\n\n\n\n<p>\u7533\u544a\u66f8\u306e\u4f5c\u6210\u65b9\u6cd5\u306f\u81ea\u5df1\u7533\u544a\u3067\u3059\u3002<\/p>\n\n\n\n<h2 class=\"wp-block-heading\">\u6240\u898b\u3068\u9023\u7d61\u5148\u60c5\u5831<\/h2>\n\n\n\n<p>\u6b21\u306e\u3088\u3046\u306a\u30a2\u30af\u30bb\u30b7\u30d3\u30ea\u30c6\u30a3\u8981\u4ef6 (RD 1112\/2018 \u306e\u6761\u9805 10.2.a) \u306b\u95a2\u3059\u308b\u30b3\u30df\u30e5\u30cb\u30b1\u30fc\u30b7\u30e7\u30f3\u3092\u884c\u3046\u3053\u3068\u304c\u3067\u304d\u307e\u3059\u3002<\/p>\n\n\n\n<ul class=\"wp-block-list\">\n<li>\u3053\u306e Web \u30b5\u30a4\u30c8\u306b\u3088\u308b\u9055\u53cd\u306e\u53ef\u80fd\u6027\u304c\u3042\u308b\u5834\u5408\u306f\u5831\u544a\u3057\u3066\u304f\u3060\u3055\u3044<\/li>\n\n\n\n<li>\u4ed6\u306e\u30b3\u30f3\u30c6\u30f3\u30c4\u3078\u306e\u30a2\u30af\u30bb\u30b9\u306e\u554f\u984c\u3092\u9001\u4fe1\u3059\u308b<\/li>\n\n\n\n<li>\u30a6\u30a7\u30d6\u30b5\u30a4\u30c8\u306e\u30a2\u30af\u30bb\u30b7\u30d3\u30ea\u30c6\u30a3\u306b\u95a2\u3059\u308b\u305d\u306e\u4ed6\u306e\u8cea\u554f\u3084\u6539\u5584\u63d0\u6848\u3092\u4f5c\u6210\u3057\u307e\u3059\u3002\u00a0<a href=\"https:\/\/www.fleximat.es\/ja\/contacto\/\">\u304a\u554f\u3044\u5408\u308f\u305b\u30d5\u30a9\u30fc\u30e0<\/a>\u00a0\u3053\u306e\u30a6\u30a7\u30d6\u30b5\u30a4\u30c8\u304b\u3089\u3001\u307e\u305f\u306f\u96fb\u8a71\u756a\u53f7 635 72 78 47 \u304b\u3089\u304a\u554f\u3044\u5408\u308f\u305b\u304f\u3060\u3055\u3044\u3002<\/li>\n<\/ul>\n\n\n\n<p>\u6b21\u306e\u3082\u306e\u3092\u63d0\u793a\u3067\u304d\u307e\u3059\u3002<\/p>\n\n\n\n<ul class=\"wp-block-list\">\n<li>RD 1112\/2018 \u306e\u8981\u4ef6\u3078\u306e\u6e96\u62e0\u306b\u95a2\u3059\u308b\u82e6\u60c5<\/li>\n\n\n\n<li>\u4ee5\u4e0b\u306b\u95a2\u9023\u3059\u308b\u30a2\u30af\u30bb\u30b9\u53ef\u80fd\u306a\u60c5\u5831\u306e\u30ea\u30af\u30a8\u30b9\u30c8:\n<ul class=\"wp-block-list\">\n<li>\u7b2c3\u6761\u7b2c4\u9805\u306e\u898f\u5b9a\u306b\u3088\u308aRD1112\/2018\u306e\u9069\u7528\u7bc4\u56f2\u304b\u3089\u9664\u5916\u3055\u308c\u308b\u5185\u5bb9<\/li>\n\n\n\n<li>\u4e0d\u5f53\u306a\u8ca0\u62c5\u3092\u8ab2\u3059\u305f\u3081\u306b\u30a2\u30af\u30bb\u30b7\u30d3\u30ea\u30c6\u30a3\u8981\u4ef6\u306e\u9075\u5b88\u304c\u514d\u9664\u3055\u308c\u308b\u30b3\u30f3\u30c6\u30f3\u30c4<\/li>\n\n\n\n<li>\u30a2\u30af\u30bb\u30b9\u53ef\u80fd\u306a\u60c5\u5831\u306e\u8981\u6c42\u3067\u306f\u3001\u4e8b\u5b9f\u3001\u7406\u7531\u3001\u304a\u3088\u3073\u8981\u6c42\u3092\u660e\u78ba\u306b\u6307\u5b9a\u3057\u3001\u305d\u308c\u304c\u5408\u7406\u7684\u304b\u3064\u6b63\u5f53\u306a\u8981\u6c42\u3067\u3042\u308b\u3053\u3068\u3092\u78ba\u8a8d\u3067\u304d\u308b\u3088\u3046\u306b\u3059\u308b\u5fc5\u8981\u304c\u3042\u308a\u307e\u3059\u3002<\/li>\n<\/ul>\n<\/li>\n<\/ul>\n\n\n\n<p>\u30a2\u30af\u30bb\u30b9\u53ef\u80fd\u306a\u60c5\u5831\u306b\u95a2\u3059\u308b\u82e6\u60c5\u304a\u3088\u3073\u7533\u3057\u7acb\u3066\u306f\u3001\u96fb\u5b50\u672c\u90e8 (<a href=\"https:\/\/sede.red.gob.es\/procedimientos\/quejas-y-sugerencias\" target=\"_blank\" rel=\"noreferrer noopener\">https:\/\/sede.red.gob.es\/procedimientos\/quejas-y-sugerencias<\/a>)\u3001Red.es \u306e\u60c5\u5831\u30b7\u30b9\u30c6\u30e0\u9818\u57df\u306b\u3088\u3063\u3066\u53d7\u4fe1\u304a\u3088\u3073\u51e6\u7406\u3055\u308c\u307e\u3059\u3002<\/p>\n\n\n\n<h2 class=\"wp-block-heading\">\u30aa\u30d7\u30b7\u30e7\u30f3\u306e\u30b3\u30f3\u30c6\u30f3\u30c4<\/h2>\n\n\n\n<ul class=\"wp-block-list\">\n<li>\u30e1\u30a4\u30f3\u306e\u30b0\u30e9\u30d5\u30a3\u30ab\u30eb \u30d6\u30e9\u30a6\u30b6\u3067\u30c6\u30ad\u30b9\u30c8\u306e\u30d5\u30a9\u30f3\u30c8 \u30b5\u30a4\u30ba\u3092\u5909\u66f4\u3059\u308b\u5834\u5408\u306f\u3001\u6b21\u306e\u30e1\u30cb\u30e5\u30fc\u3092\u4f7f\u7528\u3057\u307e\u3059\u3002<\/li>\n\n\n\n<li>Safari: [\u8868\u793a] &gt; [\u30c6\u30ad\u30b9\u30c8\u3092\u5927\u304d\u304f\u3059\u308b]<\/li>\n\n\n\n<li>Chrome: \u73fe\u5728\u306e\u30da\u30fc\u30b8\u3092\u5236\u5fa1 &gt; \u30c6\u30ad\u30b9\u30c8 \u30b5\u30a4\u30ba<\/li>\n<\/ul>\n\n\n\n<p>\u30da\u30fc\u30b8\u4e0a\u306e\u3059\u3079\u3066\u306e\u30b5\u30a4\u30ba\u3092\u5909\u66f4\u3059\u308b\u306b\u306f:<\/p>\n\n\n\n<ul class=\"wp-block-list\">\n<li>Ctrl++\u3067\u5897\u52a0\u3057\u307e\u3059<\/li>\n\n\n\n<li>Ctrl + \u2013 \u3092\u5c0f\u3055\u304f\u3059\u308b\u306b\u306f<\/li>\n\n\n\n<li>Ctrl + 0 \u306f\u5143\u306e\u30c6\u30ad\u30b9\u30c8 \u30b5\u30a4\u30ba\u306b\u623b\u3057\u307e\u3059<\/li>\n\n\n\n<li>\u30b9\u30bf\u30a4\u30eb \u30b7\u30fc\u30c8\u3092\u30aa\u30fc\u30d0\u30fc\u30e9\u30a4\u30c9\u3057\u305f\u308a\u3001\u30c6\u30ad\u30b9\u30c8\u306e\u8272\u3092\u5909\u66f4\u3057\u305f\u3044\u5834\u5408\u306f\u3001WAI \u306e\u300c\u30c6\u30ad\u30b9\u30c8 \u30b5\u30a4\u30ba\u307e\u305f\u306f\u8272\u306e\u5909\u66f4\u65b9\u6cd5\u300d\u30da\u30fc\u30b8\u3092\u53c2\u7167\u3057\u3066\u304f\u3060\u3055\u3044\u3002\u3053\u306e\u30da\u30fc\u30b8\u306f\u3001\u300c\u30c6\u30ad\u30b9\u30c8 \u30b5\u30a4\u30ba\u307e\u305f\u306f\u8272\u306e\u5909\u66f4\u65b9\u6cd5\u300d\u3067\u30b9\u30da\u30a4\u30f3\u8a9e\u306b\u7ffb\u8a33\u3055\u308c\u3066\u3044\u307e\u3059\u3002<\/li>\n<\/ul>","protected":false},"excerpt":{"rendered":"<p>Fleximat&nbsp;se ha comprometido a hacer accesible su sitio web, de conformidad con el Real Decreto 1112\/2018, de 7 de septiembre, sobre accesibilidad de los sitios web y aplicaciones para dispositivos m\u00f3viles del sector p\u00fablico. Esta declaraci\u00f3n de accesibilidad se aplica a esta web. Situaci\u00f3n de cumplimiento Este sitio web est\u00e1 desarrollado de acuerdo con el RD 1112\/2018 Preparaci\u00f3n para la siguiente declaraci\u00f3n de accesibilidad Esta declaraci\u00f3n fue preparada el 20 de mayo de 2023. El m\u00e9todo empleado para preparar la declaraci\u00f3n ha sido una autoevaluaci\u00f3n. Observaciones y datos de contacto Puede realizar comunicaciones sobre requisitos de accesibilidad (art\u00edculo 10.2.a del RD 1112\/2018) como: Puede presentar: Las quejas y reclamaciones sobre&#8230;<\/p>","protected":false},"author":1,"featured_media":0,"parent":0,"menu_order":19,"comment_status":"closed","ping_status":"closed","template":"","meta":{"_kad_blocks_custom_css":"","_kad_blocks_head_custom_js":"","_kad_blocks_body_custom_js":"","_kad_blocks_footer_custom_js":"","_kadence_starter_templates_imported_post":false,"_kad_post_transparent":"","_kad_post_title":"","_kad_post_layout":"","_kad_post_sidebar_id":"","_kad_post_content_style":"","_kad_post_vertical_padding":"","_kad_post_feature":"","_kad_post_feature_position":"","_kad_post_header":false,"_kad_post_footer":false,"footnotes":""},"class_list":["post-1331","page","type-page","status-publish","hentry"],"yoast_head":"<!-- This site is optimized with the Yoast SEO plugin v21.7 - https:\/\/yoast.com\/wordpress\/plugins\/seo\/ -->\n<title>Declaraci\u00f3n de accesibilidad - Fleximat<\/title>\n<meta name=\"robots\" content=\"index, follow, max-snippet:-1, max-image-preview:large, max-video-preview:-1\" \/>\n<link rel=\"canonical\" href=\"https:\/\/www.fleximat.es\/ja\/declaracion-de-accesibilidad\/\" \/>\n<meta property=\"og:locale\" content=\"ja_JP\" \/>\n<meta property=\"og:type\" content=\"article\" \/>\n<meta property=\"og:title\" content=\"Declaraci\u00f3n de accesibilidad - Fleximat\" \/>\n<meta property=\"og:description\" content=\"Fleximat&nbsp;se ha comprometido a hacer accesible su sitio web, de conformidad con el Real Decreto 1112\/2018, de 7 de septiembre, sobre accesibilidad de los sitios web y aplicaciones para dispositivos m\u00f3viles del sector p\u00fablico. Esta declaraci\u00f3n de accesibilidad se aplica a esta web. Situaci\u00f3n de cumplimiento Este sitio web est\u00e1 desarrollado de acuerdo con el RD 1112\/2018 Preparaci\u00f3n para la siguiente declaraci\u00f3n de accesibilidad Esta declaraci\u00f3n fue preparada el 20 de mayo de 2023. El m\u00e9todo empleado para preparar la declaraci\u00f3n ha sido una autoevaluaci\u00f3n. Observaciones y datos de contacto Puede realizar comunicaciones sobre requisitos de accesibilidad (art\u00edculo 10.2.a del RD 1112\/2018) como: Puede presentar: Las quejas y reclamaciones sobre...\" \/>\n<meta property=\"og:url\" content=\"https:\/\/www.fleximat.es\/ja\/declaracion-de-accesibilidad\/\" \/>\n<meta property=\"og:site_name\" content=\"Fleximat\" \/>\n<meta property=\"article:modified_time\" content=\"2024-01-24T09:27:40+00:00\" \/>\n<meta name=\"twitter:card\" content=\"summary_large_image\" \/>\n<meta name=\"twitter:label1\" content=\"\u63a8\u5b9a\u8aad\u307f\u53d6\u308a\u6642\u9593\" \/>\n\t<meta name=\"twitter:data1\" content=\"2\u5206\" \/>\n<script type=\"application\/ld+json\" class=\"yoast-schema-graph\">{\"@context\":\"https:\/\/schema.org\",\"@graph\":[{\"@type\":\"WebPage\",\"@id\":\"https:\/\/www.fleximat.es\/declaracion-de-accesibilidad\/\",\"url\":\"https:\/\/www.fleximat.es\/declaracion-de-accesibilidad\/\",\"name\":\"Declaraci\u00f3n de accesibilidad - Fleximat\",\"isPartOf\":{\"@id\":\"https:\/\/www.fleximat.es\/bn\/#website\"},\"datePublished\":\"2023-10-10T16:47:12+00:00\",\"dateModified\":\"2024-01-24T09:27:40+00:00\",\"breadcrumb\":{\"@id\":\"https:\/\/www.fleximat.es\/declaracion-de-accesibilidad\/#breadcrumb\"},\"inLanguage\":\"ja\",\"potentialAction\":[{\"@type\":\"ReadAction\",\"target\":[\"https:\/\/www.fleximat.es\/declaracion-de-accesibilidad\/\"]}]},{\"@type\":\"BreadcrumbList\",\"@id\":\"https:\/\/www.fleximat.es\/declaracion-de-accesibilidad\/#breadcrumb\",\"itemListElement\":[{\"@type\":\"ListItem\",\"position\":1,\"name\":\"Portada\",\"item\":\"https:\/\/www.fleximat.es\/\"},{\"@type\":\"ListItem\",\"position\":2,\"name\":\"Declaraci\u00f3n de accesibilidad\"}]},{\"@type\":\"WebSite\",\"@id\":\"https:\/\/www.fleximat.es\/bn\/#website\",\"url\":\"https:\/\/www.fleximat.es\/bn\/\",\"name\":\"Fleximat\",\"description\":\"Tu soluci\u00f3n en prensaestopas y tubos flexibles\",\"publisher\":{\"@id\":\"https:\/\/www.fleximat.es\/bn\/#organization\"},\"potentialAction\":[{\"@type\":\"SearchAction\",\"target\":{\"@type\":\"EntryPoint\",\"urlTemplate\":\"https:\/\/www.fleximat.es\/bn\/?s={search_term_string}\"},\"query-input\":\"required name=search_term_string\"}],\"inLanguage\":\"ja\"},{\"@type\":\"Organization\",\"@id\":\"https:\/\/www.fleximat.es\/bn\/#organization\",\"name\":\"Fleximat\",\"url\":\"https:\/\/www.fleximat.es\/bn\/\",\"logo\":{\"@type\":\"ImageObject\",\"inLanguage\":\"ja\",\"@id\":\"https:\/\/www.fleximat.es\/bn\/#\/schema\/logo\/image\/\",\"url\":\"https:\/\/www.fleximat.es\/wp-content\/uploads\/2023\/11\/fleximat-logo-1.png\",\"contentUrl\":\"https:\/\/www.fleximat.es\/wp-content\/uploads\/2023\/11\/fleximat-logo-1.png\",\"width\":1169,\"height\":289,\"caption\":\"Fleximat\"},\"image\":{\"@id\":\"https:\/\/www.fleximat.es\/bn\/#\/schema\/logo\/image\/\"}}]}<\/script>\n<!-- \/ Yoast SEO plugin. -->","yoast_head_json":{"title":"Declaraci\u00f3n de accesibilidad - Fleximat","robots":{"index":"index","follow":"follow","max-snippet":"max-snippet:-1","max-image-preview":"max-image-preview:large","max-video-preview":"max-video-preview:-1"},"canonical":"https:\/\/www.fleximat.es\/ja\/declaracion-de-accesibilidad\/","og_locale":"ja_JP","og_type":"article","og_title":"Declaraci\u00f3n de accesibilidad - Fleximat","og_description":"Fleximat&nbsp;se ha comprometido a hacer accesible su sitio web, de conformidad con el Real Decreto 1112\/2018, de 7 de septiembre, sobre accesibilidad de los sitios web y aplicaciones para dispositivos m\u00f3viles del sector p\u00fablico. Esta declaraci\u00f3n de accesibilidad se aplica a esta web. Situaci\u00f3n de cumplimiento Este sitio web est\u00e1 desarrollado de acuerdo con el RD 1112\/2018 Preparaci\u00f3n para la siguiente declaraci\u00f3n de accesibilidad Esta declaraci\u00f3n fue preparada el 20 de mayo de 2023. El m\u00e9todo empleado para preparar la declaraci\u00f3n ha sido una autoevaluaci\u00f3n. Observaciones y datos de contacto Puede realizar comunicaciones sobre requisitos de accesibilidad (art\u00edculo 10.2.a del RD 1112\/2018) como: Puede presentar: Las quejas y reclamaciones sobre...","og_url":"https:\/\/www.fleximat.es\/ja\/declaracion-de-accesibilidad\/","og_site_name":"Fleximat","article_modified_time":"2024-01-24T09:27:40+00:00","twitter_card":"summary_large_image","twitter_misc":{"\u63a8\u5b9a\u8aad\u307f\u53d6\u308a\u6642\u9593":"2\u5206"},"schema":{"@context":"https:\/\/schema.org","@graph":[{"@type":"WebPage","@id":"https:\/\/www.fleximat.es\/declaracion-de-accesibilidad\/","url":"https:\/\/www.fleximat.es\/declaracion-de-accesibilidad\/","name":"Declaraci\u00f3n de accesibilidad - Fleximat","isPartOf":{"@id":"https:\/\/www.fleximat.es\/bn\/#website"},"datePublished":"2023-10-10T16:47:12+00:00","dateModified":"2024-01-24T09:27:40+00:00","breadcrumb":{"@id":"https:\/\/www.fleximat.es\/declaracion-de-accesibilidad\/#breadcrumb"},"inLanguage":"ja","potentialAction":[{"@type":"ReadAction","target":["https:\/\/www.fleximat.es\/declaracion-de-accesibilidad\/"]}]},{"@type":"BreadcrumbList","@id":"https:\/\/www.fleximat.es\/declaracion-de-accesibilidad\/#breadcrumb","itemListElement":[{"@type":"ListItem","position":1,"name":"Portada","item":"https:\/\/www.fleximat.es\/"},{"@type":"ListItem","position":2,"name":"Declaraci\u00f3n de accesibilidad"}]},{"@type":"WebSite","@id":"https:\/\/www.fleximat.es\/bn\/#website","url":"https:\/\/www.fleximat.es\/bn\/","name":"Fleximat","description":"Tu soluci\u00f3n en prensaestopas y tubos flexibles","publisher":{"@id":"https:\/\/www.fleximat.es\/bn\/#organization"},"potentialAction":[{"@type":"SearchAction","target":{"@type":"EntryPoint","urlTemplate":"https:\/\/www.fleximat.es\/bn\/?s={search_term_string}"},"query-input":"required name=search_term_string"}],"inLanguage":"ja"},{"@type":"Organization","@id":"https:\/\/www.fleximat.es\/bn\/#organization","name":"Fleximat","url":"https:\/\/www.fleximat.es\/bn\/","logo":{"@type":"ImageObject","inLanguage":"ja","@id":"https:\/\/www.fleximat.es\/bn\/#\/schema\/logo\/image\/","url":"https:\/\/www.fleximat.es\/wp-content\/uploads\/2023\/11\/fleximat-logo-1.png","contentUrl":"https:\/\/www.fleximat.es\/wp-content\/uploads\/2023\/11\/fleximat-logo-1.png","width":1169,"height":289,"caption":"Fleximat"},"image":{"@id":"https:\/\/www.fleximat.es\/bn\/#\/schema\/logo\/image\/"}}]}},"taxonomy_info":[],"featured_image_src_large":false,"author_info":{"display_name":"eloi","author_link":"https:\/\/www.fleximat.es\/ja\/author\/eloi\/"},"comment_info":0,"_links":{"self":[{"href":"https:\/\/www.fleximat.es\/ja\/wp-json\/wp\/v2\/pages\/1331"}],"collection":[{"href":"https:\/\/www.fleximat.es\/ja\/wp-json\/wp\/v2\/pages"}],"about":[{"href":"https:\/\/www.fleximat.es\/ja\/wp-json\/wp\/v2\/types\/page"}],"author":[{"embeddable":true,"href":"https:\/\/www.fleximat.es\/ja\/wp-json\/wp\/v2\/users\/1"}],"replies":[{"embeddable":true,"href":"https:\/\/www.fleximat.es\/ja\/wp-json\/wp\/v2\/comments?post=1331"}],"version-history":[{"count":1,"href":"https:\/\/www.fleximat.es\/ja\/wp-json\/wp\/v2\/pages\/1331\/revisions"}],"predecessor-version":[{"id":3622,"href":"https:\/\/www.fleximat.es\/ja\/wp-json\/wp\/v2\/pages\/1331\/revisions\/3622"}],"wp:attachment":[{"href":"https:\/\/www.fleximat.es\/ja\/wp-json\/wp\/v2\/media?parent=1331"}],"curies":[{"name":"wp","href":"https:\/\/api.w.org\/{rel}","templated":true}]}}