{"id":1552,"date":"2023-10-18T17:52:50","date_gmt":"2023-10-18T15:52:50","guid":{"rendered":"https:\/\/www.fleximat.es\/?post_type=product&#038;p=1552"},"modified":"2023-12-01T11:03:04","modified_gmt":"2023-12-01T10:03:04","slug":"prensaestopas-metrica-multihole-poliamida-ip-68-gris-oscuro","status":"publish","type":"product","link":"https:\/\/www.fleximat.es\/ja\/product\/prensaestopas-metrica-multihole-poliamida-ip-68-gris-oscuro\/","title":{"rendered":"\u30e1\u30fc\u30c8\u30eb\u591a\u7a74\u30b1\u30fc\u30d6\u30eb \u30b0\u30e9\u30f3\u30c9 \u30dd\u30ea\u30a2\u30df\u30c9 IP-68 \u30c0\u30fc\u30af\u30b0\u30ec\u30fc"},"content":{"rendered":"<h4>\u30d7\u30ed\u30d1\u30c6\u30a3<\/h4>\n<p>\u9632\u632f<br \/>\n\u5f15\u3063\u5f35\u308a\u9632\u6b62\u3001\u9ad8\u3044\u8010\u7d2b\u5916\u7dda\u6027<br \/>\n\u7c21\u5358\u7d44\u307f\u7acb\u3066VDE\u8a8d\u5b9a(40030037)<br \/>\n\u30cf\u30ed\u30b2\u30f3\u30d5\u30ea\u30fc<\/p>\n<h3>\u88fd\u54c1\u8aac\u660e<\/h3>\n<p>\u30de\u30eb\u30c1\u30b1\u30fc\u30d6\u30eb \u30b1\u30fc\u30d6\u30eb \u30b0\u30e9\u30f3\u30c9\u306f\u3001\u7279\u5b9a\u306e\u6570\u306e\u96fb\u6c17\u30b1\u30fc\u30d6\u30eb\u3092\u901a\u3059\u305f\u3081\u306e\u7a74\u306e\u3042\u308b\u5185\u90e8\u30b8\u30e7\u30a4\u30f3\u30c8\u3092\u7d44\u307f\u8fbc\u3093\u3060\u4e00\u822c\u7684\u306a\u30b1\u30fc\u30d6\u30eb \u30b0\u30e9\u30f3\u30c9\u306e\u5909\u5f62\u3067\u3059\u3002<\/p>\n<p>\u30de\u30eb\u30c1\u30b1\u30fc\u30d6\u30eb \u30b0\u30e9\u30f3\u30c9\u307e\u305f\u306f\u30a6\u30a9\u30fc\u30eb \u30b0\u30ed\u30e1\u30c3\u30c8\u306f\u914d\u7dda\u63a5\u7d9a\u3092\u4fdd\u8b77\u3059\u308b\u305f\u3081\u306b\u4f7f\u7528\u3055\u308c\u3001\u305d\u306e\u8a2d\u8a08\u3068\u6a5f\u68b0\u30b3\u30f3\u30dd\u30fc\u30cd\u30f3\u30c8\u306f\u30cf\u30a6\u30b8\u30f3\u30b0\u5185\u306e\u5185\u90e8\u30a8\u30e9\u30b9\u30c8\u30de\u30fc \u30ac\u30b9\u30b1\u30c3\u30c8\u3092\u5727\u7e2e\u3057\u307e\u3059\u3002\u6b21\u306b\u3001\u5185\u90e8\u30b8\u30e7\u30a4\u30f3\u30c8\u304c\u30d7\u30ed\u30b8\u30a7\u30af\u30c8\u306e\u4ed5\u69d8\u306b\u5f93\u3063\u3066\u30b1\u30fc\u30d6\u30eb\u3092\u914d\u7dda\u3057\u307e\u3059\u3002<\/p>\n<p>\u3055\u307e\u3056\u307e\u306a\u30b1\u30fc\u30d6\u30eb\u7528\u306e\u30b1\u30fc\u30d6\u30eb \u30b0\u30e9\u30f3\u30c9\u306f\u3001\u6a5f\u68b0\u7684\u3001\u5316\u5b66\u7684\u3001\u6027\u80fd\u3092\u554f\u308f\u305a\u3001\u975e\u5e38\u306b\u591a\u69d8\u306a\u7279\u6027\u3092\u5099\u3048\u3066\u304a\u308a\u3001\u30d7\u30e9\u30b9\u30c1\u30c3\u30af\u6750\u6599\u3068\u91d1\u5c5e\u30d0\u30fc\u30b8\u30e7\u30f3\u306e\u4e21\u65b9\u3067\u5165\u624b\u3067\u304d\u307e\u3059\u3002<\/p>\n<p>\u30de\u30eb\u30c1\u30b1\u30fc\u30d6\u30eb \u30b0\u30e9\u30f3\u30c9\u306f\u3001\u63a5\u7d9a\u90e8\u306e\u7a74\u306b\u5fc5\u8981\u306a\u30b1\u30fc\u30d6\u30eb\u306e\u6570\u3068\u76f4\u5f84\u304c\u975e\u5e38\u306b\u5e83\u7bc4\u56f2\u306b\u308f\u305f\u3063\u3066\u5b58\u5728\u3057\u307e\u3059\u3002<\/p>\n<table class=\"table table-bordered table-striped\">\n<thead>\n<tr>\n<td colspan=\"3\"><strong>\u30b9\u30ec\u30c3\u30c9<\/strong><\/td>\n<td colspan=\"3\"><strong>\u30b3\u30fc\u30c9<\/strong><\/td>\n<td><strong>\u7a74\u306e\u6570<\/strong><\/td>\n<td><strong>\u3046\u30fc\u3093<\/strong><\/td>\n<\/tr>\n<\/thead>\n<tbody>\n<tr>\n<td colspan=\"3\">M16\u00d71.5<\/td>\n<td colspan=\"3\">OMRG 02A3<\/td>\n<td>2<\/td>\n<td>3<\/td>\n<\/tr>\n<tr>\n<td colspan=\"3\">M16\u00d71.5<\/td>\n<td colspan=\"3\">OMRG 02B3<\/td>\n<td>3<\/td>\n<td>3<\/td>\n<\/tr>\n<tr>\n<td colspan=\"3\">M16\u00d71.5<\/td>\n<td colspan=\"3\">OMRG 02C3<\/td>\n<td>4<\/td>\n<td>3<\/td>\n<\/tr>\n<tr>\n<td colspan=\"3\">M16\u00d71.5<\/td>\n<td colspan=\"3\">OMRG 03A4<\/td>\n<td>2<\/td>\n<td>4<\/td>\n<\/tr>\n<tr>\n<td colspan=\"3\">M16\u00d71.5<\/td>\n<td colspan=\"3\">OMRG 03A5<\/td>\n<td>2<\/td>\n<td>5<\/td>\n<\/tr>\n<tr>\n<td colspan=\"3\">M16\u00d71.5<\/td>\n<td colspan=\"3\">OMRG 03B4<\/td>\n<td>3<\/td>\n<td>4<\/td>\n<\/tr>\n<tr>\n<td colspan=\"3\">M16\u00d71.5<\/td>\n<td colspan=\"3\">OMRG 03B5<\/td>\n<td>3<\/td>\n<td>5<\/td>\n<\/tr>\n<tr>\n<td colspan=\"3\">M20\u00d71.5<\/td>\n<td colspan=\"3\">OMRG 04A5<\/td>\n<td>2<\/td>\n<td>5<\/td>\n<\/tr>\n<tr>\n<td colspan=\"3\">M20\u00d71.5<\/td>\n<td colspan=\"3\">OMRG 04A6<\/td>\n<td>2<\/td>\n<td>6<\/td>\n<\/tr>\n<tr>\n<td colspan=\"3\">M20\u00d71.5<\/td>\n<td colspan=\"3\">OMRG 04B4<\/td>\n<td>3<\/td>\n<td>4<\/td>\n<\/tr>\n<tr>\n<td colspan=\"3\">M20\u00d71.5<\/td>\n<td colspan=\"3\">OMRG 04B5<\/td>\n<td>3<\/td>\n<td>5<\/td>\n<\/tr>\n<tr>\n<td colspan=\"3\">M20\u00d71.5<\/td>\n<td colspan=\"3\">OMRG 05A4<\/td>\n<td>2<\/td>\n<td>4<\/td>\n<\/tr>\n<tr>\n<td colspan=\"3\">M20\u00d71.5<\/td>\n<td colspan=\"3\">OMRG 05A7<\/td>\n<td>2<\/td>\n<td>7<\/td>\n<\/tr>\n<tr>\n<td colspan=\"3\">M20\u00d71.5<\/td>\n<td colspan=\"3\">OMRG 05B4<\/td>\n<td>3<\/td>\n<td>4<\/td>\n<\/tr>\n<tr>\n<td colspan=\"3\">M20\u00d71.5<\/td>\n<td colspan=\"3\">OMRG 05B6<\/td>\n<td>3<\/td>\n<td>6<\/td>\n<\/tr>\n<tr>\n<td colspan=\"3\">M20\u00d71.5<\/td>\n<td colspan=\"3\">OMRG 05C5<\/td>\n<td>4<\/td>\n<td>5<\/td>\n<\/tr>\n<tr>\n<td colspan=\"3\">M25\u00d71.5<\/td>\n<td colspan=\"3\">OMRG 06A8<\/td>\n<td>2<\/td>\n<td>8<\/td>\n<\/tr>\n<tr>\n<td colspan=\"3\">M25\u00d71.5<\/td>\n<td colspan=\"3\">OMRG 06A9<\/td>\n<td>2<\/td>\n<td>9<\/td>\n<\/tr>\n<tr>\n<td colspan=\"3\">M25\u00d71.5<\/td>\n<td colspan=\"3\">OMRG 06B5<\/td>\n<td>5<\/td>\n<td>6<\/td>\n<\/tr>\n<tr>\n<td colspan=\"3\">M25\u00d71.5<\/td>\n<td colspan=\"3\">OMRG 06B7<\/td>\n<td>3<\/td>\n<td>7<\/td>\n<\/tr>\n<tr>\n<td colspan=\"3\">M25\u00d71.5<\/td>\n<td colspan=\"3\">OMRG 06B8<\/td>\n<td>3<\/td>\n<td>8<\/td>\n<\/tr>\n<tr>\n<td colspan=\"3\">M25\u00d71.5<\/td>\n<td colspan=\"3\">OMRG 06C7<\/td>\n<td>4<\/td>\n<td>7<\/td>\n<\/tr>\n<tr>\n<td colspan=\"3\">M25\u00d71.5<\/td>\n<td colspan=\"3\">OMRG06G3<\/td>\n<td>8<\/td>\n<td>3<\/td>\n<\/tr>\n<tr>\n<td colspan=\"3\">M25\u00d71.5<\/td>\n<td colspan=\"3\">OMRG06G4<\/td>\n<td>8<\/td>\n<td>4<\/td>\n<\/tr>\n<tr>\n<td colspan=\"3\">M32\u00d71.5<\/td>\n<td colspan=\"3\">OMRG 07C9<\/td>\n<td>4<\/td>\n<td>9<\/td>\n<\/tr>\n<tr>\n<td colspan=\"3\">M32\u00d71.5<\/td>\n<td colspan=\"3\">OMRG 0703<\/td>\n<td>3<\/td>\n<td>16<\/td>\n<\/tr>\n<tr>\n<td colspan=\"3\">M 40\u00d71.5<\/td>\n<td colspan=\"3\">OMRG 08E8<\/td>\n<td>6<\/td>\n<td>8<\/td>\n<\/tr>\n<\/tbody>\n<\/table>","protected":false},"excerpt":{"rendered":"<h3>\u6750\u6599<\/h3>\n<table>\n<tbody>\n<tr>\n<td><strong>\u30dc\u30f3\u30cd\u30c3\u30c8<\/strong><\/td>\n<td>\u30dd\u30ea\u30a2\u30df\u30c9 PA6 V2<\/td>\n<\/tr>\n<tr>\n<td><strong>\u30b7\u30fc\u30eb\u30ac\u30b9\u30b1\u30c3\u30c8<\/strong><\/td>\n<td>\u30de\u30eb\u30c1\u30b1\u30fc\u30d6\u30eb\u304a\u3088\u3073\u30d5\u30e9\u30c3\u30c8\u30b1\u30fc\u30d6\u30eb\u7528\u306e\u7279\u5225\u306aTPV\u30ac\u30b9\u30b1\u30c3\u30c8<\/td>\n<\/tr>\n<tr>\n<td><strong>\u4f53<\/strong><\/td>\n<td>\u30dd\u30ea\u30a2\u30df\u30c9 PA6 V2<\/td>\n<\/tr>\n<tr>\n<td><strong>O\u30ea\u30f3\u30b0<\/strong><\/td>\n<td>NBR<\/td>\n<\/tr>\n<tr>\n<td><strong>\u306d\u3058\u306e\u7a2e\u985e<\/strong><\/td>\n<td>\u30e1\u30fc\u30c8\u30eb\u6cd5 (EN 60423)<\/td>\n<\/tr>\n<tr>\n<td><strong>\u304d\u3064\u3055<\/strong><\/td>\n<td>IP68<\/td>\n<\/tr>\n<tr>\n<td><strong>\u9023\u7d9a\u4f7f\u7528\u6e29\u5ea6<\/strong><\/td>\n<td>-30\u2103 +80\u2103 +150\u2103\uff08\u4e00\u6642\u7684\uff09<\/td>\n<\/tr>\n<\/tbody>\n<\/table>","protected":false},"featured_media":2899,"template":"","meta":{"_kad_blocks_custom_css":"","_kad_blocks_head_custom_js":"","_kad_blocks_body_custom_js":"","_kad_blocks_footer_custom_js":"","_kadence_starter_templates_imported_post":false,"_kad_post_transparent":"default","_kad_post_title":"","_kad_post_layout":"default","_kad_post_sidebar_id":"","_kad_post_content_style":"default","_kad_post_vertical_padding":"default","_kad_post_feature":"","_kad_post_feature_position":"","_kad_post_header":false,"_kad_post_footer":false},"product_cat":[29,49],"product_tag":[],"class_list":{"0":"post-1552","1":"product","2":"type-product","3":"status-publish","4":"has-post-thumbnail","6":"product_cat-prensaestopas-y-accesorios-plasticos-de-poliamida","7":"product_cat-prensaestopas-para-multiples-cables-poliamida-ip-65","9":"first","10":"instock","11":"shipping-taxable","12":"product-type-simple","13":"entry","14":"content-bg","15":"loop-entry"},"yoast_head":"<!-- This site is optimized with the Yoast SEO plugin v21.7 - https:\/\/yoast.com\/wordpress\/plugins\/seo\/ -->\n<title>Prensaestopas M\u00e9trica Multihole Poliamida IP-68 Gris Oscuro - Fleximat<\/title>\n<meta name=\"robots\" content=\"index, follow, max-snippet:-1, max-image-preview:large, max-video-preview:-1\" \/>\n<link rel=\"canonical\" href=\"https:\/\/www.fleximat.es\/ja\/product\/prensaestopas-metrica-multihole-poliamida-ip-68-gris-oscuro\/\" \/>\n<meta property=\"og:locale\" content=\"ja_JP\" \/>\n<meta property=\"og:type\" content=\"article\" \/>\n<meta property=\"og:title\" content=\"Prensaestopas M\u00e9trica Multihole Poliamida IP-68 Gris Oscuro - Fleximat\" \/>\n<meta property=\"og:description\" content=\"Material    Sombrerete Poliamida PA6 V2   Junta de sellado Junta TPV especial para m\u00faltiples cables y cables planos   Cuerpo Poliamida PA6 V2   Junta t\u00f3rica NBR   Tipo de Rosca M\u00e9trica (EN 60423)   Estanqueidad IP68   Temperatura de trabajo continua -30 \u00baC +80 \u00baC +150 \u00baC (temporal)\" \/>\n<meta property=\"og:url\" content=\"https:\/\/www.fleximat.es\/ja\/product\/prensaestopas-metrica-multihole-poliamida-ip-68-gris-oscuro\/\" \/>\n<meta property=\"og:site_name\" content=\"Fleximat\" \/>\n<meta property=\"article:modified_time\" content=\"2023-12-01T10:03:04+00:00\" \/>\n<meta property=\"og:image\" content=\"https:\/\/www.fleximat.es\/wp-content\/uploads\/2023\/10\/fleximat-prensa-multihole-poliamida-oscuroi.png\" \/>\n\t<meta property=\"og:image:width\" content=\"600\" \/>\n\t<meta property=\"og:image:height\" content=\"600\" \/>\n\t<meta property=\"og:image:type\" content=\"image\/png\" \/>\n<meta name=\"twitter:card\" content=\"summary_large_image\" \/>\n<meta name=\"twitter:label1\" content=\"\u63a8\u5b9a\u8aad\u307f\u53d6\u308a\u6642\u9593\" \/>\n\t<meta name=\"twitter:data1\" content=\"1\u5206\" \/>\n<script type=\"application\/ld+json\" class=\"yoast-schema-graph\">{\"@context\":\"https:\/\/schema.org\",\"@graph\":[{\"@type\":\"WebPage\",\"@id\":\"https:\/\/www.fleximat.es\/producto\/prensaestopas-metrica-multihole-poliamida-ip-68-gris-oscuro\/\",\"url\":\"https:\/\/www.fleximat.es\/producto\/prensaestopas-metrica-multihole-poliamida-ip-68-gris-oscuro\/\",\"name\":\"Prensaestopas M\u00e9trica Multihole Poliamida IP-68 Gris Oscuro - Fleximat\",\"isPartOf\":{\"@id\":\"https:\/\/www.fleximat.es\/bn\/#website\"},\"datePublished\":\"2023-10-18T15:52:50+00:00\",\"dateModified\":\"2023-12-01T10:03:04+00:00\",\"breadcrumb\":{\"@id\":\"https:\/\/www.fleximat.es\/producto\/prensaestopas-metrica-multihole-poliamida-ip-68-gris-oscuro\/#breadcrumb\"},\"inLanguage\":\"ja\",\"potentialAction\":[{\"@type\":\"ReadAction\",\"target\":[\"https:\/\/www.fleximat.es\/producto\/prensaestopas-metrica-multihole-poliamida-ip-68-gris-oscuro\/\"]}]},{\"@type\":\"BreadcrumbList\",\"@id\":\"https:\/\/www.fleximat.es\/producto\/prensaestopas-metrica-multihole-poliamida-ip-68-gris-oscuro\/#breadcrumb\",\"itemListElement\":[{\"@type\":\"ListItem\",\"position\":1,\"name\":\"Portada\",\"item\":\"https:\/\/www.fleximat.es\/\"},{\"@type\":\"ListItem\",\"position\":2,\"name\":\"Productos\",\"item\":\"https:\/\/www.fleximat.es\/en\/productos\/\"},{\"@type\":\"ListItem\",\"position\":3,\"name\":\"Prensaestopas M\u00e9trica Multihole Poliamida IP-68 Gris Oscuro\"}]},{\"@type\":\"WebSite\",\"@id\":\"https:\/\/www.fleximat.es\/bn\/#website\",\"url\":\"https:\/\/www.fleximat.es\/bn\/\",\"name\":\"Fleximat\",\"description\":\"Tu soluci\u00f3n en prensaestopas y tubos flexibles\",\"publisher\":{\"@id\":\"https:\/\/www.fleximat.es\/bn\/#organization\"},\"potentialAction\":[{\"@type\":\"SearchAction\",\"target\":{\"@type\":\"EntryPoint\",\"urlTemplate\":\"https:\/\/www.fleximat.es\/bn\/?s={search_term_string}\"},\"query-input\":\"required name=search_term_string\"}],\"inLanguage\":\"ja\"},{\"@type\":\"Organization\",\"@id\":\"https:\/\/www.fleximat.es\/bn\/#organization\",\"name\":\"Fleximat\",\"url\":\"https:\/\/www.fleximat.es\/bn\/\",\"logo\":{\"@type\":\"ImageObject\",\"inLanguage\":\"ja\",\"@id\":\"https:\/\/www.fleximat.es\/bn\/#\/schema\/logo\/image\/\",\"url\":\"https:\/\/www.fleximat.es\/wp-content\/uploads\/2023\/11\/fleximat-logo-1.png\",\"contentUrl\":\"https:\/\/www.fleximat.es\/wp-content\/uploads\/2023\/11\/fleximat-logo-1.png\",\"width\":1169,\"height\":289,\"caption\":\"Fleximat\"},\"image\":{\"@id\":\"https:\/\/www.fleximat.es\/bn\/#\/schema\/logo\/image\/\"}}]}<\/script>\n<!-- \/ Yoast SEO plugin. -->","yoast_head_json":{"title":"Prensaestopas M\u00e9trica Multihole Poliamida IP-68 Gris Oscuro - Fleximat","robots":{"index":"index","follow":"follow","max-snippet":"max-snippet:-1","max-image-preview":"max-image-preview:large","max-video-preview":"max-video-preview:-1"},"canonical":"https:\/\/www.fleximat.es\/ja\/product\/prensaestopas-metrica-multihole-poliamida-ip-68-gris-oscuro\/","og_locale":"ja_JP","og_type":"article","og_title":"Prensaestopas M\u00e9trica Multihole Poliamida IP-68 Gris Oscuro - Fleximat","og_description":"Material    Sombrerete Poliamida PA6 V2   Junta de sellado Junta TPV especial para m\u00faltiples cables y cables planos   Cuerpo Poliamida PA6 V2   Junta t\u00f3rica NBR   Tipo de Rosca M\u00e9trica (EN 60423)   Estanqueidad IP68   Temperatura de trabajo continua -30 \u00baC +80 \u00baC +150 \u00baC (temporal)","og_url":"https:\/\/www.fleximat.es\/ja\/product\/prensaestopas-metrica-multihole-poliamida-ip-68-gris-oscuro\/","og_site_name":"Fleximat","article_modified_time":"2023-12-01T10:03:04+00:00","og_image":[{"width":600,"height":600,"url":"https:\/\/www.fleximat.es\/wp-content\/uploads\/2023\/10\/fleximat-prensa-multihole-poliamida-oscuroi.png","type":"image\/png"}],"twitter_card":"summary_large_image","twitter_misc":{"\u63a8\u5b9a\u8aad\u307f\u53d6\u308a\u6642\u9593":"1\u5206"},"schema":{"@context":"https:\/\/schema.org","@graph":[{"@type":"WebPage","@id":"https:\/\/www.fleximat.es\/producto\/prensaestopas-metrica-multihole-poliamida-ip-68-gris-oscuro\/","url":"https:\/\/www.fleximat.es\/producto\/prensaestopas-metrica-multihole-poliamida-ip-68-gris-oscuro\/","name":"Prensaestopas M\u00e9trica Multihole Poliamida IP-68 Gris Oscuro - Fleximat","isPartOf":{"@id":"https:\/\/www.fleximat.es\/bn\/#website"},"datePublished":"2023-10-18T15:52:50+00:00","dateModified":"2023-12-01T10:03:04+00:00","breadcrumb":{"@id":"https:\/\/www.fleximat.es\/producto\/prensaestopas-metrica-multihole-poliamida-ip-68-gris-oscuro\/#breadcrumb"},"inLanguage":"ja","potentialAction":[{"@type":"ReadAction","target":["https:\/\/www.fleximat.es\/producto\/prensaestopas-metrica-multihole-poliamida-ip-68-gris-oscuro\/"]}]},{"@type":"BreadcrumbList","@id":"https:\/\/www.fleximat.es\/producto\/prensaestopas-metrica-multihole-poliamida-ip-68-gris-oscuro\/#breadcrumb","itemListElement":[{"@type":"ListItem","position":1,"name":"Portada","item":"https:\/\/www.fleximat.es\/"},{"@type":"ListItem","position":2,"name":"Productos","item":"https:\/\/www.fleximat.es\/en\/productos\/"},{"@type":"ListItem","position":3,"name":"Prensaestopas M\u00e9trica Multihole Poliamida IP-68 Gris Oscuro"}]},{"@type":"WebSite","@id":"https:\/\/www.fleximat.es\/bn\/#website","url":"https:\/\/www.fleximat.es\/bn\/","name":"Fleximat","description":"Tu soluci\u00f3n en prensaestopas y tubos flexibles","publisher":{"@id":"https:\/\/www.fleximat.es\/bn\/#organization"},"potentialAction":[{"@type":"SearchAction","target":{"@type":"EntryPoint","urlTemplate":"https:\/\/www.fleximat.es\/bn\/?s={search_term_string}"},"query-input":"required name=search_term_string"}],"inLanguage":"ja"},{"@type":"Organization","@id":"https:\/\/www.fleximat.es\/bn\/#organization","name":"Fleximat","url":"https:\/\/www.fleximat.es\/bn\/","logo":{"@type":"ImageObject","inLanguage":"ja","@id":"https:\/\/www.fleximat.es\/bn\/#\/schema\/logo\/image\/","url":"https:\/\/www.fleximat.es\/wp-content\/uploads\/2023\/11\/fleximat-logo-1.png","contentUrl":"https:\/\/www.fleximat.es\/wp-content\/uploads\/2023\/11\/fleximat-logo-1.png","width":1169,"height":289,"caption":"Fleximat"},"image":{"@id":"https:\/\/www.fleximat.es\/bn\/#\/schema\/logo\/image\/"}}]}},"taxonomy_info":{"product_cat":[{"value":29,"label":"Prensaestopas y accesorios pl\u00e1sticos de Poliamida"},{"value":49,"label":"Prensaestopas para m\u00faltiples cables poliamida IP-65"}]},"featured_image_src_large":["https:\/\/www.fleximat.es\/wp-content\/uploads\/2023\/10\/fleximat-prensa-multihole-poliamida-oscuroi.png",600,600,false],"author_info":[],"comment_info":"","_links":{"self":[{"href":"https:\/\/www.fleximat.es\/ja\/wp-json\/wp\/v2\/product\/1552"}],"collection":[{"href":"https:\/\/www.fleximat.es\/ja\/wp-json\/wp\/v2\/product"}],"about":[{"href":"https:\/\/www.fleximat.es\/ja\/wp-json\/wp\/v2\/types\/product"}],"wp:featuredmedia":[{"embeddable":true,"href":"https:\/\/www.fleximat.es\/ja\/wp-json\/wp\/v2\/media\/2899"}],"wp:attachment":[{"href":"https:\/\/www.fleximat.es\/ja\/wp-json\/wp\/v2\/media?parent=1552"}],"wp:term":[{"taxonomy":"product_cat","embeddable":true,"href":"https:\/\/www.fleximat.es\/ja\/wp-json\/wp\/v2\/product_cat?post=1552"},{"taxonomy":"product_tag","embeddable":true,"href":"https:\/\/www.fleximat.es\/ja\/wp-json\/wp\/v2\/product_tag?post=1552"}],"curies":[{"name":"wp","href":"https:\/\/api.w.org\/{rel}","templated":true}]}}