{"id":1563,"date":"2023-10-18T17:52:51","date_gmt":"2023-10-18T15:52:51","guid":{"rendered":"https:\/\/www.fleximat.es\/?post_type=product&#038;p=1563"},"modified":"2023-12-03T13:06:35","modified_gmt":"2023-12-03T12:06:35","slug":"miniprensaestopas-metrica-metalico-ip-68","status":"publish","type":"product","link":"https:\/\/www.fleximat.es\/ja\/product\/miniprensaestopas-metrica-metalico-ip-68\/","title":{"rendered":"IP-68 \u30e1\u30bf\u30ea\u30c3\u30af \u30e1\u30c8\u30ea\u30c3\u30af \u30df\u30cb \u30b1\u30fc\u30d6\u30eb \u30b0\u30e9\u30f3\u30c9"},"content":{"rendered":"<h4>\u30d7\u30ed\u30d1\u30c6\u30a3<\/h4>\n<p>\u7d44\u307f\u7acb\u3066\u304c\u7c21\u5358<br \/>\n\u9650\u3089\u308c\u305f\u7528\u9014\u9818\u57df\u3067\u306e\u4f7f\u7528\u306b\u9069\u3057\u3066\u3044\u307e\u3059<br \/>\n\u30cf\u30ed\u30b2\u30f3\u30d5\u30ea\u30fc<br \/>\n\u7167\u660e\u696d\u754c\u306b\u3068\u3063\u3066\u6700\u9069\u306a\u30bd\u30ea\u30e5\u30fc\u30b7\u30e7\u30f3\u3002<\/p>\n<h3>\u88fd\u54c1\u8aac\u660e<\/h3>\n<p><span style=\"font-weight: 400;\">\u30df\u30cb \u30b1\u30fc\u30d6\u30eb \u30b0\u30e9\u30f3\u30c9\u306f\u3001\u5c0f\u3055\u3044\u5bf8\u6cd5\u3067\u88fd\u9020\u3055\u308c\u308b\u6a19\u6e96\u30b1\u30fc\u30d6\u30eb \u30b0\u30e9\u30f3\u30c9\u306e\u30d0\u30ea\u30a8\u30fc\u30b7\u30e7\u30f3\u3067\u3059\u3002<\/span><\/p>\n<p><span style=\"font-weight: 400;\">\u30df\u30cb \u30b1\u30fc\u30d6\u30eb \u30b0\u30e9\u30f3\u30c9\u306f\u3001\u8a2d\u8a08\u306e\u8907\u96d1\u3055\u3068\u5fc5\u8981\u306a\u7cbe\u5ea6\u306e\u305f\u3081\u3001\u91d1\u5c5e\u3067\u88fd\u9020\u3055\u308c\u3066\u3044\u307e\u3059\u3002\u91d1\u5c5e\u88fd\u9020\u30d7\u30ed\u30bb\u30b9\u306b\u3088\u308a\u3001\u30b5\u30a4\u30ba\u3092\u5c0f\u3055\u304f\u3057\u305f\u7279\u5225\u306a\u30b1\u30fc\u30d6\u30eb \u30b0\u30e9\u30f3\u30c9\u3092\u5165\u624b\u3059\u308b\u3053\u3068\u304c\u3067\u304d\u307e\u3059\u3002<\/span><\/p>\n<p><span style=\"font-weight: 400;\">\u30df\u30cb\u30b1\u30fc\u30d6\u30eb\u30b0\u30e9\u30f3\u30c9\u306e\u7528\u9014\u306f\u3001\u901a\u5e38\u3001\u5c0f\u578b\u96fb\u5b50\u6a5f\u5668\u3001\u5de5\u696d\u7528\u8a08\u91cf\u3001\u30bb\u30f3\u30b5\u30fc\u306a\u3069\u306b\u4f7f\u7528\u3055\u308c\u307e\u3059\u3002\u00a0<\/span><\/p>\n<p><span style=\"font-weight: 400;\">\u30df\u30cb \u30b1\u30fc\u30d6\u30eb \u30b0\u30e9\u30f3\u30c9\u306f\u3001\u6a19\u6e96\u30b1\u30fc\u30d6\u30eb \u30b0\u30e9\u30f3\u30c9\u3068\u540c\u3058\u6a5f\u68b0\u7684\u3001\u5316\u5b66\u7684\u3001\u307e\u305f\u306f\u6027\u80fd\u7279\u6027\u3092\u5099\u3048\u3066\u3044\u307e\u3059\u3002<\/span><\/p>\n<div class=\"table-responsive\">\n<table class=\"table table-bordered table-striped\">\n<thead>\n<tr>\n<td>\u7cf8<\/td>\n<td>\u30b3\u30fc\u30c9<\/td>\n<td>\u3075\u30fc\u3080<\/td>\n<td>GLmm<\/td>\n<td>\u3093\u3093<\/td>\n<td>\u3093\u3093<\/td>\n<\/tr>\n<\/thead>\n<tbody>\n<tr>\n<td>M6\u00d71.0<\/td>\n<td>MGM6-23<\/td>\n<td>10,5<\/td>\n<td>6<\/td>\n<td>8<\/td>\n<td>2-3<\/td>\n<\/tr>\n<tr>\n<td>M8\u00d71.25<\/td>\n<td>MGM8s-35<\/td>\n<td>13,5<\/td>\n<td>6<\/td>\n<td>11<\/td>\n<td>3-5<\/td>\n<\/tr>\n<tr>\n<td>M8\u00d71.25<\/td>\n<td>MGM8-24<\/td>\n<td>15<\/td>\n<td>6<\/td>\n<td>14<\/td>\n<td>2-4<\/td>\n<\/tr>\n<tr>\n<td>M10\u00d71.5<\/td>\n<td>MGM10s-46<\/td>\n<td>14,5<\/td>\n<td>6<\/td>\n<td>12<\/td>\n<td>4-6<\/td>\n<\/tr>\n<tr>\n<td>M10\u00d71.5<\/td>\n<td>MGM10-24<\/td>\n<td>15<\/td>\n<td>6<\/td>\n<td>14<\/td>\n<td>2-4<\/td>\n<\/tr>\n<tr>\n<td>M10\u00d71.5<\/td>\n<td>MGM10-36<\/td>\n<td>15<\/td>\n<td>6<\/td>\n<td>14<\/td>\n<td>3-6<\/td>\n<\/tr>\n<tr>\n<td>M12\u00d71.5<\/td>\n<td>MGM12-24<\/td>\n<td>15<\/td>\n<td>6<\/td>\n<td>14<\/td>\n<td>2-4<\/td>\n<\/tr>\n<tr>\n<td>M12\u00d71.5<\/td>\n<td>MGM12-36<\/td>\n<td>15<\/td>\n<td>6<\/td>\n<td>14<\/td>\n<td>3-6<\/td>\n<\/tr>\n<\/tbody>\n<\/table>\n<\/div>","protected":false},"excerpt":{"rendered":"<h3>\u6750\u6599<\/h3>\n<table>\n<tbody>\n<tr>\n<td><strong>\u30dc\u30f3\u30cd\u30c3\u30c8<\/strong><\/td>\n<td>\u30cb\u30c3\u30b1\u30eb\u30e1\u30c3\u30ad\u771f\u936e<\/td>\n<\/tr>\n<tr>\n<td><strong>\u30b7\u30fc\u30eb\u30ac\u30b9\u30b1\u30c3\u30c8<\/strong><\/td>\n<td>TPV \/ \u30b7\u30ea\u30b3\u30fc\u30f3 \/ EPDM<\/td>\n<\/tr>\n<tr>\n<td><strong>\u4f53<\/strong><\/td>\n<td>\u30b9\u30c6\u30f3\u30ec\u30b9\u92fc-AISI316L)<\/td>\n<\/tr>\n<tr>\n<td><strong>O\u30ea\u30f3\u30b0<\/strong><\/td>\n<td>NBR \/ TPV \/ \u30b7\u30ea\u30b3\u30fc\u30f3 \/ EPDM<\/td>\n<\/tr>\n<tr>\n<td><strong>\u306d\u3058\u306e\u7a2e\u985e<\/strong><\/td>\n<td>\u30e1\u30fc\u30c8\u30eb\u6cd5 (EN 60423)<\/td>\n<\/tr>\n<tr>\n<td><strong>\u304d\u3064\u3055<\/strong><\/td>\n<td>IP68 \u2013 3\u6c17\u5727<\/td>\n<\/tr>\n<tr>\n<td><strong>\u9023\u7d9a\u4f7f\u7528\u6e29\u5ea6<\/strong><\/td>\n<td>-40\u2103+100\u2103<\/td>\n<\/tr>\n<\/tbody>\n<\/table>","protected":false},"featured_media":3079,"template":"","meta":{"_kad_blocks_custom_css":"","_kad_blocks_head_custom_js":"","_kad_blocks_body_custom_js":"","_kad_blocks_footer_custom_js":"","_kadence_starter_templates_imported_post":false,"_kad_post_transparent":"default","_kad_post_title":"","_kad_post_layout":"default","_kad_post_sidebar_id":"","_kad_post_content_style":"default","_kad_post_vertical_padding":"default","_kad_post_feature":"","_kad_post_feature_position":"","_kad_post_header":false,"_kad_post_footer":false},"product_cat":[31,51],"product_tag":[],"class_list":{"0":"post-1563","1":"product","2":"type-product","3":"status-publish","4":"has-post-thumbnail","6":"product_cat-prensaestopas-y-accesorios-metalicos","7":"product_cat-mini-prensaestopas-metalico-ip-68","9":"first","10":"instock","11":"shipping-taxable","12":"product-type-simple","13":"entry","14":"content-bg","15":"loop-entry"},"yoast_head":"<!-- This site is optimized with the Yoast SEO plugin v21.7 - https:\/\/yoast.com\/wordpress\/plugins\/seo\/ -->\n<title>MiniPrensaestopas M\u00e9trica Met\u00e1lico IP-68 - Fleximat<\/title>\n<meta name=\"robots\" content=\"index, follow, max-snippet:-1, max-image-preview:large, max-video-preview:-1\" \/>\n<link rel=\"canonical\" href=\"https:\/\/www.fleximat.es\/ja\/product\/miniprensaestopas-metrica-metalico-ip-68\/\" \/>\n<meta property=\"og:locale\" content=\"ja_JP\" \/>\n<meta property=\"og:type\" content=\"article\" \/>\n<meta property=\"og:title\" content=\"MiniPrensaestopas M\u00e9trica Met\u00e1lico IP-68 - Fleximat\" \/>\n<meta property=\"og:description\" content=\"Material    Sombrerete Lat\u00f3n Niquelado   Junta de sellado TPV \/ Silicona\/ EPDM   Cuerpo Acero Inoxidable-AISI316L)   Junta t\u00f3rica NBR \/ TPV \/ Silicona\/ EPDM   Tipo de Rosca M\u00e9trica (EN 60423)   Estanqueidad IP68 - 3 bar   Temperatura de trabajo continua -40 \u00baC +100 \u00baC\" \/>\n<meta property=\"og:url\" content=\"https:\/\/www.fleximat.es\/ja\/product\/miniprensaestopas-metrica-metalico-ip-68\/\" \/>\n<meta property=\"og:site_name\" content=\"Fleximat\" \/>\n<meta property=\"article:modified_time\" content=\"2023-12-03T12:06:35+00:00\" \/>\n<meta property=\"og:image\" content=\"https:\/\/www.fleximat.es\/wp-content\/uploads\/2023\/12\/miniprensaestopas-metalico-ip-68-1.png\" \/>\n\t<meta property=\"og:image:width\" content=\"600\" \/>\n\t<meta property=\"og:image:height\" content=\"600\" \/>\n\t<meta property=\"og:image:type\" content=\"image\/png\" \/>\n<meta name=\"twitter:card\" content=\"summary_large_image\" \/>\n<meta name=\"twitter:label1\" content=\"\u63a8\u5b9a\u8aad\u307f\u53d6\u308a\u6642\u9593\" \/>\n\t<meta name=\"twitter:data1\" content=\"1\u5206\" \/>\n<script type=\"application\/ld+json\" class=\"yoast-schema-graph\">{\"@context\":\"https:\/\/schema.org\",\"@graph\":[{\"@type\":\"WebPage\",\"@id\":\"https:\/\/www.fleximat.es\/producto\/miniprensaestopas-metrica-metalico-ip-68\/\",\"url\":\"https:\/\/www.fleximat.es\/producto\/miniprensaestopas-metrica-metalico-ip-68\/\",\"name\":\"MiniPrensaestopas M\u00e9trica Met\u00e1lico IP-68 - Fleximat\",\"isPartOf\":{\"@id\":\"https:\/\/www.fleximat.es\/bn\/#website\"},\"datePublished\":\"2023-10-18T15:52:51+00:00\",\"dateModified\":\"2023-12-03T12:06:35+00:00\",\"breadcrumb\":{\"@id\":\"https:\/\/www.fleximat.es\/producto\/miniprensaestopas-metrica-metalico-ip-68\/#breadcrumb\"},\"inLanguage\":\"ja\",\"potentialAction\":[{\"@type\":\"ReadAction\",\"target\":[\"https:\/\/www.fleximat.es\/producto\/miniprensaestopas-metrica-metalico-ip-68\/\"]}]},{\"@type\":\"BreadcrumbList\",\"@id\":\"https:\/\/www.fleximat.es\/producto\/miniprensaestopas-metrica-metalico-ip-68\/#breadcrumb\",\"itemListElement\":[{\"@type\":\"ListItem\",\"position\":1,\"name\":\"Portada\",\"item\":\"https:\/\/www.fleximat.es\/\"},{\"@type\":\"ListItem\",\"position\":2,\"name\":\"Productos\",\"item\":\"https:\/\/www.fleximat.es\/en\/productos\/\"},{\"@type\":\"ListItem\",\"position\":3,\"name\":\"MiniPrensaestopas M\u00e9trica Met\u00e1lico IP-68\"}]},{\"@type\":\"WebSite\",\"@id\":\"https:\/\/www.fleximat.es\/bn\/#website\",\"url\":\"https:\/\/www.fleximat.es\/bn\/\",\"name\":\"Fleximat\",\"description\":\"Tu soluci\u00f3n en prensaestopas y tubos flexibles\",\"publisher\":{\"@id\":\"https:\/\/www.fleximat.es\/bn\/#organization\"},\"potentialAction\":[{\"@type\":\"SearchAction\",\"target\":{\"@type\":\"EntryPoint\",\"urlTemplate\":\"https:\/\/www.fleximat.es\/bn\/?s={search_term_string}\"},\"query-input\":\"required name=search_term_string\"}],\"inLanguage\":\"ja\"},{\"@type\":\"Organization\",\"@id\":\"https:\/\/www.fleximat.es\/bn\/#organization\",\"name\":\"Fleximat\",\"url\":\"https:\/\/www.fleximat.es\/bn\/\",\"logo\":{\"@type\":\"ImageObject\",\"inLanguage\":\"ja\",\"@id\":\"https:\/\/www.fleximat.es\/bn\/#\/schema\/logo\/image\/\",\"url\":\"https:\/\/www.fleximat.es\/wp-content\/uploads\/2023\/11\/fleximat-logo-1.png\",\"contentUrl\":\"https:\/\/www.fleximat.es\/wp-content\/uploads\/2023\/11\/fleximat-logo-1.png\",\"width\":1169,\"height\":289,\"caption\":\"Fleximat\"},\"image\":{\"@id\":\"https:\/\/www.fleximat.es\/bn\/#\/schema\/logo\/image\/\"}}]}<\/script>\n<!-- \/ Yoast SEO plugin. -->","yoast_head_json":{"title":"MiniPrensaestopas M\u00e9trica Met\u00e1lico IP-68 - Fleximat","robots":{"index":"index","follow":"follow","max-snippet":"max-snippet:-1","max-image-preview":"max-image-preview:large","max-video-preview":"max-video-preview:-1"},"canonical":"https:\/\/www.fleximat.es\/ja\/product\/miniprensaestopas-metrica-metalico-ip-68\/","og_locale":"ja_JP","og_type":"article","og_title":"MiniPrensaestopas M\u00e9trica Met\u00e1lico IP-68 - Fleximat","og_description":"Material    Sombrerete Lat\u00f3n Niquelado   Junta de sellado TPV \/ Silicona\/ EPDM   Cuerpo Acero Inoxidable-AISI316L)   Junta t\u00f3rica NBR \/ TPV \/ Silicona\/ EPDM   Tipo de Rosca M\u00e9trica (EN 60423)   Estanqueidad IP68 - 3 bar   Temperatura de trabajo continua -40 \u00baC +100 \u00baC","og_url":"https:\/\/www.fleximat.es\/ja\/product\/miniprensaestopas-metrica-metalico-ip-68\/","og_site_name":"Fleximat","article_modified_time":"2023-12-03T12:06:35+00:00","og_image":[{"width":600,"height":600,"url":"https:\/\/www.fleximat.es\/wp-content\/uploads\/2023\/12\/miniprensaestopas-metalico-ip-68-1.png","type":"image\/png"}],"twitter_card":"summary_large_image","twitter_misc":{"\u63a8\u5b9a\u8aad\u307f\u53d6\u308a\u6642\u9593":"1\u5206"},"schema":{"@context":"https:\/\/schema.org","@graph":[{"@type":"WebPage","@id":"https:\/\/www.fleximat.es\/producto\/miniprensaestopas-metrica-metalico-ip-68\/","url":"https:\/\/www.fleximat.es\/producto\/miniprensaestopas-metrica-metalico-ip-68\/","name":"MiniPrensaestopas M\u00e9trica Met\u00e1lico IP-68 - Fleximat","isPartOf":{"@id":"https:\/\/www.fleximat.es\/bn\/#website"},"datePublished":"2023-10-18T15:52:51+00:00","dateModified":"2023-12-03T12:06:35+00:00","breadcrumb":{"@id":"https:\/\/www.fleximat.es\/producto\/miniprensaestopas-metrica-metalico-ip-68\/#breadcrumb"},"inLanguage":"ja","potentialAction":[{"@type":"ReadAction","target":["https:\/\/www.fleximat.es\/producto\/miniprensaestopas-metrica-metalico-ip-68\/"]}]},{"@type":"BreadcrumbList","@id":"https:\/\/www.fleximat.es\/producto\/miniprensaestopas-metrica-metalico-ip-68\/#breadcrumb","itemListElement":[{"@type":"ListItem","position":1,"name":"Portada","item":"https:\/\/www.fleximat.es\/"},{"@type":"ListItem","position":2,"name":"Productos","item":"https:\/\/www.fleximat.es\/en\/productos\/"},{"@type":"ListItem","position":3,"name":"MiniPrensaestopas M\u00e9trica Met\u00e1lico IP-68"}]},{"@type":"WebSite","@id":"https:\/\/www.fleximat.es\/bn\/#website","url":"https:\/\/www.fleximat.es\/bn\/","name":"Fleximat","description":"Tu soluci\u00f3n en prensaestopas y tubos flexibles","publisher":{"@id":"https:\/\/www.fleximat.es\/bn\/#organization"},"potentialAction":[{"@type":"SearchAction","target":{"@type":"EntryPoint","urlTemplate":"https:\/\/www.fleximat.es\/bn\/?s={search_term_string}"},"query-input":"required name=search_term_string"}],"inLanguage":"ja"},{"@type":"Organization","@id":"https:\/\/www.fleximat.es\/bn\/#organization","name":"Fleximat","url":"https:\/\/www.fleximat.es\/bn\/","logo":{"@type":"ImageObject","inLanguage":"ja","@id":"https:\/\/www.fleximat.es\/bn\/#\/schema\/logo\/image\/","url":"https:\/\/www.fleximat.es\/wp-content\/uploads\/2023\/11\/fleximat-logo-1.png","contentUrl":"https:\/\/www.fleximat.es\/wp-content\/uploads\/2023\/11\/fleximat-logo-1.png","width":1169,"height":289,"caption":"Fleximat"},"image":{"@id":"https:\/\/www.fleximat.es\/bn\/#\/schema\/logo\/image\/"}}]}},"taxonomy_info":{"product_cat":[{"value":31,"label":"Prensaestopas y accesorios met\u00e1licos"},{"value":51,"label":"MINI Prensaestopas Met\u00e1lico IP-68"}]},"featured_image_src_large":["https:\/\/www.fleximat.es\/wp-content\/uploads\/2023\/12\/miniprensaestopas-metalico-ip-68-1.png",600,600,false],"author_info":[],"comment_info":"","_links":{"self":[{"href":"https:\/\/www.fleximat.es\/ja\/wp-json\/wp\/v2\/product\/1563"}],"collection":[{"href":"https:\/\/www.fleximat.es\/ja\/wp-json\/wp\/v2\/product"}],"about":[{"href":"https:\/\/www.fleximat.es\/ja\/wp-json\/wp\/v2\/types\/product"}],"wp:featuredmedia":[{"embeddable":true,"href":"https:\/\/www.fleximat.es\/ja\/wp-json\/wp\/v2\/media\/3079"}],"wp:attachment":[{"href":"https:\/\/www.fleximat.es\/ja\/wp-json\/wp\/v2\/media?parent=1563"}],"wp:term":[{"taxonomy":"product_cat","embeddable":true,"href":"https:\/\/www.fleximat.es\/ja\/wp-json\/wp\/v2\/product_cat?post=1563"},{"taxonomy":"product_tag","embeddable":true,"href":"https:\/\/www.fleximat.es\/ja\/wp-json\/wp\/v2\/product_tag?post=1563"}],"curies":[{"name":"wp","href":"https:\/\/api.w.org\/{rel}","templated":true}]}}