{"id":1575,"date":"2023-10-18T17:52:53","date_gmt":"2023-10-18T15:52:53","guid":{"rendered":"https:\/\/www.fleximat.es\/?post_type=product&#038;p=1575"},"modified":"2023-10-25T17:14:41","modified_gmt":"2023-10-25T15:14:41","slug":"prensaestopas-metrica-antitorsion-rosca-larga-metalico-ip-68","status":"publish","type":"product","link":"https:\/\/www.fleximat.es\/ja\/product\/prensaestopas-metrica-antitorsion-rosca-larga-metalico-ip-68\/","title":{"rendered":"\u30e1\u30fc\u30c8\u30eb\u306d\u3058\u308c\u9632\u6b62\u30b1\u30fc\u30d6\u30eb \u30b0\u30e9\u30f3\u30c9\u9577\u30cd\u30b8\u91d1\u5c5e IP-68"},"content":{"rendered":"<h4>\u30d7\u30ed\u30d1\u30c6\u30a3<\/h4>\n<p>\u66f2\u3052\u306b\u5f37\u3044\u30b9\u30d1\u30a4\u30e9\u30eb\u30c8\u30c3\u30d7\u4ed8\u304d<br \/>\n\u53ef\u52d5\u6027\u306e\u9ad8\u3044\u30d5\u30ec\u30ad\u30b7\u30d6\u30eb\u30b1\u30fc\u30d6\u30eb\u7528<br \/>\n\u7d44\u307f\u7acb\u3066\u304c\u7c21\u5358<br \/>\n\u30cf\u30ed\u30b2\u30f3\u30d5\u30ea\u30fc<\/p>\n<h3>\u88fd\u54c1\u8aac\u660e<\/h3>\n<p><span style=\"font-weight: 400;\">\u91d1\u5c5e\u88fd\u306d\u3058\u308c\u9632\u6b62\u30b1\u30fc\u30d6\u30eb \u30b0\u30e9\u30f3\u30c9\u306f\u3001\u30b1\u30fc\u30d6\u30eb \u30b0\u30e9\u30f3\u30c9\u306b\u63a5\u7d9a\u3055\u308c\u305f\u30b1\u30fc\u30d6\u30eb\u304c\u9023\u7d9a\u7684\u306b\u79fb\u52d5\u3059\u308b\u7528\u9014\u5411\u3051\u306e\u7279\u5225\u306a\u30bf\u30a4\u30d7\u306e\u30b1\u30fc\u30d6\u30eb \u30b0\u30e9\u30f3\u30c9\u3067\u3059\u3002<\/span><\/p>\n<p><span style=\"font-weight: 400;\">\u30ad\u30e3\u30c3\u30d7\u8a2d\u8a08\u306e\u304a\u304b\u3052\u3067\u3001\u91d1\u5c5e\u88fd\u306e\u306d\u3058\u308c\u9632\u6b62\u30b1\u30fc\u30d6\u30eb \u30b0\u30e9\u30f3\u30c9\u306f\u30b1\u30fc\u30d6\u30eb\u306e\u6700\u521d\u306e\u90e8\u5206\u3092\u4fdd\u8b77\u3057\u3001\u6a5f\u5668\u306e\u52d5\u4f5c\u306b\u3088\u3063\u3066\u751f\u3058\u308b\u53ef\u80fd\u6027\u306e\u3042\u308b\u52d5\u304d\u3084\u6469\u64e6\u306b\u5bfe\u3059\u308b\u5b89\u5168\u6027\u3092\u63d0\u4f9b\u3057\u307e\u3059\u3002\u00a0<\/span><\/p>\n<p>\u30b9\u30bf\u30c3\u30d5\u30a3\u30f3\u30b0\u30dc\u30c3\u30af\u30b9 <span style=\"font-weight: 400;\">\u91d1\u5c5e\u88fd\u306d\u3058\u308c\u9632\u6b62\u6750\u306f\u6a5f\u68b0\u7684\u8010\u6027\u306b\u512a\u308c\u3066\u3044\u307e\u3059\u3002<\/span><\/p>\n<p><span style=\"font-weight: 400;\">\u8010\u6b6a\u307f\u30b1\u30fc\u30d6\u30eb \u30b0\u30e9\u30f3\u30c9\u306b\u306f\u3001\u591a\u6570\u306e\u30b5\u30a4\u30ba\u3068\u7a2e\u985e\u306e\u30cd\u30b8\u304c\u3042\u308a\u3001\u5206\u91ce\u3054\u3068\u306b\u7279\u5b9a\u306e\u7528\u9014\u306b\u5408\u308f\u305b\u305f\u69cb\u6210\u3082\u7528\u610f\u3055\u308c\u3066\u3044\u307e\u3059\u3002\u53ef\u52d5\u6027\u3068\u4fdd\u8b77\u6027\u3092\u540c\u6642\u306b\u63d0\u4f9b\u3059\u308b\u7d20\u6750\u3067\u3042\u308b\u30dd\u30ea\u30a2\u30df\u30c9 6 \u3067\u4f5c\u3089\u308c\u3066\u3044\u307e\u3059\u3002<\/span><\/p>\n<p><span style=\"font-weight: 400;\">\u30b1\u30fc\u30d6\u30eb\u30b0\u30e9\u30f3\u30c9\u306f\u3001\u7d99\u7d9a\u7684\u306a\u96fb\u529b\u4f9b\u7d66\u3092\u5fc5\u8981\u3068\u3059\u308b\u3042\u3089\u3086\u308b\u7a2e\u985e\u306e\u8a2d\u5099\u3001\u6a5f\u68b0\u3001\u307e\u305f\u306f\u88c5\u7f6e\u3067\u4f7f\u7528\u3055\u308c\u3001\u63a5\u7d9a\u3092\u78ba\u5b9f\u306b\u3059\u308b\u5f79\u5272\u3092\u679c\u305f\u3057\u307e\u3059\u3002<\/span><\/p>\n<div class=\"table-responsive\">\n<table class=\"table table-bordered table-striped\">\n<thead>\n<tr>\n<td>\u7cf8<\/td>\n<td>\u30b3\u30fc\u30c9<\/td>\n<td>\u3075\u30fc\u3080<\/td>\n<td>GLmm<\/td>\n<td>dmm<\/td>\n<td>b mm<\/td>\n<td>c mm<\/td>\n<td>\u3093\u3093<\/td>\n<\/tr>\n<\/thead>\n<tbody>\n<tr>\n<td>M12\u00d71.5<\/td>\n<td>STCGL01<\/td>\n<td>55<\/td>\n<td>12<\/td>\n<td>6,8<\/td>\n<td>14<\/td>\n<td>14<\/td>\n<td>3 &#8211; 6,5<\/td>\n<\/tr>\n<tr>\n<td>M16\u00d71.5<\/td>\n<td>STCGL 02<\/td>\n<td>66<\/td>\n<td>12<\/td>\n<td>8,2<\/td>\n<td>18<\/td>\n<td>17<\/td>\n<td>4 &#8211; 8<\/td>\n<\/tr>\n<tr>\n<td>M20\u00d71.5<\/td>\n<td>STCGL 03<\/td>\n<td>88<\/td>\n<td>12<\/td>\n<td>12,3<\/td>\n<td>22<\/td>\n<td>22<\/td>\n<td>6 &#8211; 12<\/td>\n<\/tr>\n<tr>\n<td>M25\u00d71.5<\/td>\n<td>STCGL 04<\/td>\n<td>98<\/td>\n<td>12<\/td>\n<td>14,3<\/td>\n<td>27<\/td>\n<td>24<\/td>\n<td>10 &#8211; 14<\/td>\n<\/tr>\n<tr>\n<td>M32\u00d71.5<\/td>\n<td>STCGL 05<\/td>\n<td>111<\/td>\n<td>14<\/td>\n<td>18,4<\/td>\n<td>34<\/td>\n<td>30<\/td>\n<td>13 &#8211; 18<\/td>\n<\/tr>\n<\/tbody>\n<\/table>\n<\/div>","protected":false},"excerpt":{"rendered":"<h3>\u6750\u6599<\/h3>\n<table>\n<tbody>\n<tr>\n<td><strong>\u30dc\u30f3\u30cd\u30c3\u30c8<\/strong><\/td>\n<td>\u30cb\u30c3\u30b1\u30eb\u30e1\u30c3\u30ad\u771f\u936e<\/td>\n<\/tr>\n<tr>\n<td><strong>\u30b7\u30fc\u30eb\u30ac\u30b9\u30b1\u30c3\u30c8<\/strong><\/td>\n<td>POS<\/td>\n<\/tr>\n<tr>\n<td><strong>O\u30ea\u30f3\u30b0<\/strong><\/td>\n<td>NBR<\/td>\n<\/tr>\n<tr>\n<td><strong>\u306d\u3058\u306e\u7a2e\u985e<\/strong><\/td>\n<td>\u30e1\u30fc\u30c8\u30eb\u6cd5 (EN 60423)<\/td>\n<\/tr>\n<tr>\n<td><strong>\u304d\u3064\u3055<\/strong><\/td>\n<td>IP68<\/td>\n<\/tr>\n<tr>\n<td><strong>\u9023\u7d9a\u4f7f\u7528\u6e29\u5ea6<\/strong><\/td>\n<td>-40\u2103+100\u2103<\/td>\n<\/tr>\n<\/tbody>\n<\/table>","protected":false},"featured_media":1594,"template":"","meta":{"_kad_blocks_custom_css":"","_kad_blocks_head_custom_js":"","_kad_blocks_body_custom_js":"","_kad_blocks_footer_custom_js":"","_kadence_starter_templates_imported_post":false,"_kad_post_transparent":"default","_kad_post_title":"","_kad_post_layout":"default","_kad_post_sidebar_id":"","_kad_post_content_style":"default","_kad_post_vertical_padding":"default","_kad_post_feature":"","_kad_post_feature_position":"","_kad_post_header":false,"_kad_post_footer":false},"product_cat":[31,56],"product_tag":[],"class_list":{"0":"post-1575","1":"product","2":"type-product","3":"status-publish","4":"has-post-thumbnail","6":"product_cat-prensaestopas-y-accesorios-metalicos","7":"product_cat-prensaestopas-metalico-ip-68-antitorsion","9":"first","10":"instock","11":"shipping-taxable","12":"product-type-simple","13":"entry","14":"content-bg","15":"loop-entry"},"yoast_head":"<!-- This site is optimized with the Yoast SEO plugin v21.7 - https:\/\/yoast.com\/wordpress\/plugins\/seo\/ -->\n<title>Prensaestopas M\u00e9trica Antitorsi\u00f3n Rosca Larga Met\u00e1lico IP-68 - Fleximat<\/title>\n<meta name=\"robots\" content=\"index, follow, max-snippet:-1, max-image-preview:large, max-video-preview:-1\" \/>\n<link rel=\"canonical\" href=\"https:\/\/www.fleximat.es\/ja\/product\/prensaestopas-metrica-antitorsion-rosca-larga-metalico-ip-68\/\" \/>\n<meta property=\"og:locale\" content=\"ja_JP\" \/>\n<meta property=\"og:type\" content=\"article\" \/>\n<meta property=\"og:title\" content=\"Prensaestopas M\u00e9trica Antitorsi\u00f3n Rosca Larga Met\u00e1lico IP-68 - Fleximat\" \/>\n<meta property=\"og:description\" content=\"Material    Sombrerete Lat\u00f3n Niquelado   Junta de sellado TPV   Junta t\u00f3rica NBR   Tipo de Rosca M\u00e9trica (EN 60423)   Estanqueidad IP68   Temperatura de trabajo continua -40 \u00baC +100 \u00baC\" \/>\n<meta property=\"og:url\" content=\"https:\/\/www.fleximat.es\/ja\/product\/prensaestopas-metrica-antitorsion-rosca-larga-metalico-ip-68\/\" \/>\n<meta property=\"og:site_name\" content=\"Fleximat\" \/>\n<meta property=\"article:modified_time\" content=\"2023-10-25T15:14:41+00:00\" \/>\n<meta property=\"og:image\" content=\"https:\/\/www.fleximat.es\/wp-content\/uploads\/2023\/10\/th_crop_1571844996prensaestopa-metalico-antitorsion-1.jpg\" \/>\n\t<meta property=\"og:image:width\" content=\"600\" \/>\n\t<meta property=\"og:image:height\" content=\"600\" \/>\n\t<meta property=\"og:image:type\" content=\"image\/jpeg\" \/>\n<meta name=\"twitter:card\" content=\"summary_large_image\" \/>\n<meta name=\"twitter:label1\" content=\"\u63a8\u5b9a\u8aad\u307f\u53d6\u308a\u6642\u9593\" \/>\n\t<meta name=\"twitter:data1\" content=\"1\u5206\" \/>\n<script type=\"application\/ld+json\" class=\"yoast-schema-graph\">{\"@context\":\"https:\/\/schema.org\",\"@graph\":[{\"@type\":\"WebPage\",\"@id\":\"https:\/\/www.fleximat.es\/producto\/prensaestopas-metrica-antitorsion-rosca-larga-metalico-ip-68\/\",\"url\":\"https:\/\/www.fleximat.es\/producto\/prensaestopas-metrica-antitorsion-rosca-larga-metalico-ip-68\/\",\"name\":\"Prensaestopas M\u00e9trica Antitorsi\u00f3n Rosca Larga Met\u00e1lico IP-68 - Fleximat\",\"isPartOf\":{\"@id\":\"https:\/\/www.fleximat.es\/bn\/#website\"},\"datePublished\":\"2023-10-18T15:52:53+00:00\",\"dateModified\":\"2023-10-25T15:14:41+00:00\",\"breadcrumb\":{\"@id\":\"https:\/\/www.fleximat.es\/producto\/prensaestopas-metrica-antitorsion-rosca-larga-metalico-ip-68\/#breadcrumb\"},\"inLanguage\":\"ja\",\"potentialAction\":[{\"@type\":\"ReadAction\",\"target\":[\"https:\/\/www.fleximat.es\/producto\/prensaestopas-metrica-antitorsion-rosca-larga-metalico-ip-68\/\"]}]},{\"@type\":\"BreadcrumbList\",\"@id\":\"https:\/\/www.fleximat.es\/producto\/prensaestopas-metrica-antitorsion-rosca-larga-metalico-ip-68\/#breadcrumb\",\"itemListElement\":[{\"@type\":\"ListItem\",\"position\":1,\"name\":\"Portada\",\"item\":\"https:\/\/www.fleximat.es\/\"},{\"@type\":\"ListItem\",\"position\":2,\"name\":\"Productos\",\"item\":\"https:\/\/www.fleximat.es\/en\/productos\/\"},{\"@type\":\"ListItem\",\"position\":3,\"name\":\"Prensaestopas M\u00e9trica Antitorsi\u00f3n Rosca Larga Met\u00e1lico IP-68\"}]},{\"@type\":\"WebSite\",\"@id\":\"https:\/\/www.fleximat.es\/bn\/#website\",\"url\":\"https:\/\/www.fleximat.es\/bn\/\",\"name\":\"Fleximat\",\"description\":\"Tu soluci\u00f3n en prensaestopas y tubos flexibles\",\"publisher\":{\"@id\":\"https:\/\/www.fleximat.es\/bn\/#organization\"},\"potentialAction\":[{\"@type\":\"SearchAction\",\"target\":{\"@type\":\"EntryPoint\",\"urlTemplate\":\"https:\/\/www.fleximat.es\/bn\/?s={search_term_string}\"},\"query-input\":\"required name=search_term_string\"}],\"inLanguage\":\"ja\"},{\"@type\":\"Organization\",\"@id\":\"https:\/\/www.fleximat.es\/bn\/#organization\",\"name\":\"Fleximat\",\"url\":\"https:\/\/www.fleximat.es\/bn\/\",\"logo\":{\"@type\":\"ImageObject\",\"inLanguage\":\"ja\",\"@id\":\"https:\/\/www.fleximat.es\/bn\/#\/schema\/logo\/image\/\",\"url\":\"https:\/\/www.fleximat.es\/wp-content\/uploads\/2023\/11\/fleximat-logo-1.png\",\"contentUrl\":\"https:\/\/www.fleximat.es\/wp-content\/uploads\/2023\/11\/fleximat-logo-1.png\",\"width\":1169,\"height\":289,\"caption\":\"Fleximat\"},\"image\":{\"@id\":\"https:\/\/www.fleximat.es\/bn\/#\/schema\/logo\/image\/\"}}]}<\/script>\n<!-- \/ Yoast SEO plugin. -->","yoast_head_json":{"title":"Prensaestopas M\u00e9trica Antitorsi\u00f3n Rosca Larga Met\u00e1lico IP-68 - Fleximat","robots":{"index":"index","follow":"follow","max-snippet":"max-snippet:-1","max-image-preview":"max-image-preview:large","max-video-preview":"max-video-preview:-1"},"canonical":"https:\/\/www.fleximat.es\/ja\/product\/prensaestopas-metrica-antitorsion-rosca-larga-metalico-ip-68\/","og_locale":"ja_JP","og_type":"article","og_title":"Prensaestopas M\u00e9trica Antitorsi\u00f3n Rosca Larga Met\u00e1lico IP-68 - Fleximat","og_description":"Material    Sombrerete Lat\u00f3n Niquelado   Junta de sellado TPV   Junta t\u00f3rica NBR   Tipo de Rosca M\u00e9trica (EN 60423)   Estanqueidad IP68   Temperatura de trabajo continua -40 \u00baC +100 \u00baC","og_url":"https:\/\/www.fleximat.es\/ja\/product\/prensaestopas-metrica-antitorsion-rosca-larga-metalico-ip-68\/","og_site_name":"Fleximat","article_modified_time":"2023-10-25T15:14:41+00:00","og_image":[{"width":600,"height":600,"url":"https:\/\/www.fleximat.es\/wp-content\/uploads\/2023\/10\/th_crop_1571844996prensaestopa-metalico-antitorsion-1.jpg","type":"image\/jpeg"}],"twitter_card":"summary_large_image","twitter_misc":{"\u63a8\u5b9a\u8aad\u307f\u53d6\u308a\u6642\u9593":"1\u5206"},"schema":{"@context":"https:\/\/schema.org","@graph":[{"@type":"WebPage","@id":"https:\/\/www.fleximat.es\/producto\/prensaestopas-metrica-antitorsion-rosca-larga-metalico-ip-68\/","url":"https:\/\/www.fleximat.es\/producto\/prensaestopas-metrica-antitorsion-rosca-larga-metalico-ip-68\/","name":"Prensaestopas M\u00e9trica Antitorsi\u00f3n Rosca Larga Met\u00e1lico IP-68 - Fleximat","isPartOf":{"@id":"https:\/\/www.fleximat.es\/bn\/#website"},"datePublished":"2023-10-18T15:52:53+00:00","dateModified":"2023-10-25T15:14:41+00:00","breadcrumb":{"@id":"https:\/\/www.fleximat.es\/producto\/prensaestopas-metrica-antitorsion-rosca-larga-metalico-ip-68\/#breadcrumb"},"inLanguage":"ja","potentialAction":[{"@type":"ReadAction","target":["https:\/\/www.fleximat.es\/producto\/prensaestopas-metrica-antitorsion-rosca-larga-metalico-ip-68\/"]}]},{"@type":"BreadcrumbList","@id":"https:\/\/www.fleximat.es\/producto\/prensaestopas-metrica-antitorsion-rosca-larga-metalico-ip-68\/#breadcrumb","itemListElement":[{"@type":"ListItem","position":1,"name":"Portada","item":"https:\/\/www.fleximat.es\/"},{"@type":"ListItem","position":2,"name":"Productos","item":"https:\/\/www.fleximat.es\/en\/productos\/"},{"@type":"ListItem","position":3,"name":"Prensaestopas M\u00e9trica Antitorsi\u00f3n Rosca Larga Met\u00e1lico IP-68"}]},{"@type":"WebSite","@id":"https:\/\/www.fleximat.es\/bn\/#website","url":"https:\/\/www.fleximat.es\/bn\/","name":"Fleximat","description":"Tu soluci\u00f3n en prensaestopas y tubos flexibles","publisher":{"@id":"https:\/\/www.fleximat.es\/bn\/#organization"},"potentialAction":[{"@type":"SearchAction","target":{"@type":"EntryPoint","urlTemplate":"https:\/\/www.fleximat.es\/bn\/?s={search_term_string}"},"query-input":"required name=search_term_string"}],"inLanguage":"ja"},{"@type":"Organization","@id":"https:\/\/www.fleximat.es\/bn\/#organization","name":"Fleximat","url":"https:\/\/www.fleximat.es\/bn\/","logo":{"@type":"ImageObject","inLanguage":"ja","@id":"https:\/\/www.fleximat.es\/bn\/#\/schema\/logo\/image\/","url":"https:\/\/www.fleximat.es\/wp-content\/uploads\/2023\/11\/fleximat-logo-1.png","contentUrl":"https:\/\/www.fleximat.es\/wp-content\/uploads\/2023\/11\/fleximat-logo-1.png","width":1169,"height":289,"caption":"Fleximat"},"image":{"@id":"https:\/\/www.fleximat.es\/bn\/#\/schema\/logo\/image\/"}}]}},"taxonomy_info":{"product_cat":[{"value":31,"label":"Prensaestopas y accesorios met\u00e1licos"},{"value":56,"label":"Prensaestopas Met\u00e1lico IP-68 Antitorsi\u00f3n"}]},"featured_image_src_large":["https:\/\/www.fleximat.es\/wp-content\/uploads\/2023\/10\/th_crop_1571844996prensaestopa-metalico-antitorsion-1.jpg",600,600,false],"author_info":[],"comment_info":"","_links":{"self":[{"href":"https:\/\/www.fleximat.es\/ja\/wp-json\/wp\/v2\/product\/1575"}],"collection":[{"href":"https:\/\/www.fleximat.es\/ja\/wp-json\/wp\/v2\/product"}],"about":[{"href":"https:\/\/www.fleximat.es\/ja\/wp-json\/wp\/v2\/types\/product"}],"wp:featuredmedia":[{"embeddable":true,"href":"https:\/\/www.fleximat.es\/ja\/wp-json\/wp\/v2\/media\/1594"}],"wp:attachment":[{"href":"https:\/\/www.fleximat.es\/ja\/wp-json\/wp\/v2\/media?parent=1575"}],"wp:term":[{"taxonomy":"product_cat","embeddable":true,"href":"https:\/\/www.fleximat.es\/ja\/wp-json\/wp\/v2\/product_cat?post=1575"},{"taxonomy":"product_tag","embeddable":true,"href":"https:\/\/www.fleximat.es\/ja\/wp-json\/wp\/v2\/product_tag?post=1575"}],"curies":[{"name":"wp","href":"https:\/\/api.w.org\/{rel}","templated":true}]}}