{"id":1604,"date":"2023-10-18T17:53:13","date_gmt":"2023-10-18T15:53:13","guid":{"rendered":"https:\/\/www.fleximat.es\/?post_type=product&#038;p=1604"},"modified":"2023-11-27T11:22:45","modified_gmt":"2023-11-27T10:22:45","slug":"prensaestopas-pg-reductor-amplificador-acero-inoxidable-ip-68","status":"publish","type":"product","link":"https:\/\/www.fleximat.es\/ja\/product\/prensaestopas-pg-reductor-amplificador-acero-inoxidable-ip-68\/","title":{"rendered":"PG \u30b1\u30fc\u30d6\u30eb \u30b0\u30e9\u30f3\u30c9 \u30ec\u30c7\u30e5\u30fc\u30b5\/\u30a2\u30f3\u30d7 \u30b9\u30c6\u30f3\u30ec\u30b9\u92fc IP-68"},"content":{"rendered":"<h4>\u30d7\u30ed\u30d1\u30c6\u30a3<\/h4>\n<p>\u9ad8\u3044\u8010\u8150\u98df\u6027\u3002<br \/>\n\u6ed1\u3089\u304b\u306a\u8868\u9762\u3001\u7d44\u307f\u7acb\u3066\u304c\u7c21\u5358<br \/>\n\u98df\u54c1\u304a\u3088\u3073\u98f2\u6599\u3001\u88fd\u85ac\u7523\u696d\u3001\u9678\u4e0a\u7528\u9014 \u30ed\u30f3\u30b0\u30ef\u30a4\u30e4\u30fc\u30d0\u30fc\u30b8\u30e7\u30f3<br \/>\n\u30cf\u30ed\u30b2\u30f3\u30d5\u30ea\u30fc<\/p>\n<h3>\u88fd\u54c1\u8aac\u660e<\/h3>\n<p>\u30b9\u30c6\u30f3\u30ec\u30b9\u92fc\u30b1\u30fc\u30d6\u30eb\u30b0\u30e9\u30f3\u30c9\u306f\u3001\u4e00\u7aef\u3067\u5727\u7e2e\u30b7\u30fc\u30eb\u3092\u4f5c\u6210\u3057\u306a\u304c\u3089\u3001\u304a\u306d\u3058\u3092\u4f7f\u7528\u3057\u3066\u3082\u3046\u4e00\u7aef\u3078\u306e\u63a5\u7d9a\u3092\u78ba\u5b9f\u306b\u3059\u308b\u90e8\u54c1\u3067\u3059\u3002<\/p>\n<p>\u30b9\u30c6\u30f3\u30ec\u30b9\u92fc\u30b1\u30fc\u30d6\u30eb\u30b0\u30e9\u30f3\u30c9\u306f\u3001\u6a5f\u68b0\u7684\u3001\u5316\u5b66\u7684\u3001\u307e\u305f\u306f\u6027\u80fd\u306a\u3069\u3001\u5e45\u5e83\u3044\u7279\u6027\u3092\u5099\u3048\u3066\u3044\u307e\u3059\u3002\u30b1\u30fc\u30d6\u30eb\u30b0\u30e9\u30f3\u30c9\u306f\u7d20\u65e9\u304f\u7d44\u307f\u7acb\u3066\u3089\u308c\u3001\u53d6\u308a\u4ed8\u3051\u3082\u7c21\u5358\u3067\u3059\u3002\u5e83\u3044\u4f7f\u7528\u6e29\u5ea6\u7bc4\u56f2\u3092\u6301\u3063\u3066\u3044\u307e\u3059\u3002<\/p>\n<p>\u30b9\u30c6\u30f3\u30ec\u30b9\u92fc\u30b1\u30fc\u30d6\u30eb \u30b0\u30e9\u30f3\u30c9\u306e\u6a5f\u68b0\u7684\u304a\u3088\u3073\u5316\u5b66\u7684\u7279\u6027\u306f\u3001\u6700\u9ad8\u306e\u3082\u306e\u3067\u3059\u3002\u4fdd\u8b77\u306e\u70b9\u3067\u306f\u3001\u5f7c\u3089\u306f\u6700\u9ad8\u3067\u3059\u3002<\/p>\n<p>\u6a5f\u68b0\u7684\u306b\u306f\u3001\u3042\u3089\u3086\u308b\u7a2e\u985e\u306e\u5f15\u3063\u5f35\u308a\u3001\u632f\u52d5\u3001\u885d\u6483\u306b\u8010\u3048\u3001\u5438\u53ce\u3057\u307e\u3059\u3002<\/p>\n<div class=\"table-responsive\">\n<table width=\"587\">\n<tbody>\n<tr>\n<td width=\"80\">\u7cf8<\/td>\n<td width=\"107\">\u30b3\u30fc\u30c9<\/td>\n<td width=\"80\">\u3075\u30fc\u3080<\/td>\n<td width=\"80\">GLmm<\/td>\n<td width=\"80\">\u3046\u30fc\u3093<\/td>\n<td width=\"80\">\u3046\u30fc\u3093<\/td>\n<td width=\"80\">\u3093\u3093<\/td>\n<\/tr>\n<tr>\n<td>PG7<\/td>\n<td>OPSG 01\/02<\/td>\n<td>23<\/td>\n<td>6<\/td>\n<td>17<\/td>\n<td>17<\/td>\n<td>4-8<\/td>\n<\/tr>\n<tr>\n<td>PG9<\/td>\n<td>OPSG 02\/03<\/td>\n<td>24,5<\/td>\n<td>6<\/td>\n<td>22<\/td>\n<td>22<\/td>\n<td>5-10<\/td>\n<\/tr>\n<tr>\n<td>PG9<\/td>\n<td>OPSG 02\/04<\/td>\n<td>26,5<\/td>\n<td>6<\/td>\n<td>22<\/td>\n<td>22<\/td>\n<td>6-12<\/td>\n<\/tr>\n<tr>\n<td>PG11<\/td>\n<td>OPSG 03\/04<\/td>\n<td>26,5<\/td>\n<td>6<\/td>\n<td>22<\/td>\n<td>22<\/td>\n<td>6-12<\/td>\n<\/tr>\n<tr>\n<td>PG11<\/td>\n<td>OPSG 03\/05<\/td>\n<td>28<\/td>\n<td>6<\/td>\n<td>24<\/td>\n<td>24<\/td>\n<td>10-14<\/td>\n<\/tr>\n<tr>\n<td>GP13.5<\/td>\n<td>OPSG 04\/05<\/td>\n<td>28<\/td>\n<td>6,5<\/td>\n<td>24<\/td>\n<td>24<\/td>\n<td>10-14<\/td>\n<\/tr>\n<tr>\n<td>PG16<\/td>\n<td>OPSG 05\/06<\/td>\n<td>31,5<\/td>\n<td>6,5<\/td>\n<td>30<\/td>\n<td>30<\/td>\n<td>13-18<\/td>\n<\/tr>\n<tr>\n<td>PG21<\/td>\n<td>OPSG06RS<\/td>\n<td>31,5<\/td>\n<td>7<\/td>\n<td>30<\/td>\n<td>30<\/td>\n<td>9-17<\/td>\n<\/tr>\n<tr>\n<td>PG29<\/td>\n<td>OPSG 07\/08<\/td>\n<td>43<\/td>\n<td>8<\/td>\n<td>50<\/td>\n<td>50<\/td>\n<td>22-32<\/td>\n<\/tr>\n<tr>\n<td>PG36<\/td>\n<td>OPSG 08\/09<\/td>\n<td>47<\/td>\n<td>10<\/td>\n<td>60<\/td>\n<td>60<\/td>\n<td>30-38<\/td>\n<\/tr>\n<tr>\n<td>PG42<\/td>\n<td>OPSG 09\/10<\/td>\n<td>48<\/td>\n<td>12<\/td>\n<td>65<\/td>\n<td>65<\/td>\n<td>33-44<\/td>\n<\/tr>\n<\/tbody>\n<\/table>\n<\/div>","protected":false},"excerpt":{"rendered":"<h3>\u7279\u5fb4<\/h3>\n<table>\n<tbody>\n<tr>\n<td><strong>\u30dc\u30f3\u30cd\u30c3\u30c8<\/strong><\/td>\n<td>\u30b9\u30c6\u30f3\u30ec\u30b9\u92fc<\/td>\n<\/tr>\n<tr>\n<td><strong>\u30b7\u30fc\u30eb\u30ac\u30b9\u30b1\u30c3\u30c8<\/strong><\/td>\n<td>POS<\/td>\n<\/tr>\n<tr>\n<td><strong>O\u30ea\u30f3\u30b0<\/strong><\/td>\n<td>NBR<\/td>\n<\/tr>\n<tr>\n<td><strong>\u306d\u3058\u306e\u7a2e\u985e<\/strong><\/td>\n<td>\u30e1\u30fc\u30c8\u30eb\u6cd5 (EN60423)<\/td>\n<\/tr>\n<tr>\n<td><strong>\u304d\u3064\u3055<\/strong><\/td>\n<td>IP68 \u2013 5\u6c17\u5727<\/td>\n<\/tr>\n<tr>\n<td><strong>\u9023\u7d9a\u4f7f\u7528\u6e29\u5ea6<\/strong><\/td>\n<td>-20\u2103+100\u2103<\/td>\n<\/tr>\n<\/tbody>\n<\/table>","protected":false},"featured_media":2994,"template":"","meta":{"_kad_blocks_custom_css":"","_kad_blocks_head_custom_js":"","_kad_blocks_body_custom_js":"","_kad_blocks_footer_custom_js":"","_kadence_starter_templates_imported_post":false,"_kad_post_transparent":"default","_kad_post_title":"","_kad_post_layout":"default","_kad_post_sidebar_id":"","_kad_post_content_style":"default","_kad_post_vertical_padding":"default","_kad_post_feature":"","_kad_post_feature_position":"","_kad_post_header":false,"_kad_post_footer":false},"product_cat":[31,59],"product_tag":[],"class_list":{"0":"post-1604","1":"product","2":"type-product","3":"status-publish","4":"has-post-thumbnail","6":"product_cat-prensaestopas-y-accesorios-metalicos","7":"product_cat-prensaestopas-ip-68-acero-inoxidable","9":"first","10":"instock","11":"shipping-taxable","12":"product-type-simple","13":"entry","14":"content-bg","15":"loop-entry"},"yoast_head":"<!-- This site is optimized with the Yoast SEO plugin v21.7 - https:\/\/yoast.com\/wordpress\/plugins\/seo\/ -->\n<title>Prensaestopas PG Reductor\/Amplificador Acero Inoxidable IP-68 - Fleximat<\/title>\n<meta name=\"robots\" content=\"index, follow, max-snippet:-1, max-image-preview:large, max-video-preview:-1\" \/>\n<link rel=\"canonical\" href=\"https:\/\/www.fleximat.es\/ja\/product\/prensaestopas-pg-reductor-amplificador-acero-inoxidable-ip-68\/\" \/>\n<meta property=\"og:locale\" content=\"ja_JP\" \/>\n<meta property=\"og:type\" content=\"article\" \/>\n<meta property=\"og:title\" content=\"Prensaestopas PG Reductor\/Amplificador Acero Inoxidable IP-68 - Fleximat\" \/>\n<meta property=\"og:description\" content=\"Caracter\u00edsticas    Sombrerete Acero Inoxidable   Junta de sellado TPV   Junta t\u00f3rica NBR   Tipo de Rosca M\u00e9trica (EN60423)   Estanqueidad IP68 - 5 bar   Temperatura de trabajo continua -20 \u00baC +100 \u00baC\" \/>\n<meta property=\"og:url\" content=\"https:\/\/www.fleximat.es\/ja\/product\/prensaestopas-pg-reductor-amplificador-acero-inoxidable-ip-68\/\" \/>\n<meta property=\"og:site_name\" content=\"Fleximat\" \/>\n<meta property=\"article:modified_time\" content=\"2023-11-27T10:22:45+00:00\" \/>\n<meta property=\"og:image\" content=\"https:\/\/www.fleximat.es\/wp-content\/uploads\/2023\/10\/prensaestopas-acero-inoxidable-ip-68-700x572-1.png\" \/>\n\t<meta property=\"og:image:width\" content=\"700\" \/>\n\t<meta property=\"og:image:height\" content=\"700\" \/>\n\t<meta property=\"og:image:type\" content=\"image\/png\" \/>\n<meta name=\"twitter:card\" content=\"summary_large_image\" \/>\n<meta name=\"twitter:label1\" content=\"\u63a8\u5b9a\u8aad\u307f\u53d6\u308a\u6642\u9593\" \/>\n\t<meta name=\"twitter:data1\" content=\"1\u5206\" \/>\n<script type=\"application\/ld+json\" class=\"yoast-schema-graph\">{\"@context\":\"https:\/\/schema.org\",\"@graph\":[{\"@type\":\"WebPage\",\"@id\":\"https:\/\/www.fleximat.es\/producto\/prensaestopas-pg-reductor-amplificador-acero-inoxidable-ip-68\/\",\"url\":\"https:\/\/www.fleximat.es\/producto\/prensaestopas-pg-reductor-amplificador-acero-inoxidable-ip-68\/\",\"name\":\"Prensaestopas PG Reductor\/Amplificador Acero Inoxidable IP-68 - Fleximat\",\"isPartOf\":{\"@id\":\"https:\/\/www.fleximat.es\/bn\/#website\"},\"datePublished\":\"2023-10-18T15:53:13+00:00\",\"dateModified\":\"2023-11-27T10:22:45+00:00\",\"breadcrumb\":{\"@id\":\"https:\/\/www.fleximat.es\/producto\/prensaestopas-pg-reductor-amplificador-acero-inoxidable-ip-68\/#breadcrumb\"},\"inLanguage\":\"ja\",\"potentialAction\":[{\"@type\":\"ReadAction\",\"target\":[\"https:\/\/www.fleximat.es\/producto\/prensaestopas-pg-reductor-amplificador-acero-inoxidable-ip-68\/\"]}]},{\"@type\":\"BreadcrumbList\",\"@id\":\"https:\/\/www.fleximat.es\/producto\/prensaestopas-pg-reductor-amplificador-acero-inoxidable-ip-68\/#breadcrumb\",\"itemListElement\":[{\"@type\":\"ListItem\",\"position\":1,\"name\":\"Portada\",\"item\":\"https:\/\/www.fleximat.es\/\"},{\"@type\":\"ListItem\",\"position\":2,\"name\":\"Productos\",\"item\":\"https:\/\/www.fleximat.es\/en\/productos\/\"},{\"@type\":\"ListItem\",\"position\":3,\"name\":\"Prensaestopas PG Reductor\/Amplificador Acero Inoxidable IP-68\"}]},{\"@type\":\"WebSite\",\"@id\":\"https:\/\/www.fleximat.es\/bn\/#website\",\"url\":\"https:\/\/www.fleximat.es\/bn\/\",\"name\":\"Fleximat\",\"description\":\"Tu soluci\u00f3n en prensaestopas y tubos flexibles\",\"publisher\":{\"@id\":\"https:\/\/www.fleximat.es\/bn\/#organization\"},\"potentialAction\":[{\"@type\":\"SearchAction\",\"target\":{\"@type\":\"EntryPoint\",\"urlTemplate\":\"https:\/\/www.fleximat.es\/bn\/?s={search_term_string}\"},\"query-input\":\"required name=search_term_string\"}],\"inLanguage\":\"ja\"},{\"@type\":\"Organization\",\"@id\":\"https:\/\/www.fleximat.es\/bn\/#organization\",\"name\":\"Fleximat\",\"url\":\"https:\/\/www.fleximat.es\/bn\/\",\"logo\":{\"@type\":\"ImageObject\",\"inLanguage\":\"ja\",\"@id\":\"https:\/\/www.fleximat.es\/bn\/#\/schema\/logo\/image\/\",\"url\":\"https:\/\/www.fleximat.es\/wp-content\/uploads\/2023\/11\/fleximat-logo-1.png\",\"contentUrl\":\"https:\/\/www.fleximat.es\/wp-content\/uploads\/2023\/11\/fleximat-logo-1.png\",\"width\":1169,\"height\":289,\"caption\":\"Fleximat\"},\"image\":{\"@id\":\"https:\/\/www.fleximat.es\/bn\/#\/schema\/logo\/image\/\"}}]}<\/script>\n<!-- \/ Yoast SEO plugin. -->","yoast_head_json":{"title":"Prensaestopas PG Reductor\/Amplificador Acero Inoxidable IP-68 - Fleximat","robots":{"index":"index","follow":"follow","max-snippet":"max-snippet:-1","max-image-preview":"max-image-preview:large","max-video-preview":"max-video-preview:-1"},"canonical":"https:\/\/www.fleximat.es\/ja\/product\/prensaestopas-pg-reductor-amplificador-acero-inoxidable-ip-68\/","og_locale":"ja_JP","og_type":"article","og_title":"Prensaestopas PG Reductor\/Amplificador Acero Inoxidable IP-68 - Fleximat","og_description":"Caracter\u00edsticas    Sombrerete Acero Inoxidable   Junta de sellado TPV   Junta t\u00f3rica NBR   Tipo de Rosca M\u00e9trica (EN60423)   Estanqueidad IP68 - 5 bar   Temperatura de trabajo continua -20 \u00baC +100 \u00baC","og_url":"https:\/\/www.fleximat.es\/ja\/product\/prensaestopas-pg-reductor-amplificador-acero-inoxidable-ip-68\/","og_site_name":"Fleximat","article_modified_time":"2023-11-27T10:22:45+00:00","og_image":[{"width":700,"height":700,"url":"https:\/\/www.fleximat.es\/wp-content\/uploads\/2023\/10\/prensaestopas-acero-inoxidable-ip-68-700x572-1.png","type":"image\/png"}],"twitter_card":"summary_large_image","twitter_misc":{"\u63a8\u5b9a\u8aad\u307f\u53d6\u308a\u6642\u9593":"1\u5206"},"schema":{"@context":"https:\/\/schema.org","@graph":[{"@type":"WebPage","@id":"https:\/\/www.fleximat.es\/producto\/prensaestopas-pg-reductor-amplificador-acero-inoxidable-ip-68\/","url":"https:\/\/www.fleximat.es\/producto\/prensaestopas-pg-reductor-amplificador-acero-inoxidable-ip-68\/","name":"Prensaestopas PG Reductor\/Amplificador Acero Inoxidable IP-68 - Fleximat","isPartOf":{"@id":"https:\/\/www.fleximat.es\/bn\/#website"},"datePublished":"2023-10-18T15:53:13+00:00","dateModified":"2023-11-27T10:22:45+00:00","breadcrumb":{"@id":"https:\/\/www.fleximat.es\/producto\/prensaestopas-pg-reductor-amplificador-acero-inoxidable-ip-68\/#breadcrumb"},"inLanguage":"ja","potentialAction":[{"@type":"ReadAction","target":["https:\/\/www.fleximat.es\/producto\/prensaestopas-pg-reductor-amplificador-acero-inoxidable-ip-68\/"]}]},{"@type":"BreadcrumbList","@id":"https:\/\/www.fleximat.es\/producto\/prensaestopas-pg-reductor-amplificador-acero-inoxidable-ip-68\/#breadcrumb","itemListElement":[{"@type":"ListItem","position":1,"name":"Portada","item":"https:\/\/www.fleximat.es\/"},{"@type":"ListItem","position":2,"name":"Productos","item":"https:\/\/www.fleximat.es\/en\/productos\/"},{"@type":"ListItem","position":3,"name":"Prensaestopas PG Reductor\/Amplificador Acero Inoxidable IP-68"}]},{"@type":"WebSite","@id":"https:\/\/www.fleximat.es\/bn\/#website","url":"https:\/\/www.fleximat.es\/bn\/","name":"Fleximat","description":"Tu soluci\u00f3n en prensaestopas y tubos flexibles","publisher":{"@id":"https:\/\/www.fleximat.es\/bn\/#organization"},"potentialAction":[{"@type":"SearchAction","target":{"@type":"EntryPoint","urlTemplate":"https:\/\/www.fleximat.es\/bn\/?s={search_term_string}"},"query-input":"required name=search_term_string"}],"inLanguage":"ja"},{"@type":"Organization","@id":"https:\/\/www.fleximat.es\/bn\/#organization","name":"Fleximat","url":"https:\/\/www.fleximat.es\/bn\/","logo":{"@type":"ImageObject","inLanguage":"ja","@id":"https:\/\/www.fleximat.es\/bn\/#\/schema\/logo\/image\/","url":"https:\/\/www.fleximat.es\/wp-content\/uploads\/2023\/11\/fleximat-logo-1.png","contentUrl":"https:\/\/www.fleximat.es\/wp-content\/uploads\/2023\/11\/fleximat-logo-1.png","width":1169,"height":289,"caption":"Fleximat"},"image":{"@id":"https:\/\/www.fleximat.es\/bn\/#\/schema\/logo\/image\/"}}]}},"taxonomy_info":{"product_cat":[{"value":31,"label":"Prensaestopas y accesorios met\u00e1licos"},{"value":59,"label":"Prensaestopas IP-68 Acero Inoxidable"}]},"featured_image_src_large":["https:\/\/www.fleximat.es\/wp-content\/uploads\/2023\/10\/prensaestopas-acero-inoxidable-ip-68-700x572-1.png",700,700,false],"author_info":[],"comment_info":"","_links":{"self":[{"href":"https:\/\/www.fleximat.es\/ja\/wp-json\/wp\/v2\/product\/1604"}],"collection":[{"href":"https:\/\/www.fleximat.es\/ja\/wp-json\/wp\/v2\/product"}],"about":[{"href":"https:\/\/www.fleximat.es\/ja\/wp-json\/wp\/v2\/types\/product"}],"wp:featuredmedia":[{"embeddable":true,"href":"https:\/\/www.fleximat.es\/ja\/wp-json\/wp\/v2\/media\/2994"}],"wp:attachment":[{"href":"https:\/\/www.fleximat.es\/ja\/wp-json\/wp\/v2\/media?parent=1604"}],"wp:term":[{"taxonomy":"product_cat","embeddable":true,"href":"https:\/\/www.fleximat.es\/ja\/wp-json\/wp\/v2\/product_cat?post=1604"},{"taxonomy":"product_tag","embeddable":true,"href":"https:\/\/www.fleximat.es\/ja\/wp-json\/wp\/v2\/product_tag?post=1604"}],"curies":[{"name":"wp","href":"https:\/\/api.w.org\/{rel}","templated":true}]}}