{"id":1610,"date":"2023-10-18T17:53:14","date_gmt":"2023-10-18T15:53:14","guid":{"rendered":"https:\/\/www.fleximat.es\/?post_type=product&#038;p=1610"},"modified":"2023-12-03T13:10:10","modified_gmt":"2023-12-03T12:10:10","slug":"prensaestopas-a2-metrica-metalico-ip-54","status":"publish","type":"product","link":"https:\/\/www.fleximat.es\/ja\/product\/prensaestopas-a2-metrica-metalico-ip-54\/","title":{"rendered":"\u30b1\u30fc\u30d6\u30eb \u30b0\u30e9\u30f3\u30c9 A2 \u30e1\u30fc\u30c8\u30eb \u30e1\u30bf\u30ea\u30c3\u30af IP-54"},"content":{"rendered":"<h4>\u30d7\u30ed\u30d1\u30c6\u30a3<\/h4>\n<p>\u512a\u308c\u305f\u6a5f\u68b0\u7684\u5b89\u5b9a\u6027<br \/>\n\u6700\u9069\u306a\u30b1\u30fc\u30d6\u30eb\u7de0\u3081\u4ed8\u3051<br \/>\n\u7d44\u307f\u7acb\u3066\u304c\u7c21\u5358<br \/>\n\u9577\u3044\u30b9\u30ec\u30c3\u30c9\u30d0\u30fc\u30b8\u30e7\u30f3<br \/>\n\u30cf\u30ed\u30b2\u30f3\u30d5\u30ea\u30fc<\/p>\n<h3>\u88fd\u54c1\u8aac\u660e<\/h3>\n<p>\u91d1\u5c5e\u30b1\u30fc\u30d6\u30eb\u30b0\u30e9\u30f3\u30c9\u306f\u3001\u4e00\u7aef\u3067\u5727\u7e2e\u30b7\u30fc\u30eb\u3092\u4f5c\u6210\u3057\u306a\u304c\u3089\u3001\u304a\u306d\u3058\u3092\u4f7f\u7528\u3057\u3066\u4ed6\u7aef\u3078\u306e\u63a5\u7d9a\u3092\u78ba\u5b9f\u306b\u3059\u308b\u90e8\u54c1\u3067\u3059\u3002<\/p>\n<p>\u91d1\u5c5e\u30b1\u30fc\u30d6\u30eb\u30b0\u30e9\u30f3\u30c9\u306f\u3001\u6a5f\u68b0\u7684\u3001\u5316\u5b66\u7684\u3001\u307e\u305f\u306f\u6027\u80fd\u306a\u3069\u3001\u975e\u5e38\u306b\u591a\u69d8\u306a\u7279\u6027\u3092\u63d0\u4f9b\u3057\u307e\u3059\u3002\u30b1\u30fc\u30d6\u30eb\u30b0\u30e9\u30f3\u30c9\u306f\u7d20\u65e9\u304f\u7d44\u307f\u7acb\u3066\u3089\u308c\u3001\u53d6\u308a\u4ed8\u3051\u3082\u7c21\u5358\u3067\u3059\u3002\u5e83\u3044\u4f7f\u7528\u6e29\u5ea6\u7bc4\u56f2\u3092\u6301\u3063\u3066\u3044\u307e\u3059\u3002<\/p>\n<p>\u6a5f\u68b0\u7684\u306b\u306f\u3001\u3042\u3089\u3086\u308b\u7a2e\u985e\u306e\u5f15\u3063\u5f35\u308a\u3001\u632f\u52d5\u3001\u885d\u6483\u306b\u8010\u3048\u3001\u5438\u53ce\u3057\u307e\u3059\u3002<\/p>\n<p>A2 \u30e1\u30c8\u30ea\u30c3\u30af \u30e1\u30bf\u30ea\u30c3\u30af IP-54 \u30b1\u30fc\u30d6\u30eb \u30b0\u30e9\u30f3\u30c9\u306f\u3001\u65b0\u3057\u3044\u30e2\u30c7\u30eb\u3088\u308a\u3082\u53e4\u3044\u30c7\u30b6\u30a4\u30f3\u306e\u53e4\u3044\u30d0\u30fc\u30b8\u30e7\u30f3\u3067\u3059\u3002<\/p>\n<div class=\"table-responsive\">\n<table class=\"table table-bordered table-striped\">\n<thead>\n<tr>\n<td>\u7cf8<\/td>\n<td>\u30b3\u30fc\u30c9<\/td>\n<td>\u3075\u30fc\u3080<\/td>\n<td>GLmm<\/td>\n<td>\u3093\u3093<\/td>\n<td>\u3093\u3093<\/td>\n<\/tr>\n<\/thead>\n<tbody>\n<tr>\n<td>M12\u00d71.5<\/td>\n<td>\u30b5\u30f301<\/td>\n<td>16<\/td>\n<td>5<\/td>\n<td>14<\/td>\n<td>3,5 &#8211; 6<\/td>\n<\/tr>\n<tr>\n<td>M16\u00d71.5<\/td>\n<td>\u592a\u967d02<\/td>\n<td>17<\/td>\n<td>5<\/td>\n<td>18<\/td>\n<td>4,5 &#8211; 7<\/td>\n<\/tr>\n<tr>\n<td>M20\u00d71.5<\/td>\n<td>\u592a\u967d03<\/td>\n<td>19<\/td>\n<td>6<\/td>\n<td>22<\/td>\n<td>9 &#8211; 12<\/td>\n<\/tr>\n<tr>\n<td>M25\u00d71.5<\/td>\n<td>\u592a\u967d04<\/td>\n<td>20,5<\/td>\n<td>7<\/td>\n<td>27<\/td>\n<td>11 &#8211; 14<\/td>\n<\/tr>\n<tr>\n<td>M32\u00d71.5<\/td>\n<td>\u65e505<\/td>\n<td>22,5<\/td>\n<td>8<\/td>\n<td>34<\/td>\n<td>14 &#8211; 18<\/td>\n<\/tr>\n<tr>\n<td>M 40\u00d71.5<\/td>\n<td>\u592a\u967d06<\/td>\n<td>25<\/td>\n<td>8<\/td>\n<td>45<\/td>\n<td>18 &#8211; 25<\/td>\n<\/tr>\n<tr>\n<td>M 50\u00d71.5<\/td>\n<td>\u65e507<\/td>\n<td>30<\/td>\n<td>9<\/td>\n<td>55<\/td>\n<td>25 &#8211; 32<\/td>\n<\/tr>\n<tr>\n<td>M63\u00d71.5<\/td>\n<td>\u592a\u967d08<\/td>\n<td>47<\/td>\n<td>15<\/td>\n<td>70<\/td>\n<td>38 &#8211; 44<\/td>\n<\/tr>\n<tr>\n<td>M63\u00d71.5<\/td>\n<td>\u65e5\u66dc\u65e509<\/td>\n<td>47<\/td>\n<td>15<\/td>\n<td>70<\/td>\n<td>40 &#8211; 49<\/td>\n<\/tr>\n<\/tbody>\n<\/table>\n<\/div>","protected":false},"excerpt":{"rendered":"<h3>\u7279\u5fb4<\/h3>\n<table>\n<tbody>\n<tr>\n<td><strong>\u30dc\u30f3\u30cd\u30c3\u30c8<\/strong><\/td>\n<td>\u30cb\u30c3\u30b1\u30eb\u30e1\u30c3\u30ad\u771f\u936e<\/td>\n<\/tr>\n<tr>\n<td><strong>\u30b7\u30fc\u30eb\u30ac\u30b9\u30b1\u30c3\u30c8<\/strong><\/td>\n<td>POS<\/td>\n<\/tr>\n<tr>\n<td><strong>O\u30ea\u30f3\u30b0<\/strong><\/td>\n<td>NBR<\/td>\n<\/tr>\n<tr>\n<td><strong>\u306d\u3058\u306e\u7a2e\u985e<\/strong><\/td>\n<td>\u30e1\u30fc\u30c8\u30eb\u6cd5 (EN 60423)<\/td>\n<\/tr>\n<tr>\n<td><strong>\u304d\u3064\u3055<\/strong><\/td>\n<td>IP54<\/td>\n<\/tr>\n<tr>\n<td><strong>\u9023\u7d9a\u4f7f\u7528\u6e29\u5ea6<\/strong><\/td>\n<td>-40\u2103 +100\u2103 +150\u2103\uff08\u4e00\u6642\u7684\uff09<\/td>\n<\/tr>\n<\/tbody>\n<\/table>","protected":false},"featured_media":3081,"template":"","meta":{"_kad_blocks_custom_css":"","_kad_blocks_head_custom_js":"","_kad_blocks_body_custom_js":"","_kad_blocks_footer_custom_js":"","_kadence_starter_templates_imported_post":false,"_kad_post_transparent":"default","_kad_post_title":"","_kad_post_layout":"default","_kad_post_sidebar_id":"","_kad_post_content_style":"default","_kad_post_vertical_padding":"default","_kad_post_feature":"","_kad_post_feature_position":"","_kad_post_header":false,"_kad_post_footer":false},"product_cat":[31,64],"product_tag":[],"class_list":{"0":"post-1610","1":"product","2":"type-product","3":"status-publish","4":"has-post-thumbnail","6":"product_cat-prensaestopas-y-accesorios-metalicos","7":"product_cat-prensaestopas-metalico-ip-54","9":"first","10":"instock","11":"shipping-taxable","12":"product-type-simple","13":"entry","14":"content-bg","15":"loop-entry"},"yoast_head":"<!-- This site is optimized with the Yoast SEO plugin v21.7 - https:\/\/yoast.com\/wordpress\/plugins\/seo\/ -->\n<title>Prensaestopas A2 M\u00e9trica Met\u00e1lico IP-54 - Fleximat<\/title>\n<meta name=\"robots\" content=\"index, follow, max-snippet:-1, max-image-preview:large, max-video-preview:-1\" \/>\n<link rel=\"canonical\" href=\"https:\/\/www.fleximat.es\/ja\/product\/prensaestopas-a2-metrica-metalico-ip-54\/\" \/>\n<meta property=\"og:locale\" content=\"ja_JP\" \/>\n<meta property=\"og:type\" content=\"article\" \/>\n<meta property=\"og:title\" content=\"Prensaestopas A2 M\u00e9trica Met\u00e1lico IP-54 - Fleximat\" \/>\n<meta property=\"og:description\" content=\"Caracter\u00edsticas    Sombrerete Lat\u00f3n Niquelado   Junta de sellado TPV   Junta t\u00f3rica NBR   Tipo de Rosca M\u00e9trica (EN 60423)   Estanqueidad IP54   Temperatura de trabajo continua -40 \u00baC +100 \u00baC +150 \u00baC (temporal)\" \/>\n<meta property=\"og:url\" content=\"https:\/\/www.fleximat.es\/ja\/product\/prensaestopas-a2-metrica-metalico-ip-54\/\" \/>\n<meta property=\"og:site_name\" content=\"Fleximat\" \/>\n<meta property=\"article:modified_time\" content=\"2023-12-03T12:10:10+00:00\" \/>\n<meta property=\"og:image\" content=\"https:\/\/www.fleximat.es\/wp-content\/uploads\/2023\/12\/th_crop_1571905478prensa-metalico-ip-54.png\" \/>\n\t<meta property=\"og:image:width\" content=\"600\" \/>\n\t<meta property=\"og:image:height\" content=\"600\" \/>\n\t<meta property=\"og:image:type\" content=\"image\/png\" \/>\n<meta name=\"twitter:card\" content=\"summary_large_image\" \/>\n<meta name=\"twitter:label1\" content=\"\u63a8\u5b9a\u8aad\u307f\u53d6\u308a\u6642\u9593\" \/>\n\t<meta name=\"twitter:data1\" content=\"1\u5206\" \/>\n<script type=\"application\/ld+json\" class=\"yoast-schema-graph\">{\"@context\":\"https:\/\/schema.org\",\"@graph\":[{\"@type\":\"WebPage\",\"@id\":\"https:\/\/www.fleximat.es\/producto\/prensaestopas-a2-metrica-metalico-ip-54\/\",\"url\":\"https:\/\/www.fleximat.es\/producto\/prensaestopas-a2-metrica-metalico-ip-54\/\",\"name\":\"Prensaestopas A2 M\u00e9trica Met\u00e1lico IP-54 - Fleximat\",\"isPartOf\":{\"@id\":\"https:\/\/www.fleximat.es\/bn\/#website\"},\"datePublished\":\"2023-10-18T15:53:14+00:00\",\"dateModified\":\"2023-12-03T12:10:10+00:00\",\"breadcrumb\":{\"@id\":\"https:\/\/www.fleximat.es\/producto\/prensaestopas-a2-metrica-metalico-ip-54\/#breadcrumb\"},\"inLanguage\":\"ja\",\"potentialAction\":[{\"@type\":\"ReadAction\",\"target\":[\"https:\/\/www.fleximat.es\/producto\/prensaestopas-a2-metrica-metalico-ip-54\/\"]}]},{\"@type\":\"BreadcrumbList\",\"@id\":\"https:\/\/www.fleximat.es\/producto\/prensaestopas-a2-metrica-metalico-ip-54\/#breadcrumb\",\"itemListElement\":[{\"@type\":\"ListItem\",\"position\":1,\"name\":\"Portada\",\"item\":\"https:\/\/www.fleximat.es\/\"},{\"@type\":\"ListItem\",\"position\":2,\"name\":\"Productos\",\"item\":\"https:\/\/www.fleximat.es\/en\/productos\/\"},{\"@type\":\"ListItem\",\"position\":3,\"name\":\"Prensaestopas A2 M\u00e9trica Met\u00e1lico IP-54\"}]},{\"@type\":\"WebSite\",\"@id\":\"https:\/\/www.fleximat.es\/bn\/#website\",\"url\":\"https:\/\/www.fleximat.es\/bn\/\",\"name\":\"Fleximat\",\"description\":\"Tu soluci\u00f3n en prensaestopas y tubos flexibles\",\"publisher\":{\"@id\":\"https:\/\/www.fleximat.es\/bn\/#organization\"},\"potentialAction\":[{\"@type\":\"SearchAction\",\"target\":{\"@type\":\"EntryPoint\",\"urlTemplate\":\"https:\/\/www.fleximat.es\/bn\/?s={search_term_string}\"},\"query-input\":\"required name=search_term_string\"}],\"inLanguage\":\"ja\"},{\"@type\":\"Organization\",\"@id\":\"https:\/\/www.fleximat.es\/bn\/#organization\",\"name\":\"Fleximat\",\"url\":\"https:\/\/www.fleximat.es\/bn\/\",\"logo\":{\"@type\":\"ImageObject\",\"inLanguage\":\"ja\",\"@id\":\"https:\/\/www.fleximat.es\/bn\/#\/schema\/logo\/image\/\",\"url\":\"https:\/\/www.fleximat.es\/wp-content\/uploads\/2023\/11\/fleximat-logo-1.png\",\"contentUrl\":\"https:\/\/www.fleximat.es\/wp-content\/uploads\/2023\/11\/fleximat-logo-1.png\",\"width\":1169,\"height\":289,\"caption\":\"Fleximat\"},\"image\":{\"@id\":\"https:\/\/www.fleximat.es\/bn\/#\/schema\/logo\/image\/\"}}]}<\/script>\n<!-- \/ Yoast SEO plugin. -->","yoast_head_json":{"title":"Prensaestopas A2 M\u00e9trica Met\u00e1lico IP-54 - Fleximat","robots":{"index":"index","follow":"follow","max-snippet":"max-snippet:-1","max-image-preview":"max-image-preview:large","max-video-preview":"max-video-preview:-1"},"canonical":"https:\/\/www.fleximat.es\/ja\/product\/prensaestopas-a2-metrica-metalico-ip-54\/","og_locale":"ja_JP","og_type":"article","og_title":"Prensaestopas A2 M\u00e9trica Met\u00e1lico IP-54 - Fleximat","og_description":"Caracter\u00edsticas    Sombrerete Lat\u00f3n Niquelado   Junta de sellado TPV   Junta t\u00f3rica NBR   Tipo de Rosca M\u00e9trica (EN 60423)   Estanqueidad IP54   Temperatura de trabajo continua -40 \u00baC +100 \u00baC +150 \u00baC (temporal)","og_url":"https:\/\/www.fleximat.es\/ja\/product\/prensaestopas-a2-metrica-metalico-ip-54\/","og_site_name":"Fleximat","article_modified_time":"2023-12-03T12:10:10+00:00","og_image":[{"width":600,"height":600,"url":"https:\/\/www.fleximat.es\/wp-content\/uploads\/2023\/12\/th_crop_1571905478prensa-metalico-ip-54.png","type":"image\/png"}],"twitter_card":"summary_large_image","twitter_misc":{"\u63a8\u5b9a\u8aad\u307f\u53d6\u308a\u6642\u9593":"1\u5206"},"schema":{"@context":"https:\/\/schema.org","@graph":[{"@type":"WebPage","@id":"https:\/\/www.fleximat.es\/producto\/prensaestopas-a2-metrica-metalico-ip-54\/","url":"https:\/\/www.fleximat.es\/producto\/prensaestopas-a2-metrica-metalico-ip-54\/","name":"Prensaestopas A2 M\u00e9trica Met\u00e1lico IP-54 - Fleximat","isPartOf":{"@id":"https:\/\/www.fleximat.es\/bn\/#website"},"datePublished":"2023-10-18T15:53:14+00:00","dateModified":"2023-12-03T12:10:10+00:00","breadcrumb":{"@id":"https:\/\/www.fleximat.es\/producto\/prensaestopas-a2-metrica-metalico-ip-54\/#breadcrumb"},"inLanguage":"ja","potentialAction":[{"@type":"ReadAction","target":["https:\/\/www.fleximat.es\/producto\/prensaestopas-a2-metrica-metalico-ip-54\/"]}]},{"@type":"BreadcrumbList","@id":"https:\/\/www.fleximat.es\/producto\/prensaestopas-a2-metrica-metalico-ip-54\/#breadcrumb","itemListElement":[{"@type":"ListItem","position":1,"name":"Portada","item":"https:\/\/www.fleximat.es\/"},{"@type":"ListItem","position":2,"name":"Productos","item":"https:\/\/www.fleximat.es\/en\/productos\/"},{"@type":"ListItem","position":3,"name":"Prensaestopas A2 M\u00e9trica Met\u00e1lico IP-54"}]},{"@type":"WebSite","@id":"https:\/\/www.fleximat.es\/bn\/#website","url":"https:\/\/www.fleximat.es\/bn\/","name":"Fleximat","description":"Tu soluci\u00f3n en prensaestopas y tubos flexibles","publisher":{"@id":"https:\/\/www.fleximat.es\/bn\/#organization"},"potentialAction":[{"@type":"SearchAction","target":{"@type":"EntryPoint","urlTemplate":"https:\/\/www.fleximat.es\/bn\/?s={search_term_string}"},"query-input":"required name=search_term_string"}],"inLanguage":"ja"},{"@type":"Organization","@id":"https:\/\/www.fleximat.es\/bn\/#organization","name":"Fleximat","url":"https:\/\/www.fleximat.es\/bn\/","logo":{"@type":"ImageObject","inLanguage":"ja","@id":"https:\/\/www.fleximat.es\/bn\/#\/schema\/logo\/image\/","url":"https:\/\/www.fleximat.es\/wp-content\/uploads\/2023\/11\/fleximat-logo-1.png","contentUrl":"https:\/\/www.fleximat.es\/wp-content\/uploads\/2023\/11\/fleximat-logo-1.png","width":1169,"height":289,"caption":"Fleximat"},"image":{"@id":"https:\/\/www.fleximat.es\/bn\/#\/schema\/logo\/image\/"}}]}},"taxonomy_info":{"product_cat":[{"value":31,"label":"Prensaestopas y accesorios met\u00e1licos"},{"value":64,"label":"Prensaestopas Met\u00e1lico IP-54"}]},"featured_image_src_large":["https:\/\/www.fleximat.es\/wp-content\/uploads\/2023\/12\/th_crop_1571905478prensa-metalico-ip-54.png",600,600,false],"author_info":[],"comment_info":"","_links":{"self":[{"href":"https:\/\/www.fleximat.es\/ja\/wp-json\/wp\/v2\/product\/1610"}],"collection":[{"href":"https:\/\/www.fleximat.es\/ja\/wp-json\/wp\/v2\/product"}],"about":[{"href":"https:\/\/www.fleximat.es\/ja\/wp-json\/wp\/v2\/types\/product"}],"wp:featuredmedia":[{"embeddable":true,"href":"https:\/\/www.fleximat.es\/ja\/wp-json\/wp\/v2\/media\/3081"}],"wp:attachment":[{"href":"https:\/\/www.fleximat.es\/ja\/wp-json\/wp\/v2\/media?parent=1610"}],"wp:term":[{"taxonomy":"product_cat","embeddable":true,"href":"https:\/\/www.fleximat.es\/ja\/wp-json\/wp\/v2\/product_cat?post=1610"},{"taxonomy":"product_tag","embeddable":true,"href":"https:\/\/www.fleximat.es\/ja\/wp-json\/wp\/v2\/product_tag?post=1610"}],"curies":[{"name":"wp","href":"https:\/\/api.w.org\/{rel}","templated":true}]}}