{"id":1711,"date":"2023-10-18T17:54:05","date_gmt":"2023-10-18T15:54:05","guid":{"rendered":"https:\/\/www.fleximat.es\/?post_type=product&#038;p=1711"},"modified":"2023-11-27T11:07:34","modified_gmt":"2023-11-27T10:07:34","slug":"racor-hembra-liquid-tight-npt-metalico-ip-67","status":"publish","type":"product","link":"https:\/\/www.fleximat.es\/ja\/product\/racor-hembra-liquid-tight-npt-metalico-ip-67\/","title":{"rendered":"\u30ea\u30ad\u30c3\u30c9\u30bf\u30a4\u30c8 NPT \u91d1\u5c5e\u30e1\u30b9\u7d99\u624b IP-67"},"content":{"rendered":"<h4>\u30d7\u30ed\u30d1\u30c6\u30a3<\/h4>\n<p>\u9632\u632f<br \/>\n\u5f15\u3063\u5f35\u308a\u9632\u6b62\u3001\u9ad8\u3044\u8010\u7d2b\u5916\u7dda\u6027<br \/>\n\u7c21\u5358\u7d44\u307f\u7acb\u3066VDE\u8a8d\u5b9a(40030037)<br \/>\n\u30cf\u30ed\u30b2\u30f3\u30d5\u30ea\u30fc<\/p>\n<h3>\u88fd\u54c1\u8aac\u660e<\/h3>\n<p>\u30b7\u30fc\u30eb\u3055\u308c\u305f\u30b0\u30e9\u30f3\u30c9\u307e\u305f\u306f\u30d6\u30e9\u30a4\u30f3\u30c9 \u30b8\u30e7\u30a4\u30f3\u30c8 \u30b0\u30e9\u30f3\u30c9\u306f\u3001\u30b0\u30e9\u30f3\u30c9\u306e\u4e0a\u90e8\u306b\u30b4\u30e0\u819c\u304c\u8ffd\u52a0\u3055\u308c\u305f\u30b0\u30e9\u30f3\u30c9\u306e\u4e00\u7a2e\u3067\u3059\u3002\u5e38\u306b\u5b8c\u5168\u306a\u5bc6\u9589\u3092\u5b9f\u73fe\u3057\u3001\u7d44\u307f\u7acb\u3066\u524d\u306e\u30ad\u30e3\u30c3\u30d7\u5185\u3078\u306e\u57c3\u3084\u6db2\u4f53\u306e\u4fb5\u5165\u304b\u3089\u30a8\u30ec\u30e1\u30f3\u30c8\u3092\u4fdd\u8b77\u3057\u307e\u3059\u3002<\/p>\n<p>\u5bc6\u9589\u578b\u30b1\u30fc\u30d6\u30eb \u30b0\u30e9\u30f3\u30c9\u306b\u306f\u5bc6\u9589\u578b\u30ac\u30b9\u30b1\u30c3\u30c8\u304c\u3059\u3067\u306b\u53d6\u308a\u4ed8\u3051\u3089\u308c\u3066\u3044\u308b\u305f\u3081\u3001\u5c11\u306a\u3044\u4f5c\u696d\u3067\u6a5f\u5668\u306e\u5b89\u5168\u6027\u304c\u9ad8\u307e\u308a\u307e\u3059\u3002<\/p>\n<p>\u30b9\u30bf\u30d5\u30a3\u30f3\u30b0\u30dc\u30c3\u30af\u30b9\u306b\u53d6\u308a\u4ed8\u3051\u3089\u308c\u305f\u30ac\u30b9\u30b1\u30c3\u30c8\u306f\u3001\u52a0\u786b\u71b1\u53ef\u5851\u6027\u30d7\u30e9\u30b9\u30c1\u30c3\u30af\u306e\u6df7\u5408\u7269\u3067\u69cb\u6210\u3055\u308c\u3066\u304a\u308a\u3001\u6db2\u4f53\u3084\u8150\u98df\u306b\u5bfe\u3057\u3066\u512a\u308c\u305f\u8010\u6027\u3092\u5099\u3048\u3066\u3044\u307e\u3059\u3002<\/p>\n<table class=\"table table-bordered table-striped\">\n<thead>\n<tr>\n<td><strong>\u30b9\u30ec\u30c3\u30c9<\/strong><\/td>\n<td><strong>\u30b3\u30fc\u30c9<\/strong><\/td>\n<td><strong>\u3075\u30fc\u3080<\/strong><\/td>\n<td><strong>GLmm<\/strong><\/td>\n<td><strong>\u3093\u3093<\/strong><\/td>\n<td><strong>\u3093\u3093<\/strong><\/td>\n<\/tr>\n<\/thead>\n<tbody>\n<tr>\n<td>M12\u00d71.5<\/td>\n<td>KMRB01<\/td>\n<td>24<\/td>\n<td>8<\/td>\n<td>15<\/td>\n<td>3-6,5<\/td>\n<\/tr>\n<tr>\n<td>M16\u00d71.5<\/td>\n<td>KMRB02<\/td>\n<td>28<\/td>\n<td>8<\/td>\n<td>19<\/td>\n<td>4-8<\/td>\n<\/tr>\n<tr>\n<td>M16\u00d71.5<\/td>\n<td>KMRB03<\/td>\n<td>29<\/td>\n<td>10<\/td>\n<td>22<\/td>\n<td>5-10<\/td>\n<\/tr>\n<tr>\n<td>M20\u00d71.5<\/td>\n<td>KMRB04<\/td>\n<td>29<\/td>\n<td>10<\/td>\n<td>24<\/td>\n<td>6-12<\/td>\n<\/tr>\n<tr>\n<td>M20\u00d71.5<\/td>\n<td>KMRB05<\/td>\n<td>33<\/td>\n<td>10<\/td>\n<td>27<\/td>\n<td>10-14<\/td>\n<\/tr>\n<tr>\n<td>M25\u00d71.5<\/td>\n<td>KMRB06<\/td>\n<td>38<\/td>\n<td>10<\/td>\n<td>33<\/td>\n<td>13-18<\/td>\n<\/tr>\n<tr>\n<td>M32\u00d71.5<\/td>\n<td>KMRB07<\/td>\n<td>41<\/td>\n<td>10<\/td>\n<td>42<\/td>\n<td>18-25<\/td>\n<\/tr>\n<tr>\n<td>M 40\u00d71.5<\/td>\n<td>KMRB08<\/td>\n<td>51<\/td>\n<td>10<\/td>\n<td>53<\/td>\n<td>22-32<\/td>\n<\/tr>\n<tr>\n<td>M 50\u00d71.5<\/td>\n<td>KMRB09<\/td>\n<td>53<\/td>\n<td>18<\/td>\n<td>60<\/td>\n<td>30-38<\/td>\n<\/tr>\n<tr>\n<td>M63\u00d71.5<\/td>\n<td>KMRB10<\/td>\n<td>55<\/td>\n<td>18<\/td>\n<td>70<\/td>\n<td>34-44<\/td>\n<\/tr>\n<\/tbody>\n<\/table>","protected":false},"excerpt":{"rendered":"<h3>\u7279\u5fb4<\/h3>\n<table>\n<tbody>\n<tr>\n<td><strong>\u30dc\u30f3\u30cd\u30c3\u30c8<\/strong><\/td>\n<td>\u30dd\u30ea\u30a2\u30df\u30c9 PA6 V2<\/td>\n<\/tr>\n<tr>\n<td><strong>\u30b7\u30fc\u30eb\u30ac\u30b9\u30b1\u30c3\u30c8<\/strong><\/td>\n<td>POS<\/td>\n<\/tr>\n<tr>\n<td><strong>\u4f53<\/strong><\/td>\n<td>\u30dd\u30ea\u30a2\u30df\u30c9 PA6 V2<\/td>\n<\/tr>\n<tr>\n<td><strong>O\u30ea\u30f3\u30b0<\/strong><\/td>\n<td>NBR<\/td>\n<\/tr>\n<tr>\n<td><strong>\u306d\u3058\u306e\u7a2e\u985e<\/strong><\/td>\n<td>\u30e1\u30fc\u30c8\u30eb\u6cd5 (EN 60423)<\/td>\n<\/tr>\n<tr>\n<td><strong>\u304d\u3064\u3055<\/strong><\/td>\n<td>IP68<\/td>\n<\/tr>\n<tr>\n<td><strong>\u9023\u7d9a\u4f7f\u7528\u6e29\u5ea6<\/strong><\/td>\n<td>-20\u2103+100\u2103<\/td>\n<\/tr>\n<\/tbody>\n<\/table>","protected":false},"featured_media":2991,"template":"","meta":{"_kad_blocks_custom_css":"","_kad_blocks_head_custom_js":"","_kad_blocks_body_custom_js":"","_kad_blocks_footer_custom_js":"","_kadence_starter_templates_imported_post":false,"_kad_post_transparent":"default","_kad_post_title":"","_kad_post_layout":"default","_kad_post_sidebar_id":"","_kad_post_content_style":"default","_kad_post_vertical_padding":"default","_kad_post_feature":"","_kad_post_feature_position":"","_kad_post_header":false,"_kad_post_footer":false},"product_cat":[68,71],"product_tag":[],"class_list":{"0":"post-1711","1":"product","2":"type-product","3":"status-publish","4":"has-post-thumbnail","6":"product_cat-tubos-flexibles-racores-y-accesorios","7":"product_cat-racores-y-accesorios-metalicos","9":"first","10":"instock","11":"shipping-taxable","12":"product-type-simple","13":"entry","14":"content-bg","15":"loop-entry"},"yoast_head":"<!-- This site is optimized with the Yoast SEO plugin v21.7 - https:\/\/yoast.com\/wordpress\/plugins\/seo\/ -->\n<title>Racor Hembra LIQUID TIGHT NPT Met\u00e1lico IP-67 - Fleximat<\/title>\n<meta name=\"robots\" content=\"index, follow, max-snippet:-1, max-image-preview:large, max-video-preview:-1\" \/>\n<link rel=\"canonical\" href=\"https:\/\/www.fleximat.es\/ja\/product\/racor-hembra-liquid-tight-npt-metalico-ip-67\/\" \/>\n<meta property=\"og:locale\" content=\"ja_JP\" \/>\n<meta property=\"og:type\" content=\"article\" \/>\n<meta property=\"og:title\" content=\"Racor Hembra LIQUID TIGHT NPT Met\u00e1lico IP-67 - Fleximat\" \/>\n<meta property=\"og:description\" content=\"Caracter\u00edsticas    Sombrerete Poliamida PA6 V2   Junta de sellado TPV   Cuerpo Poliamida PA6 V2   Junta t\u00f3rica NBR   Tipo de Rosca M\u00e9trica (EN 60423)   Estanqueidad IP68   Temperatura de trabajo continua -20 \u00baC +100 \u00baC\" \/>\n<meta property=\"og:url\" content=\"https:\/\/www.fleximat.es\/ja\/product\/racor-hembra-liquid-tight-npt-metalico-ip-67\/\" \/>\n<meta property=\"og:site_name\" content=\"Fleximat\" \/>\n<meta property=\"article:modified_time\" content=\"2023-11-27T10:07:34+00:00\" \/>\n<meta property=\"og:image\" content=\"https:\/\/www.fleximat.es\/wp-content\/uploads\/2023\/10\/racor-hembra-liquid-tight-ip-67-700x524-1.png\" \/>\n\t<meta property=\"og:image:width\" content=\"600\" \/>\n\t<meta property=\"og:image:height\" content=\"600\" \/>\n\t<meta property=\"og:image:type\" content=\"image\/png\" \/>\n<meta name=\"twitter:card\" content=\"summary_large_image\" \/>\n<meta name=\"twitter:label1\" content=\"\u63a8\u5b9a\u8aad\u307f\u53d6\u308a\u6642\u9593\" \/>\n\t<meta name=\"twitter:data1\" content=\"1\u5206\" \/>\n<script type=\"application\/ld+json\" class=\"yoast-schema-graph\">{\"@context\":\"https:\/\/schema.org\",\"@graph\":[{\"@type\":\"WebPage\",\"@id\":\"https:\/\/www.fleximat.es\/pa\/product\/racor-hembra-liquid-tight-npt-metalico-ip-67\/\",\"url\":\"https:\/\/www.fleximat.es\/pa\/product\/racor-hembra-liquid-tight-npt-metalico-ip-67\/\",\"name\":\"Racor Hembra LIQUID TIGHT NPT Met\u00e1lico IP-67 - Fleximat\",\"isPartOf\":{\"@id\":\"https:\/\/www.fleximat.es\/bn\/#website\"},\"datePublished\":\"2023-10-18T15:54:05+00:00\",\"dateModified\":\"2023-11-27T10:07:34+00:00\",\"breadcrumb\":{\"@id\":\"https:\/\/www.fleximat.es\/pa\/product\/racor-hembra-liquid-tight-npt-metalico-ip-67\/#breadcrumb\"},\"inLanguage\":\"ja\",\"potentialAction\":[{\"@type\":\"ReadAction\",\"target\":[\"https:\/\/www.fleximat.es\/pa\/product\/racor-hembra-liquid-tight-npt-metalico-ip-67\/\"]}]},{\"@type\":\"BreadcrumbList\",\"@id\":\"https:\/\/www.fleximat.es\/pa\/product\/racor-hembra-liquid-tight-npt-metalico-ip-67\/#breadcrumb\",\"itemListElement\":[{\"@type\":\"ListItem\",\"position\":1,\"name\":\"Portada\",\"item\":\"https:\/\/www.fleximat.es\/\"},{\"@type\":\"ListItem\",\"position\":2,\"name\":\"Productos\",\"item\":\"https:\/\/www.fleximat.es\/en\/productos\/\"},{\"@type\":\"ListItem\",\"position\":3,\"name\":\"Racor Hembra LIQUID TIGHT NPT Met\u00e1lico IP-67\"}]},{\"@type\":\"WebSite\",\"@id\":\"https:\/\/www.fleximat.es\/bn\/#website\",\"url\":\"https:\/\/www.fleximat.es\/bn\/\",\"name\":\"Fleximat\",\"description\":\"Tu soluci\u00f3n en prensaestopas y tubos flexibles\",\"publisher\":{\"@id\":\"https:\/\/www.fleximat.es\/bn\/#organization\"},\"potentialAction\":[{\"@type\":\"SearchAction\",\"target\":{\"@type\":\"EntryPoint\",\"urlTemplate\":\"https:\/\/www.fleximat.es\/bn\/?s={search_term_string}\"},\"query-input\":\"required name=search_term_string\"}],\"inLanguage\":\"ja\"},{\"@type\":\"Organization\",\"@id\":\"https:\/\/www.fleximat.es\/bn\/#organization\",\"name\":\"Fleximat\",\"url\":\"https:\/\/www.fleximat.es\/bn\/\",\"logo\":{\"@type\":\"ImageObject\",\"inLanguage\":\"ja\",\"@id\":\"https:\/\/www.fleximat.es\/bn\/#\/schema\/logo\/image\/\",\"url\":\"https:\/\/www.fleximat.es\/wp-content\/uploads\/2023\/11\/fleximat-logo-1.png\",\"contentUrl\":\"https:\/\/www.fleximat.es\/wp-content\/uploads\/2023\/11\/fleximat-logo-1.png\",\"width\":1169,\"height\":289,\"caption\":\"Fleximat\"},\"image\":{\"@id\":\"https:\/\/www.fleximat.es\/bn\/#\/schema\/logo\/image\/\"}}]}<\/script>\n<!-- \/ Yoast SEO plugin. -->","yoast_head_json":{"title":"Racor Hembra LIQUID TIGHT NPT Met\u00e1lico IP-67 - Fleximat","robots":{"index":"index","follow":"follow","max-snippet":"max-snippet:-1","max-image-preview":"max-image-preview:large","max-video-preview":"max-video-preview:-1"},"canonical":"https:\/\/www.fleximat.es\/ja\/product\/racor-hembra-liquid-tight-npt-metalico-ip-67\/","og_locale":"ja_JP","og_type":"article","og_title":"Racor Hembra LIQUID TIGHT NPT Met\u00e1lico IP-67 - Fleximat","og_description":"Caracter\u00edsticas    Sombrerete Poliamida PA6 V2   Junta de sellado TPV   Cuerpo Poliamida PA6 V2   Junta t\u00f3rica NBR   Tipo de Rosca M\u00e9trica (EN 60423)   Estanqueidad IP68   Temperatura de trabajo continua -20 \u00baC +100 \u00baC","og_url":"https:\/\/www.fleximat.es\/ja\/product\/racor-hembra-liquid-tight-npt-metalico-ip-67\/","og_site_name":"Fleximat","article_modified_time":"2023-11-27T10:07:34+00:00","og_image":[{"width":600,"height":600,"url":"https:\/\/www.fleximat.es\/wp-content\/uploads\/2023\/10\/racor-hembra-liquid-tight-ip-67-700x524-1.png","type":"image\/png"}],"twitter_card":"summary_large_image","twitter_misc":{"\u63a8\u5b9a\u8aad\u307f\u53d6\u308a\u6642\u9593":"1\u5206"},"schema":{"@context":"https:\/\/schema.org","@graph":[{"@type":"WebPage","@id":"https:\/\/www.fleximat.es\/pa\/product\/racor-hembra-liquid-tight-npt-metalico-ip-67\/","url":"https:\/\/www.fleximat.es\/pa\/product\/racor-hembra-liquid-tight-npt-metalico-ip-67\/","name":"Racor Hembra LIQUID TIGHT NPT Met\u00e1lico IP-67 - Fleximat","isPartOf":{"@id":"https:\/\/www.fleximat.es\/bn\/#website"},"datePublished":"2023-10-18T15:54:05+00:00","dateModified":"2023-11-27T10:07:34+00:00","breadcrumb":{"@id":"https:\/\/www.fleximat.es\/pa\/product\/racor-hembra-liquid-tight-npt-metalico-ip-67\/#breadcrumb"},"inLanguage":"ja","potentialAction":[{"@type":"ReadAction","target":["https:\/\/www.fleximat.es\/pa\/product\/racor-hembra-liquid-tight-npt-metalico-ip-67\/"]}]},{"@type":"BreadcrumbList","@id":"https:\/\/www.fleximat.es\/pa\/product\/racor-hembra-liquid-tight-npt-metalico-ip-67\/#breadcrumb","itemListElement":[{"@type":"ListItem","position":1,"name":"Portada","item":"https:\/\/www.fleximat.es\/"},{"@type":"ListItem","position":2,"name":"Productos","item":"https:\/\/www.fleximat.es\/en\/productos\/"},{"@type":"ListItem","position":3,"name":"Racor Hembra LIQUID TIGHT NPT Met\u00e1lico IP-67"}]},{"@type":"WebSite","@id":"https:\/\/www.fleximat.es\/bn\/#website","url":"https:\/\/www.fleximat.es\/bn\/","name":"Fleximat","description":"Tu soluci\u00f3n en prensaestopas y tubos flexibles","publisher":{"@id":"https:\/\/www.fleximat.es\/bn\/#organization"},"potentialAction":[{"@type":"SearchAction","target":{"@type":"EntryPoint","urlTemplate":"https:\/\/www.fleximat.es\/bn\/?s={search_term_string}"},"query-input":"required name=search_term_string"}],"inLanguage":"ja"},{"@type":"Organization","@id":"https:\/\/www.fleximat.es\/bn\/#organization","name":"Fleximat","url":"https:\/\/www.fleximat.es\/bn\/","logo":{"@type":"ImageObject","inLanguage":"ja","@id":"https:\/\/www.fleximat.es\/bn\/#\/schema\/logo\/image\/","url":"https:\/\/www.fleximat.es\/wp-content\/uploads\/2023\/11\/fleximat-logo-1.png","contentUrl":"https:\/\/www.fleximat.es\/wp-content\/uploads\/2023\/11\/fleximat-logo-1.png","width":1169,"height":289,"caption":"Fleximat"},"image":{"@id":"https:\/\/www.fleximat.es\/bn\/#\/schema\/logo\/image\/"}}]}},"taxonomy_info":{"product_cat":[{"value":68,"label":"Tubos flexibles, racores y accesorios"},{"value":71,"label":"Racores y accesorios met\u00e1licos"}]},"featured_image_src_large":["https:\/\/www.fleximat.es\/wp-content\/uploads\/2023\/10\/racor-hembra-liquid-tight-ip-67-700x524-1.png",600,600,false],"author_info":[],"comment_info":"","_links":{"self":[{"href":"https:\/\/www.fleximat.es\/ja\/wp-json\/wp\/v2\/product\/1711"}],"collection":[{"href":"https:\/\/www.fleximat.es\/ja\/wp-json\/wp\/v2\/product"}],"about":[{"href":"https:\/\/www.fleximat.es\/ja\/wp-json\/wp\/v2\/types\/product"}],"wp:featuredmedia":[{"embeddable":true,"href":"https:\/\/www.fleximat.es\/ja\/wp-json\/wp\/v2\/media\/2991"}],"wp:attachment":[{"href":"https:\/\/www.fleximat.es\/ja\/wp-json\/wp\/v2\/media?parent=1711"}],"wp:term":[{"taxonomy":"product_cat","embeddable":true,"href":"https:\/\/www.fleximat.es\/ja\/wp-json\/wp\/v2\/product_cat?post=1711"},{"taxonomy":"product_tag","embeddable":true,"href":"https:\/\/www.fleximat.es\/ja\/wp-json\/wp\/v2\/product_tag?post=1711"}],"curies":[{"name":"wp","href":"https:\/\/api.w.org\/{rel}","templated":true}]}}