{"id":1712,"date":"2023-10-18T17:54:05","date_gmt":"2023-10-18T15:54:05","guid":{"rendered":"https:\/\/www.fleximat.es\/?post_type=product&#038;p=1712"},"modified":"2023-11-27T11:07:47","modified_gmt":"2023-11-27T10:07:47","slug":"racor-hembra-liquid-tight-pg-metalico-ip-67","status":"publish","type":"product","link":"https:\/\/www.fleximat.es\/ja\/product\/racor-hembra-liquid-tight-pg-metalico-ip-67\/","title":{"rendered":"\u30ea\u30ad\u30c3\u30c9\u30bf\u30a4\u30c8PG \u30e1\u30bf\u30ea\u30c3\u30af\u30e1\u30b9\u7d99\u624b IP-67"},"content":{"rendered":"<h4>\u30d7\u30ed\u30d1\u30c6\u30a3<\/h4>\n<p>\u7d44\u307f\u7acb\u3066\u304c\u7c21\u5358\u56fa\u5b9a\u307e\u305f\u306f\u56de\u8ee2\u30dc\u30c7\u30a3\u30d0\u30fc\u30b8\u30e7\u30f3LGT \u307e\u305f\u306f CTS\u3001CTPS \u30c0\u30af\u30c8\u3068\u4e00\u7dd2\u306b\u3054\u6ce8\u6587\u304f\u3060\u3055\u3044<\/p>\n<h3>\u88fd\u54c1\u8aac\u660e<\/h3>\n<p>\u30b9\u30a4\u30d9\u30eb\u7d99\u624b\u306f\u30c1\u30e5\u30fc\u30d6\u63a5\u7d9a\u30a2\u30af\u30bb\u30b5\u30ea\u3067\u3059\u3002<\/p>\n<p>\u30b9\u30a4\u30d9\u30eb\u7d99\u624b\u306f\u3001\u4fdd\u8b77\u306e\u5fc5\u8981\u6027\u306b\u5fdc\u3058\u3066\u3001\u3055\u307e\u3056\u307e\u306a\u672c\u4f53\u3068\u30cd\u30b8\u5c71\u3092\u6301\u3064\u3053\u3068\u304c\u3067\u304d\u307e\u3059\u3002<\/p>\n<p>\u56de\u8ee2\u30d5\u30a3\u30c3\u30c6\u30a3\u30f3\u30b0\u306f\u30d7\u30e9\u30b9\u30c1\u30c3\u30af\u307e\u305f\u306f\u91d1\u5c5e\u306b\u3059\u308b\u3053\u3068\u304c\u3067\u304d\u307e\u3059\u3002<\/p>\n<p>\u56de\u8ee2\u4f53\u4ed8\u304d\u30d0\u30fc\u30b8\u30e7\u30f3\u3068\u30b9\u30bf\u30c3\u30d5\u30a3\u30f3\u30b0\u30dc\u30c3\u30af\u30b9\u5185\u8535\u30d0\u30fc\u30b8\u30e7\u30f3\u304c\u3042\u308a\u307e\u3059\u3002<\/p>\n<table class=\"table table-bordered table-striped\">\n<thead>\n<tr>\n<td>PG\uff08\u30b3\u30fc\u30c9\uff09<\/td>\n<td>\u30e1\u30c8\u30ea\u30c3\u30af (\u30b3\u30fc\u30c9)<\/td>\n<td>PG(AG\u30b9\u30ec\u30c3\u30c9)<\/td>\n<td>\u30e1\u30fc\u30c8\u30eb\u6cd5 (AG \u306d\u3058)<\/td>\n<td>\u30b9\u30d1\u30a4\u30e9\u30eb\u306e\u9577\u3055<\/td>\n<td>GLmm<\/td>\n<td>\u3046\u30fc\u3093<\/td>\n<td>\u3046\u30fc\u3093<\/td>\n<\/tr>\n<\/thead>\n<tbody>\n<tr>\n<td>LSRP00<\/td>\n<td>LSRM 00<\/td>\n<td>PG7<\/td>\n<td>M12\u00d71.5<\/td>\n<td>10 &#8211; 1\/4&#8243;<\/td>\n<td>10<\/td>\n<td>20<\/td>\n<td>22<\/td>\n<\/tr>\n<tr>\n<td>LSRP 1A<\/td>\n<td>LSRM 1A<\/td>\n<td>PG9<\/td>\n<td>M16\u00d71.5<\/td>\n<td>12 &#8211; 1\/4&#8243;<\/td>\n<td>10<\/td>\n<td>20<\/td>\n<td>22<\/td>\n<\/tr>\n<tr>\n<td>LSRP01<\/td>\n<td>LSRM 01<\/td>\n<td>PG11<\/td>\n<td>M16\u00d71.5<\/td>\n<td>13 &#8211; 3\/8&#8243;<\/td>\n<td>11,5<\/td>\n<td>24<\/td>\n<td>26<\/td>\n<\/tr>\n<tr>\n<td>LSRP2A<\/td>\n<td>LSRM 2A<\/td>\n<td>GP13.5<\/td>\n<td>M20\u00d71.5<\/td>\n<td>16 &#8211; 1\/2&#8243;<\/td>\n<td>13<\/td>\n<td>27<\/td>\n<td>29<\/td>\n<\/tr>\n<tr>\n<td>LSRP02<\/td>\n<td>LSRM 02<\/td>\n<td>PG16<\/td>\n<td>M20\u00d71.5<\/td>\n<td>16 &#8211; 1\/2&#8243;<\/td>\n<td>13<\/td>\n<td>27<\/td>\n<td>29<\/td>\n<\/tr>\n<tr>\n<td>LSRP03<\/td>\n<td>LSRM 03<\/td>\n<td>PG21<\/td>\n<td>M25\u00d71.5<\/td>\n<td>21 &#8211; 3\/4&#8243;<\/td>\n<td>15<\/td>\n<td>33<\/td>\n<td>35<\/td>\n<\/tr>\n<tr>\n<td>LSRP04<\/td>\n<td>LSRM 04<\/td>\n<td>PG29<\/td>\n<td>M32\u00d71.5<\/td>\n<td>26 &#8211; 1&#8243;<\/td>\n<td>15<\/td>\n<td>43<\/td>\n<td>45<\/td>\n<\/tr>\n<tr>\n<td>LSRP05<\/td>\n<td>LSRM 05<\/td>\n<td>PG36<\/td>\n<td>M 40\u00d71.5<\/td>\n<td>35 &#8211; 1 1\/4&#8243;<\/td>\n<td>16<\/td>\n<td>52<\/td>\n<td>54<\/td>\n<\/tr>\n<tr>\n<td>LSRP06<\/td>\n<td>LSRM 06<\/td>\n<td>PG42<\/td>\n<td>M 50\u00d71.5<\/td>\n<td>40 &#8211; 1 1\/2&#8243;<\/td>\n<td>18<\/td>\n<td>60<\/td>\n<td>63<\/td>\n<\/tr>\n<tr>\n<td>LSRP07<\/td>\n<td>LSRM 07<\/td>\n<td>PG48<\/td>\n<td>M63\u00d71.5<\/td>\n<td>51 &#8211; 2&#8243;<\/td>\n<td>20<\/td>\n<td>74<\/td>\n<td>77<\/td>\n<\/tr>\n<tr>\n<td colspan=\"21\">\u30b9\u30a4\u30a6\u30a7\u30eb\u30dc\u30c7\u30a3<\/td>\n<\/tr>\n<tr>\n<td>LSRDP00<\/td>\n<td>LSRDM00<\/td>\n<td>PG7<\/td>\n<td>M12\u00d71.5<\/td>\n<td>10 &#8211; 1\/4&#8243;<\/td>\n<td>10<\/td>\n<td>20<\/td>\n<td>22<\/td>\n<\/tr>\n<tr>\n<td>LSRDP 1A<\/td>\n<td>LSRDM 1A<\/td>\n<td>PG9<\/td>\n<td>M16\u00d71.5<\/td>\n<td>12 &#8211; 1\/4&#8243;<\/td>\n<td>10<\/td>\n<td>20<\/td>\n<td>22<\/td>\n<\/tr>\n<tr>\n<td>LSRDP 01<\/td>\n<td>LSRDM 01<\/td>\n<td>PG11<\/td>\n<td>M16\u00d71.5<\/td>\n<td>13 &#8211; 3\/8&#8243;<\/td>\n<td>11,5<\/td>\n<td>24<\/td>\n<td>26<\/td>\n<\/tr>\n<tr>\n<td>LSRDP 2A<\/td>\n<td>LSRDM 2A<\/td>\n<td>GP13.5<\/td>\n<td>M20\u00d71.5<\/td>\n<td>16 &#8211; 1\/2&#8243;<\/td>\n<td>13<\/td>\n<td>27<\/td>\n<td>29<\/td>\n<\/tr>\n<tr>\n<td>LSRDP 02<\/td>\n<td>LSRDM 02<\/td>\n<td>PG16<\/td>\n<td>M20\u00d71.5<\/td>\n<td>16 &#8211; 1\/2&#8243;<\/td>\n<td>13<\/td>\n<td>27<\/td>\n<td>29<\/td>\n<\/tr>\n<tr>\n<td>LSRDP 03<\/td>\n<td>LSRDM 03<\/td>\n<td>PG21<\/td>\n<td>M25\u00d71.5<\/td>\n<td>21 &#8211; 3\/4&#8243;<\/td>\n<td>15<\/td>\n<td>33<\/td>\n<td>35<\/td>\n<\/tr>\n<tr>\n<td>LSRDP 04<\/td>\n<td>LSRDM 04<\/td>\n<td>PG29<\/td>\n<td>M32\u00d71.5<\/td>\n<td>26 &#8211; 1&#8243;<\/td>\n<td>15<\/td>\n<td>43<\/td>\n<td>45<\/td>\n<\/tr>\n<tr>\n<td>LSRDP 05<\/td>\n<td>LSRDM 05<\/td>\n<td>PG36<\/td>\n<td>M 40\u00d71.5<\/td>\n<td>35 &#8211; 1 1\/4&#8243;<\/td>\n<td>16<\/td>\n<td>52<\/td>\n<td>54<\/td>\n<\/tr>\n<tr>\n<td>LSRDP 06<\/td>\n<td>LSRDM 06<\/td>\n<td>PG42<\/td>\n<td>M 50\u00d71.5<\/td>\n<td>40 &#8211; 1 1\/2&#8243;<\/td>\n<td>18<\/td>\n<td>60<\/td>\n<td>63<\/td>\n<\/tr>\n<tr>\n<td>LSRDP 07<\/td>\n<td>LSRDM 07<\/td>\n<td>PG48<\/td>\n<td>M63\u00d71.5<\/td>\n<td>51 &#8211; 2&#8243;<\/td>\n<td>20<\/td>\n<td>74<\/td>\n<td>77<\/td>\n<\/tr>\n<\/tbody>\n<\/table>","protected":false},"excerpt":{"rendered":"<h3>\u7279\u5fb4<\/h3>\n<table>\n<tbody>\n<tr>\n<td><strong>\u30dc\u30f3\u30cd\u30c3\u30c8<\/strong><\/td>\n<td>\u30cb\u30c3\u30b1\u30eb\u30e1\u30c3\u30ad\u771f\u936e<\/td>\n<\/tr>\n<tr>\n<td><strong>\u30b7\u30fc\u30eb\u30ac\u30b9\u30b1\u30c3\u30c8<\/strong><\/td>\n<td>POS<\/td>\n<\/tr>\n<tr>\n<td><strong>O\u30ea\u30f3\u30b0<\/strong><\/td>\n<td>NBR<\/td>\n<\/tr>\n<tr>\n<td><strong>\u304d\u3064\u3055<\/strong><\/td>\n<td>IP67<\/td>\n<\/tr>\n<tr>\n<td><strong>\u9023\u7d9a\u4f7f\u7528\u6e29\u5ea6<\/strong><\/td>\n<td>-20\u2103+100\u2103<\/td>\n<\/tr>\n<\/tbody>\n<\/table>","protected":false},"featured_media":2991,"template":"","meta":{"_kad_blocks_custom_css":"","_kad_blocks_head_custom_js":"","_kad_blocks_body_custom_js":"","_kad_blocks_footer_custom_js":"","_kadence_starter_templates_imported_post":false,"_kad_post_transparent":"default","_kad_post_title":"","_kad_post_layout":"default","_kad_post_sidebar_id":"","_kad_post_content_style":"default","_kad_post_vertical_padding":"default","_kad_post_feature":"","_kad_post_feature_position":"","_kad_post_header":false,"_kad_post_footer":false},"product_cat":[68,71],"product_tag":[],"class_list":{"0":"post-1712","1":"product","2":"type-product","3":"status-publish","4":"has-post-thumbnail","6":"product_cat-tubos-flexibles-racores-y-accesorios","7":"product_cat-racores-y-accesorios-metalicos","9":"first","10":"instock","11":"shipping-taxable","12":"product-type-simple","13":"entry","14":"content-bg","15":"loop-entry"},"yoast_head":"<!-- This site is optimized with the Yoast SEO plugin v21.7 - https:\/\/yoast.com\/wordpress\/plugins\/seo\/ -->\n<title>Racor Hembra LIQUID TIGHT PG Met\u00e1lico IP-67 - Fleximat<\/title>\n<meta name=\"robots\" content=\"index, follow, max-snippet:-1, max-image-preview:large, max-video-preview:-1\" \/>\n<link rel=\"canonical\" href=\"https:\/\/www.fleximat.es\/ja\/product\/racor-hembra-liquid-tight-pg-metalico-ip-67\/\" \/>\n<meta property=\"og:locale\" content=\"ja_JP\" \/>\n<meta property=\"og:type\" content=\"article\" \/>\n<meta property=\"og:title\" content=\"Racor Hembra LIQUID TIGHT PG Met\u00e1lico IP-67 - Fleximat\" \/>\n<meta property=\"og:description\" content=\"Caracter\u00edsticas    Sombrerete Lat\u00f3n Niquelado   Junta de sellado TPV   Junta t\u00f3rica NBR   Estanqueidad IP67   Temperatura de trabajo continua -20 \u00baC +100 \u00baC\" \/>\n<meta property=\"og:url\" content=\"https:\/\/www.fleximat.es\/ja\/product\/racor-hembra-liquid-tight-pg-metalico-ip-67\/\" \/>\n<meta property=\"og:site_name\" content=\"Fleximat\" \/>\n<meta property=\"article:modified_time\" content=\"2023-11-27T10:07:47+00:00\" \/>\n<meta property=\"og:image\" content=\"https:\/\/www.fleximat.es\/wp-content\/uploads\/2023\/10\/racor-hembra-liquid-tight-ip-67-700x524-1.png\" \/>\n\t<meta property=\"og:image:width\" content=\"600\" \/>\n\t<meta property=\"og:image:height\" content=\"600\" \/>\n\t<meta property=\"og:image:type\" content=\"image\/png\" \/>\n<meta name=\"twitter:card\" content=\"summary_large_image\" \/>\n<meta name=\"twitter:label1\" content=\"\u63a8\u5b9a\u8aad\u307f\u53d6\u308a\u6642\u9593\" \/>\n\t<meta name=\"twitter:data1\" content=\"1\u5206\" \/>\n<script type=\"application\/ld+json\" class=\"yoast-schema-graph\">{\"@context\":\"https:\/\/schema.org\",\"@graph\":[{\"@type\":\"WebPage\",\"@id\":\"https:\/\/www.fleximat.es\/producto\/racor-hembra-liquid-tight-pg-metalico-ip-67\/\",\"url\":\"https:\/\/www.fleximat.es\/producto\/racor-hembra-liquid-tight-pg-metalico-ip-67\/\",\"name\":\"Racor Hembra LIQUID TIGHT PG Met\u00e1lico IP-67 - Fleximat\",\"isPartOf\":{\"@id\":\"https:\/\/www.fleximat.es\/bn\/#website\"},\"datePublished\":\"2023-10-18T15:54:05+00:00\",\"dateModified\":\"2023-11-27T10:07:47+00:00\",\"breadcrumb\":{\"@id\":\"https:\/\/www.fleximat.es\/producto\/racor-hembra-liquid-tight-pg-metalico-ip-67\/#breadcrumb\"},\"inLanguage\":\"ja\",\"potentialAction\":[{\"@type\":\"ReadAction\",\"target\":[\"https:\/\/www.fleximat.es\/producto\/racor-hembra-liquid-tight-pg-metalico-ip-67\/\"]}]},{\"@type\":\"BreadcrumbList\",\"@id\":\"https:\/\/www.fleximat.es\/producto\/racor-hembra-liquid-tight-pg-metalico-ip-67\/#breadcrumb\",\"itemListElement\":[{\"@type\":\"ListItem\",\"position\":1,\"name\":\"Portada\",\"item\":\"https:\/\/www.fleximat.es\/\"},{\"@type\":\"ListItem\",\"position\":2,\"name\":\"Productos\",\"item\":\"https:\/\/www.fleximat.es\/en\/productos\/\"},{\"@type\":\"ListItem\",\"position\":3,\"name\":\"Racor Hembra LIQUID TIGHT PG Met\u00e1lico IP-67\"}]},{\"@type\":\"WebSite\",\"@id\":\"https:\/\/www.fleximat.es\/bn\/#website\",\"url\":\"https:\/\/www.fleximat.es\/bn\/\",\"name\":\"Fleximat\",\"description\":\"Tu soluci\u00f3n en prensaestopas y tubos flexibles\",\"publisher\":{\"@id\":\"https:\/\/www.fleximat.es\/bn\/#organization\"},\"potentialAction\":[{\"@type\":\"SearchAction\",\"target\":{\"@type\":\"EntryPoint\",\"urlTemplate\":\"https:\/\/www.fleximat.es\/bn\/?s={search_term_string}\"},\"query-input\":\"required name=search_term_string\"}],\"inLanguage\":\"ja\"},{\"@type\":\"Organization\",\"@id\":\"https:\/\/www.fleximat.es\/bn\/#organization\",\"name\":\"Fleximat\",\"url\":\"https:\/\/www.fleximat.es\/bn\/\",\"logo\":{\"@type\":\"ImageObject\",\"inLanguage\":\"ja\",\"@id\":\"https:\/\/www.fleximat.es\/bn\/#\/schema\/logo\/image\/\",\"url\":\"https:\/\/www.fleximat.es\/wp-content\/uploads\/2023\/11\/fleximat-logo-1.png\",\"contentUrl\":\"https:\/\/www.fleximat.es\/wp-content\/uploads\/2023\/11\/fleximat-logo-1.png\",\"width\":1169,\"height\":289,\"caption\":\"Fleximat\"},\"image\":{\"@id\":\"https:\/\/www.fleximat.es\/bn\/#\/schema\/logo\/image\/\"}}]}<\/script>\n<!-- \/ Yoast SEO plugin. -->","yoast_head_json":{"title":"Racor Hembra LIQUID TIGHT PG Met\u00e1lico IP-67 - Fleximat","robots":{"index":"index","follow":"follow","max-snippet":"max-snippet:-1","max-image-preview":"max-image-preview:large","max-video-preview":"max-video-preview:-1"},"canonical":"https:\/\/www.fleximat.es\/ja\/product\/racor-hembra-liquid-tight-pg-metalico-ip-67\/","og_locale":"ja_JP","og_type":"article","og_title":"Racor Hembra LIQUID TIGHT PG Met\u00e1lico IP-67 - Fleximat","og_description":"Caracter\u00edsticas    Sombrerete Lat\u00f3n Niquelado   Junta de sellado TPV   Junta t\u00f3rica NBR   Estanqueidad IP67   Temperatura de trabajo continua -20 \u00baC +100 \u00baC","og_url":"https:\/\/www.fleximat.es\/ja\/product\/racor-hembra-liquid-tight-pg-metalico-ip-67\/","og_site_name":"Fleximat","article_modified_time":"2023-11-27T10:07:47+00:00","og_image":[{"width":600,"height":600,"url":"https:\/\/www.fleximat.es\/wp-content\/uploads\/2023\/10\/racor-hembra-liquid-tight-ip-67-700x524-1.png","type":"image\/png"}],"twitter_card":"summary_large_image","twitter_misc":{"\u63a8\u5b9a\u8aad\u307f\u53d6\u308a\u6642\u9593":"1\u5206"},"schema":{"@context":"https:\/\/schema.org","@graph":[{"@type":"WebPage","@id":"https:\/\/www.fleximat.es\/producto\/racor-hembra-liquid-tight-pg-metalico-ip-67\/","url":"https:\/\/www.fleximat.es\/producto\/racor-hembra-liquid-tight-pg-metalico-ip-67\/","name":"Racor Hembra LIQUID TIGHT PG Met\u00e1lico IP-67 - Fleximat","isPartOf":{"@id":"https:\/\/www.fleximat.es\/bn\/#website"},"datePublished":"2023-10-18T15:54:05+00:00","dateModified":"2023-11-27T10:07:47+00:00","breadcrumb":{"@id":"https:\/\/www.fleximat.es\/producto\/racor-hembra-liquid-tight-pg-metalico-ip-67\/#breadcrumb"},"inLanguage":"ja","potentialAction":[{"@type":"ReadAction","target":["https:\/\/www.fleximat.es\/producto\/racor-hembra-liquid-tight-pg-metalico-ip-67\/"]}]},{"@type":"BreadcrumbList","@id":"https:\/\/www.fleximat.es\/producto\/racor-hembra-liquid-tight-pg-metalico-ip-67\/#breadcrumb","itemListElement":[{"@type":"ListItem","position":1,"name":"Portada","item":"https:\/\/www.fleximat.es\/"},{"@type":"ListItem","position":2,"name":"Productos","item":"https:\/\/www.fleximat.es\/en\/productos\/"},{"@type":"ListItem","position":3,"name":"Racor Hembra LIQUID TIGHT PG Met\u00e1lico IP-67"}]},{"@type":"WebSite","@id":"https:\/\/www.fleximat.es\/bn\/#website","url":"https:\/\/www.fleximat.es\/bn\/","name":"Fleximat","description":"Tu soluci\u00f3n en prensaestopas y tubos flexibles","publisher":{"@id":"https:\/\/www.fleximat.es\/bn\/#organization"},"potentialAction":[{"@type":"SearchAction","target":{"@type":"EntryPoint","urlTemplate":"https:\/\/www.fleximat.es\/bn\/?s={search_term_string}"},"query-input":"required name=search_term_string"}],"inLanguage":"ja"},{"@type":"Organization","@id":"https:\/\/www.fleximat.es\/bn\/#organization","name":"Fleximat","url":"https:\/\/www.fleximat.es\/bn\/","logo":{"@type":"ImageObject","inLanguage":"ja","@id":"https:\/\/www.fleximat.es\/bn\/#\/schema\/logo\/image\/","url":"https:\/\/www.fleximat.es\/wp-content\/uploads\/2023\/11\/fleximat-logo-1.png","contentUrl":"https:\/\/www.fleximat.es\/wp-content\/uploads\/2023\/11\/fleximat-logo-1.png","width":1169,"height":289,"caption":"Fleximat"},"image":{"@id":"https:\/\/www.fleximat.es\/bn\/#\/schema\/logo\/image\/"}}]}},"taxonomy_info":{"product_cat":[{"value":68,"label":"Tubos flexibles, racores y accesorios"},{"value":71,"label":"Racores y accesorios met\u00e1licos"}]},"featured_image_src_large":["https:\/\/www.fleximat.es\/wp-content\/uploads\/2023\/10\/racor-hembra-liquid-tight-ip-67-700x524-1.png",600,600,false],"author_info":[],"comment_info":"","_links":{"self":[{"href":"https:\/\/www.fleximat.es\/ja\/wp-json\/wp\/v2\/product\/1712"}],"collection":[{"href":"https:\/\/www.fleximat.es\/ja\/wp-json\/wp\/v2\/product"}],"about":[{"href":"https:\/\/www.fleximat.es\/ja\/wp-json\/wp\/v2\/types\/product"}],"wp:featuredmedia":[{"embeddable":true,"href":"https:\/\/www.fleximat.es\/ja\/wp-json\/wp\/v2\/media\/2991"}],"wp:attachment":[{"href":"https:\/\/www.fleximat.es\/ja\/wp-json\/wp\/v2\/media?parent=1712"}],"wp:term":[{"taxonomy":"product_cat","embeddable":true,"href":"https:\/\/www.fleximat.es\/ja\/wp-json\/wp\/v2\/product_cat?post=1712"},{"taxonomy":"product_tag","embeddable":true,"href":"https:\/\/www.fleximat.es\/ja\/wp-json\/wp\/v2\/product_tag?post=1712"}],"curies":[{"name":"wp","href":"https:\/\/api.w.org\/{rel}","templated":true}]}}