{"id":1765,"date":"2023-10-18T17:54:28","date_gmt":"2023-10-18T15:54:28","guid":{"rendered":"https:\/\/www.fleximat.es\/?post_type=product&#038;p=1765"},"modified":"2023-11-27T10:16:51","modified_gmt":"2023-11-27T09:16:51","slug":"racor-codo-90-metrica-pa6","status":"publish","type":"product","link":"https:\/\/www.fleximat.es\/ja\/product\/racor-codo-90-metrica-pa6\/","title":{"rendered":"\u30e1\u30fc\u30c8\u30eb\u6cd5 90\u00b0 \u30a8\u30eb\u30dc\u7d99\u624b PA6"},"content":{"rendered":"<h4>\u30d7\u30ed\u30d1\u30c6\u30a3<\/h4>\n<p>\u885d\u6483\u3084\u6e29\u5ea6\u306b\u5bfe\u3059\u308b\u9ad8\u3044\u8010\u6027\u3002<br \/>\n\u7d44\u307f\u7acb\u3066\u304c\u7c21\u5358\u5e45\u5e83\u3044\u30b1\u30fc\u30d6\u30eb\u7bc4\u56f2<br \/>\n\u30cf\u30ed\u30b2\u30f3\u30d5\u30ea\u30fc<\/p>\n<h3>\u88fd\u54c1\u8aac\u660e<\/h3>\n<p><span style=\"font-weight: 400;\">\u5927\u578b\u30b1\u30fc\u30d6\u30eb \u30b0\u30e9\u30f3\u30c9 (Maxiprensapas) \u306f\u3001\u7279\u5b9a\u306e\u7528\u9014\u5411\u3051\u306e\u5927\u578b\u30b1\u30fc\u30d6\u30eb \u30b0\u30e9\u30f3\u30c9\u3067\u3059\u3002\u3053\u308c\u3089\u306f\u7279\u5225\u3067\u3001\u30cb\u30c3\u30b1\u30eb\u30e1\u30c3\u30ad\u771f\u936e\u307e\u305f\u306f\u30b9\u30c6\u30f3\u30ec\u30b9\u92fc\u306e\u3044\u305a\u308c\u304b\u306e\u91d1\u5c5e\u3067\u4f5c\u3089\u308c\u3066\u3044\u307e\u3059\u3002<\/span><\/p>\n<p><span style=\"font-weight: 400;\">Maxi \u30b9\u30bf\u30c3\u30d5\u30a3\u30f3\u30b0 \u30dc\u30c3\u30af\u30b9\u306f\u901a\u5e38\u3001\u98a8\u529b\u30bf\u30fc\u30d3\u30f3\u306a\u3069\u3001\u512a\u308c\u305f\u6a5f\u68b0\u7684\u304a\u3088\u3073\u5316\u5b66\u7684\u4fdd\u8b77\u304c\u5fc5\u8981\u306a\u30d7\u30ed\u30b8\u30a7\u30af\u30c8\u3067\u91d1\u5c5e\u30d0\u30fc\u30b8\u30e7\u30f3\u3067\u4f7f\u7528\u3055\u308c\u307e\u3059\u3002\u00a0<\/span><\/p>\n<p><span style=\"font-weight: 400;\">Maxi \u30b1\u30fc\u30d6\u30eb \u30b0\u30e9\u30f3\u30c9\u306f\u3001\u30b1\u30fc\u30d6\u30eb\u7de0\u3081\u4ed8\u3051\u7bc4\u56f2\u304c\u5e83\u3044\u3053\u3068\u304c\u7279\u5fb4\u3067\u3059\u3002\u3053\u308c\u3089\u306e\u90e8\u54c1\u306e\u30b1\u30fc\u30d6\u30eb \u30b5\u30a4\u30ba\u306f\u6700\u5927 60 \uff5e 70 mm (M90 \u307e\u305f\u306f 3 \u30a4\u30f3\u30c1 \u30d0\u30fc\u30b8\u30e7\u30f3) \u3067\u3059\u3002<\/span><\/p>\n<table class=\"table table-bordered table-striped\">\n<thead>\n<tr>\n<td>\u7cf8<\/td>\n<td>\u30b3\u30fc\u30c9<\/td>\n<td>\u3075\u30fc\u3080<\/td>\n<td>GLmm<\/td>\n<td>\u3046\u30fc\u3093<\/td>\n<td>\u3046\u30fc\u3093<\/td>\n<td>\u3093\u3093<\/td>\n<\/tr>\n<\/thead>\n<tbody>\n<tr>\n<td>M63\u00d71.5<\/td>\n<td>OMBG 17<\/td>\n<td>48<\/td>\n<td>15<\/td>\n<td>70<\/td>\n<td>75<\/td>\n<td>45-55<\/td>\n<\/tr>\n<tr>\n<td>M 75\u00d71.5<\/td>\n<td>OMBG 18s<\/td>\n<td>48<\/td>\n<td>20<\/td>\n<td>85<\/td>\n<td>75<\/td>\n<td>45-55<\/td>\n<\/tr>\n<tr>\n<td>M 75\u00d71.5<\/td>\n<td>OMBG 18<\/td>\n<td>58<\/td>\n<td>20<\/td>\n<td>90<\/td>\n<td>90<\/td>\n<td>50-63<\/td>\n<\/tr>\n<tr>\n<td>M 80\u00d72.0<\/td>\n<td>OMBG 1880<\/td>\n<td>58<\/td>\n<td>20<\/td>\n<td>90<\/td>\n<td>90<\/td>\n<td>50-63<\/td>\n<\/tr>\n<tr>\n<td>M 90\u00d72.0<\/td>\n<td>OMBG 19<\/td>\n<td>61<\/td>\n<td>20<\/td>\n<td>100<\/td>\n<td>100<\/td>\n<td>60-70<\/td>\n<\/tr>\n<tr>\n<td>2 1\/2\u00bb<\/td>\n<td>ONBG 18s<\/td>\n<td>48<\/td>\n<td>20<\/td>\n<td>85<\/td>\n<td>75<\/td>\n<td>45-55<\/td>\n<\/tr>\n<tr>\n<td>2 1\/2\u00bb<\/td>\n<td>ONBG 18<\/td>\n<td>58<\/td>\n<td>20<\/td>\n<td>90<\/td>\n<td>90<\/td>\n<td>50-63<\/td>\n<\/tr>\n<tr>\n<td>3&#8243;<\/td>\n<td>ONBG 19<\/td>\n<td>61<\/td>\n<td>20<\/td>\n<td>100<\/td>\n<td>100<\/td>\n<td>60-70<\/td>\n<\/tr>\n<\/tbody>\n<\/table>","protected":false},"excerpt":{"rendered":"<h3>\u7279\u5fb4<\/h3>\n<table>\n<tbody>\n<tr>\n<td><strong>\u30dc\u30f3\u30cd\u30c3\u30c8<\/strong><\/td>\n<td>\u30cb\u30c3\u30b1\u30eb\u30e1\u30c3\u30ad\u771f\u936e<\/td>\n<\/tr>\n<tr>\n<td><strong>\u30b7\u30fc\u30eb\u30ac\u30b9\u30b1\u30c3\u30c8<\/strong><\/td>\n<td>EPDM<\/td>\n<\/tr>\n<tr>\n<td><strong>O\u30ea\u30f3\u30b0<\/strong><\/td>\n<td>NBR<\/td>\n<\/tr>\n<tr>\n<td><strong>\u306d\u3058\u306e\u7a2e\u985e<\/strong><\/td>\n<td>\u30e1\u30fc\u30c8\u30eb\u6cd5 (EN 60423)<\/td>\n<\/tr>\n<tr>\n<td><strong>\u304d\u3064\u3055<\/strong><\/td>\n<td>IP68<\/td>\n<\/tr>\n<tr>\n<td><strong>\u9023\u7d9a\u4f7f\u7528\u6e29\u5ea6<\/strong><\/td>\n<td>-40\u2103 +140\u2103 +150\u2103\uff08\u4e00\u6642\u7684\uff09<\/td>\n<\/tr>\n<\/tbody>\n<\/table>","protected":false},"featured_media":2978,"template":"","meta":{"_kad_blocks_custom_css":"","_kad_blocks_head_custom_js":"","_kad_blocks_body_custom_js":"","_kad_blocks_footer_custom_js":"","_kadence_starter_templates_imported_post":false,"_kad_post_transparent":"default","_kad_post_title":"","_kad_post_layout":"default","_kad_post_sidebar_id":"","_kad_post_content_style":"default","_kad_post_vertical_padding":"default","_kad_post_feature":"","_kad_post_feature_position":"","_kad_post_header":false,"_kad_post_footer":false},"product_cat":[68,82],"product_tag":[],"class_list":{"0":"post-1765","1":"product","2":"type-product","3":"status-publish","4":"has-post-thumbnail","6":"product_cat-tubos-flexibles-racores-y-accesorios","7":"product_cat-racores-y-accesorios","9":"first","10":"instock","11":"shipping-taxable","12":"product-type-simple","13":"entry","14":"content-bg","15":"loop-entry"},"yoast_head":"<!-- This site is optimized with the Yoast SEO plugin v21.7 - https:\/\/yoast.com\/wordpress\/plugins\/seo\/ -->\n<title>Racor Codo 90\u00b0 M\u00e9trica PA6 - Fleximat<\/title>\n<meta name=\"robots\" content=\"index, follow, max-snippet:-1, max-image-preview:large, max-video-preview:-1\" \/>\n<link rel=\"canonical\" href=\"https:\/\/www.fleximat.es\/ja\/product\/racor-codo-90-metrica-pa6\/\" \/>\n<meta property=\"og:locale\" content=\"ja_JP\" \/>\n<meta property=\"og:type\" content=\"article\" \/>\n<meta property=\"og:title\" content=\"Racor Codo 90\u00b0 M\u00e9trica PA6 - Fleximat\" \/>\n<meta property=\"og:description\" content=\"Caracter\u00edsticas    Sombrerete Lat\u00f3n Niquelado   Junta de sellado EPDM   Junta t\u00f3rica NBR   Tipo de Rosca M\u00e9trica (EN 60423)   Estanqueidad IP68   Temperatura de trabajo continua -40 \u00baC +140 \u00baC +150 \u00baC (temporal)\" \/>\n<meta property=\"og:url\" content=\"https:\/\/www.fleximat.es\/ja\/product\/racor-codo-90-metrica-pa6\/\" \/>\n<meta property=\"og:site_name\" content=\"Fleximat\" \/>\n<meta property=\"article:modified_time\" content=\"2023-11-27T09:16:51+00:00\" \/>\n<meta property=\"og:image\" content=\"https:\/\/www.fleximat.es\/wp-content\/uploads\/2023\/10\/racor-codo-gris.png\" \/>\n\t<meta property=\"og:image:width\" content=\"683\" \/>\n\t<meta property=\"og:image:height\" content=\"683\" \/>\n\t<meta property=\"og:image:type\" content=\"image\/png\" \/>\n<meta name=\"twitter:card\" content=\"summary_large_image\" \/>\n<meta name=\"twitter:label1\" content=\"\u63a8\u5b9a\u8aad\u307f\u53d6\u308a\u6642\u9593\" \/>\n\t<meta name=\"twitter:data1\" content=\"1\u5206\" \/>\n<script type=\"application\/ld+json\" class=\"yoast-schema-graph\">{\"@context\":\"https:\/\/schema.org\",\"@graph\":[{\"@type\":\"WebPage\",\"@id\":\"https:\/\/www.fleximat.es\/producto\/racor-codo-90-metrica-pa6\/\",\"url\":\"https:\/\/www.fleximat.es\/producto\/racor-codo-90-metrica-pa6\/\",\"name\":\"Racor Codo 90\u00b0 M\u00e9trica PA6 - Fleximat\",\"isPartOf\":{\"@id\":\"https:\/\/www.fleximat.es\/bn\/#website\"},\"datePublished\":\"2023-10-18T15:54:28+00:00\",\"dateModified\":\"2023-11-27T09:16:51+00:00\",\"breadcrumb\":{\"@id\":\"https:\/\/www.fleximat.es\/producto\/racor-codo-90-metrica-pa6\/#breadcrumb\"},\"inLanguage\":\"ja\",\"potentialAction\":[{\"@type\":\"ReadAction\",\"target\":[\"https:\/\/www.fleximat.es\/producto\/racor-codo-90-metrica-pa6\/\"]}]},{\"@type\":\"BreadcrumbList\",\"@id\":\"https:\/\/www.fleximat.es\/producto\/racor-codo-90-metrica-pa6\/#breadcrumb\",\"itemListElement\":[{\"@type\":\"ListItem\",\"position\":1,\"name\":\"Portada\",\"item\":\"https:\/\/www.fleximat.es\/\"},{\"@type\":\"ListItem\",\"position\":2,\"name\":\"Productos\",\"item\":\"https:\/\/www.fleximat.es\/en\/productos\/\"},{\"@type\":\"ListItem\",\"position\":3,\"name\":\"Racor Codo 90\u00b0 M\u00e9trica PA6\"}]},{\"@type\":\"WebSite\",\"@id\":\"https:\/\/www.fleximat.es\/bn\/#website\",\"url\":\"https:\/\/www.fleximat.es\/bn\/\",\"name\":\"Fleximat\",\"description\":\"Tu soluci\u00f3n en prensaestopas y tubos flexibles\",\"publisher\":{\"@id\":\"https:\/\/www.fleximat.es\/bn\/#organization\"},\"potentialAction\":[{\"@type\":\"SearchAction\",\"target\":{\"@type\":\"EntryPoint\",\"urlTemplate\":\"https:\/\/www.fleximat.es\/bn\/?s={search_term_string}\"},\"query-input\":\"required name=search_term_string\"}],\"inLanguage\":\"ja\"},{\"@type\":\"Organization\",\"@id\":\"https:\/\/www.fleximat.es\/bn\/#organization\",\"name\":\"Fleximat\",\"url\":\"https:\/\/www.fleximat.es\/bn\/\",\"logo\":{\"@type\":\"ImageObject\",\"inLanguage\":\"ja\",\"@id\":\"https:\/\/www.fleximat.es\/bn\/#\/schema\/logo\/image\/\",\"url\":\"https:\/\/www.fleximat.es\/wp-content\/uploads\/2023\/11\/fleximat-logo-1.png\",\"contentUrl\":\"https:\/\/www.fleximat.es\/wp-content\/uploads\/2023\/11\/fleximat-logo-1.png\",\"width\":1169,\"height\":289,\"caption\":\"Fleximat\"},\"image\":{\"@id\":\"https:\/\/www.fleximat.es\/bn\/#\/schema\/logo\/image\/\"}}]}<\/script>\n<!-- \/ Yoast SEO plugin. -->","yoast_head_json":{"title":"Racor Codo 90\u00b0 M\u00e9trica PA6 - Fleximat","robots":{"index":"index","follow":"follow","max-snippet":"max-snippet:-1","max-image-preview":"max-image-preview:large","max-video-preview":"max-video-preview:-1"},"canonical":"https:\/\/www.fleximat.es\/ja\/product\/racor-codo-90-metrica-pa6\/","og_locale":"ja_JP","og_type":"article","og_title":"Racor Codo 90\u00b0 M\u00e9trica PA6 - Fleximat","og_description":"Caracter\u00edsticas    Sombrerete Lat\u00f3n Niquelado   Junta de sellado EPDM   Junta t\u00f3rica NBR   Tipo de Rosca M\u00e9trica (EN 60423)   Estanqueidad IP68   Temperatura de trabajo continua -40 \u00baC +140 \u00baC +150 \u00baC (temporal)","og_url":"https:\/\/www.fleximat.es\/ja\/product\/racor-codo-90-metrica-pa6\/","og_site_name":"Fleximat","article_modified_time":"2023-11-27T09:16:51+00:00","og_image":[{"width":683,"height":683,"url":"https:\/\/www.fleximat.es\/wp-content\/uploads\/2023\/10\/racor-codo-gris.png","type":"image\/png"}],"twitter_card":"summary_large_image","twitter_misc":{"\u63a8\u5b9a\u8aad\u307f\u53d6\u308a\u6642\u9593":"1\u5206"},"schema":{"@context":"https:\/\/schema.org","@graph":[{"@type":"WebPage","@id":"https:\/\/www.fleximat.es\/producto\/racor-codo-90-metrica-pa6\/","url":"https:\/\/www.fleximat.es\/producto\/racor-codo-90-metrica-pa6\/","name":"Racor Codo 90\u00b0 M\u00e9trica PA6 - Fleximat","isPartOf":{"@id":"https:\/\/www.fleximat.es\/bn\/#website"},"datePublished":"2023-10-18T15:54:28+00:00","dateModified":"2023-11-27T09:16:51+00:00","breadcrumb":{"@id":"https:\/\/www.fleximat.es\/producto\/racor-codo-90-metrica-pa6\/#breadcrumb"},"inLanguage":"ja","potentialAction":[{"@type":"ReadAction","target":["https:\/\/www.fleximat.es\/producto\/racor-codo-90-metrica-pa6\/"]}]},{"@type":"BreadcrumbList","@id":"https:\/\/www.fleximat.es\/producto\/racor-codo-90-metrica-pa6\/#breadcrumb","itemListElement":[{"@type":"ListItem","position":1,"name":"Portada","item":"https:\/\/www.fleximat.es\/"},{"@type":"ListItem","position":2,"name":"Productos","item":"https:\/\/www.fleximat.es\/en\/productos\/"},{"@type":"ListItem","position":3,"name":"Racor Codo 90\u00b0 M\u00e9trica PA6"}]},{"@type":"WebSite","@id":"https:\/\/www.fleximat.es\/bn\/#website","url":"https:\/\/www.fleximat.es\/bn\/","name":"Fleximat","description":"Tu soluci\u00f3n en prensaestopas y tubos flexibles","publisher":{"@id":"https:\/\/www.fleximat.es\/bn\/#organization"},"potentialAction":[{"@type":"SearchAction","target":{"@type":"EntryPoint","urlTemplate":"https:\/\/www.fleximat.es\/bn\/?s={search_term_string}"},"query-input":"required name=search_term_string"}],"inLanguage":"ja"},{"@type":"Organization","@id":"https:\/\/www.fleximat.es\/bn\/#organization","name":"Fleximat","url":"https:\/\/www.fleximat.es\/bn\/","logo":{"@type":"ImageObject","inLanguage":"ja","@id":"https:\/\/www.fleximat.es\/bn\/#\/schema\/logo\/image\/","url":"https:\/\/www.fleximat.es\/wp-content\/uploads\/2023\/11\/fleximat-logo-1.png","contentUrl":"https:\/\/www.fleximat.es\/wp-content\/uploads\/2023\/11\/fleximat-logo-1.png","width":1169,"height":289,"caption":"Fleximat"},"image":{"@id":"https:\/\/www.fleximat.es\/bn\/#\/schema\/logo\/image\/"}}]}},"taxonomy_info":{"product_cat":[{"value":68,"label":"Tubos flexibles, racores y accesorios"},{"value":82,"label":"Racores y accesorios"}]},"featured_image_src_large":["https:\/\/www.fleximat.es\/wp-content\/uploads\/2023\/10\/racor-codo-gris.png",683,683,false],"author_info":[],"comment_info":"","_links":{"self":[{"href":"https:\/\/www.fleximat.es\/ja\/wp-json\/wp\/v2\/product\/1765"}],"collection":[{"href":"https:\/\/www.fleximat.es\/ja\/wp-json\/wp\/v2\/product"}],"about":[{"href":"https:\/\/www.fleximat.es\/ja\/wp-json\/wp\/v2\/types\/product"}],"wp:featuredmedia":[{"embeddable":true,"href":"https:\/\/www.fleximat.es\/ja\/wp-json\/wp\/v2\/media\/2978"}],"wp:attachment":[{"href":"https:\/\/www.fleximat.es\/ja\/wp-json\/wp\/v2\/media?parent=1765"}],"wp:term":[{"taxonomy":"product_cat","embeddable":true,"href":"https:\/\/www.fleximat.es\/ja\/wp-json\/wp\/v2\/product_cat?post=1765"},{"taxonomy":"product_tag","embeddable":true,"href":"https:\/\/www.fleximat.es\/ja\/wp-json\/wp\/v2\/product_tag?post=1765"}],"curies":[{"name":"wp","href":"https:\/\/api.w.org\/{rel}","templated":true}]}}