{"id":1772,"date":"2023-10-18T17:54:29","date_gmt":"2023-10-18T15:54:29","guid":{"rendered":"https:\/\/www.fleximat.es\/?post_type=product&#038;p=1772"},"modified":"2023-10-25T09:08:02","modified_gmt":"2023-10-25T07:08:02","slug":"prensaestopas-atex-sin-armar-antitorsion","status":"publish","type":"product","link":"https:\/\/www.fleximat.es\/ja\/product\/prensaestopas-atex-sin-armar-antitorsion\/","title":{"rendered":"ATEX \u30b1\u30fc\u30d6\u30eb \u30b0\u30e9\u30f3\u30c9\u672a\u7d44\u7acb\u306d\u3058\u308a\u9632\u6b62"},"content":{"rendered":"<h3>\u88fd\u54c1\u8aac\u660e<\/h3>\n<p><span style=\"font-weight: 400;\">ATEX \u306d\u3058\u308c\u9632\u6b62\u30b1\u30fc\u30d6\u30eb \u30b0\u30e9\u30f3\u30c9\u306f\u3001\u5206\u985e\u3055\u308c\u305f\u5371\u967a\u306a\u74b0\u5883\u5411\u3051\u306e\u7279\u5225\u306b\u5f37\u5316\u3055\u308c\u305f\u4fdd\u8b77\u30b1\u30fc\u30d6\u30eb \u30b0\u30e9\u30f3\u30c9\u306e\u4e00\u7a2e\u3067\u3059\u3002\u901a\u5e38\u3001\u30cb\u30c3\u30b1\u30eb\u30e1\u30c3\u30ad\u306e\u771f\u936e\u307e\u305f\u306f\u30b9\u30c6\u30f3\u30ec\u30b9\u92fc\u3067\u4f5c\u3089\u308c\u3066\u3044\u307e\u3059\u3002 <\/span><span style=\"font-weight: 400;\">.<\/span><\/p>\n<p>\u30b1\u30fc\u30d6\u30eb\u306b\u554f\u984c\u304c\u751f\u3058\u308b\u53ef\u80fd\u6027\u304c\u3042\u308b\u7279\u6b8a\u306a\u7528\u9014\u5411\u3051\u306b\u3001 <span style=\"font-weight: 400;\">ATEX \u306d\u3058\u308c\u9632\u6b62\u30b1\u30fc\u30d6\u30eb\u30b0\u30e9\u30f3\u30c9\u3002<\/span><\/p>\n<p><span style=\"font-weight: 400;\">ATEX \u88fd\u54c1\u306e\u7528\u9014\u4f8b\u3068\u3057\u3066\u306f\u3001\u5316\u5b66\u539f\u6599\u5009\u5eab\u3001\u5857\u88c5\u30d6\u30fc\u30b9\u3001\u7206\u767a\u6027\u6db2\u4f53\u53d6\u308a\u6271\u3044\u30a8\u30ea\u30a2\u3001\u5de5\u5834\u3001\u77f3\u70ad\u51e6\u7406\u30d7\u30e9\u30f3\u30c8\u3001\u80a5\u6599\u30d7\u30e9\u30f3\u30c8\u306a\u3069\u304c\u3042\u308a\u307e\u3059\u3002<\/span><\/p>\n<table>\n<tbody>\n<tr>\n<td class=\"xl78\" width=\"116\" height=\"60\">\u30b5\u30a4\u30ba<\/td>\n<td class=\"xl78\" width=\"150\">\u30b3\u30fc\u30c9<\/td>\n<td class=\"xl78\" width=\"98\">\u30e1\u30fc\u30c8\u30eb\u306d\u3058<\/td>\n<td class=\"xl78\" width=\"106\">\u306d\u3058\u5f84<\/td>\n<td class=\"xl78\" width=\"90\">h<\/p>\n<p>\u3093\u3093<\/td>\n<td class=\"xl78\" width=\"90\">\u62e1\u5f35<\/p>\n<p>GLmm<\/td>\n<td class=\"xl78\" width=\"90\">EXE<\/p>\n<p>GLmm<\/td>\n<td class=\"xl78\" width=\"90\">b<\/p>\n<p>\u3093\u3093<\/td>\n<td class=\"xl78\" width=\"90\">c<\/p>\n<p>\u3093\u3093<\/td>\n<td class=\"xl78\" width=\"75\">\u30b1\u30fc\u30d6\u30eb\u5bb9\u91cf mm<\/td>\n<\/tr>\n<tr>\n<td class=\"xl67\" height=\"23\">12<\/td>\n<td class=\"xl67\">STexXX\/12\/X<\/td>\n<td class=\"xl67\">M12\u00d71.5<\/td>\n<td class=\"xl68\">6,8<\/td>\n<td class=\"xl67\">55<\/td>\n<td class=\"xl67\">15<\/td>\n<td class=\"xl68\">6<\/td>\n<td class=\"xl67\">14<\/td>\n<td class=\"xl67\">14<\/td>\n<td class=\"xl68\">3 &#8211; 6,5<\/td>\n<\/tr>\n<tr>\n<td class=\"xl67\" height=\"23\">16<\/td>\n<td class=\"xl67\">STexXX\/16\/X<\/td>\n<td class=\"xl67\">M16\u00d71.5<\/td>\n<td class=\"xl68\">8,2<\/td>\n<td class=\"xl67\">66<\/td>\n<td class=\"xl67\">15<\/td>\n<td class=\"xl68\">7<\/td>\n<td class=\"xl67\">18<\/td>\n<td class=\"xl67\">17<\/td>\n<td class=\"xl68\">4 &#8211; 8<\/td>\n<\/tr>\n<tr>\n<td class=\"xl67\" height=\"23\">20<\/td>\n<td class=\"xl67\">STexXX\/20\/X<\/td>\n<td class=\"xl67\">M20\u00d71.5<\/td>\n<td class=\"xl68\">12,3<\/td>\n<td class=\"xl67\">88<\/td>\n<td class=\"xl67\">15<\/td>\n<td class=\"xl68\">8<\/td>\n<td class=\"xl67\">22<\/td>\n<td class=\"xl67\">22<\/td>\n<td class=\"xl68\">6 &#8211; 12<\/td>\n<\/tr>\n<tr>\n<td class=\"xl67\" height=\"23\">25<\/td>\n<td class=\"xl67\">STexXX\/25\/X<\/td>\n<td class=\"xl67\">M25\u00d71.5<\/td>\n<td class=\"xl68\">14,3<\/td>\n<td class=\"xl67\">98<\/td>\n<td class=\"xl67\">15<\/td>\n<td class=\"xl68\">8<\/td>\n<td class=\"xl67\">27<\/td>\n<td class=\"xl67\">24<\/td>\n<td class=\"xl68\">10 &#8211; 14<\/td>\n<\/tr>\n<tr>\n<td class=\"xl67\" height=\"23\">32<\/td>\n<td class=\"xl67\">STexXX\/32\/X<\/td>\n<td class=\"xl67\">M32\u00d71.5<\/td>\n<td class=\"xl68\">18,4<\/td>\n<td class=\"xl67\">111<\/td>\n<td class=\"xl67\">15<\/td>\n<td class=\"xl68\">9<\/td>\n<td class=\"xl67\">34<\/td>\n<td class=\"xl67\">30<\/td>\n<td class=\"xl68\">13 &#8211; 18<\/td>\n<\/tr>\n<tr>\n<td class=\"xl67\" height=\"23\"><\/td>\n<td class=\"xl67\"><\/td>\n<td class=\"xl67\"><\/td>\n<td class=\"xl68\"><\/td>\n<td class=\"xl67\"><\/td>\n<td class=\"xl67\"><\/td>\n<td class=\"xl68\"><\/td>\n<td class=\"xl67\"><\/td>\n<td class=\"xl67\"><\/td>\n<td class=\"xl68\"><\/td>\n<\/tr>\n<tr>\n<td class=\"xl75\" height=\"19\">12<\/td>\n<td class=\"xl76\">STexXX\/12\/X<\/td>\n<td class=\"xl76\">PG7<\/td>\n<td class=\"xl77\">6,8<\/td>\n<td class=\"xl76\">55<\/td>\n<td class=\"xl76\">15<\/td>\n<td class=\"xl76\">666<\/td>\n<td class=\"xl76\" colspan=\"2\">14<\/td>\n<td class=\"xl77\">3 &#8211; 6,5<\/td>\n<\/tr>\n<tr>\n<td class=\"xl72\" height=\"19\">16<\/td>\n<td class=\"xl73\">STexXX\/16\/X<\/td>\n<td class=\"xl73\">PG9<\/td>\n<td class=\"xl74\">8,2<\/td>\n<td class=\"xl73\">66<\/td>\n<td class=\"xl73\">15<\/td>\n<td class=\"xl73\">6,5<\/td>\n<td class=\"xl73\" colspan=\"2\">17<\/td>\n<td class=\"xl74\">4 &#8211; 8<\/td>\n<\/tr>\n<tr>\n<td class=\"xl75\" height=\"19\">16<\/td>\n<td class=\"xl76\">STexXX\/16\/X<\/td>\n<td class=\"xl76\">PG11<\/td>\n<td class=\"xl77\">10,3<\/td>\n<td class=\"xl76\">77<\/td>\n<td class=\"xl76\">15<\/td>\n<td class=\"xl76\">6,5<\/td>\n<td class=\"xl76\" colspan=\"2\">20<\/td>\n<td class=\"xl77\">5 &#8211; 10<\/td>\n<\/tr>\n<tr>\n<td class=\"xl72\" height=\"19\">20<\/td>\n<td class=\"xl73\">STexXX\/20\/X<\/td>\n<td class=\"xl73\">GP13.5<\/td>\n<td class=\"xl74\">12,3<\/td>\n<td class=\"xl73\">88<\/td>\n<td class=\"xl73\">15<\/td>\n<td class=\"xl73\">7<\/td>\n<td class=\"xl73\" colspan=\"2\">22<\/td>\n<td class=\"xl74\">6 &#8211; 12<\/td>\n<\/tr>\n<tr>\n<td class=\"xl75\" height=\"19\">25<\/td>\n<td class=\"xl76\">STexXX\/25\/X<\/td>\n<td class=\"xl76\">PG16<\/td>\n<td class=\"xl77\">14,3<\/td>\n<td class=\"xl76\">98<\/td>\n<td class=\"xl76\">15<\/td>\n<td class=\"xl76\">43<\/td>\n<td class=\"xl76\" colspan=\"2\">24<\/td>\n<td class=\"xl77\">10 &#8211; 14<\/td>\n<\/tr>\n<tr>\n<td class=\"xl72\" height=\"19\">32<\/td>\n<td class=\"xl73\">STexXX\/32\/X<\/td>\n<td class=\"xl73\">PG21<\/td>\n<td class=\"xl74\">18,4<\/td>\n<td class=\"xl73\">111<\/td>\n<td class=\"xl73\">15<\/td>\n<td class=\"xl73\">55<\/td>\n<td class=\"xl73\" colspan=\"2\">30<\/td>\n<td class=\"xl74\">13 &#8211; 18<\/td>\n<\/tr>\n<tr>\n<td class=\"xl79\" colspan=\"10\" height=\"38\">NPT \u304a\u3088\u3073\u30ac\u30b9 \u30b9\u30ec\u30c3\u30c9<\/td>\n<\/tr>\n<tr>\n<td class=\"xl69\" height=\"19\">12<\/td>\n<td class=\"xl70\">STexXX\/12\/X<\/td>\n<td class=\"xl70\">NPT1\/4\u30a4\u30f3\u30c1<\/td>\n<td class=\"xl71\">6,8<\/td>\n<td class=\"xl70\">55<\/td>\n<td class=\"xl70\">15<\/td>\n<td class=\"xl71\">&#8211;<\/td>\n<td class=\"xl70\">14<\/td>\n<td class=\"xl70\">14<\/td>\n<td class=\"xl71\">3 &#8211; 6,5<\/td>\n<\/tr>\n<tr>\n<td class=\"xl72\" height=\"19\">16<\/td>\n<td class=\"xl73\">STexXX\/16\/X<\/td>\n<td class=\"xl73\">NPT3\/8\u30a4\u30f3\u30c1<\/td>\n<td class=\"xl74\">8,2<\/td>\n<td class=\"xl73\">66<\/td>\n<td class=\"xl73\">15<\/td>\n<td class=\"xl74\">&#8211;<\/td>\n<td class=\"xl73\">18<\/td>\n<td class=\"xl73\">17<\/td>\n<td class=\"xl74\">4 &#8211; 8<\/td>\n<\/tr>\n<tr>\n<td class=\"xl75\" height=\"19\">16<\/td>\n<td class=\"xl76\">STexXX\/16\/X<\/td>\n<td class=\"xl76\">NPT1\/2\u30a4\u30f3\u30c1<\/td>\n<td class=\"xl77\">10,3<\/td>\n<td class=\"xl76\">77<\/td>\n<td class=\"xl76\">15<\/td>\n<td class=\"xl77\">&#8211;<\/td>\n<td class=\"xl76\">22<\/td>\n<td class=\"xl76\">20<\/td>\n<td class=\"xl77\">5 &#8211; 10<\/td>\n<\/tr>\n<tr>\n<td class=\"xl72\" height=\"19\">20<\/td>\n<td class=\"xl73\">STexXX\/20\/X<\/td>\n<td class=\"xl73\">NPT1\/2\u30a4\u30f3\u30c1<\/td>\n<td class=\"xl74\">12,3<\/td>\n<td class=\"xl73\">88<\/td>\n<td class=\"xl73\">15<\/td>\n<td class=\"xl74\">&#8211;<\/td>\n<td class=\"xl73\">22<\/td>\n<td class=\"xl73\">22<\/td>\n<td class=\"xl74\">6 &#8211; 12<\/td>\n<\/tr>\n<tr>\n<td class=\"xl76\" height=\"19\">25<\/td>\n<td class=\"xl76\">STexXX\/25\/X<\/td>\n<td class=\"xl76\">NPT3\/4\u30a4\u30f3\u30c1<\/td>\n<td class=\"xl77\">14,3<\/td>\n<td class=\"xl76\">98<\/td>\n<td class=\"xl76\">15<\/td>\n<td class=\"xl77\">&#8211;<\/td>\n<td class=\"xl76\">27<\/td>\n<td class=\"xl76\">24<\/td>\n<td class=\"xl77\">10 &#8211; 14<\/td>\n<\/tr>\n<tr>\n<td class=\"xl73\" height=\"19\">32<\/td>\n<td class=\"xl73\">STexXX\/32\/X<\/td>\n<td class=\"xl73\">NPT1\u30a4\u30f3\u30c1<\/td>\n<td class=\"xl74\">18,4<\/td>\n<td class=\"xl73\">111<\/td>\n<td class=\"xl73\">15<\/td>\n<td class=\"xl74\">&#8211;<\/td>\n<td class=\"xl73\">34<\/td>\n<td class=\"xl73\">30<\/td>\n<td class=\"xl74\">13 &#8211; 18<\/td>\n<\/tr>\n<tr>\n<td height=\"19\"><\/td>\n<td><\/td>\n<td><\/td>\n<td><\/td>\n<td><\/td>\n<td><\/td>\n<td><\/td>\n<td><\/td>\n<td><\/td>\n<td><\/td>\n<\/tr>\n<tr>\n<td class=\"xl69\" height=\"19\">12<\/td>\n<td class=\"xl70\">STexXX\/12\/X<\/td>\n<td class=\"xl70\">\u30ac\u30b91\/4\u30a4\u30f3\u30c1<\/td>\n<td class=\"xl71\">6,8<\/td>\n<td class=\"xl70\">55<\/td>\n<td class=\"xl70\">15<\/td>\n<td class=\"xl71\">&#8211;<\/td>\n<td class=\"xl70\">14<\/td>\n<td class=\"xl70\">14<\/td>\n<td class=\"xl71\">3 &#8211; 6,5<\/td>\n<\/tr>\n<tr>\n<td class=\"xl72\" height=\"19\">16<\/td>\n<td class=\"xl73\">STexXX\/16\/X<\/td>\n<td class=\"xl73\">\u30ac\u30b93\/8\u30a4\u30f3\u30c1<\/td>\n<td class=\"xl74\">8,2<\/td>\n<td class=\"xl73\">66<\/td>\n<td class=\"xl73\">15<\/td>\n<td class=\"xl74\">&#8211;<\/td>\n<td class=\"xl73\">18<\/td>\n<td class=\"xl73\">17<\/td>\n<td class=\"xl74\">4 &#8211; 8<\/td>\n<\/tr>\n<tr>\n<td class=\"xl75\" height=\"19\">16<\/td>\n<td class=\"xl76\">STexXX\/16\/X<\/td>\n<td class=\"xl76\">\u30ac\u30b93\/8\u30a4\u30f3\u30c1<\/td>\n<td class=\"xl77\">10,3<\/td>\n<td class=\"xl76\">77<\/td>\n<td class=\"xl76\">15<\/td>\n<td class=\"xl77\">&#8211;<\/td>\n<td class=\"xl76\">20<\/td>\n<td class=\"xl76\">20<\/td>\n<td class=\"xl77\">5 &#8211; 10<\/td>\n<\/tr>\n<tr>\n<td class=\"xl72\" height=\"19\">20<\/td>\n<td class=\"xl73\">STexXX\/20\/X<\/td>\n<td class=\"xl73\">\u30ac\u30b91\/2\u30a4\u30f3\u30c1<\/td>\n<td class=\"xl74\">12,3<\/td>\n<td class=\"xl73\">88<\/td>\n<td class=\"xl73\">15<\/td>\n<td class=\"xl74\">&#8211;<\/td>\n<td class=\"xl73\">22<\/td>\n<td class=\"xl73\">22<\/td>\n<td class=\"xl74\">6 &#8211; 12<\/td>\n<\/tr>\n<tr>\n<td class=\"xl76\" height=\"19\">25<\/td>\n<td class=\"xl76\">STexXX\/25\/X<\/td>\n<td class=\"xl76\">\u30ac\u30b93\/4\u30a4\u30f3\u30c1<\/td>\n<td class=\"xl77\">14,3<\/td>\n<td class=\"xl76\">98<\/td>\n<td class=\"xl76\">15<\/td>\n<td class=\"xl77\">&#8211;<\/td>\n<td class=\"xl76\">27<\/td>\n<td class=\"xl76\">24<\/td>\n<td class=\"xl77\">10 &#8211; 14<\/td>\n<\/tr>\n<tr>\n<td class=\"xl73\" height=\"19\">32<\/td>\n<td class=\"xl73\">STexXX\/32\/X<\/td>\n<td class=\"xl73\">\u30ac\u30b91\u2033<\/td>\n<td class=\"xl74\">18,4<\/td>\n<td class=\"xl73\">111<\/td>\n<td class=\"xl73\">15<\/td>\n<td class=\"xl74\">&#8211;<\/td>\n<td class=\"xl73\">34<\/td>\n<td class=\"xl73\">30<\/td>\n<td class=\"xl74\">13 &#8211; 18<\/td>\n<\/tr>\n<\/tbody>\n<\/table>","protected":false},"excerpt":{"rendered":"<h3>\u7279\u5fb4<\/h3>\n<table>\n<tbody>\n<tr>\n<td><strong>\u4fdd\u8b77\u30ec\u30d9\u30eb<\/strong><\/td>\n<td>:<\/td>\n<td>II 2G Ex eb IIC Gb II 2D Ex tb IIIC Db<\/td>\n<\/tr>\n<tr>\n<td><strong>\u8a3c\u660e\u66f8\u00a0<\/strong><\/td>\n<td>:<\/td>\n<td>IEP 20 ATEX 0750 X ATEX\u3001ROHS\u3001CE\u3001PT\u3001TUV<\/td>\n<\/tr>\n<tr>\n<td><strong>\u4f53<\/strong><\/td>\n<td>:<\/td>\n<td>\u30dd\u30ea\u30a2\u30df\u30c9PA6<\/td>\n<\/tr>\n<tr>\n<td><strong>\u7cf8<\/strong><\/td>\n<td>:<\/td>\n<td>PG (DIN 40430)<\/td>\n<\/tr>\n<tr>\n<td><strong>\u8272<\/strong><\/td>\n<td>:<\/td>\n<td>\u30d6\u30eb\u30fc (RAL 5012)<\/td>\n<\/tr>\n<tr>\n<td><strong>\u6a19\u6e96<\/strong><\/td>\n<td>:<\/td>\n<td>EN 60079-0\u300160079-7\u300160079-31<\/td>\n<\/tr>\n<tr>\n<td><strong>\u304d\u3064\u3055<\/strong><\/td>\n<td>:<\/td>\n<td>IP68 5\u30d0\u30fc\u30eb<\/td>\n<\/tr>\n<tr>\n<td><strong>\u4f5c\u696d\u6e29\u5ea6<\/strong><\/td>\n<td>:<\/td>\n<td>-30\u2103 +100\u2103<\/td>\n<\/tr>\n<tr>\n<td><strong>\u30a2\u30d7\u30ea\u30b1\u30fc\u30b7\u30e7\u30f3<\/strong><\/td>\n<td>:<\/td>\n<td>ZONE1\u3001ZONE2\u3001ZONE21\u3001ZONE22\u3001\u30ac\u30b9\u30b0\u30eb\u30fc\u30d7IIA\u3001IIB\u3001IIC<\/td>\n<\/tr>\n<\/tbody>\n<\/table>","protected":false},"featured_media":1827,"template":"","meta":{"_kad_blocks_custom_css":"","_kad_blocks_head_custom_js":"","_kad_blocks_body_custom_js":"","_kad_blocks_footer_custom_js":"","_kadence_starter_templates_imported_post":false,"_kad_post_transparent":"default","_kad_post_title":"","_kad_post_layout":"default","_kad_post_sidebar_id":"","_kad_post_content_style":"default","_kad_post_vertical_padding":"default","_kad_post_feature":"","_kad_post_feature_position":"","_kad_post_header":false,"_kad_post_footer":false},"product_cat":[84,85],"product_tag":[],"class_list":{"0":"post-1772","1":"product","2":"type-product","3":"status-publish","4":"has-post-thumbnail","6":"product_cat-prensaestopas-y-accesorios-atex","7":"product_cat-prensaestopas-atex","9":"first","10":"instock","11":"shipping-taxable","12":"product-type-simple","13":"entry","14":"content-bg","15":"loop-entry"},"yoast_head":"<!-- This site is optimized with the Yoast SEO plugin v21.7 - https:\/\/yoast.com\/wordpress\/plugins\/seo\/ -->\n<title>Prensaestopas ATEX Sin Armar Antitorsi\u00f3n - Fleximat<\/title>\n<meta name=\"robots\" content=\"index, follow, max-snippet:-1, max-image-preview:large, max-video-preview:-1\" \/>\n<link rel=\"canonical\" href=\"https:\/\/www.fleximat.es\/ja\/product\/prensaestopas-atex-sin-armar-antitorsion\/\" \/>\n<meta property=\"og:locale\" content=\"ja_JP\" \/>\n<meta property=\"og:type\" content=\"article\" \/>\n<meta property=\"og:title\" content=\"Prensaestopas ATEX Sin Armar Antitorsi\u00f3n - Fleximat\" \/>\n<meta property=\"og:description\" content=\"Caracter\u00edsticas    Nivel Protecci\u00f3n : II 2G Ex eb IIC Gb II 2D Ex tb IIIC Db   Certificado\u00a0 : IEP 20 ATEX 0750 X ATEX, ROHS, CE, PT, TUV   Cuerpo : Poliamida PA6   Rosca : PG (DIN 40430)   Color : Azul (RAL 5012)   Est\u00e1ndar : EN 60079-0, 60079-7, 60079-31   Estanqueidad : IP68 5 Bar   Temperatura de trabajo : -30 \u00b0C +100 \u00b0C   Aplicaciones : ZONE1, ZONE2, ZONE21, ZONE22, Gas Group IIA, IIB, IIC\" \/>\n<meta property=\"og:url\" content=\"https:\/\/www.fleximat.es\/ja\/product\/prensaestopas-atex-sin-armar-antitorsion\/\" \/>\n<meta property=\"og:site_name\" content=\"Fleximat\" \/>\n<meta property=\"article:modified_time\" content=\"2023-10-25T07:08:02+00:00\" \/>\n<meta property=\"og:image\" content=\"https:\/\/www.fleximat.es\/wp-content\/uploads\/2023\/10\/prensa-anti-torsion-ATEX-metalico.png\" \/>\n\t<meta property=\"og:image:width\" content=\"250\" \/>\n\t<meta property=\"og:image:height\" content=\"250\" \/>\n\t<meta property=\"og:image:type\" content=\"image\/png\" \/>\n<meta name=\"twitter:card\" content=\"summary_large_image\" \/>\n<meta name=\"twitter:label1\" content=\"\u63a8\u5b9a\u8aad\u307f\u53d6\u308a\u6642\u9593\" \/>\n\t<meta name=\"twitter:data1\" content=\"1\u5206\" \/>\n<script type=\"application\/ld+json\" class=\"yoast-schema-graph\">{\"@context\":\"https:\/\/schema.org\",\"@graph\":[{\"@type\":\"WebPage\",\"@id\":\"https:\/\/www.fleximat.es\/producto\/prensaestopas-atex-sin-armar-antitorsion\/\",\"url\":\"https:\/\/www.fleximat.es\/producto\/prensaestopas-atex-sin-armar-antitorsion\/\",\"name\":\"Prensaestopas ATEX Sin Armar Antitorsi\u00f3n - Fleximat\",\"isPartOf\":{\"@id\":\"https:\/\/www.fleximat.es\/bn\/#website\"},\"datePublished\":\"2023-10-18T15:54:29+00:00\",\"dateModified\":\"2023-10-25T07:08:02+00:00\",\"breadcrumb\":{\"@id\":\"https:\/\/www.fleximat.es\/producto\/prensaestopas-atex-sin-armar-antitorsion\/#breadcrumb\"},\"inLanguage\":\"ja\",\"potentialAction\":[{\"@type\":\"ReadAction\",\"target\":[\"https:\/\/www.fleximat.es\/producto\/prensaestopas-atex-sin-armar-antitorsion\/\"]}]},{\"@type\":\"BreadcrumbList\",\"@id\":\"https:\/\/www.fleximat.es\/producto\/prensaestopas-atex-sin-armar-antitorsion\/#breadcrumb\",\"itemListElement\":[{\"@type\":\"ListItem\",\"position\":1,\"name\":\"Portada\",\"item\":\"https:\/\/www.fleximat.es\/\"},{\"@type\":\"ListItem\",\"position\":2,\"name\":\"Productos\",\"item\":\"https:\/\/www.fleximat.es\/en\/productos\/\"},{\"@type\":\"ListItem\",\"position\":3,\"name\":\"Prensaestopas ATEX Sin Armar Antitorsi\u00f3n\"}]},{\"@type\":\"WebSite\",\"@id\":\"https:\/\/www.fleximat.es\/bn\/#website\",\"url\":\"https:\/\/www.fleximat.es\/bn\/\",\"name\":\"Fleximat\",\"description\":\"Tu soluci\u00f3n en prensaestopas y tubos flexibles\",\"publisher\":{\"@id\":\"https:\/\/www.fleximat.es\/bn\/#organization\"},\"potentialAction\":[{\"@type\":\"SearchAction\",\"target\":{\"@type\":\"EntryPoint\",\"urlTemplate\":\"https:\/\/www.fleximat.es\/bn\/?s={search_term_string}\"},\"query-input\":\"required name=search_term_string\"}],\"inLanguage\":\"ja\"},{\"@type\":\"Organization\",\"@id\":\"https:\/\/www.fleximat.es\/bn\/#organization\",\"name\":\"Fleximat\",\"url\":\"https:\/\/www.fleximat.es\/bn\/\",\"logo\":{\"@type\":\"ImageObject\",\"inLanguage\":\"ja\",\"@id\":\"https:\/\/www.fleximat.es\/bn\/#\/schema\/logo\/image\/\",\"url\":\"https:\/\/www.fleximat.es\/wp-content\/uploads\/2023\/11\/fleximat-logo-1.png\",\"contentUrl\":\"https:\/\/www.fleximat.es\/wp-content\/uploads\/2023\/11\/fleximat-logo-1.png\",\"width\":1169,\"height\":289,\"caption\":\"Fleximat\"},\"image\":{\"@id\":\"https:\/\/www.fleximat.es\/bn\/#\/schema\/logo\/image\/\"}}]}<\/script>\n<!-- \/ Yoast SEO plugin. -->","yoast_head_json":{"title":"Prensaestopas ATEX Sin Armar Antitorsi\u00f3n - Fleximat","robots":{"index":"index","follow":"follow","max-snippet":"max-snippet:-1","max-image-preview":"max-image-preview:large","max-video-preview":"max-video-preview:-1"},"canonical":"https:\/\/www.fleximat.es\/ja\/product\/prensaestopas-atex-sin-armar-antitorsion\/","og_locale":"ja_JP","og_type":"article","og_title":"Prensaestopas ATEX Sin Armar Antitorsi\u00f3n - Fleximat","og_description":"Caracter\u00edsticas    Nivel Protecci\u00f3n : II 2G Ex eb IIC Gb II 2D Ex tb IIIC Db   Certificado\u00a0 : IEP 20 ATEX 0750 X ATEX, ROHS, CE, PT, TUV   Cuerpo : Poliamida PA6   Rosca : PG (DIN 40430)   Color : Azul (RAL 5012)   Est\u00e1ndar : EN 60079-0, 60079-7, 60079-31   Estanqueidad : IP68 5 Bar   Temperatura de trabajo : -30 \u00b0C +100 \u00b0C   Aplicaciones : ZONE1, ZONE2, ZONE21, ZONE22, Gas Group IIA, IIB, IIC","og_url":"https:\/\/www.fleximat.es\/ja\/product\/prensaestopas-atex-sin-armar-antitorsion\/","og_site_name":"Fleximat","article_modified_time":"2023-10-25T07:08:02+00:00","og_image":[{"width":250,"height":250,"url":"https:\/\/www.fleximat.es\/wp-content\/uploads\/2023\/10\/prensa-anti-torsion-ATEX-metalico.png","type":"image\/png"}],"twitter_card":"summary_large_image","twitter_misc":{"\u63a8\u5b9a\u8aad\u307f\u53d6\u308a\u6642\u9593":"1\u5206"},"schema":{"@context":"https:\/\/schema.org","@graph":[{"@type":"WebPage","@id":"https:\/\/www.fleximat.es\/producto\/prensaestopas-atex-sin-armar-antitorsion\/","url":"https:\/\/www.fleximat.es\/producto\/prensaestopas-atex-sin-armar-antitorsion\/","name":"Prensaestopas ATEX Sin Armar Antitorsi\u00f3n - Fleximat","isPartOf":{"@id":"https:\/\/www.fleximat.es\/bn\/#website"},"datePublished":"2023-10-18T15:54:29+00:00","dateModified":"2023-10-25T07:08:02+00:00","breadcrumb":{"@id":"https:\/\/www.fleximat.es\/producto\/prensaestopas-atex-sin-armar-antitorsion\/#breadcrumb"},"inLanguage":"ja","potentialAction":[{"@type":"ReadAction","target":["https:\/\/www.fleximat.es\/producto\/prensaestopas-atex-sin-armar-antitorsion\/"]}]},{"@type":"BreadcrumbList","@id":"https:\/\/www.fleximat.es\/producto\/prensaestopas-atex-sin-armar-antitorsion\/#breadcrumb","itemListElement":[{"@type":"ListItem","position":1,"name":"Portada","item":"https:\/\/www.fleximat.es\/"},{"@type":"ListItem","position":2,"name":"Productos","item":"https:\/\/www.fleximat.es\/en\/productos\/"},{"@type":"ListItem","position":3,"name":"Prensaestopas ATEX Sin Armar Antitorsi\u00f3n"}]},{"@type":"WebSite","@id":"https:\/\/www.fleximat.es\/bn\/#website","url":"https:\/\/www.fleximat.es\/bn\/","name":"Fleximat","description":"Tu soluci\u00f3n en prensaestopas y tubos flexibles","publisher":{"@id":"https:\/\/www.fleximat.es\/bn\/#organization"},"potentialAction":[{"@type":"SearchAction","target":{"@type":"EntryPoint","urlTemplate":"https:\/\/www.fleximat.es\/bn\/?s={search_term_string}"},"query-input":"required name=search_term_string"}],"inLanguage":"ja"},{"@type":"Organization","@id":"https:\/\/www.fleximat.es\/bn\/#organization","name":"Fleximat","url":"https:\/\/www.fleximat.es\/bn\/","logo":{"@type":"ImageObject","inLanguage":"ja","@id":"https:\/\/www.fleximat.es\/bn\/#\/schema\/logo\/image\/","url":"https:\/\/www.fleximat.es\/wp-content\/uploads\/2023\/11\/fleximat-logo-1.png","contentUrl":"https:\/\/www.fleximat.es\/wp-content\/uploads\/2023\/11\/fleximat-logo-1.png","width":1169,"height":289,"caption":"Fleximat"},"image":{"@id":"https:\/\/www.fleximat.es\/bn\/#\/schema\/logo\/image\/"}}]}},"taxonomy_info":{"product_cat":[{"value":84,"label":"Prensaestopas y accesorios ATEX"},{"value":85,"label":"Prensaestopas ATEX"}]},"featured_image_src_large":["https:\/\/www.fleximat.es\/wp-content\/uploads\/2023\/10\/prensa-anti-torsion-ATEX-metalico.png",250,250,false],"author_info":[],"comment_info":"","_links":{"self":[{"href":"https:\/\/www.fleximat.es\/ja\/wp-json\/wp\/v2\/product\/1772"}],"collection":[{"href":"https:\/\/www.fleximat.es\/ja\/wp-json\/wp\/v2\/product"}],"about":[{"href":"https:\/\/www.fleximat.es\/ja\/wp-json\/wp\/v2\/types\/product"}],"wp:featuredmedia":[{"embeddable":true,"href":"https:\/\/www.fleximat.es\/ja\/wp-json\/wp\/v2\/media\/1827"}],"wp:attachment":[{"href":"https:\/\/www.fleximat.es\/ja\/wp-json\/wp\/v2\/media?parent=1772"}],"wp:term":[{"taxonomy":"product_cat","embeddable":true,"href":"https:\/\/www.fleximat.es\/ja\/wp-json\/wp\/v2\/product_cat?post=1772"},{"taxonomy":"product_tag","embeddable":true,"href":"https:\/\/www.fleximat.es\/ja\/wp-json\/wp\/v2\/product_tag?post=1772"}],"curies":[{"name":"wp","href":"https:\/\/api.w.org\/{rel}","templated":true}]}}