{"id":1331,"date":"2023-10-10T18:47:12","date_gmt":"2023-10-10T16:47:12","guid":{"rendered":"https:\/\/www.fleximat.es\/?page_id=1331"},"modified":"2024-01-24T10:27:40","modified_gmt":"2024-01-24T09:27:40","slug":"declaracion-de-accesibilidad","status":"publish","type":"page","link":"https:\/\/www.fleximat.es\/ky\/declaracion-de-accesibilidad\/","title":{"rendered":"\u0416\u0435\u0442\u043a\u0438\u043b\u0438\u043a\u0442\u04af\u04af\u043b\u04af\u043a \u0431\u0438\u043b\u0434\u0438\u0440\u04af\u04af\u0441\u04af"},"content":{"rendered":"<p>Fleximat 7-\u0441\u0435\u043d\u0442\u044f\u0431\u0440\u0434\u0430\u0433\u044b 1112\/2018 \u041a\u043e\u0440\u043e\u043b\u0434\u0443\u043a \u0416\u0430\u0440\u043b\u044b\u0433\u044b\u043d\u0430 \u044b\u043b\u0430\u0439\u044b\u043a, \u043c\u0430\u043c\u043b\u0435\u043a\u0435\u0442\u0442\u0438\u043a \u0441\u0435\u043a\u0442\u043e\u0440\u0434\u043e\u0433\u0443 \u043c\u043e\u0431\u0438\u043b\u0434\u0438\u043a \u0442\u04af\u0437\u04af\u043b\u04af\u0448\u0442\u04e9\u0440 \u04af\u0447\u04af\u043d \u0432\u0435\u0431-\u0441\u0430\u0439\u0442\u0442\u0430\u0440\u0434\u044b\u043d \u0436\u0430\u043d\u0430 \u0442\u0438\u0440\u043a\u0435\u043c\u0435\u043b\u0435\u0440\u0434\u0438\u043d \u0436\u0435\u0442\u043a\u0438\u043b\u0438\u043a\u0442\u04af\u04af\u043b\u04af\u0433\u04af \u0436\u04e9\u043d\u04af\u043d\u0434\u04e9 \u04e9\u0437\u04af\u043d\u04af\u043d \u0432\u0435\u0431-\u0441\u0430\u0439\u0442\u044b\u043d \u0436\u0435\u0442\u043a\u0438\u043b\u0438\u043a\u0442\u04af\u04af \u043a\u044b\u043b\u0443\u0443 \u043c\u0438\u043b\u0434\u0435\u0442\u0438\u043d \u0430\u043b\u0434\u044b.<\/p>\n\n\n\n<p>\u0411\u0443\u043b \u0436\u0435\u0442\u043a\u0438\u043b\u0438\u043a\u0442\u04af\u04af\u043b\u04af\u043a \u0431\u0438\u043b\u0434\u0438\u0440\u04af\u04af\u0441\u04af \u0443\u0448\u0443\u043b \u0432\u0435\u0431-\u0441\u0430\u0439\u0442\u043a\u0430 \u0442\u0438\u0435\u0448\u0435\u043b\u04af\u04af.<\/p>\n\n\n\n<h2 class=\"wp-block-heading\">\u0428\u0430\u0439\u043a\u0435\u0448\u0442\u0438\u043a \u0430\u0431\u0430\u043b\u044b<\/h2>\n\n\n\n<p>\u0411\u0443\u043b \u0432\u0435\u0431-\u0441\u0430\u0439\u0442 RD 1112\/2018 \u044b\u043b\u0430\u0439\u044b\u043a \u0438\u0448\u0442\u0435\u043b\u0438\u043f \u0447\u044b\u043a\u043a\u0430\u043d<\/p>\n\n\n\n<h2 class=\"wp-block-heading\">\u041a\u0438\u0439\u0438\u043d\u043a\u0438 \u0436\u0435\u0442\u043a\u0438\u043b\u0438\u043a\u0442\u04af\u04af\u043b\u04af\u043a \u0431\u0438\u043b\u0434\u0438\u0440\u04af\u04af\u0441\u04af\u043d\u04e9 \u0434\u0430\u044f\u0440\u0434\u044b\u043a<\/h2>\n\n\n\n<p>\u0411\u0443\u043b \u0431\u0438\u043b\u0434\u0438\u0440\u04af\u04af 2023-\u0436\u044b\u043b\u0434\u044b\u043d 20-\u043c\u0430\u0439\u044b\u043d\u0434\u0430 \u0434\u0430\u044f\u0440\u0434\u0430\u043b\u0433\u0430\u043d.<\/p>\n\n\n\n<p>\u0414\u0435\u043a\u043b\u0430\u0440\u0430\u0446\u0438\u044f\u043d\u044b \u0434\u0430\u044f\u0440\u0434\u043e\u043e\u0434\u043e \u043a\u043e\u043b\u0434\u043e\u043d\u0443\u043b\u0433\u0430\u043d \u044b\u043a\u043c\u0430 \u04e9\u0437\u04af\u043d \u04e9\u0437\u04af \u0431\u0430\u0430\u043b\u043e\u043e \u0431\u043e\u043b\u0434\u0443.<\/p>\n\n\n\n<h2 class=\"wp-block-heading\">\u0411\u0430\u0439\u043a\u043e\u043e \u0436\u0430\u043d\u0430 \u0431\u0430\u0439\u043b\u0430\u043d\u044b\u0448 \u043c\u0430\u0430\u043b\u044b\u043c\u0430\u0442\u044b<\/h2>\n\n\n\n<p>\u0416\u0435\u0442\u043a\u0438\u043b\u0438\u043a\u0442\u04af\u04af\u043b\u04af\u043a \u0442\u0430\u043b\u0430\u043f\u0442\u0430\u0440\u044b (RD 1112\/2018 10.2.a \u0431\u0435\u0440\u0435\u043d\u0435\u0441\u0438) \u0436\u04e9\u043d\u04af\u043d\u0434\u04e9 \u0431\u0438\u043b\u0434\u0438\u0440\u04af\u04af\u043b\u04e9\u0440\u0434\u04af \u0436\u0430\u0441\u0430\u0439 \u0430\u043b\u0430\u0441\u044b\u0437, \u043c\u0438\u0441\u0430\u043b\u044b:<\/p>\n\n\n\n<ul class=\"wp-block-list\">\n<li>\u0411\u0443\u043b \u0432\u0435\u0431-\u0441\u0430\u0439\u0442\u0442\u044b\u043d \u043c\u04af\u043c\u043a\u04af\u043d \u0431\u043e\u043b\u0433\u043e\u043d \u0431\u0443\u0437\u0443\u0443\u043b\u0430\u0440\u044b\u043d \u043a\u0430\u0431\u0430\u0440\u043b\u0430\u04a3\u044b\u0437<\/li>\n\n\n\n<li>\u0411\u0430\u0448\u043a\u0430 \u043c\u0430\u0437\u043c\u0443\u043d\u0433\u0430 \u043a\u0438\u0440\u04af\u04af \u043a\u044b\u0439\u044b\u043d\u0447\u044b\u043b\u044b\u043a\u0442\u0430\u0440\u044b\u043d \u04e9\u0442\u043a\u04e9\u0440\u04af\u043f \u0431\u0435\u0440\u04af\u04af<\/li>\n\n\n\n<li>\u0430\u0440\u043a\u044b\u043b\u0443\u0443 \u0432\u0435\u0431-\u0441\u0430\u0439\u0442\u0442\u044b\u043d \u0436\u0435\u0442\u043a\u0438\u043b\u0438\u043a\u0442\u04af\u04af\u043b\u04af\u0433\u04af\u043d\u04e9 \u0431\u0430\u0439\u043b\u0430\u043d\u044b\u0448\u0442\u0443\u0443 \u0431\u0430\u0448\u043a\u0430 \u0441\u0443\u0440\u043e\u043e\u043d\u0443 \u0436\u0435 \u0441\u0443\u043d\u0443\u0448\u0442\u0443 \u0442\u04af\u0437\u04af\u04a3\u04af\u0437\u00a0<a href=\"https:\/\/www.fleximat.es\/ky\/contacto\/\">\u0411\u0430\u0439\u043b\u0430\u043d\u044b\u0448 \u0444\u043e\u0440\u043c\u0430\u0441\u044b<\/a>\u00a0\u0431\u0443\u043b \u0441\u0430\u0439\u0442\u0442\u0430\u043d \u0436\u0435 635 72 78 47 \u0442\u0435\u043b\u0435\u0444\u043e\u043d\u0443 \u0430\u0440\u043a\u044b\u043b\u0443\u0443<\/li>\n<\/ul>\n\n\n\n<p>\u0421\u0438\u0437 \u043a\u04e9\u0440\u0441\u04e9\u0442\u04e9 \u0430\u043b\u0430\u0441\u044b\u0437:<\/p>\n\n\n\n<ul class=\"wp-block-list\">\n<li>RD 1112\/2018 \u0442\u0430\u043b\u0430\u043f\u0442\u0430\u0440\u044b\u043d \u0441\u0430\u043a\u0442\u043e\u043e \u0431\u043e\u044e\u043d\u0447\u0430 \u0434\u0430\u0442\u0442\u0430\u043d\u0443\u0443<\/li>\n\n\n\n<li>\u0422\u04e9\u043c\u04e9\u043d\u043a\u04af\u043b\u04e9\u0440\u0433\u04e9 \u0431\u0430\u0439\u043b\u0430\u043d\u044b\u0448\u0442\u0443\u0443 \u0436\u0435\u0442\u043a\u0438\u043b\u0438\u043a\u0442\u04af\u04af \u043c\u0430\u0430\u043b\u044b\u043c\u0430\u0442\u0442\u044b \u0441\u0443\u0440\u043e\u043e:\n<ul class=\"wp-block-list\">\n<li>3-\u0431\u0435\u0440\u0435\u043d\u0435\u043d\u0438\u043d 4-\u0431\u04e9\u043b\u04af\u043c\u04af\u043d\u0434\u04e9 \u0431\u0435\u043b\u0433\u0438\u043b\u0435\u043d\u0433\u0435\u043d\u0433\u0435 \u044b\u043b\u0430\u0439\u044b\u043a, RD 1112\/2018 \u043a\u043e\u043b\u0434\u043e\u043d\u0443\u0443 \u0447\u04e9\u0439\u0440\u04e9\u0441\u04af\u043d\u04e9\u043d \u0430\u043b\u044b\u043d\u044b\u043f \u0441\u0430\u043b\u044b\u043d\u0433\u0430\u043d \u043c\u0430\u0437\u043c\u0443\u043d<\/li>\n\n\n\n<li>\u041f\u0440\u043e\u043f\u043e\u0440\u0446\u0438\u043e\u043d\u0430\u043b\u0434\u0443\u0443 \u044d\u043c\u0435\u0441 \u0436\u04af\u043a \u0441\u0430\u043b\u0443\u0443 \u04af\u0447\u04af\u043d \u0436\u0435\u0442\u043a\u0438\u043b\u0438\u043a\u0442\u04af\u04af\u043b\u04af\u043a \u0442\u0430\u043b\u0430\u043f\u0442\u0430\u0440\u044b\u043d \u0441\u0430\u043a\u0442\u043e\u043e\u0434\u043e\u043d \u0431\u043e\u0448\u043e\u0442\u0443\u043b\u0433\u0430\u043d \u043c\u0430\u0437\u043c\u0443\u043d<\/li>\n\n\n\n<li>\u0416\u0435\u0442\u043a\u0438\u043b\u0438\u043a\u0442\u04af\u04af \u043c\u0430\u0430\u043b\u044b\u043c\u0430\u0442\u043a\u0430 \u0441\u0443\u0440\u043e\u043e-\u0442\u0430\u043b\u0430\u043f\u0442\u0430 \u0444\u0430\u043a\u0442\u044b\u043b\u0430\u0440, \u0441\u0435\u0431\u0435\u043f\u0442\u0435\u0440 \u0436\u0430\u043d\u0430 \u0441\u0443\u0440\u043e\u043e-\u0442\u0430\u043b\u0430\u043f \u0442\u0430\u043a \u043a\u04e9\u0440\u0441\u04e9\u0442\u04af\u043b\u04af\u0448\u04af \u043a\u0435\u0440\u0435\u043a, \u0431\u0443\u043b \u0430\u043d\u044b\u043d \u0436\u04af\u0439\u04e9\u043b\u04af\u04af \u0436\u0430\u043d\u0430 \u043c\u044b\u0439\u0437\u0430\u043c\u0434\u0443\u0443 \u0441\u0443\u0440\u043e\u043e-\u0442\u0430\u043b\u0430\u043f \u044d\u043a\u0435\u043d\u0434\u0438\u0433\u0438\u043d \u0442\u0435\u043a\u0448\u0435\u0440\u04af\u04af\u0433\u04e9 \u043c\u04af\u043c\u043a\u04af\u043d\u0434\u04af\u043a \u0431\u0435\u0440\u0435\u0442.<\/li>\n<\/ul>\n<\/li>\n<\/ul>\n\n\n\n<p>\u0416\u0435\u0442\u043a\u0438\u043b\u0438\u043a\u0442\u04af\u04af \u043c\u0430\u0430\u043b\u044b\u043c\u0430\u0442 \u0431\u043e\u044e\u043d\u0447\u0430 \u0434\u0430\u0442\u0442\u0430\u043d\u0443\u0443\u043b\u0430\u0440 \u0436\u0430\u043d\u0430 \u0434\u0430\u0442\u0442\u0430\u043d\u0443\u0443\u043b\u0430\u0440 \u044d\u043b\u0435\u043a\u0442\u0440\u043e\u043d\u0434\u0443\u043a \u0448\u0442\u0430\u0431 \u0430\u0440\u043a\u044b\u043b\u0443\u0443 \u0436\u04af\u0440\u0433\u04af\u0437\u04af\u043b\u04e9\u0442 (<a href=\"https:\/\/sede.red.gob.es\/procedimientos\/quejas-y-sugerencias\" target=\"_blank\" rel=\"noreferrer noopener\">https:\/\/sede.red.gob.es\/procedimientos\/quejas-y-sugerencias<\/a>), \u0436\u0430\u043d\u0430 Red.es \u043c\u0430\u0430\u043b\u044b\u043c\u0430\u0442 \u0442\u0443\u0442\u0443\u043c\u0434\u0430\u0440\u044b \u0430\u0439\u043c\u0430\u0433\u044b \u0442\u0430\u0440\u0430\u0431\u044b\u043d\u0430\u043d \u043a\u0430\u0431\u044b\u043b \u0430\u043b\u044b\u043d\u0430\u0442 \u0436\u0430\u043d\u0430 \u0438\u0448\u0442\u0435\u0442\u0438\u043b\u0435\u0442.<\/p>\n\n\n\n<h2 class=\"wp-block-heading\">\u041a\u043e\u0448\u0443\u043c\u0447\u0430 \u043c\u0430\u0437\u043c\u0443\u043d<\/h2>\n\n\n\n<ul class=\"wp-block-list\">\n<li>\u041d\u0435\u0433\u0438\u0437\u0433\u0438 \u0433\u0440\u0430\u0444\u0438\u043a\u0430\u043b\u044b\u043a \u0431\u0440\u0430\u0443\u0437\u0435\u0440\u043b\u0435\u0440\u0434\u0435 \u0442\u0435\u043a\u0441\u0442\u0442\u0438\u043d \u0448\u0440\u0438\u0444\u0442\u0438\u043d \u04e9\u043b\u0447\u04e9\u043c\u04af\u043d \u04e9\u0437\u0433\u04e9\u0440\u0442\u04af\u04af\u043d\u04af \u043a\u0430\u0430\u043b\u0430\u0441\u0430\u04a3\u044b\u0437, \u0442\u04e9\u043c\u04e9\u043d\u043a\u04af \u043c\u0435\u043d\u044e\u043b\u0430\u0440\u0434\u044b \u043a\u043e\u043b\u0434\u043e\u043d\u0443\u04a3\u0443\u0437:<\/li>\n\n\n\n<li>Safari: \u041a\u04e9\u0440\u04af\u04af &gt; \u0422\u0435\u043a\u0441\u0442\u0442\u0438 \u0447\u043e\u04a3\u043e\u0439\u0442\u0443\u0443<\/li>\n\n\n\n<li>Chrome: \u0423\u0447\u0443\u0440\u0434\u0430\u0433\u044b \u0431\u0430\u0440\u0430\u043a\u0442\u044b \u0431\u0430\u0448\u043a\u0430\u0440\u0443\u0443 &gt; \u0422\u0435\u043a\u0441\u0442\u0442\u0438\u043d \u04e9\u043b\u0447\u04e9\u043c\u04af<\/li>\n<\/ul>\n\n\n\n<p>\u0411\u0430\u0440\u0430\u043a\u0442\u0430\u0433\u044b \u0431\u0430\u0440\u0434\u044b\u043a \u043d\u0435\u0440\u0441\u0435\u043d\u0438\u043d \u04e9\u043b\u0447\u04e9\u043c\u04af\u043d \u04e9\u0437\u0433\u04e9\u0440\u0442\u04af\u04af \u04af\u0447\u04af\u043d:<\/p>\n\n\n\n<ul class=\"wp-block-list\">\n<li>\u0410\u043d\u044b \u043a\u04e9\u0431\u04e9\u0439\u0442\u04af\u04af \u04af\u0447\u04af\u043d Ctrl++<\/li>\n\n\n\n<li>Ctrl + \u2013 \u0430\u043d\u044b \u0430\u0437\u0430\u0439\u0442\u0443\u0443 \u04af\u0447\u04af\u043d<\/li>\n\n\n\n<li>Ctrl + 0 \u0431\u0430\u0448\u0442\u0430\u043f\u043a\u044b \u0442\u0435\u043a\u0441\u0442\u0442\u0438\u043d \u04e9\u043b\u0447\u04e9\u043c\u04af\u043d \u043a\u0430\u043b\u044b\u0431\u044b\u043d\u0430 \u043a\u0435\u043b\u0442\u0438\u0440\u0435\u0442<\/li>\n\n\n\n<li>\u042d\u0433\u0435\u0440 \u0441\u0438\u0437 \u0441\u0442\u0438\u043b\u0434\u0435\u0440 \u0442\u0430\u0431\u043b\u0438\u0446\u0430\u0441\u044b\u043d \u0436\u043e\u043a\u043a\u043e \u0447\u044b\u0433\u0430\u0440\u0443\u0443\u043d\u0443 \u0436\u0435 \u0442\u0435\u043a\u0441\u0442\u0442\u0438\u043d \u0442\u04af\u0441\u04af\u043d \u04e9\u0437\u0433\u04e9\u0440\u0442\u04af\u04af\u043d\u04af \u043a\u0430\u0430\u043b\u0430\u0441\u0430\u04a3\u044b\u0437, WAI\u0434\u0438\u043d \u0422\u0435\u043a\u0441\u0442\u0442\u0438\u043d \u04e9\u043b\u0447\u04e9\u043c\u04af\u043d \u0436\u0435 \u0442\u04af\u0441\u0442\u04e9\u0440\u04af\u043d \u043a\u0430\u043d\u0442\u0438\u043f \u04e9\u0437\u0433\u04e9\u0440\u0442\u04af\u04af \u043a\u0435\u0440\u0435\u043a \u0434\u0435\u0433\u0435\u043d \u0431\u0435\u0442\u043a\u0435 \u043a\u0430\u0439\u0440\u044b\u043b\u0441\u0430\u04a3\u044b\u0437 \u0431\u043e\u043b\u043e\u0442, \u0430\u043d\u044b \u0438\u0441\u043f\u0430\u043d \u0442\u0438\u043b\u0438\u043d\u0435 \u043a\u043e\u0442\u043e\u0440\u0443\u043b\u0433\u0430\u043d \u0442\u0435\u043a\u0441\u0442\u0442\u0438\u043d \u04e9\u043b\u0447\u04e9\u043c\u04af\u043d \u0436\u0435 \u0442\u04af\u0441\u0442\u04e9\u0440\u04af\u043d \u043a\u0430\u043d\u0442\u0438\u043f \u04e9\u0437\u0433\u04e9\u0440\u0442\u04af\u04af \u043a\u0435\u0440\u0435\u043a?<\/li>\n<\/ul>","protected":false},"excerpt":{"rendered":"<p>Fleximat&nbsp;se ha comprometido a hacer accesible su sitio web, de conformidad con el Real Decreto 1112\/2018, de 7 de septiembre, sobre accesibilidad de los sitios web y aplicaciones para dispositivos m\u00f3viles del sector p\u00fablico. Esta declaraci\u00f3n de accesibilidad se aplica a esta web. Situaci\u00f3n de cumplimiento Este sitio web est\u00e1 desarrollado de acuerdo con el&#8230;<\/p>","protected":false},"author":1,"featured_media":0,"parent":0,"menu_order":19,"comment_status":"closed","ping_status":"closed","template":"","meta":{"_kad_blocks_custom_css":"","_kad_blocks_head_custom_js":"","_kad_blocks_body_custom_js":"","_kad_blocks_footer_custom_js":"","_kadence_starter_templates_imported_post":false,"_kad_post_transparent":"","_kad_post_title":"","_kad_post_layout":"","_kad_post_sidebar_id":"","_kad_post_content_style":"","_kad_post_vertical_padding":"","_kad_post_feature":"","_kad_post_feature_position":"","_kad_post_header":false,"_kad_post_footer":false,"footnotes":""},"class_list":["post-1331","page","type-page","status-publish","hentry"],"yoast_head":"<!-- This site is optimized with the Yoast SEO plugin v21.7 - https:\/\/yoast.com\/wordpress\/plugins\/seo\/ -->\n<title>Declaraci\u00f3n de accesibilidad - Fleximat<\/title>\n<meta name=\"robots\" content=\"index, follow, max-snippet:-1, max-image-preview:large, max-video-preview:-1\" \/>\n<link rel=\"canonical\" href=\"https:\/\/www.fleximat.es\/ky\/declaracion-de-accesibilidad\/\" \/>\n<meta property=\"og:locale\" content=\"en_US\" \/>\n<meta property=\"og:type\" content=\"article\" \/>\n<meta property=\"og:title\" content=\"Declaraci\u00f3n de accesibilidad - Fleximat\" \/>\n<meta property=\"og:description\" content=\"Fleximat&nbsp;se ha comprometido a hacer accesible su sitio web, de conformidad con el Real Decreto 1112\/2018, de 7 de septiembre, sobre accesibilidad de los sitios web y aplicaciones para dispositivos m\u00f3viles del sector p\u00fablico. Esta declaraci\u00f3n de accesibilidad se aplica a esta web. Situaci\u00f3n de cumplimiento Este sitio web est\u00e1 desarrollado de acuerdo con el...\" \/>\n<meta property=\"og:url\" content=\"https:\/\/www.fleximat.es\/ky\/declaracion-de-accesibilidad\/\" \/>\n<meta property=\"og:site_name\" content=\"Fleximat\" \/>\n<meta property=\"article:modified_time\" content=\"2024-01-24T09:27:40+00:00\" \/>\n<meta name=\"twitter:card\" content=\"summary_large_image\" \/>\n<meta name=\"twitter:label1\" content=\"Est. reading time\" \/>\n\t<meta name=\"twitter:data1\" content=\"2 \u043c\u04af\u043d\u04e9\u0442\" \/>\n<script type=\"application\/ld+json\" class=\"yoast-schema-graph\">{\"@context\":\"https:\/\/schema.org\",\"@graph\":[{\"@type\":\"WebPage\",\"@id\":\"https:\/\/www.fleximat.es\/declaracion-de-accesibilidad\/\",\"url\":\"https:\/\/www.fleximat.es\/declaracion-de-accesibilidad\/\",\"name\":\"Declaraci\u00f3n de accesibilidad - Fleximat\",\"isPartOf\":{\"@id\":\"https:\/\/www.fleximat.es\/bn\/#website\"},\"datePublished\":\"2023-10-10T16:47:12+00:00\",\"dateModified\":\"2024-01-24T09:27:40+00:00\",\"breadcrumb\":{\"@id\":\"https:\/\/www.fleximat.es\/declaracion-de-accesibilidad\/#breadcrumb\"},\"inLanguage\":\"kir\",\"potentialAction\":[{\"@type\":\"ReadAction\",\"target\":[\"https:\/\/www.fleximat.es\/declaracion-de-accesibilidad\/\"]}]},{\"@type\":\"BreadcrumbList\",\"@id\":\"https:\/\/www.fleximat.es\/declaracion-de-accesibilidad\/#breadcrumb\",\"itemListElement\":[{\"@type\":\"ListItem\",\"position\":1,\"name\":\"Portada\",\"item\":\"https:\/\/www.fleximat.es\/\"},{\"@type\":\"ListItem\",\"position\":2,\"name\":\"Declaraci\u00f3n de accesibilidad\"}]},{\"@type\":\"WebSite\",\"@id\":\"https:\/\/www.fleximat.es\/bn\/#website\",\"url\":\"https:\/\/www.fleximat.es\/bn\/\",\"name\":\"Fleximat\",\"description\":\"Tu soluci\u00f3n en prensaestopas y tubos flexibles\",\"publisher\":{\"@id\":\"https:\/\/www.fleximat.es\/bn\/#organization\"},\"potentialAction\":[{\"@type\":\"SearchAction\",\"target\":{\"@type\":\"EntryPoint\",\"urlTemplate\":\"https:\/\/www.fleximat.es\/bn\/?s={search_term_string}\"},\"query-input\":\"required name=search_term_string\"}],\"inLanguage\":\"kir\"},{\"@type\":\"Organization\",\"@id\":\"https:\/\/www.fleximat.es\/bn\/#organization\",\"name\":\"Fleximat\",\"url\":\"https:\/\/www.fleximat.es\/bn\/\",\"logo\":{\"@type\":\"ImageObject\",\"inLanguage\":\"kir\",\"@id\":\"https:\/\/www.fleximat.es\/bn\/#\/schema\/logo\/image\/\",\"url\":\"https:\/\/www.fleximat.es\/wp-content\/uploads\/2023\/11\/fleximat-logo-1.png\",\"contentUrl\":\"https:\/\/www.fleximat.es\/wp-content\/uploads\/2023\/11\/fleximat-logo-1.png\",\"width\":1169,\"height\":289,\"caption\":\"Fleximat\"},\"image\":{\"@id\":\"https:\/\/www.fleximat.es\/bn\/#\/schema\/logo\/image\/\"}}]}<\/script>\n<!-- \/ Yoast SEO plugin. -->","yoast_head_json":{"title":"Declaraci\u00f3n de accesibilidad - Fleximat","robots":{"index":"index","follow":"follow","max-snippet":"max-snippet:-1","max-image-preview":"max-image-preview:large","max-video-preview":"max-video-preview:-1"},"canonical":"https:\/\/www.fleximat.es\/ky\/declaracion-de-accesibilidad\/","og_locale":"en_US","og_type":"article","og_title":"Declaraci\u00f3n de accesibilidad - Fleximat","og_description":"Fleximat&nbsp;se ha comprometido a hacer accesible su sitio web, de conformidad con el Real Decreto 1112\/2018, de 7 de septiembre, sobre accesibilidad de los sitios web y aplicaciones para dispositivos m\u00f3viles del sector p\u00fablico. Esta declaraci\u00f3n de accesibilidad se aplica a esta web. Situaci\u00f3n de cumplimiento Este sitio web est\u00e1 desarrollado de acuerdo con el...","og_url":"https:\/\/www.fleximat.es\/ky\/declaracion-de-accesibilidad\/","og_site_name":"Fleximat","article_modified_time":"2024-01-24T09:27:40+00:00","twitter_card":"summary_large_image","twitter_misc":{"Est. reading time":"2 \u043c\u04af\u043d\u04e9\u0442"},"schema":{"@context":"https:\/\/schema.org","@graph":[{"@type":"WebPage","@id":"https:\/\/www.fleximat.es\/declaracion-de-accesibilidad\/","url":"https:\/\/www.fleximat.es\/declaracion-de-accesibilidad\/","name":"Declaraci\u00f3n de accesibilidad - Fleximat","isPartOf":{"@id":"https:\/\/www.fleximat.es\/bn\/#website"},"datePublished":"2023-10-10T16:47:12+00:00","dateModified":"2024-01-24T09:27:40+00:00","breadcrumb":{"@id":"https:\/\/www.fleximat.es\/declaracion-de-accesibilidad\/#breadcrumb"},"inLanguage":"kir","potentialAction":[{"@type":"ReadAction","target":["https:\/\/www.fleximat.es\/declaracion-de-accesibilidad\/"]}]},{"@type":"BreadcrumbList","@id":"https:\/\/www.fleximat.es\/declaracion-de-accesibilidad\/#breadcrumb","itemListElement":[{"@type":"ListItem","position":1,"name":"Portada","item":"https:\/\/www.fleximat.es\/"},{"@type":"ListItem","position":2,"name":"Declaraci\u00f3n de accesibilidad"}]},{"@type":"WebSite","@id":"https:\/\/www.fleximat.es\/bn\/#website","url":"https:\/\/www.fleximat.es\/bn\/","name":"Fleximat","description":"Tu soluci\u00f3n en prensaestopas y tubos flexibles","publisher":{"@id":"https:\/\/www.fleximat.es\/bn\/#organization"},"potentialAction":[{"@type":"SearchAction","target":{"@type":"EntryPoint","urlTemplate":"https:\/\/www.fleximat.es\/bn\/?s={search_term_string}"},"query-input":"required name=search_term_string"}],"inLanguage":"kir"},{"@type":"Organization","@id":"https:\/\/www.fleximat.es\/bn\/#organization","name":"Fleximat","url":"https:\/\/www.fleximat.es\/bn\/","logo":{"@type":"ImageObject","inLanguage":"kir","@id":"https:\/\/www.fleximat.es\/bn\/#\/schema\/logo\/image\/","url":"https:\/\/www.fleximat.es\/wp-content\/uploads\/2023\/11\/fleximat-logo-1.png","contentUrl":"https:\/\/www.fleximat.es\/wp-content\/uploads\/2023\/11\/fleximat-logo-1.png","width":1169,"height":289,"caption":"Fleximat"},"image":{"@id":"https:\/\/www.fleximat.es\/bn\/#\/schema\/logo\/image\/"}}]}},"taxonomy_info":[],"featured_image_src_large":false,"author_info":{"display_name":"eloi","author_link":"https:\/\/www.fleximat.es\/ky\/author\/eloi\/"},"comment_info":0,"_links":{"self":[{"href":"https:\/\/www.fleximat.es\/ky\/wp-json\/wp\/v2\/pages\/1331"}],"collection":[{"href":"https:\/\/www.fleximat.es\/ky\/wp-json\/wp\/v2\/pages"}],"about":[{"href":"https:\/\/www.fleximat.es\/ky\/wp-json\/wp\/v2\/types\/page"}],"author":[{"embeddable":true,"href":"https:\/\/www.fleximat.es\/ky\/wp-json\/wp\/v2\/users\/1"}],"replies":[{"embeddable":true,"href":"https:\/\/www.fleximat.es\/ky\/wp-json\/wp\/v2\/comments?post=1331"}],"version-history":[{"count":1,"href":"https:\/\/www.fleximat.es\/ky\/wp-json\/wp\/v2\/pages\/1331\/revisions"}],"predecessor-version":[{"id":3622,"href":"https:\/\/www.fleximat.es\/ky\/wp-json\/wp\/v2\/pages\/1331\/revisions\/3622"}],"wp:attachment":[{"href":"https:\/\/www.fleximat.es\/ky\/wp-json\/wp\/v2\/media?parent=1331"}],"curies":[{"name":"wp","href":"https:\/\/api.w.org\/{rel}","templated":true}]}}