{"id":1558,"date":"2023-10-18T17:52:51","date_gmt":"2023-10-18T15:52:51","guid":{"rendered":"https:\/\/www.fleximat.es\/?post_type=product&#038;p=1558"},"modified":"2023-12-03T12:43:06","modified_gmt":"2023-12-03T11:43:06","slug":"prensaestopas-metrica-antitorsion-poliamida-ip-68-gris-oscuro","status":"publish","type":"product","link":"https:\/\/www.fleximat.es\/ky\/product\/prensaestopas-metrica-antitorsion-poliamida-ip-68-gris-oscuro\/","title":{"rendered":"Prensaestopas M\u00e9trica Antitorsi\u00f3n Poliamida IP-68 Gris Oscuro"},"content":{"rendered":"<h4>Properties<\/h4>\n<p>\u0412\u0438\u0431\u0440\u0430\u0446\u0438\u044f\u0433\u0430 \u043a\u0430\u0440\u0448\u044b<br \/>\nAnti-tironesAlta resistencia UV<br \/>\nF\u00e1cil montajeCertificado VDE (40030037)<br \/>\n\u0413\u0430\u043b\u043e\u0433\u0435\u043d\u0434\u0435\u0440 \u0436\u043e\u043a<\/p>\n<h3>\u041f\u0440\u043e\u0434\u0443\u043a\u0442 \u0441\u04af\u0440\u04e9\u0442\u0442\u04e9\u043c\u04e9\u0441\u04af<\/h3>\n<p>Un prensaestopas antitorsi\u00f3n es un tipo de prensaestopas especial para aplicaciones donde el cable conectado al prensaestopas est\u00e1 en continuo movimiento.<\/p>\n<p>Gracias a su dise\u00f1o de capuch\u00f3n, el prensaestopas antitorsi\u00f3n protege al tramo inicial del cable y le aporta seguridad ante los movimientos y rozaduras que se puedan generar derivados del funcionamiento del equipo.<\/p>\n<p>Los prensaestopas antitorsi\u00f3n son usados en sectores como la rob\u00f3tica. El uso y movimiento del equipo el\u00e9ctrico pone a prueba el cable constantemente, por lo que es indispensable recubrirlo y cerciorarse de su integridad.<\/p>\n<p>Los prensaestopas se usan en cualquier tipo de instalaci\u00f3n, maquinaria o equipo que precise de suministro el\u00e9ctrico continuo y se encarga de asegurar su conexi\u00f3n.<\/p>\n<table class=\"table table-bordered table-striped\">\n<thead>\n<tr>\n<td><strong>Roscas<\/strong><\/td>\n<td><strong>Code<\/strong><\/td>\n<td><strong>H \u043c\u043c<\/strong><\/td>\n<td><strong>GL \u043c\u043c<\/strong><\/td>\n<td><strong>\u043c\u043c<\/strong><\/td>\n<td><strong>\u043c\u043c<\/strong><\/td>\n<\/tr>\n<\/thead>\n<tbody>\n<tr>\n<td>M 12 X 1.5<\/td>\n<td>OMRG 17<\/td>\n<td>57<\/td>\n<td>8<\/td>\n<td>15<\/td>\n<td>3-6,5<\/td>\n<\/tr>\n<tr>\n<td>M 16 X 1.5<\/td>\n<td>OMRG 18<\/td>\n<td>70<\/td>\n<td>8<\/td>\n<td>19<\/td>\n<td>4-8<\/td>\n<\/tr>\n<tr>\n<td>M 16 X 1.5<\/td>\n<td>OMRG 19<\/td>\n<td>81<\/td>\n<td>10<\/td>\n<td>22<\/td>\n<td>5-10<\/td>\n<\/tr>\n<tr>\n<td>M 20 X 1.5<\/td>\n<td>OMRG 20<\/td>\n<td>89<\/td>\n<td>10<\/td>\n<td>24<\/td>\n<td>6-12<\/td>\n<\/tr>\n<tr>\n<td>M 20 X 1.5<\/td>\n<td>OMRG 21<\/td>\n<td>107<\/td>\n<td>10<\/td>\n<td>27<\/td>\n<td>10-14<\/td>\n<\/tr>\n<tr>\n<td>M 25 X 1.5<\/td>\n<td>OMRG 22<\/td>\n<td>124<\/td>\n<td>10<\/td>\n<td>33<\/td>\n<td>13-18<\/td>\n<\/tr>\n<tr>\n<td colspan=\"6\">PRENSAESTOPAS ROSCA LARGA<\/td>\n<\/tr>\n<tr>\n<td>M 12 X 1.5<\/td>\n<td>OMRG 17L<\/td>\n<td>57<\/td>\n<td>15<\/td>\n<td>15<\/td>\n<td>3-6,5<\/td>\n<\/tr>\n<tr>\n<td>M 16 X 1.5<\/td>\n<td>OMRG 18L<\/td>\n<td>70<\/td>\n<td>15<\/td>\n<td>19<\/td>\n<td>4-8<\/td>\n<\/tr>\n<tr>\n<td>M 16 X 1.5<\/td>\n<td>OMRG 19L<\/td>\n<td>81<\/td>\n<td>15<\/td>\n<td>22<\/td>\n<td>5-10<\/td>\n<\/tr>\n<tr>\n<td>M 20 X 1.5<\/td>\n<td>OMRG 20L<\/td>\n<td>89<\/td>\n<td>15<\/td>\n<td>24<\/td>\n<td>6-12<\/td>\n<\/tr>\n<tr>\n<td>M 20 X 1.5<\/td>\n<td>OMRG 21L<\/td>\n<td>107<\/td>\n<td>15<\/td>\n<td>27<\/td>\n<td>10-14<\/td>\n<\/tr>\n<tr>\n<td>M 25 X 1.5<\/td>\n<td>OMRG 22L<\/td>\n<td>124<\/td>\n<td>15<\/td>\n<td>33<\/td>\n<td>13-18<\/td>\n<\/tr>\n<\/tbody>\n<\/table>\n<p>&nbsp;<\/p>","protected":false},"excerpt":{"rendered":"<h3>\u041c\u0430\u0442\u0435\u0440\u0438\u0430\u043b<\/h3>\n<table>\n<tbody>\n<tr>\n<td><strong>\u041a\u0430\u043f\u043e\u0442<\/strong><\/td>\n<td>\u041f\u043e\u043b\u0438\u0430\u043c\u0438\u0434 PA6 V2<\/td>\n<\/tr>\n<tr>\n<td><strong>\u041f\u043b\u043e\u043c\u0431\u0430\u043b\u043e\u043e\u0447\u0443 \u043f\u0440\u043e\u043a\u043b\u0430\u0434\u043a\u0430<\/strong><\/td>\n<td>POS<\/td>\n<\/tr>\n<tr>\n<td><strong>\u0414\u0435\u043d\u0435<\/strong><\/td>\n<td>\u041f\u043e\u043b\u0438\u0430\u043c\u0438\u0434 PA6 V2<\/td>\n<\/tr>\n<tr>\n<td><strong>\u041e \u0448\u0430\u043a\u0435\u043a<\/strong><\/td>\n<td>NBR (\u043c\u0438\u043b\u0434\u0435\u0442\u0442\u04af\u04af \u044d\u043c\u0435\u0441)<\/td>\n<\/tr>\n<tr>\n<td><strong>Thread Type<\/strong><\/td>\n<td>\u041c\u0435\u0442\u0440\u0438\u043a\u0430\u043b\u044b\u043a (EN 60423)<\/td>\n<\/tr>\n<tr>\n<td><strong>\u0422\u044b\u0433\u044b\u0437\u0434\u044b\u043a<\/strong><\/td>\n<td>IP68<\/td>\n<\/tr>\n<tr>\n<td><strong>\u04ae\u0437\u0433\u04af\u043b\u0442\u04af\u043a\u0441\u04af\u0437 \u0438\u0448\u0442\u04e9\u04e9 \u0442\u0435\u043c\u043f\u0435\u0440\u0430\u0442\u0443\u0440\u0430\u0441\u044b<\/strong><\/td>\n<td>-20 \u00baC +100 \u00baC<\/td>\n<\/tr>\n<\/tbody>\n<\/table>","protected":false},"featured_media":3070,"template":"","meta":{"_kad_blocks_custom_css":"","_kad_blocks_head_custom_js":"","_kad_blocks_body_custom_js":"","_kad_blocks_footer_custom_js":"","_kadence_starter_templates_imported_post":false,"_kad_post_transparent":"default","_kad_post_title":"","_kad_post_layout":"default","_kad_post_sidebar_id":"","_kad_post_content_style":"default","_kad_post_vertical_padding":"default","_kad_post_feature":"","_kad_post_feature_position":"","_kad_post_header":false,"_kad_post_footer":false},"product_cat":[29,50],"product_tag":[],"class_list":{"0":"post-1558","1":"product","2":"type-product","3":"status-publish","4":"has-post-thumbnail","6":"product_cat-prensaestopas-y-accesorios-plasticos-de-poliamida","7":"product_cat-prensaestopas-antitorsion-poliamida-ip-68","9":"first","10":"instock","11":"shipping-taxable","12":"product-type-simple","13":"entry","14":"content-bg","15":"loop-entry"},"yoast_head":"<!-- This site is optimized with the Yoast SEO plugin v21.7 - https:\/\/yoast.com\/wordpress\/plugins\/seo\/ -->\n<title>Prensaestopas M\u00e9trica Antitorsi\u00f3n Poliamida IP-68 Gris Oscuro - Fleximat<\/title>\n<meta name=\"robots\" content=\"index, follow, max-snippet:-1, max-image-preview:large, max-video-preview:-1\" \/>\n<link rel=\"canonical\" href=\"https:\/\/www.fleximat.es\/ky\/product\/prensaestopas-metrica-antitorsion-poliamida-ip-68-gris-oscuro\/\" \/>\n<meta property=\"og:locale\" content=\"en_US\" \/>\n<meta property=\"og:type\" content=\"article\" \/>\n<meta property=\"og:title\" content=\"Prensaestopas M\u00e9trica Antitorsi\u00f3n Poliamida IP-68 Gris Oscuro - Fleximat\" \/>\n<meta property=\"og:description\" content=\"Material    Sombrerete Poliamida PA6 V2   Junta de sellado TPV   Cuerpo Poliamida PA6 V2   Junta t\u00f3rica NBR (opcional)   Tipo de Rosca M\u00e9trica (EN 60423)   Estanqueidad IP68   Temperatura de trabajo continua -20 \u00baC +100 \u00baC\" \/>\n<meta property=\"og:url\" content=\"https:\/\/www.fleximat.es\/ky\/product\/prensaestopas-metrica-antitorsion-poliamida-ip-68-gris-oscuro\/\" \/>\n<meta property=\"og:site_name\" content=\"Fleximat\" \/>\n<meta property=\"article:modified_time\" content=\"2023-12-03T11:43:06+00:00\" \/>\n<meta property=\"og:image\" content=\"https:\/\/www.fleximat.es\/wp-content\/uploads\/2023\/12\/th_crop_1571673251prensa-ip68-antitorsion-gris-oscuro.png\" \/>\n\t<meta property=\"og:image:width\" content=\"800\" \/>\n\t<meta property=\"og:image:height\" content=\"800\" \/>\n\t<meta property=\"og:image:type\" content=\"image\/png\" \/>\n<meta name=\"twitter:card\" content=\"summary_large_image\" \/>\n<meta name=\"twitter:label1\" content=\"Est. reading time\" \/>\n\t<meta name=\"twitter:data1\" content=\"1 \u043c\u04af\u043d\u04e9\u0442\" \/>\n<script type=\"application\/ld+json\" class=\"yoast-schema-graph\">{\"@context\":\"https:\/\/schema.org\",\"@graph\":[{\"@type\":\"WebPage\",\"@id\":\"https:\/\/www.fleximat.es\/producto\/prensaestopas-metrica-antitorsion-poliamida-ip-68-gris-oscuro\/\",\"url\":\"https:\/\/www.fleximat.es\/producto\/prensaestopas-metrica-antitorsion-poliamida-ip-68-gris-oscuro\/\",\"name\":\"Prensaestopas M\u00e9trica Antitorsi\u00f3n Poliamida IP-68 Gris Oscuro - Fleximat\",\"isPartOf\":{\"@id\":\"https:\/\/www.fleximat.es\/bn\/#website\"},\"datePublished\":\"2023-10-18T15:52:51+00:00\",\"dateModified\":\"2023-12-03T11:43:06+00:00\",\"breadcrumb\":{\"@id\":\"https:\/\/www.fleximat.es\/producto\/prensaestopas-metrica-antitorsion-poliamida-ip-68-gris-oscuro\/#breadcrumb\"},\"inLanguage\":\"kir\",\"potentialAction\":[{\"@type\":\"ReadAction\",\"target\":[\"https:\/\/www.fleximat.es\/producto\/prensaestopas-metrica-antitorsion-poliamida-ip-68-gris-oscuro\/\"]}]},{\"@type\":\"BreadcrumbList\",\"@id\":\"https:\/\/www.fleximat.es\/producto\/prensaestopas-metrica-antitorsion-poliamida-ip-68-gris-oscuro\/#breadcrumb\",\"itemListElement\":[{\"@type\":\"ListItem\",\"position\":1,\"name\":\"Portada\",\"item\":\"https:\/\/www.fleximat.es\/\"},{\"@type\":\"ListItem\",\"position\":2,\"name\":\"Productos\",\"item\":\"https:\/\/www.fleximat.es\/en\/productos\/\"},{\"@type\":\"ListItem\",\"position\":3,\"name\":\"Prensaestopas M\u00e9trica Antitorsi\u00f3n Poliamida IP-68 Gris Oscuro\"}]},{\"@type\":\"WebSite\",\"@id\":\"https:\/\/www.fleximat.es\/bn\/#website\",\"url\":\"https:\/\/www.fleximat.es\/bn\/\",\"name\":\"Fleximat\",\"description\":\"Tu soluci\u00f3n en prensaestopas y tubos flexibles\",\"publisher\":{\"@id\":\"https:\/\/www.fleximat.es\/bn\/#organization\"},\"potentialAction\":[{\"@type\":\"SearchAction\",\"target\":{\"@type\":\"EntryPoint\",\"urlTemplate\":\"https:\/\/www.fleximat.es\/bn\/?s={search_term_string}\"},\"query-input\":\"required name=search_term_string\"}],\"inLanguage\":\"kir\"},{\"@type\":\"Organization\",\"@id\":\"https:\/\/www.fleximat.es\/bn\/#organization\",\"name\":\"Fleximat\",\"url\":\"https:\/\/www.fleximat.es\/bn\/\",\"logo\":{\"@type\":\"ImageObject\",\"inLanguage\":\"kir\",\"@id\":\"https:\/\/www.fleximat.es\/bn\/#\/schema\/logo\/image\/\",\"url\":\"https:\/\/www.fleximat.es\/wp-content\/uploads\/2023\/11\/fleximat-logo-1.png\",\"contentUrl\":\"https:\/\/www.fleximat.es\/wp-content\/uploads\/2023\/11\/fleximat-logo-1.png\",\"width\":1169,\"height\":289,\"caption\":\"Fleximat\"},\"image\":{\"@id\":\"https:\/\/www.fleximat.es\/bn\/#\/schema\/logo\/image\/\"}}]}<\/script>\n<!-- \/ Yoast SEO plugin. -->","yoast_head_json":{"title":"Prensaestopas M\u00e9trica Antitorsi\u00f3n Poliamida IP-68 Gris Oscuro - Fleximat","robots":{"index":"index","follow":"follow","max-snippet":"max-snippet:-1","max-image-preview":"max-image-preview:large","max-video-preview":"max-video-preview:-1"},"canonical":"https:\/\/www.fleximat.es\/ky\/product\/prensaestopas-metrica-antitorsion-poliamida-ip-68-gris-oscuro\/","og_locale":"en_US","og_type":"article","og_title":"Prensaestopas M\u00e9trica Antitorsi\u00f3n Poliamida IP-68 Gris Oscuro - Fleximat","og_description":"Material    Sombrerete Poliamida PA6 V2   Junta de sellado TPV   Cuerpo Poliamida PA6 V2   Junta t\u00f3rica NBR (opcional)   Tipo de Rosca M\u00e9trica (EN 60423)   Estanqueidad IP68   Temperatura de trabajo continua -20 \u00baC +100 \u00baC","og_url":"https:\/\/www.fleximat.es\/ky\/product\/prensaestopas-metrica-antitorsion-poliamida-ip-68-gris-oscuro\/","og_site_name":"Fleximat","article_modified_time":"2023-12-03T11:43:06+00:00","og_image":[{"width":800,"height":800,"url":"https:\/\/www.fleximat.es\/wp-content\/uploads\/2023\/12\/th_crop_1571673251prensa-ip68-antitorsion-gris-oscuro.png","type":"image\/png"}],"twitter_card":"summary_large_image","twitter_misc":{"Est. reading time":"1 \u043c\u04af\u043d\u04e9\u0442"},"schema":{"@context":"https:\/\/schema.org","@graph":[{"@type":"WebPage","@id":"https:\/\/www.fleximat.es\/producto\/prensaestopas-metrica-antitorsion-poliamida-ip-68-gris-oscuro\/","url":"https:\/\/www.fleximat.es\/producto\/prensaestopas-metrica-antitorsion-poliamida-ip-68-gris-oscuro\/","name":"Prensaestopas M\u00e9trica Antitorsi\u00f3n Poliamida IP-68 Gris Oscuro - Fleximat","isPartOf":{"@id":"https:\/\/www.fleximat.es\/bn\/#website"},"datePublished":"2023-10-18T15:52:51+00:00","dateModified":"2023-12-03T11:43:06+00:00","breadcrumb":{"@id":"https:\/\/www.fleximat.es\/producto\/prensaestopas-metrica-antitorsion-poliamida-ip-68-gris-oscuro\/#breadcrumb"},"inLanguage":"kir","potentialAction":[{"@type":"ReadAction","target":["https:\/\/www.fleximat.es\/producto\/prensaestopas-metrica-antitorsion-poliamida-ip-68-gris-oscuro\/"]}]},{"@type":"BreadcrumbList","@id":"https:\/\/www.fleximat.es\/producto\/prensaestopas-metrica-antitorsion-poliamida-ip-68-gris-oscuro\/#breadcrumb","itemListElement":[{"@type":"ListItem","position":1,"name":"Portada","item":"https:\/\/www.fleximat.es\/"},{"@type":"ListItem","position":2,"name":"Productos","item":"https:\/\/www.fleximat.es\/en\/productos\/"},{"@type":"ListItem","position":3,"name":"Prensaestopas M\u00e9trica Antitorsi\u00f3n Poliamida IP-68 Gris Oscuro"}]},{"@type":"WebSite","@id":"https:\/\/www.fleximat.es\/bn\/#website","url":"https:\/\/www.fleximat.es\/bn\/","name":"Fleximat","description":"Tu soluci\u00f3n en prensaestopas y tubos flexibles","publisher":{"@id":"https:\/\/www.fleximat.es\/bn\/#organization"},"potentialAction":[{"@type":"SearchAction","target":{"@type":"EntryPoint","urlTemplate":"https:\/\/www.fleximat.es\/bn\/?s={search_term_string}"},"query-input":"required name=search_term_string"}],"inLanguage":"kir"},{"@type":"Organization","@id":"https:\/\/www.fleximat.es\/bn\/#organization","name":"Fleximat","url":"https:\/\/www.fleximat.es\/bn\/","logo":{"@type":"ImageObject","inLanguage":"kir","@id":"https:\/\/www.fleximat.es\/bn\/#\/schema\/logo\/image\/","url":"https:\/\/www.fleximat.es\/wp-content\/uploads\/2023\/11\/fleximat-logo-1.png","contentUrl":"https:\/\/www.fleximat.es\/wp-content\/uploads\/2023\/11\/fleximat-logo-1.png","width":1169,"height":289,"caption":"Fleximat"},"image":{"@id":"https:\/\/www.fleximat.es\/bn\/#\/schema\/logo\/image\/"}}]}},"taxonomy_info":{"product_cat":[{"value":29,"label":"Prensaestopas y accesorios pl\u00e1sticos de Poliamida"},{"value":50,"label":"Prensaestopas Antitorsi\u00f3n poliamida IP-68"}]},"featured_image_src_large":["https:\/\/www.fleximat.es\/wp-content\/uploads\/2023\/12\/th_crop_1571673251prensa-ip68-antitorsion-gris-oscuro.png",800,800,false],"author_info":[],"comment_info":"","_links":{"self":[{"href":"https:\/\/www.fleximat.es\/ky\/wp-json\/wp\/v2\/product\/1558"}],"collection":[{"href":"https:\/\/www.fleximat.es\/ky\/wp-json\/wp\/v2\/product"}],"about":[{"href":"https:\/\/www.fleximat.es\/ky\/wp-json\/wp\/v2\/types\/product"}],"wp:featuredmedia":[{"embeddable":true,"href":"https:\/\/www.fleximat.es\/ky\/wp-json\/wp\/v2\/media\/3070"}],"wp:attachment":[{"href":"https:\/\/www.fleximat.es\/ky\/wp-json\/wp\/v2\/media?parent=1558"}],"wp:term":[{"taxonomy":"product_cat","embeddable":true,"href":"https:\/\/www.fleximat.es\/ky\/wp-json\/wp\/v2\/product_cat?post=1558"},{"taxonomy":"product_tag","embeddable":true,"href":"https:\/\/www.fleximat.es\/ky\/wp-json\/wp\/v2\/product_tag?post=1558"}],"curies":[{"name":"wp","href":"https:\/\/api.w.org\/{rel}","templated":true}]}}