{"id":1613,"date":"2023-10-18T17:53:14","date_gmt":"2023-10-18T15:53:14","guid":{"rendered":"https:\/\/www.fleximat.es\/?post_type=product&#038;p=1613"},"modified":"2023-12-03T13:10:34","modified_gmt":"2023-12-03T12:10:34","slug":"prensaestopas-a2-pg-metalico-ip-54","status":"publish","type":"product","link":"https:\/\/www.fleximat.es\/ky\/product\/prensaestopas-a2-pg-metalico-ip-54\/","title":{"rendered":"Prensaestopas A2 PG Met\u00e1lico IP-54"},"content":{"rendered":"<h4>Properties<\/h4>\n<p>Gran estabilidad mec\u00e1nica<br \/>\nApriete de cable optimo<br \/>\nF\u00e1cil de montar[<br \/>\nVersi\u00f3n de rosca larga<br \/>\n\u0413\u0430\u043b\u043e\u0433\u0435\u043d\u0441\u0438\u0437<\/p>\n<h3>\u041f\u0440\u043e\u0434\u0443\u043a\u0442 \u0441\u04af\u0440\u04e9\u0442\u0442\u04e9\u043c\u04e9\u0441\u04af<\/h3>\n<p>\u041c\u0435\u0442\u0430\u043b\u043b \u043a\u0430\u0431\u0435\u043b\u0434\u0438\u043a \u0431\u0435\u0437\u0438 - \u0431\u0443\u043b \u044d\u0440\u043a\u0435\u043a \u0436\u0438\u043f\u0442\u0438\u043d \u0436\u0430\u0440\u0434\u0430\u043c\u044b \u043c\u0435\u043d\u0435\u043d \u044d\u043a\u0438\u043d\u0447\u0438 \u0443\u0447\u0443 \u043c\u0435\u043d\u0435\u043d \u0431\u0430\u0439\u043b\u0430\u043d\u044b\u0448\u0442\u044b \u043a\u0430\u043c\u0441\u044b\u0437 \u043a\u044b\u043b\u0443\u0443 \u043c\u0435\u043d\u0435\u043d \u0431\u0438\u0440 \u0443\u0447\u0443\u043d\u0434\u0430 \u043a\u044b\u0441\u0443\u0443 \u043f\u043b\u043e\u043c\u0431\u0430\u0441\u044b\u043d \u0436\u0430\u0441\u043e\u043e\u0433\u043e \u043c\u04af\u043c\u043a\u04af\u043d\u0434\u04af\u043a \u0431\u0435\u0440\u0433\u0435\u043d \u043a\u0435\u0441\u0438\u043c.<\/p>\n<p>\u041c\u0435\u0442\u0430\u043b\u043b \u043a\u0430\u0431\u0435\u043b\u0434\u0438\u043a \u0431\u0435\u0437\u0434\u0435\u0440\u0438 \u043c\u0435\u0445\u0430\u043d\u0438\u043a\u0430\u043b\u044b\u043a, \u0445\u0438\u043c\u0438\u044f\u043b\u044b\u043a \u0436\u0435 \u0430\u0442\u043a\u0430\u0440\u0443\u0443\u0447\u0443\u043b\u0443\u043a \u043a\u0430\u0441\u0438\u0435\u0442\u0442\u0435\u0440\u0434\u0438\u043d \u043a\u04e9\u043f \u0442\u04af\u0440\u0434\u04af\u04af\u043b\u04af\u0433\u04af\u043d \u0441\u0443\u043d\u0443\u0448\u0442\u0430\u0439\u0442. \u041a\u0430\u0431\u0435\u043b\u0434\u0438\u043a \u0442\u04af\u0439\u04af\u043d\u0434\u04e9\u0440 \u0442\u0435\u0437 \u0436\u044b\u0439\u043d\u0430\u043b\u0430\u0442 \u0436\u0430\u043d\u0430 \u043e\u0440\u043d\u043e\u0442\u0443\u0443 \u043e\u04a3\u043e\u0439. \u0410\u043b\u0430\u0440 \u043a\u0435\u04a3 \u0438\u0448 \u0442\u0435\u043c\u043f\u0435\u0440\u0430\u0442\u0443\u0440\u0430\u0441\u044b \u0434\u0438\u0430\u043f\u0430\u0437\u043e\u043d\u0443 \u0431\u0430\u0440.<\/p>\n<p>\u041c\u0435\u0445\u0430\u043d\u0438\u043a\u0430\u043b\u044b\u043a \u0436\u0430\u043a\u0442\u0430\u043d \u0430\u043b\u0430\u0440 \u0430\u0440 \u043a\u0430\u043d\u0434\u0430\u0439 \u0442\u04af\u0440\u0434\u04e9\u0433\u04af \u0442\u0430\u0440\u0442\u044b\u043b\u0443\u0443, \u0442\u0438\u0442\u0438\u0440\u04e9\u04e9 \u0436\u0430\u043d\u0430 \u0441\u043e\u043a\u043a\u0443\u0433\u0430 \u0442\u0443\u0440\u0443\u0448\u0442\u0443\u043a \u0431\u0435\u0440\u0435\u0442 \u0436\u0430\u043d\u0430 \u0441\u043e\u0440\u0443\u043f \u0430\u043b\u0430\u0442.<\/p>\n<p>A2 Metric Metallic IP-54 Cable Gland \u0436\u0430\u04a3\u044b \u043c\u043e\u0434\u0435\u043b\u0433\u0435 \u043a\u0430\u0440\u0430\u0433\u0430\u043d\u0434\u0430 \u044d\u0441\u043a\u0438 \u0434\u0438\u0437\u0430\u0439\u043d\u044b \u043c\u0435\u043d\u0435\u043d \u044d\u0441\u043a\u0438 \u0432\u0435\u0440\u0441\u0438\u044f.<\/p>\n<div class=\"table-responsive\">\n<table class=\"table table-bordered table-striped\">\n<thead>\n<tr>\n<td>\u0416\u0438\u043f<\/td>\n<td>Code<\/td>\n<td>H \u043c\u043c<\/td>\n<td>GL \u043c\u043c<\/td>\n<td>\u043c\u043c<\/td>\n<td>\u043c\u043c<\/td>\n<\/tr>\n<\/thead>\n<tbody>\n<tr>\n<td>PG 7<\/td>\n<td>DOPR 01<\/td>\n<td>16<\/td>\n<td>5<\/td>\n<td>14<\/td>\n<td>3,5 &#8211; 6<\/td>\n<\/tr>\n<tr>\n<td>PG 9<\/td>\n<td>DOPR 02<\/td>\n<td>17<\/td>\n<td>6<\/td>\n<td>17<\/td>\n<td>4,5 &#8211; 7<\/td>\n<\/tr>\n<tr>\n<td>PG 11<\/td>\n<td>DOPR 03<\/td>\n<td>18<\/td>\n<td>6<\/td>\n<td>20<\/td>\n<td>6 &#8211; 9<\/td>\n<\/tr>\n<tr>\n<td>GP 13.5<\/td>\n<td>DOPR 04<\/td>\n<td>19<\/td>\n<td>6,5<\/td>\n<td>22<\/td>\n<td>9 &#8211; 12<\/td>\n<\/tr>\n<tr>\n<td>PG 16<\/td>\n<td>DOPR 05<\/td>\n<td>20,5<\/td>\n<td>6,5<\/td>\n<td>24<\/td>\n<td>11 &#8211; 14<\/td>\n<\/tr>\n<tr>\n<td>PG 21<\/td>\n<td>DOPR 06<\/td>\n<td>22,5<\/td>\n<td>7<\/td>\n<td>30<\/td>\n<td>14 &#8211; 18<\/td>\n<\/tr>\n<tr>\n<td>PG 29<\/td>\n<td>DOPR 07<\/td>\n<td>25<\/td>\n<td>8<\/td>\n<td>40<\/td>\n<td>18 &#8211; 25<\/td>\n<\/tr>\n<tr>\n<td>PG 36<\/td>\n<td>DOPR 08<\/td>\n<td>30<\/td>\n<td>8<\/td>\n<td>50<\/td>\n<td>25 &#8211; 32<\/td>\n<\/tr>\n<tr>\n<td>PG 42<\/td>\n<td>DOPR\u00a0 09<\/td>\n<td>34<\/td>\n<td>9<\/td>\n<td>60<\/td>\n<td>30 &#8211; 38<\/td>\n<\/tr>\n<tr>\n<td>PG 48<\/td>\n<td>DOPR 10<\/td>\n<td>47<\/td>\n<td>15<\/td>\n<td>70<\/td>\n<td>38 &#8211; 44<\/td>\n<\/tr>\n<tr>\n<td>PG 48<\/td>\n<td>DOPR 11<\/td>\n<td>47<\/td>\n<td>15<\/td>\n<td>70<\/td>\n<td>40 &#8211; 49<\/td>\n<\/tr>\n<\/tbody>\n<\/table>\n<\/div>","protected":false},"excerpt":{"rendered":"<h3>\u041c\u04af\u043d\u04e9\u0437\u0434\u04e9\u043c\u04e9\u043b\u04e9\u0440\u04af<\/h3>\n<table>\n<tbody>\n<tr>\n<td><strong>\u041a\u0430\u043f\u043e\u0442<\/strong><\/td>\n<td>\u041c\u0435\u043d\u0435\u043d \u043a\u0430\u043f\u0442\u0430\u043b\u0433\u0430\u043d \u0436\u0435\u0437<\/td>\n<\/tr>\n<tr>\n<td><strong>\u041f\u043b\u043e\u043c\u0431\u0430\u043b\u043e\u043e\u0447\u0443 \u043f\u0440\u043e\u043a\u043b\u0430\u0434\u043a\u0430<\/strong><\/td>\n<td>POS<\/td>\n<\/tr>\n<tr>\n<td><strong>\u041e \u0448\u0430\u043a\u0435\u043a<\/strong><\/td>\n<td>NBR<\/td>\n<\/tr>\n<tr>\n<td><strong>Thread Type<\/strong><\/td>\n<td>\u041c\u0435\u0442\u0440\u0438\u043a\u0430\u043b\u044b\u043a (EN 60423)<\/td>\n<\/tr>\n<tr>\n<td><strong>\u0422\u044b\u0433\u044b\u0437\u0434\u044b\u043a<\/strong><\/td>\n<td>IP54<\/td>\n<\/tr>\n<tr>\n<td><strong>\u04ae\u0437\u0433\u04af\u043b\u0442\u04af\u043a\u0441\u04af\u0437 \u0438\u0448\u0442\u04e9\u04e9 \u0442\u0435\u043c\u043f\u0435\u0440\u0430\u0442\u0443\u0440\u0430\u0441\u044b<\/strong><\/td>\n<td>-40 \u00baC +100 \u00baC +150 \u00baC (\u0443\u0431\u0430\u043a\u0442\u044b\u043b\u0443\u0443)<\/td>\n<\/tr>\n<\/tbody>\n<\/table>","protected":false},"featured_media":3081,"template":"","meta":{"_kad_blocks_custom_css":"","_kad_blocks_head_custom_js":"","_kad_blocks_body_custom_js":"","_kad_blocks_footer_custom_js":"","_kadence_starter_templates_imported_post":false,"_kad_post_transparent":"default","_kad_post_title":"","_kad_post_layout":"default","_kad_post_sidebar_id":"","_kad_post_content_style":"default","_kad_post_vertical_padding":"default","_kad_post_feature":"","_kad_post_feature_position":"","_kad_post_header":false,"_kad_post_footer":false},"product_cat":[31,64],"product_tag":[],"class_list":{"0":"post-1613","1":"product","2":"type-product","3":"status-publish","4":"has-post-thumbnail","6":"product_cat-prensaestopas-y-accesorios-metalicos","7":"product_cat-prensaestopas-metalico-ip-54","9":"first","10":"instock","11":"shipping-taxable","12":"product-type-simple","13":"entry","14":"content-bg","15":"loop-entry"},"yoast_head":"<!-- This site is optimized with the Yoast SEO plugin v21.7 - https:\/\/yoast.com\/wordpress\/plugins\/seo\/ -->\n<title>Prensaestopas A2 PG Met\u00e1lico IP-54 - Fleximat<\/title>\n<meta name=\"robots\" content=\"index, follow, max-snippet:-1, max-image-preview:large, max-video-preview:-1\" \/>\n<link rel=\"canonical\" href=\"https:\/\/www.fleximat.es\/ky\/product\/prensaestopas-a2-pg-metalico-ip-54\/\" \/>\n<meta property=\"og:locale\" content=\"en_US\" \/>\n<meta property=\"og:type\" content=\"article\" \/>\n<meta property=\"og:title\" content=\"Prensaestopas A2 PG Met\u00e1lico IP-54 - Fleximat\" \/>\n<meta property=\"og:description\" content=\"Caracter\u00edsticas    Sombrerete Lat\u00f3n Niquelado   Junta de sellado TPV   Junta t\u00f3rica NBR   Tipo de Rosca M\u00e9trica (EN 60423)   Estanqueidad IP54   Temperatura de trabajo continua -40 \u00baC +100 \u00baC +150 \u00baC (temporal)\" \/>\n<meta property=\"og:url\" content=\"https:\/\/www.fleximat.es\/ky\/product\/prensaestopas-a2-pg-metalico-ip-54\/\" \/>\n<meta property=\"og:site_name\" content=\"Fleximat\" \/>\n<meta property=\"article:modified_time\" content=\"2023-12-03T12:10:34+00:00\" \/>\n<meta property=\"og:image\" content=\"https:\/\/www.fleximat.es\/wp-content\/uploads\/2023\/12\/th_crop_1571905478prensa-metalico-ip-54.png\" \/>\n\t<meta property=\"og:image:width\" content=\"600\" \/>\n\t<meta property=\"og:image:height\" content=\"600\" \/>\n\t<meta property=\"og:image:type\" content=\"image\/png\" \/>\n<meta name=\"twitter:card\" content=\"summary_large_image\" \/>\n<meta name=\"twitter:label1\" content=\"Est. reading time\" \/>\n\t<meta name=\"twitter:data1\" content=\"1 \u043c\u04af\u043d\u04e9\u0442\" \/>\n<script type=\"application\/ld+json\" class=\"yoast-schema-graph\">{\"@context\":\"https:\/\/schema.org\",\"@graph\":[{\"@type\":\"WebPage\",\"@id\":\"https:\/\/www.fleximat.es\/producto\/prensaestopas-a2-pg-metalico-ip-54\/\",\"url\":\"https:\/\/www.fleximat.es\/producto\/prensaestopas-a2-pg-metalico-ip-54\/\",\"name\":\"Prensaestopas A2 PG Met\u00e1lico IP-54 - Fleximat\",\"isPartOf\":{\"@id\":\"https:\/\/www.fleximat.es\/bn\/#website\"},\"datePublished\":\"2023-10-18T15:53:14+00:00\",\"dateModified\":\"2023-12-03T12:10:34+00:00\",\"breadcrumb\":{\"@id\":\"https:\/\/www.fleximat.es\/producto\/prensaestopas-a2-pg-metalico-ip-54\/#breadcrumb\"},\"inLanguage\":\"kir\",\"potentialAction\":[{\"@type\":\"ReadAction\",\"target\":[\"https:\/\/www.fleximat.es\/producto\/prensaestopas-a2-pg-metalico-ip-54\/\"]}]},{\"@type\":\"BreadcrumbList\",\"@id\":\"https:\/\/www.fleximat.es\/producto\/prensaestopas-a2-pg-metalico-ip-54\/#breadcrumb\",\"itemListElement\":[{\"@type\":\"ListItem\",\"position\":1,\"name\":\"Portada\",\"item\":\"https:\/\/www.fleximat.es\/\"},{\"@type\":\"ListItem\",\"position\":2,\"name\":\"Productos\",\"item\":\"https:\/\/www.fleximat.es\/en\/productos\/\"},{\"@type\":\"ListItem\",\"position\":3,\"name\":\"Prensaestopas A2 PG Met\u00e1lico IP-54\"}]},{\"@type\":\"WebSite\",\"@id\":\"https:\/\/www.fleximat.es\/bn\/#website\",\"url\":\"https:\/\/www.fleximat.es\/bn\/\",\"name\":\"Fleximat\",\"description\":\"Tu soluci\u00f3n en prensaestopas y tubos flexibles\",\"publisher\":{\"@id\":\"https:\/\/www.fleximat.es\/bn\/#organization\"},\"potentialAction\":[{\"@type\":\"SearchAction\",\"target\":{\"@type\":\"EntryPoint\",\"urlTemplate\":\"https:\/\/www.fleximat.es\/bn\/?s={search_term_string}\"},\"query-input\":\"required name=search_term_string\"}],\"inLanguage\":\"kir\"},{\"@type\":\"Organization\",\"@id\":\"https:\/\/www.fleximat.es\/bn\/#organization\",\"name\":\"Fleximat\",\"url\":\"https:\/\/www.fleximat.es\/bn\/\",\"logo\":{\"@type\":\"ImageObject\",\"inLanguage\":\"kir\",\"@id\":\"https:\/\/www.fleximat.es\/bn\/#\/schema\/logo\/image\/\",\"url\":\"https:\/\/www.fleximat.es\/wp-content\/uploads\/2023\/11\/fleximat-logo-1.png\",\"contentUrl\":\"https:\/\/www.fleximat.es\/wp-content\/uploads\/2023\/11\/fleximat-logo-1.png\",\"width\":1169,\"height\":289,\"caption\":\"Fleximat\"},\"image\":{\"@id\":\"https:\/\/www.fleximat.es\/bn\/#\/schema\/logo\/image\/\"}}]}<\/script>\n<!-- \/ Yoast SEO plugin. -->","yoast_head_json":{"title":"Prensaestopas A2 PG Met\u00e1lico IP-54 - Fleximat","robots":{"index":"index","follow":"follow","max-snippet":"max-snippet:-1","max-image-preview":"max-image-preview:large","max-video-preview":"max-video-preview:-1"},"canonical":"https:\/\/www.fleximat.es\/ky\/product\/prensaestopas-a2-pg-metalico-ip-54\/","og_locale":"en_US","og_type":"article","og_title":"Prensaestopas A2 PG Met\u00e1lico IP-54 - Fleximat","og_description":"Caracter\u00edsticas    Sombrerete Lat\u00f3n Niquelado   Junta de sellado TPV   Junta t\u00f3rica NBR   Tipo de Rosca M\u00e9trica (EN 60423)   Estanqueidad IP54   Temperatura de trabajo continua -40 \u00baC +100 \u00baC +150 \u00baC (temporal)","og_url":"https:\/\/www.fleximat.es\/ky\/product\/prensaestopas-a2-pg-metalico-ip-54\/","og_site_name":"Fleximat","article_modified_time":"2023-12-03T12:10:34+00:00","og_image":[{"width":600,"height":600,"url":"https:\/\/www.fleximat.es\/wp-content\/uploads\/2023\/12\/th_crop_1571905478prensa-metalico-ip-54.png","type":"image\/png"}],"twitter_card":"summary_large_image","twitter_misc":{"Est. reading time":"1 \u043c\u04af\u043d\u04e9\u0442"},"schema":{"@context":"https:\/\/schema.org","@graph":[{"@type":"WebPage","@id":"https:\/\/www.fleximat.es\/producto\/prensaestopas-a2-pg-metalico-ip-54\/","url":"https:\/\/www.fleximat.es\/producto\/prensaestopas-a2-pg-metalico-ip-54\/","name":"Prensaestopas A2 PG Met\u00e1lico IP-54 - Fleximat","isPartOf":{"@id":"https:\/\/www.fleximat.es\/bn\/#website"},"datePublished":"2023-10-18T15:53:14+00:00","dateModified":"2023-12-03T12:10:34+00:00","breadcrumb":{"@id":"https:\/\/www.fleximat.es\/producto\/prensaestopas-a2-pg-metalico-ip-54\/#breadcrumb"},"inLanguage":"kir","potentialAction":[{"@type":"ReadAction","target":["https:\/\/www.fleximat.es\/producto\/prensaestopas-a2-pg-metalico-ip-54\/"]}]},{"@type":"BreadcrumbList","@id":"https:\/\/www.fleximat.es\/producto\/prensaestopas-a2-pg-metalico-ip-54\/#breadcrumb","itemListElement":[{"@type":"ListItem","position":1,"name":"Portada","item":"https:\/\/www.fleximat.es\/"},{"@type":"ListItem","position":2,"name":"Productos","item":"https:\/\/www.fleximat.es\/en\/productos\/"},{"@type":"ListItem","position":3,"name":"Prensaestopas A2 PG Met\u00e1lico IP-54"}]},{"@type":"WebSite","@id":"https:\/\/www.fleximat.es\/bn\/#website","url":"https:\/\/www.fleximat.es\/bn\/","name":"Fleximat","description":"Tu soluci\u00f3n en prensaestopas y tubos flexibles","publisher":{"@id":"https:\/\/www.fleximat.es\/bn\/#organization"},"potentialAction":[{"@type":"SearchAction","target":{"@type":"EntryPoint","urlTemplate":"https:\/\/www.fleximat.es\/bn\/?s={search_term_string}"},"query-input":"required name=search_term_string"}],"inLanguage":"kir"},{"@type":"Organization","@id":"https:\/\/www.fleximat.es\/bn\/#organization","name":"Fleximat","url":"https:\/\/www.fleximat.es\/bn\/","logo":{"@type":"ImageObject","inLanguage":"kir","@id":"https:\/\/www.fleximat.es\/bn\/#\/schema\/logo\/image\/","url":"https:\/\/www.fleximat.es\/wp-content\/uploads\/2023\/11\/fleximat-logo-1.png","contentUrl":"https:\/\/www.fleximat.es\/wp-content\/uploads\/2023\/11\/fleximat-logo-1.png","width":1169,"height":289,"caption":"Fleximat"},"image":{"@id":"https:\/\/www.fleximat.es\/bn\/#\/schema\/logo\/image\/"}}]}},"taxonomy_info":{"product_cat":[{"value":31,"label":"Prensaestopas y accesorios met\u00e1licos"},{"value":64,"label":"Prensaestopas Met\u00e1lico IP-54"}]},"featured_image_src_large":["https:\/\/www.fleximat.es\/wp-content\/uploads\/2023\/12\/th_crop_1571905478prensa-metalico-ip-54.png",600,600,false],"author_info":[],"comment_info":"","_links":{"self":[{"href":"https:\/\/www.fleximat.es\/ky\/wp-json\/wp\/v2\/product\/1613"}],"collection":[{"href":"https:\/\/www.fleximat.es\/ky\/wp-json\/wp\/v2\/product"}],"about":[{"href":"https:\/\/www.fleximat.es\/ky\/wp-json\/wp\/v2\/types\/product"}],"wp:featuredmedia":[{"embeddable":true,"href":"https:\/\/www.fleximat.es\/ky\/wp-json\/wp\/v2\/media\/3081"}],"wp:attachment":[{"href":"https:\/\/www.fleximat.es\/ky\/wp-json\/wp\/v2\/media?parent=1613"}],"wp:term":[{"taxonomy":"product_cat","embeddable":true,"href":"https:\/\/www.fleximat.es\/ky\/wp-json\/wp\/v2\/product_cat?post=1613"},{"taxonomy":"product_tag","embeddable":true,"href":"https:\/\/www.fleximat.es\/ky\/wp-json\/wp\/v2\/product_tag?post=1613"}],"curies":[{"name":"wp","href":"https:\/\/api.w.org\/{rel}","templated":true}]}}