{"id":1623,"date":"2023-10-18T17:53:15","date_gmt":"2023-10-18T15:53:15","guid":{"rendered":"https:\/\/www.fleximat.es\/?post_type=product&#038;p=1623"},"modified":"2023-12-04T17:22:01","modified_gmt":"2023-12-04T16:22:01","slug":"tapon-ventilacion-pg-poliamida-ip-68","status":"publish","type":"product","link":"https:\/\/www.fleximat.es\/ky\/product\/tapon-ventilacion-pg-poliamida-ip-68\/","title":{"rendered":"Tap\u00f3n Ventilaci\u00f3n PG Poliamida IP-68"},"content":{"rendered":"<h4>Properties<\/h4>\n<p>\u0416\u0435\u043b\u0434\u0435\u0442\u04af\u04af \u0441\u0438\u0441\u0442\u0435\u043c\u0430\u0441\u044b: \u041d\u0435\u0439\u043b\u043e\u043d \u0442\u0430\u044f\u043d\u044b\u0447\u0442\u0430\u0433\u044b \u0430\u043a\u0440\u0438\u043b\u0434\u0438\u043a \u043a\u043e-\u043f\u043e\u043b\u0438\u043c\u0435\u0440 (\u0433\u0438\u0434\u0440\u043e\u0444\u043e\u0431\u0434\u0443\u043a-\u043e\u043b\u0435\u043e\u0444\u043e\u0431\u0434\u0443\u043a).<\/p>\n<p>\u0421\u0438\u0441\u0442\u0435\u043c\u0430\u043d\u044b\u043d \u0438\u0447\u043a\u0438 \u0436\u0430\u043d\u0430 \u0442\u044b\u0448\u043a\u044b \u0431\u0430\u0441\u044b\u043c\u044b\u043d \u0442\u0435\u04a3\u0434\u04e9\u04e9. \u0423\u043b\u0443\u0443 \u0436\u0435\u043b\u0434\u0435\u0442\u04af\u04af \u0430\u0433\u044b\u043c\u044b.<\/p>\n<p>\u0410\u043f\u043f\u0430\u0440\u0430\u0442\u0442\u044b\u043d \u0438\u0447\u0438\u043d\u0434\u0435 \u043a\u043e\u0440\u0440\u043e\u0437\u0438\u044f\u0433\u0430 \u0436\u0430\u043d\u0430 \u0441\u0443\u0443\u043d\u0443\u043d \u043a\u043e\u043d\u0434\u0435\u043d\u0441\u0430\u0446\u0438\u044f\u0441\u044b\u043d\u0430 \u0436\u043e\u043b \u0431\u0435\u0440\u0431\u0435\u0439\u0442 \u041a\u043e\u0448 \u0444\u0443\u043d\u043a\u0446\u0438\u044f: \u0421\u0430\u043b\u043c\u0430 \u043a\u0443\u0442\u0443\/\u0432\u0435\u043d\u0442\u0438\u043b\u044f\u0446\u0438\u044f \u044d\u043b\u0435\u043c\u0435\u043d\u0442\u0438. \u041a\u043e\u043b\u0434\u043e\u043d\u0443\u043b\u0433\u0430\u043d \u0436\u0435\u0440\u0434\u0435 \u0431\u0443\u044e\u043c\u0434\u0443\u043d \u0438\u0448\u0442\u04e9\u04e9 \u043c\u04e9\u04e9\u043d\u04e9\u0442\u04af\u043d \u0443\u0437\u0430\u0440\u0442\u0430\u0442.<\/p>\n<p>\u0422\u0443\u0440\u0443\u043a\u0442\u0443\u0443\u043b\u0443\u0433\u0443: UV, \u0422\u0430\u0440\u0442\u0443\u0443\u0433\u0430 \u043a\u0430\u0440\u0448\u044b, \u0425\u0438\u043c\u0438\u044f\u043b\u044b\u043a \u043f\u0440\u043e\u0434\u0443\u043a\u0442\u0443\u043b\u0430\u0440, \u0410\u043d\u0442\u0438\u0432\u0438\u0431\u0440\u0430\u0446\u0438\u044f. \u041e\u04a3\u043e\u0439 \u0447\u043e\u0433\u0443\u043b\u0442\u0443\u0443 \u0436\u0430\u043d\u0430 \u0413\u0430\u043b\u043e\u0433\u0435\u043d\u0441\u0438\u0437.<\/p>\n<p>\u041a\u043e\u043b\u0434\u043e\u043d\u0443\u0443: \u0416\u0430\u0440\u044b\u043a \u0431\u0435\u0440\u04af\u04af\u0447\u04af \u0436\u0430\u0431\u0434\u0443\u0443\u043b\u0430\u0440, \u043a\u04af\u043d \u0431\u0430\u0442\u0430\u0440\u0435\u044f\u043b\u0430\u0440\u044b, \u044d\u043b\u0435\u043a\u0442\u0440\u043e\u043d\u0434\u0443\u043a \u0436\u0430\u0431\u0434\u0443\u0443\u043b\u0430\u0440, \u0430\u0432\u0442\u043e\u043c\u0430\u0442\u0438\u043a\u0430, \u0430\u0432\u0442\u043e\u043c\u043e\u0431\u0438\u043b\u044c \u0436\u0430\u043d\u0430 \u0442\u0435\u043c\u0438\u0440 \u0436\u043e\u043b \u04e9\u043d\u04e9\u0440 \u0436\u0430\u0439\u044b<\/p>\n<h3>\u041f\u0440\u043e\u0434\u0443\u043a\u0442 \u0441\u04af\u0440\u04e9\u0442\u0442\u04e9\u043c\u04e9\u0441\u04af<\/h3>\n<p>Los tapones de ventilaci\u00f3n o anti condensaci\u00f3n se utilizan para proteger a los equipos de la oxidaci\u00f3n y rotura que pueda haber debido a los cambios de temperatura.<\/p>\n<p>Los tapones de ventilaci\u00f3n utilizan una v\u00e1lvula de pol\u00edmero para permitir un flujo de aire adecuado y ecualizar la presi\u00f3n.<\/p>\n<p>Estos tapones anti condensaci\u00f3n se suelen utilizar en equipos que trabajan en el exterior los recomendamos para todo tipo de aplicaciones, en especial el sector de la iluminaci\u00f3n.<\/p>\n<table class=\"table table-bordered table-striped\">\n<thead>\n<tr>\n<td>\u0416\u0438\u043f<\/td>\n<td>Codigo Gris RAL7035<\/td>\n<td>C\u00f3digo Negro\u00a0 RAL9005<\/td>\n<td>H<\/p>\n<p>mm.<\/td>\n<td>GL<\/p>\n<p>mm.<\/td>\n<td>mm.<\/td>\n<td>Diametro de rosca mm.<\/td>\n<td>Diametro del agujero mm.<\/td>\n<td>Flujo de aire<\/p>\n<p>\/ I\/H<\/td>\n<td>Intrusi\u00f3n de agua<\/p>\n<p>mbar<\/td>\n<\/tr>\n<\/thead>\n<tbody>\n<tr>\n<td>M12 x 1,5<\/td>\n<td>OMVPL01S<\/td>\n<td>OMVPB01S<\/td>\n<td>15<\/td>\n<td>6<\/td>\n<td>18<\/td>\n<td>12<\/td>\n<td>12,3<\/td>\n<td>16<\/td>\n<td>0,8<\/td>\n<\/tr>\n<tr>\n<td>M12 x 1,5<\/td>\n<td>OMVPL01M<\/td>\n<td>OMVPB01M<\/td>\n<td>15<\/td>\n<td>6<\/td>\n<td>18<\/td>\n<td>12<\/td>\n<td>12,3<\/td>\n<td>25<\/td>\n<td>0,5<\/td>\n<\/tr>\n<tr>\n<td>M12 x 1,5<\/td>\n<td>OMVPL01H<\/td>\n<td>OMVPB01H<\/td>\n<td>15<\/td>\n<td>6<\/td>\n<td>18<\/td>\n<td>12<\/td>\n<td>12,3<\/td>\n<td>133<\/td>\n<td>0,2<\/td>\n<\/tr>\n<tr>\n<td>M12 x 1,5<\/td>\n<td>OMVPL01UH<\/td>\n<td>OMVPB01UH<\/td>\n<td>15<\/td>\n<td>6<\/td>\n<td>18<\/td>\n<td>12<\/td>\n<td>12,3<\/td>\n<td>300<\/td>\n<td>0,1<\/td>\n<\/tr>\n<tr>\n<td>M12 x 1,5<\/td>\n<td>OMVPL01SL<\/td>\n<td>OMVPB01SL<\/td>\n<td>15<\/td>\n<td>10<\/td>\n<td>18<\/td>\n<td>12<\/td>\n<td>12,3<\/td>\n<td>16<\/td>\n<td>0,8<\/td>\n<\/tr>\n<tr>\n<td>M12 x 1,5<\/td>\n<td>OMVPL01ML<\/td>\n<td>OMVPB01ML<\/td>\n<td>15<\/td>\n<td>10<\/td>\n<td>18<\/td>\n<td>12<\/td>\n<td>12,3<\/td>\n<td>25<\/td>\n<td>0,5<\/td>\n<\/tr>\n<tr>\n<td>M12 x 1,5<\/td>\n<td>OMVPL01HL<\/td>\n<td>OMVPB01HL<\/td>\n<td>15<\/td>\n<td>10<\/td>\n<td>18<\/td>\n<td>12<\/td>\n<td>12,3<\/td>\n<td>133<\/td>\n<td>0,2<\/td>\n<\/tr>\n<tr>\n<td>M12 x 1,5<\/td>\n<td>OMVPL01UHL<\/td>\n<td>OMVPB01UHL<\/td>\n<td>15<\/td>\n<td>10<\/td>\n<td>18<\/td>\n<td>12<\/td>\n<td>12,3<\/td>\n<td>300<\/td>\n<td>0,1<\/td>\n<\/tr>\n<\/tbody>\n<\/table>","protected":false},"excerpt":{"rendered":"<h3>\u041c\u04af\u043d\u04e9\u0437\u0434\u04e9\u043c\u04e9\u043b\u04e9\u0440\u04af<\/h3>\n<table>\n<tbody>\n<tr>\n<td><strong>\u041e \u0448\u0430\u043a\u0435\u043a<\/strong><\/td>\n<td>NBR \/ EPDM<\/td>\n<\/tr>\n<tr>\n<td><strong>Thread Type<\/strong><\/td>\n<td>PG (DIN 40430)<\/td>\n<\/tr>\n<tr>\n<td><strong>\u0422\u044b\u0433\u044b\u0437\u0434\u044b\u043a<\/strong><\/td>\n<td>IP68<\/td>\n<\/tr>\n<tr>\n<td><strong>\u04ae\u0437\u0433\u04af\u043b\u0442\u04af\u043a\u0441\u04af\u0437 \u0438\u0448\u0442\u04e9\u04e9 \u0442\u0435\u043c\u043f\u0435\u0440\u0430\u0442\u0443\u0440\u0430\u0441\u044b<\/strong><\/td>\n<td>-40 \u00baC +105 \u00baC<\/td>\n<\/tr>\n<\/tbody>\n<\/table>","protected":false},"featured_media":3088,"template":"","meta":{"_kad_blocks_custom_css":"","_kad_blocks_head_custom_js":"","_kad_blocks_body_custom_js":"","_kad_blocks_footer_custom_js":"","_kadence_starter_templates_imported_post":false,"_kad_post_transparent":"default","_kad_post_title":"","_kad_post_layout":"default","_kad_post_sidebar_id":"","_kad_post_content_style":"default","_kad_post_vertical_padding":"default","_kad_post_feature":"","_kad_post_feature_position":"","_kad_post_header":false,"_kad_post_footer":false},"product_cat":[65,67],"product_tag":[],"class_list":{"0":"post-1623","1":"product","2":"type-product","3":"status-publish","4":"has-post-thumbnail","6":"product_cat-prensaestopas-y-tapones-de-ventilacion","7":"product_cat-tapon-de-ventilacion","9":"first","10":"instock","11":"shipping-taxable","12":"product-type-simple","13":"entry","14":"content-bg","15":"loop-entry"},"yoast_head":"<!-- This site is optimized with the Yoast SEO plugin v21.7 - https:\/\/yoast.com\/wordpress\/plugins\/seo\/ -->\n<title>Tap\u00f3n Ventilaci\u00f3n PG Poliamida IP-68 - Fleximat<\/title>\n<meta name=\"robots\" content=\"index, follow, max-snippet:-1, max-image-preview:large, max-video-preview:-1\" \/>\n<link rel=\"canonical\" href=\"https:\/\/www.fleximat.es\/ky\/produto\/tapon-ventilacion-pg-poliamida-ip-68\/\" \/>\n<meta property=\"og:locale\" content=\"en_US\" \/>\n<meta property=\"og:type\" content=\"article\" \/>\n<meta property=\"og:title\" content=\"Tap\u00f3n Ventilaci\u00f3n PG Poliamida IP-68 - Fleximat\" \/>\n<meta property=\"og:description\" content=\"Caracter\u00edsticas    Junta t\u00f3rica NBR \/ EPDM   Tipo de Rosca PG (DIN 40430)   Estanqueidad IP68   Temperatura de trabajo continua -40 \u00baC +105 \u00baC\" \/>\n<meta property=\"og:url\" content=\"https:\/\/www.fleximat.es\/ky\/produto\/tapon-ventilacion-pg-poliamida-ip-68\/\" \/>\n<meta property=\"og:site_name\" content=\"Fleximat\" \/>\n<meta property=\"article:modified_time\" content=\"2023-12-04T16:22:01+00:00\" \/>\n<meta property=\"og:image\" content=\"https:\/\/www.fleximat.es\/wp-content\/uploads\/2023\/12\/tapon-ventilacion-acero-inoxidable-ip-68-gris.png\" \/>\n\t<meta property=\"og:image:width\" content=\"700\" \/>\n\t<meta property=\"og:image:height\" content=\"700\" \/>\n\t<meta property=\"og:image:type\" content=\"image\/png\" \/>\n<meta name=\"twitter:card\" content=\"summary_large_image\" \/>\n<meta name=\"twitter:label1\" content=\"Est. reading time\" \/>\n\t<meta name=\"twitter:data1\" content=\"1 \u043c\u04af\u043d\u04e9\u0442\" \/>\n<script type=\"application\/ld+json\" class=\"yoast-schema-graph\">{\"@context\":\"https:\/\/schema.org\",\"@graph\":[{\"@type\":\"WebPage\",\"@id\":\"https:\/\/www.fleximat.es\/pt\/produto\/tapon-ventilacion-pg-poliamida-ip-68\/\",\"url\":\"https:\/\/www.fleximat.es\/pt\/produto\/tapon-ventilacion-pg-poliamida-ip-68\/\",\"name\":\"Tap\u00f3n Ventilaci\u00f3n PG Poliamida IP-68 - Fleximat\",\"isPartOf\":{\"@id\":\"https:\/\/www.fleximat.es\/bn\/#website\"},\"datePublished\":\"2023-10-18T15:53:15+00:00\",\"dateModified\":\"2023-12-04T16:22:01+00:00\",\"breadcrumb\":{\"@id\":\"https:\/\/www.fleximat.es\/pt\/produto\/tapon-ventilacion-pg-poliamida-ip-68\/#breadcrumb\"},\"inLanguage\":\"kir\",\"potentialAction\":[{\"@type\":\"ReadAction\",\"target\":[\"https:\/\/www.fleximat.es\/pt\/produto\/tapon-ventilacion-pg-poliamida-ip-68\/\"]}]},{\"@type\":\"BreadcrumbList\",\"@id\":\"https:\/\/www.fleximat.es\/pt\/produto\/tapon-ventilacion-pg-poliamida-ip-68\/#breadcrumb\",\"itemListElement\":[{\"@type\":\"ListItem\",\"position\":1,\"name\":\"Portada\",\"item\":\"https:\/\/www.fleximat.es\/\"},{\"@type\":\"ListItem\",\"position\":2,\"name\":\"Productos\",\"item\":\"https:\/\/www.fleximat.es\/en\/productos\/\"},{\"@type\":\"ListItem\",\"position\":3,\"name\":\"Tap\u00f3n Ventilaci\u00f3n PG Poliamida IP-68\"}]},{\"@type\":\"WebSite\",\"@id\":\"https:\/\/www.fleximat.es\/bn\/#website\",\"url\":\"https:\/\/www.fleximat.es\/bn\/\",\"name\":\"Fleximat\",\"description\":\"Tu soluci\u00f3n en prensaestopas y tubos flexibles\",\"publisher\":{\"@id\":\"https:\/\/www.fleximat.es\/bn\/#organization\"},\"potentialAction\":[{\"@type\":\"SearchAction\",\"target\":{\"@type\":\"EntryPoint\",\"urlTemplate\":\"https:\/\/www.fleximat.es\/bn\/?s={search_term_string}\"},\"query-input\":\"required name=search_term_string\"}],\"inLanguage\":\"kir\"},{\"@type\":\"Organization\",\"@id\":\"https:\/\/www.fleximat.es\/bn\/#organization\",\"name\":\"Fleximat\",\"url\":\"https:\/\/www.fleximat.es\/bn\/\",\"logo\":{\"@type\":\"ImageObject\",\"inLanguage\":\"kir\",\"@id\":\"https:\/\/www.fleximat.es\/bn\/#\/schema\/logo\/image\/\",\"url\":\"https:\/\/www.fleximat.es\/wp-content\/uploads\/2023\/11\/fleximat-logo-1.png\",\"contentUrl\":\"https:\/\/www.fleximat.es\/wp-content\/uploads\/2023\/11\/fleximat-logo-1.png\",\"width\":1169,\"height\":289,\"caption\":\"Fleximat\"},\"image\":{\"@id\":\"https:\/\/www.fleximat.es\/bn\/#\/schema\/logo\/image\/\"}}]}<\/script>\n<!-- \/ Yoast SEO plugin. -->","yoast_head_json":{"title":"Tap\u00f3n Ventilaci\u00f3n PG Poliamida IP-68 - Fleximat","robots":{"index":"index","follow":"follow","max-snippet":"max-snippet:-1","max-image-preview":"max-image-preview:large","max-video-preview":"max-video-preview:-1"},"canonical":"https:\/\/www.fleximat.es\/ky\/produto\/tapon-ventilacion-pg-poliamida-ip-68\/","og_locale":"en_US","og_type":"article","og_title":"Tap\u00f3n Ventilaci\u00f3n PG Poliamida IP-68 - Fleximat","og_description":"Caracter\u00edsticas    Junta t\u00f3rica NBR \/ EPDM   Tipo de Rosca PG (DIN 40430)   Estanqueidad IP68   Temperatura de trabajo continua -40 \u00baC +105 \u00baC","og_url":"https:\/\/www.fleximat.es\/ky\/produto\/tapon-ventilacion-pg-poliamida-ip-68\/","og_site_name":"Fleximat","article_modified_time":"2023-12-04T16:22:01+00:00","og_image":[{"width":700,"height":700,"url":"https:\/\/www.fleximat.es\/wp-content\/uploads\/2023\/12\/tapon-ventilacion-acero-inoxidable-ip-68-gris.png","type":"image\/png"}],"twitter_card":"summary_large_image","twitter_misc":{"Est. reading time":"1 \u043c\u04af\u043d\u04e9\u0442"},"schema":{"@context":"https:\/\/schema.org","@graph":[{"@type":"WebPage","@id":"https:\/\/www.fleximat.es\/pt\/produto\/tapon-ventilacion-pg-poliamida-ip-68\/","url":"https:\/\/www.fleximat.es\/pt\/produto\/tapon-ventilacion-pg-poliamida-ip-68\/","name":"Tap\u00f3n Ventilaci\u00f3n PG Poliamida IP-68 - Fleximat","isPartOf":{"@id":"https:\/\/www.fleximat.es\/bn\/#website"},"datePublished":"2023-10-18T15:53:15+00:00","dateModified":"2023-12-04T16:22:01+00:00","breadcrumb":{"@id":"https:\/\/www.fleximat.es\/pt\/produto\/tapon-ventilacion-pg-poliamida-ip-68\/#breadcrumb"},"inLanguage":"kir","potentialAction":[{"@type":"ReadAction","target":["https:\/\/www.fleximat.es\/pt\/produto\/tapon-ventilacion-pg-poliamida-ip-68\/"]}]},{"@type":"BreadcrumbList","@id":"https:\/\/www.fleximat.es\/pt\/produto\/tapon-ventilacion-pg-poliamida-ip-68\/#breadcrumb","itemListElement":[{"@type":"ListItem","position":1,"name":"Portada","item":"https:\/\/www.fleximat.es\/"},{"@type":"ListItem","position":2,"name":"Productos","item":"https:\/\/www.fleximat.es\/en\/productos\/"},{"@type":"ListItem","position":3,"name":"Tap\u00f3n Ventilaci\u00f3n PG Poliamida IP-68"}]},{"@type":"WebSite","@id":"https:\/\/www.fleximat.es\/bn\/#website","url":"https:\/\/www.fleximat.es\/bn\/","name":"Fleximat","description":"Tu soluci\u00f3n en prensaestopas y tubos flexibles","publisher":{"@id":"https:\/\/www.fleximat.es\/bn\/#organization"},"potentialAction":[{"@type":"SearchAction","target":{"@type":"EntryPoint","urlTemplate":"https:\/\/www.fleximat.es\/bn\/?s={search_term_string}"},"query-input":"required name=search_term_string"}],"inLanguage":"kir"},{"@type":"Organization","@id":"https:\/\/www.fleximat.es\/bn\/#organization","name":"Fleximat","url":"https:\/\/www.fleximat.es\/bn\/","logo":{"@type":"ImageObject","inLanguage":"kir","@id":"https:\/\/www.fleximat.es\/bn\/#\/schema\/logo\/image\/","url":"https:\/\/www.fleximat.es\/wp-content\/uploads\/2023\/11\/fleximat-logo-1.png","contentUrl":"https:\/\/www.fleximat.es\/wp-content\/uploads\/2023\/11\/fleximat-logo-1.png","width":1169,"height":289,"caption":"Fleximat"},"image":{"@id":"https:\/\/www.fleximat.es\/bn\/#\/schema\/logo\/image\/"}}]}},"taxonomy_info":{"product_cat":[{"value":65,"label":"Prensaestopas y tapones de ventilaci\u00f3n"},{"value":67,"label":"Tap\u00f3n de ventilaci\u00f3n"}]},"featured_image_src_large":["https:\/\/www.fleximat.es\/wp-content\/uploads\/2023\/12\/tapon-ventilacion-acero-inoxidable-ip-68-gris.png",700,700,false],"author_info":[],"comment_info":"","_links":{"self":[{"href":"https:\/\/www.fleximat.es\/ky\/wp-json\/wp\/v2\/product\/1623"}],"collection":[{"href":"https:\/\/www.fleximat.es\/ky\/wp-json\/wp\/v2\/product"}],"about":[{"href":"https:\/\/www.fleximat.es\/ky\/wp-json\/wp\/v2\/types\/product"}],"wp:featuredmedia":[{"embeddable":true,"href":"https:\/\/www.fleximat.es\/ky\/wp-json\/wp\/v2\/media\/3088"}],"wp:attachment":[{"href":"https:\/\/www.fleximat.es\/ky\/wp-json\/wp\/v2\/media?parent=1623"}],"wp:term":[{"taxonomy":"product_cat","embeddable":true,"href":"https:\/\/www.fleximat.es\/ky\/wp-json\/wp\/v2\/product_cat?post=1623"},{"taxonomy":"product_tag","embeddable":true,"href":"https:\/\/www.fleximat.es\/ky\/wp-json\/wp\/v2\/product_tag?post=1623"}],"curies":[{"name":"wp","href":"https:\/\/api.w.org\/{rel}","templated":true}]}}