{"id":1715,"date":"2023-10-18T17:54:05","date_gmt":"2023-10-18T15:54:05","guid":{"rendered":"https:\/\/www.fleximat.es\/?post_type=product&#038;p=1715"},"modified":"2023-11-27T11:08:17","modified_gmt":"2023-11-27T10:08:17","slug":"racor-liquid-tight-npt-metalico-ip-67","status":"publish","type":"product","link":"https:\/\/www.fleximat.es\/ky\/product\/racor-liquid-tight-npt-metalico-ip-67\/","title":{"rendered":"Racor LIQUID TIGHT NPT Met\u00e1lico IP-67"},"content":{"rendered":"<h4>Properties<\/h4>\n<p>\u0412\u0438\u0431\u0440\u0430\u0446\u0438\u044f\u0433\u0430 \u043a\u0430\u0440\u0448\u044b<br \/>\nAnti-tironesAlta resistencia UV<br \/>\nF\u00e1cil montajeCertificado VDE (40030037)<br \/>\n\u0413\u0430\u043b\u043e\u0433\u0435\u043d\u0434\u0435\u0440 \u0436\u043e\u043a<\/p>\n<h3>\u041f\u0440\u043e\u0434\u0443\u043a\u0442 \u0441\u04af\u0440\u04e9\u0442\u0442\u04e9\u043c\u04e9\u0441\u04af<\/h3>\n<p>Un prensaestopas obturado o prensaestopas de junta ciega es una variante de prensaestopas en la que se a\u00f1ade una pel\u00edcula de goma en la parte superior del prensaestopas. Proporciona estanqueidad total en todo momento, protegiendo el elemento de la entrada de polvo o l\u00edquidos en el capuch\u00f3n en el tiempo previo a su montaje.<\/p>\n<p>Los prensaestopas obturados llevan la junta obturadora ya montada, con lo que ofrecen mayor seguridad para su equipo con menos trabajo.<\/p>\n<p>La junta obturadora montada en los prensaestopas est\u00e1 compuesta de una mezcla de termopl\u00e1sticos vulcanizados, y ofrece una gran resistencia a l\u00edquidos y corrosi\u00f3n.<\/p>\n<table class=\"table table-bordered table-striped\">\n<thead>\n<tr>\n<td><strong>Roscas<\/strong><\/td>\n<td><strong>Code<\/strong><\/td>\n<td><strong>H \u043c\u043c<\/strong><\/td>\n<td><strong>GL \u043c\u043c<\/strong><\/td>\n<td><strong>\u043c\u043c<\/strong><\/td>\n<td><strong>\u043c\u043c<\/strong><\/td>\n<\/tr>\n<\/thead>\n<tbody>\n<tr>\n<td>PG7<\/td>\n<td>KRB 01<\/td>\n<td>24<\/td>\n<td>8<\/td>\n<td>15<\/td>\n<td>3-6,5<\/td>\n<\/tr>\n<tr>\n<td>PG9<\/td>\n<td>KRB 02<\/td>\n<td>28<\/td>\n<td>8<\/td>\n<td>19<\/td>\n<td>4-8<\/td>\n<\/tr>\n<tr>\n<td>PG11<\/td>\n<td>KRB 03<\/td>\n<td>29<\/td>\n<td>8<\/td>\n<td>22<\/td>\n<td>5-10<\/td>\n<\/tr>\n<tr>\n<td>GP 13.5<\/td>\n<td>KRB 04<\/td>\n<td>29<\/td>\n<td>9<\/td>\n<td>24<\/td>\n<td>6-12<\/td>\n<\/tr>\n<tr>\n<td>PG 16<\/td>\n<td>KRB 05<\/td>\n<td>33<\/td>\n<td>9<\/td>\n<td>27<\/td>\n<td>10-14<\/td>\n<\/tr>\n<tr>\n<td>PG 21<\/td>\n<td>KRB 06<\/td>\n<td>38<\/td>\n<td>11<\/td>\n<td>33<\/td>\n<td>13-18<\/td>\n<\/tr>\n<tr>\n<td>PG 29<\/td>\n<td>KRB 07<\/td>\n<td>41<\/td>\n<td>11<\/td>\n<td>42<\/td>\n<td>18-25<\/td>\n<\/tr>\n<tr>\n<td>PG 36<\/td>\n<td>KRB 08<\/td>\n<td>51<\/td>\n<td>13<\/td>\n<td>53<\/td>\n<td>22-32<\/td>\n<\/tr>\n<tr>\n<td>PG 42<\/td>\n<td>KRB 09<\/td>\n<td>53<\/td>\n<td>13<\/td>\n<td>60<\/td>\n<td>30-38<\/td>\n<\/tr>\n<tr>\n<td>PG 48<\/td>\n<td>KRB 10<\/td>\n<td>55<\/td>\n<td>14<\/td>\n<td>65<\/td>\n<td>34-44<\/td>\n<\/tr>\n<\/tbody>\n<\/table>","protected":false},"excerpt":{"rendered":"<h3>\u041c\u04af\u043d\u04e9\u0437\u0434\u04e9\u043c\u04e9\u043b\u04e9\u0440\u04af<\/h3>\n<table>\n<tbody>\n<tr>\n<td><strong>\u041a\u0430\u043f\u043e\u0442<\/strong><\/td>\n<td>\u041f\u043e\u043b\u0438\u0430\u043c\u0438\u0434 PA6 V2<\/td>\n<\/tr>\n<tr>\n<td><strong>\u041f\u043b\u043e\u043c\u0431\u0430\u043b\u043e\u043e\u0447\u0443 \u043f\u0440\u043e\u043a\u043b\u0430\u0434\u043a\u0430<\/strong><\/td>\n<td>POS<\/td>\n<\/tr>\n<tr>\n<td><strong>\u0414\u0435\u043d\u0435<\/strong><\/td>\n<td>\u041f\u043e\u043b\u0438\u0430\u043c\u0438\u0434 PA6 V2<\/td>\n<\/tr>\n<tr>\n<td><strong>\u041e \u0448\u0430\u043a\u0435\u043a<\/strong><\/td>\n<td>NBR<\/td>\n<\/tr>\n<tr>\n<td><strong>Thread Type<\/strong><\/td>\n<td>PG (DIN 40430)<\/td>\n<\/tr>\n<tr>\n<td><strong>\u0422\u044b\u0433\u044b\u0437\u0434\u044b\u043a<\/strong><\/td>\n<td>IP68<\/td>\n<\/tr>\n<tr>\n<td><strong>\u04ae\u0437\u0433\u04af\u043b\u0442\u04af\u043a\u0441\u04af\u0437 \u0438\u0448\u0442\u04e9\u04e9 \u0442\u0435\u043c\u043f\u0435\u0440\u0430\u0442\u0443\u0440\u0430\u0441\u044b<\/strong><\/td>\n<td>-20 \u00baC +100 \u00baC<\/td>\n<\/tr>\n<\/tbody>\n<\/table>","protected":false},"featured_media":2991,"template":"","meta":{"_kad_blocks_custom_css":"","_kad_blocks_head_custom_js":"","_kad_blocks_body_custom_js":"","_kad_blocks_footer_custom_js":"","_kadence_starter_templates_imported_post":false,"_kad_post_transparent":"default","_kad_post_title":"","_kad_post_layout":"default","_kad_post_sidebar_id":"","_kad_post_content_style":"default","_kad_post_vertical_padding":"default","_kad_post_feature":"","_kad_post_feature_position":"","_kad_post_header":false,"_kad_post_footer":false},"product_cat":[68,71],"product_tag":[],"class_list":{"0":"post-1715","1":"product","2":"type-product","3":"status-publish","4":"has-post-thumbnail","6":"product_cat-tubos-flexibles-racores-y-accesorios","7":"product_cat-racores-y-accesorios-metalicos","9":"first","10":"instock","11":"shipping-taxable","12":"product-type-simple","13":"entry","14":"content-bg","15":"loop-entry"},"yoast_head":"<!-- This site is optimized with the Yoast SEO plugin v21.7 - https:\/\/yoast.com\/wordpress\/plugins\/seo\/ -->\n<title>Racor LIQUID TIGHT NPT Met\u00e1lico IP-67 - Fleximat<\/title>\n<meta name=\"robots\" content=\"index, follow, max-snippet:-1, max-image-preview:large, max-video-preview:-1\" \/>\n<link rel=\"canonical\" href=\"https:\/\/www.fleximat.es\/ky\/product\/racor-liquid-tight-npt-metalico-ip-67\/\" \/>\n<meta property=\"og:locale\" content=\"en_US\" \/>\n<meta property=\"og:type\" content=\"article\" \/>\n<meta property=\"og:title\" content=\"Racor LIQUID TIGHT NPT Met\u00e1lico IP-67 - Fleximat\" \/>\n<meta property=\"og:description\" content=\"Caracter\u00edsticas    Sombrerete Poliamida PA6 V2   Junta de sellado TPV   Cuerpo Poliamida PA6 V2   Junta t\u00f3rica NBR   Tipo de Rosca PG (DIN 40430)   Estanqueidad IP68   Temperatura de trabajo continua -20 \u00baC +100 \u00baC\" \/>\n<meta property=\"og:url\" content=\"https:\/\/www.fleximat.es\/ky\/product\/racor-liquid-tight-npt-metalico-ip-67\/\" \/>\n<meta property=\"og:site_name\" content=\"Fleximat\" \/>\n<meta property=\"article:modified_time\" content=\"2023-11-27T10:08:17+00:00\" \/>\n<meta property=\"og:image\" content=\"https:\/\/www.fleximat.es\/wp-content\/uploads\/2023\/10\/racor-hembra-liquid-tight-ip-67-700x524-1.png\" \/>\n\t<meta property=\"og:image:width\" content=\"600\" \/>\n\t<meta property=\"og:image:height\" content=\"600\" \/>\n\t<meta property=\"og:image:type\" content=\"image\/png\" \/>\n<meta name=\"twitter:card\" content=\"summary_large_image\" \/>\n<meta name=\"twitter:label1\" content=\"Est. reading time\" \/>\n\t<meta name=\"twitter:data1\" content=\"1 \u043c\u04af\u043d\u04e9\u0442\" \/>\n<script type=\"application\/ld+json\" class=\"yoast-schema-graph\">{\"@context\":\"https:\/\/schema.org\",\"@graph\":[{\"@type\":\"WebPage\",\"@id\":\"https:\/\/www.fleximat.es\/producto\/racor-liquid-tight-npt-metalico-ip-67\/\",\"url\":\"https:\/\/www.fleximat.es\/producto\/racor-liquid-tight-npt-metalico-ip-67\/\",\"name\":\"Racor LIQUID TIGHT NPT Met\u00e1lico IP-67 - Fleximat\",\"isPartOf\":{\"@id\":\"https:\/\/www.fleximat.es\/bn\/#website\"},\"datePublished\":\"2023-10-18T15:54:05+00:00\",\"dateModified\":\"2023-11-27T10:08:17+00:00\",\"breadcrumb\":{\"@id\":\"https:\/\/www.fleximat.es\/producto\/racor-liquid-tight-npt-metalico-ip-67\/#breadcrumb\"},\"inLanguage\":\"kir\",\"potentialAction\":[{\"@type\":\"ReadAction\",\"target\":[\"https:\/\/www.fleximat.es\/producto\/racor-liquid-tight-npt-metalico-ip-67\/\"]}]},{\"@type\":\"BreadcrumbList\",\"@id\":\"https:\/\/www.fleximat.es\/producto\/racor-liquid-tight-npt-metalico-ip-67\/#breadcrumb\",\"itemListElement\":[{\"@type\":\"ListItem\",\"position\":1,\"name\":\"Portada\",\"item\":\"https:\/\/www.fleximat.es\/\"},{\"@type\":\"ListItem\",\"position\":2,\"name\":\"Productos\",\"item\":\"https:\/\/www.fleximat.es\/en\/productos\/\"},{\"@type\":\"ListItem\",\"position\":3,\"name\":\"Racor LIQUID TIGHT NPT Met\u00e1lico IP-67\"}]},{\"@type\":\"WebSite\",\"@id\":\"https:\/\/www.fleximat.es\/bn\/#website\",\"url\":\"https:\/\/www.fleximat.es\/bn\/\",\"name\":\"Fleximat\",\"description\":\"Tu soluci\u00f3n en prensaestopas y tubos flexibles\",\"publisher\":{\"@id\":\"https:\/\/www.fleximat.es\/bn\/#organization\"},\"potentialAction\":[{\"@type\":\"SearchAction\",\"target\":{\"@type\":\"EntryPoint\",\"urlTemplate\":\"https:\/\/www.fleximat.es\/bn\/?s={search_term_string}\"},\"query-input\":\"required name=search_term_string\"}],\"inLanguage\":\"kir\"},{\"@type\":\"Organization\",\"@id\":\"https:\/\/www.fleximat.es\/bn\/#organization\",\"name\":\"Fleximat\",\"url\":\"https:\/\/www.fleximat.es\/bn\/\",\"logo\":{\"@type\":\"ImageObject\",\"inLanguage\":\"kir\",\"@id\":\"https:\/\/www.fleximat.es\/bn\/#\/schema\/logo\/image\/\",\"url\":\"https:\/\/www.fleximat.es\/wp-content\/uploads\/2023\/11\/fleximat-logo-1.png\",\"contentUrl\":\"https:\/\/www.fleximat.es\/wp-content\/uploads\/2023\/11\/fleximat-logo-1.png\",\"width\":1169,\"height\":289,\"caption\":\"Fleximat\"},\"image\":{\"@id\":\"https:\/\/www.fleximat.es\/bn\/#\/schema\/logo\/image\/\"}}]}<\/script>\n<!-- \/ Yoast SEO plugin. -->","yoast_head_json":{"title":"Racor LIQUID TIGHT NPT Met\u00e1lico IP-67 - Fleximat","robots":{"index":"index","follow":"follow","max-snippet":"max-snippet:-1","max-image-preview":"max-image-preview:large","max-video-preview":"max-video-preview:-1"},"canonical":"https:\/\/www.fleximat.es\/ky\/product\/racor-liquid-tight-npt-metalico-ip-67\/","og_locale":"en_US","og_type":"article","og_title":"Racor LIQUID TIGHT NPT Met\u00e1lico IP-67 - Fleximat","og_description":"Caracter\u00edsticas    Sombrerete Poliamida PA6 V2   Junta de sellado TPV   Cuerpo Poliamida PA6 V2   Junta t\u00f3rica NBR   Tipo de Rosca PG (DIN 40430)   Estanqueidad IP68   Temperatura de trabajo continua -20 \u00baC +100 \u00baC","og_url":"https:\/\/www.fleximat.es\/ky\/product\/racor-liquid-tight-npt-metalico-ip-67\/","og_site_name":"Fleximat","article_modified_time":"2023-11-27T10:08:17+00:00","og_image":[{"width":600,"height":600,"url":"https:\/\/www.fleximat.es\/wp-content\/uploads\/2023\/10\/racor-hembra-liquid-tight-ip-67-700x524-1.png","type":"image\/png"}],"twitter_card":"summary_large_image","twitter_misc":{"Est. reading time":"1 \u043c\u04af\u043d\u04e9\u0442"},"schema":{"@context":"https:\/\/schema.org","@graph":[{"@type":"WebPage","@id":"https:\/\/www.fleximat.es\/producto\/racor-liquid-tight-npt-metalico-ip-67\/","url":"https:\/\/www.fleximat.es\/producto\/racor-liquid-tight-npt-metalico-ip-67\/","name":"Racor LIQUID TIGHT NPT Met\u00e1lico IP-67 - Fleximat","isPartOf":{"@id":"https:\/\/www.fleximat.es\/bn\/#website"},"datePublished":"2023-10-18T15:54:05+00:00","dateModified":"2023-11-27T10:08:17+00:00","breadcrumb":{"@id":"https:\/\/www.fleximat.es\/producto\/racor-liquid-tight-npt-metalico-ip-67\/#breadcrumb"},"inLanguage":"kir","potentialAction":[{"@type":"ReadAction","target":["https:\/\/www.fleximat.es\/producto\/racor-liquid-tight-npt-metalico-ip-67\/"]}]},{"@type":"BreadcrumbList","@id":"https:\/\/www.fleximat.es\/producto\/racor-liquid-tight-npt-metalico-ip-67\/#breadcrumb","itemListElement":[{"@type":"ListItem","position":1,"name":"Portada","item":"https:\/\/www.fleximat.es\/"},{"@type":"ListItem","position":2,"name":"Productos","item":"https:\/\/www.fleximat.es\/en\/productos\/"},{"@type":"ListItem","position":3,"name":"Racor LIQUID TIGHT NPT Met\u00e1lico IP-67"}]},{"@type":"WebSite","@id":"https:\/\/www.fleximat.es\/bn\/#website","url":"https:\/\/www.fleximat.es\/bn\/","name":"Fleximat","description":"Tu soluci\u00f3n en prensaestopas y tubos flexibles","publisher":{"@id":"https:\/\/www.fleximat.es\/bn\/#organization"},"potentialAction":[{"@type":"SearchAction","target":{"@type":"EntryPoint","urlTemplate":"https:\/\/www.fleximat.es\/bn\/?s={search_term_string}"},"query-input":"required name=search_term_string"}],"inLanguage":"kir"},{"@type":"Organization","@id":"https:\/\/www.fleximat.es\/bn\/#organization","name":"Fleximat","url":"https:\/\/www.fleximat.es\/bn\/","logo":{"@type":"ImageObject","inLanguage":"kir","@id":"https:\/\/www.fleximat.es\/bn\/#\/schema\/logo\/image\/","url":"https:\/\/www.fleximat.es\/wp-content\/uploads\/2023\/11\/fleximat-logo-1.png","contentUrl":"https:\/\/www.fleximat.es\/wp-content\/uploads\/2023\/11\/fleximat-logo-1.png","width":1169,"height":289,"caption":"Fleximat"},"image":{"@id":"https:\/\/www.fleximat.es\/bn\/#\/schema\/logo\/image\/"}}]}},"taxonomy_info":{"product_cat":[{"value":68,"label":"Tubos flexibles, racores y accesorios"},{"value":71,"label":"Racores y accesorios met\u00e1licos"}]},"featured_image_src_large":["https:\/\/www.fleximat.es\/wp-content\/uploads\/2023\/10\/racor-hembra-liquid-tight-ip-67-700x524-1.png",600,600,false],"author_info":[],"comment_info":"","_links":{"self":[{"href":"https:\/\/www.fleximat.es\/ky\/wp-json\/wp\/v2\/product\/1715"}],"collection":[{"href":"https:\/\/www.fleximat.es\/ky\/wp-json\/wp\/v2\/product"}],"about":[{"href":"https:\/\/www.fleximat.es\/ky\/wp-json\/wp\/v2\/types\/product"}],"wp:featuredmedia":[{"embeddable":true,"href":"https:\/\/www.fleximat.es\/ky\/wp-json\/wp\/v2\/media\/2991"}],"wp:attachment":[{"href":"https:\/\/www.fleximat.es\/ky\/wp-json\/wp\/v2\/media?parent=1715"}],"wp:term":[{"taxonomy":"product_cat","embeddable":true,"href":"https:\/\/www.fleximat.es\/ky\/wp-json\/wp\/v2\/product_cat?post=1715"},{"taxonomy":"product_tag","embeddable":true,"href":"https:\/\/www.fleximat.es\/ky\/wp-json\/wp\/v2\/product_tag?post=1715"}],"curies":[{"name":"wp","href":"https:\/\/api.w.org\/{rel}","templated":true}]}}