{"id":1757,"date":"2023-10-18T17:54:27","date_gmt":"2023-10-18T15:54:27","guid":{"rendered":"https:\/\/www.fleximat.es\/?post_type=product&#038;p=1757"},"modified":"2023-10-25T09:10:48","modified_gmt":"2023-10-25T07:10:48","slug":"tubo-twinflex-pa6","status":"publish","type":"product","link":"https:\/\/www.fleximat.es\/ky\/product\/tubo-twinflex-pa6\/","title":{"rendered":"TWINFLEX PA6 \u0442\u04af\u0442\u04af\u0433\u04af"},"content":{"rendered":"<h4>Properties<\/h4>\n<p>\u0427\u043e\u0433\u0443\u043b\u0442\u0443\u0443 \u043e\u04a3\u043e\u0439<\/p>\n<p>Apropiado para usar en un \u00e1rea de aplicaci\u00f3n limitada<\/p>\n<p>\u0413\u0430\u043b\u043e\u0433\u0435\u043d\u0441\u0438\u0437<\/p>\n<p>La mejor soluci\u00f3n para la industria de la iluminaci\u00f3n.<\/p>\n<h3>\u041f\u0440\u043e\u0434\u0443\u043a\u0442 \u0441\u04af\u0440\u04e9\u0442\u0442\u04e9\u043c\u04e9\u0441\u04af<\/h3>\n<p><span style=\"font-weight: 400;\">Un\u00a0 miniprensaestopas es una variaci\u00f3n del prensaestopas est\u00e1ndar que se fabrica en peque\u00f1as dimensiones.<\/span><\/p>\n<p><span style=\"font-weight: 400;\">Los miniprensaestopas son fabricados en met\u00e1lico debido a la complejidad del dise\u00f1o y su precisi\u00f3n requerida. Con el proceso de fabricaci\u00f3n en met\u00e1lico es posible obtener estos prensaestopas especiales para tama\u00f1os reducidos.<\/span><\/p>\n<p><span style=\"font-weight: 400;\">Las aplicaciones para los miniprensaestopas suelen ser usados en equipos electr\u00f3nicos de tama\u00f1o reducido, pesaje industrial, sensores, etc\u2026\u00a0<\/span><\/p>\n<p><span style=\"font-weight: 400;\">Los miniprensaestopas ofrecen las misma propiedades mec\u00e1nicas, qu\u00edmicas o prestacionales que los prensaestopas est\u00e1ndar.<\/span><\/p>\n<table class=\"table table-bordered table-striped\">\n<thead>\n<tr>\n<td>\u0416\u0438\u043f<\/td>\n<td>Code<\/td>\n<td>H \u043c\u043c<\/td>\n<td>GL \u043c\u043c<\/td>\n<td>\u043c\u043c<\/td>\n<td>\u043c\u043c<\/td>\n<\/tr>\n<\/thead>\n<tbody>\n<tr>\n<td>M 6 x 1,0<\/td>\n<td>MGM6-23<\/td>\n<td>10,5<\/td>\n<td>6<\/td>\n<td>8<\/td>\n<td>2-3<\/td>\n<\/tr>\n<tr>\n<td>M 8 x 1,25<\/td>\n<td>MGM8s-35<\/td>\n<td>13,5<\/td>\n<td>6<\/td>\n<td>11<\/td>\n<td>3-5<\/td>\n<\/tr>\n<tr>\n<td>M 8 x 1,25<\/td>\n<td>MGM8-24<\/td>\n<td>15<\/td>\n<td>6<\/td>\n<td>14<\/td>\n<td>2-4<\/td>\n<\/tr>\n<tr>\n<td>M 10 x 1,5<\/td>\n<td>MGM10s-46<\/td>\n<td>14,5<\/td>\n<td>6<\/td>\n<td>12<\/td>\n<td>4-6<\/td>\n<\/tr>\n<tr>\n<td>M 10 x 1,5<\/td>\n<td>MGM10-24<\/td>\n<td>15<\/td>\n<td>6<\/td>\n<td>14<\/td>\n<td>2-4<\/td>\n<\/tr>\n<tr>\n<td>M 10 x 1,5<\/td>\n<td>MGM10-36<\/td>\n<td>15<\/td>\n<td>6<\/td>\n<td>14<\/td>\n<td>3-6<\/td>\n<\/tr>\n<tr>\n<td>M 12 x 1,5<\/td>\n<td>MGM12-24<\/td>\n<td>15<\/td>\n<td>6<\/td>\n<td>14<\/td>\n<td>2-4<\/td>\n<\/tr>\n<tr>\n<td>M 12 x 1,5<\/td>\n<td>MGM12-36<\/td>\n<td>15<\/td>\n<td>6<\/td>\n<td>14<\/td>\n<td>3-6<\/td>\n<\/tr>\n<\/tbody>\n<\/table>","protected":false},"excerpt":{"rendered":"<h3>\u041c\u04af\u043d\u04e9\u0437\u0434\u04e9\u043c\u04e9\u043b\u04e9\u0440\u04af<\/h3>\n<table>\n<tbody>\n<tr>\n<td><strong>\u041a\u0430\u043f\u043e\u0442<\/strong><\/td>\n<td>\u041c\u0435\u043d\u0435\u043d \u043a\u0430\u043f\u0442\u0430\u043b\u0433\u0430\u043d \u0436\u0435\u0437<\/td>\n<\/tr>\n<tr>\n<td><strong>\u041f\u043b\u043e\u043c\u0431\u0430\u043b\u043e\u043e\u0447\u0443 \u043f\u0440\u043e\u043a\u043b\u0430\u0434\u043a\u0430<\/strong><\/td>\n<td>TPV \/ Silicona\/ EPDM<\/td>\n<\/tr>\n<tr>\n<td><strong>\u0414\u0435\u043d\u0435<\/strong><\/td>\n<td>Acero Inoxidable-AISI316L)<\/td>\n<\/tr>\n<tr>\n<td><strong>\u041e \u0448\u0430\u043a\u0435\u043a<\/strong><\/td>\n<td>NBR \/ TPV \/ Silicona\/ EPDM<\/td>\n<\/tr>\n<tr>\n<td><strong>Thread Type<\/strong><\/td>\n<td>\u041c\u0435\u0442\u0440\u0438\u043a\u0430\u043b\u044b\u043a (EN 60423)<\/td>\n<\/tr>\n<tr>\n<td><strong>\u0422\u044b\u0433\u044b\u0437\u0434\u044b\u043a<\/strong><\/td>\n<td>IP68 &#8211; 3 bar<\/td>\n<\/tr>\n<tr>\n<td><strong>\u04ae\u0437\u0433\u04af\u043b\u0442\u04af\u043a\u0441\u04af\u0437 \u0438\u0448\u0442\u04e9\u04e9 \u0442\u0435\u043c\u043f\u0435\u0440\u0430\u0442\u0443\u0440\u0430\u0441\u044b<\/strong><\/td>\n<td>-40 \u00baC +100 \u00baC<\/td>\n<\/tr>\n<\/tbody>\n<\/table>","protected":false},"featured_media":1782,"template":"","meta":{"_kad_blocks_custom_css":"","_kad_blocks_head_custom_js":"","_kad_blocks_body_custom_js":"","_kad_blocks_footer_custom_js":"","_kadence_starter_templates_imported_post":false,"_kad_post_transparent":"default","_kad_post_title":"","_kad_post_layout":"default","_kad_post_sidebar_id":"","_kad_post_content_style":"default","_kad_post_vertical_padding":"default","_kad_post_feature":"","_kad_post_feature_position":"","_kad_post_header":false,"_kad_post_footer":false},"product_cat":[68,77,81],"product_tag":[],"class_list":{"0":"post-1757","1":"product","2":"type-product","3":"status-publish","4":"has-post-thumbnail","6":"product_cat-tubos-flexibles-racores-y-accesorios","7":"product_cat-tubos-flexibles-de-poliamida-y-accesorios","8":"product_cat-tubos-flexibles-poliamida-twinflex","10":"first","11":"instock","12":"shipping-taxable","13":"product-type-simple","14":"entry","15":"content-bg","16":"loop-entry"},"yoast_head":"<!-- This site is optimized with the Yoast SEO plugin v21.7 - https:\/\/yoast.com\/wordpress\/plugins\/seo\/ -->\n<title>Tubo TWINFLEX PA6 - Fleximat<\/title>\n<meta name=\"robots\" content=\"index, follow, max-snippet:-1, max-image-preview:large, max-video-preview:-1\" \/>\n<link rel=\"canonical\" href=\"https:\/\/www.fleximat.es\/ky\/product\/tubo-twinflex-pa6\/\" \/>\n<meta property=\"og:locale\" content=\"en_US\" \/>\n<meta property=\"og:type\" content=\"article\" \/>\n<meta property=\"og:title\" content=\"Tubo TWINFLEX PA6 - Fleximat\" \/>\n<meta property=\"og:description\" content=\"Caracter\u00edsticas    Sombrerete Lat\u00f3n Niquelado   Junta de sellado TPV \/ Silicona\/ EPDM   Cuerpo Acero Inoxidable-AISI316L)   Junta t\u00f3rica NBR \/ TPV \/ Silicona\/ EPDM   Tipo de Rosca M\u00e9trica (EN 60423)   Estanqueidad IP68 - 3 bar   Temperatura de trabajo continua -40 \u00baC +100 \u00baC\" \/>\n<meta property=\"og:url\" content=\"https:\/\/www.fleximat.es\/ky\/product\/tubo-twinflex-pa6\/\" \/>\n<meta property=\"og:site_name\" content=\"Fleximat\" \/>\n<meta property=\"article:modified_time\" content=\"2023-10-25T07:10:48+00:00\" \/>\n<meta property=\"og:image\" content=\"https:\/\/www.fleximat.es\/wp-content\/uploads\/2023\/10\/tubo-twinflex.jpg\" \/>\n\t<meta property=\"og:image:width\" content=\"807\" \/>\n\t<meta property=\"og:image:height\" content=\"454\" \/>\n\t<meta property=\"og:image:type\" content=\"image\/jpeg\" \/>\n<meta name=\"twitter:card\" content=\"summary_large_image\" \/>\n<meta name=\"twitter:label1\" content=\"Est. reading time\" \/>\n\t<meta name=\"twitter:data1\" content=\"1 \u043c\u04af\u043d\u04e9\u0442\" \/>\n<script type=\"application\/ld+json\" class=\"yoast-schema-graph\">{\"@context\":\"https:\/\/schema.org\",\"@graph\":[{\"@type\":\"WebPage\",\"@id\":\"https:\/\/www.fleximat.es\/producto\/tubo-twinflex-pa6\/\",\"url\":\"https:\/\/www.fleximat.es\/producto\/tubo-twinflex-pa6\/\",\"name\":\"Tubo TWINFLEX PA6 - Fleximat\",\"isPartOf\":{\"@id\":\"https:\/\/www.fleximat.es\/bn\/#website\"},\"datePublished\":\"2023-10-18T15:54:27+00:00\",\"dateModified\":\"2023-10-25T07:10:48+00:00\",\"breadcrumb\":{\"@id\":\"https:\/\/www.fleximat.es\/producto\/tubo-twinflex-pa6\/#breadcrumb\"},\"inLanguage\":\"kir\",\"potentialAction\":[{\"@type\":\"ReadAction\",\"target\":[\"https:\/\/www.fleximat.es\/producto\/tubo-twinflex-pa6\/\"]}]},{\"@type\":\"BreadcrumbList\",\"@id\":\"https:\/\/www.fleximat.es\/producto\/tubo-twinflex-pa6\/#breadcrumb\",\"itemListElement\":[{\"@type\":\"ListItem\",\"position\":1,\"name\":\"Portada\",\"item\":\"https:\/\/www.fleximat.es\/\"},{\"@type\":\"ListItem\",\"position\":2,\"name\":\"Productos\",\"item\":\"https:\/\/www.fleximat.es\/en\/productos\/\"},{\"@type\":\"ListItem\",\"position\":3,\"name\":\"Tubo TWINFLEX PA6\"}]},{\"@type\":\"WebSite\",\"@id\":\"https:\/\/www.fleximat.es\/bn\/#website\",\"url\":\"https:\/\/www.fleximat.es\/bn\/\",\"name\":\"Fleximat\",\"description\":\"Tu soluci\u00f3n en prensaestopas y tubos flexibles\",\"publisher\":{\"@id\":\"https:\/\/www.fleximat.es\/bn\/#organization\"},\"potentialAction\":[{\"@type\":\"SearchAction\",\"target\":{\"@type\":\"EntryPoint\",\"urlTemplate\":\"https:\/\/www.fleximat.es\/bn\/?s={search_term_string}\"},\"query-input\":\"required name=search_term_string\"}],\"inLanguage\":\"kir\"},{\"@type\":\"Organization\",\"@id\":\"https:\/\/www.fleximat.es\/bn\/#organization\",\"name\":\"Fleximat\",\"url\":\"https:\/\/www.fleximat.es\/bn\/\",\"logo\":{\"@type\":\"ImageObject\",\"inLanguage\":\"kir\",\"@id\":\"https:\/\/www.fleximat.es\/bn\/#\/schema\/logo\/image\/\",\"url\":\"https:\/\/www.fleximat.es\/wp-content\/uploads\/2023\/11\/fleximat-logo-1.png\",\"contentUrl\":\"https:\/\/www.fleximat.es\/wp-content\/uploads\/2023\/11\/fleximat-logo-1.png\",\"width\":1169,\"height\":289,\"caption\":\"Fleximat\"},\"image\":{\"@id\":\"https:\/\/www.fleximat.es\/bn\/#\/schema\/logo\/image\/\"}}]}<\/script>\n<!-- \/ Yoast SEO plugin. -->","yoast_head_json":{"title":"Tubo TWINFLEX PA6 - Fleximat","robots":{"index":"index","follow":"follow","max-snippet":"max-snippet:-1","max-image-preview":"max-image-preview:large","max-video-preview":"max-video-preview:-1"},"canonical":"https:\/\/www.fleximat.es\/ky\/product\/tubo-twinflex-pa6\/","og_locale":"en_US","og_type":"article","og_title":"Tubo TWINFLEX PA6 - Fleximat","og_description":"Caracter\u00edsticas    Sombrerete Lat\u00f3n Niquelado   Junta de sellado TPV \/ Silicona\/ EPDM   Cuerpo Acero Inoxidable-AISI316L)   Junta t\u00f3rica NBR \/ TPV \/ Silicona\/ EPDM   Tipo de Rosca M\u00e9trica (EN 60423)   Estanqueidad IP68 - 3 bar   Temperatura de trabajo continua -40 \u00baC +100 \u00baC","og_url":"https:\/\/www.fleximat.es\/ky\/product\/tubo-twinflex-pa6\/","og_site_name":"Fleximat","article_modified_time":"2023-10-25T07:10:48+00:00","og_image":[{"width":807,"height":454,"url":"https:\/\/www.fleximat.es\/wp-content\/uploads\/2023\/10\/tubo-twinflex.jpg","type":"image\/jpeg"}],"twitter_card":"summary_large_image","twitter_misc":{"Est. reading time":"1 \u043c\u04af\u043d\u04e9\u0442"},"schema":{"@context":"https:\/\/schema.org","@graph":[{"@type":"WebPage","@id":"https:\/\/www.fleximat.es\/producto\/tubo-twinflex-pa6\/","url":"https:\/\/www.fleximat.es\/producto\/tubo-twinflex-pa6\/","name":"Tubo TWINFLEX PA6 - Fleximat","isPartOf":{"@id":"https:\/\/www.fleximat.es\/bn\/#website"},"datePublished":"2023-10-18T15:54:27+00:00","dateModified":"2023-10-25T07:10:48+00:00","breadcrumb":{"@id":"https:\/\/www.fleximat.es\/producto\/tubo-twinflex-pa6\/#breadcrumb"},"inLanguage":"kir","potentialAction":[{"@type":"ReadAction","target":["https:\/\/www.fleximat.es\/producto\/tubo-twinflex-pa6\/"]}]},{"@type":"BreadcrumbList","@id":"https:\/\/www.fleximat.es\/producto\/tubo-twinflex-pa6\/#breadcrumb","itemListElement":[{"@type":"ListItem","position":1,"name":"Portada","item":"https:\/\/www.fleximat.es\/"},{"@type":"ListItem","position":2,"name":"Productos","item":"https:\/\/www.fleximat.es\/en\/productos\/"},{"@type":"ListItem","position":3,"name":"Tubo TWINFLEX PA6"}]},{"@type":"WebSite","@id":"https:\/\/www.fleximat.es\/bn\/#website","url":"https:\/\/www.fleximat.es\/bn\/","name":"Fleximat","description":"Tu soluci\u00f3n en prensaestopas y tubos flexibles","publisher":{"@id":"https:\/\/www.fleximat.es\/bn\/#organization"},"potentialAction":[{"@type":"SearchAction","target":{"@type":"EntryPoint","urlTemplate":"https:\/\/www.fleximat.es\/bn\/?s={search_term_string}"},"query-input":"required name=search_term_string"}],"inLanguage":"kir"},{"@type":"Organization","@id":"https:\/\/www.fleximat.es\/bn\/#organization","name":"Fleximat","url":"https:\/\/www.fleximat.es\/bn\/","logo":{"@type":"ImageObject","inLanguage":"kir","@id":"https:\/\/www.fleximat.es\/bn\/#\/schema\/logo\/image\/","url":"https:\/\/www.fleximat.es\/wp-content\/uploads\/2023\/11\/fleximat-logo-1.png","contentUrl":"https:\/\/www.fleximat.es\/wp-content\/uploads\/2023\/11\/fleximat-logo-1.png","width":1169,"height":289,"caption":"Fleximat"},"image":{"@id":"https:\/\/www.fleximat.es\/bn\/#\/schema\/logo\/image\/"}}]}},"taxonomy_info":{"product_cat":[{"value":68,"label":"Tubos flexibles, racores y accesorios"},{"value":77,"label":"Tubos flexibles de poliamida y accesorios"},{"value":81,"label":"Tubos Flexibles Poliamida TWINFLEX"}]},"featured_image_src_large":["https:\/\/www.fleximat.es\/wp-content\/uploads\/2023\/10\/tubo-twinflex.jpg",807,454,false],"author_info":[],"comment_info":"","_links":{"self":[{"href":"https:\/\/www.fleximat.es\/ky\/wp-json\/wp\/v2\/product\/1757"}],"collection":[{"href":"https:\/\/www.fleximat.es\/ky\/wp-json\/wp\/v2\/product"}],"about":[{"href":"https:\/\/www.fleximat.es\/ky\/wp-json\/wp\/v2\/types\/product"}],"wp:featuredmedia":[{"embeddable":true,"href":"https:\/\/www.fleximat.es\/ky\/wp-json\/wp\/v2\/media\/1782"}],"wp:attachment":[{"href":"https:\/\/www.fleximat.es\/ky\/wp-json\/wp\/v2\/media?parent=1757"}],"wp:term":[{"taxonomy":"product_cat","embeddable":true,"href":"https:\/\/www.fleximat.es\/ky\/wp-json\/wp\/v2\/product_cat?post=1757"},{"taxonomy":"product_tag","embeddable":true,"href":"https:\/\/www.fleximat.es\/ky\/wp-json\/wp\/v2\/product_tag?post=1757"}],"curies":[{"name":"wp","href":"https:\/\/api.w.org\/{rel}","templated":true}]}}