{"id":1770,"date":"2023-10-18T17:54:28","date_gmt":"2023-10-18T15:54:28","guid":{"rendered":"https:\/\/www.fleximat.es\/?post_type=product&#038;p=1770"},"modified":"2023-12-04T17:56:30","modified_gmt":"2023-12-04T16:56:30","slug":"prensaestopas-atex-sin-armar-ug","status":"publish","type":"product","link":"https:\/\/www.fleximat.es\/ky\/product\/prensaestopas-atex-sin-armar-ug\/","title":{"rendered":"\u041c\u043e\u043d\u0442\u0430\u0436\u0434\u0430\u043b\u0431\u0430\u0433\u0430\u043d ATEX \u043a\u0430\u0431\u0435\u043b\u0434\u0438\u043a \u0431\u0435\u0437\u0434\u0435\u0440\u0438 UG"},"content":{"rendered":"<h4>Properties<\/h4>\n<p>Dise\u00f1ado y producido para uso con cable RJ-45<br \/>\nVarias opciones de junta F\u00e1cil montaje<br \/>\nLibre de hal\u00f3genos<\/p>\n<h3>\u041f\u0440\u043e\u0434\u0443\u043a\u0442 \u0441\u04af\u0440\u04e9\u0442\u0442\u04e9\u043c\u04e9\u0441\u04af<\/h3>\n<p>Los prensaestopas RJ-45 son una variante especial dise\u00f1ada para cables de datos.<\/p>\n<p>Los prensaestopas ofrecen una gran diversidad de propiedades, ya sean mec\u00e1nicas, qu\u00edmicas o prestacionales. Los prensaestopas son de r\u00e1pido montaje y f\u00e1cil instalaci\u00f3n. Disponen de un amplio rango de temperatura de trabajo.<\/p>\n<p>Los prensaestopas RJ-45 son una excelente opci\u00f3n a la hora de proteger nuestras conexiones de cableados con datos.<\/p>\n<p>\u041a\u0430\u0431\u0435\u043b\u044c \u0431\u0435\u0437\u0438 \u04af\u0437\u0433\u04af\u043b\u0442\u04af\u043a\u0441\u04af\u0437 \u044d\u043b\u0435\u043a\u0442\u0440 \u043c\u0435\u043d\u0435\u043d \u0436\u0430\u0431\u0434\u0443\u0443\u043d\u0443 \u0442\u0430\u043b\u0430\u043f \u043a\u044b\u043b\u0433\u0430\u043d \u0430\u0440 \u043a\u0430\u043d\u0434\u0430\u0439 \u043c\u043e\u043d\u0442\u0430\u0436\u0434\u0430, \u043c\u0430\u0448\u0438\u043d\u0430\u043b\u0430\u0440\u0434\u0430 \u0436\u0435 \u0436\u0430\u0431\u0434\u0443\u0443\u043b\u0430\u0440\u0434\u0430 \u0431\u043e\u043b\u043e\u0442 \u0436\u0430\u043d\u0430 \u0430\u043d\u044b\u043d \u0442\u0443\u0442\u0430\u0448\u0443\u0443\u043b\u0443\u0433\u0443\u043d \u043a\u0430\u043c\u0441\u044b\u0437 \u043a\u044b\u043b\u0443\u0443 \u04af\u0447\u04af\u043d \u0436\u043e\u043e\u043f\u0442\u0443\u0443.<\/p>\n<table class=\"table table-bordered table-striped\">\n<tbody>\n<tr>\n<td><strong>Roscas<\/strong><\/td>\n<td><strong>C\u00f3digo Gris<\/strong><\/td>\n<td><strong>C\u00f3digo Gris Claro<\/strong><\/td>\n<td><strong>C\u00f3digo Negro<\/strong><\/td>\n<td><strong>\u0411\u0438\u0439\u0438\u043a\u0442\u0438\u0433\u0438 \u043c\u043c<\/strong><\/td>\n<td><strong>\u0436\u0438\u043f \u0443\u0437\u0443\u043d\u0434\u0443\u0433\u0443 \u043c\u043c<\/strong><\/td>\n<td><strong>mm entre caras<\/strong><\/td>\n<td><strong>Para cables de (mm)<\/strong><\/td>\n<\/tr>\n<tr>\n<td>\u00a0M25<\/td>\n<td>OMRG0-SR05<\/td>\n<td>OMRL0-SR05<\/td>\n<td>OMRB0-SR05<\/td>\n<td>38<\/td>\n<td>10<\/td>\n<td>33<\/td>\n<td>5<\/td>\n<\/tr>\n<tr>\n<td>M25<\/td>\n<td>OMRG06A5-SR<\/td>\n<td>OMRL06A5-SR<\/td>\n<td>OMRB06A5-SR<\/td>\n<td>38<\/td>\n<td>10<\/td>\n<td>33<\/td>\n<td>2&#215;5<\/td>\n<\/tr>\n<tr>\n<td>M25<\/td>\n<td>OMRG06B5-SR<\/td>\n<td>OMRL06B5-SR<\/td>\n<td>OMRB06B5-SR<\/td>\n<td>38<\/td>\n<td>10<\/td>\n<td>33<\/td>\n<td>3&#215;5<\/td>\n<\/tr>\n<tr>\n<td>M32<\/td>\n<td>OMRG07SR05<\/td>\n<td>OMRL07SR05<\/td>\n<td>OMRB07SR05<\/td>\n<td>41<\/td>\n<td>10<\/td>\n<td>42<\/td>\n<td>5<\/td>\n<\/tr>\n<\/tbody>\n<\/table>\n<div class=\"notranslate\" style=\"all: initial;\"><\/div>","protected":false},"excerpt":{"rendered":"<h3>\u041c\u04af\u043d\u04e9\u0437\u0434\u04e9\u043c\u04e9\u043b\u04e9\u0440\u04af<\/h3>\n<table>\n<tbody>\n<tr>\n<td>\u041f\u043b\u043e\u043c\u0431\u0430\u043b\u043e\u043e\u0447\u0443 \u043f\u0440\u043e\u043a\u043b\u0430\u0434\u043a\u0430<\/td>\n<td>POS<\/td>\n<\/tr>\n<tr>\n<td>\u041e \u0448\u0430\u043a\u0435\u043a<\/td>\n<td>NBR<\/td>\n<\/tr>\n<tr>\n<td>Thread Type<\/td>\n<td>\u041c\u0435\u0442\u0440\u0438\u043a\u0430\u043b\u044b\u043a (EN 60423)<\/td>\n<\/tr>\n<tr>\n<td>\u0422\u044b\u0433\u044b\u0437\u0434\u044b\u043a<\/td>\n<td>IP68 \u2013 5 \u0431\u0430\u0440<\/td>\n<\/tr>\n<tr>\n<td>\u04ae\u0437\u0433\u04af\u043b\u0442\u04af\u043a\u0441\u04af\u0437 \u0438\u0448\u0442\u04e9\u04e9 \u0442\u0435\u043c\u043f\u0435\u0440\u0430\u0442\u0443\u0440\u0430\u0441\u044b<\/td>\n<td>-30 \u00baC +80 \u00baC +150 \u00baC (temporal)<\/td>\n<\/tr>\n<\/tbody>\n<\/table>","protected":false},"featured_media":3112,"template":"","meta":{"_kad_blocks_custom_css":"","_kad_blocks_head_custom_js":"","_kad_blocks_body_custom_js":"","_kad_blocks_footer_custom_js":"","_kadence_starter_templates_imported_post":false,"_kad_post_transparent":"default","_kad_post_title":"","_kad_post_layout":"default","_kad_post_sidebar_id":"","_kad_post_content_style":"default","_kad_post_vertical_padding":"default","_kad_post_feature":"","_kad_post_feature_position":"","_kad_post_header":false,"_kad_post_footer":false},"product_cat":[84,85],"product_tag":[],"class_list":{"0":"post-1770","1":"product","2":"type-product","3":"status-publish","4":"has-post-thumbnail","6":"product_cat-prensaestopas-y-accesorios-atex","7":"product_cat-prensaestopas-atex","9":"first","10":"instock","11":"shipping-taxable","12":"product-type-simple","13":"entry","14":"content-bg","15":"loop-entry"},"yoast_head":"<!-- This site is optimized with the Yoast SEO plugin v21.7 - https:\/\/yoast.com\/wordpress\/plugins\/seo\/ -->\n<title>Prensaestopas ATEX Sin Armar UG - Fleximat<\/title>\n<meta name=\"robots\" content=\"index, follow, max-snippet:-1, max-image-preview:large, max-video-preview:-1\" \/>\n<link rel=\"canonical\" href=\"https:\/\/www.fleximat.es\/ky\/product\/prensaestopas-atex-sin-armar-ug\/\" \/>\n<meta property=\"og:locale\" content=\"en_US\" \/>\n<meta property=\"og:type\" content=\"article\" \/>\n<meta property=\"og:title\" content=\"Prensaestopas ATEX Sin Armar UG - Fleximat\" \/>\n<meta property=\"og:description\" content=\"Caracter\u00edsticas    Junta de sellado TPV   Junta t\u00f3rica NBR   Tipo de Rosca M\u00e9trica (EN 60423)   Estanqueidad IP68 - 5 bar   Temperatura de trabajo continua -30 \u00baC +80 \u00baC +150 \u00baC (temporal)\" \/>\n<meta property=\"og:url\" content=\"https:\/\/www.fleximat.es\/ky\/product\/prensaestopas-atex-sin-armar-ug\/\" \/>\n<meta property=\"og:site_name\" content=\"Fleximat\" \/>\n<meta property=\"article:modified_time\" content=\"2023-12-04T16:56:30+00:00\" \/>\n<meta property=\"og:image\" content=\"https:\/\/www.fleximat.es\/wp-content\/uploads\/2023\/12\/th_crop_1571915788prensaestopas-atex-sin-armar-ug-1.png\" \/>\n\t<meta property=\"og:image:width\" content=\"700\" \/>\n\t<meta property=\"og:image:height\" content=\"700\" \/>\n\t<meta property=\"og:image:type\" content=\"image\/png\" \/>\n<meta name=\"twitter:card\" content=\"summary_large_image\" \/>\n<meta name=\"twitter:label1\" content=\"Est. reading time\" \/>\n\t<meta name=\"twitter:data1\" content=\"1 \u043c\u04af\u043d\u04e9\u0442\" \/>\n<script type=\"application\/ld+json\" class=\"yoast-schema-graph\">{\"@context\":\"https:\/\/schema.org\",\"@graph\":[{\"@type\":\"WebPage\",\"@id\":\"https:\/\/www.fleximat.es\/ar\/product\/prensaestopas-atex-sin-armar-ug\/\",\"url\":\"https:\/\/www.fleximat.es\/ar\/product\/prensaestopas-atex-sin-armar-ug\/\",\"name\":\"Prensaestopas ATEX Sin Armar UG - Fleximat\",\"isPartOf\":{\"@id\":\"https:\/\/www.fleximat.es\/bn\/#website\"},\"datePublished\":\"2023-10-18T15:54:28+00:00\",\"dateModified\":\"2023-12-04T16:56:30+00:00\",\"breadcrumb\":{\"@id\":\"https:\/\/www.fleximat.es\/ar\/product\/prensaestopas-atex-sin-armar-ug\/#breadcrumb\"},\"inLanguage\":\"kir\",\"potentialAction\":[{\"@type\":\"ReadAction\",\"target\":[\"https:\/\/www.fleximat.es\/ar\/product\/prensaestopas-atex-sin-armar-ug\/\"]}]},{\"@type\":\"BreadcrumbList\",\"@id\":\"https:\/\/www.fleximat.es\/ar\/product\/prensaestopas-atex-sin-armar-ug\/#breadcrumb\",\"itemListElement\":[{\"@type\":\"ListItem\",\"position\":1,\"name\":\"Portada\",\"item\":\"https:\/\/www.fleximat.es\/\"},{\"@type\":\"ListItem\",\"position\":2,\"name\":\"Productos\",\"item\":\"https:\/\/www.fleximat.es\/en\/productos\/\"},{\"@type\":\"ListItem\",\"position\":3,\"name\":\"Prensaestopas ATEX Sin Armar UG\"}]},{\"@type\":\"WebSite\",\"@id\":\"https:\/\/www.fleximat.es\/bn\/#website\",\"url\":\"https:\/\/www.fleximat.es\/bn\/\",\"name\":\"Fleximat\",\"description\":\"Tu soluci\u00f3n en prensaestopas y tubos flexibles\",\"publisher\":{\"@id\":\"https:\/\/www.fleximat.es\/bn\/#organization\"},\"potentialAction\":[{\"@type\":\"SearchAction\",\"target\":{\"@type\":\"EntryPoint\",\"urlTemplate\":\"https:\/\/www.fleximat.es\/bn\/?s={search_term_string}\"},\"query-input\":\"required name=search_term_string\"}],\"inLanguage\":\"kir\"},{\"@type\":\"Organization\",\"@id\":\"https:\/\/www.fleximat.es\/bn\/#organization\",\"name\":\"Fleximat\",\"url\":\"https:\/\/www.fleximat.es\/bn\/\",\"logo\":{\"@type\":\"ImageObject\",\"inLanguage\":\"kir\",\"@id\":\"https:\/\/www.fleximat.es\/bn\/#\/schema\/logo\/image\/\",\"url\":\"https:\/\/www.fleximat.es\/wp-content\/uploads\/2023\/11\/fleximat-logo-1.png\",\"contentUrl\":\"https:\/\/www.fleximat.es\/wp-content\/uploads\/2023\/11\/fleximat-logo-1.png\",\"width\":1169,\"height\":289,\"caption\":\"Fleximat\"},\"image\":{\"@id\":\"https:\/\/www.fleximat.es\/bn\/#\/schema\/logo\/image\/\"}}]}<\/script>\n<!-- \/ Yoast SEO plugin. -->","yoast_head_json":{"title":"Prensaestopas ATEX Sin Armar UG - Fleximat","robots":{"index":"index","follow":"follow","max-snippet":"max-snippet:-1","max-image-preview":"max-image-preview:large","max-video-preview":"max-video-preview:-1"},"canonical":"https:\/\/www.fleximat.es\/ky\/product\/prensaestopas-atex-sin-armar-ug\/","og_locale":"en_US","og_type":"article","og_title":"Prensaestopas ATEX Sin Armar UG - Fleximat","og_description":"Caracter\u00edsticas    Junta de sellado TPV   Junta t\u00f3rica NBR   Tipo de Rosca M\u00e9trica (EN 60423)   Estanqueidad IP68 - 5 bar   Temperatura de trabajo continua -30 \u00baC +80 \u00baC +150 \u00baC (temporal)","og_url":"https:\/\/www.fleximat.es\/ky\/product\/prensaestopas-atex-sin-armar-ug\/","og_site_name":"Fleximat","article_modified_time":"2023-12-04T16:56:30+00:00","og_image":[{"width":700,"height":700,"url":"https:\/\/www.fleximat.es\/wp-content\/uploads\/2023\/12\/th_crop_1571915788prensaestopas-atex-sin-armar-ug-1.png","type":"image\/png"}],"twitter_card":"summary_large_image","twitter_misc":{"Est. reading time":"1 \u043c\u04af\u043d\u04e9\u0442"},"schema":{"@context":"https:\/\/schema.org","@graph":[{"@type":"WebPage","@id":"https:\/\/www.fleximat.es\/ar\/product\/prensaestopas-atex-sin-armar-ug\/","url":"https:\/\/www.fleximat.es\/ar\/product\/prensaestopas-atex-sin-armar-ug\/","name":"Prensaestopas ATEX Sin Armar UG - Fleximat","isPartOf":{"@id":"https:\/\/www.fleximat.es\/bn\/#website"},"datePublished":"2023-10-18T15:54:28+00:00","dateModified":"2023-12-04T16:56:30+00:00","breadcrumb":{"@id":"https:\/\/www.fleximat.es\/ar\/product\/prensaestopas-atex-sin-armar-ug\/#breadcrumb"},"inLanguage":"kir","potentialAction":[{"@type":"ReadAction","target":["https:\/\/www.fleximat.es\/ar\/product\/prensaestopas-atex-sin-armar-ug\/"]}]},{"@type":"BreadcrumbList","@id":"https:\/\/www.fleximat.es\/ar\/product\/prensaestopas-atex-sin-armar-ug\/#breadcrumb","itemListElement":[{"@type":"ListItem","position":1,"name":"Portada","item":"https:\/\/www.fleximat.es\/"},{"@type":"ListItem","position":2,"name":"Productos","item":"https:\/\/www.fleximat.es\/en\/productos\/"},{"@type":"ListItem","position":3,"name":"Prensaestopas ATEX Sin Armar UG"}]},{"@type":"WebSite","@id":"https:\/\/www.fleximat.es\/bn\/#website","url":"https:\/\/www.fleximat.es\/bn\/","name":"Fleximat","description":"Tu soluci\u00f3n en prensaestopas y tubos flexibles","publisher":{"@id":"https:\/\/www.fleximat.es\/bn\/#organization"},"potentialAction":[{"@type":"SearchAction","target":{"@type":"EntryPoint","urlTemplate":"https:\/\/www.fleximat.es\/bn\/?s={search_term_string}"},"query-input":"required name=search_term_string"}],"inLanguage":"kir"},{"@type":"Organization","@id":"https:\/\/www.fleximat.es\/bn\/#organization","name":"Fleximat","url":"https:\/\/www.fleximat.es\/bn\/","logo":{"@type":"ImageObject","inLanguage":"kir","@id":"https:\/\/www.fleximat.es\/bn\/#\/schema\/logo\/image\/","url":"https:\/\/www.fleximat.es\/wp-content\/uploads\/2023\/11\/fleximat-logo-1.png","contentUrl":"https:\/\/www.fleximat.es\/wp-content\/uploads\/2023\/11\/fleximat-logo-1.png","width":1169,"height":289,"caption":"Fleximat"},"image":{"@id":"https:\/\/www.fleximat.es\/bn\/#\/schema\/logo\/image\/"}}]}},"taxonomy_info":{"product_cat":[{"value":84,"label":"Prensaestopas y accesorios ATEX"},{"value":85,"label":"Prensaestopas ATEX"}]},"featured_image_src_large":["https:\/\/www.fleximat.es\/wp-content\/uploads\/2023\/12\/th_crop_1571915788prensaestopas-atex-sin-armar-ug-1.png",700,700,false],"author_info":[],"comment_info":"","_links":{"self":[{"href":"https:\/\/www.fleximat.es\/ky\/wp-json\/wp\/v2\/product\/1770"}],"collection":[{"href":"https:\/\/www.fleximat.es\/ky\/wp-json\/wp\/v2\/product"}],"about":[{"href":"https:\/\/www.fleximat.es\/ky\/wp-json\/wp\/v2\/types\/product"}],"wp:featuredmedia":[{"embeddable":true,"href":"https:\/\/www.fleximat.es\/ky\/wp-json\/wp\/v2\/media\/3112"}],"wp:attachment":[{"href":"https:\/\/www.fleximat.es\/ky\/wp-json\/wp\/v2\/media?parent=1770"}],"wp:term":[{"taxonomy":"product_cat","embeddable":true,"href":"https:\/\/www.fleximat.es\/ky\/wp-json\/wp\/v2\/product_cat?post=1770"},{"taxonomy":"product_tag","embeddable":true,"href":"https:\/\/www.fleximat.es\/ky\/wp-json\/wp\/v2\/product_tag?post=1770"}],"curies":[{"name":"wp","href":"https:\/\/api.w.org\/{rel}","templated":true}]}}