{"id":1806,"date":"2023-10-18T17:54:56","date_gmt":"2023-10-18T15:54:56","guid":{"rendered":"https:\/\/www.fleximat.es\/?post_type=product&#038;p=1806"},"modified":"2023-12-04T17:45:06","modified_gmt":"2023-12-04T16:45:06","slug":"emparejador-atex","status":"publish","type":"product","link":"https:\/\/www.fleximat.es\/ky\/product\/emparejador-atex\/","title":{"rendered":"ATEX \u0447\u0443\u0440\u043a\u043e\u043e\u0447\u0443"},"content":{"rendered":"<h3>\u041f\u0440\u043e\u0434\u0443\u043a\u0442 \u0441\u04af\u0440\u04e9\u0442\u0442\u04e9\u043c\u04e9\u0441\u04af<\/h3>\n<p><span style=\"font-weight: 400;\">Los emparejador ATEX son un componente con la finalidad de proteger y sellar un equipo. Instalando un tap\u00f3n roscado a un equipo el\u00e9ctrico conseguimos una mayor estanqueidad y protecci\u00f3n.<\/span><\/p>\n<p><span style=\"font-weight: 400;\">Los emparejador ATEX se fabrican en distintos materiales dependiendo de su aplicaci\u00f3n, ya sean emparejador hexagonales de poliamida o amplificadores hexagonales met\u00e1licos, as\u00ed como en versi\u00f3n ATEX<\/span><\/p>\n<p><span style=\"font-weight: 400;\">El emparejador ATEX es una soluci\u00f3n simple y eficaz. Un emparejador hexagonal es necesario para completar la protecci\u00f3n de equipos el\u00e9ctricos que presenten orificios roscados sin terminaciones activas.\u00a0<\/span><\/p>\n<h3>M\u00e9trica &#8211; M\u00e9trica<\/h3>\n<table class=\"table table-bordered table-striped\" width=\"740\">\n<thead>\n<tr>\n<td>\u0416\u0438\u043f<\/td>\n<td>Code<\/td>\n<td>\u0416\u0438\u043f<\/td>\n<td>D(mm)<\/td>\n<td>L(mm)<\/td>\n<td>GL(mm)<\/td>\n<td>GL 1(mm)<\/td>\n<td>SW<\/td>\n<\/tr>\n<\/thead>\n<tbody>\n<tr>\n<td>M12 x 1.5<\/td>\n<td>NPXX\/M12m-M12m<\/td>\n<td>M12 x 1.5<\/td>\n<td>7<\/td>\n<td>46<\/td>\n<td>15<\/td>\n<td>15<\/td>\n<td>18<\/td>\n<\/tr>\n<tr>\n<td>M16 x 1.5<\/td>\n<td>NPXX\/M16m-M16m<\/td>\n<td>M16 x 1.5<\/td>\n<td>10<\/td>\n<td>48<\/td>\n<td>15<\/td>\n<td>15<\/td>\n<td>20<\/td>\n<\/tr>\n<tr>\n<td>M20 x 1.5<\/td>\n<td>NPXX\/M20m-M20m<\/td>\n<td>M20 x 1.5<\/td>\n<td>14<\/td>\n<td>48<\/td>\n<td>15<\/td>\n<td>15<\/td>\n<td>24<\/td>\n<\/tr>\n<tr>\n<td>M25 x 1.5<\/td>\n<td>NPXX\/M20m-M20m<\/td>\n<td>M25 x 1.5<\/td>\n<td>19<\/td>\n<td>50<\/td>\n<td>15<\/td>\n<td>15<\/td>\n<td>32<\/td>\n<\/tr>\n<tr>\n<td>M32 x 1.5<\/td>\n<td>NPXX\/M32m-M32m<\/td>\n<td>M32 x 1.5<\/td>\n<td>26<\/td>\n<td>50<\/td>\n<td>15<\/td>\n<td>15<\/td>\n<td>36<\/td>\n<\/tr>\n<tr>\n<td>M40 x 1.5<\/td>\n<td>NPXX\/M40m-M40m<\/td>\n<td>M40 x 1.5<\/td>\n<td>36<\/td>\n<td>56<\/td>\n<td>18<\/td>\n<td>18<\/td>\n<td>45<\/td>\n<\/tr>\n<tr>\n<td>M50 x 1.5<\/td>\n<td>NPXX\/M50m-M50m<\/td>\n<td>M50 x 1.5<\/td>\n<td>44<\/td>\n<td>58<\/td>\n<td>18<\/td>\n<td>18<\/td>\n<td>55<\/td>\n<\/tr>\n<tr>\n<td>M63 x 1.5<\/td>\n<td>NPXX\/M63m-M63m<\/td>\n<td>M63 x 1.5<\/td>\n<td>57<\/td>\n<td>58<\/td>\n<td>18<\/td>\n<td>18<\/td>\n<td>70<\/td>\n<\/tr>\n<tr>\n<td>M75 x 1.5<\/td>\n<td>NPXX\/M75m-M75m<\/td>\n<td>M75 x 1.5<\/td>\n<td>69<\/td>\n<td>62<\/td>\n<td>18<\/td>\n<td>18<\/td>\n<td>85<\/td>\n<\/tr>\n<tr>\n<td>M90 x 1.5<\/td>\n<td>NPXX\/M90m-M90m<\/td>\n<td>M90 x 1.5<\/td>\n<td>84<\/td>\n<td>68<\/td>\n<td>21<\/td>\n<td>21<\/td>\n<td>100<\/td>\n<\/tr>\n<tr>\n<td>M110 x 1.5<\/td>\n<td>NPXX\/M110m-M110m<\/td>\n<td>M110 x 1.5<\/td>\n<td>100<\/td>\n<td>69<\/td>\n<td>21<\/td>\n<td>21<\/td>\n<td>120<\/td>\n<\/tr>\n<\/tbody>\n<\/table>\n<h3>NPT- M\u00e9trica<\/h3>\n<table class=\"table table-bordered table-striped\">\n<thead>\n<tr>\n<td>\u0416\u0438\u043f<\/td>\n<td>Code<\/td>\n<td>\u0416\u0438\u043f<\/td>\n<td>D(mm)<\/td>\n<td>L(mm)<\/td>\n<td>GL(mm)<\/td>\n<td>GL 1(mm)<\/td>\n<td>SW<\/td>\n<\/tr>\n<\/thead>\n<tbody>\n<tr>\n<td>NPT 1\/4&#8243;<\/td>\n<td>NPXX\/N14m-M12m<\/td>\n<td>M12 x 1.5<\/td>\n<td>7<\/td>\n<td>46<\/td>\n<td>15<\/td>\n<td>15<\/td>\n<td>18<\/td>\n<\/tr>\n<tr>\n<td>NPT 3\/8&#8243;<\/td>\n<td>NPXX\/N38m-M16m<\/td>\n<td>M16 x 1.5<\/td>\n<td>10<\/td>\n<td>48<\/td>\n<td>15<\/td>\n<td>15<\/td>\n<td>20<\/td>\n<\/tr>\n<tr>\n<td>NPT 1\/2&#8243;<\/td>\n<td>NPXX\/N12m-M20m<\/td>\n<td>M20 x 1.5<\/td>\n<td>14<\/td>\n<td>48<\/td>\n<td>15<\/td>\n<td>15<\/td>\n<td>24<\/td>\n<\/tr>\n<tr>\n<td>NPT 3\/4&#8243;<\/td>\n<td>NPXX\/N34m-M25m<\/td>\n<td>M25 x 1.5<\/td>\n<td>19<\/td>\n<td>50<\/td>\n<td>15<\/td>\n<td>15<\/td>\n<td>32<\/td>\n<\/tr>\n<tr>\n<td>NPT 1&#8243;<\/td>\n<td>NPXX\/N100m-M32m<\/td>\n<td>M32 x 1.5<\/td>\n<td>26<\/td>\n<td>50<\/td>\n<td>15<\/td>\n<td>15<\/td>\n<td>36<\/td>\n<\/tr>\n<tr>\n<td>NPT 1 1\/4&#8243;<\/td>\n<td>NPXX\/N114m-M40m<\/td>\n<td>M40 x 1.5<\/td>\n<td>34<\/td>\n<td>56<\/td>\n<td>18<\/td>\n<td>18<\/td>\n<td>45<\/td>\n<\/tr>\n<tr>\n<td>NPT 11\/2&#8243;<\/td>\n<td>NPXX\/N112m-M50m<\/td>\n<td>M50 x 1.5<\/td>\n<td>44<\/td>\n<td>58<\/td>\n<td>18<\/td>\n<td>18<\/td>\n<td>55<\/td>\n<\/tr>\n<tr>\n<td>NPT 2&#8243;<\/td>\n<td>NPXX\/N200m-M63m<\/td>\n<td>M63 x 1.5<\/td>\n<td>57<\/td>\n<td>58<\/td>\n<td>18<\/td>\n<td>18<\/td>\n<td>70<\/td>\n<\/tr>\n<tr>\n<td>NPT 2 1\/2&#8243;<\/td>\n<td>NPXX\/N212m-M75m<\/td>\n<td>M75 x 1.5<\/td>\n<td>69<\/td>\n<td>62<\/td>\n<td>18<\/td>\n<td>18<\/td>\n<td>85<\/td>\n<\/tr>\n<tr>\n<td>NPT 3&#8243;<\/td>\n<td>NPXX\/N300m-M90m<\/td>\n<td>M90 x 1.5<\/td>\n<td>84<\/td>\n<td>68<\/td>\n<td>21<\/td>\n<td>21<\/td>\n<td>100<\/td>\n<\/tr>\n<tr>\n<td>NPT 4&#8243;<\/td>\n<td>NPXX\/N400m-M110m<\/td>\n<td>M110 x 1.5<\/td>\n<td>100<\/td>\n<td>69<\/td>\n<td>21<\/td>\n<td>21<\/td>\n<td>120<\/td>\n<\/tr>\n<\/tbody>\n<\/table>\n<h3>NPT- NPT<\/h3>\n<table class=\"table table-bordered table-striped\">\n<thead>\n<tr>\n<td>\u0416\u0438\u043f<\/td>\n<td>Code<\/td>\n<td>\u0416\u0438\u043f<\/td>\n<td>D(mm)<\/td>\n<td>L(mm)<\/td>\n<td>GL(mm)<\/td>\n<td>GL 1(mm)<\/td>\n<td>SW<\/td>\n<\/tr>\n<\/thead>\n<tbody>\n<tr>\n<td>NPT 1\/4&#8243;<\/td>\n<td>NPXX\/N14m-M12m<\/td>\n<td>NPT 1\/4&#8243;<\/td>\n<td>8<\/td>\n<td>46<\/td>\n<td>15<\/td>\n<td>15<\/td>\n<td>18<\/td>\n<\/tr>\n<tr>\n<td>NPT 1\/4&#8243;<\/td>\n<td>NPXX\/N14m-N38m<\/td>\n<td>NPT 3\/8&#8243;<\/td>\n<td>8<\/td>\n<td>48<\/td>\n<td>15<\/td>\n<td>15<\/td>\n<td>20<\/td>\n<\/tr>\n<tr>\n<td>NPT 3\/8&#8243;<\/td>\n<td>NPXX\/N38m-N38m<\/td>\n<td>NPT 3\/8&#8243;<\/td>\n<td>12<\/td>\n<td>48<\/td>\n<td>15<\/td>\n<td>15<\/td>\n<td>20<\/td>\n<\/tr>\n<tr>\n<td>NPT 3\/8&#8243;<\/td>\n<td>NPXX\/N34m-M25m<\/td>\n<td>NPT 1\/2&#8243;<\/td>\n<td>12<\/td>\n<td>48<\/td>\n<td>15<\/td>\n<td>15<\/td>\n<td>24<\/td>\n<\/tr>\n<tr>\n<td>NPT 1\/2&#8243;<\/td>\n<td>NPXX\/N12m-N12m<\/td>\n<td>NPT 1\/2&#8243;<\/td>\n<td>15,5<\/td>\n<td>48<\/td>\n<td>15<\/td>\n<td>15<\/td>\n<td>24<\/td>\n<\/tr>\n<tr>\n<td>NPT 1\/2&#8243;<\/td>\n<td>NPXX\/N12m-N34m<\/td>\n<td>NPT 3\/4&#8243;<\/td>\n<td>15,5<\/td>\n<td>50<\/td>\n<td>15<\/td>\n<td>15<\/td>\n<td>32<\/td>\n<\/tr>\n<tr>\n<td>NPT 3\/4&#8243;<\/td>\n<td>NPXX\/N34m-N34m<\/td>\n<td>NPT 3\/4&#8243;<\/td>\n<td>19<\/td>\n<td>50<\/td>\n<td>15<\/td>\n<td>15<\/td>\n<td>32<\/td>\n<\/tr>\n<tr>\n<td>NPT 3\/4&#8243;\u00bb<\/td>\n<td>NPXX\/N34m-N100m<\/td>\n<td>NPT 1&#8243;<\/td>\n<td>19<\/td>\n<td>50<\/td>\n<td>15<\/td>\n<td>15<\/td>\n<td>36<\/td>\n<\/tr>\n<tr>\n<td>NPT 1&#8243;<\/td>\n<td>NPXX\/N100m-N100m<\/td>\n<td>NPT 1&#8243;<\/td>\n<td>25<\/td>\n<td>50<\/td>\n<td>15<\/td>\n<td>15<\/td>\n<td>36<\/td>\n<\/tr>\n<tr>\n<td>NPT 1&#8243;<\/td>\n<td>NPXX\/N100m-N114m<\/td>\n<td>NPT 1 1\/4&#8243;<\/td>\n<td>25<\/td>\n<td>53<\/td>\n<td>15<\/td>\n<td>15<\/td>\n<td>45<\/td>\n<\/tr>\n<tr>\n<td>NPT 1 1\/4&#8243;<\/td>\n<td>NPXX\/N114m-N114m<\/td>\n<td>NPT 1 1\/4&#8243;<\/td>\n<td>33<\/td>\n<td>56<\/td>\n<td>18<\/td>\n<td>18<\/td>\n<td>45<\/td>\n<\/tr>\n<tr>\n<td>NPT 11\/2&#8243;<\/td>\n<td>NPXX\/N112m-N112m<\/td>\n<td>NPT 11\/2&#8243;<\/td>\n<td>40<\/td>\n<td>58<\/td>\n<td>18<\/td>\n<td>18<\/td>\n<td>55<\/td>\n<\/tr>\n<tr>\n<td>NPT 2&#8243;<\/td>\n<td>NPXX\/N200m-N200m<\/td>\n<td>NPT 2&#8243;<\/td>\n<td>52<\/td>\n<td>58<\/td>\n<td>18<\/td>\n<td>18<\/td>\n<td>65<\/td>\n<\/tr>\n<tr>\n<td>NPT 2 1\/2&#8243;<\/td>\n<td>NPXX\/N212m-N212m<\/td>\n<td>NPT 2 1\/2&#8243;<\/td>\n<td>62<\/td>\n<td>62<\/td>\n<td>18<\/td>\n<td>18<\/td>\n<td>80<\/td>\n<\/tr>\n<tr>\n<td>NPT 3&#8243;<\/td>\n<td>NPXX\/N300m-N300m<\/td>\n<td>NPT 3&#8243;<\/td>\n<td>75<\/td>\n<td>68<\/td>\n<td>21<\/td>\n<td>21<\/td>\n<td>95<\/td>\n<\/tr>\n<tr>\n<td>NPT 4&#8243;<\/td>\n<td>NPXX\/N400m-N400m<\/td>\n<td>NPT 4&#8243;<\/td>\n<td>100<\/td>\n<td>69<\/td>\n<td>21<\/td>\n<td>21<\/td>\n<td>120<\/td>\n<\/tr>\n<\/tbody>\n<\/table>","protected":false},"excerpt":{"rendered":"<table>\n<tbody>\n<tr>\n<td>\n<h3>\u041c\u04af\u043d\u04e9\u0437\u0434\u04e9\u043c\u04e9\u043b\u04e9\u0440\u04af<\/h3>\n<\/td>\n<td><img decoding=\"async\" class=\"size-full wp-image-2038 alignright\" src=\"https:\/\/www.fleximat.es\/wp-content\/uploads\/2023\/10\/directiva-atex-para-entornos-de-trabajo.png\" alt=\"\" width=\"60\" \/><\/td>\n<\/tr>\n<tr>\n<td><strong>\u04ae\u0437\u0433\u04af\u043b\u0442\u04af\u043a\u0441\u04af\u0437 \u0438\u0448\u0442\u04e9\u04e9 \u0442\u0435\u043c\u043f\u0435\u0440\u0430\u0442\u0443\u0440\u0430\u0441\u044b<\/strong><\/td>\n<td>-60 \u00b0C +200 \u00b0C<\/td>\n<\/tr>\n<\/tbody>\n<\/table>","protected":false},"featured_media":3098,"template":"","meta":{"_kad_blocks_custom_css":"","_kad_blocks_head_custom_js":"","_kad_blocks_body_custom_js":"","_kad_blocks_footer_custom_js":"","_kadence_starter_templates_imported_post":false,"_kad_post_transparent":"default","_kad_post_title":"","_kad_post_layout":"default","_kad_post_sidebar_id":"","_kad_post_content_style":"default","_kad_post_vertical_padding":"default","_kad_post_feature":"","_kad_post_feature_position":"","_kad_post_header":false,"_kad_post_footer":false},"product_cat":[84,86],"product_tag":[],"class_list":{"0":"post-1806","1":"product","2":"type-product","3":"status-publish","4":"has-post-thumbnail","6":"product_cat-prensaestopas-y-accesorios-atex","7":"product_cat-accesorios-atex","9":"first","10":"instock","11":"shipping-taxable","12":"product-type-simple","13":"entry","14":"content-bg","15":"loop-entry"},"yoast_head":"<!-- This site is optimized with the Yoast SEO plugin v21.7 - https:\/\/yoast.com\/wordpress\/plugins\/seo\/ -->\n<title>Emparejador ATEX - Fleximat<\/title>\n<meta name=\"robots\" content=\"index, follow, max-snippet:-1, max-image-preview:large, max-video-preview:-1\" \/>\n<link rel=\"canonical\" href=\"https:\/\/www.fleximat.es\/ky\/product\/emparejador-atex\/\" \/>\n<meta property=\"og:locale\" content=\"en_US\" \/>\n<meta property=\"og:type\" content=\"article\" \/>\n<meta property=\"og:title\" content=\"Emparejador ATEX - Fleximat\" \/>\n<meta property=\"og:description\" content=\"Caracter\u00edsticas     Temperatura de trabajo continua -60 \u00b0C +200 \u00b0C\" \/>\n<meta property=\"og:url\" content=\"https:\/\/www.fleximat.es\/ky\/product\/emparejador-atex\/\" \/>\n<meta property=\"og:site_name\" content=\"Fleximat\" \/>\n<meta property=\"article:modified_time\" content=\"2023-12-04T16:45:06+00:00\" \/>\n<meta property=\"og:image\" content=\"https:\/\/www.fleximat.es\/wp-content\/uploads\/2023\/12\/emparejador-atex-1024x838-1.png\" \/>\n\t<meta property=\"og:image:width\" content=\"1024\" \/>\n\t<meta property=\"og:image:height\" content=\"1024\" \/>\n\t<meta property=\"og:image:type\" content=\"image\/png\" \/>\n<meta name=\"twitter:card\" content=\"summary_large_image\" \/>\n<meta name=\"twitter:label1\" content=\"Est. reading time\" \/>\n\t<meta name=\"twitter:data1\" content=\"2 \u043c\u04af\u043d\u04e9\u0442\" \/>\n<script type=\"application\/ld+json\" class=\"yoast-schema-graph\">{\"@context\":\"https:\/\/schema.org\",\"@graph\":[{\"@type\":\"WebPage\",\"@id\":\"https:\/\/www.fleximat.es\/pa\/product\/emparejador-atex\/\",\"url\":\"https:\/\/www.fleximat.es\/pa\/product\/emparejador-atex\/\",\"name\":\"Emparejador ATEX - Fleximat\",\"isPartOf\":{\"@id\":\"https:\/\/www.fleximat.es\/bn\/#website\"},\"datePublished\":\"2023-10-18T15:54:56+00:00\",\"dateModified\":\"2023-12-04T16:45:06+00:00\",\"breadcrumb\":{\"@id\":\"https:\/\/www.fleximat.es\/pa\/product\/emparejador-atex\/#breadcrumb\"},\"inLanguage\":\"kir\",\"potentialAction\":[{\"@type\":\"ReadAction\",\"target\":[\"https:\/\/www.fleximat.es\/pa\/product\/emparejador-atex\/\"]}]},{\"@type\":\"BreadcrumbList\",\"@id\":\"https:\/\/www.fleximat.es\/pa\/product\/emparejador-atex\/#breadcrumb\",\"itemListElement\":[{\"@type\":\"ListItem\",\"position\":1,\"name\":\"Portada\",\"item\":\"https:\/\/www.fleximat.es\/\"},{\"@type\":\"ListItem\",\"position\":2,\"name\":\"Productos\",\"item\":\"https:\/\/www.fleximat.es\/en\/productos\/\"},{\"@type\":\"ListItem\",\"position\":3,\"name\":\"Emparejador ATEX\"}]},{\"@type\":\"WebSite\",\"@id\":\"https:\/\/www.fleximat.es\/bn\/#website\",\"url\":\"https:\/\/www.fleximat.es\/bn\/\",\"name\":\"Fleximat\",\"description\":\"Tu soluci\u00f3n en prensaestopas y tubos flexibles\",\"publisher\":{\"@id\":\"https:\/\/www.fleximat.es\/bn\/#organization\"},\"potentialAction\":[{\"@type\":\"SearchAction\",\"target\":{\"@type\":\"EntryPoint\",\"urlTemplate\":\"https:\/\/www.fleximat.es\/bn\/?s={search_term_string}\"},\"query-input\":\"required name=search_term_string\"}],\"inLanguage\":\"kir\"},{\"@type\":\"Organization\",\"@id\":\"https:\/\/www.fleximat.es\/bn\/#organization\",\"name\":\"Fleximat\",\"url\":\"https:\/\/www.fleximat.es\/bn\/\",\"logo\":{\"@type\":\"ImageObject\",\"inLanguage\":\"kir\",\"@id\":\"https:\/\/www.fleximat.es\/bn\/#\/schema\/logo\/image\/\",\"url\":\"https:\/\/www.fleximat.es\/wp-content\/uploads\/2023\/11\/fleximat-logo-1.png\",\"contentUrl\":\"https:\/\/www.fleximat.es\/wp-content\/uploads\/2023\/11\/fleximat-logo-1.png\",\"width\":1169,\"height\":289,\"caption\":\"Fleximat\"},\"image\":{\"@id\":\"https:\/\/www.fleximat.es\/bn\/#\/schema\/logo\/image\/\"}}]}<\/script>\n<!-- \/ Yoast SEO plugin. -->","yoast_head_json":{"title":"Emparejador ATEX - Fleximat","robots":{"index":"index","follow":"follow","max-snippet":"max-snippet:-1","max-image-preview":"max-image-preview:large","max-video-preview":"max-video-preview:-1"},"canonical":"https:\/\/www.fleximat.es\/ky\/product\/emparejador-atex\/","og_locale":"en_US","og_type":"article","og_title":"Emparejador ATEX - Fleximat","og_description":"Caracter\u00edsticas     Temperatura de trabajo continua -60 \u00b0C +200 \u00b0C","og_url":"https:\/\/www.fleximat.es\/ky\/product\/emparejador-atex\/","og_site_name":"Fleximat","article_modified_time":"2023-12-04T16:45:06+00:00","og_image":[{"width":1024,"height":1024,"url":"https:\/\/www.fleximat.es\/wp-content\/uploads\/2023\/12\/emparejador-atex-1024x838-1.png","type":"image\/png"}],"twitter_card":"summary_large_image","twitter_misc":{"Est. reading time":"2 \u043c\u04af\u043d\u04e9\u0442"},"schema":{"@context":"https:\/\/schema.org","@graph":[{"@type":"WebPage","@id":"https:\/\/www.fleximat.es\/pa\/product\/emparejador-atex\/","url":"https:\/\/www.fleximat.es\/pa\/product\/emparejador-atex\/","name":"Emparejador ATEX - Fleximat","isPartOf":{"@id":"https:\/\/www.fleximat.es\/bn\/#website"},"datePublished":"2023-10-18T15:54:56+00:00","dateModified":"2023-12-04T16:45:06+00:00","breadcrumb":{"@id":"https:\/\/www.fleximat.es\/pa\/product\/emparejador-atex\/#breadcrumb"},"inLanguage":"kir","potentialAction":[{"@type":"ReadAction","target":["https:\/\/www.fleximat.es\/pa\/product\/emparejador-atex\/"]}]},{"@type":"BreadcrumbList","@id":"https:\/\/www.fleximat.es\/pa\/product\/emparejador-atex\/#breadcrumb","itemListElement":[{"@type":"ListItem","position":1,"name":"Portada","item":"https:\/\/www.fleximat.es\/"},{"@type":"ListItem","position":2,"name":"Productos","item":"https:\/\/www.fleximat.es\/en\/productos\/"},{"@type":"ListItem","position":3,"name":"Emparejador ATEX"}]},{"@type":"WebSite","@id":"https:\/\/www.fleximat.es\/bn\/#website","url":"https:\/\/www.fleximat.es\/bn\/","name":"Fleximat","description":"Tu soluci\u00f3n en prensaestopas y tubos flexibles","publisher":{"@id":"https:\/\/www.fleximat.es\/bn\/#organization"},"potentialAction":[{"@type":"SearchAction","target":{"@type":"EntryPoint","urlTemplate":"https:\/\/www.fleximat.es\/bn\/?s={search_term_string}"},"query-input":"required name=search_term_string"}],"inLanguage":"kir"},{"@type":"Organization","@id":"https:\/\/www.fleximat.es\/bn\/#organization","name":"Fleximat","url":"https:\/\/www.fleximat.es\/bn\/","logo":{"@type":"ImageObject","inLanguage":"kir","@id":"https:\/\/www.fleximat.es\/bn\/#\/schema\/logo\/image\/","url":"https:\/\/www.fleximat.es\/wp-content\/uploads\/2023\/11\/fleximat-logo-1.png","contentUrl":"https:\/\/www.fleximat.es\/wp-content\/uploads\/2023\/11\/fleximat-logo-1.png","width":1169,"height":289,"caption":"Fleximat"},"image":{"@id":"https:\/\/www.fleximat.es\/bn\/#\/schema\/logo\/image\/"}}]}},"taxonomy_info":{"product_cat":[{"value":84,"label":"Prensaestopas y accesorios ATEX"},{"value":86,"label":"Accesorios ATEX"}]},"featured_image_src_large":["https:\/\/www.fleximat.es\/wp-content\/uploads\/2023\/12\/emparejador-atex-1024x838-1.png",1024,1024,false],"author_info":[],"comment_info":"","_links":{"self":[{"href":"https:\/\/www.fleximat.es\/ky\/wp-json\/wp\/v2\/product\/1806"}],"collection":[{"href":"https:\/\/www.fleximat.es\/ky\/wp-json\/wp\/v2\/product"}],"about":[{"href":"https:\/\/www.fleximat.es\/ky\/wp-json\/wp\/v2\/types\/product"}],"wp:featuredmedia":[{"embeddable":true,"href":"https:\/\/www.fleximat.es\/ky\/wp-json\/wp\/v2\/media\/3098"}],"wp:attachment":[{"href":"https:\/\/www.fleximat.es\/ky\/wp-json\/wp\/v2\/media?parent=1806"}],"wp:term":[{"taxonomy":"product_cat","embeddable":true,"href":"https:\/\/www.fleximat.es\/ky\/wp-json\/wp\/v2\/product_cat?post=1806"},{"taxonomy":"product_tag","embeddable":true,"href":"https:\/\/www.fleximat.es\/ky\/wp-json\/wp\/v2\/product_tag?post=1806"}],"curies":[{"name":"wp","href":"https:\/\/api.w.org\/{rel}","templated":true}]}}