{"id":1807,"date":"2023-10-18T17:54:56","date_gmt":"2023-10-18T15:54:56","guid":{"rendered":"https:\/\/www.fleximat.es\/?post_type=product&#038;p=1807"},"modified":"2023-12-04T17:45:19","modified_gmt":"2023-12-04T16:45:19","slug":"emparejador-hembra-atex","status":"publish","type":"product","link":"https:\/\/www.fleximat.es\/ky\/product\/emparejador-hembra-atex\/","title":{"rendered":"Emparejador Hembra ATEX"},"content":{"rendered":"<h4>Properties<\/h4>\n<p>\u0410\u0441\u043a\u0435\u0440-\u0434\u0435\u04a3\u0438\u0437 \u043a\u043e\u0440\u043f\u0443\u0441\u0443<br \/>\n\u041e\u0444\u0444\u0448\u043e\u0440\u0434\u0443\u043a<br \/>\nPlantas de energ\u00eda e\u00f3licaPara cables blindados<br \/>\n\u041a\u0435\u04a3 \u043a\u0430\u0431\u0435\u043b\u044c \u0434\u0438\u0430\u043f\u0430\u0437\u043e\u043d\u0443<\/p>\n<h3>\u041f\u0440\u043e\u0434\u0443\u043a\u0442 \u0441\u04af\u0440\u04e9\u0442\u0442\u04e9\u043c\u04e9\u0441\u04af<\/h3>\n<p>\u041c\u0435\u0442\u0430\u043b\u043b \u043a\u0430\u0431\u0435\u043b\u0434\u0438\u043a \u0431\u0435\u0437\u0438 - \u0431\u0443\u043b \u044d\u0440\u043a\u0435\u043a \u0436\u0438\u043f\u0442\u0438\u043d \u0436\u0430\u0440\u0434\u0430\u043c\u044b \u043c\u0435\u043d\u0435\u043d \u044d\u043a\u0438\u043d\u0447\u0438 \u0443\u0447\u0443 \u043c\u0435\u043d\u0435\u043d \u0431\u0430\u0439\u043b\u0430\u043d\u044b\u0448\u0442\u044b \u043a\u0430\u043c\u0441\u044b\u0437 \u043a\u044b\u043b\u0443\u0443 \u043c\u0435\u043d\u0435\u043d \u0431\u0438\u0440 \u0443\u0447\u0443\u043d\u0434\u0430 \u043a\u044b\u0441\u0443\u0443 \u043f\u043b\u043e\u043c\u0431\u0430\u0441\u044b\u043d \u0436\u0430\u0441\u043e\u043e\u0433\u043e \u043c\u04af\u043c\u043a\u04af\u043d\u0434\u04af\u043a \u0431\u0435\u0440\u0433\u0435\u043d \u043a\u0435\u0441\u0438\u043c.<\/p>\n<p>\u041c\u0435\u0442\u0430\u043b\u043b \u043a\u0430\u0431\u0435\u043b\u0434\u0438\u043a \u0431\u0435\u0437\u0434\u0435\u0440\u0438 \u043c\u0435\u0445\u0430\u043d\u0438\u043a\u0430\u043b\u044b\u043a, \u0445\u0438\u043c\u0438\u044f\u043b\u044b\u043a \u0436\u0435 \u0430\u0442\u043a\u0430\u0440\u0443\u0443\u0447\u0443\u043b\u0443\u043a \u043a\u0430\u0441\u0438\u0435\u0442\u0442\u0435\u0440\u0434\u0438\u043d \u043a\u04e9\u043f \u0442\u04af\u0440\u0434\u04af\u04af\u043b\u04af\u0433\u04af\u043d \u0441\u0443\u043d\u0443\u0448\u0442\u0430\u0439\u0442. \u041a\u0430\u0431\u0435\u043b\u0434\u0438\u043a \u0442\u04af\u0439\u04af\u043d\u0434\u04e9\u0440 \u0442\u0435\u0437 \u0436\u044b\u0439\u043d\u0430\u043b\u0430\u0442 \u0436\u0430\u043d\u0430 \u043e\u0440\u043d\u043e\u0442\u0443\u0443 \u043e\u04a3\u043e\u0439. \u0410\u043b\u0430\u0440 \u043a\u0435\u04a3 \u0438\u0448 \u0442\u0435\u043c\u043f\u0435\u0440\u0430\u0442\u0443\u0440\u0430\u0441\u044b \u0434\u0438\u0430\u043f\u0430\u0437\u043e\u043d\u0443 \u0431\u0430\u0440.<\/p>\n<p>\u041c\u0435\u0445\u0430\u043d\u0438\u043a\u0430\u043b\u044b\u043a \u0436\u0430\u043a\u0442\u0430\u043d \u0430\u043b\u0430\u0440 \u0430\u0440 \u043a\u0430\u043d\u0434\u0430\u0439 \u0442\u04af\u0440\u0434\u04e9\u0433\u04af \u0442\u0430\u0440\u0442\u044b\u043b\u0443\u0443, \u0442\u0438\u0442\u0438\u0440\u04e9\u04e9 \u0436\u0430\u043d\u0430 \u0441\u043e\u043a\u043a\u0443\u0433\u0430 \u0442\u0443\u0440\u0443\u0448\u0442\u0443\u043a \u0431\u0435\u0440\u0435\u0442 \u0436\u0430\u043d\u0430 \u0441\u043e\u0440\u0443\u043f \u0430\u043b\u0430\u0442.<\/p>\n<p>A2 Metric Metallic IP-54 Cable Gland \u0436\u0430\u04a3\u044b \u043c\u043e\u0434\u0435\u043b\u0433\u0435 \u043a\u0430\u0440\u0430\u0433\u0430\u043d\u0434\u0430 \u044d\u0441\u043a\u0438 \u0434\u0438\u0437\u0430\u0439\u043d\u044b \u043c\u0435\u043d\u0435\u043d \u044d\u0441\u043a\u0438 \u0432\u0435\u0440\u0441\u0438\u044f.<\/p>\n<table class=\"table table-bordered table-striped\">\n<thead>\n<tr>\n<td>\u0416\u0438\u043f<\/td>\n<td>Code<\/td>\n<td>GL \u043c\u043c<\/td>\n<td>\u00d8 \u043c\u043c<\/td>\n<td>\u043c\u043c<\/td>\n<td>\u043c\u043c<\/td>\n<\/tr>\n<\/thead>\n<tbody>\n<tr>\n<td>M 16 x 1,5<\/td>\n<td>MACG16A<\/td>\n<td>9<\/td>\n<td>20<\/td>\n<td>20<\/td>\n<td>10,5<\/td>\n<\/tr>\n<tr>\n<td>M 18 x 1,5<\/td>\n<td>MACG18A<\/td>\n<td>10<\/td>\n<td>22<\/td>\n<td>22<\/td>\n<td>11,5<\/td>\n<\/tr>\n<tr>\n<td>M 18 x 1,5<\/td>\n<td>MACG18B<\/td>\n<td>10<\/td>\n<td>22<\/td>\n<td>22<\/td>\n<td>11,5 &#8211; 12,5<\/td>\n<\/tr>\n<tr>\n<td>M 24 x 1,5<\/td>\n<td>MACG24A<\/td>\n<td>11<\/td>\n<td>28<\/td>\n<td>27<\/td>\n<td>11,5<\/td>\n<\/tr>\n<tr>\n<td>M 24 x 1,5<\/td>\n<td>MACG24B<\/td>\n<td>11<\/td>\n<td>28<\/td>\n<td>27<\/td>\n<td>11,5 &#8211; 13,5<\/td>\n<\/tr>\n<tr>\n<td>M 24 x 1,5<\/td>\n<td>MACG24C<\/td>\n<td>11<\/td>\n<td>28<\/td>\n<td>27<\/td>\n<td>13,5 &#8211; 16,5<\/td>\n<\/tr>\n<tr>\n<td>M 30 x 2.0<\/td>\n<td>MACG30A<\/td>\n<td>12<\/td>\n<td>35<\/td>\n<td>32<\/td>\n<td>16,5 &#8211; 18<\/td>\n<\/tr>\n<tr>\n<td>M 30 x 2.0<\/td>\n<td>MACG30B<\/td>\n<td>12<\/td>\n<td>35<\/td>\n<td>32<\/td>\n<td>18 &#8211; 19,5<\/td>\n<\/tr>\n<tr>\n<td>M 30 x 2.0<\/td>\n<td>MACG30C<\/td>\n<td>12<\/td>\n<td>35<\/td>\n<td>32<\/td>\n<td>19,5 &#8211; 20,5<\/td>\n<\/tr>\n<tr>\n<td>M 36 x 2.0<\/td>\n<td>MACG36A<\/td>\n<td>13<\/td>\n<td>40<\/td>\n<td>40<\/td>\n<td>20,5 &#8211; 22,5<\/td>\n<\/tr>\n<tr>\n<td>M 36 x 2.0<\/td>\n<td>MACG36B<\/td>\n<td>13<\/td>\n<td>40<\/td>\n<td>40<\/td>\n<td>22,5 &#8211; 25,5<\/td>\n<\/tr>\n<tr>\n<td>M 45 x 2.0<\/td>\n<td>MACG45A<\/td>\n<td>14<\/td>\n<td>50<\/td>\n<td>50<\/td>\n<td>25,5 &#8211; 27,5<\/td>\n<\/tr>\n<tr>\n<td>M 45 x 2.0<\/td>\n<td>MACG45B<\/td>\n<td>14<\/td>\n<td>50<\/td>\n<td>50<\/td>\n<td>27,5 &#8211; 31,5<\/td>\n<\/tr>\n<tr>\n<td>M 56 x 2.0<\/td>\n<td>MACG56A<\/td>\n<td>15<\/td>\n<td>62<\/td>\n<td>60<\/td>\n<td>31,5 &#8211; 34<\/td>\n<\/tr>\n<tr>\n<td>M 56 x 2.0<\/td>\n<td>MACG56B<\/td>\n<td>15<\/td>\n<td>62<\/td>\n<td>60<\/td>\n<td>34 &#8211; 37,5<\/td>\n<\/tr>\n<tr>\n<td>M 56 x 2.0<\/td>\n<td>MACG56C<\/td>\n<td>15<\/td>\n<td>62<\/td>\n<td>60<\/td>\n<td>37,5 &#8211; 41<\/td>\n<\/tr>\n<tr>\n<td>M 72 x 2.0<\/td>\n<td>MACG72A<\/td>\n<td>16<\/td>\n<td>78<\/td>\n<td>75<\/td>\n<td>41 &#8211; 46<\/td>\n<\/tr>\n<tr>\n<td>M 72 x 2.0<\/td>\n<td>MACG72B<\/td>\n<td>16<\/td>\n<td>78<\/td>\n<td>75<\/td>\n<td>46 &#8211; 50,5<\/td>\n<\/tr>\n<\/tbody>\n<\/table>","protected":false},"excerpt":{"rendered":"<table>\n<tbody>\n<tr>\n<td>\n<h3>\u041c\u04af\u043d\u04e9\u0437\u0434\u04e9\u043c\u04e9\u043b\u04e9\u0440\u04af<\/h3>\n<\/td>\n<td><img decoding=\"async\" class=\"size-full wp-image-2038 alignright\" src=\"https:\/\/www.fleximat.es\/wp-content\/uploads\/2023\/10\/directiva-atex-para-entornos-de-trabajo.png\" alt=\"\" width=\"60\" \/><\/td>\n<\/tr>\n<tr>\n<td><strong>\u041f\u043b\u043e\u043c\u0431\u0430\u043b\u043e\u043e\u0447\u0443 \u043f\u0440\u043e\u043a\u043b\u0430\u0434\u043a\u0430<\/strong><\/td>\n<td>\u041c\u0435\u043d\u0435\u043d \u043a\u0430\u043f\u0442\u0430\u043b\u0433\u0430\u043d \u0436\u0435\u0437<\/td>\n<\/tr>\n<tr>\n<td><strong>\u041e \u0448\u0430\u043a\u0435\u043a<\/strong><\/td>\n<td>NBR<\/td>\n<\/tr>\n<tr>\n<td><strong>Thread Type<\/strong><\/td>\n<td>PG (DIN 40430)<\/td>\n<\/tr>\n<tr>\n<td><strong>\u0422\u044b\u0433\u044b\u0437\u0434\u044b\u043a<\/strong><\/td>\n<td>IP54<\/td>\n<\/tr>\n<tr>\n<td><strong>\u04ae\u0437\u0433\u04af\u043b\u0442\u04af\u043a\u0441\u04af\u0437 \u0438\u0448\u0442\u04e9\u04e9 \u0442\u0435\u043c\u043f\u0435\u0440\u0430\u0442\u0443\u0440\u0430\u0441\u044b<\/strong><\/td>\n<td>-40 \u00baC +100 \u00baC<\/td>\n<\/tr>\n<\/tbody>\n<\/table>","protected":false},"featured_media":3097,"template":"","meta":{"_kad_blocks_custom_css":"","_kad_blocks_head_custom_js":"","_kad_blocks_body_custom_js":"","_kad_blocks_footer_custom_js":"","_kadence_starter_templates_imported_post":false,"_kad_post_transparent":"default","_kad_post_title":"","_kad_post_layout":"default","_kad_post_sidebar_id":"","_kad_post_content_style":"default","_kad_post_vertical_padding":"default","_kad_post_feature":"","_kad_post_feature_position":"","_kad_post_header":false,"_kad_post_footer":false},"product_cat":[84,86],"product_tag":[],"class_list":{"0":"post-1807","1":"product","2":"type-product","3":"status-publish","4":"has-post-thumbnail","6":"product_cat-prensaestopas-y-accesorios-atex","7":"product_cat-accesorios-atex","9":"first","10":"instock","11":"shipping-taxable","12":"product-type-simple","13":"entry","14":"content-bg","15":"loop-entry"},"yoast_head":"<!-- This site is optimized with the Yoast SEO plugin v21.7 - https:\/\/yoast.com\/wordpress\/plugins\/seo\/ -->\n<title>Emparejador Hembra ATEX - Fleximat<\/title>\n<meta name=\"robots\" content=\"index, follow, max-snippet:-1, max-image-preview:large, max-video-preview:-1\" \/>\n<link rel=\"canonical\" href=\"https:\/\/www.fleximat.es\/ky\/product\/emparejador-hembra-atex\/\" \/>\n<meta property=\"og:locale\" content=\"en_US\" \/>\n<meta property=\"og:type\" content=\"article\" \/>\n<meta property=\"og:title\" content=\"Emparejador Hembra ATEX - Fleximat\" \/>\n<meta property=\"og:description\" content=\"Caracter\u00edsticas     Junta de sellado Lat\u00f3n Niquelado   Junta t\u00f3rica NBR   Tipo de Rosca PG (DIN 40430)   Estanqueidad IP54   Temperatura de trabajo continua -40 \u00baC +100 \u00baC\" \/>\n<meta property=\"og:url\" content=\"https:\/\/www.fleximat.es\/ky\/product\/emparejador-hembra-atex\/\" \/>\n<meta property=\"og:site_name\" content=\"Fleximat\" \/>\n<meta property=\"article:modified_time\" content=\"2023-12-04T16:45:19+00:00\" \/>\n<meta property=\"og:image\" content=\"https:\/\/www.fleximat.es\/wp-content\/uploads\/2023\/12\/th_crop_1563975288emparejador-hembra-atex.png\" \/>\n\t<meta property=\"og:image:width\" content=\"600\" \/>\n\t<meta property=\"og:image:height\" content=\"600\" \/>\n\t<meta property=\"og:image:type\" content=\"image\/png\" \/>\n<meta name=\"twitter:card\" content=\"summary_large_image\" \/>\n<meta name=\"twitter:label1\" content=\"Est. reading time\" \/>\n\t<meta name=\"twitter:data1\" content=\"1 \u043c\u04af\u043d\u04e9\u0442\" \/>\n<script type=\"application\/ld+json\" class=\"yoast-schema-graph\">{\"@context\":\"https:\/\/schema.org\",\"@graph\":[{\"@type\":\"WebPage\",\"@id\":\"https:\/\/www.fleximat.es\/producto\/emparejador-hembra-atex\/\",\"url\":\"https:\/\/www.fleximat.es\/producto\/emparejador-hembra-atex\/\",\"name\":\"Emparejador Hembra ATEX - Fleximat\",\"isPartOf\":{\"@id\":\"https:\/\/www.fleximat.es\/bn\/#website\"},\"datePublished\":\"2023-10-18T15:54:56+00:00\",\"dateModified\":\"2023-12-04T16:45:19+00:00\",\"breadcrumb\":{\"@id\":\"https:\/\/www.fleximat.es\/producto\/emparejador-hembra-atex\/#breadcrumb\"},\"inLanguage\":\"kir\",\"potentialAction\":[{\"@type\":\"ReadAction\",\"target\":[\"https:\/\/www.fleximat.es\/producto\/emparejador-hembra-atex\/\"]}]},{\"@type\":\"BreadcrumbList\",\"@id\":\"https:\/\/www.fleximat.es\/producto\/emparejador-hembra-atex\/#breadcrumb\",\"itemListElement\":[{\"@type\":\"ListItem\",\"position\":1,\"name\":\"Portada\",\"item\":\"https:\/\/www.fleximat.es\/\"},{\"@type\":\"ListItem\",\"position\":2,\"name\":\"Productos\",\"item\":\"https:\/\/www.fleximat.es\/en\/productos\/\"},{\"@type\":\"ListItem\",\"position\":3,\"name\":\"Emparejador Hembra ATEX\"}]},{\"@type\":\"WebSite\",\"@id\":\"https:\/\/www.fleximat.es\/bn\/#website\",\"url\":\"https:\/\/www.fleximat.es\/bn\/\",\"name\":\"Fleximat\",\"description\":\"Tu soluci\u00f3n en prensaestopas y tubos flexibles\",\"publisher\":{\"@id\":\"https:\/\/www.fleximat.es\/bn\/#organization\"},\"potentialAction\":[{\"@type\":\"SearchAction\",\"target\":{\"@type\":\"EntryPoint\",\"urlTemplate\":\"https:\/\/www.fleximat.es\/bn\/?s={search_term_string}\"},\"query-input\":\"required name=search_term_string\"}],\"inLanguage\":\"kir\"},{\"@type\":\"Organization\",\"@id\":\"https:\/\/www.fleximat.es\/bn\/#organization\",\"name\":\"Fleximat\",\"url\":\"https:\/\/www.fleximat.es\/bn\/\",\"logo\":{\"@type\":\"ImageObject\",\"inLanguage\":\"kir\",\"@id\":\"https:\/\/www.fleximat.es\/bn\/#\/schema\/logo\/image\/\",\"url\":\"https:\/\/www.fleximat.es\/wp-content\/uploads\/2023\/11\/fleximat-logo-1.png\",\"contentUrl\":\"https:\/\/www.fleximat.es\/wp-content\/uploads\/2023\/11\/fleximat-logo-1.png\",\"width\":1169,\"height\":289,\"caption\":\"Fleximat\"},\"image\":{\"@id\":\"https:\/\/www.fleximat.es\/bn\/#\/schema\/logo\/image\/\"}}]}<\/script>\n<!-- \/ Yoast SEO plugin. -->","yoast_head_json":{"title":"Emparejador Hembra ATEX - Fleximat","robots":{"index":"index","follow":"follow","max-snippet":"max-snippet:-1","max-image-preview":"max-image-preview:large","max-video-preview":"max-video-preview:-1"},"canonical":"https:\/\/www.fleximat.es\/ky\/product\/emparejador-hembra-atex\/","og_locale":"en_US","og_type":"article","og_title":"Emparejador Hembra ATEX - Fleximat","og_description":"Caracter\u00edsticas     Junta de sellado Lat\u00f3n Niquelado   Junta t\u00f3rica NBR   Tipo de Rosca PG (DIN 40430)   Estanqueidad IP54   Temperatura de trabajo continua -40 \u00baC +100 \u00baC","og_url":"https:\/\/www.fleximat.es\/ky\/product\/emparejador-hembra-atex\/","og_site_name":"Fleximat","article_modified_time":"2023-12-04T16:45:19+00:00","og_image":[{"width":600,"height":600,"url":"https:\/\/www.fleximat.es\/wp-content\/uploads\/2023\/12\/th_crop_1563975288emparejador-hembra-atex.png","type":"image\/png"}],"twitter_card":"summary_large_image","twitter_misc":{"Est. reading time":"1 \u043c\u04af\u043d\u04e9\u0442"},"schema":{"@context":"https:\/\/schema.org","@graph":[{"@type":"WebPage","@id":"https:\/\/www.fleximat.es\/producto\/emparejador-hembra-atex\/","url":"https:\/\/www.fleximat.es\/producto\/emparejador-hembra-atex\/","name":"Emparejador Hembra ATEX - Fleximat","isPartOf":{"@id":"https:\/\/www.fleximat.es\/bn\/#website"},"datePublished":"2023-10-18T15:54:56+00:00","dateModified":"2023-12-04T16:45:19+00:00","breadcrumb":{"@id":"https:\/\/www.fleximat.es\/producto\/emparejador-hembra-atex\/#breadcrumb"},"inLanguage":"kir","potentialAction":[{"@type":"ReadAction","target":["https:\/\/www.fleximat.es\/producto\/emparejador-hembra-atex\/"]}]},{"@type":"BreadcrumbList","@id":"https:\/\/www.fleximat.es\/producto\/emparejador-hembra-atex\/#breadcrumb","itemListElement":[{"@type":"ListItem","position":1,"name":"Portada","item":"https:\/\/www.fleximat.es\/"},{"@type":"ListItem","position":2,"name":"Productos","item":"https:\/\/www.fleximat.es\/en\/productos\/"},{"@type":"ListItem","position":3,"name":"Emparejador Hembra ATEX"}]},{"@type":"WebSite","@id":"https:\/\/www.fleximat.es\/bn\/#website","url":"https:\/\/www.fleximat.es\/bn\/","name":"Fleximat","description":"Tu soluci\u00f3n en prensaestopas y tubos flexibles","publisher":{"@id":"https:\/\/www.fleximat.es\/bn\/#organization"},"potentialAction":[{"@type":"SearchAction","target":{"@type":"EntryPoint","urlTemplate":"https:\/\/www.fleximat.es\/bn\/?s={search_term_string}"},"query-input":"required name=search_term_string"}],"inLanguage":"kir"},{"@type":"Organization","@id":"https:\/\/www.fleximat.es\/bn\/#organization","name":"Fleximat","url":"https:\/\/www.fleximat.es\/bn\/","logo":{"@type":"ImageObject","inLanguage":"kir","@id":"https:\/\/www.fleximat.es\/bn\/#\/schema\/logo\/image\/","url":"https:\/\/www.fleximat.es\/wp-content\/uploads\/2023\/11\/fleximat-logo-1.png","contentUrl":"https:\/\/www.fleximat.es\/wp-content\/uploads\/2023\/11\/fleximat-logo-1.png","width":1169,"height":289,"caption":"Fleximat"},"image":{"@id":"https:\/\/www.fleximat.es\/bn\/#\/schema\/logo\/image\/"}}]}},"taxonomy_info":{"product_cat":[{"value":84,"label":"Prensaestopas y accesorios ATEX"},{"value":86,"label":"Accesorios ATEX"}]},"featured_image_src_large":["https:\/\/www.fleximat.es\/wp-content\/uploads\/2023\/12\/th_crop_1563975288emparejador-hembra-atex.png",600,600,false],"author_info":[],"comment_info":"","_links":{"self":[{"href":"https:\/\/www.fleximat.es\/ky\/wp-json\/wp\/v2\/product\/1807"}],"collection":[{"href":"https:\/\/www.fleximat.es\/ky\/wp-json\/wp\/v2\/product"}],"about":[{"href":"https:\/\/www.fleximat.es\/ky\/wp-json\/wp\/v2\/types\/product"}],"wp:featuredmedia":[{"embeddable":true,"href":"https:\/\/www.fleximat.es\/ky\/wp-json\/wp\/v2\/media\/3097"}],"wp:attachment":[{"href":"https:\/\/www.fleximat.es\/ky\/wp-json\/wp\/v2\/media?parent=1807"}],"wp:term":[{"taxonomy":"product_cat","embeddable":true,"href":"https:\/\/www.fleximat.es\/ky\/wp-json\/wp\/v2\/product_cat?post=1807"},{"taxonomy":"product_tag","embeddable":true,"href":"https:\/\/www.fleximat.es\/ky\/wp-json\/wp\/v2\/product_tag?post=1807"}],"curies":[{"name":"wp","href":"https:\/\/api.w.org\/{rel}","templated":true}]}}