{"id":1329,"date":"2023-10-10T18:46:56","date_gmt":"2023-10-10T16:46:56","guid":{"rendered":"https:\/\/www.fleximat.es\/?page_id=1329"},"modified":"2023-11-23T10:53:28","modified_gmt":"2023-11-23T09:53:28","slug":"politica-de-privacidad","status":"publish","type":"page","link":"https:\/\/www.fleximat.es\/nb\/politica-de-privacidad\/","title":{"rendered":"Personvernerkl\u00e6ring"},"content":{"rendered":"<p>Konfidensialitet og sikkerhet er prim\u00e6rverdiene til FLEXIMAT SL, og f\u00f8lgelig p\u00e5tar vi oss forpliktelsen til \u00e5 garantere brukerens personvern til enhver tid og ikke samle inn un\u00f8dvendig informasjon. Nedenfor gir vi deg all n\u00f8dvendig informasjon om personvernerkl\u00e6ringen v\u00e5r i forhold til personopplysningene vi samler inn, og forklarer:<\/p>\n\n\n\n<ul class=\"wp-block-list\">\n<li>Hvem er ansvarlig for behandlingen av dine data.<\/li>\n\n\n\n<li>Til hvilke form\u00e5l samler vi inn dataene vi ber om.<\/li>\n\n\n\n<li>Hva er legitimiteten for behandlingen din.<\/li>\n\n\n\n<li>Hvor lenge holder vi dem?<\/li>\n\n\n\n<li>Til hvilke mottakere dataene dine kommuniseres til.<\/li>\n\n\n\n<li>Hva er dine rettigheter?<\/li>\n<\/ul>\n\n\n\n<p><strong>1. Ansvarlig<\/strong><strong>:<\/strong><\/p>\n\n\n\n<p>FLEXIMAT SL (B61575379)<\/p>\n\n\n\n<ul class=\"wp-block-list\">\n<li>C\/ Marcel.li Massana, 20, 08206. Sabadell (Barcelona, SPANIA)<\/li>\n\n\n\n<li>e-post:&nbsp;<a href=\"mailto:comercial@fleximat.es\">comercial@fleximat.es<\/a><\/li>\n<\/ul>\n\n\n\n<p><strong>2. Form\u00e5l, legitimitet og bevaring av behandlingen av data sendt gjennom<\/strong><strong>:<\/strong><\/p>\n\n\n\n<ul class=\"wp-block-list\">\n<li>KONTAKT SKJEMA.<br>Form\u00e5l: Gi deg et middel slik at du kan kontakte oss og svare p\u00e5 dine foresp\u00f8rsler om informasjon, samt sende deg kommunikasjon om v\u00e5re produkter, tjenester og aktiviteter, inkludert elektronisk (e-post, SMS, WhatsApp), hvis du sjekker boksen aksept.<br>Legitimasjon: Brukerens samtykke ved foresp\u00f8rsel om informasjon fra oss gjennom v\u00e5rt kontaktskjema og ved \u00e5 krysse av i boksen for \u00e5 godta sending av informasjon.<br>Bevaring: N\u00e5r foresp\u00f8rselen din er sendt inn via skjemaet v\u00e5rt eller besvart via e-post, hvis den ikke har generert en ny behandling, og hvis du har godtatt \u00e5 motta kommersielle forsendelser, til du ber om kansellering.<\/li>\n<\/ul>\n\n\n\n<ul class=\"wp-block-list\">\n<li>SENDER E-POST.<br>Form\u00e5l: Svar p\u00e5 foresp\u00f8rsler om informasjon, svar p\u00e5 foresp\u00f8rsler og svar p\u00e5 sp\u00f8rsm\u00e5l eller tvil.<br>Legitimasjon: Brukerens samtykke ved foresp\u00f8rsel om informasjon fra oss via e-postadressen.<br>Konservering: N\u00e5r foresp\u00f8rselen din er besvart p\u00e5 e-post, hvis den ikke har generert en ny behandling.<\/li>\n<\/ul>\n\n\n\n<ul class=\"wp-block-list\">\n<li>SEND CURRIculum VITAE P\u00c5 E-POST<br>Form\u00e5l: Ha din CV for \u00e5 delta i v\u00e5re personellutvelgelsesprosesser.<br>Legitimasjon: Brukerens samtykke n\u00e5r han sender oss sin personlige informasjon og CV for v\u00e5re personellutvelgelsesprosesser.<br>Konservering: Under utvikling av \u00e5pne personalutvelgelsesprosesser og i 1 \u00e5r for fremtidige prosesser.<\/li>\n<\/ul>\n\n\n\n<p><strong>3. Mottakere av dataene dine<\/strong><\/p>\n\n\n\n<p>Dine data er konfidensielle og vil ikke bli overf\u00f8rt til tredjeparter, med mindre det foreligger en juridisk forpliktelse.<\/p>\n\n\n\n<p><strong>4. Rettigheter i forhold til dine personopplysninger<\/strong><\/p>\n\n\n\n<p>Enhver person kan trekke tilbake samtykket sitt n\u00e5r som helst n\u00e5r det er gitt for behandlingen av deres data. Ikke i noe tilfelle betinger tilbaketrekking av dette samtykket utf\u00f8relsen av abonnementskontrakten eller relasjonene som er generert tidligere.<\/p>\n\n\n\n<p>P\u00e5 samme m\u00e5te kan du ut\u00f8ve f\u00f8lgende rettigheter:<\/p>\n\n\n\n<ul class=\"wp-block-list\">\n<li>Be om tilgang til dine personopplysninger eller korrigering av dem n\u00e5r de er un\u00f8yaktige.<\/li>\n\n\n\n<li>Be om sletting n\u00e5r, blant andre grunner, dataene ikke lenger er n\u00f8dvendige for form\u00e5lene de ble samlet inn for.<\/li>\n\n\n\n<li>Be om begrensning av behandlingen din under visse omstendigheter.<\/li>\n\n\n\n<li>Be om motstand mot behandlingen av dataene dine av grunner knyttet til din spesielle situasjon.<\/li>\n\n\n\n<li>Be om dataportabilitet i de tilfellene som er fastsatt i forskriften.<\/li>\n\n\n\n<li>Andre rettigheter anerkjent i gjeldende regelverk.<\/li>\n<\/ul>\n\n\n\n<p>Hvor og hvordan kan du be om dine rettigheter: Ved \u00e5 skrive til den ansvarlige p\u00e5 deres postadresse eller elektroniske adresse (angitt i seksjon A), angi referansen &quot;Personopplysninger&quot;, spesifisere retten du \u00f8nsker \u00e5 ut\u00f8ve og med hensyn til hvilke personopplysninger .<\/p>\n\n\n\n<p>Ved uenighet med selskapet om behandlingen av dine data, kan du sende inn en klage til Datatilsynet (<a href=\"http:\/\/www.agpd.es\/\">www.agpd.es<\/a>).<\/p>\n\n\n\n<p><strong>5. Informasjonskapsler<\/strong><\/p>\n\n\n\n<p>Denne nettsiden bruker kun tekniske, personaliserings- og analyseinformasjonskapsler, egne og tredjeparter (Google Analytics), som ikke i noe tilfelle behandler personopplysninger eller fanger nettleservaner for reklameform\u00e5l.<\/p>\n\n\n\n<p>Derfor, n\u00e5r vi bes\u00f8ker nettstedet v\u00e5rt, i samsvar med artikkel 22 i loven om informasjonssamfunnstjenester, ved behandling av analyseinformasjonskapsler, har vi bedt om ditt samtykke for bruken av dem og gitt informasjon om dem, som i dette tilfellet vil bli installert etter et rimelig tidsrom slik at brukeren har tid til \u00e5 bestemme seg for \u00e5 gi sitt samtykke eller ikke.<\/p>\n\n\n\n<p><strong>6. Sikkerhet for dine personlige data<\/strong><\/p>\n\n\n\n<p>For \u00e5 ivareta sikkerheten til dine personopplysninger informerer vi deg om at vi har tatt i bruk alle n\u00f8dvendige tekniske og organisatoriske tiltak for \u00e5 garantere sikkerheten til personopplysningene som gis mot endring, tap og uautorisert behandling eller tilgang.<\/p>\n\n\n\n<p><strong>7. Oppdatering av dataene dine<\/strong><\/p>\n\n\n\n<p>Det er viktig at du, slik at vi kan holde dine personopplysninger oppdatert, alltid informerer oss om at det har v\u00e6rt endringer i dem, ellers er vi ikke ansvarlige for sannheten.<\/p>\n\n\n\n<p>Vi er ikke ansvarlige for personvernreglene for personopplysninger som du kan gi til tredjeparter gjennom lenkene som er tilgjengelige p\u00e5 nettstedet v\u00e5rt.<\/p>\n\n\n\n<p>Denne personvernerkl\u00e6ringen kan endres for \u00e5 tilpasse den til endringene som skjer p\u00e5 nettstedet v\u00e5rt, s\u00e5 vel som lovmessige eller rettsvitenskapelige endringer p\u00e5 personopplysninger som kan vises, og det er grunnen til at den krever at du leser den hver gang du gir oss dataene dine via denne nettsiden .<\/p>","protected":false},"excerpt":{"rendered":"<p>La confidencialidad y la seguridad son valores primordiales de FLEXIMAT SL y, en consecuencia, asumimos el compromiso de garantizar la privacidad del Usuario en todo momento y de no recabar informaci\u00f3n innecesaria. A continuaci\u00f3n, le proporcionamos toda la informaci\u00f3n necesaria sobre nuestra Pol\u00edtica de Privacidad en relaci\u00f3n con los datos personales que recabamos, explic\u00e1ndole: 1&#8230;.<\/p>","protected":false},"author":1,"featured_media":0,"parent":0,"menu_order":16,"comment_status":"closed","ping_status":"closed","template":"","meta":{"_kad_blocks_custom_css":"","_kad_blocks_head_custom_js":"","_kad_blocks_body_custom_js":"","_kad_blocks_footer_custom_js":"","_kadence_starter_templates_imported_post":false,"_kad_post_transparent":"","_kad_post_title":"","_kad_post_layout":"","_kad_post_sidebar_id":"","_kad_post_content_style":"","_kad_post_vertical_padding":"","_kad_post_feature":"","_kad_post_feature_position":"","_kad_post_header":false,"_kad_post_footer":false,"footnotes":""},"class_list":["post-1329","page","type-page","status-publish","hentry"],"yoast_head":"<!-- This site is optimized with the Yoast SEO plugin v21.7 - https:\/\/yoast.com\/wordpress\/plugins\/seo\/ -->\n<title>Pol\u00edtica de privacidad - Fleximat<\/title>\n<meta name=\"robots\" content=\"index, follow, max-snippet:-1, max-image-preview:large, max-video-preview:-1\" \/>\n<link rel=\"canonical\" href=\"https:\/\/www.fleximat.es\/nb\/politica-de-privacidad\/\" \/>\n<meta property=\"og:locale\" content=\"nb_NO\" \/>\n<meta property=\"og:type\" content=\"article\" \/>\n<meta property=\"og:title\" content=\"Pol\u00edtica de privacidad - Fleximat\" \/>\n<meta property=\"og:description\" content=\"La confidencialidad y la seguridad son valores primordiales de FLEXIMAT SL y, en consecuencia, asumimos el compromiso de garantizar la privacidad del Usuario en todo momento y de no recabar informaci\u00f3n innecesaria. A continuaci\u00f3n, le proporcionamos toda la informaci\u00f3n necesaria sobre nuestra Pol\u00edtica de Privacidad en relaci\u00f3n con los datos personales que recabamos, explic\u00e1ndole: 1....\" \/>\n<meta property=\"og:url\" content=\"https:\/\/www.fleximat.es\/nb\/politica-de-privacidad\/\" \/>\n<meta property=\"og:site_name\" content=\"Fleximat\" \/>\n<meta property=\"article:modified_time\" content=\"2023-11-23T09:53:28+00:00\" \/>\n<meta name=\"twitter:card\" content=\"summary_large_image\" \/>\n<meta name=\"twitter:label1\" content=\"Ansl. lesetid\" \/>\n\t<meta name=\"twitter:data1\" content=\"5 minutter\" \/>\n<script type=\"application\/ld+json\" class=\"yoast-schema-graph\">{\"@context\":\"https:\/\/schema.org\",\"@graph\":[{\"@type\":\"WebPage\",\"@id\":\"https:\/\/www.fleximat.es\/politica-de-privacidad\/\",\"url\":\"https:\/\/www.fleximat.es\/politica-de-privacidad\/\",\"name\":\"Pol\u00edtica de privacidad - Fleximat\",\"isPartOf\":{\"@id\":\"https:\/\/www.fleximat.es\/bn\/#website\"},\"datePublished\":\"2023-10-10T16:46:56+00:00\",\"dateModified\":\"2023-11-23T09:53:28+00:00\",\"breadcrumb\":{\"@id\":\"https:\/\/www.fleximat.es\/politica-de-privacidad\/#breadcrumb\"},\"inLanguage\":\"nb-NO\",\"potentialAction\":[{\"@type\":\"ReadAction\",\"target\":[\"https:\/\/www.fleximat.es\/politica-de-privacidad\/\"]}]},{\"@type\":\"BreadcrumbList\",\"@id\":\"https:\/\/www.fleximat.es\/politica-de-privacidad\/#breadcrumb\",\"itemListElement\":[{\"@type\":\"ListItem\",\"position\":1,\"name\":\"Portada\",\"item\":\"https:\/\/www.fleximat.es\/\"},{\"@type\":\"ListItem\",\"position\":2,\"name\":\"Pol\u00edtica de privacidad\"}]},{\"@type\":\"WebSite\",\"@id\":\"https:\/\/www.fleximat.es\/bn\/#website\",\"url\":\"https:\/\/www.fleximat.es\/bn\/\",\"name\":\"Fleximat\",\"description\":\"Tu soluci\u00f3n en prensaestopas y tubos flexibles\",\"publisher\":{\"@id\":\"https:\/\/www.fleximat.es\/bn\/#organization\"},\"potentialAction\":[{\"@type\":\"SearchAction\",\"target\":{\"@type\":\"EntryPoint\",\"urlTemplate\":\"https:\/\/www.fleximat.es\/bn\/?s={search_term_string}\"},\"query-input\":\"required name=search_term_string\"}],\"inLanguage\":\"nb-NO\"},{\"@type\":\"Organization\",\"@id\":\"https:\/\/www.fleximat.es\/bn\/#organization\",\"name\":\"Fleximat\",\"url\":\"https:\/\/www.fleximat.es\/bn\/\",\"logo\":{\"@type\":\"ImageObject\",\"inLanguage\":\"nb-NO\",\"@id\":\"https:\/\/www.fleximat.es\/bn\/#\/schema\/logo\/image\/\",\"url\":\"https:\/\/www.fleximat.es\/wp-content\/uploads\/2023\/11\/fleximat-logo-1.png\",\"contentUrl\":\"https:\/\/www.fleximat.es\/wp-content\/uploads\/2023\/11\/fleximat-logo-1.png\",\"width\":1169,\"height\":289,\"caption\":\"Fleximat\"},\"image\":{\"@id\":\"https:\/\/www.fleximat.es\/bn\/#\/schema\/logo\/image\/\"}}]}<\/script>\n<!-- \/ Yoast SEO plugin. -->","yoast_head_json":{"title":"Pol\u00edtica de privacidad - Fleximat","robots":{"index":"index","follow":"follow","max-snippet":"max-snippet:-1","max-image-preview":"max-image-preview:large","max-video-preview":"max-video-preview:-1"},"canonical":"https:\/\/www.fleximat.es\/nb\/politica-de-privacidad\/","og_locale":"nb_NO","og_type":"article","og_title":"Pol\u00edtica de privacidad - Fleximat","og_description":"La confidencialidad y la seguridad son valores primordiales de FLEXIMAT SL y, en consecuencia, asumimos el compromiso de garantizar la privacidad del Usuario en todo momento y de no recabar informaci\u00f3n innecesaria. A continuaci\u00f3n, le proporcionamos toda la informaci\u00f3n necesaria sobre nuestra Pol\u00edtica de Privacidad en relaci\u00f3n con los datos personales que recabamos, explic\u00e1ndole: 1....","og_url":"https:\/\/www.fleximat.es\/nb\/politica-de-privacidad\/","og_site_name":"Fleximat","article_modified_time":"2023-11-23T09:53:28+00:00","twitter_card":"summary_large_image","twitter_misc":{"Ansl. lesetid":"5 minutter"},"schema":{"@context":"https:\/\/schema.org","@graph":[{"@type":"WebPage","@id":"https:\/\/www.fleximat.es\/politica-de-privacidad\/","url":"https:\/\/www.fleximat.es\/politica-de-privacidad\/","name":"Pol\u00edtica de privacidad - Fleximat","isPartOf":{"@id":"https:\/\/www.fleximat.es\/bn\/#website"},"datePublished":"2023-10-10T16:46:56+00:00","dateModified":"2023-11-23T09:53:28+00:00","breadcrumb":{"@id":"https:\/\/www.fleximat.es\/politica-de-privacidad\/#breadcrumb"},"inLanguage":"nb-NO","potentialAction":[{"@type":"ReadAction","target":["https:\/\/www.fleximat.es\/politica-de-privacidad\/"]}]},{"@type":"BreadcrumbList","@id":"https:\/\/www.fleximat.es\/politica-de-privacidad\/#breadcrumb","itemListElement":[{"@type":"ListItem","position":1,"name":"Portada","item":"https:\/\/www.fleximat.es\/"},{"@type":"ListItem","position":2,"name":"Pol\u00edtica de privacidad"}]},{"@type":"WebSite","@id":"https:\/\/www.fleximat.es\/bn\/#website","url":"https:\/\/www.fleximat.es\/bn\/","name":"Fleximat","description":"Tu soluci\u00f3n en prensaestopas y tubos flexibles","publisher":{"@id":"https:\/\/www.fleximat.es\/bn\/#organization"},"potentialAction":[{"@type":"SearchAction","target":{"@type":"EntryPoint","urlTemplate":"https:\/\/www.fleximat.es\/bn\/?s={search_term_string}"},"query-input":"required name=search_term_string"}],"inLanguage":"nb-NO"},{"@type":"Organization","@id":"https:\/\/www.fleximat.es\/bn\/#organization","name":"Fleximat","url":"https:\/\/www.fleximat.es\/bn\/","logo":{"@type":"ImageObject","inLanguage":"nb-NO","@id":"https:\/\/www.fleximat.es\/bn\/#\/schema\/logo\/image\/","url":"https:\/\/www.fleximat.es\/wp-content\/uploads\/2023\/11\/fleximat-logo-1.png","contentUrl":"https:\/\/www.fleximat.es\/wp-content\/uploads\/2023\/11\/fleximat-logo-1.png","width":1169,"height":289,"caption":"Fleximat"},"image":{"@id":"https:\/\/www.fleximat.es\/bn\/#\/schema\/logo\/image\/"}}]}},"taxonomy_info":[],"featured_image_src_large":false,"author_info":{"display_name":"eloi","author_link":"https:\/\/www.fleximat.es\/nb\/author\/eloi\/"},"comment_info":0,"_links":{"self":[{"href":"https:\/\/www.fleximat.es\/nb\/wp-json\/wp\/v2\/pages\/1329"}],"collection":[{"href":"https:\/\/www.fleximat.es\/nb\/wp-json\/wp\/v2\/pages"}],"about":[{"href":"https:\/\/www.fleximat.es\/nb\/wp-json\/wp\/v2\/types\/page"}],"author":[{"embeddable":true,"href":"https:\/\/www.fleximat.es\/nb\/wp-json\/wp\/v2\/users\/1"}],"replies":[{"embeddable":true,"href":"https:\/\/www.fleximat.es\/nb\/wp-json\/wp\/v2\/comments?post=1329"}],"version-history":[{"count":0,"href":"https:\/\/www.fleximat.es\/nb\/wp-json\/wp\/v2\/pages\/1329\/revisions"}],"wp:attachment":[{"href":"https:\/\/www.fleximat.es\/nb\/wp-json\/wp\/v2\/media?parent=1329"}],"curies":[{"name":"wp","href":"https:\/\/api.w.org\/{rel}","templated":true}]}}