{"id":1514,"date":"2023-10-18T17:52:26","date_gmt":"2023-10-18T15:52:26","guid":{"rendered":"https:\/\/www.fleximat.es\/?post_type=product&#038;p=1514"},"modified":"2023-11-24T10:08:26","modified_gmt":"2023-11-24T09:08:26","slug":"prensaestopas-pg-poliamida-ip-68-gris-oscuro","status":"publish","type":"product","link":"https:\/\/www.fleximat.es\/nb\/produkt\/prensaestopas-pg-poliamida-ip-68-gris-oscuro\/","title":{"rendered":"PG Kabelgjennomf\u00f8ring Polyamid IP-68 M\u00f8rkegr\u00e5"},"content":{"rendered":"<h4>Egenskaper<\/h4>\n<p>Antivibrasjon<br \/>\nH\u00f8y UV-motstand<br \/>\nEnkel montering<br \/>\nVDE-sertifikat (40030037)<br \/>\nFri for halogener<br \/>\nKortvarig arbeidstemperatur: -30 \u00baC+150 \u00baC<\/p>\n<h3>Produktbeskrivelse<\/h3>\n<p>En pakkboks er et stykke som gj\u00f8r det mulig \u00e5 lage en kompresjonstetning i den ene enden samtidig som den sikrer forbindelsen til den andre enden ved hjelp av en hanngjenger.<\/p>\n<p>Kabelgjennomf\u00f8ringer tilbyr et stort mangfold av egenskaper, enten det er mekanisk, kjemisk eller ytelse. Kabelgjennomf\u00f8ringene er raske \u00e5 montere og enkle \u00e5 installere. De har et bredt arbeidstemperaturomr\u00e5de.<\/p>\n<p>Mekanisk t\u00e5ler og absorberer de alle typer trekk, vibrasjoner og st\u00f8t.<\/p>\n<p>Kabelgjennomf\u00f8ringen finnes i alle typer installasjoner, maskiner eller utstyr som krever kontinuerlig str\u00f8mforsyning og er ansvarlig for \u00e5 sikre tilkoblingen.<\/p>\n<table class=\"table table-bordered table-striped\" width=\"644\">\n<thead>\n<tr>\n<td><strong>Tr\u00e5der<\/strong><\/td>\n<td><strong>Kode<\/strong><\/td>\n<td><strong>H mm.<\/strong><\/td>\n<td><strong>GL mm.<\/strong><\/td>\n<td><strong>mm.<\/strong><\/td>\n<td><strong>mm.<\/strong><\/td>\n<\/tr>\n<\/thead>\n<tbody>\n<tr>\n<td>PG 7<\/td>\n<td>ORG 01<\/td>\n<td>24<\/td>\n<td>8<\/td>\n<td>15<\/td>\n<td>3-6,5<\/td>\n<\/tr>\n<tr>\n<td>PG 9<\/td>\n<td>ORG 02<\/td>\n<td>28<\/td>\n<td>8<\/td>\n<td>19<\/td>\n<td>4-8<\/td>\n<\/tr>\n<tr>\n<td>PG 11<\/td>\n<td>ORG 03<\/td>\n<td>29<\/td>\n<td>8<\/td>\n<td>22<\/td>\n<td>5-10<\/td>\n<\/tr>\n<tr>\n<td>GP 13.5<\/td>\n<td>ORG 04RS<\/td>\n<td>29<\/td>\n<td>9<\/td>\n<td>24<\/td>\n<td>4-10<\/td>\n<\/tr>\n<tr>\n<td>GP 13.5<\/td>\n<td>ORG 04<\/td>\n<td>29<\/td>\n<td>9<\/td>\n<td>24<\/td>\n<td>6-12<\/td>\n<\/tr>\n<tr>\n<td>PG 16<\/td>\n<td>ORG 05<\/td>\n<td>33<\/td>\n<td>9<\/td>\n<td>27<\/td>\n<td>10-14<\/td>\n<\/tr>\n<tr>\n<td>PG 21<\/td>\n<td>ORG 06<\/td>\n<td>38<\/td>\n<td>11<\/td>\n<td>33<\/td>\n<td>13-18<\/td>\n<\/tr>\n<tr>\n<td>PG 29<\/td>\n<td>ORG 07<\/td>\n<td>41<\/td>\n<td>11<\/td>\n<td>42<\/td>\n<td>18-25<\/td>\n<\/tr>\n<tr>\n<td>PG 36<\/td>\n<td>ORG 08<\/td>\n<td>51<\/td>\n<td>13<\/td>\n<td>53<\/td>\n<td>22-32<\/td>\n<\/tr>\n<tr>\n<td>PG 42<\/td>\n<td>ORG 09<\/td>\n<td>53<\/td>\n<td>13<\/td>\n<td>60<\/td>\n<td>30-38<\/td>\n<\/tr>\n<tr>\n<td>PG 48<\/td>\n<td>ORG 10<\/td>\n<td>55<\/td>\n<td>14<\/td>\n<td>65<\/td>\n<td>34-44<\/td>\n<\/tr>\n<\/tbody>\n<\/table>","protected":false},"excerpt":{"rendered":"<h3>Materiale<\/h3>\n<table>\n<tbody>\n<tr>\n<td><strong>Panser<\/strong><\/td>\n<td>Polyamid PA6 V2<\/td>\n<\/tr>\n<tr>\n<td><strong>Tetningspakning<\/strong><\/td>\n<td>POS<\/td>\n<\/tr>\n<tr>\n<td><strong>Kropp<\/strong><\/td>\n<td>Polyamid PA6 V2<\/td>\n<\/tr>\n<tr>\n<td><strong>O-ring<\/strong><\/td>\n<td>NBR<\/td>\n<\/tr>\n<tr>\n<td><strong>Tr\u00e5dtype<\/strong><\/td>\n<td>PG (DIN 40430)<\/td>\n<\/tr>\n<tr>\n<td><strong>Tetthet<\/strong><\/td>\n<td>IP68<\/td>\n<\/tr>\n<tr>\n<td><strong>Kontinuerlig arbeidstemperatur<\/strong><\/td>\n<td>-20 \u00baC +100 \u00baC<\/td>\n<\/tr>\n<\/tbody>\n<\/table>","protected":false},"featured_media":2897,"template":"","meta":{"_kad_blocks_custom_css":"","_kad_blocks_head_custom_js":"","_kad_blocks_body_custom_js":"","_kad_blocks_footer_custom_js":"","_kadence_starter_templates_imported_post":false,"_kad_post_transparent":"default","_kad_post_title":"","_kad_post_layout":"default","_kad_post_sidebar_id":"","_kad_post_content_style":"default","_kad_post_vertical_padding":"default","_kad_post_feature":"","_kad_post_feature_position":"","_kad_post_header":false,"_kad_post_footer":false},"product_cat":[29,30],"product_tag":[],"class_list":{"0":"post-1514","1":"product","2":"type-product","3":"status-publish","4":"has-post-thumbnail","6":"product_cat-prensaestopas-y-accesorios-plasticos-de-poliamida","7":"product_cat-prensaestopas-poliamida-ip-68","9":"first","10":"instock","11":"shipping-taxable","12":"product-type-simple","13":"entry","14":"content-bg","15":"loop-entry"},"yoast_head":"<!-- This site is optimized with the Yoast SEO plugin v21.7 - https:\/\/yoast.com\/wordpress\/plugins\/seo\/ -->\n<title>Prensaestopas PG Poliamida IP-68 Gris Oscuro - Fleximat<\/title>\n<meta name=\"robots\" content=\"index, follow, max-snippet:-1, max-image-preview:large, max-video-preview:-1\" \/>\n<link rel=\"canonical\" href=\"https:\/\/www.fleximat.es\/nb\/urun\/prensaestopas-pg-poliamida-ip-68-gris-oscuro\/\" \/>\n<meta property=\"og:locale\" content=\"nb_NO\" \/>\n<meta property=\"og:type\" content=\"article\" \/>\n<meta property=\"og:title\" content=\"Prensaestopas PG Poliamida IP-68 Gris Oscuro - Fleximat\" \/>\n<meta property=\"og:description\" content=\"Material    Sombrerete Poliamida PA6 V2   Junta de sellado TPV   Cuerpo Poliamida PA6 V2   Junta t\u00f3rica NBR   Tipo de Rosca PG (DIN 40430)   Estanqueidad IP68   Temperatura de trabajo continua -20 \u00baC +100 \u00baC\" \/>\n<meta property=\"og:url\" content=\"https:\/\/www.fleximat.es\/nb\/urun\/prensaestopas-pg-poliamida-ip-68-gris-oscuro\/\" \/>\n<meta property=\"og:site_name\" content=\"Fleximat\" \/>\n<meta property=\"article:modified_time\" content=\"2023-11-24T09:08:26+00:00\" \/>\n<meta property=\"og:image\" content=\"https:\/\/www.fleximat.es\/wp-content\/uploads\/2023\/10\/PRENSA-PA6-GRIS-6-1.png\" \/>\n\t<meta property=\"og:image:width\" content=\"402\" \/>\n\t<meta property=\"og:image:height\" content=\"457\" \/>\n\t<meta property=\"og:image:type\" content=\"image\/png\" \/>\n<meta name=\"twitter:card\" content=\"summary_large_image\" \/>\n<meta name=\"twitter:label1\" content=\"Ansl. lesetid\" \/>\n\t<meta name=\"twitter:data1\" content=\"1 minutt\" \/>\n<script type=\"application\/ld+json\" class=\"yoast-schema-graph\">{\"@context\":\"https:\/\/schema.org\",\"@graph\":[{\"@type\":\"WebPage\",\"@id\":\"https:\/\/www.fleximat.es\/tr\/urun\/prensaestopas-pg-poliamida-ip-68-gris-oscuro\/\",\"url\":\"https:\/\/www.fleximat.es\/tr\/urun\/prensaestopas-pg-poliamida-ip-68-gris-oscuro\/\",\"name\":\"Prensaestopas PG Poliamida IP-68 Gris Oscuro - Fleximat\",\"isPartOf\":{\"@id\":\"https:\/\/www.fleximat.es\/bn\/#website\"},\"datePublished\":\"2023-10-18T15:52:26+00:00\",\"dateModified\":\"2023-11-24T09:08:26+00:00\",\"breadcrumb\":{\"@id\":\"https:\/\/www.fleximat.es\/tr\/urun\/prensaestopas-pg-poliamida-ip-68-gris-oscuro\/#breadcrumb\"},\"inLanguage\":\"nb-NO\",\"potentialAction\":[{\"@type\":\"ReadAction\",\"target\":[\"https:\/\/www.fleximat.es\/tr\/urun\/prensaestopas-pg-poliamida-ip-68-gris-oscuro\/\"]}]},{\"@type\":\"BreadcrumbList\",\"@id\":\"https:\/\/www.fleximat.es\/tr\/urun\/prensaestopas-pg-poliamida-ip-68-gris-oscuro\/#breadcrumb\",\"itemListElement\":[{\"@type\":\"ListItem\",\"position\":1,\"name\":\"Portada\",\"item\":\"https:\/\/www.fleximat.es\/\"},{\"@type\":\"ListItem\",\"position\":2,\"name\":\"Productos\",\"item\":\"https:\/\/www.fleximat.es\/en\/productos\/\"},{\"@type\":\"ListItem\",\"position\":3,\"name\":\"Prensaestopas PG Poliamida IP-68 Gris Oscuro\"}]},{\"@type\":\"WebSite\",\"@id\":\"https:\/\/www.fleximat.es\/bn\/#website\",\"url\":\"https:\/\/www.fleximat.es\/bn\/\",\"name\":\"Fleximat\",\"description\":\"Tu soluci\u00f3n en prensaestopas y tubos flexibles\",\"publisher\":{\"@id\":\"https:\/\/www.fleximat.es\/bn\/#organization\"},\"potentialAction\":[{\"@type\":\"SearchAction\",\"target\":{\"@type\":\"EntryPoint\",\"urlTemplate\":\"https:\/\/www.fleximat.es\/bn\/?s={search_term_string}\"},\"query-input\":\"required name=search_term_string\"}],\"inLanguage\":\"nb-NO\"},{\"@type\":\"Organization\",\"@id\":\"https:\/\/www.fleximat.es\/bn\/#organization\",\"name\":\"Fleximat\",\"url\":\"https:\/\/www.fleximat.es\/bn\/\",\"logo\":{\"@type\":\"ImageObject\",\"inLanguage\":\"nb-NO\",\"@id\":\"https:\/\/www.fleximat.es\/bn\/#\/schema\/logo\/image\/\",\"url\":\"https:\/\/www.fleximat.es\/wp-content\/uploads\/2023\/11\/fleximat-logo-1.png\",\"contentUrl\":\"https:\/\/www.fleximat.es\/wp-content\/uploads\/2023\/11\/fleximat-logo-1.png\",\"width\":1169,\"height\":289,\"caption\":\"Fleximat\"},\"image\":{\"@id\":\"https:\/\/www.fleximat.es\/bn\/#\/schema\/logo\/image\/\"}}]}<\/script>\n<!-- \/ Yoast SEO plugin. -->","yoast_head_json":{"title":"Prensaestopas PG Poliamida IP-68 Gris Oscuro - Fleximat","robots":{"index":"index","follow":"follow","max-snippet":"max-snippet:-1","max-image-preview":"max-image-preview:large","max-video-preview":"max-video-preview:-1"},"canonical":"https:\/\/www.fleximat.es\/nb\/urun\/prensaestopas-pg-poliamida-ip-68-gris-oscuro\/","og_locale":"nb_NO","og_type":"article","og_title":"Prensaestopas PG Poliamida IP-68 Gris Oscuro - Fleximat","og_description":"Material    Sombrerete Poliamida PA6 V2   Junta de sellado TPV   Cuerpo Poliamida PA6 V2   Junta t\u00f3rica NBR   Tipo de Rosca PG (DIN 40430)   Estanqueidad IP68   Temperatura de trabajo continua -20 \u00baC +100 \u00baC","og_url":"https:\/\/www.fleximat.es\/nb\/urun\/prensaestopas-pg-poliamida-ip-68-gris-oscuro\/","og_site_name":"Fleximat","article_modified_time":"2023-11-24T09:08:26+00:00","og_image":[{"width":402,"height":457,"url":"https:\/\/www.fleximat.es\/wp-content\/uploads\/2023\/10\/PRENSA-PA6-GRIS-6-1.png","type":"image\/png"}],"twitter_card":"summary_large_image","twitter_misc":{"Ansl. lesetid":"1 minutt"},"schema":{"@context":"https:\/\/schema.org","@graph":[{"@type":"WebPage","@id":"https:\/\/www.fleximat.es\/tr\/urun\/prensaestopas-pg-poliamida-ip-68-gris-oscuro\/","url":"https:\/\/www.fleximat.es\/tr\/urun\/prensaestopas-pg-poliamida-ip-68-gris-oscuro\/","name":"Prensaestopas PG Poliamida IP-68 Gris Oscuro - Fleximat","isPartOf":{"@id":"https:\/\/www.fleximat.es\/bn\/#website"},"datePublished":"2023-10-18T15:52:26+00:00","dateModified":"2023-11-24T09:08:26+00:00","breadcrumb":{"@id":"https:\/\/www.fleximat.es\/tr\/urun\/prensaestopas-pg-poliamida-ip-68-gris-oscuro\/#breadcrumb"},"inLanguage":"nb-NO","potentialAction":[{"@type":"ReadAction","target":["https:\/\/www.fleximat.es\/tr\/urun\/prensaestopas-pg-poliamida-ip-68-gris-oscuro\/"]}]},{"@type":"BreadcrumbList","@id":"https:\/\/www.fleximat.es\/tr\/urun\/prensaestopas-pg-poliamida-ip-68-gris-oscuro\/#breadcrumb","itemListElement":[{"@type":"ListItem","position":1,"name":"Portada","item":"https:\/\/www.fleximat.es\/"},{"@type":"ListItem","position":2,"name":"Productos","item":"https:\/\/www.fleximat.es\/en\/productos\/"},{"@type":"ListItem","position":3,"name":"Prensaestopas PG Poliamida IP-68 Gris Oscuro"}]},{"@type":"WebSite","@id":"https:\/\/www.fleximat.es\/bn\/#website","url":"https:\/\/www.fleximat.es\/bn\/","name":"Fleximat","description":"Tu soluci\u00f3n en prensaestopas y tubos flexibles","publisher":{"@id":"https:\/\/www.fleximat.es\/bn\/#organization"},"potentialAction":[{"@type":"SearchAction","target":{"@type":"EntryPoint","urlTemplate":"https:\/\/www.fleximat.es\/bn\/?s={search_term_string}"},"query-input":"required name=search_term_string"}],"inLanguage":"nb-NO"},{"@type":"Organization","@id":"https:\/\/www.fleximat.es\/bn\/#organization","name":"Fleximat","url":"https:\/\/www.fleximat.es\/bn\/","logo":{"@type":"ImageObject","inLanguage":"nb-NO","@id":"https:\/\/www.fleximat.es\/bn\/#\/schema\/logo\/image\/","url":"https:\/\/www.fleximat.es\/wp-content\/uploads\/2023\/11\/fleximat-logo-1.png","contentUrl":"https:\/\/www.fleximat.es\/wp-content\/uploads\/2023\/11\/fleximat-logo-1.png","width":1169,"height":289,"caption":"Fleximat"},"image":{"@id":"https:\/\/www.fleximat.es\/bn\/#\/schema\/logo\/image\/"}}]}},"taxonomy_info":{"product_cat":[{"value":29,"label":"Prensaestopas y accesorios pl\u00e1sticos de Poliamida"},{"value":30,"label":"Prensaestopas poliamida IP-68"}]},"featured_image_src_large":["https:\/\/www.fleximat.es\/wp-content\/uploads\/2023\/10\/PRENSA-PA6-GRIS-6-1.png",402,457,false],"author_info":[],"comment_info":"","_links":{"self":[{"href":"https:\/\/www.fleximat.es\/nb\/wp-json\/wp\/v2\/product\/1514"}],"collection":[{"href":"https:\/\/www.fleximat.es\/nb\/wp-json\/wp\/v2\/product"}],"about":[{"href":"https:\/\/www.fleximat.es\/nb\/wp-json\/wp\/v2\/types\/product"}],"wp:featuredmedia":[{"embeddable":true,"href":"https:\/\/www.fleximat.es\/nb\/wp-json\/wp\/v2\/media\/2897"}],"wp:attachment":[{"href":"https:\/\/www.fleximat.es\/nb\/wp-json\/wp\/v2\/media?parent=1514"}],"wp:term":[{"taxonomy":"product_cat","embeddable":true,"href":"https:\/\/www.fleximat.es\/nb\/wp-json\/wp\/v2\/product_cat?post=1514"},{"taxonomy":"product_tag","embeddable":true,"href":"https:\/\/www.fleximat.es\/nb\/wp-json\/wp\/v2\/product_tag?post=1514"}],"curies":[{"name":"wp","href":"https:\/\/api.w.org\/{rel}","templated":true}]}}