{"id":1717,"date":"2023-10-18T17:54:05","date_gmt":"2023-10-18T15:54:05","guid":{"rendered":"https:\/\/www.fleximat.es\/?post_type=product&#038;p=1717"},"modified":"2023-11-27T11:10:23","modified_gmt":"2023-11-27T10:10:23","slug":"racor-recto-jumbo-poliamida","status":"publish","type":"product","link":"https:\/\/www.fleximat.es\/nb\/produkt\/racor-recto-jumbo-poliamida\/","title":{"rendered":"Rett JUMBO polyamidbeslag"},"content":{"rendered":"<h4>Egenskaper<\/h4>\n<p>Rask og enkel monteringssystem<\/p>\n<p>Innovativ designIP-52 beskyttelse med ekstra IP-65 tetningspakning Forseglet ved bunnen med en O-ring<\/p>\n<h3>Produktbeskrivelse<\/h3>\n<p>Jumbo-serien best\u00e5r av store r\u00f8r, beslag og albuer.<\/p>\n<p>Gigantiske beslag er en del av tilkoblingssystemet for \u00e5 beskytte store ledninger.<\/p>\n<p>Jumbo-beslag gir utmerket mekanisk motstand og enkel montering.<\/p>\n<p>Jumbo-serien er tilgjengelig fra DN 56 til DN 100.<\/p>\n<p>Kontakt oss for personlig r\u00e5dgivning.<\/p>\n<table border=\"1\">\n<tbody>\n<tr>\n<td>Henvisning<\/td>\n<td>For tube<\/td>\n<td>Til mm<\/td>\n<td>B mm<\/td>\n<td>C mm<\/td>\n<td>Dmm<\/td>\n<td>E mm<\/td>\n<td>F mm<\/td>\n<td>G mm<\/td>\n<td>\u2300<\/td>\n<td>Emballasje<\/td>\n<\/tr>\n<tr>\n<td>RR00056<\/td>\n<td>DN-56<\/td>\n<td>60<\/td>\n<td>66<\/td>\n<td>85<\/td>\n<td>50<\/td>\n<td>6,5<\/td>\n<td>94<\/td>\n<td>86<\/td>\n<td>60<\/td>\n<td>20<\/td>\n<\/tr>\n<tr>\n<td>RR00070<\/td>\n<td>DN-70<\/td>\n<td>60<\/td>\n<td>80<\/td>\n<td>94<\/td>\n<td>52<\/td>\n<td>7<\/td>\n<td>106<\/td>\n<td>96<\/td>\n<td>70<\/td>\n<td>10<\/td>\n<\/tr>\n<tr>\n<td>RR00100<\/td>\n<td>DN-100<\/td>\n<td>74<\/td>\n<td>108<\/td>\n<td>126<\/td>\n<td>52<\/td>\n<td>7<\/td>\n<td>132<\/td>\n<td>126<\/td>\n<td>95<\/td>\n<td>10<\/td>\n<\/tr>\n<\/tbody>\n<\/table>","protected":false},"excerpt":{"rendered":"<h3>Kjennetegn<\/h3>\n<table>\n<tbody>\n<tr>\n<td><strong>Materiale<\/strong><\/td>\n<td>Polyamid 6 + glassfiber<\/td>\n<\/tr>\n<tr>\n<td><strong>Brannvern<\/strong><\/td>\n<td>V0 i henhold til UL94<\/td>\n<\/tr>\n<tr>\n<td><strong>Arbeidstemperatur<\/strong><\/td>\n<td>-40<span class=\"st\">\u2103<\/span>+110<span class=\"st\">\u2103<\/span><\/td>\n<\/tr>\n<tr>\n<td><strong>Motstand mot kjemiske midler<\/strong><\/td>\n<td>Veldig motstandsdyktig<\/td>\n<\/tr>\n<tr>\n<td><strong>\u00a0Motstand mot drag og vibrasjoner<\/strong><\/td>\n<td>Veldig motstandsdyktig<\/td>\n<\/tr>\n<\/tbody>\n<\/table>","protected":false},"featured_media":2992,"template":"","meta":{"_kad_blocks_custom_css":"","_kad_blocks_head_custom_js":"","_kad_blocks_body_custom_js":"","_kad_blocks_footer_custom_js":"","_kadence_starter_templates_imported_post":false,"_kad_post_transparent":"default","_kad_post_title":"","_kad_post_layout":"default","_kad_post_sidebar_id":"","_kad_post_content_style":"default","_kad_post_vertical_padding":"default","_kad_post_feature":"","_kad_post_feature_position":"","_kad_post_header":false,"_kad_post_footer":false},"product_cat":[68,74],"product_tag":[],"class_list":{"0":"post-1717","1":"product","2":"type-product","3":"status-publish","4":"has-post-thumbnail","6":"product_cat-tubos-flexibles-racores-y-accesorios","7":"product_cat-tubos-y-racores-gigantes","9":"first","10":"instock","11":"shipping-taxable","12":"product-type-simple","13":"entry","14":"content-bg","15":"loop-entry"},"yoast_head":"<!-- This site is optimized with the Yoast SEO plugin v21.7 - https:\/\/yoast.com\/wordpress\/plugins\/seo\/ -->\n<title>Racor Recto JUMBO Poliamida - Fleximat<\/title>\n<meta name=\"robots\" content=\"index, follow, max-snippet:-1, max-image-preview:large, max-video-preview:-1\" \/>\n<link rel=\"canonical\" href=\"https:\/\/www.fleximat.es\/nb\/produkt\/racor-recto-jumbo-poliamida\/\" \/>\n<meta property=\"og:locale\" content=\"nb_NO\" \/>\n<meta property=\"og:type\" content=\"article\" \/>\n<meta property=\"og:title\" content=\"Racor Recto JUMBO Poliamida - Fleximat\" \/>\n<meta property=\"og:description\" content=\"Caracter\u00edsticas    Material Poliamida 6 + fibra de vidrio   Protecci\u00f3n al fuego V0 seg\u00fan UL94   Temperatura de trabajo -40\u2103+110\u2103   Resistencia a agentes qu\u00edmicos Muy Resistente   \u00a0Resistencia a tirones y vibraciones Muy Resistente\" \/>\n<meta property=\"og:url\" content=\"https:\/\/www.fleximat.es\/nb\/produkt\/racor-recto-jumbo-poliamida\/\" \/>\n<meta property=\"og:site_name\" content=\"Fleximat\" \/>\n<meta property=\"article:modified_time\" content=\"2023-11-27T10:10:23+00:00\" \/>\n<meta property=\"og:image\" content=\"https:\/\/www.fleximat.es\/wp-content\/uploads\/2023\/10\/racor-recto-jumbo.png\" \/>\n\t<meta property=\"og:image:width\" content=\"486\" \/>\n\t<meta property=\"og:image:height\" content=\"486\" \/>\n\t<meta property=\"og:image:type\" content=\"image\/png\" \/>\n<meta name=\"twitter:card\" content=\"summary_large_image\" \/>\n<meta name=\"twitter:label1\" content=\"Ansl. lesetid\" \/>\n\t<meta name=\"twitter:data1\" content=\"1 minutt\" \/>\n<script type=\"application\/ld+json\" class=\"yoast-schema-graph\">{\"@context\":\"https:\/\/schema.org\",\"@graph\":[{\"@type\":\"WebPage\",\"@id\":\"https:\/\/www.fleximat.es\/producto\/racor-recto-jumbo-poliamida\/\",\"url\":\"https:\/\/www.fleximat.es\/producto\/racor-recto-jumbo-poliamida\/\",\"name\":\"Racor Recto JUMBO Poliamida - Fleximat\",\"isPartOf\":{\"@id\":\"https:\/\/www.fleximat.es\/bn\/#website\"},\"datePublished\":\"2023-10-18T15:54:05+00:00\",\"dateModified\":\"2023-11-27T10:10:23+00:00\",\"breadcrumb\":{\"@id\":\"https:\/\/www.fleximat.es\/producto\/racor-recto-jumbo-poliamida\/#breadcrumb\"},\"inLanguage\":\"nb-NO\",\"potentialAction\":[{\"@type\":\"ReadAction\",\"target\":[\"https:\/\/www.fleximat.es\/producto\/racor-recto-jumbo-poliamida\/\"]}]},{\"@type\":\"BreadcrumbList\",\"@id\":\"https:\/\/www.fleximat.es\/producto\/racor-recto-jumbo-poliamida\/#breadcrumb\",\"itemListElement\":[{\"@type\":\"ListItem\",\"position\":1,\"name\":\"Portada\",\"item\":\"https:\/\/www.fleximat.es\/\"},{\"@type\":\"ListItem\",\"position\":2,\"name\":\"Productos\",\"item\":\"https:\/\/www.fleximat.es\/en\/productos\/\"},{\"@type\":\"ListItem\",\"position\":3,\"name\":\"Racor Recto JUMBO Poliamida\"}]},{\"@type\":\"WebSite\",\"@id\":\"https:\/\/www.fleximat.es\/bn\/#website\",\"url\":\"https:\/\/www.fleximat.es\/bn\/\",\"name\":\"Fleximat\",\"description\":\"Tu soluci\u00f3n en prensaestopas y tubos flexibles\",\"publisher\":{\"@id\":\"https:\/\/www.fleximat.es\/bn\/#organization\"},\"potentialAction\":[{\"@type\":\"SearchAction\",\"target\":{\"@type\":\"EntryPoint\",\"urlTemplate\":\"https:\/\/www.fleximat.es\/bn\/?s={search_term_string}\"},\"query-input\":\"required name=search_term_string\"}],\"inLanguage\":\"nb-NO\"},{\"@type\":\"Organization\",\"@id\":\"https:\/\/www.fleximat.es\/bn\/#organization\",\"name\":\"Fleximat\",\"url\":\"https:\/\/www.fleximat.es\/bn\/\",\"logo\":{\"@type\":\"ImageObject\",\"inLanguage\":\"nb-NO\",\"@id\":\"https:\/\/www.fleximat.es\/bn\/#\/schema\/logo\/image\/\",\"url\":\"https:\/\/www.fleximat.es\/wp-content\/uploads\/2023\/11\/fleximat-logo-1.png\",\"contentUrl\":\"https:\/\/www.fleximat.es\/wp-content\/uploads\/2023\/11\/fleximat-logo-1.png\",\"width\":1169,\"height\":289,\"caption\":\"Fleximat\"},\"image\":{\"@id\":\"https:\/\/www.fleximat.es\/bn\/#\/schema\/logo\/image\/\"}}]}<\/script>\n<!-- \/ Yoast SEO plugin. -->","yoast_head_json":{"title":"Racor Recto JUMBO Poliamida - Fleximat","robots":{"index":"index","follow":"follow","max-snippet":"max-snippet:-1","max-image-preview":"max-image-preview:large","max-video-preview":"max-video-preview:-1"},"canonical":"https:\/\/www.fleximat.es\/nb\/produkt\/racor-recto-jumbo-poliamida\/","og_locale":"nb_NO","og_type":"article","og_title":"Racor Recto JUMBO Poliamida - Fleximat","og_description":"Caracter\u00edsticas    Material Poliamida 6 + fibra de vidrio   Protecci\u00f3n al fuego V0 seg\u00fan UL94   Temperatura de trabajo -40\u2103+110\u2103   Resistencia a agentes qu\u00edmicos Muy Resistente   \u00a0Resistencia a tirones y vibraciones Muy Resistente","og_url":"https:\/\/www.fleximat.es\/nb\/produkt\/racor-recto-jumbo-poliamida\/","og_site_name":"Fleximat","article_modified_time":"2023-11-27T10:10:23+00:00","og_image":[{"width":486,"height":486,"url":"https:\/\/www.fleximat.es\/wp-content\/uploads\/2023\/10\/racor-recto-jumbo.png","type":"image\/png"}],"twitter_card":"summary_large_image","twitter_misc":{"Ansl. lesetid":"1 minutt"},"schema":{"@context":"https:\/\/schema.org","@graph":[{"@type":"WebPage","@id":"https:\/\/www.fleximat.es\/producto\/racor-recto-jumbo-poliamida\/","url":"https:\/\/www.fleximat.es\/producto\/racor-recto-jumbo-poliamida\/","name":"Racor Recto JUMBO Poliamida - Fleximat","isPartOf":{"@id":"https:\/\/www.fleximat.es\/bn\/#website"},"datePublished":"2023-10-18T15:54:05+00:00","dateModified":"2023-11-27T10:10:23+00:00","breadcrumb":{"@id":"https:\/\/www.fleximat.es\/producto\/racor-recto-jumbo-poliamida\/#breadcrumb"},"inLanguage":"nb-NO","potentialAction":[{"@type":"ReadAction","target":["https:\/\/www.fleximat.es\/producto\/racor-recto-jumbo-poliamida\/"]}]},{"@type":"BreadcrumbList","@id":"https:\/\/www.fleximat.es\/producto\/racor-recto-jumbo-poliamida\/#breadcrumb","itemListElement":[{"@type":"ListItem","position":1,"name":"Portada","item":"https:\/\/www.fleximat.es\/"},{"@type":"ListItem","position":2,"name":"Productos","item":"https:\/\/www.fleximat.es\/en\/productos\/"},{"@type":"ListItem","position":3,"name":"Racor Recto JUMBO Poliamida"}]},{"@type":"WebSite","@id":"https:\/\/www.fleximat.es\/bn\/#website","url":"https:\/\/www.fleximat.es\/bn\/","name":"Fleximat","description":"Tu soluci\u00f3n en prensaestopas y tubos flexibles","publisher":{"@id":"https:\/\/www.fleximat.es\/bn\/#organization"},"potentialAction":[{"@type":"SearchAction","target":{"@type":"EntryPoint","urlTemplate":"https:\/\/www.fleximat.es\/bn\/?s={search_term_string}"},"query-input":"required name=search_term_string"}],"inLanguage":"nb-NO"},{"@type":"Organization","@id":"https:\/\/www.fleximat.es\/bn\/#organization","name":"Fleximat","url":"https:\/\/www.fleximat.es\/bn\/","logo":{"@type":"ImageObject","inLanguage":"nb-NO","@id":"https:\/\/www.fleximat.es\/bn\/#\/schema\/logo\/image\/","url":"https:\/\/www.fleximat.es\/wp-content\/uploads\/2023\/11\/fleximat-logo-1.png","contentUrl":"https:\/\/www.fleximat.es\/wp-content\/uploads\/2023\/11\/fleximat-logo-1.png","width":1169,"height":289,"caption":"Fleximat"},"image":{"@id":"https:\/\/www.fleximat.es\/bn\/#\/schema\/logo\/image\/"}}]}},"taxonomy_info":{"product_cat":[{"value":68,"label":"Tubos flexibles, racores y accesorios"},{"value":74,"label":"Tubos y racores gigantes"}]},"featured_image_src_large":["https:\/\/www.fleximat.es\/wp-content\/uploads\/2023\/10\/racor-recto-jumbo.png",486,486,false],"author_info":[],"comment_info":"","_links":{"self":[{"href":"https:\/\/www.fleximat.es\/nb\/wp-json\/wp\/v2\/product\/1717"}],"collection":[{"href":"https:\/\/www.fleximat.es\/nb\/wp-json\/wp\/v2\/product"}],"about":[{"href":"https:\/\/www.fleximat.es\/nb\/wp-json\/wp\/v2\/types\/product"}],"wp:featuredmedia":[{"embeddable":true,"href":"https:\/\/www.fleximat.es\/nb\/wp-json\/wp\/v2\/media\/2992"}],"wp:attachment":[{"href":"https:\/\/www.fleximat.es\/nb\/wp-json\/wp\/v2\/media?parent=1717"}],"wp:term":[{"taxonomy":"product_cat","embeddable":true,"href":"https:\/\/www.fleximat.es\/nb\/wp-json\/wp\/v2\/product_cat?post=1717"},{"taxonomy":"product_tag","embeddable":true,"href":"https:\/\/www.fleximat.es\/nb\/wp-json\/wp\/v2\/product_tag?post=1717"}],"curies":[{"name":"wp","href":"https:\/\/api.w.org\/{rel}","templated":true}]}}