{"id":1811,"date":"2023-10-18T17:54:56","date_gmt":"2023-10-18T15:54:56","guid":{"rendered":"https:\/\/www.fleximat.es\/?post_type=product&#038;p=1811"},"modified":"2023-12-04T17:51:37","modified_gmt":"2023-12-04T16:51:37","slug":"prensaestopas-armado-bw","status":"publish","type":"product","link":"https:\/\/www.fleximat.es\/nb\/produkt\/prensaestopas-armado-bw\/","title":{"rendered":"BW armert kabelgjennomf\u00f8ring"},"content":{"rendered":"<h3>Produktbeskrivelse<\/h3>\n<p><span style=\"font-weight: 400;\">BW Armed Cable Glands er en komponent med det form\u00e5l \u00e5 beskytte og tette utstyr. Ved \u00e5 installere en gjenget hette p\u00e5 elektrisk utstyr oppn\u00e5r vi st\u00f8rre tetthet og beskyttelse.<\/span><\/p>\n<p><span style=\"font-weight: 400;\">BW Armed Cable Glands er produsert i forskjellige materialer avhengig av deres bruksomr\u00e5de, enten de er metall BW Armed Cable Glands, samt ATEX-versjonen.<\/span><\/p>\n<p><span style=\"font-weight: 400;\">BW Armed Cable Gland er en enkel og effektiv l\u00f8sning. En BW Armored Cable Gland er n\u00f8dvendig for \u00e5 fullf\u00f8re beskyttelsen av elektrisk utstyr som har gjengede hull uten aktive avslutninger.\u00a0<\/span><\/p>\n<h3>Beregninger<\/h3>\n<table width=\"493\">\n<tbody>\n<tr>\n<td width=\"80\">St\u00f8rrelse<\/td>\n<td width=\"80\">Kode<\/td>\n<td width=\"93\">Metrisk tr\u00e5d<\/td>\n<td width=\"80\">B min (mm)<\/td>\n<td width=\"80\">B maks (mm)<\/td>\n<td width=\"80\">G.L.<\/td>\n<\/tr>\n<tr>\n<td>20-\u00e5rene<\/td>\n<td>BWL-M20s<\/td>\n<td>M20 x 1,5<\/td>\n<td>11,5<\/td>\n<td>15,5<\/td>\n<td>10<\/td>\n<\/tr>\n<tr>\n<td>20L<\/td>\n<td>BWL-M20L<\/td>\n<td>M20 x 1,5<\/td>\n<td>14<\/td>\n<td>20,5<\/td>\n<td>10<\/td>\n<\/tr>\n<tr>\n<td>25L<\/td>\n<td>BWL-M25L<\/td>\n<td>M25 x 1,5<\/td>\n<td>20<\/td>\n<td>27,2<\/td>\n<td>10<\/td>\n<\/tr>\n<tr>\n<td>32L<\/td>\n<td>BWL-M32L<\/td>\n<td>M32 x 1,5<\/td>\n<td>26,3<\/td>\n<td>33,5<\/td>\n<td>10<\/td>\n<\/tr>\n<tr>\n<td>40<\/td>\n<td>BWL-M40<\/td>\n<td>M40 x 1,5<\/td>\n<td>32<\/td>\n<td>40<\/td>\n<td>15<\/td>\n<\/tr>\n<tr>\n<td>50-tallet<\/td>\n<td>BWL-M50s<\/td>\n<td>M50 x 1,5<\/td>\n<td>38,2<\/td>\n<td>46,3<\/td>\n<td>15<\/td>\n<\/tr>\n<tr>\n<td>50L<\/td>\n<td>BWL-M50L<\/td>\n<td>M50 x 1,5<\/td>\n<td>44<\/td>\n<td>52,6<\/td>\n<td>15<\/td>\n<\/tr>\n<tr>\n<td>63s<\/td>\n<td>BWL-M63s<\/td>\n<td>M63 x 1,5<\/td>\n<td>50,1<\/td>\n<td>59<\/td>\n<td>15<\/td>\n<\/tr>\n<tr>\n<td>63L<\/td>\n<td>BWL-M63L<\/td>\n<td>M63 x 1,5<\/td>\n<td>56<\/td>\n<td>65,3<\/td>\n<td>15<\/td>\n<\/tr>\n<tr>\n<td>75-\u00e5rene<\/td>\n<td>BWL-M75s<\/td>\n<td>M75 x 1,5<\/td>\n<td>62<\/td>\n<td>71,6<\/td>\n<td>15<\/td>\n<\/tr>\n<tr>\n<td>75L<\/td>\n<td>BWL-M75L<\/td>\n<td>M75 x 1,5<\/td>\n<td>68<\/td>\n<td>78<\/td>\n<td>15<\/td>\n<\/tr>\n<tr>\n<td>90<\/td>\n<td>BWL-M90<\/td>\n<td>M90 x 2<\/td>\n<td>80,5<\/td>\n<td>91<\/td>\n<td>20<\/td>\n<\/tr>\n<\/tbody>\n<\/table>\n<p>&nbsp;<\/p>\n<h3 class=\"mt-0\">PT<\/h3>\n<table border=\"0\" width=\"480\" cellspacing=\"0\" cellpadding=\"0\">\n<tbody>\n<tr>\n<td class=\"xl63\" width=\"80\" height=\"20\">St\u00f8rrelse<\/td>\n<td class=\"xl63\" width=\"80\">Kode<\/td>\n<td class=\"xl63\" width=\"80\">NPT tr\u00e5d<\/td>\n<td class=\"xl63\" width=\"80\">B min (mm)<\/td>\n<td class=\"xl63\" width=\"80\">B maks (mm)<\/td>\n<td class=\"xl63\" width=\"80\">G.L.<\/td>\n<\/tr>\n<tr>\n<td class=\"xl63\" height=\"20\">20-\u00e5rene<\/td>\n<td class=\"xl63\">BWL-M20s<\/td>\n<td class=\"xl63\">1\/2&#8243;<\/td>\n<td class=\"xl63\">11,5<\/td>\n<td class=\"xl63\">15,5<\/td>\n<td class=\"xl63\">10<\/td>\n<\/tr>\n<tr>\n<td class=\"xl63\" height=\"20\">20L<\/td>\n<td class=\"xl63\">BWL-M20L<\/td>\n<td class=\"xl63\">1\/2&#8243;<\/td>\n<td class=\"xl63\">14<\/td>\n<td class=\"xl63\">20,5<\/td>\n<td class=\"xl63\">10<\/td>\n<\/tr>\n<tr>\n<td class=\"xl63\" height=\"20\">25L<\/td>\n<td class=\"xl63\">BWL-M25L<\/td>\n<td class=\"xl63\">3\/4&#8243;<\/td>\n<td class=\"xl63\">20<\/td>\n<td class=\"xl63\">27,2<\/td>\n<td class=\"xl63\">10<\/td>\n<\/tr>\n<tr>\n<td class=\"xl63\" height=\"20\">32L<\/td>\n<td class=\"xl63\">BWL-M32L<\/td>\n<td class=\"xl63\">1&#8243;<\/td>\n<td class=\"xl63\">26,3<\/td>\n<td class=\"xl63\">33,5<\/td>\n<td class=\"xl63\">10<\/td>\n<\/tr>\n<tr>\n<td class=\"xl63\" height=\"20\">40<\/td>\n<td class=\"xl63\">BWL-M40<\/td>\n<td class=\"xl63\">1 1\/4&#8243;<\/td>\n<td class=\"xl63\">32<\/td>\n<td class=\"xl63\">40<\/td>\n<td class=\"xl63\">15<\/td>\n<\/tr>\n<tr>\n<td class=\"xl63\" height=\"20\">50-tallet<\/td>\n<td class=\"xl63\">BWL-M50s<\/td>\n<td class=\"xl63\">1 1\/2&#8243;<\/td>\n<td class=\"xl63\">38,2<\/td>\n<td class=\"xl63\">46,3<\/td>\n<td class=\"xl63\">15<\/td>\n<\/tr>\n<tr>\n<td class=\"xl63\" height=\"20\">50L<\/td>\n<td class=\"xl63\">BWL-M50L<\/td>\n<td class=\"xl63\">2&#8243;<\/td>\n<td class=\"xl63\">44<\/td>\n<td class=\"xl63\">52,6<\/td>\n<td class=\"xl63\">15<\/td>\n<\/tr>\n<tr>\n<td class=\"xl63\" height=\"20\">63s<\/td>\n<td class=\"xl63\">BWL-M63s<\/td>\n<td class=\"xl63\">2&#8243;<\/td>\n<td class=\"xl63\">50,1<\/td>\n<td class=\"xl63\">59<\/td>\n<td class=\"xl63\">15<\/td>\n<\/tr>\n<tr>\n<td class=\"xl63\" height=\"20\">63L<\/td>\n<td class=\"xl63\">BWL-M63L<\/td>\n<td class=\"xl63\">2 1\/2&#8243;<\/td>\n<td class=\"xl63\">56<\/td>\n<td class=\"xl63\">65,3<\/td>\n<td class=\"xl63\">15<\/td>\n<\/tr>\n<tr>\n<td class=\"xl63\" height=\"20\">75-\u00e5rene<\/td>\n<td class=\"xl63\">BWL-M75s<\/td>\n<td class=\"xl63\">2 1\/2&#8243;<\/td>\n<td class=\"xl63\">62<\/td>\n<td class=\"xl63\">71,6<\/td>\n<td class=\"xl63\">15<\/td>\n<\/tr>\n<tr>\n<td class=\"xl63\" height=\"20\">75L<\/td>\n<td class=\"xl63\">BWL-M75L<\/td>\n<td class=\"xl63\">3&#8243;<\/td>\n<td class=\"xl63\">68<\/td>\n<td class=\"xl63\">78<\/td>\n<td class=\"xl63\">15<\/td>\n<\/tr>\n<tr>\n<td class=\"xl63\" height=\"20\">90<\/td>\n<td class=\"xl63\">BWL-M90<\/td>\n<td class=\"xl63\">3&#8243;<\/td>\n<td class=\"xl63\">80,5<\/td>\n<td class=\"xl63\">91<\/td>\n<td class=\"xl63\">20<\/td>\n<\/tr>\n<\/tbody>\n<\/table>","protected":false},"excerpt":{"rendered":"<h3>Kjennetegn<\/h3>\n<table>\n<tbody>\n<tr>\n<td><strong>Tetthet<\/strong><\/td>\n<td>IP30<\/td>\n<\/tr>\n<tr>\n<td><strong>Kontinuerlig arbeidstemperatur<\/strong><\/td>\n<td>-80\u00baC +600\u00baC<\/td>\n<\/tr>\n<\/tbody>\n<\/table>","protected":false},"featured_media":3109,"template":"","meta":{"_kad_blocks_custom_css":"","_kad_blocks_head_custom_js":"","_kad_blocks_body_custom_js":"","_kad_blocks_footer_custom_js":"","_kadence_starter_templates_imported_post":false,"_kad_post_transparent":"default","_kad_post_title":"","_kad_post_layout":"default","_kad_post_sidebar_id":"","_kad_post_content_style":"default","_kad_post_vertical_padding":"default","_kad_post_feature":"","_kad_post_feature_position":"","_kad_post_header":false,"_kad_post_footer":false},"product_cat":[84,86],"product_tag":[],"class_list":{"0":"post-1811","1":"product","2":"type-product","3":"status-publish","4":"has-post-thumbnail","6":"product_cat-prensaestopas-y-accesorios-atex","7":"product_cat-accesorios-atex","9":"first","10":"instock","11":"shipping-taxable","12":"product-type-simple","13":"entry","14":"content-bg","15":"loop-entry"},"yoast_head":"<!-- This site is optimized with the Yoast SEO plugin v21.7 - https:\/\/yoast.com\/wordpress\/plugins\/seo\/ -->\n<title>Prensaestopas Armado BW - Fleximat<\/title>\n<meta name=\"robots\" content=\"index, follow, max-snippet:-1, max-image-preview:large, max-video-preview:-1\" \/>\n<link rel=\"canonical\" href=\"https:\/\/www.fleximat.es\/nb\/produkt\/prensaestopas-armado-bw\/\" \/>\n<meta property=\"og:locale\" content=\"nb_NO\" \/>\n<meta property=\"og:type\" content=\"article\" \/>\n<meta property=\"og:title\" content=\"Prensaestopas Armado BW - Fleximat\" \/>\n<meta property=\"og:description\" content=\"Caracter\u00edsticas    Estanqueidad IP30   Temperatura de trabajo continua -80\u00bac +600 \u00baC\" \/>\n<meta property=\"og:url\" content=\"https:\/\/www.fleximat.es\/nb\/produkt\/prensaestopas-armado-bw\/\" \/>\n<meta property=\"og:site_name\" content=\"Fleximat\" \/>\n<meta property=\"article:modified_time\" content=\"2023-12-04T16:51:37+00:00\" \/>\n<meta property=\"og:image\" content=\"https:\/\/www.fleximat.es\/wp-content\/uploads\/2023\/10\/th_crop_1571912410prensaestopas-armado-bw-1-2-1.png\" \/>\n\t<meta property=\"og:image:width\" content=\"700\" \/>\n\t<meta property=\"og:image:height\" content=\"700\" \/>\n\t<meta property=\"og:image:type\" content=\"image\/png\" \/>\n<meta name=\"twitter:card\" content=\"summary_large_image\" \/>\n<meta name=\"twitter:label1\" content=\"Ansl. lesetid\" \/>\n\t<meta name=\"twitter:data1\" content=\"1 minutt\" \/>\n<script type=\"application\/ld+json\" class=\"yoast-schema-graph\">{\"@context\":\"https:\/\/schema.org\",\"@graph\":[{\"@type\":\"WebPage\",\"@id\":\"https:\/\/www.fleximat.es\/producto\/prensaestopas-armado-bw\/\",\"url\":\"https:\/\/www.fleximat.es\/producto\/prensaestopas-armado-bw\/\",\"name\":\"Prensaestopas Armado BW - Fleximat\",\"isPartOf\":{\"@id\":\"https:\/\/www.fleximat.es\/bn\/#website\"},\"datePublished\":\"2023-10-18T15:54:56+00:00\",\"dateModified\":\"2023-12-04T16:51:37+00:00\",\"breadcrumb\":{\"@id\":\"https:\/\/www.fleximat.es\/producto\/prensaestopas-armado-bw\/#breadcrumb\"},\"inLanguage\":\"nb-NO\",\"potentialAction\":[{\"@type\":\"ReadAction\",\"target\":[\"https:\/\/www.fleximat.es\/producto\/prensaestopas-armado-bw\/\"]}]},{\"@type\":\"BreadcrumbList\",\"@id\":\"https:\/\/www.fleximat.es\/producto\/prensaestopas-armado-bw\/#breadcrumb\",\"itemListElement\":[{\"@type\":\"ListItem\",\"position\":1,\"name\":\"Portada\",\"item\":\"https:\/\/www.fleximat.es\/\"},{\"@type\":\"ListItem\",\"position\":2,\"name\":\"Productos\",\"item\":\"https:\/\/www.fleximat.es\/en\/productos\/\"},{\"@type\":\"ListItem\",\"position\":3,\"name\":\"Prensaestopas Armado BW\"}]},{\"@type\":\"WebSite\",\"@id\":\"https:\/\/www.fleximat.es\/bn\/#website\",\"url\":\"https:\/\/www.fleximat.es\/bn\/\",\"name\":\"Fleximat\",\"description\":\"Tu soluci\u00f3n en prensaestopas y tubos flexibles\",\"publisher\":{\"@id\":\"https:\/\/www.fleximat.es\/bn\/#organization\"},\"potentialAction\":[{\"@type\":\"SearchAction\",\"target\":{\"@type\":\"EntryPoint\",\"urlTemplate\":\"https:\/\/www.fleximat.es\/bn\/?s={search_term_string}\"},\"query-input\":\"required name=search_term_string\"}],\"inLanguage\":\"nb-NO\"},{\"@type\":\"Organization\",\"@id\":\"https:\/\/www.fleximat.es\/bn\/#organization\",\"name\":\"Fleximat\",\"url\":\"https:\/\/www.fleximat.es\/bn\/\",\"logo\":{\"@type\":\"ImageObject\",\"inLanguage\":\"nb-NO\",\"@id\":\"https:\/\/www.fleximat.es\/bn\/#\/schema\/logo\/image\/\",\"url\":\"https:\/\/www.fleximat.es\/wp-content\/uploads\/2023\/11\/fleximat-logo-1.png\",\"contentUrl\":\"https:\/\/www.fleximat.es\/wp-content\/uploads\/2023\/11\/fleximat-logo-1.png\",\"width\":1169,\"height\":289,\"caption\":\"Fleximat\"},\"image\":{\"@id\":\"https:\/\/www.fleximat.es\/bn\/#\/schema\/logo\/image\/\"}}]}<\/script>\n<!-- \/ Yoast SEO plugin. -->","yoast_head_json":{"title":"Prensaestopas Armado BW - Fleximat","robots":{"index":"index","follow":"follow","max-snippet":"max-snippet:-1","max-image-preview":"max-image-preview:large","max-video-preview":"max-video-preview:-1"},"canonical":"https:\/\/www.fleximat.es\/nb\/produkt\/prensaestopas-armado-bw\/","og_locale":"nb_NO","og_type":"article","og_title":"Prensaestopas Armado BW - Fleximat","og_description":"Caracter\u00edsticas    Estanqueidad IP30   Temperatura de trabajo continua -80\u00bac +600 \u00baC","og_url":"https:\/\/www.fleximat.es\/nb\/produkt\/prensaestopas-armado-bw\/","og_site_name":"Fleximat","article_modified_time":"2023-12-04T16:51:37+00:00","og_image":[{"width":700,"height":700,"url":"https:\/\/www.fleximat.es\/wp-content\/uploads\/2023\/10\/th_crop_1571912410prensaestopas-armado-bw-1-2-1.png","type":"image\/png"}],"twitter_card":"summary_large_image","twitter_misc":{"Ansl. lesetid":"1 minutt"},"schema":{"@context":"https:\/\/schema.org","@graph":[{"@type":"WebPage","@id":"https:\/\/www.fleximat.es\/producto\/prensaestopas-armado-bw\/","url":"https:\/\/www.fleximat.es\/producto\/prensaestopas-armado-bw\/","name":"Prensaestopas Armado BW - Fleximat","isPartOf":{"@id":"https:\/\/www.fleximat.es\/bn\/#website"},"datePublished":"2023-10-18T15:54:56+00:00","dateModified":"2023-12-04T16:51:37+00:00","breadcrumb":{"@id":"https:\/\/www.fleximat.es\/producto\/prensaestopas-armado-bw\/#breadcrumb"},"inLanguage":"nb-NO","potentialAction":[{"@type":"ReadAction","target":["https:\/\/www.fleximat.es\/producto\/prensaestopas-armado-bw\/"]}]},{"@type":"BreadcrumbList","@id":"https:\/\/www.fleximat.es\/producto\/prensaestopas-armado-bw\/#breadcrumb","itemListElement":[{"@type":"ListItem","position":1,"name":"Portada","item":"https:\/\/www.fleximat.es\/"},{"@type":"ListItem","position":2,"name":"Productos","item":"https:\/\/www.fleximat.es\/en\/productos\/"},{"@type":"ListItem","position":3,"name":"Prensaestopas Armado BW"}]},{"@type":"WebSite","@id":"https:\/\/www.fleximat.es\/bn\/#website","url":"https:\/\/www.fleximat.es\/bn\/","name":"Fleximat","description":"Tu soluci\u00f3n en prensaestopas y tubos flexibles","publisher":{"@id":"https:\/\/www.fleximat.es\/bn\/#organization"},"potentialAction":[{"@type":"SearchAction","target":{"@type":"EntryPoint","urlTemplate":"https:\/\/www.fleximat.es\/bn\/?s={search_term_string}"},"query-input":"required name=search_term_string"}],"inLanguage":"nb-NO"},{"@type":"Organization","@id":"https:\/\/www.fleximat.es\/bn\/#organization","name":"Fleximat","url":"https:\/\/www.fleximat.es\/bn\/","logo":{"@type":"ImageObject","inLanguage":"nb-NO","@id":"https:\/\/www.fleximat.es\/bn\/#\/schema\/logo\/image\/","url":"https:\/\/www.fleximat.es\/wp-content\/uploads\/2023\/11\/fleximat-logo-1.png","contentUrl":"https:\/\/www.fleximat.es\/wp-content\/uploads\/2023\/11\/fleximat-logo-1.png","width":1169,"height":289,"caption":"Fleximat"},"image":{"@id":"https:\/\/www.fleximat.es\/bn\/#\/schema\/logo\/image\/"}}]}},"taxonomy_info":{"product_cat":[{"value":84,"label":"Prensaestopas y accesorios ATEX"},{"value":86,"label":"Accesorios ATEX"}]},"featured_image_src_large":["https:\/\/www.fleximat.es\/wp-content\/uploads\/2023\/10\/th_crop_1571912410prensaestopas-armado-bw-1-2-1.png",700,700,false],"author_info":[],"comment_info":"","_links":{"self":[{"href":"https:\/\/www.fleximat.es\/nb\/wp-json\/wp\/v2\/product\/1811"}],"collection":[{"href":"https:\/\/www.fleximat.es\/nb\/wp-json\/wp\/v2\/product"}],"about":[{"href":"https:\/\/www.fleximat.es\/nb\/wp-json\/wp\/v2\/types\/product"}],"wp:featuredmedia":[{"embeddable":true,"href":"https:\/\/www.fleximat.es\/nb\/wp-json\/wp\/v2\/media\/3109"}],"wp:attachment":[{"href":"https:\/\/www.fleximat.es\/nb\/wp-json\/wp\/v2\/media?parent=1811"}],"wp:term":[{"taxonomy":"product_cat","embeddable":true,"href":"https:\/\/www.fleximat.es\/nb\/wp-json\/wp\/v2\/product_cat?post=1811"},{"taxonomy":"product_tag","embeddable":true,"href":"https:\/\/www.fleximat.es\/nb\/wp-json\/wp\/v2\/product_tag?post=1811"}],"curies":[{"name":"wp","href":"https:\/\/api.w.org\/{rel}","templated":true}]}}