{"id":1330,"date":"2023-10-10T18:47:04","date_gmt":"2023-10-10T16:47:04","guid":{"rendered":"https:\/\/www.fleximat.es\/?page_id=1330"},"modified":"2023-11-23T10:52:13","modified_gmt":"2023-11-23T09:52:13","slug":"politica-de-cookies","status":"publish","type":"page","link":"https:\/\/www.fleximat.es\/nl\/politica-de-cookies\/","title":{"rendered":"Cookiebeleid"},"content":{"rendered":"<h2 class=\"wp-block-heading\">Wat zijn cookies?<\/h2>\n\n\n\n<p>Cookie is een bestand dat naar uw computer wordt gedownload wanneer u bepaalde webpagina&#039;s bezoekt. Met cookies kan een website onder meer informatie opslaan en ophalen over het surfgedrag van een gebruiker of zijn apparatuur en, afhankelijk van de informatie die ze bevatten en de manier waarop u uw apparatuur gebruikt, kunnen ze worden gebruikt om de gebruiker te herkennen. De browser van de gebruiker slaat cookies alleen tijdens de huidige sessie op de harde schijf op, waardoor minimale geheugenruimte in beslag wordt genomen en de computer niet wordt beschadigd. Cookies bevatten geen specifieke persoonlijke informatie en de meeste worden aan het einde van de browsersessie van de harde schijf verwijderd (zogenaamde sessiecookies).<\/p>\n\n\n\n<p>De meeste browsers accepteren standaard cookies en staan, onafhankelijk daarvan, tijdelijke of opgeslagen cookies toe of voorkomen ze in de beveiligingsinstellingen.<\/p>\n\n\n\n<p>Zonder uw uitdrukkelijke toestemming \u2013 door cookies in uw browser te activeren \u2013 zal deze pagina in cookies de opgeslagen gegevens niet koppelen aan uw persoonlijke gegevens die u hebt verstrekt op het moment van registratie of aankoop.<\/p>\n\n\n\n<p><strong>Welke soorten cookies gebruikt deze website?<\/strong><\/p>\n\n\n\n<ul class=\"wp-block-list\">\n<li>Technische cookies: Dit zijn cookies waarmee de gebruiker door een webpagina, platform of applicatie kan navigeren en de verschillende opties of diensten kan gebruiken die daar bestaan, zoals bijvoorbeeld het controleren van verkeer en datacommunicatie, het identificeren van de sessie, toegang tot beperkte toegang onderdelen, onthoud de elementen waaruit een bestelling bestaat, voer het aankoopproces van een bestelling uit, doe een verzoek tot registratie of deelname aan een evenement, gebruik beveiligingselementen tijdens navigatie, bewaar inhoud voor verspreiding van video&#039;s of geluid of deel inhoud via sociale media netwerken.<\/li>\n\n\n\n<li>Personalisatiecookies: dit zijn cookies waarmee de gebruiker toegang krijgt tot de dienst met een aantal algemene kenmerken die vooraf zijn gedefinieerd op basis van een reeks criteria op de terminal van de gebruiker, zoals de taal, het type browser waarmee de gebruiker toegang heeft tot de dienst. , de landinstelling vanwaar u toegang krijgt tot de dienst, enz.<\/li>\n\n\n\n<li>Analysecookies: dit zijn cookies die, goed behandeld door ons of door derden, ons in staat stellen het aantal gebruikers te kwantificeren en zo de meting en statistische analyse uit te voeren van het gebruik dat gebruikers van de aangeboden dienst maken. Om dit te doen, wordt uw navigatie op onze website geanalyseerd om het aanbod van producten of diensten die wij aanbieden te verbeteren.<\/li>\n\n\n\n<li>Advertentiecookies: dit zijn cookies die, ongeacht of ze door ons of door derden worden behandeld, ons in staat stellen om het aanbod van advertentieruimte op de website op de meest effici\u00ebnte manier te beheren, door de inhoud van de advertentie aan te passen aan de inhoud van de gevraagde dienst of het gebruik dat u maakt van onze website. Om dit te doen, kunnen we uw surfgedrag op internet analyseren en kunnen we u advertenties tonen die verband houden met uw surfprofiel.<\/li>\n\n\n\n<li>Gedragsadvertentiecookies: dit zijn cookies die het beheer op de meest effici\u00ebnte manier mogelijk maken van de advertentieruimtes die, indien van toepassing, de redacteur heeft opgenomen in een webpagina, applicatie of platform van waaruit de gevraagde dienst wordt geleverd. Deze cookies slaan informatie op over het gedrag van gebruikers, verkregen door voortdurende observatie van hun surfgedrag, waardoor een specifiek profiel kan worden ontwikkeld om op basis daarvan advertenties weer te geven.<\/li>\n<\/ul>\n\n\n\n<h2 class=\"wp-block-heading\">Cookies van derden<\/h2>\n\n\n\n<p>Deze website kan gebruik maken van diensten van derden die informatie verzamelen voor statistische doeleinden, het gebruik van de site door de gebruiker en voor het aanbieden van andere diensten gerelateerd aan de activiteit van de website en andere internetdiensten.<\/p>\n\n\n\n<p>Deze website maakt in het bijzonder gebruik van:<\/p>\n\n\n\n<ul class=\"wp-block-list\">\n<li>Koekjes&nbsp;<a href=\"http:\/\/www.google.com\/intl\/es\/analytics\/privacyoverview.html\" target=\"_blank\" rel=\"noreferrer noopener\">Google Analytics<\/a>- worden gebruikt om te analyseren en te meten hoe bezoekers deze website gebruiken. De informatie wordt gebruikt om rapporten op te stellen waarmee we deze site kunnen verbeteren. Zijn<em>koekjes<\/em>anoniem informatie verzamelen, waaronder het aantal bezoekers van de site, hoe ze op de site zijn terechtgekomen en de pagina&#039;s die u hebt bezocht tijdens het surfen op onze website.<\/li>\n\n\n\n<li>Koekjes&nbsp;<a href=\"https:\/\/support.google.com\/youtube\/answer\/2407785?hl=es-419\" target=\"_blank\" rel=\"noreferrer noopener\">YouTube<\/a>: gebruikt om het aantal weergaven te tellen van video&#039;s die op andere websites zijn ingesloten.<\/li>\n\n\n\n<li>Koekjes&nbsp;<a href=\"http:\/\/www.addthis.com\/privacy\" target=\"_blank\" rel=\"noreferrer noopener\">Voeg dit toe<\/a>: is een technologiebedrijf waarmee websites en hun gebruikers eenvoudig inhoud met anderen kunnen delen, via het delen van pictogrammen en sociale bladwijzerbestemmingen. AddThis cookies worden gebruikt om het delen van inhoud mogelijk te maken. AddThis wordt ook gebruikt om informatie te verzamelen over hoe website-inhoud wordt gedeeld. Cookies helpen een gebruiker op unieke wijze te identificeren (hoewel niet persoonlijk, maar op basis van adres), zodat taken niet binnen een bepaalde periode worden herhaald.<\/li>\n\n\n\n<li>Andere personalisatiecookies: Met deze cookies kan de gebruiker bepaalde kenmerken van de algemene opties van de website specificeren of personaliseren. Definieer bijvoorbeeld de taal, regionale instellingen of browsertype.<a href=\"http:\/\/www.addthis.com\/privacy\" target=\"_blank\" rel=\"noreferrer noopener\">Voeg dit toe<\/a><br><a href=\"https:\/\/es-es.facebook.com\/help\/cookies\" target=\"_blank\" rel=\"noreferrer noopener\">Facebook<\/a><br><a href=\"https:\/\/twitter.com\/privacy\" target=\"_blank\" rel=\"noreferrer noopener\">Twitteren<\/a><br><a href=\"http:\/\/www.google.es\/intl\/es\/policies\/technologies\/types\/\" target=\"_blank\" rel=\"noreferrer noopener\">Googlen<\/a><br><a href=\"https:\/\/support.google.com\/youtube\/answer\/2407785?hl=es-419\" target=\"_blank\" rel=\"noreferrer noopener\">YouTube<\/a>Door gebruik te maken van deze Site aanvaardt de Gebruiker uitdrukkelijk de verwerking van de verzamelde informatie op de wijze en voor de hierboven genoemde doeleinden. En u erkent ook dat u op de hoogte bent van de mogelijkheid om de verwerking van dergelijke gegevens of informatie te weigeren door het gebruik van cookies te weigeren door hiervoor de juiste instellingen in uw browser te selecteren. Hoewel deze optie om cookies in uw browser te blokkeren, u mogelijk niet in staat stelt alle functies van de website volledig te gebruiken<\/li>\n<\/ul>\n\n\n\n<p>U kunt cookies die op uw computer zijn ge\u00efnstalleerd toestaan, blokkeren of verwijderen door de opties van de browser die op uw computer is ge\u00efnstalleerd te configureren:<\/p>\n\n\n\n<ul class=\"wp-block-list\">\n<li><a href=\"http:\/\/support.google.com\/chrome\/bin\/answer.py?hl=es&amp;answer=95647\" target=\"_blank\" rel=\"noreferrer noopener\">Chroom<\/a><\/li>\n\n\n\n<li><a href=\"http:\/\/windows.microsoft.com\/es-es\/windows7\/how-to-manage-cookies-in-internet-explorer-9\" target=\"_blank\" rel=\"noreferrer noopener\">ontdekkingsreiziger<\/a><\/li>\n\n\n\n<li><a href=\"http:\/\/support.mozilla.org\/es\/kb\/habilitar-y-deshabilitar-cookies-que-los-sitios-we\" target=\"_blank\" rel=\"noreferrer noopener\">Firefox<\/a><\/li>\n\n\n\n<li><a href=\"http:\/\/support.apple.com\/kb\/ph5042\" target=\"_blank\" rel=\"noreferrer noopener\">Safari<\/a><\/li>\n<\/ul>\n\n\n\n<p>Als u vragen heeft over dit cookiebeleid, kunt u contact met ons opnemen via&nbsp;<a href=\"mailto:comercial@fleximat.es\">comercial@fleximat.es<\/a><\/p>","protected":false},"excerpt":{"rendered":"<p>\u00bfQu\u00e9 son las cookies? Cookie es un fichero que se descarga en su ordenador al acceder a determinadas p\u00e1ginas web. Las cookies permiten a una p\u00e1gina web, entre otras cosas, almacenar y recuperar informaci\u00f3n sobre los h\u00e1bitos de navegaci\u00f3n de un usuario o de su equipo y, dependiendo de la informaci\u00f3n que contengan y de&#8230;<\/p>","protected":false},"author":1,"featured_media":0,"parent":0,"menu_order":17,"comment_status":"closed","ping_status":"closed","template":"","meta":{"_kad_blocks_custom_css":"","_kad_blocks_head_custom_js":"","_kad_blocks_body_custom_js":"","_kad_blocks_footer_custom_js":"","_kadence_starter_templates_imported_post":false,"_kad_post_transparent":"","_kad_post_title":"","_kad_post_layout":"","_kad_post_sidebar_id":"","_kad_post_content_style":"","_kad_post_vertical_padding":"","_kad_post_feature":"","_kad_post_feature_position":"","_kad_post_header":false,"_kad_post_footer":false,"footnotes":""},"class_list":["post-1330","page","type-page","status-publish","hentry"],"yoast_head":"<!-- This site is optimized with the Yoast SEO plugin v21.7 - https:\/\/yoast.com\/wordpress\/plugins\/seo\/ -->\n<title>Pol\u00edtica de Cookies - Fleximat<\/title>\n<meta name=\"robots\" content=\"index, follow, max-snippet:-1, max-image-preview:large, max-video-preview:-1\" \/>\n<link rel=\"canonical\" href=\"https:\/\/www.fleximat.es\/nl\/politica-de-cookies\/\" \/>\n<meta property=\"og:locale\" content=\"nl_NL\" \/>\n<meta property=\"og:type\" content=\"article\" \/>\n<meta property=\"og:title\" content=\"Pol\u00edtica de Cookies - Fleximat\" \/>\n<meta property=\"og:description\" content=\"\u00bfQu\u00e9 son las cookies? Cookie es un fichero que se descarga en su ordenador al acceder a determinadas p\u00e1ginas web. Las cookies permiten a una p\u00e1gina web, entre otras cosas, almacenar y recuperar informaci\u00f3n sobre los h\u00e1bitos de navegaci\u00f3n de un usuario o de su equipo y, dependiendo de la informaci\u00f3n que contengan y de...\" \/>\n<meta property=\"og:url\" content=\"https:\/\/www.fleximat.es\/nl\/politica-de-cookies\/\" \/>\n<meta property=\"og:site_name\" content=\"Fleximat\" \/>\n<meta property=\"article:modified_time\" content=\"2023-11-23T09:52:13+00:00\" \/>\n<meta name=\"twitter:card\" content=\"summary_large_image\" \/>\n<meta name=\"twitter:label1\" content=\"Geschatte leestijd\" \/>\n\t<meta name=\"twitter:data1\" content=\"5 minuten\" \/>\n<script type=\"application\/ld+json\" class=\"yoast-schema-graph\">{\"@context\":\"https:\/\/schema.org\",\"@graph\":[{\"@type\":\"WebPage\",\"@id\":\"https:\/\/www.fleximat.es\/politica-de-cookies\/\",\"url\":\"https:\/\/www.fleximat.es\/politica-de-cookies\/\",\"name\":\"Pol\u00edtica de Cookies - Fleximat\",\"isPartOf\":{\"@id\":\"https:\/\/www.fleximat.es\/bn\/#website\"},\"datePublished\":\"2023-10-10T16:47:04+00:00\",\"dateModified\":\"2023-11-23T09:52:13+00:00\",\"breadcrumb\":{\"@id\":\"https:\/\/www.fleximat.es\/politica-de-cookies\/#breadcrumb\"},\"inLanguage\":\"nl-NL\",\"potentialAction\":[{\"@type\":\"ReadAction\",\"target\":[\"https:\/\/www.fleximat.es\/politica-de-cookies\/\"]}]},{\"@type\":\"BreadcrumbList\",\"@id\":\"https:\/\/www.fleximat.es\/politica-de-cookies\/#breadcrumb\",\"itemListElement\":[{\"@type\":\"ListItem\",\"position\":1,\"name\":\"Portada\",\"item\":\"https:\/\/www.fleximat.es\/\"},{\"@type\":\"ListItem\",\"position\":2,\"name\":\"Pol\u00edtica de Cookies\"}]},{\"@type\":\"WebSite\",\"@id\":\"https:\/\/www.fleximat.es\/bn\/#website\",\"url\":\"https:\/\/www.fleximat.es\/bn\/\",\"name\":\"Fleximat\",\"description\":\"Tu soluci\u00f3n en prensaestopas y tubos flexibles\",\"publisher\":{\"@id\":\"https:\/\/www.fleximat.es\/bn\/#organization\"},\"potentialAction\":[{\"@type\":\"SearchAction\",\"target\":{\"@type\":\"EntryPoint\",\"urlTemplate\":\"https:\/\/www.fleximat.es\/bn\/?s={search_term_string}\"},\"query-input\":\"required name=search_term_string\"}],\"inLanguage\":\"nl-NL\"},{\"@type\":\"Organization\",\"@id\":\"https:\/\/www.fleximat.es\/bn\/#organization\",\"name\":\"Fleximat\",\"url\":\"https:\/\/www.fleximat.es\/bn\/\",\"logo\":{\"@type\":\"ImageObject\",\"inLanguage\":\"nl-NL\",\"@id\":\"https:\/\/www.fleximat.es\/bn\/#\/schema\/logo\/image\/\",\"url\":\"https:\/\/www.fleximat.es\/wp-content\/uploads\/2023\/11\/fleximat-logo-1.png\",\"contentUrl\":\"https:\/\/www.fleximat.es\/wp-content\/uploads\/2023\/11\/fleximat-logo-1.png\",\"width\":1169,\"height\":289,\"caption\":\"Fleximat\"},\"image\":{\"@id\":\"https:\/\/www.fleximat.es\/bn\/#\/schema\/logo\/image\/\"}}]}<\/script>\n<!-- \/ Yoast SEO plugin. -->","yoast_head_json":{"title":"Pol\u00edtica de Cookies - Fleximat","robots":{"index":"index","follow":"follow","max-snippet":"max-snippet:-1","max-image-preview":"max-image-preview:large","max-video-preview":"max-video-preview:-1"},"canonical":"https:\/\/www.fleximat.es\/nl\/politica-de-cookies\/","og_locale":"nl_NL","og_type":"article","og_title":"Pol\u00edtica de Cookies - Fleximat","og_description":"\u00bfQu\u00e9 son las cookies? Cookie es un fichero que se descarga en su ordenador al acceder a determinadas p\u00e1ginas web. Las cookies permiten a una p\u00e1gina web, entre otras cosas, almacenar y recuperar informaci\u00f3n sobre los h\u00e1bitos de navegaci\u00f3n de un usuario o de su equipo y, dependiendo de la informaci\u00f3n que contengan y de...","og_url":"https:\/\/www.fleximat.es\/nl\/politica-de-cookies\/","og_site_name":"Fleximat","article_modified_time":"2023-11-23T09:52:13+00:00","twitter_card":"summary_large_image","twitter_misc":{"Geschatte leestijd":"5 minuten"},"schema":{"@context":"https:\/\/schema.org","@graph":[{"@type":"WebPage","@id":"https:\/\/www.fleximat.es\/politica-de-cookies\/","url":"https:\/\/www.fleximat.es\/politica-de-cookies\/","name":"Pol\u00edtica de Cookies - Fleximat","isPartOf":{"@id":"https:\/\/www.fleximat.es\/bn\/#website"},"datePublished":"2023-10-10T16:47:04+00:00","dateModified":"2023-11-23T09:52:13+00:00","breadcrumb":{"@id":"https:\/\/www.fleximat.es\/politica-de-cookies\/#breadcrumb"},"inLanguage":"nl-NL","potentialAction":[{"@type":"ReadAction","target":["https:\/\/www.fleximat.es\/politica-de-cookies\/"]}]},{"@type":"BreadcrumbList","@id":"https:\/\/www.fleximat.es\/politica-de-cookies\/#breadcrumb","itemListElement":[{"@type":"ListItem","position":1,"name":"Portada","item":"https:\/\/www.fleximat.es\/"},{"@type":"ListItem","position":2,"name":"Pol\u00edtica de Cookies"}]},{"@type":"WebSite","@id":"https:\/\/www.fleximat.es\/bn\/#website","url":"https:\/\/www.fleximat.es\/bn\/","name":"Fleximat","description":"Tu soluci\u00f3n en prensaestopas y tubos flexibles","publisher":{"@id":"https:\/\/www.fleximat.es\/bn\/#organization"},"potentialAction":[{"@type":"SearchAction","target":{"@type":"EntryPoint","urlTemplate":"https:\/\/www.fleximat.es\/bn\/?s={search_term_string}"},"query-input":"required name=search_term_string"}],"inLanguage":"nl-NL"},{"@type":"Organization","@id":"https:\/\/www.fleximat.es\/bn\/#organization","name":"Fleximat","url":"https:\/\/www.fleximat.es\/bn\/","logo":{"@type":"ImageObject","inLanguage":"nl-NL","@id":"https:\/\/www.fleximat.es\/bn\/#\/schema\/logo\/image\/","url":"https:\/\/www.fleximat.es\/wp-content\/uploads\/2023\/11\/fleximat-logo-1.png","contentUrl":"https:\/\/www.fleximat.es\/wp-content\/uploads\/2023\/11\/fleximat-logo-1.png","width":1169,"height":289,"caption":"Fleximat"},"image":{"@id":"https:\/\/www.fleximat.es\/bn\/#\/schema\/logo\/image\/"}}]}},"taxonomy_info":[],"featured_image_src_large":false,"author_info":{"display_name":"eloi","author_link":"https:\/\/www.fleximat.es\/nl\/author\/eloi\/"},"comment_info":0,"_links":{"self":[{"href":"https:\/\/www.fleximat.es\/nl\/wp-json\/wp\/v2\/pages\/1330"}],"collection":[{"href":"https:\/\/www.fleximat.es\/nl\/wp-json\/wp\/v2\/pages"}],"about":[{"href":"https:\/\/www.fleximat.es\/nl\/wp-json\/wp\/v2\/types\/page"}],"author":[{"embeddable":true,"href":"https:\/\/www.fleximat.es\/nl\/wp-json\/wp\/v2\/users\/1"}],"replies":[{"embeddable":true,"href":"https:\/\/www.fleximat.es\/nl\/wp-json\/wp\/v2\/comments?post=1330"}],"version-history":[{"count":0,"href":"https:\/\/www.fleximat.es\/nl\/wp-json\/wp\/v2\/pages\/1330\/revisions"}],"wp:attachment":[{"href":"https:\/\/www.fleximat.es\/nl\/wp-json\/wp\/v2\/media?parent=1330"}],"curies":[{"name":"wp","href":"https:\/\/api.w.org\/{rel}","templated":true}]}}