{"id":1573,"date":"2023-10-18T17:52:53","date_gmt":"2023-10-18T15:52:53","guid":{"rendered":"https:\/\/www.fleximat.es\/?post_type=product&#038;p=1573"},"modified":"2023-10-25T09:33:15","modified_gmt":"2023-10-25T07:33:15","slug":"prensaestopas-metrica-antitorsion-metalico-ip-68","status":"publish","type":"product","link":"https:\/\/www.fleximat.es\/nl\/product\/prensaestopas-metrica-antitorsion-metalico-ip-68\/","title":{"rendered":"Metrische anti-torsie metalen kabelwartels IP-68"},"content":{"rendered":"<h4>Eigenschappen<\/h4>\n<p>Met spiraaltop voor buigweerstand<br \/>\nVoor zeer mobiele flexibele kabels<br \/>\nEenvoudig te monteren<br \/>\nHalogeenvrij<\/p>\n<h3>Product beschrijving<\/h3>\n<p><span style=\"font-weight: 400;\">Een metalen anti-twist kabelwartel is een speciaal type kabelwartel voor toepassingen waarbij de op de kabelwartel aangesloten kabel continu in beweging is.<\/span><\/p>\n<p><span style=\"font-weight: 400;\">Dankzij het kapontwerp beschermt de metalen kabelwartel tegen verdraaien het eerste deel van de kabel en biedt beveiliging tegen bewegingen en wrijving die kunnen voortvloeien uit de werking van de apparatuur.\u00a0<\/span><\/p>\n<p>De pakkingbussen <span style=\"font-weight: 400;\">Metallic anti-twist heeft een uitstekende mechanische weerstand.<\/span><\/p>\n<p><span style=\"font-weight: 400;\">Trekvaste kabelwartels bestaan in een groot aantal maten en soorten schroefdraad, evenals configuraties voor specifieke toepassingen per sector. Ze zijn gemaakt van Polyamide 6, een materiaal dat tegelijkertijd mobiliteit en bescherming biedt.<\/span><\/p>\n<p><span style=\"font-weight: 400;\">Kabelwartels worden gebruikt in elk type installatie, machine of uitrusting die een continue elektrische voeding vereist en die verantwoordelijk is voor het garanderen van de aansluiting ervan.<\/span><\/p>\n<div class=\"table-responsive\">\n<table class=\"table table-bordered table-striped\" width=\"545\">\n<thead>\n<tr>\n<td>Draad<\/td>\n<td>Code<\/td>\n<td>Hm<\/td>\n<td>GL mm<\/td>\n<td>dmm<\/td>\n<td>b mm<\/td>\n<td>c mm<\/td>\n<td>mm<\/td>\n<\/tr>\n<\/thead>\n<tbody>\n<tr>\n<td>M12 x 1,5<\/td>\n<td>STCG 01<\/td>\n<td>55<\/td>\n<td>6<\/td>\n<td>6,8<\/td>\n<td>14<\/td>\n<td>14<\/td>\n<td>3 &#8211; 6,5<\/td>\n<\/tr>\n<tr>\n<td>M16 x 1,5<\/td>\n<td>STCG 02<\/td>\n<td>66<\/td>\n<td>7<\/td>\n<td>8,2<\/td>\n<td>18<\/td>\n<td>17<\/td>\n<td>4 &#8211; 8<\/td>\n<\/tr>\n<tr>\n<td>M20 x 1,5<\/td>\n<td>STCG 03<\/td>\n<td>88<\/td>\n<td>8<\/td>\n<td>12,3<\/td>\n<td>22<\/td>\n<td>22<\/td>\n<td>6 &#8211; 12<\/td>\n<\/tr>\n<tr>\n<td>M25 x 1,5<\/td>\n<td>STCG 04<\/td>\n<td>98<\/td>\n<td>8<\/td>\n<td>14,3<\/td>\n<td>27<\/td>\n<td>24<\/td>\n<td>10 &#8211; 14<\/td>\n<\/tr>\n<tr>\n<td>M32 x 1,5<\/td>\n<td>STCG 05<\/td>\n<td>111<\/td>\n<td>9<\/td>\n<td>18,4<\/td>\n<td>34<\/td>\n<td>30<\/td>\n<td>13 &#8211; 18<\/td>\n<\/tr>\n<\/tbody>\n<\/table>\n<\/div>","protected":false},"excerpt":{"rendered":"<h3>Kenmerken<\/h3>\n<table>\n<tbody>\n<tr>\n<td><strong>Kap<\/strong><\/td>\n<td>Vernikkeld messing<\/td>\n<\/tr>\n<tr>\n<td><strong>Afdichtende pakking<\/strong><\/td>\n<td>POS<\/td>\n<\/tr>\n<tr>\n<td><strong>O-ring<\/strong><\/td>\n<td>NBR<\/td>\n<\/tr>\n<tr>\n<td><strong>Draadtype<\/strong><\/td>\n<td>Metrisch (EN 60423)<\/td>\n<\/tr>\n<tr>\n<td><strong>Strakheid<\/strong><\/td>\n<td>IP68<\/td>\n<\/tr>\n<tr>\n<td><strong>Continue werktemperatuur<\/strong><\/td>\n<td>-40\u00baC +100\u00baC<\/td>\n<\/tr>\n<\/tbody>\n<\/table>","protected":false},"featured_media":1594,"template":"","meta":{"_kad_blocks_custom_css":"","_kad_blocks_head_custom_js":"","_kad_blocks_body_custom_js":"","_kad_blocks_footer_custom_js":"","_kadence_starter_templates_imported_post":false,"_kad_post_transparent":"default","_kad_post_title":"","_kad_post_layout":"default","_kad_post_sidebar_id":"","_kad_post_content_style":"default","_kad_post_vertical_padding":"default","_kad_post_feature":"","_kad_post_feature_position":"","_kad_post_header":false,"_kad_post_footer":false},"product_cat":[31,56],"product_tag":[],"class_list":{"0":"post-1573","1":"product","2":"type-product","3":"status-publish","4":"has-post-thumbnail","6":"product_cat-prensaestopas-y-accesorios-metalicos","7":"product_cat-prensaestopas-metalico-ip-68-antitorsion","9":"first","10":"instock","11":"shipping-taxable","12":"product-type-simple","13":"entry","14":"content-bg","15":"loop-entry"},"yoast_head":"<!-- This site is optimized with the Yoast SEO plugin v21.7 - https:\/\/yoast.com\/wordpress\/plugins\/seo\/ -->\n<title>Prensaestopas M\u00e9trica Antitorsi\u00f3n Met\u00e1lico IP-68 - Fleximat<\/title>\n<meta name=\"robots\" content=\"index, follow, max-snippet:-1, max-image-preview:large, max-video-preview:-1\" \/>\n<link rel=\"canonical\" href=\"https:\/\/www.fleximat.es\/nl\/product\/prensaestopas-metrica-antitorsion-metalico-ip-68\/\" \/>\n<meta property=\"og:locale\" content=\"nl_NL\" \/>\n<meta property=\"og:type\" content=\"article\" \/>\n<meta property=\"og:title\" content=\"Prensaestopas M\u00e9trica Antitorsi\u00f3n Met\u00e1lico IP-68 - Fleximat\" \/>\n<meta property=\"og:description\" content=\"Caracter\u00edsticas    Sombrerete Lat\u00f3n Niquelado   Junta de sellado TPV   Junta t\u00f3rica NBR   Tipo de Rosca M\u00e9trica (EN 60423)   Estanqueidad IP68   Temperatura de trabajo continua -40 \u00baC +100 \u00baC\" \/>\n<meta property=\"og:url\" content=\"https:\/\/www.fleximat.es\/nl\/product\/prensaestopas-metrica-antitorsion-metalico-ip-68\/\" \/>\n<meta property=\"og:site_name\" content=\"Fleximat\" \/>\n<meta property=\"article:modified_time\" content=\"2023-10-25T07:33:15+00:00\" \/>\n<meta property=\"og:image\" content=\"https:\/\/www.fleximat.es\/wp-content\/uploads\/2023\/10\/th_crop_1571844996prensaestopa-metalico-antitorsion-1.jpg\" \/>\n\t<meta property=\"og:image:width\" content=\"600\" \/>\n\t<meta property=\"og:image:height\" content=\"600\" \/>\n\t<meta property=\"og:image:type\" content=\"image\/jpeg\" \/>\n<meta name=\"twitter:card\" content=\"summary_large_image\" \/>\n<meta name=\"twitter:label1\" content=\"Geschatte leestijd\" \/>\n\t<meta name=\"twitter:data1\" content=\"1 minuut\" \/>\n<script type=\"application\/ld+json\" class=\"yoast-schema-graph\">{\"@context\":\"https:\/\/schema.org\",\"@graph\":[{\"@type\":\"WebPage\",\"@id\":\"https:\/\/www.fleximat.es\/producto\/prensaestopas-metrica-antitorsion-metalico-ip-68\/\",\"url\":\"https:\/\/www.fleximat.es\/producto\/prensaestopas-metrica-antitorsion-metalico-ip-68\/\",\"name\":\"Prensaestopas M\u00e9trica Antitorsi\u00f3n Met\u00e1lico IP-68 - Fleximat\",\"isPartOf\":{\"@id\":\"https:\/\/www.fleximat.es\/bn\/#website\"},\"datePublished\":\"2023-10-18T15:52:53+00:00\",\"dateModified\":\"2023-10-25T07:33:15+00:00\",\"breadcrumb\":{\"@id\":\"https:\/\/www.fleximat.es\/producto\/prensaestopas-metrica-antitorsion-metalico-ip-68\/#breadcrumb\"},\"inLanguage\":\"nl-NL\",\"potentialAction\":[{\"@type\":\"ReadAction\",\"target\":[\"https:\/\/www.fleximat.es\/producto\/prensaestopas-metrica-antitorsion-metalico-ip-68\/\"]}]},{\"@type\":\"BreadcrumbList\",\"@id\":\"https:\/\/www.fleximat.es\/producto\/prensaestopas-metrica-antitorsion-metalico-ip-68\/#breadcrumb\",\"itemListElement\":[{\"@type\":\"ListItem\",\"position\":1,\"name\":\"Portada\",\"item\":\"https:\/\/www.fleximat.es\/\"},{\"@type\":\"ListItem\",\"position\":2,\"name\":\"Productos\",\"item\":\"https:\/\/www.fleximat.es\/en\/productos\/\"},{\"@type\":\"ListItem\",\"position\":3,\"name\":\"Prensaestopas M\u00e9trica Antitorsi\u00f3n Met\u00e1lico IP-68\"}]},{\"@type\":\"WebSite\",\"@id\":\"https:\/\/www.fleximat.es\/bn\/#website\",\"url\":\"https:\/\/www.fleximat.es\/bn\/\",\"name\":\"Fleximat\",\"description\":\"Tu soluci\u00f3n en prensaestopas y tubos flexibles\",\"publisher\":{\"@id\":\"https:\/\/www.fleximat.es\/bn\/#organization\"},\"potentialAction\":[{\"@type\":\"SearchAction\",\"target\":{\"@type\":\"EntryPoint\",\"urlTemplate\":\"https:\/\/www.fleximat.es\/bn\/?s={search_term_string}\"},\"query-input\":\"required name=search_term_string\"}],\"inLanguage\":\"nl-NL\"},{\"@type\":\"Organization\",\"@id\":\"https:\/\/www.fleximat.es\/bn\/#organization\",\"name\":\"Fleximat\",\"url\":\"https:\/\/www.fleximat.es\/bn\/\",\"logo\":{\"@type\":\"ImageObject\",\"inLanguage\":\"nl-NL\",\"@id\":\"https:\/\/www.fleximat.es\/bn\/#\/schema\/logo\/image\/\",\"url\":\"https:\/\/www.fleximat.es\/wp-content\/uploads\/2023\/11\/fleximat-logo-1.png\",\"contentUrl\":\"https:\/\/www.fleximat.es\/wp-content\/uploads\/2023\/11\/fleximat-logo-1.png\",\"width\":1169,\"height\":289,\"caption\":\"Fleximat\"},\"image\":{\"@id\":\"https:\/\/www.fleximat.es\/bn\/#\/schema\/logo\/image\/\"}}]}<\/script>\n<!-- \/ Yoast SEO plugin. -->","yoast_head_json":{"title":"Prensaestopas M\u00e9trica Antitorsi\u00f3n Met\u00e1lico IP-68 - Fleximat","robots":{"index":"index","follow":"follow","max-snippet":"max-snippet:-1","max-image-preview":"max-image-preview:large","max-video-preview":"max-video-preview:-1"},"canonical":"https:\/\/www.fleximat.es\/nl\/product\/prensaestopas-metrica-antitorsion-metalico-ip-68\/","og_locale":"nl_NL","og_type":"article","og_title":"Prensaestopas M\u00e9trica Antitorsi\u00f3n Met\u00e1lico IP-68 - Fleximat","og_description":"Caracter\u00edsticas    Sombrerete Lat\u00f3n Niquelado   Junta de sellado TPV   Junta t\u00f3rica NBR   Tipo de Rosca M\u00e9trica (EN 60423)   Estanqueidad IP68   Temperatura de trabajo continua -40 \u00baC +100 \u00baC","og_url":"https:\/\/www.fleximat.es\/nl\/product\/prensaestopas-metrica-antitorsion-metalico-ip-68\/","og_site_name":"Fleximat","article_modified_time":"2023-10-25T07:33:15+00:00","og_image":[{"width":600,"height":600,"url":"https:\/\/www.fleximat.es\/wp-content\/uploads\/2023\/10\/th_crop_1571844996prensaestopa-metalico-antitorsion-1.jpg","type":"image\/jpeg"}],"twitter_card":"summary_large_image","twitter_misc":{"Geschatte leestijd":"1 minuut"},"schema":{"@context":"https:\/\/schema.org","@graph":[{"@type":"WebPage","@id":"https:\/\/www.fleximat.es\/producto\/prensaestopas-metrica-antitorsion-metalico-ip-68\/","url":"https:\/\/www.fleximat.es\/producto\/prensaestopas-metrica-antitorsion-metalico-ip-68\/","name":"Prensaestopas M\u00e9trica Antitorsi\u00f3n Met\u00e1lico IP-68 - Fleximat","isPartOf":{"@id":"https:\/\/www.fleximat.es\/bn\/#website"},"datePublished":"2023-10-18T15:52:53+00:00","dateModified":"2023-10-25T07:33:15+00:00","breadcrumb":{"@id":"https:\/\/www.fleximat.es\/producto\/prensaestopas-metrica-antitorsion-metalico-ip-68\/#breadcrumb"},"inLanguage":"nl-NL","potentialAction":[{"@type":"ReadAction","target":["https:\/\/www.fleximat.es\/producto\/prensaestopas-metrica-antitorsion-metalico-ip-68\/"]}]},{"@type":"BreadcrumbList","@id":"https:\/\/www.fleximat.es\/producto\/prensaestopas-metrica-antitorsion-metalico-ip-68\/#breadcrumb","itemListElement":[{"@type":"ListItem","position":1,"name":"Portada","item":"https:\/\/www.fleximat.es\/"},{"@type":"ListItem","position":2,"name":"Productos","item":"https:\/\/www.fleximat.es\/en\/productos\/"},{"@type":"ListItem","position":3,"name":"Prensaestopas M\u00e9trica Antitorsi\u00f3n Met\u00e1lico IP-68"}]},{"@type":"WebSite","@id":"https:\/\/www.fleximat.es\/bn\/#website","url":"https:\/\/www.fleximat.es\/bn\/","name":"Fleximat","description":"Tu soluci\u00f3n en prensaestopas y tubos flexibles","publisher":{"@id":"https:\/\/www.fleximat.es\/bn\/#organization"},"potentialAction":[{"@type":"SearchAction","target":{"@type":"EntryPoint","urlTemplate":"https:\/\/www.fleximat.es\/bn\/?s={search_term_string}"},"query-input":"required name=search_term_string"}],"inLanguage":"nl-NL"},{"@type":"Organization","@id":"https:\/\/www.fleximat.es\/bn\/#organization","name":"Fleximat","url":"https:\/\/www.fleximat.es\/bn\/","logo":{"@type":"ImageObject","inLanguage":"nl-NL","@id":"https:\/\/www.fleximat.es\/bn\/#\/schema\/logo\/image\/","url":"https:\/\/www.fleximat.es\/wp-content\/uploads\/2023\/11\/fleximat-logo-1.png","contentUrl":"https:\/\/www.fleximat.es\/wp-content\/uploads\/2023\/11\/fleximat-logo-1.png","width":1169,"height":289,"caption":"Fleximat"},"image":{"@id":"https:\/\/www.fleximat.es\/bn\/#\/schema\/logo\/image\/"}}]}},"taxonomy_info":{"product_cat":[{"value":31,"label":"Prensaestopas y accesorios met\u00e1licos"},{"value":56,"label":"Prensaestopas Met\u00e1lico IP-68 Antitorsi\u00f3n"}]},"featured_image_src_large":["https:\/\/www.fleximat.es\/wp-content\/uploads\/2023\/10\/th_crop_1571844996prensaestopa-metalico-antitorsion-1.jpg",600,600,false],"author_info":[],"comment_info":"","_links":{"self":[{"href":"https:\/\/www.fleximat.es\/nl\/wp-json\/wp\/v2\/product\/1573"}],"collection":[{"href":"https:\/\/www.fleximat.es\/nl\/wp-json\/wp\/v2\/product"}],"about":[{"href":"https:\/\/www.fleximat.es\/nl\/wp-json\/wp\/v2\/types\/product"}],"wp:featuredmedia":[{"embeddable":true,"href":"https:\/\/www.fleximat.es\/nl\/wp-json\/wp\/v2\/media\/1594"}],"wp:attachment":[{"href":"https:\/\/www.fleximat.es\/nl\/wp-json\/wp\/v2\/media?parent=1573"}],"wp:term":[{"taxonomy":"product_cat","embeddable":true,"href":"https:\/\/www.fleximat.es\/nl\/wp-json\/wp\/v2\/product_cat?post=1573"},{"taxonomy":"product_tag","embeddable":true,"href":"https:\/\/www.fleximat.es\/nl\/wp-json\/wp\/v2\/product_tag?post=1573"}],"curies":[{"name":"wp","href":"https:\/\/api.w.org\/{rel}","templated":true}]}}