{"id":1613,"date":"2023-10-18T17:53:14","date_gmt":"2023-10-18T15:53:14","guid":{"rendered":"https:\/\/www.fleximat.es\/?post_type=product&#038;p=1613"},"modified":"2023-12-03T13:10:34","modified_gmt":"2023-12-03T12:10:34","slug":"prensaestopas-a2-pg-metalico-ip-54","status":"publish","type":"product","link":"https:\/\/www.fleximat.es\/nl\/product\/prensaestopas-a2-pg-metalico-ip-54\/","title":{"rendered":"Kabelwartel A2 PG Metaal IP-54"},"content":{"rendered":"<h4>Eigenschappen<\/h4>\n<p>Grote mechanische stabiliteit<br \/>\nOptimale kabelaanspanning<br \/>\nEenvoudig te monteren[<br \/>\nVersie met lange draad<br \/>\nHalogeenvrij<\/p>\n<h3>Product beschrijving<\/h3>\n<p>Een metalen kabelwartel is een stuk waarmee aan het ene uiteinde een drukafdichting kan worden gemaakt, terwijl de verbinding met het andere uiteinde wordt verzekerd met behulp van een buitendraad.<\/p>\n<p>Metalen kabelwartels bieden een grote diversiteit aan eigenschappen, zowel mechanisch, chemisch als prestatiegericht. De kabelwartels zijn snel te monteren en eenvoudig te installeren. Ze hebben een breed werktemperatuurbereik.<\/p>\n<p>Mechanisch gezien zijn ze bestand tegen en absorberen ze elke vorm van trekkracht, trillingen en schokken.<\/p>\n<p>De A2 Metric Metallic IP-54 kabelwartel is een oudere versie met een ouder ontwerp dan het nieuwe model.<\/p>\n<div class=\"table-responsive\">\n<table class=\"table table-bordered table-striped\">\n<thead>\n<tr>\n<td>Draad<\/td>\n<td>Code<\/td>\n<td>Hm<\/td>\n<td>GL mm<\/td>\n<td>mm<\/td>\n<td>mm<\/td>\n<\/tr>\n<\/thead>\n<tbody>\n<tr>\n<td>PG 7<\/td>\n<td>DOPR 01<\/td>\n<td>16<\/td>\n<td>5<\/td>\n<td>14<\/td>\n<td>3,5 &#8211; 6<\/td>\n<\/tr>\n<tr>\n<td>PG 9<\/td>\n<td>DOPR 02<\/td>\n<td>17<\/td>\n<td>6<\/td>\n<td>17<\/td>\n<td>4,5 &#8211; 7<\/td>\n<\/tr>\n<tr>\n<td>PG 11<\/td>\n<td>DOPR 03<\/td>\n<td>18<\/td>\n<td>6<\/td>\n<td>20<\/td>\n<td>6 &#8211; 9<\/td>\n<\/tr>\n<tr>\n<td>GP 13.5<\/td>\n<td>DOPR 04<\/td>\n<td>19<\/td>\n<td>6,5<\/td>\n<td>22<\/td>\n<td>9 &#8211; 12<\/td>\n<\/tr>\n<tr>\n<td>PG 16<\/td>\n<td>DOPR 05<\/td>\n<td>20,5<\/td>\n<td>6,5<\/td>\n<td>24<\/td>\n<td>11 &#8211; 14<\/td>\n<\/tr>\n<tr>\n<td>PG 21<\/td>\n<td>DOP 06<\/td>\n<td>22,5<\/td>\n<td>7<\/td>\n<td>30<\/td>\n<td>14 &#8211; 18<\/td>\n<\/tr>\n<tr>\n<td>PG 29<\/td>\n<td>DOPR 07<\/td>\n<td>25<\/td>\n<td>8<\/td>\n<td>40<\/td>\n<td>18 &#8211; 25<\/td>\n<\/tr>\n<tr>\n<td>PG 36<\/td>\n<td>DOPR 08<\/td>\n<td>30<\/td>\n<td>8<\/td>\n<td>50<\/td>\n<td>25 &#8211; 32<\/td>\n<\/tr>\n<tr>\n<td>PG 42<\/td>\n<td>DOPR 09<\/td>\n<td>34<\/td>\n<td>9<\/td>\n<td>60<\/td>\n<td>30 &#8211; 38<\/td>\n<\/tr>\n<tr>\n<td>PG 48<\/td>\n<td>DOPR 10<\/td>\n<td>47<\/td>\n<td>15<\/td>\n<td>70<\/td>\n<td>38 &#8211; 44<\/td>\n<\/tr>\n<tr>\n<td>PG 48<\/td>\n<td>DOPR 11<\/td>\n<td>47<\/td>\n<td>15<\/td>\n<td>70<\/td>\n<td>40 &#8211; 49<\/td>\n<\/tr>\n<\/tbody>\n<\/table>\n<\/div>","protected":false},"excerpt":{"rendered":"<h3>Kenmerken<\/h3>\n<table>\n<tbody>\n<tr>\n<td><strong>Kap<\/strong><\/td>\n<td>Vernikkeld messing<\/td>\n<\/tr>\n<tr>\n<td><strong>Afdichtende pakking<\/strong><\/td>\n<td>POS<\/td>\n<\/tr>\n<tr>\n<td><strong>O-ring<\/strong><\/td>\n<td>NBR<\/td>\n<\/tr>\n<tr>\n<td><strong>Draadtype<\/strong><\/td>\n<td>Metrisch (EN 60423)<\/td>\n<\/tr>\n<tr>\n<td><strong>Strakheid<\/strong><\/td>\n<td>IP54<\/td>\n<\/tr>\n<tr>\n<td><strong>Continue werktemperatuur<\/strong><\/td>\n<td>-40 \u00baC +100 \u00baC +150 \u00baC (tijdelijk)<\/td>\n<\/tr>\n<\/tbody>\n<\/table>","protected":false},"featured_media":3081,"template":"","meta":{"_kad_blocks_custom_css":"","_kad_blocks_head_custom_js":"","_kad_blocks_body_custom_js":"","_kad_blocks_footer_custom_js":"","_kadence_starter_templates_imported_post":false,"_kad_post_transparent":"default","_kad_post_title":"","_kad_post_layout":"default","_kad_post_sidebar_id":"","_kad_post_content_style":"default","_kad_post_vertical_padding":"default","_kad_post_feature":"","_kad_post_feature_position":"","_kad_post_header":false,"_kad_post_footer":false},"product_cat":[31,64],"product_tag":[],"class_list":{"0":"post-1613","1":"product","2":"type-product","3":"status-publish","4":"has-post-thumbnail","6":"product_cat-prensaestopas-y-accesorios-metalicos","7":"product_cat-prensaestopas-metalico-ip-54","9":"first","10":"instock","11":"shipping-taxable","12":"product-type-simple","13":"entry","14":"content-bg","15":"loop-entry"},"yoast_head":"<!-- This site is optimized with the Yoast SEO plugin v21.7 - https:\/\/yoast.com\/wordpress\/plugins\/seo\/ -->\n<title>Prensaestopas A2 PG Met\u00e1lico IP-54 - Fleximat<\/title>\n<meta name=\"robots\" content=\"index, follow, max-snippet:-1, max-image-preview:large, max-video-preview:-1\" \/>\n<link rel=\"canonical\" href=\"https:\/\/www.fleximat.es\/nl\/product\/prensaestopas-a2-pg-metalico-ip-54\/\" \/>\n<meta property=\"og:locale\" content=\"nl_NL\" \/>\n<meta property=\"og:type\" content=\"article\" \/>\n<meta property=\"og:title\" content=\"Prensaestopas A2 PG Met\u00e1lico IP-54 - Fleximat\" \/>\n<meta property=\"og:description\" content=\"Caracter\u00edsticas    Sombrerete Lat\u00f3n Niquelado   Junta de sellado TPV   Junta t\u00f3rica NBR   Tipo de Rosca M\u00e9trica (EN 60423)   Estanqueidad IP54   Temperatura de trabajo continua -40 \u00baC +100 \u00baC +150 \u00baC (temporal)\" \/>\n<meta property=\"og:url\" content=\"https:\/\/www.fleximat.es\/nl\/product\/prensaestopas-a2-pg-metalico-ip-54\/\" \/>\n<meta property=\"og:site_name\" content=\"Fleximat\" \/>\n<meta property=\"article:modified_time\" content=\"2023-12-03T12:10:34+00:00\" \/>\n<meta property=\"og:image\" content=\"https:\/\/www.fleximat.es\/wp-content\/uploads\/2023\/12\/th_crop_1571905478prensa-metalico-ip-54.png\" \/>\n\t<meta property=\"og:image:width\" content=\"600\" \/>\n\t<meta property=\"og:image:height\" content=\"600\" \/>\n\t<meta property=\"og:image:type\" content=\"image\/png\" \/>\n<meta name=\"twitter:card\" content=\"summary_large_image\" \/>\n<meta name=\"twitter:label1\" content=\"Geschatte leestijd\" \/>\n\t<meta name=\"twitter:data1\" content=\"1 minuut\" \/>\n<script type=\"application\/ld+json\" class=\"yoast-schema-graph\">{\"@context\":\"https:\/\/schema.org\",\"@graph\":[{\"@type\":\"WebPage\",\"@id\":\"https:\/\/www.fleximat.es\/producto\/prensaestopas-a2-pg-metalico-ip-54\/\",\"url\":\"https:\/\/www.fleximat.es\/producto\/prensaestopas-a2-pg-metalico-ip-54\/\",\"name\":\"Prensaestopas A2 PG Met\u00e1lico IP-54 - Fleximat\",\"isPartOf\":{\"@id\":\"https:\/\/www.fleximat.es\/bn\/#website\"},\"datePublished\":\"2023-10-18T15:53:14+00:00\",\"dateModified\":\"2023-12-03T12:10:34+00:00\",\"breadcrumb\":{\"@id\":\"https:\/\/www.fleximat.es\/producto\/prensaestopas-a2-pg-metalico-ip-54\/#breadcrumb\"},\"inLanguage\":\"nl-NL\",\"potentialAction\":[{\"@type\":\"ReadAction\",\"target\":[\"https:\/\/www.fleximat.es\/producto\/prensaestopas-a2-pg-metalico-ip-54\/\"]}]},{\"@type\":\"BreadcrumbList\",\"@id\":\"https:\/\/www.fleximat.es\/producto\/prensaestopas-a2-pg-metalico-ip-54\/#breadcrumb\",\"itemListElement\":[{\"@type\":\"ListItem\",\"position\":1,\"name\":\"Portada\",\"item\":\"https:\/\/www.fleximat.es\/\"},{\"@type\":\"ListItem\",\"position\":2,\"name\":\"Productos\",\"item\":\"https:\/\/www.fleximat.es\/en\/productos\/\"},{\"@type\":\"ListItem\",\"position\":3,\"name\":\"Prensaestopas A2 PG Met\u00e1lico IP-54\"}]},{\"@type\":\"WebSite\",\"@id\":\"https:\/\/www.fleximat.es\/bn\/#website\",\"url\":\"https:\/\/www.fleximat.es\/bn\/\",\"name\":\"Fleximat\",\"description\":\"Tu soluci\u00f3n en prensaestopas y tubos flexibles\",\"publisher\":{\"@id\":\"https:\/\/www.fleximat.es\/bn\/#organization\"},\"potentialAction\":[{\"@type\":\"SearchAction\",\"target\":{\"@type\":\"EntryPoint\",\"urlTemplate\":\"https:\/\/www.fleximat.es\/bn\/?s={search_term_string}\"},\"query-input\":\"required name=search_term_string\"}],\"inLanguage\":\"nl-NL\"},{\"@type\":\"Organization\",\"@id\":\"https:\/\/www.fleximat.es\/bn\/#organization\",\"name\":\"Fleximat\",\"url\":\"https:\/\/www.fleximat.es\/bn\/\",\"logo\":{\"@type\":\"ImageObject\",\"inLanguage\":\"nl-NL\",\"@id\":\"https:\/\/www.fleximat.es\/bn\/#\/schema\/logo\/image\/\",\"url\":\"https:\/\/www.fleximat.es\/wp-content\/uploads\/2023\/11\/fleximat-logo-1.png\",\"contentUrl\":\"https:\/\/www.fleximat.es\/wp-content\/uploads\/2023\/11\/fleximat-logo-1.png\",\"width\":1169,\"height\":289,\"caption\":\"Fleximat\"},\"image\":{\"@id\":\"https:\/\/www.fleximat.es\/bn\/#\/schema\/logo\/image\/\"}}]}<\/script>\n<!-- \/ Yoast SEO plugin. -->","yoast_head_json":{"title":"Prensaestopas A2 PG Met\u00e1lico IP-54 - Fleximat","robots":{"index":"index","follow":"follow","max-snippet":"max-snippet:-1","max-image-preview":"max-image-preview:large","max-video-preview":"max-video-preview:-1"},"canonical":"https:\/\/www.fleximat.es\/nl\/product\/prensaestopas-a2-pg-metalico-ip-54\/","og_locale":"nl_NL","og_type":"article","og_title":"Prensaestopas A2 PG Met\u00e1lico IP-54 - Fleximat","og_description":"Caracter\u00edsticas    Sombrerete Lat\u00f3n Niquelado   Junta de sellado TPV   Junta t\u00f3rica NBR   Tipo de Rosca M\u00e9trica (EN 60423)   Estanqueidad IP54   Temperatura de trabajo continua -40 \u00baC +100 \u00baC +150 \u00baC (temporal)","og_url":"https:\/\/www.fleximat.es\/nl\/product\/prensaestopas-a2-pg-metalico-ip-54\/","og_site_name":"Fleximat","article_modified_time":"2023-12-03T12:10:34+00:00","og_image":[{"width":600,"height":600,"url":"https:\/\/www.fleximat.es\/wp-content\/uploads\/2023\/12\/th_crop_1571905478prensa-metalico-ip-54.png","type":"image\/png"}],"twitter_card":"summary_large_image","twitter_misc":{"Geschatte leestijd":"1 minuut"},"schema":{"@context":"https:\/\/schema.org","@graph":[{"@type":"WebPage","@id":"https:\/\/www.fleximat.es\/producto\/prensaestopas-a2-pg-metalico-ip-54\/","url":"https:\/\/www.fleximat.es\/producto\/prensaestopas-a2-pg-metalico-ip-54\/","name":"Prensaestopas A2 PG Met\u00e1lico IP-54 - Fleximat","isPartOf":{"@id":"https:\/\/www.fleximat.es\/bn\/#website"},"datePublished":"2023-10-18T15:53:14+00:00","dateModified":"2023-12-03T12:10:34+00:00","breadcrumb":{"@id":"https:\/\/www.fleximat.es\/producto\/prensaestopas-a2-pg-metalico-ip-54\/#breadcrumb"},"inLanguage":"nl-NL","potentialAction":[{"@type":"ReadAction","target":["https:\/\/www.fleximat.es\/producto\/prensaestopas-a2-pg-metalico-ip-54\/"]}]},{"@type":"BreadcrumbList","@id":"https:\/\/www.fleximat.es\/producto\/prensaestopas-a2-pg-metalico-ip-54\/#breadcrumb","itemListElement":[{"@type":"ListItem","position":1,"name":"Portada","item":"https:\/\/www.fleximat.es\/"},{"@type":"ListItem","position":2,"name":"Productos","item":"https:\/\/www.fleximat.es\/en\/productos\/"},{"@type":"ListItem","position":3,"name":"Prensaestopas A2 PG Met\u00e1lico IP-54"}]},{"@type":"WebSite","@id":"https:\/\/www.fleximat.es\/bn\/#website","url":"https:\/\/www.fleximat.es\/bn\/","name":"Fleximat","description":"Tu soluci\u00f3n en prensaestopas y tubos flexibles","publisher":{"@id":"https:\/\/www.fleximat.es\/bn\/#organization"},"potentialAction":[{"@type":"SearchAction","target":{"@type":"EntryPoint","urlTemplate":"https:\/\/www.fleximat.es\/bn\/?s={search_term_string}"},"query-input":"required name=search_term_string"}],"inLanguage":"nl-NL"},{"@type":"Organization","@id":"https:\/\/www.fleximat.es\/bn\/#organization","name":"Fleximat","url":"https:\/\/www.fleximat.es\/bn\/","logo":{"@type":"ImageObject","inLanguage":"nl-NL","@id":"https:\/\/www.fleximat.es\/bn\/#\/schema\/logo\/image\/","url":"https:\/\/www.fleximat.es\/wp-content\/uploads\/2023\/11\/fleximat-logo-1.png","contentUrl":"https:\/\/www.fleximat.es\/wp-content\/uploads\/2023\/11\/fleximat-logo-1.png","width":1169,"height":289,"caption":"Fleximat"},"image":{"@id":"https:\/\/www.fleximat.es\/bn\/#\/schema\/logo\/image\/"}}]}},"taxonomy_info":{"product_cat":[{"value":31,"label":"Prensaestopas y accesorios met\u00e1licos"},{"value":64,"label":"Prensaestopas Met\u00e1lico IP-54"}]},"featured_image_src_large":["https:\/\/www.fleximat.es\/wp-content\/uploads\/2023\/12\/th_crop_1571905478prensa-metalico-ip-54.png",600,600,false],"author_info":[],"comment_info":"","_links":{"self":[{"href":"https:\/\/www.fleximat.es\/nl\/wp-json\/wp\/v2\/product\/1613"}],"collection":[{"href":"https:\/\/www.fleximat.es\/nl\/wp-json\/wp\/v2\/product"}],"about":[{"href":"https:\/\/www.fleximat.es\/nl\/wp-json\/wp\/v2\/types\/product"}],"wp:featuredmedia":[{"embeddable":true,"href":"https:\/\/www.fleximat.es\/nl\/wp-json\/wp\/v2\/media\/3081"}],"wp:attachment":[{"href":"https:\/\/www.fleximat.es\/nl\/wp-json\/wp\/v2\/media?parent=1613"}],"wp:term":[{"taxonomy":"product_cat","embeddable":true,"href":"https:\/\/www.fleximat.es\/nl\/wp-json\/wp\/v2\/product_cat?post=1613"},{"taxonomy":"product_tag","embeddable":true,"href":"https:\/\/www.fleximat.es\/nl\/wp-json\/wp\/v2\/product_tag?post=1613"}],"curies":[{"name":"wp","href":"https:\/\/api.w.org\/{rel}","templated":true}]}}