{"id":1650,"date":"2023-10-18T17:53:39","date_gmt":"2023-10-18T15:53:39","guid":{"rendered":"https:\/\/www.fleximat.es\/?post_type=product&#038;p=1650"},"modified":"2023-10-25T17:12:20","modified_gmt":"2023-10-25T15:12:20","slug":"tubo-pvc-negro","status":"publish","type":"product","link":"https:\/\/www.fleximat.es\/nl\/product\/tubo-pvc-negro\/","title":{"rendered":"Zwarte PVC-buis"},"content":{"rendered":"<h4>Eigenschappen<\/h4>\n<p>Dust resistance with special seal<br \/>\nUV resistance<br \/>\nHalogen Free<br \/>\nDust resistance with special seal<br \/>\nUV resistance<br \/>\nHalogen Free<br \/>\nDust resistance with special seal<br \/>\nUV resistance<br \/>\nHalogen Free<\/p>\n<h3 style=\"margin-bottom: 1rem;\">Product beschrijving<\/h3>\n<table class=\"table table-striped\">\n<thead>\n<tr>\n<th scope=\"col\">Product beschrijving<\/th>\n<th scope=\"col\">Code<\/th>\n<th scope=\"col\">Draad<\/th>\n<th scope=\"col\">Medida (DN)<\/th>\n<th scope=\"col\">Hm<\/th>\n<th scope=\"col\">GL mm<\/th>\n<th scope=\"col\">Llave apriete B mm<\/th>\n<th scope=\"col\">Llave apriete C mm<\/th>\n<\/tr>\n<\/thead>\n<tbody>\n<tr>\n<th class=\"boxDesc\" scope=\"row\">Prensaestopas Met\u00e1lico IP68 M12<\/th>\n<td>410.01.0<\/td>\n<td>M12<\/td>\n<td>3-6,5<\/td>\n<td>22<\/td>\n<td>6<\/td>\n<td>14<\/td>\n<td>14<\/td>\n<\/tr>\n<tr>\n<th scope=\"row\">Prensaestopas Met\u00e1lico IP68 M16<\/th>\n<td>410.02.0<\/td>\n<td>M16<\/td>\n<td>4-8<\/td>\n<td>23<\/td>\n<td>7<\/td>\n<td>18<\/td>\n<td>17<\/td>\n<\/tr>\n<tr>\n<th scope=\"row\">Prensaestopas Met\u00e1lico IP68 M20<\/th>\n<td>410.03.0<\/td>\n<td>M20<\/td>\n<td>4-10<\/td>\n<td>26.5<\/td>\n<td>8<\/td>\n<td>22<\/td>\n<td>22<\/td>\n<\/tr>\n<tr>\n<th scope=\"row\">Prensaestopas Met\u00e1lico IP68 M20<\/th>\n<td>410.04.0<\/td>\n<td>M20<\/td>\n<td>6-12<\/td>\n<td>26.5<\/td>\n<td>8<\/td>\n<td>22<\/td>\n<td>22<\/td>\n<\/tr>\n<tr>\n<th scope=\"row\">Prensaestopas Met\u00e1lico IP68 M25<\/th>\n<td>410.05.0<\/td>\n<td>M25<\/td>\n<td>10-14<\/td>\n<td>28<\/td>\n<td>8<\/td>\n<td>27<\/td>\n<td>24<\/td>\n<\/tr>\n<tr>\n<th scope=\"row\">Prensaestopas Met\u00e1lico IP68 M32<\/th>\n<td>410.06.0<\/td>\n<td>M32<\/td>\n<td>13-18<\/td>\n<td>31.5<\/td>\n<td>9<\/td>\n<td>34<\/td>\n<td>30<\/td>\n<\/tr>\n<tr>\n<th scope=\"row\">Prensaestopas Met\u00e1lico IP68 M40<\/th>\n<td>410.07.0<\/td>\n<td>M40<\/td>\n<td>18-25<\/td>\n<td>38<\/td>\n<td>9<\/td>\n<td>43<\/td>\n<td>40<\/td>\n<\/tr>\n<tr>\n<th scope=\"row\">Prensaestopas Met\u00e1lico IP68 M50<\/th>\n<td>410.08.0<\/td>\n<td>M50<\/td>\n<td>22-32<\/td>\n<td>43<\/td>\n<td>9<\/td>\n<td>68<\/td>\n<td>64<\/td>\n<\/tr>\n<tr>\n<th scope=\"row\">Prensaestopas Met\u00e1lico IP68 M63<\/th>\n<td>410.09.0<\/td>\n<td>M63<\/td>\n<td>33-44<\/td>\n<td>48<\/td>\n<td>14<\/td>\n<td>68<\/td>\n<td>64<\/td>\n<\/tr>\n<tr>\n<th scope=\"row\">Prensaestopas Met\u00e1lico IP68 M72<\/th>\n<td>410.10.0<\/td>\n<td>M72<\/td>\n<td>55-61<\/td>\n<td>41<\/td>\n<td>16<\/td>\n<td>78<\/td>\n<td>74<\/td>\n<\/tr>\n<tr>\n<th scope=\"row\">Prensaestopas Met\u00e1lico IP68 M80<\/th>\n<td>410.11.0<\/td>\n<td>M80<\/td>\n<td>60-66<\/td>\n<td>50<\/td>\n<td>18<\/td>\n<td>88<\/td>\n<td>84<\/td>\n<\/tr>\n<\/tbody>\n<\/table>","protected":false},"excerpt":{"rendered":"<h3>Kenmerken<\/h3>\n<table>\n<tbody>\n<tr>\n<th scope=\"row\"><strong>Materiaal<\/strong><\/th>\n<th>Lat\u00f3n niquelado<\/th>\n<\/tr>\n<tr>\n<th scope=\"row\"><strong>Kap<\/strong><\/th>\n<th>Brass with nickel plated<\/th>\n<\/tr>\n<tr>\n<th scope=\"row\"><strong>Afdichtende pakking<\/strong><\/th>\n<th>POS<\/th>\n<\/tr>\n<tr>\n<th scope=\"row\"><strong>O-ring<\/strong><\/th>\n<th>NBR<\/th>\n<\/tr>\n<tr>\n<th scope=\"row\"><strong>Tipo de rosca<\/strong><\/th>\n<th>Metrisch (EN 60423)<\/th>\n<\/tr>\n<tr>\n<th scope=\"row\"><strong>Continue werktemperatuur<\/strong><\/th>\n<th>-40 \u00baC +100 \u00baC +150 \u00baC (short term)<\/th>\n<\/tr>\n<tr>\n<th scope=\"row\"><strong>Strakheid<\/strong><\/th>\n<th>IP68 \u2013 5 bar<\/th>\n<\/tr>\n<\/tbody>\n<\/table>","protected":false},"featured_media":1678,"template":"","meta":{"_kad_blocks_custom_css":"","_kad_blocks_head_custom_js":"","_kad_blocks_body_custom_js":"","_kad_blocks_footer_custom_js":"","_kadence_starter_templates_imported_post":false,"_kad_post_transparent":"default","_kad_post_title":"","_kad_post_layout":"default","_kad_post_sidebar_id":"","_kad_post_content_style":"default","_kad_post_vertical_padding":"default","_kad_post_feature":"","_kad_post_feature_position":"","_kad_post_header":false,"_kad_post_footer":false},"product_cat":[68,69],"product_tag":[],"class_list":{"0":"post-1650","1":"product","2":"type-product","3":"status-publish","4":"has-post-thumbnail","6":"product_cat-tubos-flexibles-racores-y-accesorios","7":"product_cat-tubos-flexibles-metalicos","9":"first","10":"instock","11":"shipping-taxable","12":"product-type-simple","13":"entry","14":"content-bg","15":"loop-entry"},"yoast_head":"<!-- This site is optimized with the Yoast SEO plugin v21.7 - https:\/\/yoast.com\/wordpress\/plugins\/seo\/ -->\n<title>Tubo PVC Negro - Fleximat<\/title>\n<meta name=\"robots\" content=\"index, follow, max-snippet:-1, max-image-preview:large, max-video-preview:-1\" \/>\n<link rel=\"canonical\" href=\"https:\/\/www.fleximat.es\/nl\/product\/tubo-pvc-negro\/\" \/>\n<meta property=\"og:locale\" content=\"nl_NL\" \/>\n<meta property=\"og:type\" content=\"article\" \/>\n<meta property=\"og:title\" content=\"Tubo PVC Negro - Fleximat\" \/>\n<meta property=\"og:description\" content=\"Caracter\u00edsticas    Material Lat\u00f3n niquelado   Sombrerete Brass with nickel plated   Junta de sellado TPV   Junta t\u00f3rica NBR   Tipo de rosca Metric (EN 60423)   Temperatura de trabajo continua -40 \u00baC +100 \u00baC +150 \u00baC (short term)   Estanqueidad IP68 \u2013 5 bar\" \/>\n<meta property=\"og:url\" content=\"https:\/\/www.fleximat.es\/nl\/product\/tubo-pvc-negro\/\" \/>\n<meta property=\"og:site_name\" content=\"Fleximat\" \/>\n<meta property=\"article:modified_time\" content=\"2023-10-25T15:12:20+00:00\" \/>\n<meta property=\"og:image\" content=\"https:\/\/www.fleximat.es\/wp-content\/uploads\/2023\/10\/tubo-pvc-fleximat-negro.jpg\" \/>\n\t<meta property=\"og:image:width\" content=\"377\" \/>\n\t<meta property=\"og:image:height\" content=\"481\" \/>\n\t<meta property=\"og:image:type\" content=\"image\/jpeg\" \/>\n<meta name=\"twitter:card\" content=\"summary_large_image\" \/>\n<meta name=\"twitter:label1\" content=\"Geschatte leestijd\" \/>\n\t<meta name=\"twitter:data1\" content=\"1 minuut\" \/>\n<script type=\"application\/ld+json\" class=\"yoast-schema-graph\">{\"@context\":\"https:\/\/schema.org\",\"@graph\":[{\"@type\":\"WebPage\",\"@id\":\"https:\/\/www.fleximat.es\/en\/product\/tubo-pvc-negro\/\",\"url\":\"https:\/\/www.fleximat.es\/en\/product\/tubo-pvc-negro\/\",\"name\":\"Tubo PVC Negro - Fleximat\",\"isPartOf\":{\"@id\":\"https:\/\/www.fleximat.es\/bn\/#website\"},\"datePublished\":\"2023-10-18T15:53:39+00:00\",\"dateModified\":\"2023-10-25T15:12:20+00:00\",\"breadcrumb\":{\"@id\":\"https:\/\/www.fleximat.es\/en\/product\/tubo-pvc-negro\/#breadcrumb\"},\"inLanguage\":\"nl-NL\",\"potentialAction\":[{\"@type\":\"ReadAction\",\"target\":[\"https:\/\/www.fleximat.es\/en\/product\/tubo-pvc-negro\/\"]}]},{\"@type\":\"BreadcrumbList\",\"@id\":\"https:\/\/www.fleximat.es\/en\/product\/tubo-pvc-negro\/#breadcrumb\",\"itemListElement\":[{\"@type\":\"ListItem\",\"position\":1,\"name\":\"Portada\",\"item\":\"https:\/\/www.fleximat.es\/\"},{\"@type\":\"ListItem\",\"position\":2,\"name\":\"Productos\",\"item\":\"https:\/\/www.fleximat.es\/en\/productos\/\"},{\"@type\":\"ListItem\",\"position\":3,\"name\":\"Tubo PVC Negro\"}]},{\"@type\":\"WebSite\",\"@id\":\"https:\/\/www.fleximat.es\/bn\/#website\",\"url\":\"https:\/\/www.fleximat.es\/bn\/\",\"name\":\"Fleximat\",\"description\":\"Tu soluci\u00f3n en prensaestopas y tubos flexibles\",\"publisher\":{\"@id\":\"https:\/\/www.fleximat.es\/bn\/#organization\"},\"potentialAction\":[{\"@type\":\"SearchAction\",\"target\":{\"@type\":\"EntryPoint\",\"urlTemplate\":\"https:\/\/www.fleximat.es\/bn\/?s={search_term_string}\"},\"query-input\":\"required name=search_term_string\"}],\"inLanguage\":\"nl-NL\"},{\"@type\":\"Organization\",\"@id\":\"https:\/\/www.fleximat.es\/bn\/#organization\",\"name\":\"Fleximat\",\"url\":\"https:\/\/www.fleximat.es\/bn\/\",\"logo\":{\"@type\":\"ImageObject\",\"inLanguage\":\"nl-NL\",\"@id\":\"https:\/\/www.fleximat.es\/bn\/#\/schema\/logo\/image\/\",\"url\":\"https:\/\/www.fleximat.es\/wp-content\/uploads\/2023\/11\/fleximat-logo-1.png\",\"contentUrl\":\"https:\/\/www.fleximat.es\/wp-content\/uploads\/2023\/11\/fleximat-logo-1.png\",\"width\":1169,\"height\":289,\"caption\":\"Fleximat\"},\"image\":{\"@id\":\"https:\/\/www.fleximat.es\/bn\/#\/schema\/logo\/image\/\"}}]}<\/script>\n<!-- \/ Yoast SEO plugin. -->","yoast_head_json":{"title":"Tubo PVC Negro - Fleximat","robots":{"index":"index","follow":"follow","max-snippet":"max-snippet:-1","max-image-preview":"max-image-preview:large","max-video-preview":"max-video-preview:-1"},"canonical":"https:\/\/www.fleximat.es\/nl\/product\/tubo-pvc-negro\/","og_locale":"nl_NL","og_type":"article","og_title":"Tubo PVC Negro - Fleximat","og_description":"Caracter\u00edsticas    Material Lat\u00f3n niquelado   Sombrerete Brass with nickel plated   Junta de sellado TPV   Junta t\u00f3rica NBR   Tipo de rosca Metric (EN 60423)   Temperatura de trabajo continua -40 \u00baC +100 \u00baC +150 \u00baC (short term)   Estanqueidad IP68 \u2013 5 bar","og_url":"https:\/\/www.fleximat.es\/nl\/product\/tubo-pvc-negro\/","og_site_name":"Fleximat","article_modified_time":"2023-10-25T15:12:20+00:00","og_image":[{"width":377,"height":481,"url":"https:\/\/www.fleximat.es\/wp-content\/uploads\/2023\/10\/tubo-pvc-fleximat-negro.jpg","type":"image\/jpeg"}],"twitter_card":"summary_large_image","twitter_misc":{"Geschatte leestijd":"1 minuut"},"schema":{"@context":"https:\/\/schema.org","@graph":[{"@type":"WebPage","@id":"https:\/\/www.fleximat.es\/en\/product\/tubo-pvc-negro\/","url":"https:\/\/www.fleximat.es\/en\/product\/tubo-pvc-negro\/","name":"Tubo PVC Negro - Fleximat","isPartOf":{"@id":"https:\/\/www.fleximat.es\/bn\/#website"},"datePublished":"2023-10-18T15:53:39+00:00","dateModified":"2023-10-25T15:12:20+00:00","breadcrumb":{"@id":"https:\/\/www.fleximat.es\/en\/product\/tubo-pvc-negro\/#breadcrumb"},"inLanguage":"nl-NL","potentialAction":[{"@type":"ReadAction","target":["https:\/\/www.fleximat.es\/en\/product\/tubo-pvc-negro\/"]}]},{"@type":"BreadcrumbList","@id":"https:\/\/www.fleximat.es\/en\/product\/tubo-pvc-negro\/#breadcrumb","itemListElement":[{"@type":"ListItem","position":1,"name":"Portada","item":"https:\/\/www.fleximat.es\/"},{"@type":"ListItem","position":2,"name":"Productos","item":"https:\/\/www.fleximat.es\/en\/productos\/"},{"@type":"ListItem","position":3,"name":"Tubo PVC Negro"}]},{"@type":"WebSite","@id":"https:\/\/www.fleximat.es\/bn\/#website","url":"https:\/\/www.fleximat.es\/bn\/","name":"Fleximat","description":"Tu soluci\u00f3n en prensaestopas y tubos flexibles","publisher":{"@id":"https:\/\/www.fleximat.es\/bn\/#organization"},"potentialAction":[{"@type":"SearchAction","target":{"@type":"EntryPoint","urlTemplate":"https:\/\/www.fleximat.es\/bn\/?s={search_term_string}"},"query-input":"required name=search_term_string"}],"inLanguage":"nl-NL"},{"@type":"Organization","@id":"https:\/\/www.fleximat.es\/bn\/#organization","name":"Fleximat","url":"https:\/\/www.fleximat.es\/bn\/","logo":{"@type":"ImageObject","inLanguage":"nl-NL","@id":"https:\/\/www.fleximat.es\/bn\/#\/schema\/logo\/image\/","url":"https:\/\/www.fleximat.es\/wp-content\/uploads\/2023\/11\/fleximat-logo-1.png","contentUrl":"https:\/\/www.fleximat.es\/wp-content\/uploads\/2023\/11\/fleximat-logo-1.png","width":1169,"height":289,"caption":"Fleximat"},"image":{"@id":"https:\/\/www.fleximat.es\/bn\/#\/schema\/logo\/image\/"}}]}},"taxonomy_info":{"product_cat":[{"value":68,"label":"Tubos flexibles, racores y accesorios"},{"value":69,"label":"Tubos flexibles met\u00e1licos"}]},"featured_image_src_large":["https:\/\/www.fleximat.es\/wp-content\/uploads\/2023\/10\/tubo-pvc-fleximat-negro.jpg",377,481,false],"author_info":[],"comment_info":"","_links":{"self":[{"href":"https:\/\/www.fleximat.es\/nl\/wp-json\/wp\/v2\/product\/1650"}],"collection":[{"href":"https:\/\/www.fleximat.es\/nl\/wp-json\/wp\/v2\/product"}],"about":[{"href":"https:\/\/www.fleximat.es\/nl\/wp-json\/wp\/v2\/types\/product"}],"wp:featuredmedia":[{"embeddable":true,"href":"https:\/\/www.fleximat.es\/nl\/wp-json\/wp\/v2\/media\/1678"}],"wp:attachment":[{"href":"https:\/\/www.fleximat.es\/nl\/wp-json\/wp\/v2\/media?parent=1650"}],"wp:term":[{"taxonomy":"product_cat","embeddable":true,"href":"https:\/\/www.fleximat.es\/nl\/wp-json\/wp\/v2\/product_cat?post=1650"},{"taxonomy":"product_tag","embeddable":true,"href":"https:\/\/www.fleximat.es\/nl\/wp-json\/wp\/v2\/product_tag?post=1650"}],"curies":[{"name":"wp","href":"https:\/\/api.w.org\/{rel}","templated":true}]}}