{"id":1747,"date":"2023-10-18T17:54:26","date_gmt":"2023-10-18T15:54:26","guid":{"rendered":"https:\/\/www.fleximat.es\/?post_type=product&#038;p=1747"},"modified":"2023-10-25T09:13:14","modified_gmt":"2023-10-25T07:13:14","slug":"tubo-pp","status":"publish","type":"product","link":"https:\/\/www.fleximat.es\/nl\/product\/tubo-pp\/","title":{"rendered":"PP-buis"},"content":{"rendered":"<h4>Eigenschappen<\/h4>\n<p>Anti-vibratie<br \/>\nAnti-trek Hoge UV-bestendigheid<br \/>\nEenvoudige montageVDE-gecertificeerd (40030037)<br \/>\nVrij van halogenen<\/p>\n<h3>Product beschrijving<\/h3>\n<p>De kabelwartel voor meerdere kabels is een variant van de gewone kabelwartel en beschikt over een interne afdichting met gaten voor het doorvoeren van een bepaald aantal elektrische kabels.<\/p>\n<p>De multi-kabelwartel of wanddoorvoertule wordt gebruikt om de bedradingsaansluiting te beschermen. Het ontwerp en de mechanische componenten comprimeren een interne elastomere pakking in een behuizing. Op zijn beurt verdeelt de binnenverbinding de kabels volgens de projectspecificaties.<\/p>\n<p>Kabelwartels voor diverse kabels bieden een grote diversiteit aan eigenschappen, zowel mechanisch, chemisch als prestatiegericht, en zijn verkrijgbaar in zowel kunststof als een metalen versie.<\/p>\n<p>Multi-kabelwartels bestaan in een zeer breed scala aan kabels en diameters die nodig zijn voor de gaten in hun verbinding.<\/p>\n<table class=\"table table-bordered table-striped\">\n<thead>\n<tr>\n<td colspan=\"3\">Draden<\/td>\n<td>Code<\/td>\n<td>Aantal gaten<\/td>\n<td>Voor kabels \u00d8 mm<\/td>\n<\/tr>\n<\/thead>\n<tbody>\n<tr>\n<td colspan=\"3\">PG 9<\/td>\n<td>KNO 02A3<\/td>\n<td>2<\/td>\n<td>3<\/td>\n<\/tr>\n<tr>\n<td colspan=\"3\">PG 9<\/td>\n<td>KNO 02B3<\/td>\n<td>3<\/td>\n<td>3<\/td>\n<\/tr>\n<tr>\n<td colspan=\"3\">PG 9<\/td>\n<td>KNO 02C3<\/td>\n<td>4<\/td>\n<td>3<\/td>\n<\/tr>\n<tr>\n<td colspan=\"3\">PG 11<\/td>\n<td>KNO 03A4<\/td>\n<td>2<\/td>\n<td>4<\/td>\n<\/tr>\n<tr>\n<td colspan=\"3\">PG 11<\/td>\n<td>KNO 03A5<\/td>\n<td>2<\/td>\n<td>5<\/td>\n<\/tr>\n<tr>\n<td colspan=\"3\">PG 11<\/td>\n<td>KNO 03B4<\/td>\n<td>3<\/td>\n<td>4<\/td>\n<\/tr>\n<tr>\n<td colspan=\"3\">PG 11<\/td>\n<td>KNO 03B5<\/td>\n<td>3<\/td>\n<td>5<\/td>\n<\/tr>\n<tr>\n<td colspan=\"3\">GP 13.5<\/td>\n<td>KNO 04A5<\/td>\n<td>2<\/td>\n<td>5<\/td>\n<\/tr>\n<tr>\n<td colspan=\"3\">GP 13.5<\/td>\n<td>KNO 04A6<\/td>\n<td>2<\/td>\n<td>6<\/td>\n<\/tr>\n<tr>\n<td colspan=\"3\">GP 13.5<\/td>\n<td>KNO 04B4<\/td>\n<td>3<\/td>\n<td>4<\/td>\n<\/tr>\n<tr>\n<td colspan=\"3\">GP 13.5<\/td>\n<td>KNO 04B5<\/td>\n<td>3<\/td>\n<td>5<\/td>\n<\/tr>\n<tr>\n<td colspan=\"3\">PG 16<\/td>\n<td>KNO 05A4<\/td>\n<td>2<\/td>\n<td>4<\/td>\n<\/tr>\n<tr>\n<td colspan=\"3\">PG 16<\/td>\n<td>KNO 05A7<\/td>\n<td>2<\/td>\n<td>7<\/td>\n<\/tr>\n<tr>\n<td colspan=\"3\">PG 16<\/td>\n<td>KNO 05B4<\/td>\n<td>3<\/td>\n<td>4<\/td>\n<\/tr>\n<tr>\n<td colspan=\"3\">PG 16<\/td>\n<td>KNO 05B6<\/td>\n<td>3<\/td>\n<td>6<\/td>\n<\/tr>\n<tr>\n<td colspan=\"3\">PG 16<\/td>\n<td>KNO 05C5<\/td>\n<td>4<\/td>\n<td>5<\/td>\n<\/tr>\n<tr>\n<td colspan=\"3\">PG 21<\/td>\n<td>KNO 06A8<\/td>\n<td>2<\/td>\n<td>8<\/td>\n<\/tr>\n<tr>\n<td colspan=\"3\">PG 21<\/td>\n<td>KNO 06A9<\/td>\n<td>2<\/td>\n<td>9<\/td>\n<\/tr>\n<tr>\n<td colspan=\"3\">PG 21<\/td>\n<td>KNO 06B5<\/td>\n<td>5<\/td>\n<td>6<\/td>\n<\/tr>\n<tr>\n<td colspan=\"3\">PG 21<\/td>\n<td>KNO 06B7<\/td>\n<td>3<\/td>\n<td>7<\/td>\n<\/tr>\n<tr>\n<td colspan=\"3\">PG 21<\/td>\n<td>KNO 06B8<\/td>\n<td>3<\/td>\n<td>8<\/td>\n<\/tr>\n<tr>\n<td colspan=\"3\">PG 21<\/td>\n<td>KNO 06C7<\/td>\n<td>4<\/td>\n<td>7<\/td>\n<\/tr>\n<tr>\n<td colspan=\"3\">PG 21<\/td>\n<td>KNO 06G3<\/td>\n<td>8<\/td>\n<td>3<\/td>\n<\/tr>\n<tr>\n<td colspan=\"3\">PG 21<\/td>\n<td>KNO 06G4<\/td>\n<td>8<\/td>\n<td>4<\/td>\n<\/tr>\n<tr>\n<td colspan=\"3\">PG 29<\/td>\n<td>KNO 07C9<\/td>\n<td>4<\/td>\n<td>9<\/td>\n<\/tr>\n<tr>\n<td colspan=\"3\">PG 29<\/td>\n<td>ORL 0703<\/td>\n<td>16<\/td>\n<td>3<\/td>\n<\/tr>\n<tr>\n<td colspan=\"3\">PG 36<\/td>\n<td>ENT 08E8<\/td>\n<td>6<\/td>\n<td>8<\/td>\n<\/tr>\n<tr>\n<td colspan=\"6\">KABELWARTEL VOOR PLATTE KABEL<\/td>\n<\/tr>\n<tr>\n<td colspan=\"3\">PG 16<\/td>\n<td>YML 05<\/td>\n<td>7<\/td>\n<td>13<\/td>\n<\/tr>\n<tr>\n<td colspan=\"3\">PG 21<\/td>\n<td>YML 06<\/td>\n<td>7<\/td>\n<td>15<\/td>\n<\/tr>\n<tr>\n<td colspan=\"3\">PG 29<\/td>\n<td>YML 07<\/td>\n<td>8<\/td>\n<td>22<\/td>\n<\/tr>\n<tr>\n<td colspan=\"3\">PG 36<\/td>\n<td>YML 08<\/td>\n<td>10<\/td>\n<td>28<\/td>\n<\/tr>\n<tr>\n<td colspan=\"3\">PG 42<\/td>\n<td>YML 09<\/td>\n<td>12<\/td>\n<td>33<\/td>\n<\/tr>\n<tr>\n<td colspan=\"3\">PG 48<\/td>\n<td>YML 10<\/td>\n<td>14<\/td>\n<td>45<\/td>\n<\/tr>\n<\/tbody>\n<\/table>","protected":false},"excerpt":{"rendered":"<h3>Kenmerken<\/h3>\n<table>\n<tbody>\n<tr>\n<td><strong>Afdichtende pakking<\/strong><\/td>\n<td>Speciale TPV-pakking voor meerdere kabels en platte kabels<\/td>\n<\/tr>\n<tr>\n<td><strong>Lichaam<\/strong><\/td>\n<td>Polyamide PA6 V2<\/td>\n<\/tr>\n<tr>\n<td><strong>O-ring<\/strong><\/td>\n<td>NBR (optioneel)<\/td>\n<\/tr>\n<tr>\n<td><strong>Draadtype<\/strong><\/td>\n<td>PG (DIN 40430)<\/td>\n<\/tr>\n<tr>\n<td><strong>Strakheid<\/strong><\/td>\n<td>IP68<\/td>\n<\/tr>\n<tr>\n<td><strong>Continue werktemperatuur<\/strong><\/td>\n<td>-30 \u00baC +80 \u00baC +150 \u00baC (tijdelijk)<\/td>\n<\/tr>\n<\/tbody>\n<\/table>","protected":false},"featured_media":1742,"template":"","meta":{"_kad_blocks_custom_css":"","_kad_blocks_head_custom_js":"","_kad_blocks_body_custom_js":"","_kad_blocks_footer_custom_js":"","_kadence_starter_templates_imported_post":false,"_kad_post_transparent":"default","_kad_post_title":"","_kad_post_layout":"default","_kad_post_sidebar_id":"","_kad_post_content_style":"default","_kad_post_vertical_padding":"default","_kad_post_feature":"","_kad_post_feature_position":"","_kad_post_header":false,"_kad_post_footer":false},"product_cat":[68,77,78],"product_tag":[],"class_list":{"0":"post-1747","1":"product","2":"type-product","3":"status-publish","4":"has-post-thumbnail","6":"product_cat-tubos-flexibles-racores-y-accesorios","7":"product_cat-tubos-flexibles-de-poliamida-y-accesorios","8":"product_cat-tubos-flexibles-poliamida-especiales","10":"first","11":"instock","12":"shipping-taxable","13":"product-type-simple","14":"entry","15":"content-bg","16":"loop-entry"},"yoast_head":"<!-- This site is optimized with the Yoast SEO plugin v21.7 - https:\/\/yoast.com\/wordpress\/plugins\/seo\/ -->\n<title>Tubo PP - Fleximat<\/title>\n<meta name=\"robots\" content=\"index, follow, max-snippet:-1, max-image-preview:large, max-video-preview:-1\" \/>\n<link rel=\"canonical\" href=\"https:\/\/www.fleximat.es\/nl\/product\/tubo-pp\/\" \/>\n<meta property=\"og:locale\" content=\"nl_NL\" \/>\n<meta property=\"og:type\" content=\"article\" \/>\n<meta property=\"og:title\" content=\"Tubo PP - Fleximat\" \/>\n<meta property=\"og:description\" content=\"Caracter\u00edsticas    Junta de sellado Junta TPV especial para m\u00faltiples cables y cables planos   Cuerpo Poliamida PA6 V2   Junta t\u00f3rica NBR (opcional)   Tipo de Rosca PG (DIN 40430)   Estanqueidad IP68   Temperatura de trabajo continua -30 \u00baC +80 \u00baC +150 \u00baC (temporal)\" \/>\n<meta property=\"og:url\" content=\"https:\/\/www.fleximat.es\/nl\/product\/tubo-pp\/\" \/>\n<meta property=\"og:site_name\" content=\"Fleximat\" \/>\n<meta property=\"article:modified_time\" content=\"2023-10-25T07:13:14+00:00\" \/>\n<meta property=\"og:image\" content=\"https:\/\/www.fleximat.es\/wp-content\/uploads\/2023\/10\/th_crop_1572264382todos-tipos-tubos.jpg\" \/>\n\t<meta property=\"og:image:width\" content=\"600\" \/>\n\t<meta property=\"og:image:height\" content=\"600\" \/>\n\t<meta property=\"og:image:type\" content=\"image\/jpeg\" \/>\n<meta name=\"twitter:card\" content=\"summary_large_image\" \/>\n<meta name=\"twitter:label1\" content=\"Geschatte leestijd\" \/>\n\t<meta name=\"twitter:data1\" content=\"1 minuut\" \/>\n<script type=\"application\/ld+json\" class=\"yoast-schema-graph\">{\"@context\":\"https:\/\/schema.org\",\"@graph\":[{\"@type\":\"WebPage\",\"@id\":\"https:\/\/www.fleximat.es\/producto\/tubo-pp\/\",\"url\":\"https:\/\/www.fleximat.es\/producto\/tubo-pp\/\",\"name\":\"Tubo PP - Fleximat\",\"isPartOf\":{\"@id\":\"https:\/\/www.fleximat.es\/bn\/#website\"},\"datePublished\":\"2023-10-18T15:54:26+00:00\",\"dateModified\":\"2023-10-25T07:13:14+00:00\",\"breadcrumb\":{\"@id\":\"https:\/\/www.fleximat.es\/producto\/tubo-pp\/#breadcrumb\"},\"inLanguage\":\"nl-NL\",\"potentialAction\":[{\"@type\":\"ReadAction\",\"target\":[\"https:\/\/www.fleximat.es\/producto\/tubo-pp\/\"]}]},{\"@type\":\"BreadcrumbList\",\"@id\":\"https:\/\/www.fleximat.es\/producto\/tubo-pp\/#breadcrumb\",\"itemListElement\":[{\"@type\":\"ListItem\",\"position\":1,\"name\":\"Portada\",\"item\":\"https:\/\/www.fleximat.es\/\"},{\"@type\":\"ListItem\",\"position\":2,\"name\":\"Productos\",\"item\":\"https:\/\/www.fleximat.es\/en\/productos\/\"},{\"@type\":\"ListItem\",\"position\":3,\"name\":\"Tubo PP\"}]},{\"@type\":\"WebSite\",\"@id\":\"https:\/\/www.fleximat.es\/bn\/#website\",\"url\":\"https:\/\/www.fleximat.es\/bn\/\",\"name\":\"Fleximat\",\"description\":\"Tu soluci\u00f3n en prensaestopas y tubos flexibles\",\"publisher\":{\"@id\":\"https:\/\/www.fleximat.es\/bn\/#organization\"},\"potentialAction\":[{\"@type\":\"SearchAction\",\"target\":{\"@type\":\"EntryPoint\",\"urlTemplate\":\"https:\/\/www.fleximat.es\/bn\/?s={search_term_string}\"},\"query-input\":\"required name=search_term_string\"}],\"inLanguage\":\"nl-NL\"},{\"@type\":\"Organization\",\"@id\":\"https:\/\/www.fleximat.es\/bn\/#organization\",\"name\":\"Fleximat\",\"url\":\"https:\/\/www.fleximat.es\/bn\/\",\"logo\":{\"@type\":\"ImageObject\",\"inLanguage\":\"nl-NL\",\"@id\":\"https:\/\/www.fleximat.es\/bn\/#\/schema\/logo\/image\/\",\"url\":\"https:\/\/www.fleximat.es\/wp-content\/uploads\/2023\/11\/fleximat-logo-1.png\",\"contentUrl\":\"https:\/\/www.fleximat.es\/wp-content\/uploads\/2023\/11\/fleximat-logo-1.png\",\"width\":1169,\"height\":289,\"caption\":\"Fleximat\"},\"image\":{\"@id\":\"https:\/\/www.fleximat.es\/bn\/#\/schema\/logo\/image\/\"}}]}<\/script>\n<!-- \/ Yoast SEO plugin. -->","yoast_head_json":{"title":"Tubo PP - Fleximat","robots":{"index":"index","follow":"follow","max-snippet":"max-snippet:-1","max-image-preview":"max-image-preview:large","max-video-preview":"max-video-preview:-1"},"canonical":"https:\/\/www.fleximat.es\/nl\/product\/tubo-pp\/","og_locale":"nl_NL","og_type":"article","og_title":"Tubo PP - Fleximat","og_description":"Caracter\u00edsticas    Junta de sellado Junta TPV especial para m\u00faltiples cables y cables planos   Cuerpo Poliamida PA6 V2   Junta t\u00f3rica NBR (opcional)   Tipo de Rosca PG (DIN 40430)   Estanqueidad IP68   Temperatura de trabajo continua -30 \u00baC +80 \u00baC +150 \u00baC (temporal)","og_url":"https:\/\/www.fleximat.es\/nl\/product\/tubo-pp\/","og_site_name":"Fleximat","article_modified_time":"2023-10-25T07:13:14+00:00","og_image":[{"width":600,"height":600,"url":"https:\/\/www.fleximat.es\/wp-content\/uploads\/2023\/10\/th_crop_1572264382todos-tipos-tubos.jpg","type":"image\/jpeg"}],"twitter_card":"summary_large_image","twitter_misc":{"Geschatte leestijd":"1 minuut"},"schema":{"@context":"https:\/\/schema.org","@graph":[{"@type":"WebPage","@id":"https:\/\/www.fleximat.es\/producto\/tubo-pp\/","url":"https:\/\/www.fleximat.es\/producto\/tubo-pp\/","name":"Tubo PP - Fleximat","isPartOf":{"@id":"https:\/\/www.fleximat.es\/bn\/#website"},"datePublished":"2023-10-18T15:54:26+00:00","dateModified":"2023-10-25T07:13:14+00:00","breadcrumb":{"@id":"https:\/\/www.fleximat.es\/producto\/tubo-pp\/#breadcrumb"},"inLanguage":"nl-NL","potentialAction":[{"@type":"ReadAction","target":["https:\/\/www.fleximat.es\/producto\/tubo-pp\/"]}]},{"@type":"BreadcrumbList","@id":"https:\/\/www.fleximat.es\/producto\/tubo-pp\/#breadcrumb","itemListElement":[{"@type":"ListItem","position":1,"name":"Portada","item":"https:\/\/www.fleximat.es\/"},{"@type":"ListItem","position":2,"name":"Productos","item":"https:\/\/www.fleximat.es\/en\/productos\/"},{"@type":"ListItem","position":3,"name":"Tubo PP"}]},{"@type":"WebSite","@id":"https:\/\/www.fleximat.es\/bn\/#website","url":"https:\/\/www.fleximat.es\/bn\/","name":"Fleximat","description":"Tu soluci\u00f3n en prensaestopas y tubos flexibles","publisher":{"@id":"https:\/\/www.fleximat.es\/bn\/#organization"},"potentialAction":[{"@type":"SearchAction","target":{"@type":"EntryPoint","urlTemplate":"https:\/\/www.fleximat.es\/bn\/?s={search_term_string}"},"query-input":"required name=search_term_string"}],"inLanguage":"nl-NL"},{"@type":"Organization","@id":"https:\/\/www.fleximat.es\/bn\/#organization","name":"Fleximat","url":"https:\/\/www.fleximat.es\/bn\/","logo":{"@type":"ImageObject","inLanguage":"nl-NL","@id":"https:\/\/www.fleximat.es\/bn\/#\/schema\/logo\/image\/","url":"https:\/\/www.fleximat.es\/wp-content\/uploads\/2023\/11\/fleximat-logo-1.png","contentUrl":"https:\/\/www.fleximat.es\/wp-content\/uploads\/2023\/11\/fleximat-logo-1.png","width":1169,"height":289,"caption":"Fleximat"},"image":{"@id":"https:\/\/www.fleximat.es\/bn\/#\/schema\/logo\/image\/"}}]}},"taxonomy_info":{"product_cat":[{"value":68,"label":"Tubos flexibles, racores y accesorios"},{"value":77,"label":"Tubos flexibles de poliamida y accesorios"},{"value":78,"label":"Tubos Flexibles Poliamida Especiales"}]},"featured_image_src_large":["https:\/\/www.fleximat.es\/wp-content\/uploads\/2023\/10\/th_crop_1572264382todos-tipos-tubos.jpg",600,600,false],"author_info":[],"comment_info":"","_links":{"self":[{"href":"https:\/\/www.fleximat.es\/nl\/wp-json\/wp\/v2\/product\/1747"}],"collection":[{"href":"https:\/\/www.fleximat.es\/nl\/wp-json\/wp\/v2\/product"}],"about":[{"href":"https:\/\/www.fleximat.es\/nl\/wp-json\/wp\/v2\/types\/product"}],"wp:featuredmedia":[{"embeddable":true,"href":"https:\/\/www.fleximat.es\/nl\/wp-json\/wp\/v2\/media\/1742"}],"wp:attachment":[{"href":"https:\/\/www.fleximat.es\/nl\/wp-json\/wp\/v2\/media?parent=1747"}],"wp:term":[{"taxonomy":"product_cat","embeddable":true,"href":"https:\/\/www.fleximat.es\/nl\/wp-json\/wp\/v2\/product_cat?post=1747"},{"taxonomy":"product_tag","embeddable":true,"href":"https:\/\/www.fleximat.es\/nl\/wp-json\/wp\/v2\/product_tag?post=1747"}],"curies":[{"name":"wp","href":"https:\/\/api.w.org\/{rel}","templated":true}]}}