{"id":1750,"date":"2023-10-18T17:54:26","date_gmt":"2023-10-18T15:54:26","guid":{"rendered":"https:\/\/www.fleximat.es\/?post_type=product&#038;p=1750"},"modified":"2023-10-25T09:14:04","modified_gmt":"2023-10-25T07:14:04","slug":"puntera-aislada-para-con-conexion-toma-a-tierra","status":"publish","type":"product","link":"https:\/\/www.fleximat.es\/nl\/product\/puntera-aislada-para-con-conexion-toma-a-tierra\/","title":{"rendered":"Ge\u00efsoleerde tip voor geaarde verbinding"},"content":{"rendered":"<h4>Eigenschappen<\/h4>\n<p>Anti-vibratie<br \/>\nAnti-trek Hoge UV-bestendigheid<br \/>\nEenvoudige montageVDE-gecertificeerd (40030037)<br \/>\nVrij van halogenen<\/p>\n<h3>Product beschrijving<\/h3>\n<p>Een anti-twist kabelwartel is een speciaal type kabelwartel voor toepassingen waarbij de op de kabelwartel aangesloten kabel continu in beweging is.<\/p>\n<p>Dankzij het kapontwerp beschermt de anti-twist kabelwartel het eerste deel van de kabel en biedt beveiliging tegen bewegingen en wrijving die kunnen voortvloeien uit de werking van de apparatuur.<\/p>\n<p>Anti-twist kabelwartels worden onder meer in de robotica gebruikt. Het gebruik en de beweging van elektrische apparatuur stelt de kabel voortdurend op de proef. Het is dus essentieel om deze af te dekken en de integriteit ervan te garanderen.<\/p>\n<p>Kabelwartels worden gebruikt in elk type installatie, machine of uitrusting die een continue elektrische voeding vereist en die verantwoordelijk is voor het garanderen van de aansluiting ervan.<\/p>\n<table class=\"table table-bordered table-striped\">\n<thead>\n<tr>\n<td><strong>Draden<\/strong><\/td>\n<td><strong>Code<\/strong><\/td>\n<td><strong>Hm<\/strong><\/td>\n<td><strong>GL mm<\/strong><\/td>\n<td><strong>mm<\/strong><\/td>\n<td><strong>mm<\/strong><\/td>\n<\/tr>\n<\/thead>\n<tbody>\n<tr>\n<td>M12X1,5<\/td>\n<td>OMRG 17<\/td>\n<td>57<\/td>\n<td>8<\/td>\n<td>15<\/td>\n<td>3-6,5<\/td>\n<\/tr>\n<tr>\n<td>M16X1,5<\/td>\n<td>OMRG 18<\/td>\n<td>70<\/td>\n<td>8<\/td>\n<td>19<\/td>\n<td>4-8<\/td>\n<\/tr>\n<tr>\n<td>M16X1,5<\/td>\n<td>OMRG 19<\/td>\n<td>81<\/td>\n<td>10<\/td>\n<td>22<\/td>\n<td>5-10<\/td>\n<\/tr>\n<tr>\n<td>M20X1,5<\/td>\n<td>OMRG 20<\/td>\n<td>89<\/td>\n<td>10<\/td>\n<td>24<\/td>\n<td>6-12<\/td>\n<\/tr>\n<tr>\n<td>M20X1,5<\/td>\n<td>OMRG 21<\/td>\n<td>107<\/td>\n<td>10<\/td>\n<td>27<\/td>\n<td>10-14<\/td>\n<\/tr>\n<tr>\n<td>M25X1,5<\/td>\n<td>OMRG 22<\/td>\n<td>124<\/td>\n<td>10<\/td>\n<td>33<\/td>\n<td>13-18<\/td>\n<\/tr>\n<tr>\n<td colspan=\"6\">LANGE DRAAD KABELWARTEL<\/td>\n<\/tr>\n<tr>\n<td>M12X1,5<\/td>\n<td>OMRG 17L<\/td>\n<td>57<\/td>\n<td>15<\/td>\n<td>15<\/td>\n<td>3-6,5<\/td>\n<\/tr>\n<tr>\n<td>M16X1,5<\/td>\n<td>OMRG 18L<\/td>\n<td>70<\/td>\n<td>15<\/td>\n<td>19<\/td>\n<td>4-8<\/td>\n<\/tr>\n<tr>\n<td>M16X1,5<\/td>\n<td>OMRG 19L<\/td>\n<td>81<\/td>\n<td>15<\/td>\n<td>22<\/td>\n<td>5-10<\/td>\n<\/tr>\n<tr>\n<td>M20X1,5<\/td>\n<td>OMRG 20L<\/td>\n<td>89<\/td>\n<td>15<\/td>\n<td>24<\/td>\n<td>6-12<\/td>\n<\/tr>\n<tr>\n<td>M20X1,5<\/td>\n<td>OMRG 21L<\/td>\n<td>107<\/td>\n<td>15<\/td>\n<td>27<\/td>\n<td>10-14<\/td>\n<\/tr>\n<tr>\n<td>M25X1,5<\/td>\n<td>OMRG 22L<\/td>\n<td>124<\/td>\n<td>15<\/td>\n<td>33<\/td>\n<td>13-18<\/td>\n<\/tr>\n<\/tbody>\n<\/table>\n<p>&nbsp;<\/p>","protected":false},"excerpt":{"rendered":"<h3>Kenmerken<\/h3>\n<table>\n<tbody>\n<tr>\n<td><strong>Kap<\/strong><\/td>\n<td>Polyamide PA6 V2<\/td>\n<\/tr>\n<tr>\n<td><strong>Afdichtende pakking<\/strong><\/td>\n<td>POS<\/td>\n<\/tr>\n<tr>\n<td><strong>Lichaam<\/strong><\/td>\n<td>Polyamide PA6 V2<\/td>\n<\/tr>\n<tr>\n<td><strong>O-ring<\/strong><\/td>\n<td>NBR (optioneel)<\/td>\n<\/tr>\n<tr>\n<td><strong>Draadtype<\/strong><\/td>\n<td>Metrisch (EN 60423)<\/td>\n<\/tr>\n<tr>\n<td><strong>Strakheid<\/strong><\/td>\n<td>IP68<\/td>\n<\/tr>\n<tr>\n<td><strong>Continue werktemperatuur<\/strong><\/td>\n<td>-20\u00baC +100\u00baC<\/td>\n<\/tr>\n<\/tbody>\n<\/table>","protected":false},"featured_media":1777,"template":"","meta":{"_kad_blocks_custom_css":"","_kad_blocks_head_custom_js":"","_kad_blocks_body_custom_js":"","_kad_blocks_footer_custom_js":"","_kadence_starter_templates_imported_post":false,"_kad_post_transparent":"default","_kad_post_title":"","_kad_post_layout":"default","_kad_post_sidebar_id":"","_kad_post_content_style":"default","_kad_post_vertical_padding":"default","_kad_post_feature":"","_kad_post_feature_position":"","_kad_post_header":false,"_kad_post_footer":false},"product_cat":[75,76],"product_tag":[],"class_list":{"0":"post-1750","1":"product","2":"type-product","3":"status-publish","4":"has-post-thumbnail","6":"product_cat-punteras-de-conexion","7":"product_cat-punteras","9":"first","10":"instock","11":"shipping-taxable","12":"product-type-simple","13":"entry","14":"content-bg","15":"loop-entry"},"yoast_head":"<!-- This site is optimized with the Yoast SEO plugin v21.7 - https:\/\/yoast.com\/wordpress\/plugins\/seo\/ -->\n<title>Puntera Aislada para con Conexi\u00f3n Toma a Tierra - Fleximat<\/title>\n<meta name=\"robots\" content=\"index, follow, max-snippet:-1, max-image-preview:large, max-video-preview:-1\" \/>\n<link rel=\"canonical\" href=\"https:\/\/www.fleximat.es\/nl\/product\/puntera-aislada-para-con-conexion-toma-a-tierra\/\" \/>\n<meta property=\"og:locale\" content=\"nl_NL\" \/>\n<meta property=\"og:type\" content=\"article\" \/>\n<meta property=\"og:title\" content=\"Puntera Aislada para con Conexi\u00f3n Toma a Tierra - Fleximat\" \/>\n<meta property=\"og:description\" content=\"Caracter\u00edsticas    Sombrerete Poliamida PA6 V2   Junta de sellado TPV   Cuerpo Poliamida PA6 V2   Junta t\u00f3rica NBR (opcional)   Tipo de Rosca M\u00e9trica (EN 60423)   Estanqueidad IP68   Temperatura de trabajo continua -20 \u00baC +100 \u00baC\" \/>\n<meta property=\"og:url\" content=\"https:\/\/www.fleximat.es\/nl\/product\/puntera-aislada-para-con-conexion-toma-a-tierra\/\" \/>\n<meta property=\"og:site_name\" content=\"Fleximat\" \/>\n<meta property=\"article:modified_time\" content=\"2023-10-25T07:14:04+00:00\" \/>\n<meta property=\"og:image\" content=\"https:\/\/www.fleximat.es\/wp-content\/uploads\/2023\/10\/th_crop_1572867118puntera-aislada-con-conexion-toma-tierra.png\" \/>\n\t<meta property=\"og:image:width\" content=\"600\" \/>\n\t<meta property=\"og:image:height\" content=\"600\" \/>\n\t<meta property=\"og:image:type\" content=\"image\/png\" \/>\n<meta name=\"twitter:card\" content=\"summary_large_image\" \/>\n<meta name=\"twitter:label1\" content=\"Geschatte leestijd\" \/>\n\t<meta name=\"twitter:data1\" content=\"1 minuut\" \/>\n<script type=\"application\/ld+json\" class=\"yoast-schema-graph\">{\"@context\":\"https:\/\/schema.org\",\"@graph\":[{\"@type\":\"WebPage\",\"@id\":\"https:\/\/www.fleximat.es\/producto\/puntera-aislada-para-con-conexion-toma-a-tierra\/\",\"url\":\"https:\/\/www.fleximat.es\/producto\/puntera-aislada-para-con-conexion-toma-a-tierra\/\",\"name\":\"Puntera Aislada para con Conexi\u00f3n Toma a Tierra - Fleximat\",\"isPartOf\":{\"@id\":\"https:\/\/www.fleximat.es\/bn\/#website\"},\"datePublished\":\"2023-10-18T15:54:26+00:00\",\"dateModified\":\"2023-10-25T07:14:04+00:00\",\"breadcrumb\":{\"@id\":\"https:\/\/www.fleximat.es\/producto\/puntera-aislada-para-con-conexion-toma-a-tierra\/#breadcrumb\"},\"inLanguage\":\"nl-NL\",\"potentialAction\":[{\"@type\":\"ReadAction\",\"target\":[\"https:\/\/www.fleximat.es\/producto\/puntera-aislada-para-con-conexion-toma-a-tierra\/\"]}]},{\"@type\":\"BreadcrumbList\",\"@id\":\"https:\/\/www.fleximat.es\/producto\/puntera-aislada-para-con-conexion-toma-a-tierra\/#breadcrumb\",\"itemListElement\":[{\"@type\":\"ListItem\",\"position\":1,\"name\":\"Portada\",\"item\":\"https:\/\/www.fleximat.es\/\"},{\"@type\":\"ListItem\",\"position\":2,\"name\":\"Productos\",\"item\":\"https:\/\/www.fleximat.es\/en\/productos\/\"},{\"@type\":\"ListItem\",\"position\":3,\"name\":\"Puntera Aislada para con Conexi\u00f3n Toma a Tierra\"}]},{\"@type\":\"WebSite\",\"@id\":\"https:\/\/www.fleximat.es\/bn\/#website\",\"url\":\"https:\/\/www.fleximat.es\/bn\/\",\"name\":\"Fleximat\",\"description\":\"Tu soluci\u00f3n en prensaestopas y tubos flexibles\",\"publisher\":{\"@id\":\"https:\/\/www.fleximat.es\/bn\/#organization\"},\"potentialAction\":[{\"@type\":\"SearchAction\",\"target\":{\"@type\":\"EntryPoint\",\"urlTemplate\":\"https:\/\/www.fleximat.es\/bn\/?s={search_term_string}\"},\"query-input\":\"required name=search_term_string\"}],\"inLanguage\":\"nl-NL\"},{\"@type\":\"Organization\",\"@id\":\"https:\/\/www.fleximat.es\/bn\/#organization\",\"name\":\"Fleximat\",\"url\":\"https:\/\/www.fleximat.es\/bn\/\",\"logo\":{\"@type\":\"ImageObject\",\"inLanguage\":\"nl-NL\",\"@id\":\"https:\/\/www.fleximat.es\/bn\/#\/schema\/logo\/image\/\",\"url\":\"https:\/\/www.fleximat.es\/wp-content\/uploads\/2023\/11\/fleximat-logo-1.png\",\"contentUrl\":\"https:\/\/www.fleximat.es\/wp-content\/uploads\/2023\/11\/fleximat-logo-1.png\",\"width\":1169,\"height\":289,\"caption\":\"Fleximat\"},\"image\":{\"@id\":\"https:\/\/www.fleximat.es\/bn\/#\/schema\/logo\/image\/\"}}]}<\/script>\n<!-- \/ Yoast SEO plugin. -->","yoast_head_json":{"title":"Puntera Aislada para con Conexi\u00f3n Toma a Tierra - Fleximat","robots":{"index":"index","follow":"follow","max-snippet":"max-snippet:-1","max-image-preview":"max-image-preview:large","max-video-preview":"max-video-preview:-1"},"canonical":"https:\/\/www.fleximat.es\/nl\/product\/puntera-aislada-para-con-conexion-toma-a-tierra\/","og_locale":"nl_NL","og_type":"article","og_title":"Puntera Aislada para con Conexi\u00f3n Toma a Tierra - Fleximat","og_description":"Caracter\u00edsticas    Sombrerete Poliamida PA6 V2   Junta de sellado TPV   Cuerpo Poliamida PA6 V2   Junta t\u00f3rica NBR (opcional)   Tipo de Rosca M\u00e9trica (EN 60423)   Estanqueidad IP68   Temperatura de trabajo continua -20 \u00baC +100 \u00baC","og_url":"https:\/\/www.fleximat.es\/nl\/product\/puntera-aislada-para-con-conexion-toma-a-tierra\/","og_site_name":"Fleximat","article_modified_time":"2023-10-25T07:14:04+00:00","og_image":[{"width":600,"height":600,"url":"https:\/\/www.fleximat.es\/wp-content\/uploads\/2023\/10\/th_crop_1572867118puntera-aislada-con-conexion-toma-tierra.png","type":"image\/png"}],"twitter_card":"summary_large_image","twitter_misc":{"Geschatte leestijd":"1 minuut"},"schema":{"@context":"https:\/\/schema.org","@graph":[{"@type":"WebPage","@id":"https:\/\/www.fleximat.es\/producto\/puntera-aislada-para-con-conexion-toma-a-tierra\/","url":"https:\/\/www.fleximat.es\/producto\/puntera-aislada-para-con-conexion-toma-a-tierra\/","name":"Puntera Aislada para con Conexi\u00f3n Toma a Tierra - Fleximat","isPartOf":{"@id":"https:\/\/www.fleximat.es\/bn\/#website"},"datePublished":"2023-10-18T15:54:26+00:00","dateModified":"2023-10-25T07:14:04+00:00","breadcrumb":{"@id":"https:\/\/www.fleximat.es\/producto\/puntera-aislada-para-con-conexion-toma-a-tierra\/#breadcrumb"},"inLanguage":"nl-NL","potentialAction":[{"@type":"ReadAction","target":["https:\/\/www.fleximat.es\/producto\/puntera-aislada-para-con-conexion-toma-a-tierra\/"]}]},{"@type":"BreadcrumbList","@id":"https:\/\/www.fleximat.es\/producto\/puntera-aislada-para-con-conexion-toma-a-tierra\/#breadcrumb","itemListElement":[{"@type":"ListItem","position":1,"name":"Portada","item":"https:\/\/www.fleximat.es\/"},{"@type":"ListItem","position":2,"name":"Productos","item":"https:\/\/www.fleximat.es\/en\/productos\/"},{"@type":"ListItem","position":3,"name":"Puntera Aislada para con Conexi\u00f3n Toma a Tierra"}]},{"@type":"WebSite","@id":"https:\/\/www.fleximat.es\/bn\/#website","url":"https:\/\/www.fleximat.es\/bn\/","name":"Fleximat","description":"Tu soluci\u00f3n en prensaestopas y tubos flexibles","publisher":{"@id":"https:\/\/www.fleximat.es\/bn\/#organization"},"potentialAction":[{"@type":"SearchAction","target":{"@type":"EntryPoint","urlTemplate":"https:\/\/www.fleximat.es\/bn\/?s={search_term_string}"},"query-input":"required name=search_term_string"}],"inLanguage":"nl-NL"},{"@type":"Organization","@id":"https:\/\/www.fleximat.es\/bn\/#organization","name":"Fleximat","url":"https:\/\/www.fleximat.es\/bn\/","logo":{"@type":"ImageObject","inLanguage":"nl-NL","@id":"https:\/\/www.fleximat.es\/bn\/#\/schema\/logo\/image\/","url":"https:\/\/www.fleximat.es\/wp-content\/uploads\/2023\/11\/fleximat-logo-1.png","contentUrl":"https:\/\/www.fleximat.es\/wp-content\/uploads\/2023\/11\/fleximat-logo-1.png","width":1169,"height":289,"caption":"Fleximat"},"image":{"@id":"https:\/\/www.fleximat.es\/bn\/#\/schema\/logo\/image\/"}}]}},"taxonomy_info":{"product_cat":[{"value":75,"label":"Punteras de conexi\u00f3n"},{"value":76,"label":"Punteras"}]},"featured_image_src_large":["https:\/\/www.fleximat.es\/wp-content\/uploads\/2023\/10\/th_crop_1572867118puntera-aislada-con-conexion-toma-tierra.png",600,600,false],"author_info":[],"comment_info":"","_links":{"self":[{"href":"https:\/\/www.fleximat.es\/nl\/wp-json\/wp\/v2\/product\/1750"}],"collection":[{"href":"https:\/\/www.fleximat.es\/nl\/wp-json\/wp\/v2\/product"}],"about":[{"href":"https:\/\/www.fleximat.es\/nl\/wp-json\/wp\/v2\/types\/product"}],"wp:featuredmedia":[{"embeddable":true,"href":"https:\/\/www.fleximat.es\/nl\/wp-json\/wp\/v2\/media\/1777"}],"wp:attachment":[{"href":"https:\/\/www.fleximat.es\/nl\/wp-json\/wp\/v2\/media?parent=1750"}],"wp:term":[{"taxonomy":"product_cat","embeddable":true,"href":"https:\/\/www.fleximat.es\/nl\/wp-json\/wp\/v2\/product_cat?post=1750"},{"taxonomy":"product_tag","embeddable":true,"href":"https:\/\/www.fleximat.es\/nl\/wp-json\/wp\/v2\/product_tag?post=1750"}],"curies":[{"name":"wp","href":"https:\/\/api.w.org\/{rel}","templated":true}]}}