{"id":1802,"date":"2023-10-18T17:54:56","date_gmt":"2023-10-18T15:54:56","guid":{"rendered":"https:\/\/www.fleximat.es\/?post_type=product&#038;p=1802"},"modified":"2023-12-04T17:44:07","modified_gmt":"2023-12-04T16:44:07","slug":"adaptador-cilindrico-atex","status":"publish","type":"product","link":"https:\/\/www.fleximat.es\/nl\/product\/adaptador-cilindrico-atex\/","title":{"rendered":"ATEX cilindrische adapter"},"content":{"rendered":"<h3>Product beschrijving<\/h3>\n<p><span style=\"font-weight: 400;\">De ATEX cilindrische adapter is een onderdeel met als doel apparatuur te beschermen en af te dichten. Door een dop met schroefdraad op elektrische apparatuur te installeren, bereiken we een grotere dichtheid en bescherming.<\/span><\/p>\n<p><span style=\"font-weight: 400;\">De ATEX cilindrische adapters worden afhankelijk van hun toepassing in verschillende materialen vervaardigd, of het nu gaat om polyamide zeshoekige pluggen of metalen zeshoekige pluggen, evenals in de ATEX-versie.<\/span><\/p>\n<p><span style=\"font-weight: 400;\">De ATEX cilindrische adapter is een eenvoudige en effectieve oplossing. Een zeshoekige stekker is nodig om de bescherming van elektrische apparatuur met schroefdraadgaten zonder actieve aansluitingen te voltooien.\u00a0<\/span><\/p>\n<table class=\"table table-bordered table-striped\" width=\"675\">\n<thead>\n<tr>\n<td>Maat<\/td>\n<td>Code<\/td>\n<td>IG (V)<\/td>\n<td>GI mm<\/td>\n<td>Hm<\/td>\n<td>ZW mm<\/td>\n<\/tr>\n<\/thead>\n<tbody>\n<tr>\n<td>M12 x 1,5<\/td>\n<td>APXX\/M12m-N14f<\/td>\n<td>NPT 1\/4\u2033<\/td>\n<td>15<\/td>\n<td>33,5<\/td>\n<td>18<\/td>\n<\/tr>\n<tr>\n<td>M12 x 1,5<\/td>\n<td>APXX\/M12m-N38f<\/td>\n<td>NPT 3\/8\u2033<\/td>\n<td>15<\/td>\n<td>33,5<\/td>\n<td>20<\/td>\n<\/tr>\n<tr>\n<td>M16 x 1,5<\/td>\n<td>APXX\/M16m-N38f<\/td>\n<td>NPT 3\/8\u2033<\/td>\n<td>15<\/td>\n<td>33,5<\/td>\n<td>20<\/td>\n<\/tr>\n<tr>\n<td>M16 x 1,5<\/td>\n<td>APXX\/M16m-N12f<\/td>\n<td>NPT 1\/2\u2033<\/td>\n<td>15<\/td>\n<td>34<\/td>\n<td>25<\/td>\n<\/tr>\n<tr>\n<td>M20 x 1,5<\/td>\n<td>APXX\/M20m-N12f<\/td>\n<td>NPT 1\/2\u2033<\/td>\n<td>15<\/td>\n<td>34<\/td>\n<td>25<\/td>\n<\/tr>\n<tr>\n<td>M20 x 1,5<\/td>\n<td>APXX\/M20m-N34f<\/td>\n<td>NPT 3\/4\u2033<\/td>\n<td>15<\/td>\n<td>34<\/td>\n<td>30<\/td>\n<\/tr>\n<tr>\n<td>M25 x 1,5<\/td>\n<td>APXX\/M25m-N34f<\/td>\n<td>NPT 3\/4\u2033<\/td>\n<td>15<\/td>\n<td>34<\/td>\n<td>30<\/td>\n<\/tr>\n<tr>\n<td>M25 x 1,5<\/td>\n<td>APXX\/M25m-N100f<\/td>\n<td>NPT 1\u2033<\/td>\n<td>15<\/td>\n<td>34<\/td>\n<td>36<\/td>\n<\/tr>\n<tr>\n<td>M32 x 1,5<\/td>\n<td>APXX\/M32m-N100f<\/td>\n<td>NPT 1\u2033<\/td>\n<td>15<\/td>\n<td>34<\/td>\n<td>36<\/td>\n<\/tr>\n<tr>\n<td>M32 x 1,5<\/td>\n<td>APXX\/M32m-N114f<\/td>\n<td>NPT 1 1\/4\u2033<\/td>\n<td>15<\/td>\n<td>37<\/td>\n<td>45<\/td>\n<\/tr>\n<tr>\n<td>M40 x 1,5<\/td>\n<td>APXX\/M40m-N114f<\/td>\n<td>NPT 1 1\/4\u2033<\/td>\n<td>18<\/td>\n<td>40<\/td>\n<td>45<\/td>\n<\/tr>\n<tr>\n<td>M40 x 1,5<\/td>\n<td>APXX\/M40m-N112f<\/td>\n<td>NPT 1 1\/2\u2033<\/td>\n<td>18<\/td>\n<td>40<\/td>\n<td>55<\/td>\n<\/tr>\n<tr>\n<td>M50 x 1,5<\/td>\n<td>APXX\/M50m-N112f<\/td>\n<td>NPT 1 1\/2\u2033<\/td>\n<td>18<\/td>\n<td>40<\/td>\n<td>55<\/td>\n<\/tr>\n<tr>\n<td>M50 x 1,5<\/td>\n<td>APXX\/M50m-N200f<\/td>\n<td>NPT 2\u2033<\/td>\n<td>18<\/td>\n<td>40,5<\/td>\n<td>65<\/td>\n<\/tr>\n<tr>\n<td>M63 x 1,5<\/td>\n<td>APXX\/M63m-N200f<\/td>\n<td>NPT 2\u2033<\/td>\n<td>18<\/td>\n<td>40,5<\/td>\n<td>70<\/td>\n<\/tr>\n<tr>\n<td>M63 x 1,5<\/td>\n<td>APXX\/M63m-N212f<\/td>\n<td>NPT 2 1\/2\u2033<\/td>\n<td>18<\/td>\n<td>40,5<\/td>\n<td>80<\/td>\n<\/tr>\n<tr>\n<td>M75 x 1,5<\/td>\n<td>APXX\/M75m-N212f<\/td>\n<td>NPT 2 1\/2\u2033<\/td>\n<td>18<\/td>\n<td>40,5<\/td>\n<td>80<\/td>\n<\/tr>\n<tr>\n<td>M75 x 1,5<\/td>\n<td>APXX\/M75m-N300f<\/td>\n<td>NPT 3\u2033<\/td>\n<td>18<\/td>\n<td>43,5<\/td>\n<td>95<\/td>\n<\/tr>\n<tr>\n<td>M90 x 1,5<\/td>\n<td>APXX\/M90m-N300f<\/td>\n<td>NPT 3\u2033<\/td>\n<td>21<\/td>\n<td>47<\/td>\n<td>95<\/td>\n<\/tr>\n<tr>\n<td>M90 x 1,5<\/td>\n<td>APXX\/M90m-N400f<\/td>\n<td>NPT 4\u2033<\/td>\n<td>21<\/td>\n<td>47<\/td>\n<td>120<\/td>\n<\/tr>\n<tr>\n<td>M110 x 1,5<\/td>\n<td>APXX\/M110m-N400f<\/td>\n<td>NPT 4\u2033<\/td>\n<td>21<\/td>\n<td>47<\/td>\n<td>120<\/td>\n<\/tr>\n<\/tbody>\n<\/table>\n<p>&nbsp;<\/p>","protected":false},"excerpt":{"rendered":"<table>\n<tbody>\n<tr>\n<td>\n<h3>Kenmerken<\/h3>\n<\/td>\n<td><img decoding=\"async\" class=\"size-full wp-image-2038 alignright\" src=\"https:\/\/www.fleximat.es\/wp-content\/uploads\/2023\/10\/directiva-atex-para-entornos-de-trabajo.png\" alt=\"\" width=\"60\" \/><\/td>\n<\/tr>\n<tr>\n<td><strong>O-ring<\/strong><\/td>\n<td>NBR\/Siliconen<\/td>\n<\/tr>\n<tr>\n<td><strong>Strakheid<\/strong><\/td>\n<td>EN 60529 IP66\/68<\/td>\n<\/tr>\n<tr>\n<td><strong>Continue werktemperatuur<\/strong><\/td>\n<td>-30 \u00baC +120 \u00baC NBR -60 \u00baC +180 \u00baC Siliconen<\/td>\n<\/tr>\n<\/tbody>\n<\/table>","protected":false},"featured_media":3101,"template":"","meta":{"_kad_blocks_custom_css":"","_kad_blocks_head_custom_js":"","_kad_blocks_body_custom_js":"","_kad_blocks_footer_custom_js":"","_kadence_starter_templates_imported_post":false,"_kad_post_transparent":"default","_kad_post_title":"","_kad_post_layout":"default","_kad_post_sidebar_id":"","_kad_post_content_style":"default","_kad_post_vertical_padding":"default","_kad_post_feature":"","_kad_post_feature_position":"","_kad_post_header":false,"_kad_post_footer":false},"product_cat":[84,86],"product_tag":[],"class_list":{"0":"post-1802","1":"product","2":"type-product","3":"status-publish","4":"has-post-thumbnail","6":"product_cat-prensaestopas-y-accesorios-atex","7":"product_cat-accesorios-atex","9":"first","10":"instock","11":"shipping-taxable","12":"product-type-simple","13":"entry","14":"content-bg","15":"loop-entry"},"yoast_head":"<!-- This site is optimized with the Yoast SEO plugin v21.7 - https:\/\/yoast.com\/wordpress\/plugins\/seo\/ -->\n<title>Adaptador Cil\u00edndrico ATEX - Fleximat<\/title>\n<meta name=\"robots\" content=\"index, follow, max-snippet:-1, max-image-preview:large, max-video-preview:-1\" \/>\n<link rel=\"canonical\" href=\"https:\/\/www.fleximat.es\/nl\/produktua\/adaptador-cilindrico-atex\/\" \/>\n<meta property=\"og:locale\" content=\"nl_NL\" \/>\n<meta property=\"og:type\" content=\"article\" \/>\n<meta property=\"og:title\" content=\"Adaptador Cil\u00edndrico ATEX - Fleximat\" \/>\n<meta property=\"og:description\" content=\"Caracter\u00edsticas     Junta t\u00f3rica NBR \/ Silicona   Estanqueidad EN 60529 IP66 \/ 68   Temperatura de trabajo continua -30 \u00baC +120 \u00baC NBR -60 \u00baC +180 \u00baC Silicona\" \/>\n<meta property=\"og:url\" content=\"https:\/\/www.fleximat.es\/nl\/produktua\/adaptador-cilindrico-atex\/\" \/>\n<meta property=\"og:site_name\" content=\"Fleximat\" \/>\n<meta property=\"article:modified_time\" content=\"2023-12-04T16:44:07+00:00\" \/>\n<meta property=\"og:image\" content=\"https:\/\/www.fleximat.es\/wp-content\/uploads\/2023\/12\/th_crop_1563975216adaptador-cilindrico-atex.png\" \/>\n\t<meta property=\"og:image:width\" content=\"600\" \/>\n\t<meta property=\"og:image:height\" content=\"600\" \/>\n\t<meta property=\"og:image:type\" content=\"image\/png\" \/>\n<meta name=\"twitter:card\" content=\"summary_large_image\" \/>\n<meta name=\"twitter:label1\" content=\"Geschatte leestijd\" \/>\n\t<meta name=\"twitter:data1\" content=\"1 minuut\" \/>\n<script type=\"application\/ld+json\" class=\"yoast-schema-graph\">{\"@context\":\"https:\/\/schema.org\",\"@graph\":[{\"@type\":\"WebPage\",\"@id\":\"https:\/\/www.fleximat.es\/eu\/produktua\/adaptador-cilindrico-atex\/\",\"url\":\"https:\/\/www.fleximat.es\/eu\/produktua\/adaptador-cilindrico-atex\/\",\"name\":\"Adaptador Cil\u00edndrico ATEX - Fleximat\",\"isPartOf\":{\"@id\":\"https:\/\/www.fleximat.es\/bn\/#website\"},\"datePublished\":\"2023-10-18T15:54:56+00:00\",\"dateModified\":\"2023-12-04T16:44:07+00:00\",\"breadcrumb\":{\"@id\":\"https:\/\/www.fleximat.es\/eu\/produktua\/adaptador-cilindrico-atex\/#breadcrumb\"},\"inLanguage\":\"nl-NL\",\"potentialAction\":[{\"@type\":\"ReadAction\",\"target\":[\"https:\/\/www.fleximat.es\/eu\/produktua\/adaptador-cilindrico-atex\/\"]}]},{\"@type\":\"BreadcrumbList\",\"@id\":\"https:\/\/www.fleximat.es\/eu\/produktua\/adaptador-cilindrico-atex\/#breadcrumb\",\"itemListElement\":[{\"@type\":\"ListItem\",\"position\":1,\"name\":\"Portada\",\"item\":\"https:\/\/www.fleximat.es\/\"},{\"@type\":\"ListItem\",\"position\":2,\"name\":\"Productos\",\"item\":\"https:\/\/www.fleximat.es\/en\/productos\/\"},{\"@type\":\"ListItem\",\"position\":3,\"name\":\"Adaptador Cil\u00edndrico ATEX\"}]},{\"@type\":\"WebSite\",\"@id\":\"https:\/\/www.fleximat.es\/bn\/#website\",\"url\":\"https:\/\/www.fleximat.es\/bn\/\",\"name\":\"Fleximat\",\"description\":\"Tu soluci\u00f3n en prensaestopas y tubos flexibles\",\"publisher\":{\"@id\":\"https:\/\/www.fleximat.es\/bn\/#organization\"},\"potentialAction\":[{\"@type\":\"SearchAction\",\"target\":{\"@type\":\"EntryPoint\",\"urlTemplate\":\"https:\/\/www.fleximat.es\/bn\/?s={search_term_string}\"},\"query-input\":\"required name=search_term_string\"}],\"inLanguage\":\"nl-NL\"},{\"@type\":\"Organization\",\"@id\":\"https:\/\/www.fleximat.es\/bn\/#organization\",\"name\":\"Fleximat\",\"url\":\"https:\/\/www.fleximat.es\/bn\/\",\"logo\":{\"@type\":\"ImageObject\",\"inLanguage\":\"nl-NL\",\"@id\":\"https:\/\/www.fleximat.es\/bn\/#\/schema\/logo\/image\/\",\"url\":\"https:\/\/www.fleximat.es\/wp-content\/uploads\/2023\/11\/fleximat-logo-1.png\",\"contentUrl\":\"https:\/\/www.fleximat.es\/wp-content\/uploads\/2023\/11\/fleximat-logo-1.png\",\"width\":1169,\"height\":289,\"caption\":\"Fleximat\"},\"image\":{\"@id\":\"https:\/\/www.fleximat.es\/bn\/#\/schema\/logo\/image\/\"}}]}<\/script>\n<!-- \/ Yoast SEO plugin. -->","yoast_head_json":{"title":"Adaptador Cil\u00edndrico ATEX - Fleximat","robots":{"index":"index","follow":"follow","max-snippet":"max-snippet:-1","max-image-preview":"max-image-preview:large","max-video-preview":"max-video-preview:-1"},"canonical":"https:\/\/www.fleximat.es\/nl\/produktua\/adaptador-cilindrico-atex\/","og_locale":"nl_NL","og_type":"article","og_title":"Adaptador Cil\u00edndrico ATEX - Fleximat","og_description":"Caracter\u00edsticas     Junta t\u00f3rica NBR \/ Silicona   Estanqueidad EN 60529 IP66 \/ 68   Temperatura de trabajo continua -30 \u00baC +120 \u00baC NBR -60 \u00baC +180 \u00baC Silicona","og_url":"https:\/\/www.fleximat.es\/nl\/produktua\/adaptador-cilindrico-atex\/","og_site_name":"Fleximat","article_modified_time":"2023-12-04T16:44:07+00:00","og_image":[{"width":600,"height":600,"url":"https:\/\/www.fleximat.es\/wp-content\/uploads\/2023\/12\/th_crop_1563975216adaptador-cilindrico-atex.png","type":"image\/png"}],"twitter_card":"summary_large_image","twitter_misc":{"Geschatte leestijd":"1 minuut"},"schema":{"@context":"https:\/\/schema.org","@graph":[{"@type":"WebPage","@id":"https:\/\/www.fleximat.es\/eu\/produktua\/adaptador-cilindrico-atex\/","url":"https:\/\/www.fleximat.es\/eu\/produktua\/adaptador-cilindrico-atex\/","name":"Adaptador Cil\u00edndrico ATEX - Fleximat","isPartOf":{"@id":"https:\/\/www.fleximat.es\/bn\/#website"},"datePublished":"2023-10-18T15:54:56+00:00","dateModified":"2023-12-04T16:44:07+00:00","breadcrumb":{"@id":"https:\/\/www.fleximat.es\/eu\/produktua\/adaptador-cilindrico-atex\/#breadcrumb"},"inLanguage":"nl-NL","potentialAction":[{"@type":"ReadAction","target":["https:\/\/www.fleximat.es\/eu\/produktua\/adaptador-cilindrico-atex\/"]}]},{"@type":"BreadcrumbList","@id":"https:\/\/www.fleximat.es\/eu\/produktua\/adaptador-cilindrico-atex\/#breadcrumb","itemListElement":[{"@type":"ListItem","position":1,"name":"Portada","item":"https:\/\/www.fleximat.es\/"},{"@type":"ListItem","position":2,"name":"Productos","item":"https:\/\/www.fleximat.es\/en\/productos\/"},{"@type":"ListItem","position":3,"name":"Adaptador Cil\u00edndrico ATEX"}]},{"@type":"WebSite","@id":"https:\/\/www.fleximat.es\/bn\/#website","url":"https:\/\/www.fleximat.es\/bn\/","name":"Fleximat","description":"Tu soluci\u00f3n en prensaestopas y tubos flexibles","publisher":{"@id":"https:\/\/www.fleximat.es\/bn\/#organization"},"potentialAction":[{"@type":"SearchAction","target":{"@type":"EntryPoint","urlTemplate":"https:\/\/www.fleximat.es\/bn\/?s={search_term_string}"},"query-input":"required name=search_term_string"}],"inLanguage":"nl-NL"},{"@type":"Organization","@id":"https:\/\/www.fleximat.es\/bn\/#organization","name":"Fleximat","url":"https:\/\/www.fleximat.es\/bn\/","logo":{"@type":"ImageObject","inLanguage":"nl-NL","@id":"https:\/\/www.fleximat.es\/bn\/#\/schema\/logo\/image\/","url":"https:\/\/www.fleximat.es\/wp-content\/uploads\/2023\/11\/fleximat-logo-1.png","contentUrl":"https:\/\/www.fleximat.es\/wp-content\/uploads\/2023\/11\/fleximat-logo-1.png","width":1169,"height":289,"caption":"Fleximat"},"image":{"@id":"https:\/\/www.fleximat.es\/bn\/#\/schema\/logo\/image\/"}}]}},"taxonomy_info":{"product_cat":[{"value":84,"label":"Prensaestopas y accesorios ATEX"},{"value":86,"label":"Accesorios ATEX"}]},"featured_image_src_large":["https:\/\/www.fleximat.es\/wp-content\/uploads\/2023\/12\/th_crop_1563975216adaptador-cilindrico-atex.png",600,600,false],"author_info":[],"comment_info":"","_links":{"self":[{"href":"https:\/\/www.fleximat.es\/nl\/wp-json\/wp\/v2\/product\/1802"}],"collection":[{"href":"https:\/\/www.fleximat.es\/nl\/wp-json\/wp\/v2\/product"}],"about":[{"href":"https:\/\/www.fleximat.es\/nl\/wp-json\/wp\/v2\/types\/product"}],"wp:featuredmedia":[{"embeddable":true,"href":"https:\/\/www.fleximat.es\/nl\/wp-json\/wp\/v2\/media\/3101"}],"wp:attachment":[{"href":"https:\/\/www.fleximat.es\/nl\/wp-json\/wp\/v2\/media?parent=1802"}],"wp:term":[{"taxonomy":"product_cat","embeddable":true,"href":"https:\/\/www.fleximat.es\/nl\/wp-json\/wp\/v2\/product_cat?post=1802"},{"taxonomy":"product_tag","embeddable":true,"href":"https:\/\/www.fleximat.es\/nl\/wp-json\/wp\/v2\/product_tag?post=1802"}],"curies":[{"name":"wp","href":"https:\/\/api.w.org\/{rel}","templated":true}]}}