{"id":1328,"date":"2023-10-10T18:46:51","date_gmt":"2023-10-10T16:46:51","guid":{"rendered":"https:\/\/www.fleximat.es\/?page_id=1328"},"modified":"2023-11-23T10:51:40","modified_gmt":"2023-11-23T09:51:40","slug":"aviso-legal","status":"publish","type":"page","link":"https:\/\/www.fleximat.es\/pa\/aviso-legal\/","title":{"rendered":"\u0a15\u0a28\u0a42\u0a70\u0a28\u0a40 \u0a1a\u0a47\u0a24\u0a3e\u0a35\u0a28\u0a40"},"content":{"rendered":"<p><strong>\u0a1f\u0a48\u0a15\u0a38 \u0a21\u0a47\u0a1f\u0a3e<\/strong><\/p>\n\n\n\n<ul class=\"wp-block-list\">\n<li>\u0a2e\u0a3e\u0a32\u0a15: FLEXIMAT SL<\/li>\n\n\n\n<li>NIF: B61575379<\/li>\n\n\n\n<li>\u0a2a\u0a24\u0a3e: C\/ Marcel.li Massana, 20, 08206. \u0a38\u0a2c\u0a21\u0a47\u0a32 (\u0a2c\u0a3e\u0a30\u0a38\u0a40\u0a32\u0a4b\u0a28\u0a3e, \u0a38\u0a2a\u0a47\u0a28)<\/li>\n\n\n\n<li>\u0a1f\u0a48\u0a32\u0a40\u0a2b\u0a4b\u0a28: +34 93 724 71 70<\/li>\n<\/ul>\n\n\n\n<p><strong>\u0a28\u0a3f\u0a71\u0a1c\u0a40 \u0a21\u0a3e\u0a1f\u0a3e \u0a38\u0a41\u0a30\u0a71\u0a16\u0a3f\u0a06<\/strong><\/p>\n\n\n\n<p>\u0a35\u0a48\u0a71\u0a2c\u0a38\u0a3e\u0a08\u0a1f \u0a30\u0a3e\u0a39\u0a40\u0a02 \u0a07\u0a15\u0a71\u0a24\u0a30 \u0a15\u0a40\u0a24\u0a47 \u0a28\u0a3f\u0a71\u0a1c\u0a40 \u0a21\u0a47\u0a1f\u0a3e \u0a26\u0a40 \u0a35\u0a30\u0a24\u0a4b\u0a02 \u0a38\u0a3f\u0a30\u0a2b\u0a3c \u0a2c\u0a47\u0a28\u0a24\u0a40 \u0a15\u0a40\u0a24\u0a40\u0a06\u0a02 \u0a38\u0a47\u0a35\u0a3e\u0a35\u0a3e\u0a02 \u0a2a\u0a4d\u0a30\u0a26\u0a3e\u0a28 \u0a15\u0a30\u0a28 \u0a26\u0a47 \u0a28\u0a3e\u0a32-\u0a28\u0a3e\u0a32 \u0a09\u0a28\u0a4d\u0a39\u0a3e\u0a02 \u0a28\u0a42\u0a70 \u0a2c\u0a3f\u0a32\u0a3f\u0a70\u0a17 \u0a15\u0a30\u0a28 \u0a26\u0a47 \u0a09\u0a26\u0a47\u0a38\u0a3c\u0a3e\u0a02 \u0a32\u0a08 \u0a15\u0a40\u0a24\u0a40 \u0a1c\u0a3e\u0a02\u0a26\u0a40 \u0a39\u0a48\u0964 \u0a24\u0a41\u0a39\u0a3e\u0a21\u0a3e \u0a21\u0a47\u0a1f\u0a3e \u0a2c\u0a3f\u0a32\u0a3f\u0a70\u0a17 \u0a09\u0a26\u0a47\u0a38\u0a3c\u0a3e\u0a02 \u0a32\u0a08 FLEXIMAT SL \u0a26\u0a40 \u0a2e\u0a32\u0a15\u0a40\u0a05\u0a24 \u0a35\u0a3e\u0a32\u0a40\u0a06\u0a02 \u0a2b\u0a3e\u0a08\u0a32\u0a3e\u0a02 \u0a35\u0a3f\u0a71\u0a1a \u0a38\u0a25\u0a3f\u0a24 \u0a39\u0a4b\u0a35\u0a47\u0a17\u0a3e \u0a05\u0a24\u0a47 \u0a15\u0a3e\u0a28\u0a42\u0a70\u0a28\u0a40 \u0a24\u0a4c\u0a30 &#039;\u0a24\u0a47 \u0a1c\u0a3c\u0a30\u0a42\u0a30\u0a40 \u0a38\u0a2e\u0a47\u0a02 \u0a32\u0a08 \u0a06\u0a30\u0a15\u0a3e\u0a08\u0a35 \u0a15\u0a40\u0a24\u0a3e \u0a1c\u0a3e\u0a35\u0a47\u0a17\u0a3e\u0964 \u0a24\u0a41\u0a38\u0a40\u0a02 C\/ Marcel.li Massana, 20, 08206 &#039;\u0a24\u0a47 FLEXIMAT SL \u0a28\u0a42\u0a70 \u0a32\u0a3f\u0a16\u0a24\u0a40 \u0a30\u0a42\u0a2a \u0a35\u0a3f\u0a71\u0a1a \u0a2a\u0a39\u0a41\u0a70\u0a1a, \u0a38\u0a41\u0a27\u0a3e\u0a30, \u0a30\u0a71\u0a26 \u0a15\u0a30\u0a28 \u0a05\u0a24\u0a47 \u0a35\u0a3f\u0a30\u0a4b\u0a27 \u0a26\u0a47 \u0a06\u0a2a\u0a23\u0a47 \u0a05\u0a27\u0a3f\u0a15\u0a3e\u0a30\u0a3e\u0a02 \u0a26\u0a40 \u0a35\u0a30\u0a24\u0a4b\u0a02 \u0a15\u0a30 \u0a38\u0a15\u0a26\u0a47 \u0a39\u0a4b\u0964 \u0a38\u0a2c\u0a21\u0a47\u0a32 (\u0a2c\u0a3e\u0a30\u0a38\u0a40\u0a32\u0a4b\u0a28\u0a3e, \u0a38\u0a2a\u0a47\u0a28)\u0964<\/p>\n\n\n\n<p><strong>\u0a2c\u0a4c\u0a27\u0a3f\u0a15 \u0a38\u0a70\u0a2a\u0a24\u0a40 \u0a05\u0a24\u0a47 \u0a38\u0a2e\u0a71\u0a17\u0a30\u0a40 \u0a32\u0a08 \u0a1c\u0a3c\u0a3f\u0a70\u0a2e\u0a47\u0a35\u0a3e\u0a30\u0a40<\/strong><\/p>\n\n\n\n<p>\u0a35\u0a48\u0a71\u0a2c\u0a38\u0a3e\u0a08\u0a1f \u0a26\u0a40\u0a06\u0a02 \u0a38\u0a3e\u0a30\u0a40\u0a06\u0a02 \u0a38\u0a2e\u0a71\u0a17\u0a30\u0a40\u0a06\u0a02 \u0a26\u0a40 \u0a15\u0a4b\u0a08 \u0a35\u0a40 \u0a35\u0a30\u0a24\u0a4b\u0a02, \u0a16\u0a3e\u0a38 \u0a24\u0a4c\u0a30 &#039;\u0a24\u0a47 \u0a1f\u0a48\u0a15\u0a38\u0a1f, \u0a21\u0a3f\u0a1c\u0a3c\u0a3e\u0a08\u0a28 \u0a05\u0a24\u0a47 \u0a38\u0a30\u0a4b\u0a24 \u0a15\u0a4b\u0a21, \u0a07\u0a38\u0a26\u0a47 \u0a2e\u0a3e\u0a32\u0a15\u0a3e\u0a02 \u0a26\u0a47 \u0a38\u0a2a\u0a71\u0a38\u0a3c\u0a1f \u0a05\u0a27\u0a3f\u0a15\u0a3e\u0a30 \u0a24\u0a4b\u0a02 \u0a2c\u0a3f\u0a28\u0a3e\u0a02 \u0a35\u0a30\u0a1c\u0a3f\u0a24 \u0a39\u0a48\u0964 \u0a15\u0a3f\u0a38\u0a47 \u0a35\u0a40 \u0a05\u0a23\u0a05\u0a27\u0a3f\u0a15\u0a3e\u0a30\u0a24 \u0a35\u0a30\u0a24\u0a4b\u0a02 &#039;\u0a24\u0a47 \u0a1c\u0a3e\u0a07\u0a1c\u0a3c \u0a2e\u0a3e\u0a32\u0a15\u0a3e\u0a02 \u0a26\u0a41\u0a06\u0a30\u0a3e \u0a15\u0a3e\u0a30\u0a35\u0a3e\u0a08 \u0a15\u0a40\u0a24\u0a40 \u0a1c\u0a3e\u0a35\u0a47\u0a17\u0a40\u0964<\/p>\n\n\n\n<p>LSSICE \u0a26\u0a47 \u0a06\u0a30\u0a1f\u0a40\u0a15\u0a32 17 \u0a35\u0a3f\u0a71\u0a1a \u0a38\u0a25\u0a3e\u0a2a\u0a3f\u0a24 \u0a15\u0a40\u0a24\u0a47 \u0a05\u0a28\u0a41\u0a38\u0a3e\u0a30, \u0a35\u0a48\u0a71\u0a2c\u0a38\u0a3e\u0a08\u0a1f \u0a26\u0a3e \u0a2e\u0a3e\u0a32\u0a15 \u0a09\u0a39\u0a28\u0a3e\u0a02 \u0a38\u0a2e\u0a71\u0a17\u0a30\u0a40\u0a06\u0a02 \u0a32\u0a08 \u0a1c\u0a3c\u0a3f\u0a70\u0a2e\u0a47\u0a35\u0a3e\u0a30 \u0a28\u0a39\u0a40\u0a02 \u0a39\u0a48 \u0a1c\u0a3f\u0a38 \u0a32\u0a08 \u0a07\u0a38 &#039;\u0a24\u0a47 \u0a38\u0a25\u0a3f\u0a24 \u0a32\u0a3f\u0a70\u0a15\u0a3e\u0a02 \u0a28\u0a42\u0a70 \u0a28\u0a3f\u0a30\u0a26\u0a47\u0a38\u0a3c\u0a3f\u0a24 \u0a15\u0a40\u0a24\u0a3e \u0a17\u0a3f\u0a06 \u0a39\u0a48\u0964<\/p>","protected":false},"excerpt":{"rendered":"<p>Datos fiscales Protecci\u00f3n de datos personales Los datos de car\u00e1cter personal que se recogen a trav\u00e9s de la p\u00e1gina web, son \u00fanicamente utilizados a efectos de prestar los servicios solicitados as\u00ed como proceder a la facturaci\u00f3n de los mismos. Sus datos ser\u00e1n ubicados en ficheros titularidad de FLEXIMAT SL a efectos de facturaci\u00f3n y ser\u00e1n&#8230;<\/p>","protected":false},"author":1,"featured_media":0,"parent":0,"menu_order":20,"comment_status":"closed","ping_status":"closed","template":"","meta":{"_kad_blocks_custom_css":"","_kad_blocks_head_custom_js":"","_kad_blocks_body_custom_js":"","_kad_blocks_footer_custom_js":"","_kadence_starter_templates_imported_post":false,"_kad_post_transparent":"","_kad_post_title":"","_kad_post_layout":"","_kad_post_sidebar_id":"","_kad_post_content_style":"","_kad_post_vertical_padding":"","_kad_post_feature":"","_kad_post_feature_position":"","_kad_post_header":false,"_kad_post_footer":false,"footnotes":""},"class_list":["post-1328","page","type-page","status-publish","hentry"],"yoast_head":"<!-- This site is optimized with the Yoast SEO plugin v21.7 - https:\/\/yoast.com\/wordpress\/plugins\/seo\/ -->\n<title>Aviso legal - Fleximat<\/title>\n<meta name=\"robots\" content=\"index, follow, max-snippet:-1, max-image-preview:large, max-video-preview:-1\" \/>\n<link rel=\"canonical\" href=\"https:\/\/www.fleximat.es\/pa\/aviso-legal\/\" \/>\n<meta property=\"og:locale\" content=\"pa_IN\" \/>\n<meta property=\"og:type\" content=\"article\" \/>\n<meta property=\"og:title\" content=\"Aviso legal - Fleximat\" \/>\n<meta property=\"og:description\" content=\"Datos fiscales Protecci\u00f3n de datos personales Los datos de car\u00e1cter personal que se recogen a trav\u00e9s de la p\u00e1gina web, son \u00fanicamente utilizados a efectos de prestar los servicios solicitados as\u00ed como proceder a la facturaci\u00f3n de los mismos. Sus datos ser\u00e1n ubicados en ficheros titularidad de FLEXIMAT SL a efectos de facturaci\u00f3n y ser\u00e1n...\" \/>\n<meta property=\"og:url\" content=\"https:\/\/www.fleximat.es\/pa\/aviso-legal\/\" \/>\n<meta property=\"og:site_name\" content=\"Fleximat\" \/>\n<meta property=\"article:modified_time\" content=\"2023-11-23T09:51:40+00:00\" \/>\n<meta name=\"twitter:card\" content=\"summary_large_image\" \/>\n<meta name=\"twitter:label1\" content=\"Est. reading time\" \/>\n\t<meta name=\"twitter:data1\" content=\"1 minute\" \/>\n<script type=\"application\/ld+json\" class=\"yoast-schema-graph\">{\"@context\":\"https:\/\/schema.org\",\"@graph\":[{\"@type\":\"WebPage\",\"@id\":\"https:\/\/www.fleximat.es\/aviso-legal\/\",\"url\":\"https:\/\/www.fleximat.es\/aviso-legal\/\",\"name\":\"Aviso legal - Fleximat\",\"isPartOf\":{\"@id\":\"https:\/\/www.fleximat.es\/bn\/#website\"},\"datePublished\":\"2023-10-10T16:46:51+00:00\",\"dateModified\":\"2023-11-23T09:51:40+00:00\",\"breadcrumb\":{\"@id\":\"https:\/\/www.fleximat.es\/aviso-legal\/#breadcrumb\"},\"inLanguage\":\"pa-IN\",\"potentialAction\":[{\"@type\":\"ReadAction\",\"target\":[\"https:\/\/www.fleximat.es\/aviso-legal\/\"]}]},{\"@type\":\"BreadcrumbList\",\"@id\":\"https:\/\/www.fleximat.es\/aviso-legal\/#breadcrumb\",\"itemListElement\":[{\"@type\":\"ListItem\",\"position\":1,\"name\":\"Portada\",\"item\":\"https:\/\/www.fleximat.es\/\"},{\"@type\":\"ListItem\",\"position\":2,\"name\":\"Aviso legal\"}]},{\"@type\":\"WebSite\",\"@id\":\"https:\/\/www.fleximat.es\/bn\/#website\",\"url\":\"https:\/\/www.fleximat.es\/bn\/\",\"name\":\"Fleximat\",\"description\":\"Tu soluci\u00f3n en prensaestopas y tubos flexibles\",\"publisher\":{\"@id\":\"https:\/\/www.fleximat.es\/bn\/#organization\"},\"potentialAction\":[{\"@type\":\"SearchAction\",\"target\":{\"@type\":\"EntryPoint\",\"urlTemplate\":\"https:\/\/www.fleximat.es\/bn\/?s={search_term_string}\"},\"query-input\":\"required name=search_term_string\"}],\"inLanguage\":\"pa-IN\"},{\"@type\":\"Organization\",\"@id\":\"https:\/\/www.fleximat.es\/bn\/#organization\",\"name\":\"Fleximat\",\"url\":\"https:\/\/www.fleximat.es\/bn\/\",\"logo\":{\"@type\":\"ImageObject\",\"inLanguage\":\"pa-IN\",\"@id\":\"https:\/\/www.fleximat.es\/bn\/#\/schema\/logo\/image\/\",\"url\":\"https:\/\/www.fleximat.es\/wp-content\/uploads\/2023\/11\/fleximat-logo-1.png\",\"contentUrl\":\"https:\/\/www.fleximat.es\/wp-content\/uploads\/2023\/11\/fleximat-logo-1.png\",\"width\":1169,\"height\":289,\"caption\":\"Fleximat\"},\"image\":{\"@id\":\"https:\/\/www.fleximat.es\/bn\/#\/schema\/logo\/image\/\"}}]}<\/script>\n<!-- \/ Yoast SEO plugin. -->","yoast_head_json":{"title":"Aviso legal - Fleximat","robots":{"index":"index","follow":"follow","max-snippet":"max-snippet:-1","max-image-preview":"max-image-preview:large","max-video-preview":"max-video-preview:-1"},"canonical":"https:\/\/www.fleximat.es\/pa\/aviso-legal\/","og_locale":"pa_IN","og_type":"article","og_title":"Aviso legal - Fleximat","og_description":"Datos fiscales Protecci\u00f3n de datos personales Los datos de car\u00e1cter personal que se recogen a trav\u00e9s de la p\u00e1gina web, son \u00fanicamente utilizados a efectos de prestar los servicios solicitados as\u00ed como proceder a la facturaci\u00f3n de los mismos. Sus datos ser\u00e1n ubicados en ficheros titularidad de FLEXIMAT SL a efectos de facturaci\u00f3n y ser\u00e1n...","og_url":"https:\/\/www.fleximat.es\/pa\/aviso-legal\/","og_site_name":"Fleximat","article_modified_time":"2023-11-23T09:51:40+00:00","twitter_card":"summary_large_image","twitter_misc":{"Est. reading time":"1 minute"},"schema":{"@context":"https:\/\/schema.org","@graph":[{"@type":"WebPage","@id":"https:\/\/www.fleximat.es\/aviso-legal\/","url":"https:\/\/www.fleximat.es\/aviso-legal\/","name":"Aviso legal - Fleximat","isPartOf":{"@id":"https:\/\/www.fleximat.es\/bn\/#website"},"datePublished":"2023-10-10T16:46:51+00:00","dateModified":"2023-11-23T09:51:40+00:00","breadcrumb":{"@id":"https:\/\/www.fleximat.es\/aviso-legal\/#breadcrumb"},"inLanguage":"pa-IN","potentialAction":[{"@type":"ReadAction","target":["https:\/\/www.fleximat.es\/aviso-legal\/"]}]},{"@type":"BreadcrumbList","@id":"https:\/\/www.fleximat.es\/aviso-legal\/#breadcrumb","itemListElement":[{"@type":"ListItem","position":1,"name":"Portada","item":"https:\/\/www.fleximat.es\/"},{"@type":"ListItem","position":2,"name":"Aviso legal"}]},{"@type":"WebSite","@id":"https:\/\/www.fleximat.es\/bn\/#website","url":"https:\/\/www.fleximat.es\/bn\/","name":"Fleximat","description":"Tu soluci\u00f3n en prensaestopas y tubos flexibles","publisher":{"@id":"https:\/\/www.fleximat.es\/bn\/#organization"},"potentialAction":[{"@type":"SearchAction","target":{"@type":"EntryPoint","urlTemplate":"https:\/\/www.fleximat.es\/bn\/?s={search_term_string}"},"query-input":"required name=search_term_string"}],"inLanguage":"pa-IN"},{"@type":"Organization","@id":"https:\/\/www.fleximat.es\/bn\/#organization","name":"Fleximat","url":"https:\/\/www.fleximat.es\/bn\/","logo":{"@type":"ImageObject","inLanguage":"pa-IN","@id":"https:\/\/www.fleximat.es\/bn\/#\/schema\/logo\/image\/","url":"https:\/\/www.fleximat.es\/wp-content\/uploads\/2023\/11\/fleximat-logo-1.png","contentUrl":"https:\/\/www.fleximat.es\/wp-content\/uploads\/2023\/11\/fleximat-logo-1.png","width":1169,"height":289,"caption":"Fleximat"},"image":{"@id":"https:\/\/www.fleximat.es\/bn\/#\/schema\/logo\/image\/"}}]}},"taxonomy_info":[],"featured_image_src_large":false,"author_info":{"display_name":"eloi","author_link":"https:\/\/www.fleximat.es\/pa\/author\/eloi\/"},"comment_info":0,"_links":{"self":[{"href":"https:\/\/www.fleximat.es\/pa\/wp-json\/wp\/v2\/pages\/1328"}],"collection":[{"href":"https:\/\/www.fleximat.es\/pa\/wp-json\/wp\/v2\/pages"}],"about":[{"href":"https:\/\/www.fleximat.es\/pa\/wp-json\/wp\/v2\/types\/page"}],"author":[{"embeddable":true,"href":"https:\/\/www.fleximat.es\/pa\/wp-json\/wp\/v2\/users\/1"}],"replies":[{"embeddable":true,"href":"https:\/\/www.fleximat.es\/pa\/wp-json\/wp\/v2\/comments?post=1328"}],"version-history":[{"count":0,"href":"https:\/\/www.fleximat.es\/pa\/wp-json\/wp\/v2\/pages\/1328\/revisions"}],"wp:attachment":[{"href":"https:\/\/www.fleximat.es\/pa\/wp-json\/wp\/v2\/media?parent=1328"}],"curies":[{"name":"wp","href":"https:\/\/api.w.org\/{rel}","templated":true}]}}