{"id":1331,"date":"2023-10-10T18:47:12","date_gmt":"2023-10-10T16:47:12","guid":{"rendered":"https:\/\/www.fleximat.es\/?page_id=1331"},"modified":"2024-01-24T10:27:40","modified_gmt":"2024-01-24T09:27:40","slug":"declaracion-de-accesibilidad","status":"publish","type":"page","link":"https:\/\/www.fleximat.es\/pa\/declaracion-de-accesibilidad\/","title":{"rendered":"\u0a2a\u0a39\u0a41\u0a70\u0a1a\u0a2f\u0a4b\u0a17\u0a24\u0a3e \u0a2c\u0a3f\u0a06\u0a28"},"content":{"rendered":"<p>Fleximat \u0a28\u0a47 7 \u0a38\u0a24\u0a70\u0a2c\u0a30 \u0a26\u0a47 \u0a30\u0a3e\u0a07\u0a32 \u0a2b\u0a30\u0a2e\u0a3e\u0a28 1112\/2018 \u0a26\u0a47 \u0a05\u0a28\u0a41\u0a38\u0a3e\u0a30, \u0a1c\u0a28\u0a24\u0a15 \u0a16\u0a47\u0a24\u0a30 \u0a35\u0a3f\u0a71\u0a1a \u0a2e\u0a4b\u0a2c\u0a3e\u0a08\u0a32 \u0a21\u0a3f\u0a35\u0a3e\u0a08\u0a38\u0a3e\u0a02 \u0a32\u0a08 \u0a35\u0a48\u0a2c\u0a38\u0a3e\u0a08\u0a1f\u0a3e\u0a02 \u0a05\u0a24\u0a47 \u0a10\u0a2a\u0a32\u0a40\u0a15\u0a47\u0a38\u0a3c\u0a28\u0a3e\u0a02 \u0a26\u0a40 \u0a2a\u0a39\u0a41\u0a70\u0a1a\u0a2f\u0a4b\u0a17\u0a24\u0a3e &#039;\u0a24\u0a47 \u0a06\u0a2a\u0a23\u0a40 \u0a35\u0a48\u0a2c\u0a38\u0a3e\u0a08\u0a1f \u0a28\u0a42\u0a70 \u0a2a\u0a39\u0a41\u0a70\u0a1a\u0a2f\u0a4b\u0a17 \u0a2c\u0a23\u0a3e\u0a09\u0a23 \u0a32\u0a08 \u0a35\u0a1a\u0a28\u0a2c\u0a71\u0a27 \u0a15\u0a40\u0a24\u0a3e \u0a39\u0a48\u0964<\/p>\n\n\n\n<p>\u0a07\u0a39 \u0a2a\u0a39\u0a41\u0a70\u0a1a\u0a2f\u0a4b\u0a17\u0a24\u0a3e \u0a2c\u0a3f\u0a06\u0a28 \u0a07\u0a38 \u0a35\u0a48\u0a71\u0a2c\u0a38\u0a3e\u0a08\u0a1f &#039;\u0a24\u0a47 \u0a32\u0a3e\u0a17\u0a42 \u0a39\u0a41\u0a70\u0a26\u0a3e \u0a39\u0a48\u0964<\/p>\n\n\n\n<h2 class=\"wp-block-heading\">\u0a2a\u0a3e\u0a32\u0a23\u0a3e \u0a38\u0a25\u0a3f\u0a24\u0a40<\/h2>\n\n\n\n<p>\u0a07\u0a39 \u0a35\u0a48\u0a71\u0a2c\u0a38\u0a3e\u0a08\u0a1f RD 1112\/2018 \u0a26\u0a47 \u0a05\u0a28\u0a41\u0a38\u0a3e\u0a30 \u0a24\u0a3f\u0a06\u0a30 \u0a15\u0a40\u0a24\u0a40 \u0a17\u0a08 \u0a39\u0a48<\/p>\n\n\n\n<h2 class=\"wp-block-heading\">\u0a05\u0a17\u0a32\u0a47 \u0a05\u0a38\u0a48\u0a38\u0a2c\u0a3f\u0a32\u0a1f\u0a40 \u0a38\u0a1f\u0a47\u0a1f\u0a2e\u0a48\u0a02\u0a1f \u0a32\u0a08 \u0a24\u0a3f\u0a06\u0a30\u0a40<\/h2>\n\n\n\n<p>\u0a07\u0a39 \u0a2c\u0a3f\u0a06\u0a28 20 \u0a2e\u0a08, 2023 \u0a28\u0a42\u0a70 \u0a24\u0a3f\u0a06\u0a30 \u0a15\u0a40\u0a24\u0a3e \u0a17\u0a3f\u0a06 \u0a38\u0a40\u0964<\/p>\n\n\n\n<p>\u0a18\u0a4b\u0a38\u0a3c\u0a23\u0a3e \u0a2a\u0a71\u0a24\u0a30 \u0a24\u0a3f\u0a06\u0a30 \u0a15\u0a30\u0a28 \u0a32\u0a08 \u0a35\u0a30\u0a24\u0a3f\u0a06 \u0a1c\u0a3e\u0a23 \u0a35\u0a3e\u0a32\u0a3e \u0a24\u0a30\u0a40\u0a15\u0a3e \u0a07\u0a71\u0a15 \u0a38\u0a35\u0a48-\u0a2e\u0a41\u0a32\u0a3e\u0a02\u0a15\u0a23 \u0a39\u0a48\u0964<\/p>\n\n\n\n<h2 class=\"wp-block-heading\">\u0a28\u0a3f\u0a30\u0a40\u0a16\u0a23 \u0a05\u0a24\u0a47 \u0a38\u0a70\u0a2a\u0a30\u0a15 \u0a1c\u0a3e\u0a23\u0a15\u0a3e\u0a30\u0a40<\/h2>\n\n\n\n<p>\u0a24\u0a41\u0a38\u0a40\u0a02 \u0a2a\u0a39\u0a41\u0a70\u0a1a\u0a2f\u0a4b\u0a17\u0a24\u0a3e \u0a32\u0a4b\u0a5c\u0a3e\u0a02 \u0a2c\u0a3e\u0a30\u0a47 \u0a38\u0a70\u0a1a\u0a3e\u0a30 \u0a15\u0a30 \u0a38\u0a15\u0a26\u0a47 \u0a39\u0a4b (RD 1112\/2018 \u0a26\u0a3e \u0a06\u0a30\u0a1f\u0a40\u0a15\u0a32 10.2.a) \u0a1c\u0a3f\u0a35\u0a47\u0a02 \u0a15\u0a3f:<\/p>\n\n\n\n<ul class=\"wp-block-list\">\n<li>\u0a07\u0a38 \u0a35\u0a48\u0a71\u0a2c\u0a38\u0a3e\u0a08\u0a1f \u0a26\u0a41\u0a06\u0a30\u0a3e \u0a15\u0a3f\u0a38\u0a47 \u0a35\u0a40 \u0a38\u0a70\u0a2d\u0a3e\u0a35\u0a3f\u0a24 \u0a09\u0a32\u0a70\u0a18\u0a23\u0a3e \u0a26\u0a40 \u0a30\u0a3f\u0a2a\u0a4b\u0a30\u0a1f \u0a15\u0a30\u0a4b<\/li>\n\n\n\n<li>\u0a39\u0a4b\u0a30 \u0a38\u0a2e\u0a71\u0a17\u0a30\u0a40 \u0a2a\u0a39\u0a41\u0a70\u0a1a \u0a2e\u0a41\u0a38\u0a3c\u0a15\u0a32 \u0a38\u0a70\u0a1a\u0a3e\u0a30<\/li>\n\n\n\n<li>\u0a26\u0a41\u0a06\u0a30\u0a3e \u0a35\u0a48\u0a2c\u0a38\u0a3e\u0a08\u0a1f \u0a26\u0a40 \u0a2a\u0a39\u0a41\u0a70\u0a1a\u0a2f\u0a4b\u0a17\u0a24\u0a3e \u0a26\u0a47 \u0a38\u0a2c\u0a70\u0a27 \u0a35\u0a3f\u0a71\u0a1a \u0a38\u0a41\u0a27\u0a3e\u0a30 \u0a32\u0a08 \u0a15\u0a4b\u0a08 \u0a39\u0a4b\u0a30 \u0a2a\u0a41\u0a71\u0a1b\u0a17\u0a3f\u0a71\u0a1b \u0a1c\u0a3e\u0a02 \u0a38\u0a41\u0a1d\u0a3e\u0a05 \u0a24\u0a3f\u0a06\u0a30 \u0a15\u0a30\u0a4b\u00a0<a href=\"https:\/\/www.fleximat.es\/pa\/contacto\/\">\u0a38\u0a70\u0a2a\u0a30\u0a15 \u0a2b\u0a3e\u0a30\u0a2e<\/a>\u00a0\u0a07\u0a38 \u0a35\u0a48\u0a71\u0a2c\u0a38\u0a3e\u0a08\u0a1f \u0a24\u0a4b\u0a02 \u0a1c\u0a3e\u0a02 \u0a1f\u0a48\u0a32\u0a40\u0a2b\u0a3c\u0a4b\u0a28 \u0a28\u0a70\u0a2c\u0a30 635 72 78 47 \u0a30\u0a3e\u0a39\u0a40\u0a02<\/li>\n<\/ul>\n\n\n\n<p>\u0a24\u0a41\u0a38\u0a40\u0a02 \u0a2a\u0a47\u0a38\u0a3c \u0a15\u0a30 \u0a38\u0a15\u0a26\u0a47 \u0a39\u0a4b:<\/p>\n\n\n\n<ul class=\"wp-block-list\">\n<li>\u0a06\u0a30\u0a21\u0a40 1112\/2018 \u0a26\u0a40\u0a06\u0a02 \u0a32\u0a4b\u0a5c\u0a3e\u0a02 \u0a26\u0a40 \u0a2a\u0a3e\u0a32\u0a23\u0a3e \u0a2c\u0a3e\u0a30\u0a47 \u0a38\u0a3c\u0a3f\u0a15\u0a3e\u0a07\u0a24<\/li>\n\n\n\n<li>\u0a07\u0a38 \u0a38\u0a70\u0a2c\u0a70\u0a27\u0a40 \u0a2a\u0a39\u0a41\u0a70\u0a1a\u0a2f\u0a4b\u0a17 \u0a1c\u0a3e\u0a23\u0a15\u0a3e\u0a30\u0a40 \u0a32\u0a08 \u0a2c\u0a47\u0a28\u0a24\u0a40:\n<ul class=\"wp-block-list\">\n<li>\u0a06\u0a30\u0a1f\u0a40\u0a15\u0a32 3, \u0a38\u0a48\u0a15\u0a38\u0a3c\u0a28 4 \u0a35\u0a3f\u0a71\u0a1a \u0a38\u0a25\u0a3e\u0a2a\u0a3f\u0a24 \u0a15\u0a40\u0a24\u0a47 \u0a05\u0a28\u0a41\u0a38\u0a3e\u0a30 \u0a06\u0a30\u0a21\u0a40 1112\/2018 \u0a26\u0a40 \u0a05\u0a30\u0a1c\u0a3c\u0a40 \u0a26\u0a47 \u0a26\u0a3e\u0a07\u0a30\u0a47 \u0a24\u0a4b\u0a02 \u0a2c\u0a3e\u0a39\u0a30 \u0a30\u0a71\u0a16\u0a40 \u0a17\u0a08 \u0a38\u0a2e\u0a71\u0a17\u0a30\u0a40<\/li>\n\n\n\n<li>\u0a38\u0a2e\u0a71\u0a17\u0a30\u0a40 \u0a1c\u0a4b \u0a05\u0a38\u0a48\u0a38\u0a2c\u0a3f\u0a32\u0a1f\u0a40 \u0a32\u0a4b\u0a5c\u0a3e\u0a02 \u0a26\u0a40 \u0a2a\u0a3e\u0a32\u0a23\u0a3e \u0a15\u0a30\u0a28 \u0a24\u0a4b\u0a02 \u0a1b\u0a4b\u0a1f \u0a2a\u0a4d\u0a30\u0a3e\u0a2a\u0a24 \u0a39\u0a48 \u0a05\u0a24\u0a47 \u0a07\u0a71\u0a15 \u0a05\u0a38\u0a2a\u0a71\u0a38\u0a3c\u0a1f \u0a2c\u0a4b\u0a1d \u0a32\u0a17\u0a3e\u0a09\u0a23 \u0a32\u0a08<\/li>\n\n\n\n<li>\u0a2a\u0a39\u0a41\u0a70\u0a1a\u0a2f\u0a4b\u0a17 \u0a1c\u0a3e\u0a23\u0a15\u0a3e\u0a30\u0a40 \u0a26\u0a40 \u0a2c\u0a47\u0a28\u0a24\u0a40 \u0a35\u0a3f\u0a71\u0a1a, \u0a24\u0a71\u0a25\u0a3e\u0a02, \u0a15\u0a3e\u0a30\u0a28\u0a3e\u0a02 \u0a05\u0a24\u0a47 \u0a2c\u0a47\u0a28\u0a24\u0a40 \u0a28\u0a42\u0a70 \u0a38\u0a2a\u0a38\u0a3c\u0a1f \u0a24\u0a4c\u0a30 &#039;\u0a24\u0a47 \u0a28\u0a3f\u0a30\u0a26\u0a3f\u0a38\u0a3c\u0a1f \u0a15\u0a40\u0a24\u0a3e \u0a1c\u0a3e\u0a23\u0a3e \u0a1a\u0a3e\u0a39\u0a40\u0a26\u0a3e \u0a39\u0a48, \u0a1c\u0a3f\u0a38 \u0a28\u0a3e\u0a32 \u0a07\u0a39 \u0a2a\u0a41\u0a38\u0a3c\u0a1f\u0a40 \u0a15\u0a40\u0a24\u0a40 \u0a1c\u0a3e \u0a38\u0a15\u0a47 \u0a15\u0a3f \u0a07\u0a39 \u0a07\u0a71\u0a15 \u0a35\u0a3e\u0a1c\u0a2c \u0a05\u0a24\u0a47 \u0a1c\u0a3e\u0a07\u0a1c\u0a3c \u0a2c\u0a47\u0a28\u0a24\u0a40 \u0a39\u0a48\u0964<\/li>\n<\/ul>\n<\/li>\n<\/ul>\n\n\n\n<p>\u0a2a\u0a39\u0a41\u0a70\u0a1a\u0a2f\u0a4b\u0a17 \u0a1c\u0a3e\u0a23\u0a15\u0a3e\u0a30\u0a40 \u0a2c\u0a3e\u0a30\u0a47 \u0a38\u0a3c\u0a3f\u0a15\u0a3e\u0a07\u0a24\u0a3e\u0a02 \u0a05\u0a24\u0a47 \u0a26\u0a3e\u0a05\u0a35\u0a47 \u0a07\u0a32\u0a48\u0a15\u0a1f\u0a4d\u0a30\u0a3e\u0a28\u0a3f\u0a15 \u0a39\u0a48\u0a71\u0a21\u0a15\u0a41\u0a06\u0a30\u0a1f\u0a30 \u0a30\u0a3e\u0a39\u0a40\u0a02 \u0a15\u0a40\u0a24\u0a47 \u0a1c\u0a3e\u0a23\u0a17\u0a47 (<a href=\"https:\/\/sede.red.gob.es\/procedimientos\/quejas-y-sugerencias\" target=\"_blank\" rel=\"noreferrer noopener\">https:\/\/sede.red.gob.es\/procedimientos\/quejas-y-sugerencias<\/a>), \u0a05\u0a24\u0a47 Red.es \u0a26\u0a47 \u0a38\u0a42\u0a1a\u0a28\u0a3e \u0a38\u0a3f\u0a38\u0a1f\u0a2e \u0a16\u0a47\u0a24\u0a30 \u0a26\u0a41\u0a06\u0a30\u0a3e \u0a2a\u0a4d\u0a30\u0a3e\u0a2a\u0a24 \u0a05\u0a24\u0a47 \u0a2a\u0a4d\u0a30\u0a15\u0a3f\u0a30\u0a3f\u0a06 \u0a15\u0a40\u0a24\u0a40 \u0a1c\u0a3e\u0a35\u0a47\u0a17\u0a40\u0964<\/p>\n\n\n\n<h2 class=\"wp-block-heading\">\u0a35\u0a3f\u0a15\u0a32\u0a2a\u0a3f\u0a15 \u0a38\u0a2e\u0a71\u0a17\u0a30\u0a40<\/h2>\n\n\n\n<ul class=\"wp-block-list\">\n<li>\u0a1c\u0a47\u0a15\u0a30 \u0a24\u0a41\u0a38\u0a40\u0a02 \u0a2e\u0a41\u0a71\u0a16 \u0a17\u0a4d\u0a30\u0a3e\u0a2b\u0a3f\u0a15\u0a32 \u0a2c\u0a4d\u0a30\u0a3e\u0a0a\u0a1c\u0a3c\u0a30\u0a3e\u0a02 \u0a35\u0a3f\u0a71\u0a1a \u0a1f\u0a48\u0a15\u0a38\u0a1f \u0a26\u0a47 \u0a2b\u0a4c\u0a02\u0a1f \u0a26\u0a3e \u0a06\u0a15\u0a3e\u0a30 \u0a2c\u0a26\u0a32\u0a23\u0a3e \u0a1a\u0a3e\u0a39\u0a41\u0a70\u0a26\u0a47 \u0a39\u0a4b, \u0a24\u0a3e\u0a02 \u0a39\u0a47\u0a20\u0a3e\u0a02 \u0a26\u0a3f\u0a71\u0a24\u0a47 \u0a2e\u0a47\u0a28\u0a42 \u0a26\u0a40 \u0a35\u0a30\u0a24\u0a4b\u0a02 \u0a15\u0a30\u0a4b:<\/li>\n\n\n\n<li>Safari: \u0a35\u0a47\u0a16\u0a4b &gt; \u0a1f\u0a48\u0a15\u0a38\u0a1f \u0a28\u0a42\u0a70 \u0a35\u0a71\u0a21\u0a3e \u0a2c\u0a23\u0a3e\u0a13<\/li>\n\n\n\n<li>\u0a15\u0a30\u0a4b\u0a2e: \u0a2e\u0a4c\u0a1c\u0a42\u0a26\u0a3e \u0a2a\u0a70\u0a28\u0a47 \u0a28\u0a42\u0a70 \u0a15\u0a70\u0a1f\u0a30\u0a4b\u0a32 \u0a15\u0a30\u0a4b &gt; \u0a1f\u0a48\u0a15\u0a38\u0a1f \u0a06\u0a15\u0a3e\u0a30<\/li>\n<\/ul>\n\n\n\n<p>\u0a2a\u0a70\u0a28\u0a47 &#039;\u0a24\u0a47 \u0a39\u0a30 \u0a1a\u0a40\u0a1c\u0a3c \u0a26\u0a3e \u0a06\u0a15\u0a3e\u0a30 \u0a2c\u0a26\u0a32\u0a23 \u0a32\u0a08:<\/p>\n\n\n\n<ul class=\"wp-block-list\">\n<li>\u0a07\u0a38 \u0a28\u0a42\u0a70 \u0a35\u0a27\u0a3e\u0a09\u0a23 \u0a32\u0a08 Ctrl++<\/li>\n\n\n\n<li>Ctrl + - \u0a07\u0a38\u0a28\u0a42\u0a70 \u0a18\u0a1f\u0a3e\u0a09\u0a23 \u0a32\u0a08<\/li>\n\n\n\n<li>Ctrl + 0 \u0a2e\u0a42\u0a32 \u0a1f\u0a48\u0a15\u0a38\u0a1f \u0a06\u0a15\u0a3e\u0a30 \u0a28\u0a42\u0a70 \u0a30\u0a40\u0a38\u0a1f\u0a4b\u0a30 \u0a15\u0a30\u0a26\u0a3e \u0a39\u0a48<\/li>\n\n\n\n<li>\u0a1c\u0a47\u0a15\u0a30 \u0a24\u0a41\u0a38\u0a40\u0a02 \u0a38\u0a1f\u0a3e\u0a08\u0a32 \u0a38\u0a3c\u0a40\u0a1f \u0a28\u0a42\u0a70 \u0a13\u0a35\u0a30\u0a30\u0a3e\u0a08\u0a21 \u0a15\u0a30\u0a28\u0a3e \u0a1a\u0a3e\u0a39\u0a41\u0a70\u0a26\u0a47 \u0a39\u0a4b \u0a1c\u0a3e\u0a02 \u0a1f\u0a48\u0a15\u0a38\u0a1f \u0a26\u0a47 \u0a30\u0a70\u0a17 \u0a28\u0a42\u0a70 \u0a38\u0a4b\u0a27\u0a23\u0a3e \u0a1a\u0a3e\u0a39\u0a41\u0a70\u0a26\u0a47 \u0a39\u0a4b, \u0a24\u0a3e\u0a02 \u0a24\u0a41\u0a38\u0a40\u0a02 WAI \u0a26\u0a47 \u0a1f\u0a48\u0a15\u0a38\u0a1f \u0a38\u0a3e\u0a08\u0a1c\u0a3c \u0a1c\u0a3e\u0a02 \u0a30\u0a70\u0a17\u0a3e\u0a02 \u0a28\u0a42\u0a70 \u0a15\u0a3f\u0a35\u0a47\u0a02 \u0a2c\u0a26\u0a32\u0a23\u0a3e \u0a39\u0a48 \u0a2a\u0a70\u0a28\u0a47 \u0a26\u0a40 \u0a38\u0a32\u0a3e\u0a39 \u0a32\u0a48 \u0a38\u0a15\u0a26\u0a47 \u0a39\u0a4b, \u0a1c\u0a3f\u0a38 \u0a28\u0a42\u0a70 \u0a38\u0a2a\u0a48\u0a28\u0a3f\u0a38\u0a3c \u0a35\u0a3f\u0a71\u0a1a \u0a05\u0a28\u0a41\u0a35\u0a3e\u0a26 \u0a15\u0a40\u0a24\u0a3e \u0a17\u0a3f\u0a06 \u0a2a\u0a5c\u0a4d\u0a39\u0a3f\u0a06 \u0a1c\u0a3e \u0a38\u0a15\u0a26\u0a3e \u0a39\u0a48, \u0a1f\u0a48\u0a15\u0a38\u0a1f \u0a26\u0a3e \u0a06\u0a15\u0a3e\u0a30 \u0a1c\u0a3e\u0a02 \u0a30\u0a70\u0a17 \u0a15\u0a3f\u0a35\u0a47\u0a02 \u0a2c\u0a26\u0a32\u0a23\u0a3e \u0a39\u0a48?<\/li>\n<\/ul>","protected":false},"excerpt":{"rendered":"<p>Fleximat&nbsp;se ha comprometido a hacer accesible su sitio web, de conformidad con el Real Decreto 1112\/2018, de 7 de septiembre, sobre accesibilidad de los sitios web y aplicaciones para dispositivos m\u00f3viles del sector p\u00fablico. Esta declaraci\u00f3n de accesibilidad se aplica a esta web. Situaci\u00f3n de cumplimiento Este sitio web est\u00e1 desarrollado de acuerdo con el&#8230;<\/p>","protected":false},"author":1,"featured_media":0,"parent":0,"menu_order":19,"comment_status":"closed","ping_status":"closed","template":"","meta":{"_kad_blocks_custom_css":"","_kad_blocks_head_custom_js":"","_kad_blocks_body_custom_js":"","_kad_blocks_footer_custom_js":"","_kadence_starter_templates_imported_post":false,"_kad_post_transparent":"","_kad_post_title":"","_kad_post_layout":"","_kad_post_sidebar_id":"","_kad_post_content_style":"","_kad_post_vertical_padding":"","_kad_post_feature":"","_kad_post_feature_position":"","_kad_post_header":false,"_kad_post_footer":false,"footnotes":""},"class_list":["post-1331","page","type-page","status-publish","hentry"],"yoast_head":"<!-- This site is optimized with the Yoast SEO plugin v21.7 - https:\/\/yoast.com\/wordpress\/plugins\/seo\/ -->\n<title>Declaraci\u00f3n de accesibilidad - Fleximat<\/title>\n<meta name=\"robots\" content=\"index, follow, max-snippet:-1, max-image-preview:large, max-video-preview:-1\" \/>\n<link rel=\"canonical\" href=\"https:\/\/www.fleximat.es\/pa\/declaracion-de-accesibilidad\/\" \/>\n<meta property=\"og:locale\" content=\"pa_IN\" \/>\n<meta property=\"og:type\" content=\"article\" \/>\n<meta property=\"og:title\" content=\"Declaraci\u00f3n de accesibilidad - Fleximat\" \/>\n<meta property=\"og:description\" content=\"Fleximat&nbsp;se ha comprometido a hacer accesible su sitio web, de conformidad con el Real Decreto 1112\/2018, de 7 de septiembre, sobre accesibilidad de los sitios web y aplicaciones para dispositivos m\u00f3viles del sector p\u00fablico. Esta declaraci\u00f3n de accesibilidad se aplica a esta web. Situaci\u00f3n de cumplimiento Este sitio web est\u00e1 desarrollado de acuerdo con el...\" \/>\n<meta property=\"og:url\" content=\"https:\/\/www.fleximat.es\/pa\/declaracion-de-accesibilidad\/\" \/>\n<meta property=\"og:site_name\" content=\"Fleximat\" \/>\n<meta property=\"article:modified_time\" content=\"2024-01-24T09:27:40+00:00\" \/>\n<meta name=\"twitter:card\" content=\"summary_large_image\" \/>\n<meta name=\"twitter:label1\" content=\"Est. reading time\" \/>\n\t<meta name=\"twitter:data1\" content=\"2 minutes\" \/>\n<script type=\"application\/ld+json\" class=\"yoast-schema-graph\">{\"@context\":\"https:\/\/schema.org\",\"@graph\":[{\"@type\":\"WebPage\",\"@id\":\"https:\/\/www.fleximat.es\/declaracion-de-accesibilidad\/\",\"url\":\"https:\/\/www.fleximat.es\/declaracion-de-accesibilidad\/\",\"name\":\"Declaraci\u00f3n de accesibilidad - Fleximat\",\"isPartOf\":{\"@id\":\"https:\/\/www.fleximat.es\/bn\/#website\"},\"datePublished\":\"2023-10-10T16:47:12+00:00\",\"dateModified\":\"2024-01-24T09:27:40+00:00\",\"breadcrumb\":{\"@id\":\"https:\/\/www.fleximat.es\/declaracion-de-accesibilidad\/#breadcrumb\"},\"inLanguage\":\"pa-IN\",\"potentialAction\":[{\"@type\":\"ReadAction\",\"target\":[\"https:\/\/www.fleximat.es\/declaracion-de-accesibilidad\/\"]}]},{\"@type\":\"BreadcrumbList\",\"@id\":\"https:\/\/www.fleximat.es\/declaracion-de-accesibilidad\/#breadcrumb\",\"itemListElement\":[{\"@type\":\"ListItem\",\"position\":1,\"name\":\"Portada\",\"item\":\"https:\/\/www.fleximat.es\/\"},{\"@type\":\"ListItem\",\"position\":2,\"name\":\"Declaraci\u00f3n de accesibilidad\"}]},{\"@type\":\"WebSite\",\"@id\":\"https:\/\/www.fleximat.es\/bn\/#website\",\"url\":\"https:\/\/www.fleximat.es\/bn\/\",\"name\":\"Fleximat\",\"description\":\"Tu soluci\u00f3n en prensaestopas y tubos flexibles\",\"publisher\":{\"@id\":\"https:\/\/www.fleximat.es\/bn\/#organization\"},\"potentialAction\":[{\"@type\":\"SearchAction\",\"target\":{\"@type\":\"EntryPoint\",\"urlTemplate\":\"https:\/\/www.fleximat.es\/bn\/?s={search_term_string}\"},\"query-input\":\"required name=search_term_string\"}],\"inLanguage\":\"pa-IN\"},{\"@type\":\"Organization\",\"@id\":\"https:\/\/www.fleximat.es\/bn\/#organization\",\"name\":\"Fleximat\",\"url\":\"https:\/\/www.fleximat.es\/bn\/\",\"logo\":{\"@type\":\"ImageObject\",\"inLanguage\":\"pa-IN\",\"@id\":\"https:\/\/www.fleximat.es\/bn\/#\/schema\/logo\/image\/\",\"url\":\"https:\/\/www.fleximat.es\/wp-content\/uploads\/2023\/11\/fleximat-logo-1.png\",\"contentUrl\":\"https:\/\/www.fleximat.es\/wp-content\/uploads\/2023\/11\/fleximat-logo-1.png\",\"width\":1169,\"height\":289,\"caption\":\"Fleximat\"},\"image\":{\"@id\":\"https:\/\/www.fleximat.es\/bn\/#\/schema\/logo\/image\/\"}}]}<\/script>\n<!-- \/ Yoast SEO plugin. -->","yoast_head_json":{"title":"Declaraci\u00f3n de accesibilidad - Fleximat","robots":{"index":"index","follow":"follow","max-snippet":"max-snippet:-1","max-image-preview":"max-image-preview:large","max-video-preview":"max-video-preview:-1"},"canonical":"https:\/\/www.fleximat.es\/pa\/declaracion-de-accesibilidad\/","og_locale":"pa_IN","og_type":"article","og_title":"Declaraci\u00f3n de accesibilidad - Fleximat","og_description":"Fleximat&nbsp;se ha comprometido a hacer accesible su sitio web, de conformidad con el Real Decreto 1112\/2018, de 7 de septiembre, sobre accesibilidad de los sitios web y aplicaciones para dispositivos m\u00f3viles del sector p\u00fablico. Esta declaraci\u00f3n de accesibilidad se aplica a esta web. Situaci\u00f3n de cumplimiento Este sitio web est\u00e1 desarrollado de acuerdo con el...","og_url":"https:\/\/www.fleximat.es\/pa\/declaracion-de-accesibilidad\/","og_site_name":"Fleximat","article_modified_time":"2024-01-24T09:27:40+00:00","twitter_card":"summary_large_image","twitter_misc":{"Est. reading time":"2 minutes"},"schema":{"@context":"https:\/\/schema.org","@graph":[{"@type":"WebPage","@id":"https:\/\/www.fleximat.es\/declaracion-de-accesibilidad\/","url":"https:\/\/www.fleximat.es\/declaracion-de-accesibilidad\/","name":"Declaraci\u00f3n de accesibilidad - Fleximat","isPartOf":{"@id":"https:\/\/www.fleximat.es\/bn\/#website"},"datePublished":"2023-10-10T16:47:12+00:00","dateModified":"2024-01-24T09:27:40+00:00","breadcrumb":{"@id":"https:\/\/www.fleximat.es\/declaracion-de-accesibilidad\/#breadcrumb"},"inLanguage":"pa-IN","potentialAction":[{"@type":"ReadAction","target":["https:\/\/www.fleximat.es\/declaracion-de-accesibilidad\/"]}]},{"@type":"BreadcrumbList","@id":"https:\/\/www.fleximat.es\/declaracion-de-accesibilidad\/#breadcrumb","itemListElement":[{"@type":"ListItem","position":1,"name":"Portada","item":"https:\/\/www.fleximat.es\/"},{"@type":"ListItem","position":2,"name":"Declaraci\u00f3n de accesibilidad"}]},{"@type":"WebSite","@id":"https:\/\/www.fleximat.es\/bn\/#website","url":"https:\/\/www.fleximat.es\/bn\/","name":"Fleximat","description":"Tu soluci\u00f3n en prensaestopas y tubos flexibles","publisher":{"@id":"https:\/\/www.fleximat.es\/bn\/#organization"},"potentialAction":[{"@type":"SearchAction","target":{"@type":"EntryPoint","urlTemplate":"https:\/\/www.fleximat.es\/bn\/?s={search_term_string}"},"query-input":"required name=search_term_string"}],"inLanguage":"pa-IN"},{"@type":"Organization","@id":"https:\/\/www.fleximat.es\/bn\/#organization","name":"Fleximat","url":"https:\/\/www.fleximat.es\/bn\/","logo":{"@type":"ImageObject","inLanguage":"pa-IN","@id":"https:\/\/www.fleximat.es\/bn\/#\/schema\/logo\/image\/","url":"https:\/\/www.fleximat.es\/wp-content\/uploads\/2023\/11\/fleximat-logo-1.png","contentUrl":"https:\/\/www.fleximat.es\/wp-content\/uploads\/2023\/11\/fleximat-logo-1.png","width":1169,"height":289,"caption":"Fleximat"},"image":{"@id":"https:\/\/www.fleximat.es\/bn\/#\/schema\/logo\/image\/"}}]}},"taxonomy_info":[],"featured_image_src_large":false,"author_info":{"display_name":"eloi","author_link":"https:\/\/www.fleximat.es\/pa\/author\/eloi\/"},"comment_info":0,"_links":{"self":[{"href":"https:\/\/www.fleximat.es\/pa\/wp-json\/wp\/v2\/pages\/1331"}],"collection":[{"href":"https:\/\/www.fleximat.es\/pa\/wp-json\/wp\/v2\/pages"}],"about":[{"href":"https:\/\/www.fleximat.es\/pa\/wp-json\/wp\/v2\/types\/page"}],"author":[{"embeddable":true,"href":"https:\/\/www.fleximat.es\/pa\/wp-json\/wp\/v2\/users\/1"}],"replies":[{"embeddable":true,"href":"https:\/\/www.fleximat.es\/pa\/wp-json\/wp\/v2\/comments?post=1331"}],"version-history":[{"count":1,"href":"https:\/\/www.fleximat.es\/pa\/wp-json\/wp\/v2\/pages\/1331\/revisions"}],"predecessor-version":[{"id":3622,"href":"https:\/\/www.fleximat.es\/pa\/wp-json\/wp\/v2\/pages\/1331\/revisions\/3622"}],"wp:attachment":[{"href":"https:\/\/www.fleximat.es\/pa\/wp-json\/wp\/v2\/media?parent=1331"}],"curies":[{"name":"wp","href":"https:\/\/api.w.org\/{rel}","templated":true}]}}