{"id":1772,"date":"2023-10-18T17:54:29","date_gmt":"2023-10-18T15:54:29","guid":{"rendered":"https:\/\/www.fleximat.es\/?post_type=product&#038;p=1772"},"modified":"2023-10-25T09:08:02","modified_gmt":"2023-10-25T07:08:02","slug":"prensaestopas-atex-sin-armar-antitorsion","status":"publish","type":"product","link":"https:\/\/www.fleximat.es\/pa\/product\/prensaestopas-atex-sin-armar-antitorsion\/","title":{"rendered":"ATEX \u0a15\u0a47\u0a2c\u0a32 \u0a17\u0a32\u0a48\u0a02\u0a21\u0a38 \u0a05\u0a28\u0a38\u0a48\u0a02\u0a2c\u0a32\u0a21 \u0a10\u0a02\u0a1f\u0a40-\u0a1f\u0a4c\u0a30\u0a38\u0a3c\u0a28"},"content":{"rendered":"<h3>\u0a09\u0a24\u0a2a\u0a3e\u0a26 \u0a26\u0a3e \u0a35\u0a47\u0a30\u0a35\u0a3e<\/h3>\n<p><span style=\"font-weight: 400;\">ATEX \u0a10\u0a02\u0a1f\u0a40-\u0a1f\u0a35\u0a3f\u0a38\u0a1f \u0a15\u0a47\u0a2c\u0a32 \u0a17\u0a32\u0a48\u0a02\u0a21\u0a1c\u0a3c \u0a35\u0a30\u0a17\u0a40\u0a15\u0a4d\u0a30\u0a3f\u0a24 \u0a16\u0a24\u0a30\u0a28\u0a3e\u0a15 \u0a35\u0a3e\u0a24\u0a3e\u0a35\u0a30\u0a23\u0a3e\u0a02 \u0a32\u0a08 \u0a35\u0a3f\u0a38\u0a3c\u0a47\u0a38\u0a3c \u0a35\u0a27\u0a40 \u0a39\u0a4b\u0a08 \u0a38\u0a41\u0a30\u0a71\u0a16\u0a3f\u0a06 \u0a15\u0a47\u0a2c\u0a32 \u0a17\u0a4d\u0a30\u0a70\u0a25\u0a40\u0a06\u0a02 \u0a26\u0a40 \u0a07\u0a71\u0a15 \u0a15\u0a3f\u0a38\u0a2e \u0a39\u0a48\u0964 \u0a06\u0a2e \u0a24\u0a4c\u0a30 &#039;\u0a24\u0a47 \u0a28\u0a3f\u0a15\u0a32-\u0a2a\u0a32\u0a47\u0a1f\u0a47\u0a21 \u0a2a\u0a3f\u0a71\u0a24\u0a32 \u0a1c\u0a3e\u0a02 \u0a38\u0a1f\u0a40\u0a32 \u0a26\u0a47 \u0a2c\u0a23\u0a47 \u0a39\u0a41\u0a70\u0a26\u0a47 \u0a39\u0a28 <\/span><span style=\"font-weight: 400;\">.<\/span><\/p>\n<p>\u0a35\u0a3f\u0a38\u0a3c\u0a47\u0a38\u0a3c \u0a10\u0a2a\u0a32\u0a40\u0a15\u0a47\u0a38\u0a3c\u0a28\u0a3e\u0a02 \u0a32\u0a08 \u0a1c\u0a3f\u0a71\u0a25\u0a47 \u0a15\u0a47\u0a2c\u0a32\u0a3e\u0a02 \u0a28\u0a42\u0a70 \u0a28\u0a41\u0a15\u0a38\u0a3e\u0a28 \u0a39\u0a4b \u0a38\u0a15\u0a26\u0a3e \u0a39\u0a48, \u0a05\u0a38\u0a40\u0a02 \u0a21\u0a3f\u0a1c\u0a3c\u0a3e\u0a08\u0a28 \u0a15\u0a40\u0a24\u0a3e \u0a39\u0a48 <span style=\"font-weight: 400;\">ATEX \u0a10\u0a02\u0a1f\u0a40-\u0a1f\u0a35\u0a3f\u0a38\u0a1f \u0a15\u0a47\u0a2c\u0a32 \u0a17\u0a32\u0a48\u0a02\u0a21\u0964<\/span><\/p>\n<p><span style=\"font-weight: 400;\">ATEX \u0a09\u0a24\u0a2a\u0a3e\u0a26\u0a3e\u0a02 \u0a32\u0a08 \u0a05\u0a30\u0a1c\u0a3c\u0a40\u0a06\u0a02 \u0a26\u0a40\u0a06\u0a02 \u0a15\u0a41\u0a1d \u0a09\u0a26\u0a3e\u0a39\u0a30\u0a23\u0a3e\u0a02 \u0a39\u0a28: \u0a30\u0a38\u0a3e\u0a07\u0a23\u0a15 \u0a38\u0a2e\u0a71\u0a17\u0a30\u0a40 \u0a26\u0a47 \u0a17\u0a4b\u0a26\u0a3e\u0a2e, \u0a2a\u0a47\u0a02\u0a1f \u0a2c\u0a42\u0a25, \u0a35\u0a3f\u0a38\u0a2b\u0a4b\u0a1f\u0a15 \u0a24\u0a30\u0a32 \u0a2a\u0a4d\u0a30\u0a2c\u0a70\u0a27\u0a28 \u0a16\u0a47\u0a24\u0a30, \u0a2e\u0a3f\u0a71\u0a32\u0a3e\u0a02, \u0a15\u0a4b\u0a32\u0a3e \u0a1f\u0a30\u0a40\u0a1f\u0a2e\u0a48\u0a02\u0a1f \u0a2a\u0a32\u0a3e\u0a02\u0a1f, \u0a16\u0a3e\u0a26 \u0a2a\u0a32\u0a3e\u0a02\u0a1f\u0964<\/span><\/p>\n<table>\n<tbody>\n<tr>\n<td class=\"xl78\" width=\"116\" height=\"60\">\u0a06\u0a15\u0a3e\u0a30<\/td>\n<td class=\"xl78\" width=\"150\">\u0a15\u0a4b\u0a21<\/td>\n<td class=\"xl78\" width=\"98\">\u0a2e\u0a40\u0a1f\u0a4d\u0a30\u0a3f\u0a15 \u0a25\u0a4d\u0a30\u0a48\u0a21<\/td>\n<td class=\"xl78\" width=\"106\">\u0a25\u0a30\u0a3f\u0a71\u0a21 \u0a35\u0a3f\u0a06\u0a38<\/td>\n<td class=\"xl78\" width=\"90\">h<\/p>\n<p>\u0a2e\u0a3f\u0a32\u0a40\u0a2e\u0a40\u0a1f\u0a30<\/td>\n<td class=\"xl78\" width=\"90\">exd<\/p>\n<p>GL mm<\/td>\n<td class=\"xl78\" width=\"90\">\u0a10\u0a15\u0a38<\/p>\n<p>GL mm<\/td>\n<td class=\"xl78\" width=\"90\">\u0a2c\u0a40<\/p>\n<p>\u0a2e\u0a3f\u0a32\u0a40\u0a2e\u0a40\u0a1f\u0a30<\/td>\n<td class=\"xl78\" width=\"90\">c<\/p>\n<p>\u0a2e\u0a3f\u0a32\u0a40\u0a2e\u0a40\u0a1f\u0a30<\/td>\n<td class=\"xl78\" width=\"75\">\u0a15\u0a47\u0a2c\u0a32 \u0a38\u0a2e\u0a30\u0a71\u0a25\u0a3e \u0a2e\u0a3f\u0a32\u0a40\u0a2e\u0a40\u0a1f\u0a30<\/td>\n<\/tr>\n<tr>\n<td class=\"xl67\" height=\"23\">12<\/td>\n<td class=\"xl67\">STexXX\/12\/X<\/td>\n<td class=\"xl67\">M 12 x 1.5<\/td>\n<td class=\"xl68\">6,8<\/td>\n<td class=\"xl67\">55<\/td>\n<td class=\"xl67\">15<\/td>\n<td class=\"xl68\">6<\/td>\n<td class=\"xl67\">14<\/td>\n<td class=\"xl67\">14<\/td>\n<td class=\"xl68\">3 &#8211; 6,5<\/td>\n<\/tr>\n<tr>\n<td class=\"xl67\" height=\"23\">16<\/td>\n<td class=\"xl67\">STexXX\/16\/X<\/td>\n<td class=\"xl67\">M 16 x 1.5<\/td>\n<td class=\"xl68\">8,2<\/td>\n<td class=\"xl67\">66<\/td>\n<td class=\"xl67\">15<\/td>\n<td class=\"xl68\">7<\/td>\n<td class=\"xl67\">18<\/td>\n<td class=\"xl67\">17<\/td>\n<td class=\"xl68\">4 &#8211; 8<\/td>\n<\/tr>\n<tr>\n<td class=\"xl67\" height=\"23\">20<\/td>\n<td class=\"xl67\">STexXX\/20\/X<\/td>\n<td class=\"xl67\">M 20 x 1.5<\/td>\n<td class=\"xl68\">12,3<\/td>\n<td class=\"xl67\">88<\/td>\n<td class=\"xl67\">15<\/td>\n<td class=\"xl68\">8<\/td>\n<td class=\"xl67\">22<\/td>\n<td class=\"xl67\">22<\/td>\n<td class=\"xl68\">6 &#8211; 12<\/td>\n<\/tr>\n<tr>\n<td class=\"xl67\" height=\"23\">25<\/td>\n<td class=\"xl67\">STexXX\/25\/X<\/td>\n<td class=\"xl67\">M 25 x 1.5<\/td>\n<td class=\"xl68\">14,3<\/td>\n<td class=\"xl67\">98<\/td>\n<td class=\"xl67\">15<\/td>\n<td class=\"xl68\">8<\/td>\n<td class=\"xl67\">27<\/td>\n<td class=\"xl67\">24<\/td>\n<td class=\"xl68\">10 &#8211; 14<\/td>\n<\/tr>\n<tr>\n<td class=\"xl67\" height=\"23\">32<\/td>\n<td class=\"xl67\">STexXX\/32\/X<\/td>\n<td class=\"xl67\">M 32 x 1.5<\/td>\n<td class=\"xl68\">18,4<\/td>\n<td class=\"xl67\">111<\/td>\n<td class=\"xl67\">15<\/td>\n<td class=\"xl68\">9<\/td>\n<td class=\"xl67\">34<\/td>\n<td class=\"xl67\">30<\/td>\n<td class=\"xl68\">13 &#8211; 18<\/td>\n<\/tr>\n<tr>\n<td class=\"xl67\" height=\"23\"><\/td>\n<td class=\"xl67\"><\/td>\n<td class=\"xl67\"><\/td>\n<td class=\"xl68\"><\/td>\n<td class=\"xl67\"><\/td>\n<td class=\"xl67\"><\/td>\n<td class=\"xl68\"><\/td>\n<td class=\"xl67\"><\/td>\n<td class=\"xl67\"><\/td>\n<td class=\"xl68\"><\/td>\n<\/tr>\n<tr>\n<td class=\"xl75\" height=\"19\">12<\/td>\n<td class=\"xl76\">STexXX\/12\/X<\/td>\n<td class=\"xl76\">\u0a2a\u0a40.\u0a1c\u0a40. 7<\/td>\n<td class=\"xl77\">6,8<\/td>\n<td class=\"xl76\">55<\/td>\n<td class=\"xl76\">15<\/td>\n<td class=\"xl76\">666<\/td>\n<td class=\"xl76\" colspan=\"2\">14<\/td>\n<td class=\"xl77\">3 &#8211; 6,5<\/td>\n<\/tr>\n<tr>\n<td class=\"xl72\" height=\"19\">16<\/td>\n<td class=\"xl73\">STexXX\/16\/X<\/td>\n<td class=\"xl73\">\u0a2a\u0a40\u0a1c\u0a40 9<\/td>\n<td class=\"xl74\">8,2<\/td>\n<td class=\"xl73\">66<\/td>\n<td class=\"xl73\">15<\/td>\n<td class=\"xl73\">6,5<\/td>\n<td class=\"xl73\" colspan=\"2\">17<\/td>\n<td class=\"xl74\">4 &#8211; 8<\/td>\n<\/tr>\n<tr>\n<td class=\"xl75\" height=\"19\">16<\/td>\n<td class=\"xl76\">STexXX\/16\/X<\/td>\n<td class=\"xl76\">\u0a2a\u0a40.\u0a1c\u0a40. 11<\/td>\n<td class=\"xl77\">10,3<\/td>\n<td class=\"xl76\">77<\/td>\n<td class=\"xl76\">15<\/td>\n<td class=\"xl76\">6,5<\/td>\n<td class=\"xl76\" colspan=\"2\">20<\/td>\n<td class=\"xl77\">5 &#8211; 10<\/td>\n<\/tr>\n<tr>\n<td class=\"xl72\" height=\"19\">20<\/td>\n<td class=\"xl73\">STexXX\/20\/X<\/td>\n<td class=\"xl73\">GP 13.5<\/td>\n<td class=\"xl74\">12,3<\/td>\n<td class=\"xl73\">88<\/td>\n<td class=\"xl73\">15<\/td>\n<td class=\"xl73\">7<\/td>\n<td class=\"xl73\" colspan=\"2\">22<\/td>\n<td class=\"xl74\">6 &#8211; 12<\/td>\n<\/tr>\n<tr>\n<td class=\"xl75\" height=\"19\">25<\/td>\n<td class=\"xl76\">STexXX\/25\/X<\/td>\n<td class=\"xl76\">PG 16<\/td>\n<td class=\"xl77\">14,3<\/td>\n<td class=\"xl76\">98<\/td>\n<td class=\"xl76\">15<\/td>\n<td class=\"xl76\">43<\/td>\n<td class=\"xl76\" colspan=\"2\">24<\/td>\n<td class=\"xl77\">10 &#8211; 14<\/td>\n<\/tr>\n<tr>\n<td class=\"xl72\" height=\"19\">32<\/td>\n<td class=\"xl73\">STexXX\/32\/X<\/td>\n<td class=\"xl73\">\u0a2a\u0a40.\u0a1c\u0a40. 21<\/td>\n<td class=\"xl74\">18,4<\/td>\n<td class=\"xl73\">111<\/td>\n<td class=\"xl73\">15<\/td>\n<td class=\"xl73\">55<\/td>\n<td class=\"xl73\" colspan=\"2\">30<\/td>\n<td class=\"xl74\">13 &#8211; 18<\/td>\n<\/tr>\n<tr>\n<td class=\"xl79\" colspan=\"10\" height=\"38\">NPT \u0a05\u0a24\u0a47 GAS \u0a25\u0a30\u0a3f\u0a71\u0a21<\/td>\n<\/tr>\n<tr>\n<td class=\"xl69\" height=\"19\">12<\/td>\n<td class=\"xl70\">STexXX\/12\/X<\/td>\n<td class=\"xl70\">NPT 1\/4\u2033<\/td>\n<td class=\"xl71\">6,8<\/td>\n<td class=\"xl70\">55<\/td>\n<td class=\"xl70\">15<\/td>\n<td class=\"xl71\">&#8211;<\/td>\n<td class=\"xl70\">14<\/td>\n<td class=\"xl70\">14<\/td>\n<td class=\"xl71\">3 &#8211; 6,5<\/td>\n<\/tr>\n<tr>\n<td class=\"xl72\" height=\"19\">16<\/td>\n<td class=\"xl73\">STexXX\/16\/X<\/td>\n<td class=\"xl73\">NPT 3\/8\u2033<\/td>\n<td class=\"xl74\">8,2<\/td>\n<td class=\"xl73\">66<\/td>\n<td class=\"xl73\">15<\/td>\n<td class=\"xl74\">&#8211;<\/td>\n<td class=\"xl73\">18<\/td>\n<td class=\"xl73\">17<\/td>\n<td class=\"xl74\">4 &#8211; 8<\/td>\n<\/tr>\n<tr>\n<td class=\"xl75\" height=\"19\">16<\/td>\n<td class=\"xl76\">STexXX\/16\/X<\/td>\n<td class=\"xl76\">NPT 1\/2\u2033<\/td>\n<td class=\"xl77\">10,3<\/td>\n<td class=\"xl76\">77<\/td>\n<td class=\"xl76\">15<\/td>\n<td class=\"xl77\">&#8211;<\/td>\n<td class=\"xl76\">22<\/td>\n<td class=\"xl76\">20<\/td>\n<td class=\"xl77\">5 &#8211; 10<\/td>\n<\/tr>\n<tr>\n<td class=\"xl72\" height=\"19\">20<\/td>\n<td class=\"xl73\">STexXX\/20\/X<\/td>\n<td class=\"xl73\">NPT 1\/2\u2033<\/td>\n<td class=\"xl74\">12,3<\/td>\n<td class=\"xl73\">88<\/td>\n<td class=\"xl73\">15<\/td>\n<td class=\"xl74\">&#8211;<\/td>\n<td class=\"xl73\">22<\/td>\n<td class=\"xl73\">22<\/td>\n<td class=\"xl74\">6 &#8211; 12<\/td>\n<\/tr>\n<tr>\n<td class=\"xl76\" height=\"19\">25<\/td>\n<td class=\"xl76\">STexXX\/25\/X<\/td>\n<td class=\"xl76\">NPT 3\/4\u2033<\/td>\n<td class=\"xl77\">14,3<\/td>\n<td class=\"xl76\">98<\/td>\n<td class=\"xl76\">15<\/td>\n<td class=\"xl77\">&#8211;<\/td>\n<td class=\"xl76\">27<\/td>\n<td class=\"xl76\">24<\/td>\n<td class=\"xl77\">10 &#8211; 14<\/td>\n<\/tr>\n<tr>\n<td class=\"xl73\" height=\"19\">32<\/td>\n<td class=\"xl73\">STexXX\/32\/X<\/td>\n<td class=\"xl73\">NPT 1\u2033<\/td>\n<td class=\"xl74\">18,4<\/td>\n<td class=\"xl73\">111<\/td>\n<td class=\"xl73\">15<\/td>\n<td class=\"xl74\">&#8211;<\/td>\n<td class=\"xl73\">34<\/td>\n<td class=\"xl73\">30<\/td>\n<td class=\"xl74\">13 &#8211; 18<\/td>\n<\/tr>\n<tr>\n<td height=\"19\"><\/td>\n<td><\/td>\n<td><\/td>\n<td><\/td>\n<td><\/td>\n<td><\/td>\n<td><\/td>\n<td><\/td>\n<td><\/td>\n<td><\/td>\n<\/tr>\n<tr>\n<td class=\"xl69\" height=\"19\">12<\/td>\n<td class=\"xl70\">STexXX\/12\/X<\/td>\n<td class=\"xl70\">\u0a17\u0a48\u0a38 1\/4\u2033<\/td>\n<td class=\"xl71\">6,8<\/td>\n<td class=\"xl70\">55<\/td>\n<td class=\"xl70\">15<\/td>\n<td class=\"xl71\">&#8211;<\/td>\n<td class=\"xl70\">14<\/td>\n<td class=\"xl70\">14<\/td>\n<td class=\"xl71\">3 &#8211; 6,5<\/td>\n<\/tr>\n<tr>\n<td class=\"xl72\" height=\"19\">16<\/td>\n<td class=\"xl73\">STexXX\/16\/X<\/td>\n<td class=\"xl73\">GAS 3\/8\u2033<\/td>\n<td class=\"xl74\">8,2<\/td>\n<td class=\"xl73\">66<\/td>\n<td class=\"xl73\">15<\/td>\n<td class=\"xl74\">&#8211;<\/td>\n<td class=\"xl73\">18<\/td>\n<td class=\"xl73\">17<\/td>\n<td class=\"xl74\">4 &#8211; 8<\/td>\n<\/tr>\n<tr>\n<td class=\"xl75\" height=\"19\">16<\/td>\n<td class=\"xl76\">STexXX\/16\/X<\/td>\n<td class=\"xl76\">GAS 3\/8\u2033<\/td>\n<td class=\"xl77\">10,3<\/td>\n<td class=\"xl76\">77<\/td>\n<td class=\"xl76\">15<\/td>\n<td class=\"xl77\">&#8211;<\/td>\n<td class=\"xl76\">20<\/td>\n<td class=\"xl76\">20<\/td>\n<td class=\"xl77\">5 &#8211; 10<\/td>\n<\/tr>\n<tr>\n<td class=\"xl72\" height=\"19\">20<\/td>\n<td class=\"xl73\">STexXX\/20\/X<\/td>\n<td class=\"xl73\">\u0a17\u0a48\u0a38 1\/2\u2033<\/td>\n<td class=\"xl74\">12,3<\/td>\n<td class=\"xl73\">88<\/td>\n<td class=\"xl73\">15<\/td>\n<td class=\"xl74\">&#8211;<\/td>\n<td class=\"xl73\">22<\/td>\n<td class=\"xl73\">22<\/td>\n<td class=\"xl74\">6 &#8211; 12<\/td>\n<\/tr>\n<tr>\n<td class=\"xl76\" height=\"19\">25<\/td>\n<td class=\"xl76\">STexXX\/25\/X<\/td>\n<td class=\"xl76\">\u0a17\u0a48\u0a38 3\/4\u2033<\/td>\n<td class=\"xl77\">14,3<\/td>\n<td class=\"xl76\">98<\/td>\n<td class=\"xl76\">15<\/td>\n<td class=\"xl77\">&#8211;<\/td>\n<td class=\"xl76\">27<\/td>\n<td class=\"xl76\">24<\/td>\n<td class=\"xl77\">10 &#8211; 14<\/td>\n<\/tr>\n<tr>\n<td class=\"xl73\" height=\"19\">32<\/td>\n<td class=\"xl73\">STexXX\/32\/X<\/td>\n<td class=\"xl73\">\u0a17\u0a48\u0a38 1\u2033<\/td>\n<td class=\"xl74\">18,4<\/td>\n<td class=\"xl73\">111<\/td>\n<td class=\"xl73\">15<\/td>\n<td class=\"xl74\">&#8211;<\/td>\n<td class=\"xl73\">34<\/td>\n<td class=\"xl73\">30<\/td>\n<td class=\"xl74\">13 &#8211; 18<\/td>\n<\/tr>\n<\/tbody>\n<\/table>","protected":false},"excerpt":{"rendered":"<h3>\u0a17\u0a41\u0a23<\/h3>\n<table>\n<tbody>\n<tr>\n<td><strong>\u0a38\u0a41\u0a30\u0a71\u0a16\u0a3f\u0a06 \u0a2a\u0a71\u0a27\u0a30<\/strong><\/td>\n<td>:<\/td>\n<td>II 2G Ex eb IIC Gb II 2D Ex tb IIIC Db<\/td>\n<\/tr>\n<tr>\n<td><strong>\u0a38\u0a30\u0a1f\u0a40\u0a2b\u0a3f\u0a15\u0a47\u0a1f\u00a0<\/strong><\/td>\n<td>:<\/td>\n<td>IEP 20 ATEX 0750 X ATEX, ROHS, CE, PT, TUV<\/td>\n<\/tr>\n<tr>\n<td><strong>\u0a38\u0a30\u0a40\u0a30<\/strong><\/td>\n<td>:<\/td>\n<td>\u0a2a\u0a4b\u0a32\u0a40\u0a2e\u0a3e\u0a08\u0a21 PA6<\/td>\n<\/tr>\n<tr>\n<td><strong>\u0a25\u0a30\u0a3f\u0a71\u0a21<\/strong><\/td>\n<td>:<\/td>\n<td>PG (DIN 40430)<\/td>\n<\/tr>\n<tr>\n<td><strong>\u0a30\u0a70\u0a17<\/strong><\/td>\n<td>:<\/td>\n<td>\u0a28\u0a40\u0a32\u0a3e (RAL 5012)<\/td>\n<\/tr>\n<tr>\n<td><strong>\u0a2e\u0a3f\u0a06\u0a30\u0a40<\/strong><\/td>\n<td>:<\/td>\n<td>EN 60079-0, 60079-7, 60079-31<\/td>\n<\/tr>\n<tr>\n<td><strong>\u0a24\u0a70\u0a17<\/strong><\/td>\n<td>:<\/td>\n<td>IP68 5 \u0a2c\u0a3e\u0a30<\/td>\n<\/tr>\n<tr>\n<td><strong>\u0a15\u0a70\u0a2e \u0a26\u0a3e \u0a24\u0a3e\u0a2a\u0a2e\u0a3e\u0a28<\/strong><\/td>\n<td>:<\/td>\n<td>-30\u00b0C +100\u00b0C<\/td>\n<\/tr>\n<tr>\n<td><strong>\u0a10\u0a2a\u0a32\u0a40\u0a15\u0a47\u0a38\u0a3c\u0a28\u0a3e\u0a02<\/strong><\/td>\n<td>:<\/td>\n<td>ZONE1, ZONE2, ZONE21, ZONE22, \u0a17\u0a48\u0a38 \u0a17\u0a30\u0a41\u0a71\u0a2a IIA, IIB, IIC<\/td>\n<\/tr>\n<\/tbody>\n<\/table>","protected":false},"featured_media":1827,"template":"","meta":{"_kad_blocks_custom_css":"","_kad_blocks_head_custom_js":"","_kad_blocks_body_custom_js":"","_kad_blocks_footer_custom_js":"","_kadence_starter_templates_imported_post":false,"_kad_post_transparent":"default","_kad_post_title":"","_kad_post_layout":"default","_kad_post_sidebar_id":"","_kad_post_content_style":"default","_kad_post_vertical_padding":"default","_kad_post_feature":"","_kad_post_feature_position":"","_kad_post_header":false,"_kad_post_footer":false},"product_cat":[84,85],"product_tag":[],"class_list":{"0":"post-1772","1":"product","2":"type-product","3":"status-publish","4":"has-post-thumbnail","6":"product_cat-prensaestopas-y-accesorios-atex","7":"product_cat-prensaestopas-atex","9":"first","10":"instock","11":"shipping-taxable","12":"product-type-simple","13":"entry","14":"content-bg","15":"loop-entry"},"yoast_head":"<!-- This site is optimized with the Yoast SEO plugin v21.7 - https:\/\/yoast.com\/wordpress\/plugins\/seo\/ -->\n<title>Prensaestopas ATEX Sin Armar Antitorsi\u00f3n - Fleximat<\/title>\n<meta name=\"robots\" content=\"index, follow, max-snippet:-1, max-image-preview:large, max-video-preview:-1\" \/>\n<link rel=\"canonical\" href=\"https:\/\/www.fleximat.es\/pa\/product\/prensaestopas-atex-sin-armar-antitorsion\/\" \/>\n<meta property=\"og:locale\" content=\"pa_IN\" \/>\n<meta property=\"og:type\" content=\"article\" \/>\n<meta property=\"og:title\" content=\"Prensaestopas ATEX Sin Armar Antitorsi\u00f3n - Fleximat\" \/>\n<meta property=\"og:description\" content=\"Caracter\u00edsticas    Nivel Protecci\u00f3n : II 2G Ex eb IIC Gb II 2D Ex tb IIIC Db   Certificado\u00a0 : IEP 20 ATEX 0750 X ATEX, ROHS, CE, PT, TUV   Cuerpo : Poliamida PA6   Rosca : PG (DIN 40430)   Color : Azul (RAL 5012)   Est\u00e1ndar : EN 60079-0, 60079-7, 60079-31   Estanqueidad : IP68 5 Bar   Temperatura de trabajo : -30 \u00b0C +100 \u00b0C   Aplicaciones : ZONE1, ZONE2, ZONE21, ZONE22, Gas Group IIA, IIB, IIC\" \/>\n<meta property=\"og:url\" content=\"https:\/\/www.fleximat.es\/pa\/product\/prensaestopas-atex-sin-armar-antitorsion\/\" \/>\n<meta property=\"og:site_name\" content=\"Fleximat\" \/>\n<meta property=\"article:modified_time\" content=\"2023-10-25T07:08:02+00:00\" \/>\n<meta property=\"og:image\" content=\"https:\/\/www.fleximat.es\/wp-content\/uploads\/2023\/10\/prensa-anti-torsion-ATEX-metalico.png\" \/>\n\t<meta property=\"og:image:width\" content=\"250\" \/>\n\t<meta property=\"og:image:height\" content=\"250\" \/>\n\t<meta property=\"og:image:type\" content=\"image\/png\" \/>\n<meta name=\"twitter:card\" content=\"summary_large_image\" \/>\n<meta name=\"twitter:label1\" content=\"Est. reading time\" \/>\n\t<meta name=\"twitter:data1\" content=\"1 minute\" \/>\n<script type=\"application\/ld+json\" class=\"yoast-schema-graph\">{\"@context\":\"https:\/\/schema.org\",\"@graph\":[{\"@type\":\"WebPage\",\"@id\":\"https:\/\/www.fleximat.es\/producto\/prensaestopas-atex-sin-armar-antitorsion\/\",\"url\":\"https:\/\/www.fleximat.es\/producto\/prensaestopas-atex-sin-armar-antitorsion\/\",\"name\":\"Prensaestopas ATEX Sin Armar Antitorsi\u00f3n - Fleximat\",\"isPartOf\":{\"@id\":\"https:\/\/www.fleximat.es\/bn\/#website\"},\"datePublished\":\"2023-10-18T15:54:29+00:00\",\"dateModified\":\"2023-10-25T07:08:02+00:00\",\"breadcrumb\":{\"@id\":\"https:\/\/www.fleximat.es\/producto\/prensaestopas-atex-sin-armar-antitorsion\/#breadcrumb\"},\"inLanguage\":\"pa-IN\",\"potentialAction\":[{\"@type\":\"ReadAction\",\"target\":[\"https:\/\/www.fleximat.es\/producto\/prensaestopas-atex-sin-armar-antitorsion\/\"]}]},{\"@type\":\"BreadcrumbList\",\"@id\":\"https:\/\/www.fleximat.es\/producto\/prensaestopas-atex-sin-armar-antitorsion\/#breadcrumb\",\"itemListElement\":[{\"@type\":\"ListItem\",\"position\":1,\"name\":\"Portada\",\"item\":\"https:\/\/www.fleximat.es\/\"},{\"@type\":\"ListItem\",\"position\":2,\"name\":\"Productos\",\"item\":\"https:\/\/www.fleximat.es\/en\/productos\/\"},{\"@type\":\"ListItem\",\"position\":3,\"name\":\"Prensaestopas ATEX Sin Armar Antitorsi\u00f3n\"}]},{\"@type\":\"WebSite\",\"@id\":\"https:\/\/www.fleximat.es\/bn\/#website\",\"url\":\"https:\/\/www.fleximat.es\/bn\/\",\"name\":\"Fleximat\",\"description\":\"Tu soluci\u00f3n en prensaestopas y tubos flexibles\",\"publisher\":{\"@id\":\"https:\/\/www.fleximat.es\/bn\/#organization\"},\"potentialAction\":[{\"@type\":\"SearchAction\",\"target\":{\"@type\":\"EntryPoint\",\"urlTemplate\":\"https:\/\/www.fleximat.es\/bn\/?s={search_term_string}\"},\"query-input\":\"required name=search_term_string\"}],\"inLanguage\":\"pa-IN\"},{\"@type\":\"Organization\",\"@id\":\"https:\/\/www.fleximat.es\/bn\/#organization\",\"name\":\"Fleximat\",\"url\":\"https:\/\/www.fleximat.es\/bn\/\",\"logo\":{\"@type\":\"ImageObject\",\"inLanguage\":\"pa-IN\",\"@id\":\"https:\/\/www.fleximat.es\/bn\/#\/schema\/logo\/image\/\",\"url\":\"https:\/\/www.fleximat.es\/wp-content\/uploads\/2023\/11\/fleximat-logo-1.png\",\"contentUrl\":\"https:\/\/www.fleximat.es\/wp-content\/uploads\/2023\/11\/fleximat-logo-1.png\",\"width\":1169,\"height\":289,\"caption\":\"Fleximat\"},\"image\":{\"@id\":\"https:\/\/www.fleximat.es\/bn\/#\/schema\/logo\/image\/\"}}]}<\/script>\n<!-- \/ Yoast SEO plugin. -->","yoast_head_json":{"title":"Prensaestopas ATEX Sin Armar Antitorsi\u00f3n - Fleximat","robots":{"index":"index","follow":"follow","max-snippet":"max-snippet:-1","max-image-preview":"max-image-preview:large","max-video-preview":"max-video-preview:-1"},"canonical":"https:\/\/www.fleximat.es\/pa\/product\/prensaestopas-atex-sin-armar-antitorsion\/","og_locale":"pa_IN","og_type":"article","og_title":"Prensaestopas ATEX Sin Armar Antitorsi\u00f3n - Fleximat","og_description":"Caracter\u00edsticas    Nivel Protecci\u00f3n : II 2G Ex eb IIC Gb II 2D Ex tb IIIC Db   Certificado\u00a0 : IEP 20 ATEX 0750 X ATEX, ROHS, CE, PT, TUV   Cuerpo : Poliamida PA6   Rosca : PG (DIN 40430)   Color : Azul (RAL 5012)   Est\u00e1ndar : EN 60079-0, 60079-7, 60079-31   Estanqueidad : IP68 5 Bar   Temperatura de trabajo : -30 \u00b0C +100 \u00b0C   Aplicaciones : ZONE1, ZONE2, ZONE21, ZONE22, Gas Group IIA, IIB, IIC","og_url":"https:\/\/www.fleximat.es\/pa\/product\/prensaestopas-atex-sin-armar-antitorsion\/","og_site_name":"Fleximat","article_modified_time":"2023-10-25T07:08:02+00:00","og_image":[{"width":250,"height":250,"url":"https:\/\/www.fleximat.es\/wp-content\/uploads\/2023\/10\/prensa-anti-torsion-ATEX-metalico.png","type":"image\/png"}],"twitter_card":"summary_large_image","twitter_misc":{"Est. reading time":"1 minute"},"schema":{"@context":"https:\/\/schema.org","@graph":[{"@type":"WebPage","@id":"https:\/\/www.fleximat.es\/producto\/prensaestopas-atex-sin-armar-antitorsion\/","url":"https:\/\/www.fleximat.es\/producto\/prensaestopas-atex-sin-armar-antitorsion\/","name":"Prensaestopas ATEX Sin Armar Antitorsi\u00f3n - Fleximat","isPartOf":{"@id":"https:\/\/www.fleximat.es\/bn\/#website"},"datePublished":"2023-10-18T15:54:29+00:00","dateModified":"2023-10-25T07:08:02+00:00","breadcrumb":{"@id":"https:\/\/www.fleximat.es\/producto\/prensaestopas-atex-sin-armar-antitorsion\/#breadcrumb"},"inLanguage":"pa-IN","potentialAction":[{"@type":"ReadAction","target":["https:\/\/www.fleximat.es\/producto\/prensaestopas-atex-sin-armar-antitorsion\/"]}]},{"@type":"BreadcrumbList","@id":"https:\/\/www.fleximat.es\/producto\/prensaestopas-atex-sin-armar-antitorsion\/#breadcrumb","itemListElement":[{"@type":"ListItem","position":1,"name":"Portada","item":"https:\/\/www.fleximat.es\/"},{"@type":"ListItem","position":2,"name":"Productos","item":"https:\/\/www.fleximat.es\/en\/productos\/"},{"@type":"ListItem","position":3,"name":"Prensaestopas ATEX Sin Armar Antitorsi\u00f3n"}]},{"@type":"WebSite","@id":"https:\/\/www.fleximat.es\/bn\/#website","url":"https:\/\/www.fleximat.es\/bn\/","name":"Fleximat","description":"Tu soluci\u00f3n en prensaestopas y tubos flexibles","publisher":{"@id":"https:\/\/www.fleximat.es\/bn\/#organization"},"potentialAction":[{"@type":"SearchAction","target":{"@type":"EntryPoint","urlTemplate":"https:\/\/www.fleximat.es\/bn\/?s={search_term_string}"},"query-input":"required name=search_term_string"}],"inLanguage":"pa-IN"},{"@type":"Organization","@id":"https:\/\/www.fleximat.es\/bn\/#organization","name":"Fleximat","url":"https:\/\/www.fleximat.es\/bn\/","logo":{"@type":"ImageObject","inLanguage":"pa-IN","@id":"https:\/\/www.fleximat.es\/bn\/#\/schema\/logo\/image\/","url":"https:\/\/www.fleximat.es\/wp-content\/uploads\/2023\/11\/fleximat-logo-1.png","contentUrl":"https:\/\/www.fleximat.es\/wp-content\/uploads\/2023\/11\/fleximat-logo-1.png","width":1169,"height":289,"caption":"Fleximat"},"image":{"@id":"https:\/\/www.fleximat.es\/bn\/#\/schema\/logo\/image\/"}}]}},"taxonomy_info":{"product_cat":[{"value":84,"label":"Prensaestopas y accesorios ATEX"},{"value":85,"label":"Prensaestopas ATEX"}]},"featured_image_src_large":["https:\/\/www.fleximat.es\/wp-content\/uploads\/2023\/10\/prensa-anti-torsion-ATEX-metalico.png",250,250,false],"author_info":[],"comment_info":"","_links":{"self":[{"href":"https:\/\/www.fleximat.es\/pa\/wp-json\/wp\/v2\/product\/1772"}],"collection":[{"href":"https:\/\/www.fleximat.es\/pa\/wp-json\/wp\/v2\/product"}],"about":[{"href":"https:\/\/www.fleximat.es\/pa\/wp-json\/wp\/v2\/types\/product"}],"wp:featuredmedia":[{"embeddable":true,"href":"https:\/\/www.fleximat.es\/pa\/wp-json\/wp\/v2\/media\/1827"}],"wp:attachment":[{"href":"https:\/\/www.fleximat.es\/pa\/wp-json\/wp\/v2\/media?parent=1772"}],"wp:term":[{"taxonomy":"product_cat","embeddable":true,"href":"https:\/\/www.fleximat.es\/pa\/wp-json\/wp\/v2\/product_cat?post=1772"},{"taxonomy":"product_tag","embeddable":true,"href":"https:\/\/www.fleximat.es\/pa\/wp-json\/wp\/v2\/product_tag?post=1772"}],"curies":[{"name":"wp","href":"https:\/\/api.w.org\/{rel}","templated":true}]}}