{"id":1801,"date":"2023-10-18T17:54:55","date_gmt":"2023-10-18T15:54:55","guid":{"rendered":"https:\/\/www.fleximat.es\/?post_type=product&#038;p=1801"},"modified":"2023-10-25T09:07:43","modified_gmt":"2023-10-25T07:07:43","slug":"tapon-redondo-atex-to","status":"publish","type":"product","link":"https:\/\/www.fleximat.es\/pa\/product\/tapon-redondo-atex-to\/","title":{"rendered":"ATEX \u0a24\u0a4b\u0a02 \u0a17\u0a4b\u0a32 \u0a2a\u0a32\u0a71\u0a17"},"content":{"rendered":"<h4>\u0a35\u0a3f\u0a38\u0a3c\u0a47\u0a38\u0a3c\u0a24\u0a3e<\/h4>\n<div id=\"eSelTextTrans\" dir=\"ltr\">\u0a38\u0a1f\u0a2b\u0a3f\u0a70\u0a17 \u0a2c\u0a3e\u0a15\u0a38 \u0a28\u0a42\u0a70 \u0a15\u0a71\u0a38\u0a23 \u0a32\u0a08<\/div>\n<div dir=\"ltr\">\u0a07\u0a71\u0a15 30% \u0a2b\u0a3e\u0a08\u0a2c\u0a30\u0a17\u0a32\u0a3e\u0a38 \u0a30\u0a71\u0a16\u0a26\u0a3e \u0a39\u0a48<\/div>\n<p>UV \u0a35\u0a3f\u0a30\u0a4b\u0a27 \u0a39\u0a48\u0a32\u0a4b\u0a1c\u0a28 \u0a2e\u0a41\u0a2b\u0a3c\u0a24<\/p>\n<h3>\u0a09\u0a24\u0a2a\u0a3e\u0a26 \u0a26\u0a3e \u0a35\u0a47\u0a30\u0a35\u0a3e<\/h3>\n<p>\u0a17\u0a3f\u0a30\u0a40 \u0a38\u0a1f\u0a2b\u0a3f\u0a70\u0a17 \u0a2c\u0a3e\u0a15\u0a38 \u0a26\u0a3e \u0a2e\u0a41\u0a71\u0a16 \u0a38\u0a39\u0a3e\u0a07\u0a15 \u0a39\u0a48, \u0a07\u0a39 \u0a07\u0a38\u0a28\u0a42\u0a70 \u0a15\u0a71\u0a38\u0a23 \u0a32\u0a08 \u0a15\u0a70\u0a2e \u0a15\u0a30\u0a26\u0a3e \u0a39\u0a48 \u0a05\u0a24\u0a47 \u0a07\u0a38 \u0a24\u0a30\u0a4d\u0a39\u0a3e\u0a02 \u0a15\u0a41\u0a28\u0a48\u0a15\u0a38\u0a3c\u0a28 \u0a35\u0a3f\u0a71\u0a1a \u0a35\u0a27\u0a47\u0a30\u0a47 \u0a38\u0a41\u0a30\u0a71\u0a16\u0a3f\u0a06 \u0a39\u0a41\u0a70\u0a26\u0a40 \u0a39\u0a48\u0964<\/p>\n<p>\u0a17\u0a3f\u0a30\u0a40\u0a26\u0a3e\u0a30 \u0a15\u0a47\u0a2c\u0a32 \u0a17\u0a4d\u0a30\u0a70\u0a25\u0a40\u0a06\u0a02 \u0a26\u0a47 \u0a38\u0a2e\u0a3e\u0a28 \u0a06\u0a15\u0a3e\u0a30 \u0a35\u0a3f\u0a71\u0a1a \u0a09\u0a2a\u0a32\u0a2c\u0a27 \u0a39\u0a28\u0964<\/p>\n<p>\u0a2a\u0a4c\u0a32\u0a40\u0a05\u0a2e\u0a3e\u0a08\u0a21 \u0a17\u0a3f\u0a30\u0a40\u0a26\u0a3e\u0a30 \u0a06\u0a2a\u0a23\u0a40 \u0a30\u0a1a\u0a28\u0a3e \u0a35\u0a3f\u0a71\u0a1a \u0a07\u0a71\u0a15 \u0a2b\u0a3e\u0a08\u0a2c\u0a30\u0a17\u0a32\u0a3e\u0a38 30% \u0a1c\u0a4b\u0a5c\u0a26\u0a47 \u0a39\u0a28, \u0a1c\u0a4b \u0a09\u0a39\u0a28\u0a3e\u0a02 \u0a28\u0a42\u0a70 \u0a38\u0a3c\u0a3e\u0a28\u0a26\u0a3e\u0a30 \u0a2e\u0a15\u0a48\u0a28\u0a40\u0a15\u0a32 \u0a2a\u0a4d\u0a30\u0a24\u0a40\u0a30\u0a4b\u0a27 \u0a17\u0a41\u0a23 \u0a2a\u0a4d\u0a30\u0a26\u0a3e\u0a28 \u0a15\u0a30\u0a26\u0a3e \u0a39\u0a48\u0964<\/p>\n<p>\u0a17\u0a4b\u0a32 \u0a2c\u0a47\u0a38 \u0a26\u0a47 \u0a28\u0a3e\u0a32 \u0a39\u0a48\u0a15\u0a38 \u0a28\u0a1f\u0a38 \u0a35\u0a40 \u0a09\u0a2a\u0a32\u0a2c\u0a27 \u0a39\u0a28\u0964<\/p>\n<table class=\"table table-bordered table-striped\">\n<thead>\n<tr>\n<td><strong>\u0a25\u0a30\u0a3f\u0a71\u0a21<\/strong><\/td>\n<td><strong>\u0a15\u0a4b\u0a21<\/strong><\/td>\n<td><strong>Hmm<\/strong><\/td>\n<td><strong>\u0a2e\u0a3f\u0a32\u0a40\u0a2e\u0a40\u0a1f\u0a30<\/strong><\/td>\n<\/tr>\n<\/thead>\n<tbody>\n<tr>\n<td>M 12 x 1.5<\/td>\n<td>MSL 01<\/td>\n<td>5<\/td>\n<td>18<\/td>\n<\/tr>\n<tr>\n<td>M 16 x 1.5<\/td>\n<td>MSL 01<\/td>\n<td>5<\/td>\n<td>22<\/td>\n<\/tr>\n<tr>\n<td>M 20 x 1.5<\/td>\n<td>MSL 01<\/td>\n<td>6<\/td>\n<td>26<\/td>\n<\/tr>\n<tr>\n<td>M 25 x 1.5<\/td>\n<td>MSL 01<\/td>\n<td>6<\/td>\n<td>32<\/td>\n<\/tr>\n<tr>\n<td>M 32 x 1.5<\/td>\n<td>MSL 01<\/td>\n<td>7<\/td>\n<td>41<\/td>\n<\/tr>\n<tr>\n<td>M 40 x 1.5<\/td>\n<td>MSL 01<\/td>\n<td>7<\/td>\n<td>50<\/td>\n<\/tr>\n<tr>\n<td>M 50 x 1.5<\/td>\n<td>MSL 01<\/td>\n<td>8<\/td>\n<td>60<\/td>\n<\/tr>\n<tr>\n<td>M 63 x 1.5<\/td>\n<td>MSL 01<\/td>\n<td>8<\/td>\n<td>75<\/td>\n<\/tr>\n<\/tbody>\n<\/table>","protected":false},"excerpt":{"rendered":"<h3>\u0a17\u0a41\u0a23<\/h3>\n<table>\n<tbody>\n<tr>\n<td><strong>\u0a25\u0a30\u0a3f\u0a71\u0a21 \u0a26\u0a40 \u0a15\u0a3f\u0a38\u0a2e<\/strong><\/td>\n<td>\u0a2e\u0a48\u0a1f\u0a4d\u0a30\u0a3f\u0a15 EN 60423<\/td>\n<\/tr>\n<tr>\n<td><strong>\u0a32\u0a17\u0a3e\u0a24\u0a3e\u0a30 \u0a15\u0a70\u0a2e \u0a15\u0a30\u0a28 \u0a26\u0a3e \u0a24\u0a3e\u0a2a\u0a2e\u0a3e\u0a28<\/strong><\/td>\n<td>-20 \u00baC +100 \u00baC<\/td>\n<\/tr>\n<\/tbody>\n<\/table>","protected":false},"featured_media":1835,"template":"","meta":{"_kad_blocks_custom_css":"","_kad_blocks_head_custom_js":"","_kad_blocks_body_custom_js":"","_kad_blocks_footer_custom_js":"","_kadence_starter_templates_imported_post":false,"_kad_post_transparent":"default","_kad_post_title":"","_kad_post_layout":"default","_kad_post_sidebar_id":"","_kad_post_content_style":"default","_kad_post_vertical_padding":"default","_kad_post_feature":"","_kad_post_feature_position":"","_kad_post_header":false,"_kad_post_footer":false},"product_cat":[84,86],"product_tag":[],"class_list":{"0":"post-1801","1":"product","2":"type-product","3":"status-publish","4":"has-post-thumbnail","6":"product_cat-prensaestopas-y-accesorios-atex","7":"product_cat-accesorios-atex","9":"first","10":"instock","11":"shipping-taxable","12":"product-type-simple","13":"entry","14":"content-bg","15":"loop-entry"},"yoast_head":"<!-- This site is optimized with the Yoast SEO plugin v21.7 - https:\/\/yoast.com\/wordpress\/plugins\/seo\/ -->\n<title>Tap\u00f3n Redondo ATEX TO - Fleximat<\/title>\n<meta name=\"robots\" content=\"index, follow, max-snippet:-1, max-image-preview:large, max-video-preview:-1\" \/>\n<link rel=\"canonical\" href=\"https:\/\/www.fleximat.es\/pa\/product\/tapon-redondo-atex-to\/\" \/>\n<meta property=\"og:locale\" content=\"pa_IN\" \/>\n<meta property=\"og:type\" content=\"article\" \/>\n<meta property=\"og:title\" content=\"Tap\u00f3n Redondo ATEX TO - Fleximat\" \/>\n<meta property=\"og:description\" content=\"Caracter\u00edsticas    Tipo de Rosca M\u00e9trica EN 60423   Temperatura de trabajo continua -20 \u00baC +100 \u00baC\" \/>\n<meta property=\"og:url\" content=\"https:\/\/www.fleximat.es\/pa\/product\/tapon-redondo-atex-to\/\" \/>\n<meta property=\"og:site_name\" content=\"Fleximat\" \/>\n<meta property=\"article:modified_time\" content=\"2023-10-25T07:07:43+00:00\" \/>\n<meta property=\"og:image\" content=\"https:\/\/www.fleximat.es\/wp-content\/uploads\/2023\/10\/tapon-redondo-atex-to-type.jpg\" \/>\n\t<meta property=\"og:image:width\" content=\"1264\" \/>\n\t<meta property=\"og:image:height\" content=\"1034\" \/>\n\t<meta property=\"og:image:type\" content=\"image\/jpeg\" \/>\n<meta name=\"twitter:card\" content=\"summary_large_image\" \/>\n<meta name=\"twitter:label1\" content=\"Est. reading time\" \/>\n\t<meta name=\"twitter:data1\" content=\"1 minute\" \/>\n<script type=\"application\/ld+json\" class=\"yoast-schema-graph\">{\"@context\":\"https:\/\/schema.org\",\"@graph\":[{\"@type\":\"WebPage\",\"@id\":\"https:\/\/www.fleximat.es\/producto\/tapon-redondo-atex-to\/\",\"url\":\"https:\/\/www.fleximat.es\/producto\/tapon-redondo-atex-to\/\",\"name\":\"Tap\u00f3n Redondo ATEX TO - Fleximat\",\"isPartOf\":{\"@id\":\"https:\/\/www.fleximat.es\/bn\/#website\"},\"datePublished\":\"2023-10-18T15:54:55+00:00\",\"dateModified\":\"2023-10-25T07:07:43+00:00\",\"breadcrumb\":{\"@id\":\"https:\/\/www.fleximat.es\/producto\/tapon-redondo-atex-to\/#breadcrumb\"},\"inLanguage\":\"pa-IN\",\"potentialAction\":[{\"@type\":\"ReadAction\",\"target\":[\"https:\/\/www.fleximat.es\/producto\/tapon-redondo-atex-to\/\"]}]},{\"@type\":\"BreadcrumbList\",\"@id\":\"https:\/\/www.fleximat.es\/producto\/tapon-redondo-atex-to\/#breadcrumb\",\"itemListElement\":[{\"@type\":\"ListItem\",\"position\":1,\"name\":\"Portada\",\"item\":\"https:\/\/www.fleximat.es\/\"},{\"@type\":\"ListItem\",\"position\":2,\"name\":\"Productos\",\"item\":\"https:\/\/www.fleximat.es\/en\/productos\/\"},{\"@type\":\"ListItem\",\"position\":3,\"name\":\"Tap\u00f3n Redondo ATEX TO\"}]},{\"@type\":\"WebSite\",\"@id\":\"https:\/\/www.fleximat.es\/bn\/#website\",\"url\":\"https:\/\/www.fleximat.es\/bn\/\",\"name\":\"Fleximat\",\"description\":\"Tu soluci\u00f3n en prensaestopas y tubos flexibles\",\"publisher\":{\"@id\":\"https:\/\/www.fleximat.es\/bn\/#organization\"},\"potentialAction\":[{\"@type\":\"SearchAction\",\"target\":{\"@type\":\"EntryPoint\",\"urlTemplate\":\"https:\/\/www.fleximat.es\/bn\/?s={search_term_string}\"},\"query-input\":\"required name=search_term_string\"}],\"inLanguage\":\"pa-IN\"},{\"@type\":\"Organization\",\"@id\":\"https:\/\/www.fleximat.es\/bn\/#organization\",\"name\":\"Fleximat\",\"url\":\"https:\/\/www.fleximat.es\/bn\/\",\"logo\":{\"@type\":\"ImageObject\",\"inLanguage\":\"pa-IN\",\"@id\":\"https:\/\/www.fleximat.es\/bn\/#\/schema\/logo\/image\/\",\"url\":\"https:\/\/www.fleximat.es\/wp-content\/uploads\/2023\/11\/fleximat-logo-1.png\",\"contentUrl\":\"https:\/\/www.fleximat.es\/wp-content\/uploads\/2023\/11\/fleximat-logo-1.png\",\"width\":1169,\"height\":289,\"caption\":\"Fleximat\"},\"image\":{\"@id\":\"https:\/\/www.fleximat.es\/bn\/#\/schema\/logo\/image\/\"}}]}<\/script>\n<!-- \/ Yoast SEO plugin. -->","yoast_head_json":{"title":"Tap\u00f3n Redondo ATEX TO - Fleximat","robots":{"index":"index","follow":"follow","max-snippet":"max-snippet:-1","max-image-preview":"max-image-preview:large","max-video-preview":"max-video-preview:-1"},"canonical":"https:\/\/www.fleximat.es\/pa\/product\/tapon-redondo-atex-to\/","og_locale":"pa_IN","og_type":"article","og_title":"Tap\u00f3n Redondo ATEX TO - Fleximat","og_description":"Caracter\u00edsticas    Tipo de Rosca M\u00e9trica EN 60423   Temperatura de trabajo continua -20 \u00baC +100 \u00baC","og_url":"https:\/\/www.fleximat.es\/pa\/product\/tapon-redondo-atex-to\/","og_site_name":"Fleximat","article_modified_time":"2023-10-25T07:07:43+00:00","og_image":[{"width":1264,"height":1034,"url":"https:\/\/www.fleximat.es\/wp-content\/uploads\/2023\/10\/tapon-redondo-atex-to-type.jpg","type":"image\/jpeg"}],"twitter_card":"summary_large_image","twitter_misc":{"Est. reading time":"1 minute"},"schema":{"@context":"https:\/\/schema.org","@graph":[{"@type":"WebPage","@id":"https:\/\/www.fleximat.es\/producto\/tapon-redondo-atex-to\/","url":"https:\/\/www.fleximat.es\/producto\/tapon-redondo-atex-to\/","name":"Tap\u00f3n Redondo ATEX TO - Fleximat","isPartOf":{"@id":"https:\/\/www.fleximat.es\/bn\/#website"},"datePublished":"2023-10-18T15:54:55+00:00","dateModified":"2023-10-25T07:07:43+00:00","breadcrumb":{"@id":"https:\/\/www.fleximat.es\/producto\/tapon-redondo-atex-to\/#breadcrumb"},"inLanguage":"pa-IN","potentialAction":[{"@type":"ReadAction","target":["https:\/\/www.fleximat.es\/producto\/tapon-redondo-atex-to\/"]}]},{"@type":"BreadcrumbList","@id":"https:\/\/www.fleximat.es\/producto\/tapon-redondo-atex-to\/#breadcrumb","itemListElement":[{"@type":"ListItem","position":1,"name":"Portada","item":"https:\/\/www.fleximat.es\/"},{"@type":"ListItem","position":2,"name":"Productos","item":"https:\/\/www.fleximat.es\/en\/productos\/"},{"@type":"ListItem","position":3,"name":"Tap\u00f3n Redondo ATEX TO"}]},{"@type":"WebSite","@id":"https:\/\/www.fleximat.es\/bn\/#website","url":"https:\/\/www.fleximat.es\/bn\/","name":"Fleximat","description":"Tu soluci\u00f3n en prensaestopas y tubos flexibles","publisher":{"@id":"https:\/\/www.fleximat.es\/bn\/#organization"},"potentialAction":[{"@type":"SearchAction","target":{"@type":"EntryPoint","urlTemplate":"https:\/\/www.fleximat.es\/bn\/?s={search_term_string}"},"query-input":"required name=search_term_string"}],"inLanguage":"pa-IN"},{"@type":"Organization","@id":"https:\/\/www.fleximat.es\/bn\/#organization","name":"Fleximat","url":"https:\/\/www.fleximat.es\/bn\/","logo":{"@type":"ImageObject","inLanguage":"pa-IN","@id":"https:\/\/www.fleximat.es\/bn\/#\/schema\/logo\/image\/","url":"https:\/\/www.fleximat.es\/wp-content\/uploads\/2023\/11\/fleximat-logo-1.png","contentUrl":"https:\/\/www.fleximat.es\/wp-content\/uploads\/2023\/11\/fleximat-logo-1.png","width":1169,"height":289,"caption":"Fleximat"},"image":{"@id":"https:\/\/www.fleximat.es\/bn\/#\/schema\/logo\/image\/"}}]}},"taxonomy_info":{"product_cat":[{"value":84,"label":"Prensaestopas y accesorios ATEX"},{"value":86,"label":"Accesorios ATEX"}]},"featured_image_src_large":["https:\/\/www.fleximat.es\/wp-content\/uploads\/2023\/10\/tapon-redondo-atex-to-type-1024x838.jpg",1024,838,true],"author_info":[],"comment_info":"","_links":{"self":[{"href":"https:\/\/www.fleximat.es\/pa\/wp-json\/wp\/v2\/product\/1801"}],"collection":[{"href":"https:\/\/www.fleximat.es\/pa\/wp-json\/wp\/v2\/product"}],"about":[{"href":"https:\/\/www.fleximat.es\/pa\/wp-json\/wp\/v2\/types\/product"}],"wp:featuredmedia":[{"embeddable":true,"href":"https:\/\/www.fleximat.es\/pa\/wp-json\/wp\/v2\/media\/1835"}],"wp:attachment":[{"href":"https:\/\/www.fleximat.es\/pa\/wp-json\/wp\/v2\/media?parent=1801"}],"wp:term":[{"taxonomy":"product_cat","embeddable":true,"href":"https:\/\/www.fleximat.es\/pa\/wp-json\/wp\/v2\/product_cat?post=1801"},{"taxonomy":"product_tag","embeddable":true,"href":"https:\/\/www.fleximat.es\/pa\/wp-json\/wp\/v2\/product_tag?post=1801"}],"curies":[{"name":"wp","href":"https:\/\/api.w.org\/{rel}","templated":true}]}}