{"id":1621,"date":"2023-10-18T17:53:15","date_gmt":"2023-10-18T15:53:15","guid":{"rendered":"https:\/\/www.fleximat.es\/?post_type=product&#038;p=1621"},"modified":"2023-12-03T13:18:48","modified_gmt":"2023-12-03T12:18:48","slug":"prensaestopas-de-ventilacion-pg-acero-inoxidable-ip-68","status":"publish","type":"product","link":"https:\/\/www.fleximat.es\/pt\/produto\/prensaestopas-de-ventilacion-pg-acero-inoxidable-ip-68\/","title":{"rendered":"Prensa-cabo de ventila\u00e7\u00e3o de a\u00e7o inoxid\u00e1vel PG IP-68"},"content":{"rendered":"<h4>Propriedades<\/h4>\n<p>Sistema de ventila\u00e7\u00e3o: Co-pol\u00edmero acr\u00edlico sobre suporte de nylon (hidrof\u00f3bico-oleof\u00f3bico).<\/p>\n<p>Equaliza\u00e7\u00e3o da press\u00e3o interna e externa do sistema. \u00d3timo fluxo de ventila\u00e7\u00e3o.<\/p>\n<p>Evita corros\u00e3o e condensa\u00e7\u00e3o de \u00e1gua no interior do aparelho Dupla fun\u00e7\u00e3o: Caixa de empanque\/elemento de ventila\u00e7\u00e3o. Prolonga a vida \u00fatil do produto onde \u00e9 aplicado.<\/p>\n<p>Resist\u00eancia a: UV, Anti-tra\u00e7\u00e3o, Produtos qu\u00edmicos, Antivibra\u00e7\u00e3o, F\u00e1cil montagem e Livre de halog\u00eanio.<\/p>\n<p>Aplica\u00e7\u00f5es: Equipamentos de ilumina\u00e7\u00e3o, pain\u00e9is solares, equipamentos eletr\u00f4nicos, automa\u00e7\u00e3o, ind\u00fastria automotiva e ferrovi\u00e1ria<\/p>\n<h3>descri\u00e7\u00e3o do produto<\/h3>\n<p>Gl\u00e2ndulas de ventila\u00e7\u00e3o ou anticondensa\u00e7\u00e3o s\u00e3o utilizadas para proteger o equipamento contra oxida\u00e7\u00e3o e quebra que podem ocorrer devido a mudan\u00e7as de temperatura.<\/p>\n<p>As gl\u00e2ndulas de ventila\u00e7\u00e3o usam uma v\u00e1lvula de pol\u00edmero para permitir o fluxo de ar adequado e equalizar a press\u00e3o.<\/p>\n<p>Estes prensa-cabos anti-condensa\u00e7\u00e3o s\u00e3o normalmente utilizados em equipamentos que trabalham ao ar livre e s\u00e3o recomendados para todos os tipos de aplica\u00e7\u00f5es, especialmente no setor de ilumina\u00e7\u00e3o.<\/p>\n<table class=\"table table-bordered table-striped\">\n<thead>\n<tr>\n<td>Fio<\/td>\n<td>C\u00f3digo principal<\/td>\n<td>C\u00f3digo Paslanmaz<\/td>\n<td>Hum<\/td>\n<td>GL mm<\/td>\n<td>Anahtar a\u011fz\u0131 mm<\/td>\n<td>montagem \u00e7ap\u0131 mm<\/td>\n<td>s\u0131kma \u00e7ap\u0131 mm<\/td>\n<\/tr>\n<\/thead>\n<tbody>\n<tr>\n<td>M12 x 1,5<\/td>\n<td>OMBVGL01<\/td>\n<td>OMSVGL01<\/td>\n<td>31,5<\/td>\n<td>6<\/td>\n<td>17<\/td>\n<td>12,3<\/td>\n<td>4-8<\/td>\n<\/tr>\n<tr>\n<td>M12x1,5<\/td>\n<td>OMBVGL01L<\/td>\n<td>OMSVGL01L<\/td>\n<td>31,5<\/td>\n<td>8<\/td>\n<td>17<\/td>\n<td>12,3<\/td>\n<td>4-8<\/td>\n<\/tr>\n<tr>\n<td>M16x1,5<\/td>\n<td>OMBVGL02R<\/td>\n<td>OMSVGL02R<\/td>\n<td>31,5<\/td>\n<td>6<\/td>\n<td>17<\/td>\n<td>16,3<\/td>\n<td>4-8<\/td>\n<\/tr>\n<tr>\n<td>M16x1,5<\/td>\n<td>OMBVGL02RL<\/td>\n<td>OMSVGL02RL<\/td>\n<td>31,5<\/td>\n<td>8<\/td>\n<td>17<\/td>\n<td>16,3<\/td>\n<td>4-8<\/td>\n<\/tr>\n<tr>\n<td>M16x1,5<\/td>\n<td>OMBVGL02<\/td>\n<td>OMSVGL02<\/td>\n<td>31,5<\/td>\n<td>6<\/td>\n<td>20<\/td>\n<td>16,3<\/td>\n<td>5-10<\/td>\n<\/tr>\n<tr>\n<td>M16x1,5<\/td>\n<td>OMBVGL02L<\/td>\n<td>OMSVGL02L<\/td>\n<td>31,5<\/td>\n<td>8<\/td>\n<td>20<\/td>\n<td>16,3<\/td>\n<td>5-10<\/td>\n<\/tr>\n<tr>\n<td>M20x1,5<\/td>\n<td>OMBVGL03<\/td>\n<td>OMSVGL03<\/td>\n<td>35<\/td>\n<td>8<\/td>\n<td>22<\/td>\n<td>20,3<\/td>\n<td>6-12<\/td>\n<\/tr>\n<\/tbody>\n<\/table>","protected":false},"excerpt":{"rendered":"<h3>Caracteristicas<\/h3>\n<table>\n<tbody>\n<tr>\n<td><strong>Junta de veda\u00e7\u00e3o<\/strong><\/td>\n<td>PDV \/ Silicone<\/td>\n<\/tr>\n<tr>\n<td><strong>Anel-O<\/strong><\/td>\n<td>NBR\/EPDM\/Silicone<\/td>\n<\/tr>\n<tr>\n<td><strong>Tipo de linha<\/strong><\/td>\n<td>PG (DIN 40430)<\/td>\n<\/tr>\n<tr>\n<td><strong>Aperto<\/strong><\/td>\n<td>IP68<\/td>\n<\/tr>\n<tr>\n<td><strong>Temperatura de trabalho cont\u00ednua<\/strong><\/td>\n<td>-40 \u00baC +105 \u00baC<\/td>\n<\/tr>\n<\/tbody>\n<\/table>","protected":false},"featured_media":3083,"template":"","meta":{"_kad_blocks_custom_css":"","_kad_blocks_head_custom_js":"","_kad_blocks_body_custom_js":"","_kad_blocks_footer_custom_js":"","_kadence_starter_templates_imported_post":false,"_kad_post_transparent":"default","_kad_post_title":"","_kad_post_layout":"default","_kad_post_sidebar_id":"","_kad_post_content_style":"default","_kad_post_vertical_padding":"default","_kad_post_feature":"","_kad_post_feature_position":"","_kad_post_header":false,"_kad_post_footer":false},"product_cat":[65,66],"product_tag":[],"class_list":{"0":"post-1621","1":"product","2":"type-product","3":"status-publish","4":"has-post-thumbnail","6":"product_cat-prensaestopas-y-tapones-de-ventilacion","7":"product_cat-prensastopas-de-ventilacion","9":"first","10":"instock","11":"shipping-taxable","12":"product-type-simple","13":"entry","14":"content-bg","15":"loop-entry"},"yoast_head":"<!-- This site is optimized with the Yoast SEO plugin v21.7 - https:\/\/yoast.com\/wordpress\/plugins\/seo\/ -->\n<title>Prensaestopas de Ventilaci\u00f3n PG Acero Inoxidable IP-68 - Fleximat<\/title>\n<meta name=\"robots\" content=\"index, follow, max-snippet:-1, max-image-preview:large, max-video-preview:-1\" \/>\n<link rel=\"canonical\" href=\"https:\/\/www.fleximat.es\/pt\/produto\/prensaestopas-de-ventilacion-pg-acero-inoxidable-ip-68\/\" \/>\n<meta property=\"og:locale\" content=\"pt_PT\" \/>\n<meta property=\"og:type\" content=\"article\" \/>\n<meta property=\"og:title\" content=\"Prensaestopas de Ventilaci\u00f3n PG Acero Inoxidable IP-68 - Fleximat\" \/>\n<meta property=\"og:description\" content=\"Caracter\u00edsticas    Junta de sellado TPV \/ Silicona   Junta t\u00f3rica NBR \/ EPDM \/ Silicona   Tipo de Rosca PG (DIN 40430)   Estanqueidad IP68   Temperatura de trabajo continua -40 \u00baC +105 \u00baC\" \/>\n<meta property=\"og:url\" content=\"https:\/\/www.fleximat.es\/pt\/produto\/prensaestopas-de-ventilacion-pg-acero-inoxidable-ip-68\/\" \/>\n<meta property=\"og:site_name\" content=\"Fleximat\" \/>\n<meta property=\"article:modified_time\" content=\"2023-12-03T12:18:48+00:00\" \/>\n<meta property=\"og:image\" content=\"https:\/\/www.fleximat.es\/wp-content\/uploads\/2023\/10\/prensaestopas-ventilacion-metalico-1.png\" \/>\n\t<meta property=\"og:image:width\" content=\"700\" \/>\n\t<meta property=\"og:image:height\" content=\"700\" \/>\n\t<meta property=\"og:image:type\" content=\"image\/png\" \/>\n<meta name=\"twitter:card\" content=\"summary_large_image\" \/>\n<meta name=\"twitter:label1\" content=\"Tempo estimado de leitura\" \/>\n\t<meta name=\"twitter:data1\" content=\"1 minuto\" \/>\n<script type=\"application\/ld+json\" class=\"yoast-schema-graph\">{\"@context\":\"https:\/\/schema.org\",\"@graph\":[{\"@type\":\"WebPage\",\"@id\":\"https:\/\/www.fleximat.es\/producto\/prensaestopas-de-ventilacion-pg-acero-inoxidable-ip-68\/\",\"url\":\"https:\/\/www.fleximat.es\/producto\/prensaestopas-de-ventilacion-pg-acero-inoxidable-ip-68\/\",\"name\":\"Prensaestopas de Ventilaci\u00f3n PG Acero Inoxidable IP-68 - Fleximat\",\"isPartOf\":{\"@id\":\"https:\/\/www.fleximat.es\/bn\/#website\"},\"datePublished\":\"2023-10-18T15:53:15+00:00\",\"dateModified\":\"2023-12-03T12:18:48+00:00\",\"breadcrumb\":{\"@id\":\"https:\/\/www.fleximat.es\/producto\/prensaestopas-de-ventilacion-pg-acero-inoxidable-ip-68\/#breadcrumb\"},\"inLanguage\":\"pt-PT\",\"potentialAction\":[{\"@type\":\"ReadAction\",\"target\":[\"https:\/\/www.fleximat.es\/producto\/prensaestopas-de-ventilacion-pg-acero-inoxidable-ip-68\/\"]}]},{\"@type\":\"BreadcrumbList\",\"@id\":\"https:\/\/www.fleximat.es\/producto\/prensaestopas-de-ventilacion-pg-acero-inoxidable-ip-68\/#breadcrumb\",\"itemListElement\":[{\"@type\":\"ListItem\",\"position\":1,\"name\":\"Portada\",\"item\":\"https:\/\/www.fleximat.es\/\"},{\"@type\":\"ListItem\",\"position\":2,\"name\":\"Productos\",\"item\":\"https:\/\/www.fleximat.es\/en\/productos\/\"},{\"@type\":\"ListItem\",\"position\":3,\"name\":\"Prensaestopas de Ventilaci\u00f3n PG Acero Inoxidable IP-68\"}]},{\"@type\":\"WebSite\",\"@id\":\"https:\/\/www.fleximat.es\/bn\/#website\",\"url\":\"https:\/\/www.fleximat.es\/bn\/\",\"name\":\"Fleximat\",\"description\":\"Tu soluci\u00f3n en prensaestopas y tubos flexibles\",\"publisher\":{\"@id\":\"https:\/\/www.fleximat.es\/bn\/#organization\"},\"potentialAction\":[{\"@type\":\"SearchAction\",\"target\":{\"@type\":\"EntryPoint\",\"urlTemplate\":\"https:\/\/www.fleximat.es\/bn\/?s={search_term_string}\"},\"query-input\":\"required name=search_term_string\"}],\"inLanguage\":\"pt-PT\"},{\"@type\":\"Organization\",\"@id\":\"https:\/\/www.fleximat.es\/bn\/#organization\",\"name\":\"Fleximat\",\"url\":\"https:\/\/www.fleximat.es\/bn\/\",\"logo\":{\"@type\":\"ImageObject\",\"inLanguage\":\"pt-PT\",\"@id\":\"https:\/\/www.fleximat.es\/bn\/#\/schema\/logo\/image\/\",\"url\":\"https:\/\/www.fleximat.es\/wp-content\/uploads\/2023\/11\/fleximat-logo-1.png\",\"contentUrl\":\"https:\/\/www.fleximat.es\/wp-content\/uploads\/2023\/11\/fleximat-logo-1.png\",\"width\":1169,\"height\":289,\"caption\":\"Fleximat\"},\"image\":{\"@id\":\"https:\/\/www.fleximat.es\/bn\/#\/schema\/logo\/image\/\"}}]}<\/script>\n<!-- \/ Yoast SEO plugin. -->","yoast_head_json":{"title":"Prensaestopas de Ventilaci\u00f3n PG Acero Inoxidable IP-68 - Fleximat","robots":{"index":"index","follow":"follow","max-snippet":"max-snippet:-1","max-image-preview":"max-image-preview:large","max-video-preview":"max-video-preview:-1"},"canonical":"https:\/\/www.fleximat.es\/pt\/produto\/prensaestopas-de-ventilacion-pg-acero-inoxidable-ip-68\/","og_locale":"pt_PT","og_type":"article","og_title":"Prensaestopas de Ventilaci\u00f3n PG Acero Inoxidable IP-68 - Fleximat","og_description":"Caracter\u00edsticas    Junta de sellado TPV \/ Silicona   Junta t\u00f3rica NBR \/ EPDM \/ Silicona   Tipo de Rosca PG (DIN 40430)   Estanqueidad IP68   Temperatura de trabajo continua -40 \u00baC +105 \u00baC","og_url":"https:\/\/www.fleximat.es\/pt\/produto\/prensaestopas-de-ventilacion-pg-acero-inoxidable-ip-68\/","og_site_name":"Fleximat","article_modified_time":"2023-12-03T12:18:48+00:00","og_image":[{"width":700,"height":700,"url":"https:\/\/www.fleximat.es\/wp-content\/uploads\/2023\/10\/prensaestopas-ventilacion-metalico-1.png","type":"image\/png"}],"twitter_card":"summary_large_image","twitter_misc":{"Tempo estimado de leitura":"1 minuto"},"schema":{"@context":"https:\/\/schema.org","@graph":[{"@type":"WebPage","@id":"https:\/\/www.fleximat.es\/producto\/prensaestopas-de-ventilacion-pg-acero-inoxidable-ip-68\/","url":"https:\/\/www.fleximat.es\/producto\/prensaestopas-de-ventilacion-pg-acero-inoxidable-ip-68\/","name":"Prensaestopas de Ventilaci\u00f3n PG Acero Inoxidable IP-68 - Fleximat","isPartOf":{"@id":"https:\/\/www.fleximat.es\/bn\/#website"},"datePublished":"2023-10-18T15:53:15+00:00","dateModified":"2023-12-03T12:18:48+00:00","breadcrumb":{"@id":"https:\/\/www.fleximat.es\/producto\/prensaestopas-de-ventilacion-pg-acero-inoxidable-ip-68\/#breadcrumb"},"inLanguage":"pt-PT","potentialAction":[{"@type":"ReadAction","target":["https:\/\/www.fleximat.es\/producto\/prensaestopas-de-ventilacion-pg-acero-inoxidable-ip-68\/"]}]},{"@type":"BreadcrumbList","@id":"https:\/\/www.fleximat.es\/producto\/prensaestopas-de-ventilacion-pg-acero-inoxidable-ip-68\/#breadcrumb","itemListElement":[{"@type":"ListItem","position":1,"name":"Portada","item":"https:\/\/www.fleximat.es\/"},{"@type":"ListItem","position":2,"name":"Productos","item":"https:\/\/www.fleximat.es\/en\/productos\/"},{"@type":"ListItem","position":3,"name":"Prensaestopas de Ventilaci\u00f3n PG Acero Inoxidable IP-68"}]},{"@type":"WebSite","@id":"https:\/\/www.fleximat.es\/bn\/#website","url":"https:\/\/www.fleximat.es\/bn\/","name":"Fleximat","description":"Tu soluci\u00f3n en prensaestopas y tubos flexibles","publisher":{"@id":"https:\/\/www.fleximat.es\/bn\/#organization"},"potentialAction":[{"@type":"SearchAction","target":{"@type":"EntryPoint","urlTemplate":"https:\/\/www.fleximat.es\/bn\/?s={search_term_string}"},"query-input":"required name=search_term_string"}],"inLanguage":"pt-PT"},{"@type":"Organization","@id":"https:\/\/www.fleximat.es\/bn\/#organization","name":"Fleximat","url":"https:\/\/www.fleximat.es\/bn\/","logo":{"@type":"ImageObject","inLanguage":"pt-PT","@id":"https:\/\/www.fleximat.es\/bn\/#\/schema\/logo\/image\/","url":"https:\/\/www.fleximat.es\/wp-content\/uploads\/2023\/11\/fleximat-logo-1.png","contentUrl":"https:\/\/www.fleximat.es\/wp-content\/uploads\/2023\/11\/fleximat-logo-1.png","width":1169,"height":289,"caption":"Fleximat"},"image":{"@id":"https:\/\/www.fleximat.es\/bn\/#\/schema\/logo\/image\/"}}]}},"taxonomy_info":{"product_cat":[{"value":65,"label":"Prensaestopas y tapones de ventilaci\u00f3n"},{"value":66,"label":"Prensastopas de ventilaci\u00f3n"}]},"featured_image_src_large":["https:\/\/www.fleximat.es\/wp-content\/uploads\/2023\/10\/prensaestopas-ventilacion-metalico-1.png",700,700,false],"author_info":[],"comment_info":"","_links":{"self":[{"href":"https:\/\/www.fleximat.es\/pt\/wp-json\/wp\/v2\/product\/1621"}],"collection":[{"href":"https:\/\/www.fleximat.es\/pt\/wp-json\/wp\/v2\/product"}],"about":[{"href":"https:\/\/www.fleximat.es\/pt\/wp-json\/wp\/v2\/types\/product"}],"wp:featuredmedia":[{"embeddable":true,"href":"https:\/\/www.fleximat.es\/pt\/wp-json\/wp\/v2\/media\/3083"}],"wp:attachment":[{"href":"https:\/\/www.fleximat.es\/pt\/wp-json\/wp\/v2\/media?parent=1621"}],"wp:term":[{"taxonomy":"product_cat","embeddable":true,"href":"https:\/\/www.fleximat.es\/pt\/wp-json\/wp\/v2\/product_cat?post=1621"},{"taxonomy":"product_tag","embeddable":true,"href":"https:\/\/www.fleximat.es\/pt\/wp-json\/wp\/v2\/product_tag?post=1621"}],"curies":[{"name":"wp","href":"https:\/\/api.w.org\/{rel}","templated":true}]}}