{"id":1652,"date":"2023-10-18T17:53:39","date_gmt":"2023-10-18T15:53:39","guid":{"rendered":"https:\/\/www.fleximat.es\/?post_type=product&#038;p=1652"},"modified":"2023-10-25T17:06:42","modified_gmt":"2023-10-25T15:06:42","slug":"tubo-pvc-gris","status":"publish","type":"product","link":"https:\/\/www.fleximat.es\/pt\/produto\/tubo-pvc-gris\/","title":{"rendered":"Tubo de PVC cinza"},"content":{"rendered":"<h4>Propriedades<\/h4>\n<p>Autoextingu\u00edvel<br \/>\n30 mt. comprimento do rolo<\/p>\n<h3>descri\u00e7\u00e3o do produto<\/h3>\n<p>O tubo flex\u00edvel de PVC possui diversas propriedades mec\u00e2nicas e pode ser moldado e adaptado para a instala\u00e7\u00e3o necess\u00e1ria.<\/p>\n<p>O tubo flex\u00edvel de PVC pertence \u00e0 fam\u00edlia dos tubos flex\u00edveis met\u00e1licos, especiais e distingu\u00edveis do cl\u00e1ssico tubo flex\u00edvel de poliamida.<\/p>\n<p>O tubo de PVC flex\u00edvel est\u00e1 dispon\u00edvel em v\u00e1rios di\u00e2metros. Contate-nos para solicita\u00e7\u00f5es personalizadas.<\/p>\n<p>Oferecemos servi\u00e7o de corte de tubos e fabrica\u00e7\u00e3o de tubos flex\u00edveis em qualquer cor sob demanda.<\/p>\n<table class=\"table table-bordered table-striped\">\n<thead>\n<tr>\n<td>C\u00f3digo cinza<\/td>\n<td>d\u00d8 mm.<\/td>\n<td>d1\u00d8 mm.<\/td>\n<td>Comprimento do rolo (metros)<\/td>\n<\/tr>\n<\/thead>\n<tbody>\n<tr>\n<td>GGX 8<\/td>\n<td>8<\/td>\n<td>12<\/td>\n<td>30<\/td>\n<\/tr>\n<tr>\n<td>GGX 10<\/td>\n<td>10<\/td>\n<td>14,5<\/td>\n<td>30<\/td>\n<\/tr>\n<tr>\n<td>GGX 12<\/td>\n<td>12<\/td>\n<td>16,3<\/td>\n<td>30<\/td>\n<\/tr>\n<tr>\n<td>GGX 14<\/td>\n<td>14<\/td>\n<td>18,6<\/td>\n<td>30<\/td>\n<\/tr>\n<tr>\n<td>GGX 16<\/td>\n<td>16<\/td>\n<td>20,5<\/td>\n<td>30<\/td>\n<\/tr>\n<tr>\n<td>GGX 20<\/td>\n<td>20<\/td>\n<td>24,7<\/td>\n<td>30<\/td>\n<\/tr>\n<tr>\n<td>GGX 22<\/td>\n<td>22<\/td>\n<td>27<\/td>\n<td>30<\/td>\n<\/tr>\n<tr>\n<td>GGX 25<\/td>\n<td>25<\/td>\n<td>30,3<\/td>\n<td>30<\/td>\n<\/tr>\n<tr>\n<td>GGX 28<\/td>\n<td>28<\/td>\n<td>33,2<\/td>\n<td>30<\/td>\n<\/tr>\n<tr>\n<td>GGX 30<\/td>\n<td>30<\/td>\n<td>36<\/td>\n<td>30<\/td>\n<\/tr>\n<tr>\n<td>GGX 32<\/td>\n<td>32<\/td>\n<td>37,5<\/td>\n<td>30<\/td>\n<\/tr>\n<tr>\n<td>GGX 35<\/td>\n<td>35<\/td>\n<td>40,5<\/td>\n<td>30<\/td>\n<\/tr>\n<tr>\n<td>GGX 38<\/td>\n<td>38<\/td>\n<td>44,1<\/td>\n<td>30<\/td>\n<\/tr>\n<tr>\n<td>GGX 40<\/td>\n<td>40<\/td>\n<td>46,2<\/td>\n<td>30<\/td>\n<\/tr>\n<tr>\n<td>GGX 45<\/td>\n<td>45<\/td>\n<td>51,8<\/td>\n<td>30<\/td>\n<\/tr>\n<tr>\n<td>GGX 50<\/td>\n<td>50<\/td>\n<td>57<\/td>\n<td>30<\/td>\n<\/tr>\n<\/tbody>\n<\/table>","protected":false},"excerpt":{"rendered":"<h3>Caracteristicas<\/h3>\n<table>\n<tbody>\n<tr>\n<td><strong>Temperatura de trabalho cont\u00ednua<\/strong><\/td>\n<td>-10 \u00baC +60 \u00baC<\/td>\n<\/tr>\n<\/tbody>\n<\/table>","protected":false},"featured_media":1680,"template":"","meta":{"_kad_blocks_custom_css":"","_kad_blocks_head_custom_js":"","_kad_blocks_body_custom_js":"","_kad_blocks_footer_custom_js":"","_kadence_starter_templates_imported_post":false,"_kad_post_transparent":"default","_kad_post_title":"","_kad_post_layout":"default","_kad_post_sidebar_id":"","_kad_post_content_style":"default","_kad_post_vertical_padding":"default","_kad_post_feature":"","_kad_post_feature_position":"","_kad_post_header":false,"_kad_post_footer":false},"product_cat":[68,69],"product_tag":[],"class_list":{"0":"post-1652","1":"product","2":"type-product","3":"status-publish","4":"has-post-thumbnail","6":"product_cat-tubos-flexibles-racores-y-accesorios","7":"product_cat-tubos-flexibles-metalicos","9":"first","10":"instock","11":"shipping-taxable","12":"product-type-simple","13":"entry","14":"content-bg","15":"loop-entry"},"yoast_head":"<!-- This site is optimized with the Yoast SEO plugin v21.7 - https:\/\/yoast.com\/wordpress\/plugins\/seo\/ -->\n<title>Tubo PVC Gris - Fleximat<\/title>\n<meta name=\"robots\" content=\"index, follow, max-snippet:-1, max-image-preview:large, max-video-preview:-1\" \/>\n<link rel=\"canonical\" href=\"https:\/\/www.fleximat.es\/pt\/product\/tubo-pvc-gris\/\" \/>\n<meta property=\"og:locale\" content=\"pt_PT\" \/>\n<meta property=\"og:type\" content=\"article\" \/>\n<meta property=\"og:title\" content=\"Tubo PVC Gris - Fleximat\" \/>\n<meta property=\"og:description\" content=\"Caracter\u00edsticas    Temperatura de trabajo continua -10 \u00baC +60 \u00baC\" \/>\n<meta property=\"og:url\" content=\"https:\/\/www.fleximat.es\/pt\/product\/tubo-pvc-gris\/\" \/>\n<meta property=\"og:site_name\" content=\"Fleximat\" \/>\n<meta property=\"article:modified_time\" content=\"2023-10-25T15:06:42+00:00\" \/>\n<meta property=\"og:image\" content=\"https:\/\/www.fleximat.es\/wp-content\/uploads\/2023\/10\/tubo-pvc-fleximat-gris.png\" \/>\n\t<meta property=\"og:image:width\" content=\"434\" \/>\n\t<meta property=\"og:image:height\" content=\"504\" \/>\n\t<meta property=\"og:image:type\" content=\"image\/png\" \/>\n<meta name=\"twitter:card\" content=\"summary_large_image\" \/>\n<meta name=\"twitter:label1\" content=\"Tempo estimado de leitura\" \/>\n\t<meta name=\"twitter:data1\" content=\"1 minuto\" \/>\n<script type=\"application\/ld+json\" class=\"yoast-schema-graph\">{\"@context\":\"https:\/\/schema.org\",\"@graph\":[{\"@type\":\"WebPage\",\"@id\":\"https:\/\/www.fleximat.es\/nl\/product\/tubo-pvc-gris\/\",\"url\":\"https:\/\/www.fleximat.es\/nl\/product\/tubo-pvc-gris\/\",\"name\":\"Tubo PVC Gris - Fleximat\",\"isPartOf\":{\"@id\":\"https:\/\/www.fleximat.es\/bn\/#website\"},\"datePublished\":\"2023-10-18T15:53:39+00:00\",\"dateModified\":\"2023-10-25T15:06:42+00:00\",\"breadcrumb\":{\"@id\":\"https:\/\/www.fleximat.es\/nl\/product\/tubo-pvc-gris\/#breadcrumb\"},\"inLanguage\":\"pt-PT\",\"potentialAction\":[{\"@type\":\"ReadAction\",\"target\":[\"https:\/\/www.fleximat.es\/nl\/product\/tubo-pvc-gris\/\"]}]},{\"@type\":\"BreadcrumbList\",\"@id\":\"https:\/\/www.fleximat.es\/nl\/product\/tubo-pvc-gris\/#breadcrumb\",\"itemListElement\":[{\"@type\":\"ListItem\",\"position\":1,\"name\":\"Portada\",\"item\":\"https:\/\/www.fleximat.es\/\"},{\"@type\":\"ListItem\",\"position\":2,\"name\":\"Productos\",\"item\":\"https:\/\/www.fleximat.es\/en\/productos\/\"},{\"@type\":\"ListItem\",\"position\":3,\"name\":\"Tubo PVC Gris\"}]},{\"@type\":\"WebSite\",\"@id\":\"https:\/\/www.fleximat.es\/bn\/#website\",\"url\":\"https:\/\/www.fleximat.es\/bn\/\",\"name\":\"Fleximat\",\"description\":\"Tu soluci\u00f3n en prensaestopas y tubos flexibles\",\"publisher\":{\"@id\":\"https:\/\/www.fleximat.es\/bn\/#organization\"},\"potentialAction\":[{\"@type\":\"SearchAction\",\"target\":{\"@type\":\"EntryPoint\",\"urlTemplate\":\"https:\/\/www.fleximat.es\/bn\/?s={search_term_string}\"},\"query-input\":\"required name=search_term_string\"}],\"inLanguage\":\"pt-PT\"},{\"@type\":\"Organization\",\"@id\":\"https:\/\/www.fleximat.es\/bn\/#organization\",\"name\":\"Fleximat\",\"url\":\"https:\/\/www.fleximat.es\/bn\/\",\"logo\":{\"@type\":\"ImageObject\",\"inLanguage\":\"pt-PT\",\"@id\":\"https:\/\/www.fleximat.es\/bn\/#\/schema\/logo\/image\/\",\"url\":\"https:\/\/www.fleximat.es\/wp-content\/uploads\/2023\/11\/fleximat-logo-1.png\",\"contentUrl\":\"https:\/\/www.fleximat.es\/wp-content\/uploads\/2023\/11\/fleximat-logo-1.png\",\"width\":1169,\"height\":289,\"caption\":\"Fleximat\"},\"image\":{\"@id\":\"https:\/\/www.fleximat.es\/bn\/#\/schema\/logo\/image\/\"}}]}<\/script>\n<!-- \/ Yoast SEO plugin. -->","yoast_head_json":{"title":"Tubo PVC Gris - Fleximat","robots":{"index":"index","follow":"follow","max-snippet":"max-snippet:-1","max-image-preview":"max-image-preview:large","max-video-preview":"max-video-preview:-1"},"canonical":"https:\/\/www.fleximat.es\/pt\/product\/tubo-pvc-gris\/","og_locale":"pt_PT","og_type":"article","og_title":"Tubo PVC Gris - Fleximat","og_description":"Caracter\u00edsticas    Temperatura de trabajo continua -10 \u00baC +60 \u00baC","og_url":"https:\/\/www.fleximat.es\/pt\/product\/tubo-pvc-gris\/","og_site_name":"Fleximat","article_modified_time":"2023-10-25T15:06:42+00:00","og_image":[{"width":434,"height":504,"url":"https:\/\/www.fleximat.es\/wp-content\/uploads\/2023\/10\/tubo-pvc-fleximat-gris.png","type":"image\/png"}],"twitter_card":"summary_large_image","twitter_misc":{"Tempo estimado de leitura":"1 minuto"},"schema":{"@context":"https:\/\/schema.org","@graph":[{"@type":"WebPage","@id":"https:\/\/www.fleximat.es\/nl\/product\/tubo-pvc-gris\/","url":"https:\/\/www.fleximat.es\/nl\/product\/tubo-pvc-gris\/","name":"Tubo PVC Gris - Fleximat","isPartOf":{"@id":"https:\/\/www.fleximat.es\/bn\/#website"},"datePublished":"2023-10-18T15:53:39+00:00","dateModified":"2023-10-25T15:06:42+00:00","breadcrumb":{"@id":"https:\/\/www.fleximat.es\/nl\/product\/tubo-pvc-gris\/#breadcrumb"},"inLanguage":"pt-PT","potentialAction":[{"@type":"ReadAction","target":["https:\/\/www.fleximat.es\/nl\/product\/tubo-pvc-gris\/"]}]},{"@type":"BreadcrumbList","@id":"https:\/\/www.fleximat.es\/nl\/product\/tubo-pvc-gris\/#breadcrumb","itemListElement":[{"@type":"ListItem","position":1,"name":"Portada","item":"https:\/\/www.fleximat.es\/"},{"@type":"ListItem","position":2,"name":"Productos","item":"https:\/\/www.fleximat.es\/en\/productos\/"},{"@type":"ListItem","position":3,"name":"Tubo PVC Gris"}]},{"@type":"WebSite","@id":"https:\/\/www.fleximat.es\/bn\/#website","url":"https:\/\/www.fleximat.es\/bn\/","name":"Fleximat","description":"Tu soluci\u00f3n en prensaestopas y tubos flexibles","publisher":{"@id":"https:\/\/www.fleximat.es\/bn\/#organization"},"potentialAction":[{"@type":"SearchAction","target":{"@type":"EntryPoint","urlTemplate":"https:\/\/www.fleximat.es\/bn\/?s={search_term_string}"},"query-input":"required name=search_term_string"}],"inLanguage":"pt-PT"},{"@type":"Organization","@id":"https:\/\/www.fleximat.es\/bn\/#organization","name":"Fleximat","url":"https:\/\/www.fleximat.es\/bn\/","logo":{"@type":"ImageObject","inLanguage":"pt-PT","@id":"https:\/\/www.fleximat.es\/bn\/#\/schema\/logo\/image\/","url":"https:\/\/www.fleximat.es\/wp-content\/uploads\/2023\/11\/fleximat-logo-1.png","contentUrl":"https:\/\/www.fleximat.es\/wp-content\/uploads\/2023\/11\/fleximat-logo-1.png","width":1169,"height":289,"caption":"Fleximat"},"image":{"@id":"https:\/\/www.fleximat.es\/bn\/#\/schema\/logo\/image\/"}}]}},"taxonomy_info":{"product_cat":[{"value":68,"label":"Tubos flexibles, racores y accesorios"},{"value":69,"label":"Tubos flexibles met\u00e1licos"}]},"featured_image_src_large":["https:\/\/www.fleximat.es\/wp-content\/uploads\/2023\/10\/tubo-pvc-fleximat-gris.png",434,504,false],"author_info":[],"comment_info":"","_links":{"self":[{"href":"https:\/\/www.fleximat.es\/pt\/wp-json\/wp\/v2\/product\/1652"}],"collection":[{"href":"https:\/\/www.fleximat.es\/pt\/wp-json\/wp\/v2\/product"}],"about":[{"href":"https:\/\/www.fleximat.es\/pt\/wp-json\/wp\/v2\/types\/product"}],"wp:featuredmedia":[{"embeddable":true,"href":"https:\/\/www.fleximat.es\/pt\/wp-json\/wp\/v2\/media\/1680"}],"wp:attachment":[{"href":"https:\/\/www.fleximat.es\/pt\/wp-json\/wp\/v2\/media?parent=1652"}],"wp:term":[{"taxonomy":"product_cat","embeddable":true,"href":"https:\/\/www.fleximat.es\/pt\/wp-json\/wp\/v2\/product_cat?post=1652"},{"taxonomy":"product_tag","embeddable":true,"href":"https:\/\/www.fleximat.es\/pt\/wp-json\/wp\/v2\/product_tag?post=1652"}],"curies":[{"name":"wp","href":"https:\/\/api.w.org\/{rel}","templated":true}]}}