{"id":1660,"date":"2023-10-18T17:53:40","date_gmt":"2023-10-18T15:53:40","guid":{"rendered":"https:\/\/www.fleximat.es\/?post_type=product&#038;p=1660"},"modified":"2023-10-25T09:22:20","modified_gmt":"2023-10-25T07:22:20","slug":"tubo-espiral-acero-galvanizado-con-recubrimiento-de-malla-metalica","status":"publish","type":"product","link":"https:\/\/www.fleximat.es\/pt\/produto\/tubo-espiral-acero-galvanizado-con-recubrimiento-de-malla-metalica\/","title":{"rendered":"Tubo espiral de a\u00e7o galvanizado com revestimento de malha met\u00e1lica"},"content":{"rendered":"<h4>Propriedades<\/h4>\n<p>Alta resist\u00eancia ao impacto<\/p>\n<p>Autoextingu\u00edvelAlta resist\u00eancia \u00e0 abras\u00e3o.<\/p>\n<p>Fornece detec\u00e7\u00e3o EMCE Embalagem totalmente encolh\u00edvel<\/p>\n<h3>descri\u00e7\u00e3o do produto<\/h3>\n<p>O tubo espiral de a\u00e7o galvanizado com revestimento de malha met\u00e1lica com revestimento de PVC possui diversas propriedades mec\u00e2nicas, podendo ser moldado e adaptado para a instala\u00e7\u00e3o necess\u00e1ria.<\/p>\n<p>O tubo espiral de a\u00e7o galvanizado com revestimento de malha met\u00e1lica pertence \u00e0 fam\u00edlia dos tubos met\u00e1licos flex\u00edveis, que s\u00e3o especiais e se diferenciam do cl\u00e1ssico tubo flex\u00edvel de poliamida.<\/p>\n<p>O tubo espiral de a\u00e7o galvanizado com revestimento de malha met\u00e1lica est\u00e1 dispon\u00edvel em v\u00e1rios di\u00e2metros. Contate-nos para solicita\u00e7\u00f5es personalizadas.<\/p>\n<p>Oferecemos servi\u00e7o de corte de tubos e fabrica\u00e7\u00e3o de tubos flex\u00edveis em qualquer cor sob demanda.<\/p>\n<table class=\"table table-bordered table-striped\">\n<thead>\n<tr>\n<td>C\u00f3digo<\/td>\n<td>dmm<\/td>\n<td>d1mm<\/td>\n<td>Comprimento do rolo (metros)<\/td>\n<\/tr>\n<\/thead>\n<tbody>\n<tr>\n<td>CTS 9<\/td>\n<td>9<\/td>\n<td>14<\/td>\n<td>50<\/td>\n<\/tr>\n<tr>\n<td>CTS 11<\/td>\n<td>11<\/td>\n<td>16<\/td>\n<td>50<\/td>\n<\/tr>\n<tr>\n<td>CTS 13<\/td>\n<td>13<\/td>\n<td>17,5<\/td>\n<td>50<\/td>\n<\/tr>\n<tr>\n<td>CTS 16<\/td>\n<td>16<\/td>\n<td>21<\/td>\n<td>50<\/td>\n<\/tr>\n<tr>\n<td>CTS 21<\/td>\n<td>21<\/td>\n<td>26<\/td>\n<td>50<\/td>\n<\/tr>\n<tr>\n<td>CTS 26<\/td>\n<td>26<\/td>\n<td>32<\/td>\n<td>25<\/td>\n<\/tr>\n<tr>\n<td>CTS 35<\/td>\n<td>35<\/td>\n<td>41<\/td>\n<td>25<\/td>\n<\/tr>\n<tr>\n<td>CTS 40<\/td>\n<td>40<\/td>\n<td>46<\/td>\n<td>25<\/td>\n<\/tr>\n<tr>\n<td>CTS 51<\/td>\n<td>51<\/td>\n<td>57<\/td>\n<td>25<\/td>\n<\/tr>\n<\/tbody>\n<\/table>","protected":false},"excerpt":{"rendered":"<h3>Caracteristicas<\/h3>\n<table>\n<tbody>\n<tr>\n<td><strong>Aperto<\/strong><\/td>\n<td>IP40<\/td>\n<\/tr>\n<tr>\n<td><strong>Temperatura de trabalho cont\u00ednua<\/strong><\/td>\n<td>-100 \u00baC +300 \u00baC<\/td>\n<\/tr>\n<\/tbody>\n<\/table>","protected":false},"featured_media":1688,"template":"","meta":{"_kad_blocks_custom_css":"","_kad_blocks_head_custom_js":"","_kad_blocks_body_custom_js":"","_kad_blocks_footer_custom_js":"","_kadence_starter_templates_imported_post":false,"_kad_post_transparent":"default","_kad_post_title":"","_kad_post_layout":"default","_kad_post_sidebar_id":"","_kad_post_content_style":"default","_kad_post_vertical_padding":"default","_kad_post_feature":"","_kad_post_feature_position":"","_kad_post_header":false,"_kad_post_footer":false},"product_cat":[68,69],"product_tag":[],"class_list":{"0":"post-1660","1":"product","2":"type-product","3":"status-publish","4":"has-post-thumbnail","6":"product_cat-tubos-flexibles-racores-y-accesorios","7":"product_cat-tubos-flexibles-metalicos","9":"first","10":"instock","11":"shipping-taxable","12":"product-type-simple","13":"entry","14":"content-bg","15":"loop-entry"},"yoast_head":"<!-- This site is optimized with the Yoast SEO plugin v21.7 - https:\/\/yoast.com\/wordpress\/plugins\/seo\/ -->\n<title>Tubo Espiral Acero Galvanizado con recubrimiento de Malla Met\u00e1lica - Fleximat<\/title>\n<meta name=\"robots\" content=\"index, follow, max-snippet:-1, max-image-preview:large, max-video-preview:-1\" \/>\n<link rel=\"canonical\" href=\"https:\/\/www.fleximat.es\/pt\/produto\/tubo-espiral-acero-galvanizado-con-recubrimiento-de-malla-metalica\/\" \/>\n<meta property=\"og:locale\" content=\"pt_PT\" \/>\n<meta property=\"og:type\" content=\"article\" \/>\n<meta property=\"og:title\" content=\"Tubo Espiral Acero Galvanizado con recubrimiento de Malla Met\u00e1lica - Fleximat\" \/>\n<meta property=\"og:description\" content=\"Caracter\u00edsticas    Estanqueidad IP40   Temperatura de trabajo continua -100 \u00baC +300 \u00baC\" \/>\n<meta property=\"og:url\" content=\"https:\/\/www.fleximat.es\/pt\/produto\/tubo-espiral-acero-galvanizado-con-recubrimiento-de-malla-metalica\/\" \/>\n<meta property=\"og:site_name\" content=\"Fleximat\" \/>\n<meta property=\"article:modified_time\" content=\"2023-10-25T07:22:20+00:00\" \/>\n<meta property=\"og:image\" content=\"https:\/\/www.fleximat.es\/wp-content\/uploads\/2023\/10\/tubo-poliamida-con-recubrimiento-malla-metalica11.jpg\" \/>\n\t<meta property=\"og:image:width\" content=\"500\" \/>\n\t<meta property=\"og:image:height\" content=\"500\" \/>\n\t<meta property=\"og:image:type\" content=\"image\/jpeg\" \/>\n<meta name=\"twitter:card\" content=\"summary_large_image\" \/>\n<meta name=\"twitter:label1\" content=\"Tempo estimado de leitura\" \/>\n\t<meta name=\"twitter:data1\" content=\"1 minuto\" \/>\n<script type=\"application\/ld+json\" class=\"yoast-schema-graph\">{\"@context\":\"https:\/\/schema.org\",\"@graph\":[{\"@type\":\"WebPage\",\"@id\":\"https:\/\/www.fleximat.es\/pt\/produto\/tubo-espiral-acero-galvanizado-con-recubrimiento-de-malla-metalica\/\",\"url\":\"https:\/\/www.fleximat.es\/pt\/produto\/tubo-espiral-acero-galvanizado-con-recubrimiento-de-malla-metalica\/\",\"name\":\"Tubo Espiral Acero Galvanizado con recubrimiento de Malla Met\u00e1lica - Fleximat\",\"isPartOf\":{\"@id\":\"https:\/\/www.fleximat.es\/bn\/#website\"},\"datePublished\":\"2023-10-18T15:53:40+00:00\",\"dateModified\":\"2023-10-25T07:22:20+00:00\",\"breadcrumb\":{\"@id\":\"https:\/\/www.fleximat.es\/pt\/produto\/tubo-espiral-acero-galvanizado-con-recubrimiento-de-malla-metalica\/#breadcrumb\"},\"inLanguage\":\"pt-PT\",\"potentialAction\":[{\"@type\":\"ReadAction\",\"target\":[\"https:\/\/www.fleximat.es\/pt\/produto\/tubo-espiral-acero-galvanizado-con-recubrimiento-de-malla-metalica\/\"]}]},{\"@type\":\"BreadcrumbList\",\"@id\":\"https:\/\/www.fleximat.es\/pt\/produto\/tubo-espiral-acero-galvanizado-con-recubrimiento-de-malla-metalica\/#breadcrumb\",\"itemListElement\":[{\"@type\":\"ListItem\",\"position\":1,\"name\":\"Portada\",\"item\":\"https:\/\/www.fleximat.es\/\"},{\"@type\":\"ListItem\",\"position\":2,\"name\":\"Productos\",\"item\":\"https:\/\/www.fleximat.es\/en\/productos\/\"},{\"@type\":\"ListItem\",\"position\":3,\"name\":\"Tubo Espiral Acero Galvanizado con recubrimiento de Malla Met\u00e1lica\"}]},{\"@type\":\"WebSite\",\"@id\":\"https:\/\/www.fleximat.es\/bn\/#website\",\"url\":\"https:\/\/www.fleximat.es\/bn\/\",\"name\":\"Fleximat\",\"description\":\"Tu soluci\u00f3n en prensaestopas y tubos flexibles\",\"publisher\":{\"@id\":\"https:\/\/www.fleximat.es\/bn\/#organization\"},\"potentialAction\":[{\"@type\":\"SearchAction\",\"target\":{\"@type\":\"EntryPoint\",\"urlTemplate\":\"https:\/\/www.fleximat.es\/bn\/?s={search_term_string}\"},\"query-input\":\"required name=search_term_string\"}],\"inLanguage\":\"pt-PT\"},{\"@type\":\"Organization\",\"@id\":\"https:\/\/www.fleximat.es\/bn\/#organization\",\"name\":\"Fleximat\",\"url\":\"https:\/\/www.fleximat.es\/bn\/\",\"logo\":{\"@type\":\"ImageObject\",\"inLanguage\":\"pt-PT\",\"@id\":\"https:\/\/www.fleximat.es\/bn\/#\/schema\/logo\/image\/\",\"url\":\"https:\/\/www.fleximat.es\/wp-content\/uploads\/2023\/11\/fleximat-logo-1.png\",\"contentUrl\":\"https:\/\/www.fleximat.es\/wp-content\/uploads\/2023\/11\/fleximat-logo-1.png\",\"width\":1169,\"height\":289,\"caption\":\"Fleximat\"},\"image\":{\"@id\":\"https:\/\/www.fleximat.es\/bn\/#\/schema\/logo\/image\/\"}}]}<\/script>\n<!-- \/ Yoast SEO plugin. -->","yoast_head_json":{"title":"Tubo Espiral Acero Galvanizado con recubrimiento de Malla Met\u00e1lica - Fleximat","robots":{"index":"index","follow":"follow","max-snippet":"max-snippet:-1","max-image-preview":"max-image-preview:large","max-video-preview":"max-video-preview:-1"},"canonical":"https:\/\/www.fleximat.es\/pt\/produto\/tubo-espiral-acero-galvanizado-con-recubrimiento-de-malla-metalica\/","og_locale":"pt_PT","og_type":"article","og_title":"Tubo Espiral Acero Galvanizado con recubrimiento de Malla Met\u00e1lica - Fleximat","og_description":"Caracter\u00edsticas    Estanqueidad IP40   Temperatura de trabajo continua -100 \u00baC +300 \u00baC","og_url":"https:\/\/www.fleximat.es\/pt\/produto\/tubo-espiral-acero-galvanizado-con-recubrimiento-de-malla-metalica\/","og_site_name":"Fleximat","article_modified_time":"2023-10-25T07:22:20+00:00","og_image":[{"width":500,"height":500,"url":"https:\/\/www.fleximat.es\/wp-content\/uploads\/2023\/10\/tubo-poliamida-con-recubrimiento-malla-metalica11.jpg","type":"image\/jpeg"}],"twitter_card":"summary_large_image","twitter_misc":{"Tempo estimado de leitura":"1 minuto"},"schema":{"@context":"https:\/\/schema.org","@graph":[{"@type":"WebPage","@id":"https:\/\/www.fleximat.es\/pt\/produto\/tubo-espiral-acero-galvanizado-con-recubrimiento-de-malla-metalica\/","url":"https:\/\/www.fleximat.es\/pt\/produto\/tubo-espiral-acero-galvanizado-con-recubrimiento-de-malla-metalica\/","name":"Tubo Espiral Acero Galvanizado con recubrimiento de Malla Met\u00e1lica - Fleximat","isPartOf":{"@id":"https:\/\/www.fleximat.es\/bn\/#website"},"datePublished":"2023-10-18T15:53:40+00:00","dateModified":"2023-10-25T07:22:20+00:00","breadcrumb":{"@id":"https:\/\/www.fleximat.es\/pt\/produto\/tubo-espiral-acero-galvanizado-con-recubrimiento-de-malla-metalica\/#breadcrumb"},"inLanguage":"pt-PT","potentialAction":[{"@type":"ReadAction","target":["https:\/\/www.fleximat.es\/pt\/produto\/tubo-espiral-acero-galvanizado-con-recubrimiento-de-malla-metalica\/"]}]},{"@type":"BreadcrumbList","@id":"https:\/\/www.fleximat.es\/pt\/produto\/tubo-espiral-acero-galvanizado-con-recubrimiento-de-malla-metalica\/#breadcrumb","itemListElement":[{"@type":"ListItem","position":1,"name":"Portada","item":"https:\/\/www.fleximat.es\/"},{"@type":"ListItem","position":2,"name":"Productos","item":"https:\/\/www.fleximat.es\/en\/productos\/"},{"@type":"ListItem","position":3,"name":"Tubo Espiral Acero Galvanizado con recubrimiento de Malla Met\u00e1lica"}]},{"@type":"WebSite","@id":"https:\/\/www.fleximat.es\/bn\/#website","url":"https:\/\/www.fleximat.es\/bn\/","name":"Fleximat","description":"Tu soluci\u00f3n en prensaestopas y tubos flexibles","publisher":{"@id":"https:\/\/www.fleximat.es\/bn\/#organization"},"potentialAction":[{"@type":"SearchAction","target":{"@type":"EntryPoint","urlTemplate":"https:\/\/www.fleximat.es\/bn\/?s={search_term_string}"},"query-input":"required name=search_term_string"}],"inLanguage":"pt-PT"},{"@type":"Organization","@id":"https:\/\/www.fleximat.es\/bn\/#organization","name":"Fleximat","url":"https:\/\/www.fleximat.es\/bn\/","logo":{"@type":"ImageObject","inLanguage":"pt-PT","@id":"https:\/\/www.fleximat.es\/bn\/#\/schema\/logo\/image\/","url":"https:\/\/www.fleximat.es\/wp-content\/uploads\/2023\/11\/fleximat-logo-1.png","contentUrl":"https:\/\/www.fleximat.es\/wp-content\/uploads\/2023\/11\/fleximat-logo-1.png","width":1169,"height":289,"caption":"Fleximat"},"image":{"@id":"https:\/\/www.fleximat.es\/bn\/#\/schema\/logo\/image\/"}}]}},"taxonomy_info":{"product_cat":[{"value":68,"label":"Tubos flexibles, racores y accesorios"},{"value":69,"label":"Tubos flexibles met\u00e1licos"}]},"featured_image_src_large":["https:\/\/www.fleximat.es\/wp-content\/uploads\/2023\/10\/tubo-poliamida-con-recubrimiento-malla-metalica11.jpg",500,500,false],"author_info":[],"comment_info":"","_links":{"self":[{"href":"https:\/\/www.fleximat.es\/pt\/wp-json\/wp\/v2\/product\/1660"}],"collection":[{"href":"https:\/\/www.fleximat.es\/pt\/wp-json\/wp\/v2\/product"}],"about":[{"href":"https:\/\/www.fleximat.es\/pt\/wp-json\/wp\/v2\/types\/product"}],"wp:featuredmedia":[{"embeddable":true,"href":"https:\/\/www.fleximat.es\/pt\/wp-json\/wp\/v2\/media\/1688"}],"wp:attachment":[{"href":"https:\/\/www.fleximat.es\/pt\/wp-json\/wp\/v2\/media?parent=1660"}],"wp:term":[{"taxonomy":"product_cat","embeddable":true,"href":"https:\/\/www.fleximat.es\/pt\/wp-json\/wp\/v2\/product_cat?post=1660"},{"taxonomy":"product_tag","embeddable":true,"href":"https:\/\/www.fleximat.es\/pt\/wp-json\/wp\/v2\/product_tag?post=1660"}],"curies":[{"name":"wp","href":"https:\/\/api.w.org\/{rel}","templated":true}]}}