{"id":1760,"date":"2023-10-18T17:54:27","date_gmt":"2023-10-18T15:54:27","guid":{"rendered":"https:\/\/www.fleximat.es\/?post_type=product&#038;p=1760"},"modified":"2023-10-25T09:11:18","modified_gmt":"2023-10-25T07:11:18","slug":"derivacion-para-tubo-poliamida-en-t","status":"publish","type":"product","link":"https:\/\/www.fleximat.es\/pt\/produto\/derivacion-para-tubo-poliamida-en-t\/","title":{"rendered":"Deriva\u00e7\u00e3o para tubo de poliamida em forma de T"},"content":{"rendered":"<h4>Propriedades<\/h4>\n<p>Resist\u00eancia UV<\/p>\n<p>F\u00e1cil de montarSem halog\u00e9neoAplicar com condutas PA ou PP<\/p>\n<h3>descri\u00e7\u00e3o do produto<\/h3>\n<p>O ramal para tubo de poliamida \u00e9 um elemento de distribui\u00e7\u00e3o de fia\u00e7\u00e3o el\u00e9trica de equipamentos e instala\u00e7\u00f5es. Utilizadas em aplica\u00e7\u00f5es que necessitam de m\u00faltiplas fia\u00e7\u00f5es, as ramifica\u00e7\u00f5es cont\u00eam diversas entradas e sa\u00eddas para tubos flex\u00edveis de poliamida.<\/p>\n<p>As ramifica\u00e7\u00f5es para tubos de poliamida s\u00e3o uma solu\u00e7\u00e3o eficaz de prote\u00e7\u00e3o e conex\u00e3o da fia\u00e7\u00e3o com um design resistente que proporciona um acabamento profissional para a instala\u00e7\u00e3o da fia\u00e7\u00e3o.<\/p>\n<p>A sua utiliza\u00e7\u00e3o \u00e9 bastante difundida no setor autom\u00f3vel, sendo uma das pe\u00e7as mais valorizadas pelos fabricantes e instaladores de equipamentos el\u00e9tricos nos seus projetos de cablagem.<\/p>\n<p>Dispomos de v\u00e1rios tipos de ramais e di\u00e2metros para todos os tipos de tubos flex\u00edveis de poliamida. Os eletrodos mais comuns s\u00e3o em forma de T, em forma de Y ou em forma de A.<\/p>\n<table class=\"table table-bordered table-striped\">\n<thead>\n<tr>\n<td>C\u00f3digo Cinza<\/td>\n<td>Para tubo<\/td>\n<td>L mm<\/td>\n<td>Hum<\/td>\n<td>\u00d8 D mm<\/td>\n<\/tr>\n<\/thead>\n<tbody>\n<tr>\n<td>ODGK 10<\/td>\n<td>OGPA 7<\/td>\n<td>24,5<\/td>\n<td>15<\/td>\n<td>10<\/td>\n<\/tr>\n<tr>\n<td>ODGK 13<\/td>\n<td>OGPA 9<\/td>\n<td>24,5<\/td>\n<td>15<\/td>\n<td>11,6<\/td>\n<\/tr>\n<tr>\n<td>ODGK 15<\/td>\n<td>OGPA 11<\/td>\n<td>30<\/td>\n<td>21<\/td>\n<td>16<\/td>\n<\/tr>\n<tr>\n<td>ODGK 18<\/td>\n<td>OGPA 13.5<\/td>\n<td>34<\/td>\n<td>24<\/td>\n<td>18,5<\/td>\n<\/tr>\n<tr>\n<td>ODGK 21<\/td>\n<td>OGPA 16<\/td>\n<td>39<\/td>\n<td>28<\/td>\n<td>21,5<\/td>\n<\/tr>\n<tr>\n<td>ODGK28<\/td>\n<td>OGPA 21<\/td>\n<td>51<\/td>\n<td>37<\/td>\n<td>28,5<\/td>\n<\/tr>\n<tr>\n<td>ODGK34<\/td>\n<td>OGPA 29<\/td>\n<td>62<\/td>\n<td>45,5<\/td>\n<td>35<\/td>\n<\/tr>\n<tr>\n<td>ODGK 42<\/td>\n<td>OGPA 36<\/td>\n<td>74,5<\/td>\n<td>55,5<\/td>\n<td>42,5<\/td>\n<\/tr>\n<tr>\n<td>ODGK 54<\/td>\n<td>OGPA 48<\/td>\n<td>95,5<\/td>\n<td>71<\/td>\n<td>55<\/td>\n<\/tr>\n<\/tbody>\n<\/table>","protected":false},"excerpt":{"rendered":"<h3>Caracteristicas<\/h3>\n<table>\n<tbody>\n<tr>\n<td><strong>Tipo de linha<\/strong><\/td>\n<td>PG (DIN 40430)<\/td>\n<\/tr>\n<tr>\n<td><strong>Temperatura de trabalho cont\u00ednua<\/strong><\/td>\n<td>-30 \u00baC +80 \u00baC<\/td>\n<\/tr>\n<\/tbody>\n<\/table>","protected":false},"featured_media":1787,"template":"","meta":{"_kad_blocks_custom_css":"","_kad_blocks_head_custom_js":"","_kad_blocks_body_custom_js":"","_kad_blocks_footer_custom_js":"","_kadence_starter_templates_imported_post":false,"_kad_post_transparent":"default","_kad_post_title":"","_kad_post_layout":"default","_kad_post_sidebar_id":"","_kad_post_content_style":"default","_kad_post_vertical_padding":"default","_kad_post_feature":"","_kad_post_feature_position":"","_kad_post_header":false,"_kad_post_footer":false},"product_cat":[68,77],"product_tag":[],"class_list":{"0":"post-1760","1":"product","2":"type-product","3":"status-publish","4":"has-post-thumbnail","6":"product_cat-tubos-flexibles-racores-y-accesorios","7":"product_cat-tubos-flexibles-de-poliamida-y-accesorios","9":"first","10":"instock","11":"shipping-taxable","12":"product-type-simple","13":"entry","14":"content-bg","15":"loop-entry"},"yoast_head":"<!-- This site is optimized with the Yoast SEO plugin v21.7 - https:\/\/yoast.com\/wordpress\/plugins\/seo\/ -->\n<title>Derivaci\u00f3n para tubo poliamida en T - Fleximat<\/title>\n<meta name=\"robots\" content=\"index, follow, max-snippet:-1, max-image-preview:large, max-video-preview:-1\" \/>\n<link rel=\"canonical\" href=\"https:\/\/www.fleximat.es\/pt\/product\/derivacion-para-tubo-poliamida-en-t\/\" \/>\n<meta property=\"og:locale\" content=\"pt_PT\" \/>\n<meta property=\"og:type\" content=\"article\" \/>\n<meta property=\"og:title\" content=\"Derivaci\u00f3n para tubo poliamida en T - Fleximat\" \/>\n<meta property=\"og:description\" content=\"Caracter\u00edsticas    Tipo de Rosca PG (DIN 40430)   Temperatura de trabajo continua -30 \u00baC +80 \u00baC\" \/>\n<meta property=\"og:url\" content=\"https:\/\/www.fleximat.es\/pt\/product\/derivacion-para-tubo-poliamida-en-t\/\" \/>\n<meta property=\"og:site_name\" content=\"Fleximat\" \/>\n<meta property=\"article:modified_time\" content=\"2023-10-25T07:11:18+00:00\" \/>\n<meta property=\"og:image\" content=\"https:\/\/www.fleximat.es\/wp-content\/uploads\/2023\/10\/th_crop_1563970964derivacion-t-exterior.jpg\" \/>\n\t<meta property=\"og:image:width\" content=\"600\" \/>\n\t<meta property=\"og:image:height\" content=\"600\" \/>\n\t<meta property=\"og:image:type\" content=\"image\/jpeg\" \/>\n<meta name=\"twitter:card\" content=\"summary_large_image\" \/>\n<meta name=\"twitter:label1\" content=\"Tempo estimado de leitura\" \/>\n\t<meta name=\"twitter:data1\" content=\"1 minuto\" \/>\n<script type=\"application\/ld+json\" class=\"yoast-schema-graph\">{\"@context\":\"https:\/\/schema.org\",\"@graph\":[{\"@type\":\"WebPage\",\"@id\":\"https:\/\/www.fleximat.es\/zh\/product\/derivacion-para-tubo-poliamida-en-t\/\",\"url\":\"https:\/\/www.fleximat.es\/zh\/product\/derivacion-para-tubo-poliamida-en-t\/\",\"name\":\"Derivaci\u00f3n para tubo poliamida en T - Fleximat\",\"isPartOf\":{\"@id\":\"https:\/\/www.fleximat.es\/bn\/#website\"},\"datePublished\":\"2023-10-18T15:54:27+00:00\",\"dateModified\":\"2023-10-25T07:11:18+00:00\",\"breadcrumb\":{\"@id\":\"https:\/\/www.fleximat.es\/zh\/product\/derivacion-para-tubo-poliamida-en-t\/#breadcrumb\"},\"inLanguage\":\"pt-PT\",\"potentialAction\":[{\"@type\":\"ReadAction\",\"target\":[\"https:\/\/www.fleximat.es\/zh\/product\/derivacion-para-tubo-poliamida-en-t\/\"]}]},{\"@type\":\"BreadcrumbList\",\"@id\":\"https:\/\/www.fleximat.es\/zh\/product\/derivacion-para-tubo-poliamida-en-t\/#breadcrumb\",\"itemListElement\":[{\"@type\":\"ListItem\",\"position\":1,\"name\":\"Portada\",\"item\":\"https:\/\/www.fleximat.es\/\"},{\"@type\":\"ListItem\",\"position\":2,\"name\":\"Productos\",\"item\":\"https:\/\/www.fleximat.es\/en\/productos\/\"},{\"@type\":\"ListItem\",\"position\":3,\"name\":\"Derivaci\u00f3n para tubo poliamida en T\"}]},{\"@type\":\"WebSite\",\"@id\":\"https:\/\/www.fleximat.es\/bn\/#website\",\"url\":\"https:\/\/www.fleximat.es\/bn\/\",\"name\":\"Fleximat\",\"description\":\"Tu soluci\u00f3n en prensaestopas y tubos flexibles\",\"publisher\":{\"@id\":\"https:\/\/www.fleximat.es\/bn\/#organization\"},\"potentialAction\":[{\"@type\":\"SearchAction\",\"target\":{\"@type\":\"EntryPoint\",\"urlTemplate\":\"https:\/\/www.fleximat.es\/bn\/?s={search_term_string}\"},\"query-input\":\"required name=search_term_string\"}],\"inLanguage\":\"pt-PT\"},{\"@type\":\"Organization\",\"@id\":\"https:\/\/www.fleximat.es\/bn\/#organization\",\"name\":\"Fleximat\",\"url\":\"https:\/\/www.fleximat.es\/bn\/\",\"logo\":{\"@type\":\"ImageObject\",\"inLanguage\":\"pt-PT\",\"@id\":\"https:\/\/www.fleximat.es\/bn\/#\/schema\/logo\/image\/\",\"url\":\"https:\/\/www.fleximat.es\/wp-content\/uploads\/2023\/11\/fleximat-logo-1.png\",\"contentUrl\":\"https:\/\/www.fleximat.es\/wp-content\/uploads\/2023\/11\/fleximat-logo-1.png\",\"width\":1169,\"height\":289,\"caption\":\"Fleximat\"},\"image\":{\"@id\":\"https:\/\/www.fleximat.es\/bn\/#\/schema\/logo\/image\/\"}}]}<\/script>\n<!-- \/ Yoast SEO plugin. -->","yoast_head_json":{"title":"Derivaci\u00f3n para tubo poliamida en T - Fleximat","robots":{"index":"index","follow":"follow","max-snippet":"max-snippet:-1","max-image-preview":"max-image-preview:large","max-video-preview":"max-video-preview:-1"},"canonical":"https:\/\/www.fleximat.es\/pt\/product\/derivacion-para-tubo-poliamida-en-t\/","og_locale":"pt_PT","og_type":"article","og_title":"Derivaci\u00f3n para tubo poliamida en T - Fleximat","og_description":"Caracter\u00edsticas    Tipo de Rosca PG (DIN 40430)   Temperatura de trabajo continua -30 \u00baC +80 \u00baC","og_url":"https:\/\/www.fleximat.es\/pt\/product\/derivacion-para-tubo-poliamida-en-t\/","og_site_name":"Fleximat","article_modified_time":"2023-10-25T07:11:18+00:00","og_image":[{"width":600,"height":600,"url":"https:\/\/www.fleximat.es\/wp-content\/uploads\/2023\/10\/th_crop_1563970964derivacion-t-exterior.jpg","type":"image\/jpeg"}],"twitter_card":"summary_large_image","twitter_misc":{"Tempo estimado de leitura":"1 minuto"},"schema":{"@context":"https:\/\/schema.org","@graph":[{"@type":"WebPage","@id":"https:\/\/www.fleximat.es\/zh\/product\/derivacion-para-tubo-poliamida-en-t\/","url":"https:\/\/www.fleximat.es\/zh\/product\/derivacion-para-tubo-poliamida-en-t\/","name":"Derivaci\u00f3n para tubo poliamida en T - Fleximat","isPartOf":{"@id":"https:\/\/www.fleximat.es\/bn\/#website"},"datePublished":"2023-10-18T15:54:27+00:00","dateModified":"2023-10-25T07:11:18+00:00","breadcrumb":{"@id":"https:\/\/www.fleximat.es\/zh\/product\/derivacion-para-tubo-poliamida-en-t\/#breadcrumb"},"inLanguage":"pt-PT","potentialAction":[{"@type":"ReadAction","target":["https:\/\/www.fleximat.es\/zh\/product\/derivacion-para-tubo-poliamida-en-t\/"]}]},{"@type":"BreadcrumbList","@id":"https:\/\/www.fleximat.es\/zh\/product\/derivacion-para-tubo-poliamida-en-t\/#breadcrumb","itemListElement":[{"@type":"ListItem","position":1,"name":"Portada","item":"https:\/\/www.fleximat.es\/"},{"@type":"ListItem","position":2,"name":"Productos","item":"https:\/\/www.fleximat.es\/en\/productos\/"},{"@type":"ListItem","position":3,"name":"Derivaci\u00f3n para tubo poliamida en T"}]},{"@type":"WebSite","@id":"https:\/\/www.fleximat.es\/bn\/#website","url":"https:\/\/www.fleximat.es\/bn\/","name":"Fleximat","description":"Tu soluci\u00f3n en prensaestopas y tubos flexibles","publisher":{"@id":"https:\/\/www.fleximat.es\/bn\/#organization"},"potentialAction":[{"@type":"SearchAction","target":{"@type":"EntryPoint","urlTemplate":"https:\/\/www.fleximat.es\/bn\/?s={search_term_string}"},"query-input":"required name=search_term_string"}],"inLanguage":"pt-PT"},{"@type":"Organization","@id":"https:\/\/www.fleximat.es\/bn\/#organization","name":"Fleximat","url":"https:\/\/www.fleximat.es\/bn\/","logo":{"@type":"ImageObject","inLanguage":"pt-PT","@id":"https:\/\/www.fleximat.es\/bn\/#\/schema\/logo\/image\/","url":"https:\/\/www.fleximat.es\/wp-content\/uploads\/2023\/11\/fleximat-logo-1.png","contentUrl":"https:\/\/www.fleximat.es\/wp-content\/uploads\/2023\/11\/fleximat-logo-1.png","width":1169,"height":289,"caption":"Fleximat"},"image":{"@id":"https:\/\/www.fleximat.es\/bn\/#\/schema\/logo\/image\/"}}]}},"taxonomy_info":{"product_cat":[{"value":68,"label":"Tubos flexibles, racores y accesorios"},{"value":77,"label":"Tubos flexibles de poliamida y accesorios"}]},"featured_image_src_large":["https:\/\/www.fleximat.es\/wp-content\/uploads\/2023\/10\/th_crop_1563970964derivacion-t-exterior.jpg",600,600,false],"author_info":[],"comment_info":"","_links":{"self":[{"href":"https:\/\/www.fleximat.es\/pt\/wp-json\/wp\/v2\/product\/1760"}],"collection":[{"href":"https:\/\/www.fleximat.es\/pt\/wp-json\/wp\/v2\/product"}],"about":[{"href":"https:\/\/www.fleximat.es\/pt\/wp-json\/wp\/v2\/types\/product"}],"wp:featuredmedia":[{"embeddable":true,"href":"https:\/\/www.fleximat.es\/pt\/wp-json\/wp\/v2\/media\/1787"}],"wp:attachment":[{"href":"https:\/\/www.fleximat.es\/pt\/wp-json\/wp\/v2\/media?parent=1760"}],"wp:term":[{"taxonomy":"product_cat","embeddable":true,"href":"https:\/\/www.fleximat.es\/pt\/wp-json\/wp\/v2\/product_cat?post=1760"},{"taxonomy":"product_tag","embeddable":true,"href":"https:\/\/www.fleximat.es\/pt\/wp-json\/wp\/v2\/product_tag?post=1760"}],"curies":[{"name":"wp","href":"https:\/\/api.w.org\/{rel}","templated":true}]}}