{"id":1768,"date":"2023-10-18T17:54:28","date_gmt":"2023-10-18T15:54:28","guid":{"rendered":"https:\/\/www.fleximat.es\/?post_type=product&#038;p=1768"},"modified":"2023-10-25T11:32:24","modified_gmt":"2023-10-25T09:32:24","slug":"racor-con-prensa-pg-pa6","status":"publish","type":"product","link":"https:\/\/www.fleximat.es\/pt\/produto\/racor-con-prensa-pg-pa6\/","title":{"rendered":"Montagem com prensa PG PA6"},"content":{"rendered":"<h4>Propriedades<\/h4>\n<p>F\u00e1cil de montar<br \/>\nPara cabos blindadosAdequado para cabos com e sem bainha interna<br \/>\nAltamente condutivoVers\u00f5es com fio longo<br \/>\nLivre de halog\u00eanio<\/p>\n<h3>descri\u00e7\u00e3o do produto<\/h3>\n<p>O prensa-cabos met\u00e1lico \u00e9 uma pe\u00e7a que permite fazer uma veda\u00e7\u00e3o de compress\u00e3o em uma extremidade e ao mesmo tempo garantir a conex\u00e3o com a outra extremidade por meio de uma rosca macho.<\/p>\n<p>Os prensa-cabos met\u00e1licos oferecem uma grande diversidade de propriedades, sejam elas mec\u00e2nicas, qu\u00edmicas ou de desempenho. Os prensa-cabos s\u00e3o r\u00e1pidos de montar e f\u00e1ceis de instalar. Eles t\u00eam uma ampla faixa de temperatura de trabalho.<\/p>\n<p>Mecanicamente, suportam e absorvem qualquer tipo de tra\u00e7\u00e3o, vibra\u00e7\u00e3o e choque.<\/p>\n<p>O prensa-cabo met\u00e1lico est\u00e1 presente em qualquer tipo de instala\u00e7\u00e3o, maquinaria ou equipamento que necessite de alimenta\u00e7\u00e3o el\u00e9trica cont\u00ednua e \u00e9 respons\u00e1vel por garantir a sua liga\u00e7\u00e3o.<\/p>\n<table class=\"table table-bordered table-striped\" width=\"486\">\n<thead>\n<tr>\n<td>Fio<\/td>\n<td>C\u00f3digo<\/td>\n<td>Hum<\/td>\n<td>GL mm<\/td>\n<td>Bmm<\/td>\n<td>Cm<\/td>\n<td>mil\u00edmetros<\/td>\n<\/tr>\n<\/thead>\n<tbody>\n<tr>\n<td>PG7<\/td>\n<td>OPBT 01<\/td>\n<td>22<\/td>\n<td>6<\/td>\n<td>14<\/td>\n<td>14<\/td>\n<td>3-6,5<\/td>\n<\/tr>\n<tr>\n<td>PG9<\/td>\n<td>OPBT 02<\/td>\n<td>23<\/td>\n<td>6<\/td>\n<td>17<\/td>\n<td>17<\/td>\n<td>4-8<\/td>\n<\/tr>\n<tr>\n<td>PG11<\/td>\n<td>OPBT 03<\/td>\n<td>24,5<\/td>\n<td>6<\/td>\n<td>20<\/td>\n<td>20<\/td>\n<td>5-10<\/td>\n<\/tr>\n<tr>\n<td>GP 13.5<\/td>\n<td>OPBT04RS<\/td>\n<td>26,5<\/td>\n<td>6,5<\/td>\n<td>22<\/td>\n<td>22<\/td>\n<td>4-10<\/td>\n<\/tr>\n<tr>\n<td>GP 13.5<\/td>\n<td>OPBT 04<\/td>\n<td>26,5<\/td>\n<td>6,5<\/td>\n<td>22<\/td>\n<td>22<\/td>\n<td>6-12<\/td>\n<\/tr>\n<tr>\n<td>PG 16<\/td>\n<td>OPBT 05<\/td>\n<td>28<\/td>\n<td>6,5<\/td>\n<td>24<\/td>\n<td>24<\/td>\n<td>10-14<\/td>\n<\/tr>\n<tr>\n<td>PG 21<\/td>\n<td>OPBT 06<\/td>\n<td>31,5<\/td>\n<td>7<\/td>\n<td>30<\/td>\n<td>30<\/td>\n<td>13-18<\/td>\n<\/tr>\n<tr>\n<td>PG 29<\/td>\n<td>OPBT 07<\/td>\n<td>38<\/td>\n<td>8<\/td>\n<td>40<\/td>\n<td>40<\/td>\n<td>18-25<\/td>\n<\/tr>\n<tr>\n<td>PG 36<\/td>\n<td>OPBT 08<\/td>\n<td>43<\/td>\n<td>10<\/td>\n<td>50<\/td>\n<td>50<\/td>\n<td>22-32<\/td>\n<\/tr>\n<tr>\n<td>PG 42<\/td>\n<td>OPBT 09<\/td>\n<td>47<\/td>\n<td>12<\/td>\n<td>57<\/td>\n<td>57<\/td>\n<td>30-38<\/td>\n<\/tr>\n<tr>\n<td>PG 48<\/td>\n<td>OPBT 10<\/td>\n<td>48<\/td>\n<td>14<\/td>\n<td>64<\/td>\n<td>64<\/td>\n<td>34-44<\/td>\n<\/tr>\n<\/tbody>\n<\/table>","protected":false},"excerpt":{"rendered":"<h3>Caracteristicas<\/h3>\n<table>\n<tbody>\n<tr>\n<td><strong>Gorro<\/strong><\/td>\n<td>Lat\u00e3o niquelado<\/td>\n<\/tr>\n<tr>\n<td><strong>Junta de veda\u00e7\u00e3o<\/strong><\/td>\n<td>PDV<\/td>\n<\/tr>\n<tr>\n<td><strong>Corpo<\/strong><\/td>\n<td>Inser\u00e7\u00e3o para cabo de a\u00e7o inoxid\u00e1vel: PA6 V2<\/td>\n<\/tr>\n<tr>\n<td><strong>Anel-O<\/strong><\/td>\n<td>NBR<\/td>\n<\/tr>\n<tr>\n<td><strong>Tipo de linha<\/strong><\/td>\n<td>M\u00e9trica (EN 60423)<\/td>\n<\/tr>\n<tr>\n<td><strong>Aperto<\/strong><\/td>\n<td>IP68 \u2013 5 barras<\/td>\n<\/tr>\n<tr>\n<td><strong>Temperatura de trabalho cont\u00ednua<\/strong><\/td>\n<td>-40 \u00baC +100 \u00baC<\/td>\n<\/tr>\n<\/tbody>\n<\/table>","protected":false},"featured_media":1821,"template":"","meta":{"_kad_blocks_custom_css":"","_kad_blocks_head_custom_js":"","_kad_blocks_body_custom_js":"","_kad_blocks_footer_custom_js":"","_kadence_starter_templates_imported_post":false,"_kad_post_transparent":"default","_kad_post_title":"","_kad_post_layout":"default","_kad_post_sidebar_id":"","_kad_post_content_style":"default","_kad_post_vertical_padding":"default","_kad_post_feature":"","_kad_post_feature_position":"","_kad_post_header":false,"_kad_post_footer":false},"product_cat":[77],"product_tag":[],"class_list":{"0":"post-1768","1":"product","2":"type-product","3":"status-publish","4":"has-post-thumbnail","6":"product_cat-tubos-flexibles-de-poliamida-y-accesorios","8":"first","9":"instock","10":"shipping-taxable","11":"product-type-simple","12":"entry","13":"content-bg","14":"loop-entry"},"yoast_head":"<!-- This site is optimized with the Yoast SEO plugin v21.7 - https:\/\/yoast.com\/wordpress\/plugins\/seo\/ -->\n<title>Racor con Prensa PG PA6 - Fleximat<\/title>\n<meta name=\"robots\" content=\"index, follow, max-snippet:-1, max-image-preview:large, max-video-preview:-1\" \/>\n<link rel=\"canonical\" href=\"https:\/\/www.fleximat.es\/pt\/produto\/racor-con-prensa-pg-pa6\/\" \/>\n<meta property=\"og:locale\" content=\"pt_PT\" \/>\n<meta property=\"og:type\" content=\"article\" \/>\n<meta property=\"og:title\" content=\"Racor con Prensa PG PA6 - Fleximat\" \/>\n<meta property=\"og:description\" content=\"Caracter\u00edsticas    Sombrerete Lat\u00f3n Niquelado   Junta de sellado TPV   Cuerpo Inserto para cable de aceroinnoxidable: PA6 V2   Junta t\u00f3rica NBR   Tipo de Rosca M\u00e9trica (EN 60423)   Estanqueidad IP68 - 5 bar   Temperatura de trabajo continua -40 \u00baC +100 \u00baC\" \/>\n<meta property=\"og:url\" content=\"https:\/\/www.fleximat.es\/pt\/produto\/racor-con-prensa-pg-pa6\/\" \/>\n<meta property=\"og:site_name\" content=\"Fleximat\" \/>\n<meta property=\"article:modified_time\" content=\"2023-10-25T09:32:24+00:00\" \/>\n<meta property=\"og:image\" content=\"https:\/\/www.fleximat.es\/wp-content\/uploads\/2023\/10\/racor-con-prensa.jpg\" \/>\n\t<meta property=\"og:image:width\" content=\"650\" \/>\n\t<meta property=\"og:image:height\" content=\"599\" \/>\n\t<meta property=\"og:image:type\" content=\"image\/jpeg\" \/>\n<meta name=\"twitter:card\" content=\"summary_large_image\" \/>\n<meta name=\"twitter:label1\" content=\"Tempo estimado de leitura\" \/>\n\t<meta name=\"twitter:data1\" content=\"1 minuto\" \/>\n<script type=\"application\/ld+json\" class=\"yoast-schema-graph\">{\"@context\":\"https:\/\/schema.org\",\"@graph\":[{\"@type\":\"WebPage\",\"@id\":\"https:\/\/www.fleximat.es\/producto\/racor-con-prensa-pg-pa6\/\",\"url\":\"https:\/\/www.fleximat.es\/producto\/racor-con-prensa-pg-pa6\/\",\"name\":\"Racor con Prensa PG PA6 - Fleximat\",\"isPartOf\":{\"@id\":\"https:\/\/www.fleximat.es\/bn\/#website\"},\"datePublished\":\"2023-10-18T15:54:28+00:00\",\"dateModified\":\"2023-10-25T09:32:24+00:00\",\"breadcrumb\":{\"@id\":\"https:\/\/www.fleximat.es\/producto\/racor-con-prensa-pg-pa6\/#breadcrumb\"},\"inLanguage\":\"pt-PT\",\"potentialAction\":[{\"@type\":\"ReadAction\",\"target\":[\"https:\/\/www.fleximat.es\/producto\/racor-con-prensa-pg-pa6\/\"]}]},{\"@type\":\"BreadcrumbList\",\"@id\":\"https:\/\/www.fleximat.es\/producto\/racor-con-prensa-pg-pa6\/#breadcrumb\",\"itemListElement\":[{\"@type\":\"ListItem\",\"position\":1,\"name\":\"Portada\",\"item\":\"https:\/\/www.fleximat.es\/\"},{\"@type\":\"ListItem\",\"position\":2,\"name\":\"Productos\",\"item\":\"https:\/\/www.fleximat.es\/en\/productos\/\"},{\"@type\":\"ListItem\",\"position\":3,\"name\":\"Racor con Prensa PG PA6\"}]},{\"@type\":\"WebSite\",\"@id\":\"https:\/\/www.fleximat.es\/bn\/#website\",\"url\":\"https:\/\/www.fleximat.es\/bn\/\",\"name\":\"Fleximat\",\"description\":\"Tu soluci\u00f3n en prensaestopas y tubos flexibles\",\"publisher\":{\"@id\":\"https:\/\/www.fleximat.es\/bn\/#organization\"},\"potentialAction\":[{\"@type\":\"SearchAction\",\"target\":{\"@type\":\"EntryPoint\",\"urlTemplate\":\"https:\/\/www.fleximat.es\/bn\/?s={search_term_string}\"},\"query-input\":\"required name=search_term_string\"}],\"inLanguage\":\"pt-PT\"},{\"@type\":\"Organization\",\"@id\":\"https:\/\/www.fleximat.es\/bn\/#organization\",\"name\":\"Fleximat\",\"url\":\"https:\/\/www.fleximat.es\/bn\/\",\"logo\":{\"@type\":\"ImageObject\",\"inLanguage\":\"pt-PT\",\"@id\":\"https:\/\/www.fleximat.es\/bn\/#\/schema\/logo\/image\/\",\"url\":\"https:\/\/www.fleximat.es\/wp-content\/uploads\/2023\/11\/fleximat-logo-1.png\",\"contentUrl\":\"https:\/\/www.fleximat.es\/wp-content\/uploads\/2023\/11\/fleximat-logo-1.png\",\"width\":1169,\"height\":289,\"caption\":\"Fleximat\"},\"image\":{\"@id\":\"https:\/\/www.fleximat.es\/bn\/#\/schema\/logo\/image\/\"}}]}<\/script>\n<!-- \/ Yoast SEO plugin. -->","yoast_head_json":{"title":"Racor con Prensa PG PA6 - Fleximat","robots":{"index":"index","follow":"follow","max-snippet":"max-snippet:-1","max-image-preview":"max-image-preview:large","max-video-preview":"max-video-preview:-1"},"canonical":"https:\/\/www.fleximat.es\/pt\/produto\/racor-con-prensa-pg-pa6\/","og_locale":"pt_PT","og_type":"article","og_title":"Racor con Prensa PG PA6 - Fleximat","og_description":"Caracter\u00edsticas    Sombrerete Lat\u00f3n Niquelado   Junta de sellado TPV   Cuerpo Inserto para cable de aceroinnoxidable: PA6 V2   Junta t\u00f3rica NBR   Tipo de Rosca M\u00e9trica (EN 60423)   Estanqueidad IP68 - 5 bar   Temperatura de trabajo continua -40 \u00baC +100 \u00baC","og_url":"https:\/\/www.fleximat.es\/pt\/produto\/racor-con-prensa-pg-pa6\/","og_site_name":"Fleximat","article_modified_time":"2023-10-25T09:32:24+00:00","og_image":[{"width":650,"height":599,"url":"https:\/\/www.fleximat.es\/wp-content\/uploads\/2023\/10\/racor-con-prensa.jpg","type":"image\/jpeg"}],"twitter_card":"summary_large_image","twitter_misc":{"Tempo estimado de leitura":"1 minuto"},"schema":{"@context":"https:\/\/schema.org","@graph":[{"@type":"WebPage","@id":"https:\/\/www.fleximat.es\/producto\/racor-con-prensa-pg-pa6\/","url":"https:\/\/www.fleximat.es\/producto\/racor-con-prensa-pg-pa6\/","name":"Racor con Prensa PG PA6 - Fleximat","isPartOf":{"@id":"https:\/\/www.fleximat.es\/bn\/#website"},"datePublished":"2023-10-18T15:54:28+00:00","dateModified":"2023-10-25T09:32:24+00:00","breadcrumb":{"@id":"https:\/\/www.fleximat.es\/producto\/racor-con-prensa-pg-pa6\/#breadcrumb"},"inLanguage":"pt-PT","potentialAction":[{"@type":"ReadAction","target":["https:\/\/www.fleximat.es\/producto\/racor-con-prensa-pg-pa6\/"]}]},{"@type":"BreadcrumbList","@id":"https:\/\/www.fleximat.es\/producto\/racor-con-prensa-pg-pa6\/#breadcrumb","itemListElement":[{"@type":"ListItem","position":1,"name":"Portada","item":"https:\/\/www.fleximat.es\/"},{"@type":"ListItem","position":2,"name":"Productos","item":"https:\/\/www.fleximat.es\/en\/productos\/"},{"@type":"ListItem","position":3,"name":"Racor con Prensa PG PA6"}]},{"@type":"WebSite","@id":"https:\/\/www.fleximat.es\/bn\/#website","url":"https:\/\/www.fleximat.es\/bn\/","name":"Fleximat","description":"Tu soluci\u00f3n en prensaestopas y tubos flexibles","publisher":{"@id":"https:\/\/www.fleximat.es\/bn\/#organization"},"potentialAction":[{"@type":"SearchAction","target":{"@type":"EntryPoint","urlTemplate":"https:\/\/www.fleximat.es\/bn\/?s={search_term_string}"},"query-input":"required name=search_term_string"}],"inLanguage":"pt-PT"},{"@type":"Organization","@id":"https:\/\/www.fleximat.es\/bn\/#organization","name":"Fleximat","url":"https:\/\/www.fleximat.es\/bn\/","logo":{"@type":"ImageObject","inLanguage":"pt-PT","@id":"https:\/\/www.fleximat.es\/bn\/#\/schema\/logo\/image\/","url":"https:\/\/www.fleximat.es\/wp-content\/uploads\/2023\/11\/fleximat-logo-1.png","contentUrl":"https:\/\/www.fleximat.es\/wp-content\/uploads\/2023\/11\/fleximat-logo-1.png","width":1169,"height":289,"caption":"Fleximat"},"image":{"@id":"https:\/\/www.fleximat.es\/bn\/#\/schema\/logo\/image\/"}}]}},"taxonomy_info":{"product_cat":[{"value":77,"label":"Tubos flexibles de poliamida y accesorios"}]},"featured_image_src_large":["https:\/\/www.fleximat.es\/wp-content\/uploads\/2023\/10\/racor-con-prensa.jpg",650,599,false],"author_info":[],"comment_info":"","_links":{"self":[{"href":"https:\/\/www.fleximat.es\/pt\/wp-json\/wp\/v2\/product\/1768"}],"collection":[{"href":"https:\/\/www.fleximat.es\/pt\/wp-json\/wp\/v2\/product"}],"about":[{"href":"https:\/\/www.fleximat.es\/pt\/wp-json\/wp\/v2\/types\/product"}],"wp:featuredmedia":[{"embeddable":true,"href":"https:\/\/www.fleximat.es\/pt\/wp-json\/wp\/v2\/media\/1821"}],"wp:attachment":[{"href":"https:\/\/www.fleximat.es\/pt\/wp-json\/wp\/v2\/media?parent=1768"}],"wp:term":[{"taxonomy":"product_cat","embeddable":true,"href":"https:\/\/www.fleximat.es\/pt\/wp-json\/wp\/v2\/product_cat?post=1768"},{"taxonomy":"product_tag","embeddable":true,"href":"https:\/\/www.fleximat.es\/pt\/wp-json\/wp\/v2\/product_tag?post=1768"}],"curies":[{"name":"wp","href":"https:\/\/api.w.org\/{rel}","templated":true}]}}