{"id":1808,"date":"2023-10-18T17:54:56","date_gmt":"2023-10-18T15:54:56","guid":{"rendered":"https:\/\/www.fleximat.es\/?post_type=product&#038;p=1808"},"modified":"2023-12-04T17:45:31","modified_gmt":"2023-12-04T16:45:31","slug":"racor-liquid-tight-atex-ip-67","status":"publish","type":"product","link":"https:\/\/www.fleximat.es\/pt\/produto\/racor-liquid-tight-atex-ip-67\/","title":{"rendered":"Conex\u00e3o LIQUID TIGHT ATEX IP-67"},"content":{"rendered":"<h4>Propriedades<\/h4>\n<p>Sistema de ventila\u00e7\u00e3o: Co-pol\u00edmero acr\u00edlico sobre suporte de nylon (hidrof\u00f3bico-oleof\u00f3bico).<\/p>\n<p>Equaliza\u00e7\u00e3o da press\u00e3o interna e externa do sistema. \u00d3timo fluxo de ventila\u00e7\u00e3o.<\/p>\n<p>Evita corros\u00e3o e condensa\u00e7\u00e3o de \u00e1gua no interior do aparelho Dupla fun\u00e7\u00e3o: Caixa de empanque\/elemento de ventila\u00e7\u00e3o. Prolonga a vida \u00fatil do produto onde \u00e9 aplicado.<\/p>\n<p>Resist\u00eancia a: UV, Anti-tra\u00e7\u00e3o, Produtos qu\u00edmicos, Antivibra\u00e7\u00e3o, F\u00e1cil montagem e Livre de halog\u00eanio.<\/p>\n<p>Aplica\u00e7\u00f5es: Equipamentos de ilumina\u00e7\u00e3o, pain\u00e9is solares, equipamentos eletr\u00f4nicos, automa\u00e7\u00e3o, ind\u00fastrias automotiva e ferrovi\u00e1ria.<\/p>\n<h3>descri\u00e7\u00e3o do produto<\/h3>\n<p>Gl\u00e2ndulas de ventila\u00e7\u00e3o ou anticondensa\u00e7\u00e3o s\u00e3o utilizadas para proteger o equipamento contra oxida\u00e7\u00e3o e quebra que podem ocorrer devido a mudan\u00e7as de temperatura.<\/p>\n<p>As gl\u00e2ndulas de ventila\u00e7\u00e3o usam uma v\u00e1lvula de pol\u00edmero para permitir o fluxo de ar adequado e equalizar a press\u00e3o.<\/p>\n<p>Estes prensa-cabos anti-condensa\u00e7\u00e3o s\u00e3o normalmente utilizados em equipamentos que trabalham ao ar livre e s\u00e3o recomendados para todos os tipos de aplica\u00e7\u00f5es, especialmente no setor de ilumina\u00e7\u00e3o.<\/p>\n<table class=\"table table-bordered table-striped\">\n<thead>\n<tr>\n<td>Fio<\/td>\n<td>Meninas Claro<\/td>\n<td>Preto<\/td>\n<td>Altura mm<\/td>\n<td>Rosca mm<\/td>\n<td>chave de aperto<\/td>\n<td>Para cabos de (mm)<\/td>\n<td>Di\u00e2metro da broca mm<\/td>\n<td>Fluxo de ar I\/H<\/td>\n<td>Intrus\u00e3o de \u00e1gua \u00e2mbar<\/td>\n<\/tr>\n<\/thead>\n<tbody>\n<tr>\n<td>M12x1,5<\/td>\n<td>OMVGL01<\/td>\n<td>OMVGB01<\/td>\n<td>29<\/td>\n<td>8<\/td>\n<td>19<\/td>\n<td>4-6,5<\/td>\n<td>\u00a012,3<\/td>\n<td>70<\/td>\n<td>0.1<\/td>\n<\/tr>\n<tr>\n<td>M16X1.5<\/td>\n<td>OMVGL02<\/td>\n<td>OMVGB02<\/td>\n<td>33<\/td>\n<td>10<\/td>\n<td>19<\/td>\n<td>4-8<\/td>\n<td>16,3<\/td>\n<td>70<\/td>\n<td>0.1<\/td>\n<\/tr>\n<tr>\n<td>M16X1.5<\/td>\n<td>OMVGL03<\/td>\n<td>OMVGB03<\/td>\n<td>34<\/td>\n<td>10<\/td>\n<td>22<\/td>\n<td>5-10<\/td>\n<td>16,3<\/td>\n<td>70<\/td>\n<td>0.1<\/td>\n<\/tr>\n<tr>\n<td>M20X1.5<\/td>\n<td>OMVGL04<\/td>\n<td>OMVGB04<\/td>\n<td>36<\/td>\n<td>10<\/td>\n<td>24<\/td>\n<td>6-12<\/td>\n<td>20,3<\/td>\n<td>70<\/td>\n<td>0.1<\/td>\n<\/tr>\n<\/tbody>\n<\/table>","protected":false},"excerpt":{"rendered":"<h3>Caracteristicas<\/h3>\n<table>\n<tbody>\n<tr>\n<td><strong>Gorro<\/strong><\/td>\n<td>Poliamida 6 V2<\/td>\n<\/tr>\n<tr>\n<td><strong>Junta de veda\u00e7\u00e3o<\/strong><\/td>\n<td>PDV<\/td>\n<\/tr>\n<tr>\n<td><strong>Corpo<\/strong><\/td>\n<td>Poliamida 6 V2<\/td>\n<\/tr>\n<tr>\n<td><strong>Anel-O<\/strong><\/td>\n<td>NBR\/EPDM<\/td>\n<\/tr>\n<tr>\n<td><strong>Tipo de linha<\/strong><\/td>\n<td>EN 60423<\/td>\n<\/tr>\n<tr>\n<td><strong>Aperto<\/strong><\/td>\n<td>IP68<\/td>\n<\/tr>\n<tr>\n<td><strong>Temperatura de trabalho cont\u00ednua<\/strong><\/td>\n<td>-20 \u00baC +100 \u00baC \/ -30\u00baC + 150\u00baC (tempor\u00e1rio)<\/td>\n<\/tr>\n<\/tbody>\n<\/table>","protected":false},"featured_media":3096,"template":"","meta":{"_kad_blocks_custom_css":"","_kad_blocks_head_custom_js":"","_kad_blocks_body_custom_js":"","_kad_blocks_footer_custom_js":"","_kadence_starter_templates_imported_post":false,"_kad_post_transparent":"default","_kad_post_title":"","_kad_post_layout":"default","_kad_post_sidebar_id":"","_kad_post_content_style":"default","_kad_post_vertical_padding":"default","_kad_post_feature":"","_kad_post_feature_position":"","_kad_post_header":false,"_kad_post_footer":false},"product_cat":[84,86],"product_tag":[],"class_list":{"0":"post-1808","1":"product","2":"type-product","3":"status-publish","4":"has-post-thumbnail","6":"product_cat-prensaestopas-y-accesorios-atex","7":"product_cat-accesorios-atex","9":"first","10":"instock","11":"shipping-taxable","12":"product-type-simple","13":"entry","14":"content-bg","15":"loop-entry"},"yoast_head":"<!-- This site is optimized with the Yoast SEO plugin v21.7 - https:\/\/yoast.com\/wordpress\/plugins\/seo\/ -->\n<title>Racor LIQUID TIGHT ATEX IP-67 - Fleximat<\/title>\n<meta name=\"robots\" content=\"index, follow, max-snippet:-1, max-image-preview:large, max-video-preview:-1\" \/>\n<link rel=\"canonical\" href=\"https:\/\/www.fleximat.es\/pt\/produto\/racor-liquid-tight-atex-ip-67\/\" \/>\n<meta property=\"og:locale\" content=\"pt_PT\" \/>\n<meta property=\"og:type\" content=\"article\" \/>\n<meta property=\"og:title\" content=\"Racor LIQUID TIGHT ATEX IP-67 - Fleximat\" \/>\n<meta property=\"og:description\" content=\"Caracter\u00edsticas    Sombrerete Poliamida 6 V2   Junta de sellado TPV   Cuerpo Poliamida 6 V2   Junta t\u00f3rica NBR\/ EPDM   Tipo de Rosca EN 60423   Estanqueidad IP68   Temperatura de trabajo continua -20 \u00baC +100 \u00baC \/ -30\u00baC + 150\u00baC (temporal)\" \/>\n<meta property=\"og:url\" content=\"https:\/\/www.fleximat.es\/pt\/produto\/racor-liquid-tight-atex-ip-67\/\" \/>\n<meta property=\"og:site_name\" content=\"Fleximat\" \/>\n<meta property=\"article:modified_time\" content=\"2023-12-04T16:45:31+00:00\" \/>\n<meta property=\"og:image\" content=\"https:\/\/www.fleximat.es\/wp-content\/uploads\/2023\/12\/th_crop_1563975320racor-liquid-tight-atex-ip-67.png\" \/>\n\t<meta property=\"og:image:width\" content=\"600\" \/>\n\t<meta property=\"og:image:height\" content=\"600\" \/>\n\t<meta property=\"og:image:type\" content=\"image\/png\" \/>\n<meta name=\"twitter:card\" content=\"summary_large_image\" \/>\n<meta name=\"twitter:label1\" content=\"Tempo estimado de leitura\" \/>\n\t<meta name=\"twitter:data1\" content=\"1 minuto\" \/>\n<script type=\"application\/ld+json\" class=\"yoast-schema-graph\">{\"@context\":\"https:\/\/schema.org\",\"@graph\":[{\"@type\":\"WebPage\",\"@id\":\"https:\/\/www.fleximat.es\/producto\/racor-liquid-tight-atex-ip-67\/\",\"url\":\"https:\/\/www.fleximat.es\/producto\/racor-liquid-tight-atex-ip-67\/\",\"name\":\"Racor LIQUID TIGHT ATEX IP-67 - Fleximat\",\"isPartOf\":{\"@id\":\"https:\/\/www.fleximat.es\/bn\/#website\"},\"datePublished\":\"2023-10-18T15:54:56+00:00\",\"dateModified\":\"2023-12-04T16:45:31+00:00\",\"breadcrumb\":{\"@id\":\"https:\/\/www.fleximat.es\/producto\/racor-liquid-tight-atex-ip-67\/#breadcrumb\"},\"inLanguage\":\"pt-PT\",\"potentialAction\":[{\"@type\":\"ReadAction\",\"target\":[\"https:\/\/www.fleximat.es\/producto\/racor-liquid-tight-atex-ip-67\/\"]}]},{\"@type\":\"BreadcrumbList\",\"@id\":\"https:\/\/www.fleximat.es\/producto\/racor-liquid-tight-atex-ip-67\/#breadcrumb\",\"itemListElement\":[{\"@type\":\"ListItem\",\"position\":1,\"name\":\"Portada\",\"item\":\"https:\/\/www.fleximat.es\/\"},{\"@type\":\"ListItem\",\"position\":2,\"name\":\"Productos\",\"item\":\"https:\/\/www.fleximat.es\/en\/productos\/\"},{\"@type\":\"ListItem\",\"position\":3,\"name\":\"Racor LIQUID TIGHT ATEX IP-67\"}]},{\"@type\":\"WebSite\",\"@id\":\"https:\/\/www.fleximat.es\/bn\/#website\",\"url\":\"https:\/\/www.fleximat.es\/bn\/\",\"name\":\"Fleximat\",\"description\":\"Tu soluci\u00f3n en prensaestopas y tubos flexibles\",\"publisher\":{\"@id\":\"https:\/\/www.fleximat.es\/bn\/#organization\"},\"potentialAction\":[{\"@type\":\"SearchAction\",\"target\":{\"@type\":\"EntryPoint\",\"urlTemplate\":\"https:\/\/www.fleximat.es\/bn\/?s={search_term_string}\"},\"query-input\":\"required name=search_term_string\"}],\"inLanguage\":\"pt-PT\"},{\"@type\":\"Organization\",\"@id\":\"https:\/\/www.fleximat.es\/bn\/#organization\",\"name\":\"Fleximat\",\"url\":\"https:\/\/www.fleximat.es\/bn\/\",\"logo\":{\"@type\":\"ImageObject\",\"inLanguage\":\"pt-PT\",\"@id\":\"https:\/\/www.fleximat.es\/bn\/#\/schema\/logo\/image\/\",\"url\":\"https:\/\/www.fleximat.es\/wp-content\/uploads\/2023\/11\/fleximat-logo-1.png\",\"contentUrl\":\"https:\/\/www.fleximat.es\/wp-content\/uploads\/2023\/11\/fleximat-logo-1.png\",\"width\":1169,\"height\":289,\"caption\":\"Fleximat\"},\"image\":{\"@id\":\"https:\/\/www.fleximat.es\/bn\/#\/schema\/logo\/image\/\"}}]}<\/script>\n<!-- \/ Yoast SEO plugin. -->","yoast_head_json":{"title":"Racor LIQUID TIGHT ATEX IP-67 - Fleximat","robots":{"index":"index","follow":"follow","max-snippet":"max-snippet:-1","max-image-preview":"max-image-preview:large","max-video-preview":"max-video-preview:-1"},"canonical":"https:\/\/www.fleximat.es\/pt\/produto\/racor-liquid-tight-atex-ip-67\/","og_locale":"pt_PT","og_type":"article","og_title":"Racor LIQUID TIGHT ATEX IP-67 - Fleximat","og_description":"Caracter\u00edsticas    Sombrerete Poliamida 6 V2   Junta de sellado TPV   Cuerpo Poliamida 6 V2   Junta t\u00f3rica NBR\/ EPDM   Tipo de Rosca EN 60423   Estanqueidad IP68   Temperatura de trabajo continua -20 \u00baC +100 \u00baC \/ -30\u00baC + 150\u00baC (temporal)","og_url":"https:\/\/www.fleximat.es\/pt\/produto\/racor-liquid-tight-atex-ip-67\/","og_site_name":"Fleximat","article_modified_time":"2023-12-04T16:45:31+00:00","og_image":[{"width":600,"height":600,"url":"https:\/\/www.fleximat.es\/wp-content\/uploads\/2023\/12\/th_crop_1563975320racor-liquid-tight-atex-ip-67.png","type":"image\/png"}],"twitter_card":"summary_large_image","twitter_misc":{"Tempo estimado de leitura":"1 minuto"},"schema":{"@context":"https:\/\/schema.org","@graph":[{"@type":"WebPage","@id":"https:\/\/www.fleximat.es\/producto\/racor-liquid-tight-atex-ip-67\/","url":"https:\/\/www.fleximat.es\/producto\/racor-liquid-tight-atex-ip-67\/","name":"Racor LIQUID TIGHT ATEX IP-67 - Fleximat","isPartOf":{"@id":"https:\/\/www.fleximat.es\/bn\/#website"},"datePublished":"2023-10-18T15:54:56+00:00","dateModified":"2023-12-04T16:45:31+00:00","breadcrumb":{"@id":"https:\/\/www.fleximat.es\/producto\/racor-liquid-tight-atex-ip-67\/#breadcrumb"},"inLanguage":"pt-PT","potentialAction":[{"@type":"ReadAction","target":["https:\/\/www.fleximat.es\/producto\/racor-liquid-tight-atex-ip-67\/"]}]},{"@type":"BreadcrumbList","@id":"https:\/\/www.fleximat.es\/producto\/racor-liquid-tight-atex-ip-67\/#breadcrumb","itemListElement":[{"@type":"ListItem","position":1,"name":"Portada","item":"https:\/\/www.fleximat.es\/"},{"@type":"ListItem","position":2,"name":"Productos","item":"https:\/\/www.fleximat.es\/en\/productos\/"},{"@type":"ListItem","position":3,"name":"Racor LIQUID TIGHT ATEX IP-67"}]},{"@type":"WebSite","@id":"https:\/\/www.fleximat.es\/bn\/#website","url":"https:\/\/www.fleximat.es\/bn\/","name":"Fleximat","description":"Tu soluci\u00f3n en prensaestopas y tubos flexibles","publisher":{"@id":"https:\/\/www.fleximat.es\/bn\/#organization"},"potentialAction":[{"@type":"SearchAction","target":{"@type":"EntryPoint","urlTemplate":"https:\/\/www.fleximat.es\/bn\/?s={search_term_string}"},"query-input":"required name=search_term_string"}],"inLanguage":"pt-PT"},{"@type":"Organization","@id":"https:\/\/www.fleximat.es\/bn\/#organization","name":"Fleximat","url":"https:\/\/www.fleximat.es\/bn\/","logo":{"@type":"ImageObject","inLanguage":"pt-PT","@id":"https:\/\/www.fleximat.es\/bn\/#\/schema\/logo\/image\/","url":"https:\/\/www.fleximat.es\/wp-content\/uploads\/2023\/11\/fleximat-logo-1.png","contentUrl":"https:\/\/www.fleximat.es\/wp-content\/uploads\/2023\/11\/fleximat-logo-1.png","width":1169,"height":289,"caption":"Fleximat"},"image":{"@id":"https:\/\/www.fleximat.es\/bn\/#\/schema\/logo\/image\/"}}]}},"taxonomy_info":{"product_cat":[{"value":84,"label":"Prensaestopas y accesorios ATEX"},{"value":86,"label":"Accesorios ATEX"}]},"featured_image_src_large":["https:\/\/www.fleximat.es\/wp-content\/uploads\/2023\/12\/th_crop_1563975320racor-liquid-tight-atex-ip-67.png",600,600,false],"author_info":[],"comment_info":"","_links":{"self":[{"href":"https:\/\/www.fleximat.es\/pt\/wp-json\/wp\/v2\/product\/1808"}],"collection":[{"href":"https:\/\/www.fleximat.es\/pt\/wp-json\/wp\/v2\/product"}],"about":[{"href":"https:\/\/www.fleximat.es\/pt\/wp-json\/wp\/v2\/types\/product"}],"wp:featuredmedia":[{"embeddable":true,"href":"https:\/\/www.fleximat.es\/pt\/wp-json\/wp\/v2\/media\/3096"}],"wp:attachment":[{"href":"https:\/\/www.fleximat.es\/pt\/wp-json\/wp\/v2\/media?parent=1808"}],"wp:term":[{"taxonomy":"product_cat","embeddable":true,"href":"https:\/\/www.fleximat.es\/pt\/wp-json\/wp\/v2\/product_cat?post=1808"},{"taxonomy":"product_tag","embeddable":true,"href":"https:\/\/www.fleximat.es\/pt\/wp-json\/wp\/v2\/product_tag?post=1808"}],"curies":[{"name":"wp","href":"https:\/\/api.w.org\/{rel}","templated":true}]}}