{"id":1711,"date":"2023-10-18T17:54:05","date_gmt":"2023-10-18T15:54:05","guid":{"rendered":"https:\/\/www.fleximat.es\/?post_type=product&#038;p=1711"},"modified":"2023-11-27T11:07:34","modified_gmt":"2023-11-27T10:07:34","slug":"racor-hembra-liquid-tight-npt-metalico-ip-67","status":"publish","type":"product","link":"https:\/\/www.fleximat.es\/ru\/product\/racor-hembra-liquid-tight-npt-metalico-ip-67\/","title":{"rendered":"\u0416\u0418\u0414\u041a\u041e\u0413\u0415\u0420\u041c\u0415\u0422\u0418\u0427\u041d\u042b\u0419 NPT \u043c\u0435\u0442\u0430\u043b\u043b\u0438\u0447\u0435\u0441\u043a\u0438\u0439 \u0444\u0438\u0442\u0438\u043d\u0433 \u0441 \u0432\u043d\u0443\u0442\u0440\u0435\u043d\u043d\u0435\u0439 \u0440\u0435\u0437\u044c\u0431\u043e\u0439 IP-67"},"content":{"rendered":"<h4>\u0425\u0430\u0440\u0430\u043a\u0442\u0435\u0440\u0438\u0441\u0442\u0438\u043a\u0438<\/h4>\n<p>\u0410\u043d\u0442\u0438\u0432\u0438\u0431\u0440\u0430\u0446\u0438\u043e\u043d\u043d\u044b\u0439<br \/>\n\u0412\u044b\u0441\u043e\u043a\u0430\u044f \u0443\u0441\u0442\u043e\u0439\u0447\u0438\u0432\u043e\u0441\u0442\u044c \u043a \u0443\u043b\u044c\u0442\u0440\u0430\u0444\u0438\u043e\u043b\u0435\u0442\u043e\u0432\u043e\u043c\u0443 \u0438\u0437\u043b\u0443\u0447\u0435\u043d\u0438\u044e<br \/>\n\u041f\u0440\u043e\u0441\u0442\u0430\u044f \u0441\u0431\u043e\u0440\u043a\u0430. \u0421\u0435\u0440\u0442\u0438\u0444\u0438\u043a\u0430\u0442 VDE (40030037).<br \/>\n\u0411\u0435\u0437 \u0433\u0430\u043b\u043e\u0433\u0435\u043d\u043e\u0432<\/p>\n<h3>\u041e\u043f\u0438\u0441\u0430\u043d\u0438\u0435 \u043f\u0440\u043e\u0434\u0443\u043a\u0442\u0430<\/h3>\n<p>\u0413\u0435\u0440\u043c\u0435\u0442\u0438\u0447\u043d\u044b\u0439 \u0441\u0430\u043b\u044c\u043d\u0438\u043a \u0438\u043b\u0438 \u0441\u0430\u043b\u044c\u043d\u0438\u043a \u0441 \u0433\u043b\u0443\u0445\u0438\u043c \u0441\u043e\u0435\u0434\u0438\u043d\u0435\u043d\u0438\u0435\u043c \u2014 \u044d\u0442\u043e \u0432\u0430\u0440\u0438\u0430\u043d\u0442 \u0441\u0430\u043b\u044c\u043d\u0438\u043a\u0430, \u0432 \u043a\u043e\u0442\u043e\u0440\u043e\u043c \u043a \u0432\u0435\u0440\u0445\u043d\u0435\u0439 \u0447\u0430\u0441\u0442\u0438 \u0441\u0430\u043b\u044c\u043d\u0438\u043a\u0430 \u0434\u043e\u0431\u0430\u0432\u043b\u0435\u043d\u0430 \u0440\u0435\u0437\u0438\u043d\u043e\u0432\u0430\u044f \u043f\u043b\u0435\u043d\u043a\u0430. \u041e\u043d \u043e\u0431\u0435\u0441\u043f\u0435\u0447\u0438\u0432\u0430\u0435\u0442 \u043f\u043e\u043b\u043d\u0443\u044e \u0433\u0435\u0440\u043c\u0435\u0442\u0438\u0437\u0430\u0446\u0438\u044e \u0432 \u043b\u044e\u0431\u043e\u0435 \u0432\u0440\u0435\u043c\u044f, \u0437\u0430\u0449\u0438\u0449\u0430\u044f \u044d\u043b\u0435\u043c\u0435\u043d\u0442 \u043e\u0442 \u043f\u043e\u043f\u0430\u0434\u0430\u043d\u0438\u044f \u043f\u044b\u043b\u0438 \u0438\u043b\u0438 \u0436\u0438\u0434\u043a\u043e\u0441\u0442\u0435\u0439 \u0432 \u043a\u0440\u044b\u0448\u043a\u0443 \u043f\u0435\u0440\u0435\u0434 \u0441\u0431\u043e\u0440\u043a\u043e\u0439.<\/p>\n<p>\u0413\u0435\u0440\u043c\u0435\u0442\u0438\u0447\u043d\u044b\u0435 \u043a\u0430\u0431\u0435\u043b\u044c\u043d\u044b\u0435 \u0432\u0432\u043e\u0434\u044b \u0438\u043c\u0435\u044e\u0442 \u0443\u0436\u0435 \u0443\u0441\u0442\u0430\u043d\u043e\u0432\u043b\u0435\u043d\u043d\u0443\u044e \u0443\u043f\u043b\u043e\u0442\u043d\u0438\u0442\u0435\u043b\u044c\u043d\u0443\u044e \u043f\u0440\u043e\u043a\u043b\u0430\u0434\u043a\u0443, \u0447\u0442\u043e \u043e\u0431\u0435\u0441\u043f\u0435\u0447\u0438\u0432\u0430\u0435\u0442 \u0431\u043e\u043b\u044c\u0448\u0443\u044e \u0431\u0435\u0437\u043e\u043f\u0430\u0441\u043d\u043e\u0441\u0442\u044c \u0432\u0430\u0448\u0435\u0433\u043e \u043e\u0431\u043e\u0440\u0443\u0434\u043e\u0432\u0430\u043d\u0438\u044f \u043f\u0440\u0438 \u043c\u0435\u043d\u044c\u0448\u0438\u0445 \u0437\u0430\u0442\u0440\u0430\u0442\u0430\u0445 \u0442\u0440\u0443\u0434\u0430.<\/p>\n<p>\u041f\u0440\u043e\u043a\u043b\u0430\u0434\u043a\u0430, \u0443\u0441\u0442\u0430\u043d\u043e\u0432\u043b\u0435\u043d\u043d\u0430\u044f \u043d\u0430 \u0441\u0430\u043b\u044c\u043d\u0438\u043a\u0430\u0445, \u0441\u043e\u0441\u0442\u043e\u0438\u0442 \u0438\u0437 \u0441\u043c\u0435\u0441\u0438 \u0432\u0443\u043b\u043a\u0430\u043d\u0438\u0437\u0438\u0440\u043e\u0432\u0430\u043d\u043d\u044b\u0445 \u0442\u0435\u0440\u043c\u043e\u043f\u043b\u0430\u0441\u0442\u043e\u0432 \u0438 \u043e\u0431\u0435\u0441\u043f\u0435\u0447\u0438\u0432\u0430\u0435\u0442 \u0432\u044b\u0441\u043e\u043a\u0443\u044e \u0443\u0441\u0442\u043e\u0439\u0447\u0438\u0432\u043e\u0441\u0442\u044c \u043a \u0436\u0438\u0434\u043a\u043e\u0441\u0442\u044f\u043c \u0438 \u043a\u043e\u0440\u0440\u043e\u0437\u0438\u0438.<\/p>\n<table class=\"table table-bordered table-striped\">\n<thead>\n<tr>\n<td><strong>\u041f\u043e\u0442\u043e\u043a\u0438<\/strong><\/td>\n<td><strong>\u041a\u043e\u0434\u044b<\/strong><\/td>\n<td><strong>\u0425\u043c<\/strong><\/td>\n<td><strong>\u0413\u041b \u043c\u043c<\/strong><\/td>\n<td><strong>\u043c\u043c<\/strong><\/td>\n<td><strong>\u043c\u043c<\/strong><\/td>\n<\/tr>\n<\/thead>\n<tbody>\n<tr>\n<td>\u041c 12 \u0445 1,5<\/td>\n<td>\u041a\u041c\u0420\u0411 01<\/td>\n<td>24<\/td>\n<td>8<\/td>\n<td>15<\/td>\n<td>3-6,5<\/td>\n<\/tr>\n<tr>\n<td>\u041c 16 \u0445 1,5<\/td>\n<td>\u041a\u041c\u0420\u0411 02<\/td>\n<td>28<\/td>\n<td>8<\/td>\n<td>19<\/td>\n<td>4-8<\/td>\n<\/tr>\n<tr>\n<td>\u041c 16 \u0445 1,5<\/td>\n<td>\u041a\u041c\u0420\u0411 03<\/td>\n<td>29<\/td>\n<td>10<\/td>\n<td>22<\/td>\n<td>5-10<\/td>\n<\/tr>\n<tr>\n<td>\u041c 20 \u0445 1,5<\/td>\n<td>\u041a\u041c\u0420\u0411 04<\/td>\n<td>29<\/td>\n<td>10<\/td>\n<td>24<\/td>\n<td>6-12<\/td>\n<\/tr>\n<tr>\n<td>\u041c 20 \u0445 1,5<\/td>\n<td>\u041a\u041c\u0420\u0411 05<\/td>\n<td>33<\/td>\n<td>10<\/td>\n<td>27<\/td>\n<td>10-14<\/td>\n<\/tr>\n<tr>\n<td>\u041c 25 \u0445 1,5<\/td>\n<td>\u041a\u041c\u0420\u0411 06<\/td>\n<td>38<\/td>\n<td>10<\/td>\n<td>33<\/td>\n<td>13-18<\/td>\n<\/tr>\n<tr>\n<td>\u041c 32 \u0445 1,5<\/td>\n<td>\u041a\u041c\u0420\u0411 07<\/td>\n<td>41<\/td>\n<td>10<\/td>\n<td>42<\/td>\n<td>18-25<\/td>\n<\/tr>\n<tr>\n<td>\u041c 40 \u0445 1,5<\/td>\n<td>\u041a\u041c\u0420\u0411 08<\/td>\n<td>51<\/td>\n<td>10<\/td>\n<td>53<\/td>\n<td>22-32<\/td>\n<\/tr>\n<tr>\n<td>\u041c 50 \u0445 1,5<\/td>\n<td>\u041a\u041c\u0420\u0411 09<\/td>\n<td>53<\/td>\n<td>18<\/td>\n<td>60<\/td>\n<td>30-38<\/td>\n<\/tr>\n<tr>\n<td>\u041c 63 \u0445 1,5<\/td>\n<td>\u041a\u041c\u0420\u0411 10<\/td>\n<td>55<\/td>\n<td>18<\/td>\n<td>70<\/td>\n<td>34-44<\/td>\n<\/tr>\n<\/tbody>\n<\/table>","protected":false},"excerpt":{"rendered":"<h3>\u0425\u0430\u0440\u0430\u043a\u0442\u0435\u0440\u0438\u0441\u0442\u0438\u043a\u0438<\/h3>\n<table>\n<tbody>\n<tr>\n<td><strong>\u041a\u0430\u043f\u043e\u0442<\/strong><\/td>\n<td>\u041f\u043e\u043b\u0438\u0430\u043c\u0438\u0434 PA6 V2<\/td>\n<\/tr>\n<tr>\n<td><strong>\u0423\u043f\u043b\u043e\u0442\u043d\u0438\u0442\u0435\u043b\u044c\u043d\u0430\u044f \u043f\u0440\u043e\u043a\u043b\u0430\u0434\u043a\u0430<\/strong><\/td>\n<td>POS-\u0442\u0435\u0440\u043c\u0438\u043d\u0430\u043b<\/td>\n<\/tr>\n<tr>\n<td><strong>\u0422\u0435\u043b\u043e<\/strong><\/td>\n<td>\u041f\u043e\u043b\u0438\u0430\u043c\u0438\u0434 PA6 V2<\/td>\n<\/tr>\n<tr>\n<td><strong>\u0443\u043f\u043b\u043e\u0442\u043d\u0438\u0442\u0435\u043b\u044c\u043d\u043e\u0435 \u043a\u043e\u043b\u044c\u0446\u043e<\/strong><\/td>\n<td>\u041d\u0411\u0420<\/td>\n<\/tr>\n<tr>\n<td><strong>\u0422\u0438\u043f \u0440\u0435\u0437\u044c\u0431\u044b<\/strong><\/td>\n<td>\u041c\u0435\u0442\u0440\u0438\u0447\u0435\u0441\u043a\u0430\u044f (EN 60423)<\/td>\n<\/tr>\n<tr>\n<td><strong>\u0413\u0435\u0440\u043c\u0435\u0442\u0438\u0447\u043d\u043e\u0441\u0442\u044c<\/strong><\/td>\n<td>IP68<\/td>\n<\/tr>\n<tr>\n<td><strong>\u041d\u0435\u043f\u0440\u0435\u0440\u044b\u0432\u043d\u0430\u044f \u0440\u0430\u0431\u043e\u0447\u0430\u044f \u0442\u0435\u043c\u043f\u0435\u0440\u0430\u0442\u0443\u0440\u0430<\/strong><\/td>\n<td>-20 \u00ba\u0421 +100 \u00ba\u0421<\/td>\n<\/tr>\n<\/tbody>\n<\/table>","protected":false},"featured_media":2991,"template":"","meta":{"_kad_blocks_custom_css":"","_kad_blocks_head_custom_js":"","_kad_blocks_body_custom_js":"","_kad_blocks_footer_custom_js":"","_kadence_starter_templates_imported_post":false,"_kad_post_transparent":"default","_kad_post_title":"","_kad_post_layout":"default","_kad_post_sidebar_id":"","_kad_post_content_style":"default","_kad_post_vertical_padding":"default","_kad_post_feature":"","_kad_post_feature_position":"","_kad_post_header":false,"_kad_post_footer":false},"product_cat":[68,71],"product_tag":[],"class_list":{"0":"post-1711","1":"product","2":"type-product","3":"status-publish","4":"has-post-thumbnail","6":"product_cat-tubos-flexibles-racores-y-accesorios","7":"product_cat-racores-y-accesorios-metalicos","9":"first","10":"instock","11":"shipping-taxable","12":"product-type-simple","13":"entry","14":"content-bg","15":"loop-entry"},"yoast_head":"<!-- This site is optimized with the Yoast SEO plugin v21.7 - https:\/\/yoast.com\/wordpress\/plugins\/seo\/ -->\n<title>Racor Hembra LIQUID TIGHT NPT Met\u00e1lico IP-67 - Fleximat<\/title>\n<meta name=\"robots\" content=\"index, follow, max-snippet:-1, max-image-preview:large, max-video-preview:-1\" \/>\n<link rel=\"canonical\" href=\"https:\/\/www.fleximat.es\/ru\/product\/racor-hembra-liquid-tight-npt-metalico-ip-67\/\" \/>\n<meta property=\"og:locale\" content=\"ru_RU\" \/>\n<meta property=\"og:type\" content=\"article\" \/>\n<meta property=\"og:title\" content=\"Racor Hembra LIQUID TIGHT NPT Met\u00e1lico IP-67 - Fleximat\" \/>\n<meta property=\"og:description\" content=\"Caracter\u00edsticas    Sombrerete Poliamida PA6 V2   Junta de sellado TPV   Cuerpo Poliamida PA6 V2   Junta t\u00f3rica NBR   Tipo de Rosca M\u00e9trica (EN 60423)   Estanqueidad IP68   Temperatura de trabajo continua -20 \u00baC +100 \u00baC\" \/>\n<meta property=\"og:url\" content=\"https:\/\/www.fleximat.es\/ru\/product\/racor-hembra-liquid-tight-npt-metalico-ip-67\/\" \/>\n<meta property=\"og:site_name\" content=\"Fleximat\" \/>\n<meta property=\"article:modified_time\" content=\"2023-11-27T10:07:34+00:00\" \/>\n<meta property=\"og:image\" content=\"https:\/\/www.fleximat.es\/wp-content\/uploads\/2023\/10\/racor-hembra-liquid-tight-ip-67-700x524-1.png\" \/>\n\t<meta property=\"og:image:width\" content=\"600\" \/>\n\t<meta property=\"og:image:height\" content=\"600\" \/>\n\t<meta property=\"og:image:type\" content=\"image\/png\" \/>\n<meta name=\"twitter:card\" content=\"summary_large_image\" \/>\n<meta name=\"twitter:label1\" content=\"\u041f\u0440\u0438\u043c\u0435\u0440\u043d\u043e\u0435 \u0432\u0440\u0435\u043c\u044f \u0434\u043b\u044f \u0447\u0442\u0435\u043d\u0438\u044f\" \/>\n\t<meta name=\"twitter:data1\" content=\"1 \u043c\u0438\u043d\u0443\u0442\u0430\" \/>\n<script type=\"application\/ld+json\" class=\"yoast-schema-graph\">{\"@context\":\"https:\/\/schema.org\",\"@graph\":[{\"@type\":\"WebPage\",\"@id\":\"https:\/\/www.fleximat.es\/pa\/product\/racor-hembra-liquid-tight-npt-metalico-ip-67\/\",\"url\":\"https:\/\/www.fleximat.es\/pa\/product\/racor-hembra-liquid-tight-npt-metalico-ip-67\/\",\"name\":\"Racor Hembra LIQUID TIGHT NPT Met\u00e1lico IP-67 - Fleximat\",\"isPartOf\":{\"@id\":\"https:\/\/www.fleximat.es\/bn\/#website\"},\"datePublished\":\"2023-10-18T15:54:05+00:00\",\"dateModified\":\"2023-11-27T10:07:34+00:00\",\"breadcrumb\":{\"@id\":\"https:\/\/www.fleximat.es\/pa\/product\/racor-hembra-liquid-tight-npt-metalico-ip-67\/#breadcrumb\"},\"inLanguage\":\"ru-RU\",\"potentialAction\":[{\"@type\":\"ReadAction\",\"target\":[\"https:\/\/www.fleximat.es\/pa\/product\/racor-hembra-liquid-tight-npt-metalico-ip-67\/\"]}]},{\"@type\":\"BreadcrumbList\",\"@id\":\"https:\/\/www.fleximat.es\/pa\/product\/racor-hembra-liquid-tight-npt-metalico-ip-67\/#breadcrumb\",\"itemListElement\":[{\"@type\":\"ListItem\",\"position\":1,\"name\":\"Portada\",\"item\":\"https:\/\/www.fleximat.es\/\"},{\"@type\":\"ListItem\",\"position\":2,\"name\":\"Productos\",\"item\":\"https:\/\/www.fleximat.es\/en\/productos\/\"},{\"@type\":\"ListItem\",\"position\":3,\"name\":\"Racor Hembra LIQUID TIGHT NPT Met\u00e1lico IP-67\"}]},{\"@type\":\"WebSite\",\"@id\":\"https:\/\/www.fleximat.es\/bn\/#website\",\"url\":\"https:\/\/www.fleximat.es\/bn\/\",\"name\":\"Fleximat\",\"description\":\"Tu soluci\u00f3n en prensaestopas y tubos flexibles\",\"publisher\":{\"@id\":\"https:\/\/www.fleximat.es\/bn\/#organization\"},\"potentialAction\":[{\"@type\":\"SearchAction\",\"target\":{\"@type\":\"EntryPoint\",\"urlTemplate\":\"https:\/\/www.fleximat.es\/bn\/?s={search_term_string}\"},\"query-input\":\"required name=search_term_string\"}],\"inLanguage\":\"ru-RU\"},{\"@type\":\"Organization\",\"@id\":\"https:\/\/www.fleximat.es\/bn\/#organization\",\"name\":\"Fleximat\",\"url\":\"https:\/\/www.fleximat.es\/bn\/\",\"logo\":{\"@type\":\"ImageObject\",\"inLanguage\":\"ru-RU\",\"@id\":\"https:\/\/www.fleximat.es\/bn\/#\/schema\/logo\/image\/\",\"url\":\"https:\/\/www.fleximat.es\/wp-content\/uploads\/2023\/11\/fleximat-logo-1.png\",\"contentUrl\":\"https:\/\/www.fleximat.es\/wp-content\/uploads\/2023\/11\/fleximat-logo-1.png\",\"width\":1169,\"height\":289,\"caption\":\"Fleximat\"},\"image\":{\"@id\":\"https:\/\/www.fleximat.es\/bn\/#\/schema\/logo\/image\/\"}}]}<\/script>\n<!-- \/ Yoast SEO plugin. -->","yoast_head_json":{"title":"Racor Hembra LIQUID TIGHT NPT Met\u00e1lico IP-67 - Fleximat","robots":{"index":"index","follow":"follow","max-snippet":"max-snippet:-1","max-image-preview":"max-image-preview:large","max-video-preview":"max-video-preview:-1"},"canonical":"https:\/\/www.fleximat.es\/ru\/product\/racor-hembra-liquid-tight-npt-metalico-ip-67\/","og_locale":"ru_RU","og_type":"article","og_title":"Racor Hembra LIQUID TIGHT NPT Met\u00e1lico IP-67 - Fleximat","og_description":"Caracter\u00edsticas    Sombrerete Poliamida PA6 V2   Junta de sellado TPV   Cuerpo Poliamida PA6 V2   Junta t\u00f3rica NBR   Tipo de Rosca M\u00e9trica (EN 60423)   Estanqueidad IP68   Temperatura de trabajo continua -20 \u00baC +100 \u00baC","og_url":"https:\/\/www.fleximat.es\/ru\/product\/racor-hembra-liquid-tight-npt-metalico-ip-67\/","og_site_name":"Fleximat","article_modified_time":"2023-11-27T10:07:34+00:00","og_image":[{"width":600,"height":600,"url":"https:\/\/www.fleximat.es\/wp-content\/uploads\/2023\/10\/racor-hembra-liquid-tight-ip-67-700x524-1.png","type":"image\/png"}],"twitter_card":"summary_large_image","twitter_misc":{"\u041f\u0440\u0438\u043c\u0435\u0440\u043d\u043e\u0435 \u0432\u0440\u0435\u043c\u044f \u0434\u043b\u044f \u0447\u0442\u0435\u043d\u0438\u044f":"1 \u043c\u0438\u043d\u0443\u0442\u0430"},"schema":{"@context":"https:\/\/schema.org","@graph":[{"@type":"WebPage","@id":"https:\/\/www.fleximat.es\/pa\/product\/racor-hembra-liquid-tight-npt-metalico-ip-67\/","url":"https:\/\/www.fleximat.es\/pa\/product\/racor-hembra-liquid-tight-npt-metalico-ip-67\/","name":"Racor Hembra LIQUID TIGHT NPT Met\u00e1lico IP-67 - Fleximat","isPartOf":{"@id":"https:\/\/www.fleximat.es\/bn\/#website"},"datePublished":"2023-10-18T15:54:05+00:00","dateModified":"2023-11-27T10:07:34+00:00","breadcrumb":{"@id":"https:\/\/www.fleximat.es\/pa\/product\/racor-hembra-liquid-tight-npt-metalico-ip-67\/#breadcrumb"},"inLanguage":"ru-RU","potentialAction":[{"@type":"ReadAction","target":["https:\/\/www.fleximat.es\/pa\/product\/racor-hembra-liquid-tight-npt-metalico-ip-67\/"]}]},{"@type":"BreadcrumbList","@id":"https:\/\/www.fleximat.es\/pa\/product\/racor-hembra-liquid-tight-npt-metalico-ip-67\/#breadcrumb","itemListElement":[{"@type":"ListItem","position":1,"name":"Portada","item":"https:\/\/www.fleximat.es\/"},{"@type":"ListItem","position":2,"name":"Productos","item":"https:\/\/www.fleximat.es\/en\/productos\/"},{"@type":"ListItem","position":3,"name":"Racor Hembra LIQUID TIGHT NPT Met\u00e1lico IP-67"}]},{"@type":"WebSite","@id":"https:\/\/www.fleximat.es\/bn\/#website","url":"https:\/\/www.fleximat.es\/bn\/","name":"Fleximat","description":"Tu soluci\u00f3n en prensaestopas y tubos flexibles","publisher":{"@id":"https:\/\/www.fleximat.es\/bn\/#organization"},"potentialAction":[{"@type":"SearchAction","target":{"@type":"EntryPoint","urlTemplate":"https:\/\/www.fleximat.es\/bn\/?s={search_term_string}"},"query-input":"required name=search_term_string"}],"inLanguage":"ru-RU"},{"@type":"Organization","@id":"https:\/\/www.fleximat.es\/bn\/#organization","name":"Fleximat","url":"https:\/\/www.fleximat.es\/bn\/","logo":{"@type":"ImageObject","inLanguage":"ru-RU","@id":"https:\/\/www.fleximat.es\/bn\/#\/schema\/logo\/image\/","url":"https:\/\/www.fleximat.es\/wp-content\/uploads\/2023\/11\/fleximat-logo-1.png","contentUrl":"https:\/\/www.fleximat.es\/wp-content\/uploads\/2023\/11\/fleximat-logo-1.png","width":1169,"height":289,"caption":"Fleximat"},"image":{"@id":"https:\/\/www.fleximat.es\/bn\/#\/schema\/logo\/image\/"}}]}},"taxonomy_info":{"product_cat":[{"value":68,"label":"Tubos flexibles, racores y accesorios"},{"value":71,"label":"Racores y accesorios met\u00e1licos"}]},"featured_image_src_large":["https:\/\/www.fleximat.es\/wp-content\/uploads\/2023\/10\/racor-hembra-liquid-tight-ip-67-700x524-1.png",600,600,false],"author_info":[],"comment_info":"","_links":{"self":[{"href":"https:\/\/www.fleximat.es\/ru\/wp-json\/wp\/v2\/product\/1711"}],"collection":[{"href":"https:\/\/www.fleximat.es\/ru\/wp-json\/wp\/v2\/product"}],"about":[{"href":"https:\/\/www.fleximat.es\/ru\/wp-json\/wp\/v2\/types\/product"}],"wp:featuredmedia":[{"embeddable":true,"href":"https:\/\/www.fleximat.es\/ru\/wp-json\/wp\/v2\/media\/2991"}],"wp:attachment":[{"href":"https:\/\/www.fleximat.es\/ru\/wp-json\/wp\/v2\/media?parent=1711"}],"wp:term":[{"taxonomy":"product_cat","embeddable":true,"href":"https:\/\/www.fleximat.es\/ru\/wp-json\/wp\/v2\/product_cat?post=1711"},{"taxonomy":"product_tag","embeddable":true,"href":"https:\/\/www.fleximat.es\/ru\/wp-json\/wp\/v2\/product_tag?post=1711"}],"curies":[{"name":"wp","href":"https:\/\/api.w.org\/{rel}","templated":true}]}}