{"id":1802,"date":"2023-10-18T17:54:56","date_gmt":"2023-10-18T15:54:56","guid":{"rendered":"https:\/\/www.fleximat.es\/?post_type=product&#038;p=1802"},"modified":"2023-12-04T17:44:07","modified_gmt":"2023-12-04T16:44:07","slug":"adaptador-cilindrico-atex","status":"publish","type":"product","link":"https:\/\/www.fleximat.es\/ru\/product\/adaptador-cilindrico-atex\/","title":{"rendered":"\u0426\u0438\u043b\u0438\u043d\u0434\u0440\u0438\u0447\u0435\u0441\u043a\u0438\u0439 \u0430\u0434\u0430\u043f\u0442\u0435\u0440 ATEX"},"content":{"rendered":"<h3>\u041e\u043f\u0438\u0441\u0430\u043d\u0438\u0435 \u043f\u0440\u043e\u0434\u0443\u043a\u0442\u0430<\/h3>\n<p><span style=\"font-weight: 400;\">\u0426\u0438\u043b\u0438\u043d\u0434\u0440\u0438\u0447\u0435\u0441\u043a\u0438\u0439 \u0430\u0434\u0430\u043f\u0442\u0435\u0440 ATEX \u2014 \u044d\u0442\u043e \u043a\u043e\u043c\u043f\u043e\u043d\u0435\u043d\u0442, \u043f\u0440\u0435\u0434\u043d\u0430\u0437\u043d\u0430\u0447\u0435\u043d\u043d\u044b\u0439 \u0434\u043b\u044f \u0437\u0430\u0449\u0438\u0442\u044b \u0438 \u0433\u0435\u0440\u043c\u0435\u0442\u0438\u0437\u0430\u0446\u0438\u0438 \u043e\u0431\u043e\u0440\u0443\u0434\u043e\u0432\u0430\u043d\u0438\u044f. \u0423\u0441\u0442\u0430\u043d\u0430\u0432\u043b\u0438\u0432\u0430\u044f \u0440\u0435\u0437\u044c\u0431\u043e\u0432\u043e\u0439 \u043a\u043e\u043b\u043f\u0430\u0447\u043e\u043a \u043d\u0430 \u044d\u043b\u0435\u043a\u0442\u0440\u043e\u043e\u0431\u043e\u0440\u0443\u0434\u043e\u0432\u0430\u043d\u0438\u0435, \u043c\u044b \u0434\u043e\u0431\u0438\u0432\u0430\u0435\u043c\u0441\u044f \u0431\u043e\u043b\u044c\u0448\u0435\u0439 \u0433\u0435\u0440\u043c\u0435\u0442\u0438\u0447\u043d\u043e\u0441\u0442\u0438 \u0438 \u0437\u0430\u0449\u0438\u0442\u044b.<\/span><\/p>\n<p><span style=\"font-weight: 400;\">\u0426\u0438\u043b\u0438\u043d\u0434\u0440\u0438\u0447\u0435\u0441\u043a\u0438\u0435 \u043f\u0435\u0440\u0435\u0445\u043e\u0434\u043d\u0438\u043a\u0438 ATEX \u0438\u0437\u0433\u043e\u0442\u0430\u0432\u043b\u0438\u0432\u0430\u044e\u0442\u0441\u044f \u0438\u0437 \u0440\u0430\u0437\u043b\u0438\u0447\u043d\u044b\u0445 \u043c\u0430\u0442\u0435\u0440\u0438\u0430\u043b\u043e\u0432 \u0432 \u0437\u0430\u0432\u0438\u0441\u0438\u043c\u043e\u0441\u0442\u0438 \u043e\u0442 \u0438\u0445 \u043f\u0440\u0438\u043c\u0435\u043d\u0435\u043d\u0438\u044f, \u0431\u0443\u0434\u044c \u0442\u043e \u0448\u0435\u0441\u0442\u0438\u0433\u0440\u0430\u043d\u043d\u044b\u0435 \u0437\u0430\u0433\u043b\u0443\u0448\u043a\u0438 \u0438\u0437 \u043f\u043e\u043b\u0438\u0430\u043c\u0438\u0434\u0430 \u0438\u043b\u0438 \u043c\u0435\u0442\u0430\u043b\u043b\u0438\u0447\u0435\u0441\u043a\u0438\u0435 \u0448\u0435\u0441\u0442\u0438\u0433\u0440\u0430\u043d\u043d\u044b\u0435 \u0437\u0430\u0433\u043b\u0443\u0448\u043a\u0438, \u0430 \u0442\u0430\u043a\u0436\u0435 \u0432 \u0438\u0441\u043f\u043e\u043b\u043d\u0435\u043d\u0438\u0438 ATEX.<\/span><\/p>\n<p><span style=\"font-weight: 400;\">\u0426\u0438\u043b\u0438\u043d\u0434\u0440\u0438\u0447\u0435\u0441\u043a\u0438\u0439 \u0430\u0434\u0430\u043f\u0442\u0435\u0440 ATEX \u2014 \u044d\u0442\u043e \u043f\u0440\u043e\u0441\u0442\u043e\u0435 \u0438 \u044d\u0444\u0444\u0435\u043a\u0442\u0438\u0432\u043d\u043e\u0435 \u0440\u0435\u0448\u0435\u043d\u0438\u0435. \u0428\u0435\u0441\u0442\u0438\u0433\u0440\u0430\u043d\u043d\u0430\u044f \u0437\u0430\u0433\u043b\u0443\u0448\u043a\u0430 \u043d\u0435\u043e\u0431\u0445\u043e\u0434\u0438\u043c\u0430 \u0434\u043b\u044f \u043f\u043e\u043b\u043d\u043e\u0439 \u0437\u0430\u0449\u0438\u0442\u044b \u044d\u043b\u0435\u043a\u0442\u0440\u043e\u043e\u0431\u043e\u0440\u0443\u0434\u043e\u0432\u0430\u043d\u0438\u044f, \u0438\u043c\u0435\u044e\u0449\u0435\u0433\u043e \u0440\u0435\u0437\u044c\u0431\u043e\u0432\u044b\u0435 \u043e\u0442\u0432\u0435\u0440\u0441\u0442\u0438\u044f \u0431\u0435\u0437 \u0430\u043a\u0442\u0438\u0432\u043d\u044b\u0445 \u043a\u043e\u043d\u0446\u0435\u0432\u044b\u0445 \u0437\u0430\u0434\u0435\u043b\u043e\u043a.\u00a0<\/span><\/p>\n<table class=\"table table-bordered table-striped\" width=\"675\">\n<thead>\n<tr>\n<td>\u0420\u0430\u0437\u043c\u0435\u0440<\/td>\n<td>\u041a\u043e\u0434<\/td>\n<td>\u0418\u0413 (\u0424)<\/td>\n<td>GI \u043c\u043c<\/td>\n<td>\u0425\u043c<\/td>\n<td>SW \u043c\u043c<\/td>\n<\/tr>\n<\/thead>\n<tbody>\n<tr>\n<td>\u041c12 \u0445 1,5<\/td>\n<td>APXX\/M12m-N14f<\/td>\n<td>\u041d\u0414\u0422 1\/4\u2033<\/td>\n<td>15<\/td>\n<td>33,5<\/td>\n<td>18<\/td>\n<\/tr>\n<tr>\n<td>\u041c12 \u0445 1,5<\/td>\n<td>APXX\/M12m-N38f<\/td>\n<td>\u041d\u0414\u0422 3\/8\u2033<\/td>\n<td>15<\/td>\n<td>33,5<\/td>\n<td>20<\/td>\n<\/tr>\n<tr>\n<td>\u041c16 \u0445 1,5<\/td>\n<td>APXX\/M16m-N38f<\/td>\n<td>\u041d\u0414\u0422 3\/8\u2033<\/td>\n<td>15<\/td>\n<td>33,5<\/td>\n<td>20<\/td>\n<\/tr>\n<tr>\n<td>\u041c16 \u0445 1,5<\/td>\n<td>APXX\/M16m-N12f<\/td>\n<td>\u041d\u0414\u0422 1\/2\u2033<\/td>\n<td>15<\/td>\n<td>34<\/td>\n<td>25<\/td>\n<\/tr>\n<tr>\n<td>\u041c20 \u0445 1,5<\/td>\n<td>APXX\/M20m-N12f<\/td>\n<td>\u041d\u0414\u0422 1\/2\u2033<\/td>\n<td>15<\/td>\n<td>34<\/td>\n<td>25<\/td>\n<\/tr>\n<tr>\n<td>\u041c20 \u0445 1,5<\/td>\n<td>APXX\/M20m-N34f<\/td>\n<td>\u041d\u0414\u0422 3\/4\u2033<\/td>\n<td>15<\/td>\n<td>34<\/td>\n<td>30<\/td>\n<\/tr>\n<tr>\n<td>\u041c25 \u0445 1,5<\/td>\n<td>APXX\/M25m-N34f<\/td>\n<td>\u041d\u0414\u0422 3\/4\u2033<\/td>\n<td>15<\/td>\n<td>34<\/td>\n<td>30<\/td>\n<\/tr>\n<tr>\n<td>\u041c25 \u0445 1,5<\/td>\n<td>APXX\/M25m-N100f<\/td>\n<td>\u041d\u0414\u0422 1\u2033<\/td>\n<td>15<\/td>\n<td>34<\/td>\n<td>36<\/td>\n<\/tr>\n<tr>\n<td>\u041c32 \u0445 1,5<\/td>\n<td>APXX\/M32m-N100f<\/td>\n<td>\u041d\u0414\u0422 1\u2033<\/td>\n<td>15<\/td>\n<td>34<\/td>\n<td>36<\/td>\n<\/tr>\n<tr>\n<td>\u041c32 \u0445 1,5<\/td>\n<td>APXX\/M32m-N114f<\/td>\n<td>NPT 1 1\/4\u2033<\/td>\n<td>15<\/td>\n<td>37<\/td>\n<td>45<\/td>\n<\/tr>\n<tr>\n<td>\u041c40 \u0445 1,5<\/td>\n<td>APXX\/M40m-N114f<\/td>\n<td>NPT 1 1\/4\u2033<\/td>\n<td>18<\/td>\n<td>40<\/td>\n<td>45<\/td>\n<\/tr>\n<tr>\n<td>\u041c40 \u0445 1,5<\/td>\n<td>APXX\/M40m-N112f<\/td>\n<td>NPT 1 1\/2\u2033<\/td>\n<td>18<\/td>\n<td>40<\/td>\n<td>55<\/td>\n<\/tr>\n<tr>\n<td>\u041c50 \u0445 1,5<\/td>\n<td>APXX\/M50m-N112f<\/td>\n<td>NPT 1 1\/2\u2033<\/td>\n<td>18<\/td>\n<td>40<\/td>\n<td>55<\/td>\n<\/tr>\n<tr>\n<td>\u041c50 \u0445 1,5<\/td>\n<td>APXX\/M50m-N200f<\/td>\n<td>\u041d\u0414\u0422 2\u2033<\/td>\n<td>18<\/td>\n<td>40,5<\/td>\n<td>65<\/td>\n<\/tr>\n<tr>\n<td>\u041c63 \u0445 1,5<\/td>\n<td>APXX\/M63m-N200f<\/td>\n<td>\u041d\u0414\u0422 2\u2033<\/td>\n<td>18<\/td>\n<td>40,5<\/td>\n<td>70<\/td>\n<\/tr>\n<tr>\n<td>\u041c63 \u0445 1,5<\/td>\n<td>APXX\/M63m-N212f<\/td>\n<td>NPT 2 1\/2\u2033<\/td>\n<td>18<\/td>\n<td>40,5<\/td>\n<td>80<\/td>\n<\/tr>\n<tr>\n<td>\u041c75 \u0445 1,5<\/td>\n<td>APXX\/M75m-N212f<\/td>\n<td>NPT 2 1\/2\u2033<\/td>\n<td>18<\/td>\n<td>40,5<\/td>\n<td>80<\/td>\n<\/tr>\n<tr>\n<td>\u041c75 \u0445 1,5<\/td>\n<td>APXX\/M75m-N300f<\/td>\n<td>\u041d\u0414\u0422 3\u2033<\/td>\n<td>18<\/td>\n<td>43,5<\/td>\n<td>95<\/td>\n<\/tr>\n<tr>\n<td>\u041c90 \u0445 1,5<\/td>\n<td>APXX\/M90m-N300f<\/td>\n<td>\u041d\u0414\u0422 3\u2033<\/td>\n<td>21<\/td>\n<td>47<\/td>\n<td>95<\/td>\n<\/tr>\n<tr>\n<td>\u041c90 \u0445 1,5<\/td>\n<td>APXX\/M90m-N400f<\/td>\n<td>\u041d\u0414\u0422 4\u2033<\/td>\n<td>21<\/td>\n<td>47<\/td>\n<td>120<\/td>\n<\/tr>\n<tr>\n<td>\u041c110 \u0445 1,5<\/td>\n<td>APXX\/M110m-N400f<\/td>\n<td>\u041d\u0414\u0422 4\u2033<\/td>\n<td>21<\/td>\n<td>47<\/td>\n<td>120<\/td>\n<\/tr>\n<\/tbody>\n<\/table>\n<p>&nbsp;<\/p>","protected":false},"excerpt":{"rendered":"<table>\n<tbody>\n<tr>\n<td>\n<h3>\u0425\u0430\u0440\u0430\u043a\u0442\u0435\u0440\u0438\u0441\u0442\u0438\u043a\u0438<\/h3>\n<\/td>\n<td><img decoding=\"async\" class=\"size-full wp-image-2038 alignright\" src=\"https:\/\/www.fleximat.es\/wp-content\/uploads\/2023\/10\/directiva-atex-para-entornos-de-trabajo.png\" alt=\"\" width=\"60\" \/><\/td>\n<\/tr>\n<tr>\n<td><strong>\u0443\u043f\u043b\u043e\u0442\u043d\u0438\u0442\u0435\u043b\u044c\u043d\u043e\u0435 \u043a\u043e\u043b\u044c\u0446\u043e<\/strong><\/td>\n<td>\u041d\u0411\u0420\/\u0441\u0438\u043b\u0438\u043a\u043e\u043d<\/td>\n<\/tr>\n<tr>\n<td><strong>\u0413\u0435\u0440\u043c\u0435\u0442\u0438\u0447\u043d\u043e\u0441\u0442\u044c<\/strong><\/td>\n<td>EN 60529 IP66\/68<\/td>\n<\/tr>\n<tr>\n<td><strong>\u041d\u0435\u043f\u0440\u0435\u0440\u044b\u0432\u043d\u0430\u044f \u0440\u0430\u0431\u043e\u0447\u0430\u044f \u0442\u0435\u043c\u043f\u0435\u0440\u0430\u0442\u0443\u0440\u0430<\/strong><\/td>\n<td>-30 \u00baC +120 \u00baC NBR -60 \u00baC +180 \u00baC \u0421\u0438\u043b\u0438\u043a\u043e\u043d<\/td>\n<\/tr>\n<\/tbody>\n<\/table>","protected":false},"featured_media":3101,"template":"","meta":{"_kad_blocks_custom_css":"","_kad_blocks_head_custom_js":"","_kad_blocks_body_custom_js":"","_kad_blocks_footer_custom_js":"","_kadence_starter_templates_imported_post":false,"_kad_post_transparent":"default","_kad_post_title":"","_kad_post_layout":"default","_kad_post_sidebar_id":"","_kad_post_content_style":"default","_kad_post_vertical_padding":"default","_kad_post_feature":"","_kad_post_feature_position":"","_kad_post_header":false,"_kad_post_footer":false},"product_cat":[84,86],"product_tag":[],"class_list":{"0":"post-1802","1":"product","2":"type-product","3":"status-publish","4":"has-post-thumbnail","6":"product_cat-prensaestopas-y-accesorios-atex","7":"product_cat-accesorios-atex","9":"first","10":"instock","11":"shipping-taxable","12":"product-type-simple","13":"entry","14":"content-bg","15":"loop-entry"},"yoast_head":"<!-- This site is optimized with the Yoast SEO plugin v21.7 - https:\/\/yoast.com\/wordpress\/plugins\/seo\/ -->\n<title>Adaptador Cil\u00edndrico ATEX - Fleximat<\/title>\n<meta name=\"robots\" content=\"index, follow, max-snippet:-1, max-image-preview:large, max-video-preview:-1\" \/>\n<link rel=\"canonical\" href=\"https:\/\/www.fleximat.es\/ru\/produktua\/adaptador-cilindrico-atex\/\" \/>\n<meta property=\"og:locale\" content=\"ru_RU\" \/>\n<meta property=\"og:type\" content=\"article\" \/>\n<meta property=\"og:title\" content=\"Adaptador Cil\u00edndrico ATEX - Fleximat\" \/>\n<meta property=\"og:description\" content=\"Caracter\u00edsticas     Junta t\u00f3rica NBR \/ Silicona   Estanqueidad EN 60529 IP66 \/ 68   Temperatura de trabajo continua -30 \u00baC +120 \u00baC NBR -60 \u00baC +180 \u00baC Silicona\" \/>\n<meta property=\"og:url\" content=\"https:\/\/www.fleximat.es\/ru\/produktua\/adaptador-cilindrico-atex\/\" \/>\n<meta property=\"og:site_name\" content=\"Fleximat\" \/>\n<meta property=\"article:modified_time\" content=\"2023-12-04T16:44:07+00:00\" \/>\n<meta property=\"og:image\" content=\"https:\/\/www.fleximat.es\/wp-content\/uploads\/2023\/12\/th_crop_1563975216adaptador-cilindrico-atex.png\" \/>\n\t<meta property=\"og:image:width\" content=\"600\" \/>\n\t<meta property=\"og:image:height\" content=\"600\" \/>\n\t<meta property=\"og:image:type\" content=\"image\/png\" \/>\n<meta name=\"twitter:card\" content=\"summary_large_image\" \/>\n<meta name=\"twitter:label1\" content=\"\u041f\u0440\u0438\u043c\u0435\u0440\u043d\u043e\u0435 \u0432\u0440\u0435\u043c\u044f \u0434\u043b\u044f \u0447\u0442\u0435\u043d\u0438\u044f\" \/>\n\t<meta name=\"twitter:data1\" content=\"1 \u043c\u0438\u043d\u0443\u0442\u0430\" \/>\n<script type=\"application\/ld+json\" class=\"yoast-schema-graph\">{\"@context\":\"https:\/\/schema.org\",\"@graph\":[{\"@type\":\"WebPage\",\"@id\":\"https:\/\/www.fleximat.es\/eu\/produktua\/adaptador-cilindrico-atex\/\",\"url\":\"https:\/\/www.fleximat.es\/eu\/produktua\/adaptador-cilindrico-atex\/\",\"name\":\"Adaptador Cil\u00edndrico ATEX - Fleximat\",\"isPartOf\":{\"@id\":\"https:\/\/www.fleximat.es\/bn\/#website\"},\"datePublished\":\"2023-10-18T15:54:56+00:00\",\"dateModified\":\"2023-12-04T16:44:07+00:00\",\"breadcrumb\":{\"@id\":\"https:\/\/www.fleximat.es\/eu\/produktua\/adaptador-cilindrico-atex\/#breadcrumb\"},\"inLanguage\":\"ru-RU\",\"potentialAction\":[{\"@type\":\"ReadAction\",\"target\":[\"https:\/\/www.fleximat.es\/eu\/produktua\/adaptador-cilindrico-atex\/\"]}]},{\"@type\":\"BreadcrumbList\",\"@id\":\"https:\/\/www.fleximat.es\/eu\/produktua\/adaptador-cilindrico-atex\/#breadcrumb\",\"itemListElement\":[{\"@type\":\"ListItem\",\"position\":1,\"name\":\"Portada\",\"item\":\"https:\/\/www.fleximat.es\/\"},{\"@type\":\"ListItem\",\"position\":2,\"name\":\"Productos\",\"item\":\"https:\/\/www.fleximat.es\/en\/productos\/\"},{\"@type\":\"ListItem\",\"position\":3,\"name\":\"Adaptador Cil\u00edndrico ATEX\"}]},{\"@type\":\"WebSite\",\"@id\":\"https:\/\/www.fleximat.es\/bn\/#website\",\"url\":\"https:\/\/www.fleximat.es\/bn\/\",\"name\":\"Fleximat\",\"description\":\"Tu soluci\u00f3n en prensaestopas y tubos flexibles\",\"publisher\":{\"@id\":\"https:\/\/www.fleximat.es\/bn\/#organization\"},\"potentialAction\":[{\"@type\":\"SearchAction\",\"target\":{\"@type\":\"EntryPoint\",\"urlTemplate\":\"https:\/\/www.fleximat.es\/bn\/?s={search_term_string}\"},\"query-input\":\"required name=search_term_string\"}],\"inLanguage\":\"ru-RU\"},{\"@type\":\"Organization\",\"@id\":\"https:\/\/www.fleximat.es\/bn\/#organization\",\"name\":\"Fleximat\",\"url\":\"https:\/\/www.fleximat.es\/bn\/\",\"logo\":{\"@type\":\"ImageObject\",\"inLanguage\":\"ru-RU\",\"@id\":\"https:\/\/www.fleximat.es\/bn\/#\/schema\/logo\/image\/\",\"url\":\"https:\/\/www.fleximat.es\/wp-content\/uploads\/2023\/11\/fleximat-logo-1.png\",\"contentUrl\":\"https:\/\/www.fleximat.es\/wp-content\/uploads\/2023\/11\/fleximat-logo-1.png\",\"width\":1169,\"height\":289,\"caption\":\"Fleximat\"},\"image\":{\"@id\":\"https:\/\/www.fleximat.es\/bn\/#\/schema\/logo\/image\/\"}}]}<\/script>\n<!-- \/ Yoast SEO plugin. -->","yoast_head_json":{"title":"Adaptador Cil\u00edndrico ATEX - Fleximat","robots":{"index":"index","follow":"follow","max-snippet":"max-snippet:-1","max-image-preview":"max-image-preview:large","max-video-preview":"max-video-preview:-1"},"canonical":"https:\/\/www.fleximat.es\/ru\/produktua\/adaptador-cilindrico-atex\/","og_locale":"ru_RU","og_type":"article","og_title":"Adaptador Cil\u00edndrico ATEX - Fleximat","og_description":"Caracter\u00edsticas     Junta t\u00f3rica NBR \/ Silicona   Estanqueidad EN 60529 IP66 \/ 68   Temperatura de trabajo continua -30 \u00baC +120 \u00baC NBR -60 \u00baC +180 \u00baC Silicona","og_url":"https:\/\/www.fleximat.es\/ru\/produktua\/adaptador-cilindrico-atex\/","og_site_name":"Fleximat","article_modified_time":"2023-12-04T16:44:07+00:00","og_image":[{"width":600,"height":600,"url":"https:\/\/www.fleximat.es\/wp-content\/uploads\/2023\/12\/th_crop_1563975216adaptador-cilindrico-atex.png","type":"image\/png"}],"twitter_card":"summary_large_image","twitter_misc":{"\u041f\u0440\u0438\u043c\u0435\u0440\u043d\u043e\u0435 \u0432\u0440\u0435\u043c\u044f \u0434\u043b\u044f \u0447\u0442\u0435\u043d\u0438\u044f":"1 \u043c\u0438\u043d\u0443\u0442\u0430"},"schema":{"@context":"https:\/\/schema.org","@graph":[{"@type":"WebPage","@id":"https:\/\/www.fleximat.es\/eu\/produktua\/adaptador-cilindrico-atex\/","url":"https:\/\/www.fleximat.es\/eu\/produktua\/adaptador-cilindrico-atex\/","name":"Adaptador Cil\u00edndrico ATEX - Fleximat","isPartOf":{"@id":"https:\/\/www.fleximat.es\/bn\/#website"},"datePublished":"2023-10-18T15:54:56+00:00","dateModified":"2023-12-04T16:44:07+00:00","breadcrumb":{"@id":"https:\/\/www.fleximat.es\/eu\/produktua\/adaptador-cilindrico-atex\/#breadcrumb"},"inLanguage":"ru-RU","potentialAction":[{"@type":"ReadAction","target":["https:\/\/www.fleximat.es\/eu\/produktua\/adaptador-cilindrico-atex\/"]}]},{"@type":"BreadcrumbList","@id":"https:\/\/www.fleximat.es\/eu\/produktua\/adaptador-cilindrico-atex\/#breadcrumb","itemListElement":[{"@type":"ListItem","position":1,"name":"Portada","item":"https:\/\/www.fleximat.es\/"},{"@type":"ListItem","position":2,"name":"Productos","item":"https:\/\/www.fleximat.es\/en\/productos\/"},{"@type":"ListItem","position":3,"name":"Adaptador Cil\u00edndrico ATEX"}]},{"@type":"WebSite","@id":"https:\/\/www.fleximat.es\/bn\/#website","url":"https:\/\/www.fleximat.es\/bn\/","name":"Fleximat","description":"Tu soluci\u00f3n en prensaestopas y tubos flexibles","publisher":{"@id":"https:\/\/www.fleximat.es\/bn\/#organization"},"potentialAction":[{"@type":"SearchAction","target":{"@type":"EntryPoint","urlTemplate":"https:\/\/www.fleximat.es\/bn\/?s={search_term_string}"},"query-input":"required name=search_term_string"}],"inLanguage":"ru-RU"},{"@type":"Organization","@id":"https:\/\/www.fleximat.es\/bn\/#organization","name":"Fleximat","url":"https:\/\/www.fleximat.es\/bn\/","logo":{"@type":"ImageObject","inLanguage":"ru-RU","@id":"https:\/\/www.fleximat.es\/bn\/#\/schema\/logo\/image\/","url":"https:\/\/www.fleximat.es\/wp-content\/uploads\/2023\/11\/fleximat-logo-1.png","contentUrl":"https:\/\/www.fleximat.es\/wp-content\/uploads\/2023\/11\/fleximat-logo-1.png","width":1169,"height":289,"caption":"Fleximat"},"image":{"@id":"https:\/\/www.fleximat.es\/bn\/#\/schema\/logo\/image\/"}}]}},"taxonomy_info":{"product_cat":[{"value":84,"label":"Prensaestopas y accesorios ATEX"},{"value":86,"label":"Accesorios ATEX"}]},"featured_image_src_large":["https:\/\/www.fleximat.es\/wp-content\/uploads\/2023\/12\/th_crop_1563975216adaptador-cilindrico-atex.png",600,600,false],"author_info":[],"comment_info":"","_links":{"self":[{"href":"https:\/\/www.fleximat.es\/ru\/wp-json\/wp\/v2\/product\/1802"}],"collection":[{"href":"https:\/\/www.fleximat.es\/ru\/wp-json\/wp\/v2\/product"}],"about":[{"href":"https:\/\/www.fleximat.es\/ru\/wp-json\/wp\/v2\/types\/product"}],"wp:featuredmedia":[{"embeddable":true,"href":"https:\/\/www.fleximat.es\/ru\/wp-json\/wp\/v2\/media\/3101"}],"wp:attachment":[{"href":"https:\/\/www.fleximat.es\/ru\/wp-json\/wp\/v2\/media?parent=1802"}],"wp:term":[{"taxonomy":"product_cat","embeddable":true,"href":"https:\/\/www.fleximat.es\/ru\/wp-json\/wp\/v2\/product_cat?post=1802"},{"taxonomy":"product_tag","embeddable":true,"href":"https:\/\/www.fleximat.es\/ru\/wp-json\/wp\/v2\/product_tag?post=1802"}],"curies":[{"name":"wp","href":"https:\/\/api.w.org\/{rel}","templated":true}]}}